{"id":2538,"date":"2022-11-06T13:17:45","date_gmt":"2022-11-06T13:17:45","guid":{"rendered":"https:\/\/unrostore.com\/?post_type=product&#038;p=2538"},"modified":"2026-01-19T20:37:54","modified_gmt":"2026-01-19T20:37:54","slug":"breezy-latte-serveerschaal-groot","status":"publish","type":"product","link":"https:\/\/unrostore.com\/nl-nl\/shop\/ca-atlantica\/breezy-latte\/breezy-latte-serveerschaal-groot\/","title":{"rendered":"Breezy Latte Serveerschaal Groot"},"content":{"rendered":"<h3>Modern en tijdloos: Breezy Latte<\/h3>\n<p><span style=\"font-weight: 400;\">De Breezy Latte Serveerschaal Groot van Portugees merk <a href=\"https:\/\/www.companhiaatlantica.pt\/en\/about-us\/\">C\u00aa Atlantica<\/a> is niet alleen mooi om naar te kijken maar ook functioneel. Met zijn grote oppervlak biedt deze serveerschaal ruimte om elk gerecht goed tot zijn recht te laten komen. Stijlvol lunchen of dineren doe je met de Breezy Latte collectie waarmee je dede restaurantbeleving naar jouw eettafel haalt! Ontdek nu ook de <a href=\"https:\/\/unrostore.com\/shop\/ca-atlantica\/breezy-latte\/breezy-latte-dinner-plates-4-delig\/\">Breezy Latte Dinerborden<\/a> en <a href=\"https:\/\/unrostore.com\/shop\/ca-atlantica\/breezy-latte\/breezy-latte-salad-plates\/\">Breezy Latte Ontbijtborden<\/a> uit dezelfde collectie en cre\u00eber \u00e9\u00e9n geheel aan tafel.<\/span><\/p>\n<p>&nbsp;<\/p>\n<h3>Dit is het aantal borden die je geleverd krijgt<\/h3>\n<ul>\n<li>1x Breezy Latte Serveerschaal Groot<\/li>\n<\/ul>\n<p>&nbsp;<\/p>\n<p><strong>Duurzaam voor mens &amp; milieu:<\/strong><br \/>\nElk product is uniek doordat deze met de hand vervaardigd zijn.<br \/>\nPrint en structuur kunnen daarom iets verschillen van de productfoto.<\/p>\n","protected":false},"excerpt":{"rendered":"<div class=\"usps\"><i class=\"far fa-check-circle\"><\/i> Magnetron bestendig<br \/>\n<i class=\"far fa-check-circle\"><\/i> Oven bestendig (tot 200 graden)<br \/>\n<i class=\"far fa-check-circle\"><\/i> Vaatwasmachine bestendig<br \/>\n<i class=\"far fa-thumbs-up\"><\/i> Met de handgemaakt<\/div>\n","protected":false},"featured_media":2545,"template":"","meta":[],"product_brand":[],"product_cat":[197,120,138],"product_tag":[234,228,216,233,264,601,229,260,252,148,299],"class_list":{"0":"post-2538","1":"product","2":"type-product","3":"status-publish","4":"has-post-thumbnail","6":"product_cat-breezy-latte","7":"product_cat-ca-atlantica","8":"product_cat-serveerschalen","9":"product_tag-beige","10":"product_tag-breezy","11":"product_tag-ca-atlantica","12":"product_tag-creme","13":"product_tag-groot","14":"product_tag-hapjesschaal","15":"product_tag-latte","16":"product_tag-ovaal","17":"product_tag-schaal","18":"product_tag-serveerschaal","19":"product_tag-zand","20":"product_shipping_class-pakket","22":"first","23":"instock","24":"sale","25":"taxable","26":"shipping-taxable","27":"purchasable","28":"product-type-simple"},"yoast_head":"<!-- This site is optimized with the Yoast SEO plugin v27.4 - https:\/\/yoast.com\/product\/yoast-seo-wordpress\/ -->\n<title>Breezy Latte Serveerschaal Groot &#8226; UNRO<\/title>\n<meta name=\"description\" content=\"Stijlvol lunchen, dineren of borrelen doe je met de Breezy Latte Serveerschaal Groot. Haal de restaurantbeleving naar huis!\" \/>\n<meta name=\"robots\" content=\"index, follow, max-snippet:-1, max-image-preview:large, max-video-preview:-1\" \/>\n<link rel=\"canonical\" href=\"https:\/\/unrostore.com\/nl-nl\/shop\/ca-atlantica\/breezy-latte\/breezy-latte-serveerschaal-groot\/\" \/>\n<meta property=\"og:locale\" content=\"nl_NL\" \/>\n<meta property=\"og:type\" content=\"article\" \/>\n<meta property=\"og:title\" content=\"Breezy Latte Serveerschaal Groot &#8226; UNRO\" \/>\n<meta property=\"og:description\" content=\"Stijlvol lunchen, dineren of borrelen doe je met de Breezy Latte Serveerschaal Groot. Haal de restaurantbeleving naar huis!\" \/>\n<meta property=\"og:url\" content=\"https:\/\/unrostore.com\/nl-nl\/shop\/ca-atlantica\/breezy-latte\/breezy-latte-serveerschaal-groot\/\" \/>\n<meta property=\"og:site_name\" content=\"UNRO\" \/>\n<meta property=\"article:modified_time\" content=\"2026-01-19T20:37:54+00:00\" \/>\n<meta property=\"og:image\" content=\"https:\/\/unrostore.com\/wp-content\/uploads\/2022\/11\/unro-portugees-servies-ca-atlantica-breezy-serveerschaal-groot.jpg\" \/>\n\t<meta property=\"og:image:width\" content=\"1000\" \/>\n\t<meta property=\"og:image:height\" content=\"1000\" \/>\n\t<meta property=\"og:image:type\" content=\"image\/jpeg\" \/>\n<meta name=\"twitter:card\" content=\"summary_large_image\" \/>\n<script type=\"application\/ld+json\" class=\"yoast-schema-graph\">{\"@context\":\"https:\\\/\\\/schema.org\",\"@graph\":[{\"@type\":\"WebPage\",\"@id\":\"https:\\\/\\\/unrostore.com\\\/shop\\\/ca-atlantica\\\/breezy-latte\\\/breezy-latte-serveerschaal-groot\\\/\",\"url\":\"https:\\\/\\\/unrostore.com\\\/shop\\\/ca-atlantica\\\/breezy-latte\\\/breezy-latte-serveerschaal-groot\\\/\",\"name\":\"Breezy Latte Serveerschaal Groot &#8226; UNRO\",\"isPartOf\":{\"@id\":\"https:\\\/\\\/unrostore.com\\\/#website\"},\"primaryImageOfPage\":{\"@id\":\"https:\\\/\\\/unrostore.com\\\/shop\\\/ca-atlantica\\\/breezy-latte\\\/breezy-latte-serveerschaal-groot\\\/#primaryimage\"},\"image\":{\"@id\":\"https:\\\/\\\/unrostore.com\\\/shop\\\/ca-atlantica\\\/breezy-latte\\\/breezy-latte-serveerschaal-groot\\\/#primaryimage\"},\"thumbnailUrl\":\"https:\\\/\\\/unrostore.com\\\/wp-content\\\/uploads\\\/2022\\\/11\\\/unro-portugees-servies-ca-atlantica-breezy-serveerschaal-groot.jpg\",\"datePublished\":\"2022-11-06T13:17:45+00:00\",\"dateModified\":\"2026-01-19T20:37:54+00:00\",\"description\":\"Stijlvol lunchen, dineren of borrelen doe je met de Breezy Latte Serveerschaal Groot. Haal de restaurantbeleving naar huis!\",\"breadcrumb\":{\"@id\":\"https:\\\/\\\/unrostore.com\\\/shop\\\/ca-atlantica\\\/breezy-latte\\\/breezy-latte-serveerschaal-groot\\\/#breadcrumb\"},\"inLanguage\":\"nl-NL\",\"potentialAction\":[{\"@type\":\"ReadAction\",\"target\":[\"https:\\\/\\\/unrostore.com\\\/shop\\\/ca-atlantica\\\/breezy-latte\\\/breezy-latte-serveerschaal-groot\\\/\"]}]},{\"@type\":\"ImageObject\",\"inLanguage\":\"nl-NL\",\"@id\":\"https:\\\/\\\/unrostore.com\\\/shop\\\/ca-atlantica\\\/breezy-latte\\\/breezy-latte-serveerschaal-groot\\\/#primaryimage\",\"url\":\"https:\\\/\\\/unrostore.com\\\/wp-content\\\/uploads\\\/2022\\\/11\\\/unro-portugees-servies-ca-atlantica-breezy-serveerschaal-groot.jpg\",\"contentUrl\":\"https:\\\/\\\/unrostore.com\\\/wp-content\\\/uploads\\\/2022\\\/11\\\/unro-portugees-servies-ca-atlantica-breezy-serveerschaal-groot.jpg\",\"width\":1000,\"height\":1000,\"caption\":\"UNRO Portugees servies Ca Atlantica Breezy Latte Serveerschaal Groot\"},{\"@type\":\"BreadcrumbList\",\"@id\":\"https:\\\/\\\/unrostore.com\\\/shop\\\/ca-atlantica\\\/breezy-latte\\\/breezy-latte-serveerschaal-groot\\\/#breadcrumb\",\"itemListElement\":[{\"@type\":\"ListItem\",\"position\":1,\"name\":\"Home\",\"item\":\"https:\\\/\\\/unrostore.com\\\/\"},{\"@type\":\"ListItem\",\"position\":2,\"name\":\"Shop\",\"item\":\"https:\\\/\\\/unrostore.com\\\/shop\\\/\"},{\"@type\":\"ListItem\",\"position\":3,\"name\":\"Breezy Latte Serveerschaal Groot\"}]},{\"@type\":\"WebSite\",\"@id\":\"https:\\\/\\\/unrostore.com\\\/#website\",\"url\":\"https:\\\/\\\/unrostore.com\\\/\",\"name\":\"UNRO\",\"description\":\"Portugees servies waar je blij van wordt!\",\"publisher\":{\"@id\":\"https:\\\/\\\/unrostore.com\\\/#organization\"},\"potentialAction\":[{\"@type\":\"SearchAction\",\"target\":{\"@type\":\"EntryPoint\",\"urlTemplate\":\"https:\\\/\\\/unrostore.com\\\/?s={search_term_string}\"},\"query-input\":{\"@type\":\"PropertyValueSpecification\",\"valueRequired\":true,\"valueName\":\"search_term_string\"}}],\"inLanguage\":\"nl-NL\"},{\"@type\":\"Organization\",\"@id\":\"https:\\\/\\\/unrostore.com\\\/#organization\",\"name\":\"UNRO\",\"url\":\"https:\\\/\\\/unrostore.com\\\/\",\"logo\":{\"@type\":\"ImageObject\",\"inLanguage\":\"nl-NL\",\"@id\":\"https:\\\/\\\/unrostore.com\\\/#\\\/schema\\\/logo\\\/image\\\/\",\"url\":\"https:\\\/\\\/unrostore.com\\\/wp-content\\\/uploads\\\/2022\\\/05\\\/Logo-UNRO.png\",\"contentUrl\":\"https:\\\/\\\/unrostore.com\\\/wp-content\\\/uploads\\\/2022\\\/05\\\/Logo-UNRO.png\",\"width\":605,\"height\":179,\"caption\":\"UNRO\"},\"image\":{\"@id\":\"https:\\\/\\\/unrostore.com\\\/#\\\/schema\\\/logo\\\/image\\\/\"}}]}<\/script>\n<!-- \/ Yoast SEO plugin. -->","yoast_head_json":{"title":"Breezy Latte Serveerschaal Groot &#8226; UNRO","description":"Stijlvol lunchen, dineren of borrelen doe je met de Breezy Latte Serveerschaal Groot. Haal de restaurantbeleving naar huis!","robots":{"index":"index","follow":"follow","max-snippet":"max-snippet:-1","max-image-preview":"max-image-preview:large","max-video-preview":"max-video-preview:-1"},"canonical":"https:\/\/unrostore.com\/nl-nl\/shop\/ca-atlantica\/breezy-latte\/breezy-latte-serveerschaal-groot\/","og_locale":"nl_NL","og_type":"article","og_title":"Breezy Latte Serveerschaal Groot &#8226; UNRO","og_description":"Stijlvol lunchen, dineren of borrelen doe je met de Breezy Latte Serveerschaal Groot. Haal de restaurantbeleving naar huis!","og_url":"https:\/\/unrostore.com\/nl-nl\/shop\/ca-atlantica\/breezy-latte\/breezy-latte-serveerschaal-groot\/","og_site_name":"UNRO","article_modified_time":"2026-01-19T20:37:54+00:00","og_image":[{"width":1000,"height":1000,"url":"https:\/\/unrostore.com\/wp-content\/uploads\/2022\/11\/unro-portugees-servies-ca-atlantica-breezy-serveerschaal-groot.jpg","type":"image\/jpeg"}],"twitter_card":"summary_large_image","schema":{"@context":"https:\/\/schema.org","@graph":[{"@type":"WebPage","@id":"https:\/\/unrostore.com\/shop\/ca-atlantica\/breezy-latte\/breezy-latte-serveerschaal-groot\/","url":"https:\/\/unrostore.com\/shop\/ca-atlantica\/breezy-latte\/breezy-latte-serveerschaal-groot\/","name":"Breezy Latte Serveerschaal Groot &#8226; UNRO","isPartOf":{"@id":"https:\/\/unrostore.com\/#website"},"primaryImageOfPage":{"@id":"https:\/\/unrostore.com\/shop\/ca-atlantica\/breezy-latte\/breezy-latte-serveerschaal-groot\/#primaryimage"},"image":{"@id":"https:\/\/unrostore.com\/shop\/ca-atlantica\/breezy-latte\/breezy-latte-serveerschaal-groot\/#primaryimage"},"thumbnailUrl":"https:\/\/unrostore.com\/wp-content\/uploads\/2022\/11\/unro-portugees-servies-ca-atlantica-breezy-serveerschaal-groot.jpg","datePublished":"2022-11-06T13:17:45+00:00","dateModified":"2026-01-19T20:37:54+00:00","description":"Stijlvol lunchen, dineren of borrelen doe je met de Breezy Latte Serveerschaal Groot. Haal de restaurantbeleving naar huis!","breadcrumb":{"@id":"https:\/\/unrostore.com\/shop\/ca-atlantica\/breezy-latte\/breezy-latte-serveerschaal-groot\/#breadcrumb"},"inLanguage":"nl-NL","potentialAction":[{"@type":"ReadAction","target":["https:\/\/unrostore.com\/shop\/ca-atlantica\/breezy-latte\/breezy-latte-serveerschaal-groot\/"]}]},{"@type":"ImageObject","inLanguage":"nl-NL","@id":"https:\/\/unrostore.com\/shop\/ca-atlantica\/breezy-latte\/breezy-latte-serveerschaal-groot\/#primaryimage","url":"https:\/\/unrostore.com\/wp-content\/uploads\/2022\/11\/unro-portugees-servies-ca-atlantica-breezy-serveerschaal-groot.jpg","contentUrl":"https:\/\/unrostore.com\/wp-content\/uploads\/2022\/11\/unro-portugees-servies-ca-atlantica-breezy-serveerschaal-groot.jpg","width":1000,"height":1000,"caption":"UNRO Portugees servies Ca Atlantica Breezy Latte Serveerschaal Groot"},{"@type":"BreadcrumbList","@id":"https:\/\/unrostore.com\/shop\/ca-atlantica\/breezy-latte\/breezy-latte-serveerschaal-groot\/#breadcrumb","itemListElement":[{"@type":"ListItem","position":1,"name":"Home","item":"https:\/\/unrostore.com\/"},{"@type":"ListItem","position":2,"name":"Shop","item":"https:\/\/unrostore.com\/shop\/"},{"@type":"ListItem","position":3,"name":"Breezy Latte Serveerschaal Groot"}]},{"@type":"WebSite","@id":"https:\/\/unrostore.com\/#website","url":"https:\/\/unrostore.com\/","name":"UNRO","description":"Portugees servies waar je blij van wordt!","publisher":{"@id":"https:\/\/unrostore.com\/#organization"},"potentialAction":[{"@type":"SearchAction","target":{"@type":"EntryPoint","urlTemplate":"https:\/\/unrostore.com\/?s={search_term_string}"},"query-input":{"@type":"PropertyValueSpecification","valueRequired":true,"valueName":"search_term_string"}}],"inLanguage":"nl-NL"},{"@type":"Organization","@id":"https:\/\/unrostore.com\/#organization","name":"UNRO","url":"https:\/\/unrostore.com\/","logo":{"@type":"ImageObject","inLanguage":"nl-NL","@id":"https:\/\/unrostore.com\/#\/schema\/logo\/image\/","url":"https:\/\/unrostore.com\/wp-content\/uploads\/2022\/05\/Logo-UNRO.png","contentUrl":"https:\/\/unrostore.com\/wp-content\/uploads\/2022\/05\/Logo-UNRO.png","width":605,"height":179,"caption":"UNRO"},"image":{"@id":"https:\/\/unrostore.com\/#\/schema\/logo\/image\/"}}]}},"_links":{"self":[{"href":"https:\/\/unrostore.com\/nl-nl\/wp-json\/wp\/v2\/product\/2538","targetHints":{"allow":["GET"]}}],"collection":[{"href":"https:\/\/unrostore.com\/nl-nl\/wp-json\/wp\/v2\/product"}],"about":[{"href":"https:\/\/unrostore.com\/nl-nl\/wp-json\/wp\/v2\/types\/product"}],"wp:featuredmedia":[{"embeddable":true,"href":"https:\/\/unrostore.com\/nl-nl\/wp-json\/wp\/v2\/media\/2545"}],"wp:attachment":[{"href":"https:\/\/unrostore.com\/nl-nl\/wp-json\/wp\/v2\/media?parent=2538"}],"wp:term":[{"taxonomy":"product_brand","embeddable":true,"href":"https:\/\/unrostore.com\/nl-nl\/wp-json\/wp\/v2\/product_brand?post=2538"},{"taxonomy":"product_cat","embeddable":true,"href":"https:\/\/unrostore.com\/nl-nl\/wp-json\/wp\/v2\/product_cat?post=2538"},{"taxonomy":"product_tag","embeddable":true,"href":"https:\/\/unrostore.com\/nl-nl\/wp-json\/wp\/v2\/product_tag?post=2538"}],"curies":[{"name":"wp","href":"https:\/\/api.w.org\/{rel}","templated":true}]}}