{"id":8820,"date":"2025-01-22T21:07:55","date_gmt":"2025-01-22T21:07:55","guid":{"rendered":"https:\/\/unrostore.com\/?post_type=product&#038;p=8820"},"modified":"2026-01-19T20:36:04","modified_gmt":"2026-01-19T20:36:04","slug":"tasse-a-cappuccino-noire-350-ml-pierre-noire","status":"publish","type":"product","link":"https:\/\/unrostore.com\/fr-fr\/boutique\/terrafina\/vaisselle-noire-pierre-noire-2\/tasse-a-cappuccino-noire-350-ml-pierre-noire\/","title":{"rendered":"Tasse \u00e0 cappuccino noire 350 ml - Pierre noire"},"content":{"rendered":"<h3>La parfaite tasse \u00e0 cappuccino ronde et noire du Portugal<\/h3>\n<p>Le<strong> Mug Cappuccino noir<\/strong> Black Stone de <a href=\"https:\/\/www.terrafinastore.com\/en\/collections\/amazonia\">Terrafina<\/a> est luxueuse et chic dans votre int\u00e9rieur aux tons neutres. Les courbes bulbeuses du mug et l'oreille sur le c\u00f4t\u00e9 offrent un confort de d\u00e9gustation suppl\u00e9mentaire. Ce mug noir est agr\u00e9able \u00e0 regarder et deviendra votre nouveau mug pr\u00e9f\u00e9r\u00e9. De plus, cette tasse \u00e0 th\u00e9 noire est une bonne id\u00e9e de cadeau pour les hommes et les femmes. La tasse noire est livr\u00e9e dans un joli coffret cadeau. Combinez la tasse \u00e0 cappuccino noire avec la tasse \u00e0 cappuccino noire. <a href=\"https:\/\/unrostore.com\/fr-fr\/boutique\/terrafina\/vaisselle-noire-pierre-noire-2\/assiettes-a-dejeuner-noires-pierre-noire-4-pieces\/\"><span style=\"text-decoration: underline;\">assiettes \u00e0 d\u00e9jeuner<\/span><\/a> ou <a href=\"https:\/\/unrostore.com\/fr-fr\/boutique\/decoration\/vases\/cruche-noire-pierre-noire\/\"><span style=\"text-decoration: underline;\">cruche \u00e0 eau<\/span><\/a> De la m\u00eame collection Black Stone.<\/p>\n<p>&nbsp;<\/p>\n<h3>Voici le nombre de mugs que vous recevrez<\/h3>\n<ul>\n<li>1x tasse \u00e0 cappuccino Black Stone (capacit\u00e9 de 350 ml)<\/li>\n<li>1x Terrafina bo\u00eete cadeau<\/li>\n<\/ul>\n<p>&nbsp;<\/p>\n<p><em><strong>Durable pour les personnes et l'environnement :<\/strong><br \/>\nChaque produit est unique car il est fabriqu\u00e9 \u00e0 la main.<br \/>\nL'impression et la texture peuvent donc diff\u00e9rer l\u00e9g\u00e8rement de la photo du produit.<\/em><\/p>","protected":false},"excerpt":{"rendered":"<div class=\"usps\"><i class=\"far fa-check-circle\"><\/i> R\u00e9sistant aux micro-ondes<br \/>\n<i class=\"far fa-check-circle\"><\/i> R\u00e9siste au four (jusqu'\u00e0 200 degr\u00e9s)<br \/>\n<i class=\"far fa-check-circle\"><\/i> Lavable au lave-vaisselle<br \/>\n<i class=\"far fa-thumbs-up\"><\/i> Fait \u00e0 la main<\/div>","protected":false},"featured_media":8821,"template":"","meta":[],"product_brand":[],"product_cat":[869,316,132,870,119,384],"product_tag":[380,943,993,635,123,1057,933,383,1055,1056,1054],"class_list":{"0":"post-8820","1":"product","2":"type-product","3":"status-publish","4":"has-post-thumbnail","6":"product_cat-unro-cadeautips","7":"product_cat-cappuccino-mokken","8":"product_cat-kopjes-en-mokken","9":"product_cat-unro-nieuw-portugees-servies","10":"product_cat-terrafina","11":"product_cat-zwart-servies-black-stone","12":"product_tag-black-stone","13":"product_tag-cappuccino-mok","14":"product_tag-koffiekopje","15":"product_tag-koffiemok","16":"product_tag-terrafina","17":"product_tag-theekopje","18":"product_tag-theemok","19":"product_tag-zwart","20":"product_tag-zwart-kopje","21":"product_tag-zwarte-kop","22":"product_tag-zwarte-mok","24":"first","25":"instock","26":"sale","27":"taxable","28":"shipping-taxable","29":"purchasable","30":"product-type-simple"},"yoast_head":"<!-- This site is optimized with the Yoast SEO plugin v27.4 - https:\/\/yoast.com\/product\/yoast-seo-wordpress\/ -->\n<title>Zwarte Cappuccino Mok 350 ml - Black Stone &#8226; UNRO<\/title>\n<meta name=\"description\" content=\"Deze zwarte cappuccino mok uit Portugal met organische ronde vormen wordt jouw nieuwe favoriete mok, geniet extra van jouw dagelijkse kopje koffie of thee!\" \/>\n<meta name=\"robots\" content=\"index, follow, max-snippet:-1, max-image-preview:large, max-video-preview:-1\" \/>\n<link rel=\"canonical\" href=\"https:\/\/unrostore.com\/fr-fr\/boutique\/terrafina\/vaisselle-noire-pierre-noire-2\/tasse-a-cappuccino-noire-350-ml-pierre-noire\/\" \/>\n<meta property=\"og:locale\" content=\"fr_FR\" \/>\n<meta property=\"og:type\" content=\"article\" \/>\n<meta property=\"og:title\" content=\"Zwarte Cappuccino Mok 350 ml - Black Stone &#8226; UNRO\" \/>\n<meta property=\"og:description\" content=\"Deze zwarte cappuccino mok uit Portugal met organische ronde vormen wordt jouw nieuwe favoriete mok, geniet extra van jouw dagelijkse kopje koffie of thee!\" \/>\n<meta property=\"og:url\" content=\"https:\/\/unrostore.com\/fr-fr\/boutique\/terrafina\/vaisselle-noire-pierre-noire-2\/tasse-a-cappuccino-noire-350-ml-pierre-noire\/\" \/>\n<meta property=\"og:site_name\" content=\"UNRO\" \/>\n<meta property=\"article:modified_time\" content=\"2026-01-19T20:36:04+00:00\" \/>\n<meta property=\"og:image\" content=\"https:\/\/unrostore.com\/wp-content\/uploads\/2025\/01\/unro-zwarte-mok-black-stone-portugees-servies.webp\" \/>\n\t<meta property=\"og:image:width\" content=\"1000\" \/>\n\t<meta property=\"og:image:height\" content=\"1000\" \/>\n\t<meta property=\"og:image:type\" content=\"image\/webp\" \/>\n<meta name=\"twitter:card\" content=\"summary_large_image\" \/>\n<script type=\"application\/ld+json\" class=\"yoast-schema-graph\">{\"@context\":\"https:\\\/\\\/schema.org\",\"@graph\":[{\"@type\":\"WebPage\",\"@id\":\"https:\\\/\\\/unrostore.com\\\/shop\\\/terrafina\\\/zwart-servies-black-stone\\\/zwarte-cappuccino-mok-350-ml-black-stone\\\/\",\"url\":\"https:\\\/\\\/unrostore.com\\\/shop\\\/terrafina\\\/zwart-servies-black-stone\\\/zwarte-cappuccino-mok-350-ml-black-stone\\\/\",\"name\":\"Zwarte Cappuccino Mok 350 ml - Black Stone &#8226; UNRO\",\"isPartOf\":{\"@id\":\"https:\\\/\\\/unrostore.com\\\/#website\"},\"primaryImageOfPage\":{\"@id\":\"https:\\\/\\\/unrostore.com\\\/shop\\\/terrafina\\\/zwart-servies-black-stone\\\/zwarte-cappuccino-mok-350-ml-black-stone\\\/#primaryimage\"},\"image\":{\"@id\":\"https:\\\/\\\/unrostore.com\\\/shop\\\/terrafina\\\/zwart-servies-black-stone\\\/zwarte-cappuccino-mok-350-ml-black-stone\\\/#primaryimage\"},\"thumbnailUrl\":\"https:\\\/\\\/unrostore.com\\\/wp-content\\\/uploads\\\/2025\\\/01\\\/unro-zwarte-mok-black-stone-portugees-servies.webp\",\"datePublished\":\"2025-01-22T21:07:55+00:00\",\"dateModified\":\"2026-01-19T20:36:04+00:00\",\"description\":\"Deze zwarte cappuccino mok uit Portugal met organische ronde vormen wordt jouw nieuwe favoriete mok, geniet extra van jouw dagelijkse kopje koffie of thee!\",\"breadcrumb\":{\"@id\":\"https:\\\/\\\/unrostore.com\\\/shop\\\/terrafina\\\/zwart-servies-black-stone\\\/zwarte-cappuccino-mok-350-ml-black-stone\\\/#breadcrumb\"},\"inLanguage\":\"fr-FR\",\"potentialAction\":[{\"@type\":\"ReadAction\",\"target\":[\"https:\\\/\\\/unrostore.com\\\/shop\\\/terrafina\\\/zwart-servies-black-stone\\\/zwarte-cappuccino-mok-350-ml-black-stone\\\/\"]}]},{\"@type\":\"ImageObject\",\"inLanguage\":\"fr-FR\",\"@id\":\"https:\\\/\\\/unrostore.com\\\/shop\\\/terrafina\\\/zwart-servies-black-stone\\\/zwarte-cappuccino-mok-350-ml-black-stone\\\/#primaryimage\",\"url\":\"https:\\\/\\\/unrostore.com\\\/wp-content\\\/uploads\\\/2025\\\/01\\\/unro-zwarte-mok-black-stone-portugees-servies.webp\",\"contentUrl\":\"https:\\\/\\\/unrostore.com\\\/wp-content\\\/uploads\\\/2025\\\/01\\\/unro-zwarte-mok-black-stone-portugees-servies.webp\",\"width\":1000,\"height\":1000,\"caption\":\"zwarte cappuccino mok\"},{\"@type\":\"BreadcrumbList\",\"@id\":\"https:\\\/\\\/unrostore.com\\\/shop\\\/terrafina\\\/zwart-servies-black-stone\\\/zwarte-cappuccino-mok-350-ml-black-stone\\\/#breadcrumb\",\"itemListElement\":[{\"@type\":\"ListItem\",\"position\":1,\"name\":\"Home\",\"item\":\"https:\\\/\\\/unrostore.com\\\/\"},{\"@type\":\"ListItem\",\"position\":2,\"name\":\"Shop\",\"item\":\"https:\\\/\\\/unrostore.com\\\/shop\\\/\"},{\"@type\":\"ListItem\",\"position\":3,\"name\":\"Zwarte Cappuccino Mok 350 ml &#8211; Black Stone\"}]},{\"@type\":\"WebSite\",\"@id\":\"https:\\\/\\\/unrostore.com\\\/#website\",\"url\":\"https:\\\/\\\/unrostore.com\\\/\",\"name\":\"UNRO\",\"description\":\"Portugees servies waar je blij van wordt!\",\"publisher\":{\"@id\":\"https:\\\/\\\/unrostore.com\\\/#organization\"},\"potentialAction\":[{\"@type\":\"SearchAction\",\"target\":{\"@type\":\"EntryPoint\",\"urlTemplate\":\"https:\\\/\\\/unrostore.com\\\/?s={search_term_string}\"},\"query-input\":{\"@type\":\"PropertyValueSpecification\",\"valueRequired\":true,\"valueName\":\"search_term_string\"}}],\"inLanguage\":\"fr-FR\"},{\"@type\":\"Organization\",\"@id\":\"https:\\\/\\\/unrostore.com\\\/#organization\",\"name\":\"UNRO\",\"url\":\"https:\\\/\\\/unrostore.com\\\/\",\"logo\":{\"@type\":\"ImageObject\",\"inLanguage\":\"fr-FR\",\"@id\":\"https:\\\/\\\/unrostore.com\\\/#\\\/schema\\\/logo\\\/image\\\/\",\"url\":\"https:\\\/\\\/unrostore.com\\\/wp-content\\\/uploads\\\/2022\\\/05\\\/Logo-UNRO.png\",\"contentUrl\":\"https:\\\/\\\/unrostore.com\\\/wp-content\\\/uploads\\\/2022\\\/05\\\/Logo-UNRO.png\",\"width\":605,\"height\":179,\"caption\":\"UNRO\"},\"image\":{\"@id\":\"https:\\\/\\\/unrostore.com\\\/#\\\/schema\\\/logo\\\/image\\\/\"}}]}<\/script>\n<!-- \/ Yoast SEO plugin. -->","yoast_head_json":{"title":"Tasse \u00e0 cappuccino noire 350 ml - Pierre noire - UNRO","description":"Cette tasse \u00e0 cappuccino noire du Portugal avec des formes rondes organiques deviendra votre nouvelle tasse pr\u00e9f\u00e9r\u00e9e, appr\u00e9ciez votre tasse quotidienne de caf\u00e9 ou de th\u00e9 en plus !","robots":{"index":"index","follow":"follow","max-snippet":"max-snippet:-1","max-image-preview":"max-image-preview:large","max-video-preview":"max-video-preview:-1"},"canonical":"https:\/\/unrostore.com\/fr-fr\/boutique\/terrafina\/vaisselle-noire-pierre-noire-2\/tasse-a-cappuccino-noire-350-ml-pierre-noire\/","og_locale":"fr_FR","og_type":"article","og_title":"Zwarte Cappuccino Mok 350 ml - Black Stone &#8226; UNRO","og_description":"Deze zwarte cappuccino mok uit Portugal met organische ronde vormen wordt jouw nieuwe favoriete mok, geniet extra van jouw dagelijkse kopje koffie of thee!","og_url":"https:\/\/unrostore.com\/fr-fr\/boutique\/terrafina\/vaisselle-noire-pierre-noire-2\/tasse-a-cappuccino-noire-350-ml-pierre-noire\/","og_site_name":"UNRO","article_modified_time":"2026-01-19T20:36:04+00:00","og_image":[{"width":1000,"height":1000,"url":"https:\/\/unrostore.com\/wp-content\/uploads\/2025\/01\/unro-zwarte-mok-black-stone-portugees-servies.webp","type":"image\/webp"}],"twitter_card":"summary_large_image","schema":{"@context":"https:\/\/schema.org","@graph":[{"@type":"WebPage","@id":"https:\/\/unrostore.com\/shop\/terrafina\/zwart-servies-black-stone\/zwarte-cappuccino-mok-350-ml-black-stone\/","url":"https:\/\/unrostore.com\/shop\/terrafina\/zwart-servies-black-stone\/zwarte-cappuccino-mok-350-ml-black-stone\/","name":"Tasse \u00e0 cappuccino noire 350 ml - Pierre noire - UNRO","isPartOf":{"@id":"https:\/\/unrostore.com\/#website"},"primaryImageOfPage":{"@id":"https:\/\/unrostore.com\/shop\/terrafina\/zwart-servies-black-stone\/zwarte-cappuccino-mok-350-ml-black-stone\/#primaryimage"},"image":{"@id":"https:\/\/unrostore.com\/shop\/terrafina\/zwart-servies-black-stone\/zwarte-cappuccino-mok-350-ml-black-stone\/#primaryimage"},"thumbnailUrl":"https:\/\/unrostore.com\/wp-content\/uploads\/2025\/01\/unro-zwarte-mok-black-stone-portugees-servies.webp","datePublished":"2025-01-22T21:07:55+00:00","dateModified":"2026-01-19T20:36:04+00:00","description":"Cette tasse \u00e0 cappuccino noire du Portugal avec des formes rondes organiques deviendra votre nouvelle tasse pr\u00e9f\u00e9r\u00e9e, appr\u00e9ciez votre tasse quotidienne de caf\u00e9 ou de th\u00e9 en plus !","breadcrumb":{"@id":"https:\/\/unrostore.com\/shop\/terrafina\/zwart-servies-black-stone\/zwarte-cappuccino-mok-350-ml-black-stone\/#breadcrumb"},"inLanguage":"fr-FR","potentialAction":[{"@type":"ReadAction","target":["https:\/\/unrostore.com\/shop\/terrafina\/zwart-servies-black-stone\/zwarte-cappuccino-mok-350-ml-black-stone\/"]}]},{"@type":"ImageObject","inLanguage":"fr-FR","@id":"https:\/\/unrostore.com\/shop\/terrafina\/zwart-servies-black-stone\/zwarte-cappuccino-mok-350-ml-black-stone\/#primaryimage","url":"https:\/\/unrostore.com\/wp-content\/uploads\/2025\/01\/unro-zwarte-mok-black-stone-portugees-servies.webp","contentUrl":"https:\/\/unrostore.com\/wp-content\/uploads\/2025\/01\/unro-zwarte-mok-black-stone-portugees-servies.webp","width":1000,"height":1000,"caption":"zwarte cappuccino mok"},{"@type":"BreadcrumbList","@id":"https:\/\/unrostore.com\/shop\/terrafina\/zwart-servies-black-stone\/zwarte-cappuccino-mok-350-ml-black-stone\/#breadcrumb","itemListElement":[{"@type":"ListItem","position":1,"name":"Home","item":"https:\/\/unrostore.com\/"},{"@type":"ListItem","position":2,"name":"Shop","item":"https:\/\/unrostore.com\/shop\/"},{"@type":"ListItem","position":3,"name":"Zwarte Cappuccino Mok 350 ml &#8211; Black Stone"}]},{"@type":"WebSite","@id":"https:\/\/unrostore.com\/#website","url":"https:\/\/unrostore.com\/","name":"UNRO","description":"De la vaisselle portugaise qui vous rendra heureux !","publisher":{"@id":"https:\/\/unrostore.com\/#organization"},"potentialAction":[{"@type":"SearchAction","target":{"@type":"EntryPoint","urlTemplate":"https:\/\/unrostore.com\/?s={search_term_string}"},"query-input":{"@type":"PropertyValueSpecification","valueRequired":true,"valueName":"search_term_string"}}],"inLanguage":"fr-FR"},{"@type":"Organization","@id":"https:\/\/unrostore.com\/#organization","name":"UNRO","url":"https:\/\/unrostore.com\/","logo":{"@type":"ImageObject","inLanguage":"fr-FR","@id":"https:\/\/unrostore.com\/#\/schema\/logo\/image\/","url":"https:\/\/unrostore.com\/wp-content\/uploads\/2022\/05\/Logo-UNRO.png","contentUrl":"https:\/\/unrostore.com\/wp-content\/uploads\/2022\/05\/Logo-UNRO.png","width":605,"height":179,"caption":"UNRO"},"image":{"@id":"https:\/\/unrostore.com\/#\/schema\/logo\/image\/"}}]}},"_links":{"self":[{"href":"https:\/\/unrostore.com\/fr-fr\/wp-json\/wp\/v2\/product\/8820","targetHints":{"allow":["GET"]}}],"collection":[{"href":"https:\/\/unrostore.com\/fr-fr\/wp-json\/wp\/v2\/product"}],"about":[{"href":"https:\/\/unrostore.com\/fr-fr\/wp-json\/wp\/v2\/types\/product"}],"wp:featuredmedia":[{"embeddable":true,"href":"https:\/\/unrostore.com\/fr-fr\/wp-json\/wp\/v2\/media\/8821"}],"wp:attachment":[{"href":"https:\/\/unrostore.com\/fr-fr\/wp-json\/wp\/v2\/media?parent=8820"}],"wp:term":[{"taxonomy":"product_brand","embeddable":true,"href":"https:\/\/unrostore.com\/fr-fr\/wp-json\/wp\/v2\/product_brand?post=8820"},{"taxonomy":"product_cat","embeddable":true,"href":"https:\/\/unrostore.com\/fr-fr\/wp-json\/wp\/v2\/product_cat?post=8820"},{"taxonomy":"product_tag","embeddable":true,"href":"https:\/\/unrostore.com\/fr-fr\/wp-json\/wp\/v2\/product_tag?post=8820"}],"curies":[{"name":"wp","href":"https:\/\/api.w.org\/{rel}","templated":true}]}}