{"id":7832,"date":"2024-06-12T14:57:35","date_gmt":"2024-06-12T14:57:35","guid":{"rendered":"https:\/\/unrostore.com\/?post_type=product&#038;p=7832"},"modified":"2026-01-19T20:36:27","modified_gmt":"2026-01-19T20:36:27","slug":"service-de-table-beige-vieira-beige-4-personnes","status":"publish","type":"product","link":"https:\/\/unrostore.com\/fr-fr\/boutique\/terrafina\/vaisselle-beige-vieira-beige-mat-2\/service-de-table-beige-vieira-beige-4-personnes\/","title":{"rendered":"Service de vaisselle beige Vieira Beige - 4 personnes"},"content":{"rendered":"<h3>Service de table beige aux formes organiques et \u00e0 la texture sable nervur\u00e9e<\/h3>\n<p>Le\u00a0<strong>service de table beige<\/strong>\u00a0de <a href=\"https:\/\/www.terrafinastore.com\/en\/collections\/sail\">Terrafina<\/a> a une belle forme organique et une texture sable nervur\u00e9e inspir\u00e9e d'une coquille Saint-Jacques. C'est ce qui rend la vaisselle beige vraiment unique. En outre, chaque pi\u00e8ce de c\u00e9ramique beige poss\u00e8de son propre caract\u00e8re, car elle est fabriqu\u00e9e \u00e0 la main au Portugal par des c\u00e9ramistes locaux et exp\u00e9riment\u00e9s. L'amour et la passion de cet artisanat peuvent \u00eatre ressentis et vus dans le design et la finition de cette vaisselle de couleur sable qui s'int\u00e8gre tr\u00e8s bien dans un int\u00e9rieur naturel avec beaucoup de tons bois\u00e9s et de tons chauds. La vaisselle Vieira Beige a un design moderne et un caract\u00e8re personnel. Cette belle vaisselle textur\u00e9e ne d\u00e9pareillera pas non plus dans un int\u00e9rieur rural. Voir aussi la vaisselle assortie <a href=\"https:\/\/unrostore.com\/fr-fr\/boutique\/tasses-et-mugs\/tasses-a-cafe\/tasses-beiges-vieira-beige-2-pieces\/\"><strong>tasses \u00e0 caf\u00e9 beiges<\/strong><\/a>\u00e9galement disponible en <a href=\"https:\/\/unrostore.com\/fr-fr\/boutique\/tasses-et-mugs\/tasses-a-cafe\/mug-beige-grand-vieira-beige-1-piece\/\"><strong>mug simple sandy<\/strong><\/a>. Accueillez vos amis, votre famille ou vos proches chez vous avec un d\u00eener \u00e9l\u00e9gant sur une table joliment dress\u00e9e avec cette vaisselle beige du Portugal !<\/p>\n<p>\u00a0<\/p>\n<h3>C'est le num\u00e9ro qui vous est d\u00e9livr\u00e9:<\/h3>\n<ul>\n<li><strong>4x<\/strong> <strong>Vieira Beige<\/strong> bol \u00f8 16 cm<\/li>\n<li><strong>4x Vieira<\/strong> <strong>Beige<\/strong> assiette \u00e0 d\u00e9jeuner 21 cm<\/li>\n<li><strong>4x Vieira<\/strong> <strong>Beige<\/strong> assiette plate 28.5 cm<\/li>\n<li><strong>4x <\/strong>Bo\u00eete cadeau de Terrafina (avec espace pour un message personnel)<\/li>\n<\/ul>\n<p>\u00a0<\/p>\n<p><em><strong>Duurzaam voor mens & milieu:<\/strong><br \/>\nchaque produit est unique car il est fabriqu\u00e9 \u00e0 la main.<br \/>\nL'impression et la texture peuvent donc diff\u00e9rer l\u00e9g\u00e8rement de la photo du produit.<\/em><\/p>","protected":false},"excerpt":{"rendered":"<div class=\"usps\"><i class=\"far fa-check-circle\"><\/i> R\u00e9sistant aux micro-ondes<br \/>\n<i class=\"far fa-check-circle\"><\/i> R\u00e9siste au four (jusqu'\u00e0 200 degr\u00e9s)<br \/>\n<i class=\"far fa-check-circle\"><\/i> Lavable au lave-vaisselle<br \/>\n<i class=\"far fa-thumbs-up\"><\/i> Fait \u00e0 la main<\/div>","protected":false},"featured_media":7833,"template":"","meta":[],"product_brand":[],"product_cat":[729,982,870,96,122,119],"product_tag":[998,234,1000,999,1001,1002,126,125,123,987,902,299],"class_list":{"0":"post-7832","1":"product","2":"type-product","3":"status-publish","4":"has-post-thumbnail","6":"product_cat-12-delig-servies-schaaltjes","7":"product_cat-beige-servies-vieira-beige-mat","8":"product_cat-unro-nieuw-portugees-servies","9":"product_cat-portugees-servies","10":"product_cat-serviesset","11":"product_cat-terrafina","12":"product_tag-12-delig","13":"product_tag-beige","14":"product_tag-geribbeld","15":"product_tag-met-kommen","16":"product_tag-met-textuur","17":"product_tag-organisch","18":"product_tag-servies","19":"product_tag-serviesset","20":"product_tag-terrafina","21":"product_tag-vieira-beige","22":"product_tag-voor-4-personen","23":"product_tag-zand","25":"first","26":"outofstock","27":"sale","28":"taxable","29":"shipping-taxable","30":"purchasable","31":"product-type-simple"},"yoast_head":"<!-- This site is optimized with the Yoast SEO plugin v27.6 - https:\/\/yoast.com\/product\/yoast-seo-wordpress\/ -->\n<title>Beige Serviesset Vieira Beige - 4 personen &#8226; UNRO<\/title>\n<meta name=\"description\" content=\"Ontdek deze prachtige beige serviesset met een zand textuur en organische vorm die ge\u00efnspireerd is op een Sint-Jakobsschelp: Vieira in het Portugees!\" \/>\n<meta name=\"robots\" content=\"index, follow, max-snippet:-1, max-image-preview:large, max-video-preview:-1\" \/>\n<link rel=\"canonical\" href=\"https:\/\/unrostore.com\/fr-fr\/boutique\/terrafina\/vaisselle-beige-vieira-beige-mat-2\/service-de-table-beige-vieira-beige-4-personnes\/\" \/>\n<meta property=\"og:locale\" content=\"fr_FR\" \/>\n<meta property=\"og:type\" content=\"article\" \/>\n<meta property=\"og:title\" content=\"Beige Serviesset Vieira Beige - 4 personen &#8226; UNRO\" \/>\n<meta property=\"og:description\" content=\"Ontdek deze prachtige beige serviesset met een zand textuur en organische vorm die ge\u00efnspireerd is op een Sint-Jakobsschelp: Vieira in het Portugees!\" \/>\n<meta property=\"og:url\" content=\"https:\/\/unrostore.com\/fr-fr\/boutique\/terrafina\/vaisselle-beige-vieira-beige-mat-2\/service-de-table-beige-vieira-beige-4-personnes\/\" \/>\n<meta property=\"og:site_name\" content=\"UNRO\" \/>\n<meta property=\"article:modified_time\" content=\"2026-01-19T20:36:27+00:00\" \/>\n<meta property=\"og:image\" content=\"https:\/\/unrostore.com\/wp-content\/uploads\/2024\/06\/unro-beige-serviesset-vieira-beige-mat-terrafina.webp\" \/>\n\t<meta property=\"og:image:width\" content=\"1000\" \/>\n\t<meta property=\"og:image:height\" content=\"1000\" \/>\n\t<meta property=\"og:image:type\" content=\"image\/webp\" \/>\n<meta name=\"twitter:card\" content=\"summary_large_image\" \/>\n<script type=\"application\/ld+json\" class=\"yoast-schema-graph\">{\"@context\":\"https:\\\/\\\/schema.org\",\"@graph\":[{\"@type\":\"WebPage\",\"@id\":\"https:\\\/\\\/unrostore.com\\\/shop\\\/terrafina\\\/beige-servies-vieira-beige-mat\\\/beige-serviesset-vieira-beige-4-personen\\\/\",\"url\":\"https:\\\/\\\/unrostore.com\\\/shop\\\/terrafina\\\/beige-servies-vieira-beige-mat\\\/beige-serviesset-vieira-beige-4-personen\\\/\",\"name\":\"Beige Serviesset Vieira Beige - 4 personen &#8226; UNRO\",\"isPartOf\":{\"@id\":\"https:\\\/\\\/unrostore.com\\\/#website\"},\"primaryImageOfPage\":{\"@id\":\"https:\\\/\\\/unrostore.com\\\/shop\\\/terrafina\\\/beige-servies-vieira-beige-mat\\\/beige-serviesset-vieira-beige-4-personen\\\/#primaryimage\"},\"image\":{\"@id\":\"https:\\\/\\\/unrostore.com\\\/shop\\\/terrafina\\\/beige-servies-vieira-beige-mat\\\/beige-serviesset-vieira-beige-4-personen\\\/#primaryimage\"},\"thumbnailUrl\":\"https:\\\/\\\/unrostore.com\\\/wp-content\\\/uploads\\\/2024\\\/06\\\/unro-beige-serviesset-vieira-beige-mat-terrafina.webp\",\"datePublished\":\"2024-06-12T14:57:35+00:00\",\"dateModified\":\"2026-01-19T20:36:27+00:00\",\"description\":\"Ontdek deze prachtige beige serviesset met een zand textuur en organische vorm die ge\u00efnspireerd is op een Sint-Jakobsschelp: Vieira in het Portugees!\",\"breadcrumb\":{\"@id\":\"https:\\\/\\\/unrostore.com\\\/shop\\\/terrafina\\\/beige-servies-vieira-beige-mat\\\/beige-serviesset-vieira-beige-4-personen\\\/#breadcrumb\"},\"inLanguage\":\"fr-FR\",\"potentialAction\":[{\"@type\":\"ReadAction\",\"target\":[\"https:\\\/\\\/unrostore.com\\\/shop\\\/terrafina\\\/beige-servies-vieira-beige-mat\\\/beige-serviesset-vieira-beige-4-personen\\\/\"]}]},{\"@type\":\"ImageObject\",\"inLanguage\":\"fr-FR\",\"@id\":\"https:\\\/\\\/unrostore.com\\\/shop\\\/terrafina\\\/beige-servies-vieira-beige-mat\\\/beige-serviesset-vieira-beige-4-personen\\\/#primaryimage\",\"url\":\"https:\\\/\\\/unrostore.com\\\/wp-content\\\/uploads\\\/2024\\\/06\\\/unro-beige-serviesset-vieira-beige-mat-terrafina.webp\",\"contentUrl\":\"https:\\\/\\\/unrostore.com\\\/wp-content\\\/uploads\\\/2024\\\/06\\\/unro-beige-serviesset-vieira-beige-mat-terrafina.webp\",\"width\":1000,\"height\":1000,\"caption\":\"beige serviesset vieira beige\"},{\"@type\":\"BreadcrumbList\",\"@id\":\"https:\\\/\\\/unrostore.com\\\/shop\\\/terrafina\\\/beige-servies-vieira-beige-mat\\\/beige-serviesset-vieira-beige-4-personen\\\/#breadcrumb\",\"itemListElement\":[{\"@type\":\"ListItem\",\"position\":1,\"name\":\"Home\",\"item\":\"https:\\\/\\\/unrostore.com\\\/\"},{\"@type\":\"ListItem\",\"position\":2,\"name\":\"Shop\",\"item\":\"https:\\\/\\\/unrostore.com\\\/shop\\\/\"},{\"@type\":\"ListItem\",\"position\":3,\"name\":\"Beige Serviesset Vieira Beige &#8211; 4 personen\"}]},{\"@type\":\"WebSite\",\"@id\":\"https:\\\/\\\/unrostore.com\\\/#website\",\"url\":\"https:\\\/\\\/unrostore.com\\\/\",\"name\":\"UNRO\",\"description\":\"Portugees servies waar je blij van wordt!\",\"publisher\":{\"@id\":\"https:\\\/\\\/unrostore.com\\\/#organization\"},\"potentialAction\":[{\"@type\":\"SearchAction\",\"target\":{\"@type\":\"EntryPoint\",\"urlTemplate\":\"https:\\\/\\\/unrostore.com\\\/?s={search_term_string}\"},\"query-input\":{\"@type\":\"PropertyValueSpecification\",\"valueRequired\":true,\"valueName\":\"search_term_string\"}}],\"inLanguage\":\"fr-FR\"},{\"@type\":\"Organization\",\"@id\":\"https:\\\/\\\/unrostore.com\\\/#organization\",\"name\":\"UNRO\",\"url\":\"https:\\\/\\\/unrostore.com\\\/\",\"logo\":{\"@type\":\"ImageObject\",\"inLanguage\":\"fr-FR\",\"@id\":\"https:\\\/\\\/unrostore.com\\\/#\\\/schema\\\/logo\\\/image\\\/\",\"url\":\"https:\\\/\\\/unrostore.com\\\/wp-content\\\/uploads\\\/2022\\\/05\\\/Logo-UNRO.png\",\"contentUrl\":\"https:\\\/\\\/unrostore.com\\\/wp-content\\\/uploads\\\/2022\\\/05\\\/Logo-UNRO.png\",\"width\":605,\"height\":179,\"caption\":\"UNRO\"},\"image\":{\"@id\":\"https:\\\/\\\/unrostore.com\\\/#\\\/schema\\\/logo\\\/image\\\/\"}}]}<\/script>\n<!-- \/ Yoast SEO plugin. -->","yoast_head_json":{"title":"Service de vaisselle beige Vieira Beige - 4 personnes - UNRO","description":"D\u00e9couvrez ce magnifique service de table beige \u00e0 la texture sable et \u00e0 la forme organique inspir\u00e9e d'une coquille Saint-Jacques : Vieira en portugais !","robots":{"index":"index","follow":"follow","max-snippet":"max-snippet:-1","max-image-preview":"max-image-preview:large","max-video-preview":"max-video-preview:-1"},"canonical":"https:\/\/unrostore.com\/fr-fr\/boutique\/terrafina\/vaisselle-beige-vieira-beige-mat-2\/service-de-table-beige-vieira-beige-4-personnes\/","og_locale":"fr_FR","og_type":"article","og_title":"Beige Serviesset Vieira Beige - 4 personen &#8226; UNRO","og_description":"Ontdek deze prachtige beige serviesset met een zand textuur en organische vorm die ge\u00efnspireerd is op een Sint-Jakobsschelp: Vieira in het Portugees!","og_url":"https:\/\/unrostore.com\/fr-fr\/boutique\/terrafina\/vaisselle-beige-vieira-beige-mat-2\/service-de-table-beige-vieira-beige-4-personnes\/","og_site_name":"UNRO","article_modified_time":"2026-01-19T20:36:27+00:00","og_image":[{"width":1000,"height":1000,"url":"https:\/\/unrostore.com\/wp-content\/uploads\/2024\/06\/unro-beige-serviesset-vieira-beige-mat-terrafina.webp","type":"image\/webp"}],"twitter_card":"summary_large_image","schema":{"@context":"https:\/\/schema.org","@graph":[{"@type":"WebPage","@id":"https:\/\/unrostore.com\/shop\/terrafina\/beige-servies-vieira-beige-mat\/beige-serviesset-vieira-beige-4-personen\/","url":"https:\/\/unrostore.com\/shop\/terrafina\/beige-servies-vieira-beige-mat\/beige-serviesset-vieira-beige-4-personen\/","name":"Service de vaisselle beige Vieira Beige - 4 personnes - UNRO","isPartOf":{"@id":"https:\/\/unrostore.com\/#website"},"primaryImageOfPage":{"@id":"https:\/\/unrostore.com\/shop\/terrafina\/beige-servies-vieira-beige-mat\/beige-serviesset-vieira-beige-4-personen\/#primaryimage"},"image":{"@id":"https:\/\/unrostore.com\/shop\/terrafina\/beige-servies-vieira-beige-mat\/beige-serviesset-vieira-beige-4-personen\/#primaryimage"},"thumbnailUrl":"https:\/\/unrostore.com\/wp-content\/uploads\/2024\/06\/unro-beige-serviesset-vieira-beige-mat-terrafina.webp","datePublished":"2024-06-12T14:57:35+00:00","dateModified":"2026-01-19T20:36:27+00:00","description":"D\u00e9couvrez ce magnifique service de table beige \u00e0 la texture sable et \u00e0 la forme organique inspir\u00e9e d'une coquille Saint-Jacques : Vieira en portugais !","breadcrumb":{"@id":"https:\/\/unrostore.com\/shop\/terrafina\/beige-servies-vieira-beige-mat\/beige-serviesset-vieira-beige-4-personen\/#breadcrumb"},"inLanguage":"fr-FR","potentialAction":[{"@type":"ReadAction","target":["https:\/\/unrostore.com\/shop\/terrafina\/beige-servies-vieira-beige-mat\/beige-serviesset-vieira-beige-4-personen\/"]}]},{"@type":"ImageObject","inLanguage":"fr-FR","@id":"https:\/\/unrostore.com\/shop\/terrafina\/beige-servies-vieira-beige-mat\/beige-serviesset-vieira-beige-4-personen\/#primaryimage","url":"https:\/\/unrostore.com\/wp-content\/uploads\/2024\/06\/unro-beige-serviesset-vieira-beige-mat-terrafina.webp","contentUrl":"https:\/\/unrostore.com\/wp-content\/uploads\/2024\/06\/unro-beige-serviesset-vieira-beige-mat-terrafina.webp","width":1000,"height":1000,"caption":"beige serviesset vieira beige"},{"@type":"BreadcrumbList","@id":"https:\/\/unrostore.com\/shop\/terrafina\/beige-servies-vieira-beige-mat\/beige-serviesset-vieira-beige-4-personen\/#breadcrumb","itemListElement":[{"@type":"ListItem","position":1,"name":"Home","item":"https:\/\/unrostore.com\/"},{"@type":"ListItem","position":2,"name":"Shop","item":"https:\/\/unrostore.com\/shop\/"},{"@type":"ListItem","position":3,"name":"Beige Serviesset Vieira Beige &#8211; 4 personen"}]},{"@type":"WebSite","@id":"https:\/\/unrostore.com\/#website","url":"https:\/\/unrostore.com\/","name":"UNRO","description":"De la vaisselle portugaise qui vous rendra heureux !","publisher":{"@id":"https:\/\/unrostore.com\/#organization"},"potentialAction":[{"@type":"SearchAction","target":{"@type":"EntryPoint","urlTemplate":"https:\/\/unrostore.com\/?s={search_term_string}"},"query-input":{"@type":"PropertyValueSpecification","valueRequired":true,"valueName":"search_term_string"}}],"inLanguage":"fr-FR"},{"@type":"Organization","@id":"https:\/\/unrostore.com\/#organization","name":"UNRO","url":"https:\/\/unrostore.com\/","logo":{"@type":"ImageObject","inLanguage":"fr-FR","@id":"https:\/\/unrostore.com\/#\/schema\/logo\/image\/","url":"https:\/\/unrostore.com\/wp-content\/uploads\/2022\/05\/Logo-UNRO.png","contentUrl":"https:\/\/unrostore.com\/wp-content\/uploads\/2022\/05\/Logo-UNRO.png","width":605,"height":179,"caption":"UNRO"},"image":{"@id":"https:\/\/unrostore.com\/#\/schema\/logo\/image\/"}}]}},"_links":{"self":[{"href":"https:\/\/unrostore.com\/fr-fr\/wp-json\/wp\/v2\/product\/7832","targetHints":{"allow":["GET"]}}],"collection":[{"href":"https:\/\/unrostore.com\/fr-fr\/wp-json\/wp\/v2\/product"}],"about":[{"href":"https:\/\/unrostore.com\/fr-fr\/wp-json\/wp\/v2\/types\/product"}],"wp:featuredmedia":[{"embeddable":true,"href":"https:\/\/unrostore.com\/fr-fr\/wp-json\/wp\/v2\/media\/7833"}],"wp:attachment":[{"href":"https:\/\/unrostore.com\/fr-fr\/wp-json\/wp\/v2\/media?parent=7832"}],"wp:term":[{"taxonomy":"product_brand","embeddable":true,"href":"https:\/\/unrostore.com\/fr-fr\/wp-json\/wp\/v2\/product_brand?post=7832"},{"taxonomy":"product_cat","embeddable":true,"href":"https:\/\/unrostore.com\/fr-fr\/wp-json\/wp\/v2\/product_cat?post=7832"},{"taxonomy":"product_tag","embeddable":true,"href":"https:\/\/unrostore.com\/fr-fr\/wp-json\/wp\/v2\/product_tag?post=7832"}],"curies":[{"name":"wp","href":"https:\/\/api.w.org\/{rel}","templated":true}]}}