{"id":7684,"date":"2024-05-19T13:08:55","date_gmt":"2024-05-19T13:08:55","guid":{"rendered":"https:\/\/unrostore.com\/?post_type=product&#038;p=7684"},"modified":"2026-03-25T17:36:20","modified_gmt":"2026-03-25T17:36:20","slug":"mug-beige-grand-vieira-beige-1-piece","status":"publish","type":"product","link":"https:\/\/unrostore.com\/fr-fr\/boutique\/tasses-et-mugs\/tasses-a-cafe\/mug-beige-grand-vieira-beige-1-piece\/","title":{"rendered":"Mug Beige Large 250 ml Vieira Beige - 1 pi\u00e8ce"},"content":{"rendered":"<h3>Belle et unique tasse beige grande du Portugal<\/h3>\n<p>Le\u00a0<strong>grand mug beige<\/strong> de la nouvelle collection de vaisselle Vieira Beige de <a href=\"https:\/\/www.terrafinastore.com\/en\/collections\/sail\">Terrafina<\/a> est id\u00e9ale comme nouvelle tasse \u00e0 th\u00e9 pr\u00e9f\u00e9r\u00e9e, tasse \u00e0 cappuccino, grande tasse \u00e0 caf\u00e9 et tasse \u00e0 chocolat chaud ! Cette grande tasse \u00e0 caf\u00e9 beige est livr\u00e9e dans une jolie bo\u00eete cadeau, ce qui la rend encore plus agr\u00e9able \u00e0 offrir \u00e0 des amis. Cette tasse beige avec oreille s'int\u00e8gre parfaitement dans un int\u00e9rieur naturel aux mat\u00e9riaux chaleureux. La texture stri\u00e9e de cette tasse \u00e0 th\u00e9 beige cr\u00e9e un look ludique et moderne. La tasse \u00e0 caf\u00e9 de couleur sable est donc particuli\u00e8rement jolie dans votre coin caf\u00e9, votre bar \u00e0 caf\u00e9 ou votre cuisine. Lors d'un th\u00e9, d'un caf\u00e9 et d'un g\u00e2teau ou d'un caf\u00e9 ou d'un th\u00e9 quotidien, ce mug beige mat ne doit \u00e9videmment pas manquer \u00e0 l'appel. Combinez cette grande tasse \u00e0 caf\u00e9 fabriqu\u00e9e \u00e0 la main avec le <a href=\"https:\/\/unrostore.com\/fr-fr\/boutique\/terrafina\/vaisselle-beige-vieira-beige-mat-2\/vaisselle-beige-vieira-beige-2-pieces\/\"><strong>bols beige<\/strong><\/a>, <a href=\"https:\/\/unrostore.com\/fr-fr\/boutique\/terrafina\/vaisselle-beige-vieira-beige-mat-2\/assiettes-a-dejeuner-beige-vieira-beige-4-pieces\/\"><strong>assiettes \u00e0 d\u00e9jeuner beiges<\/strong><\/a> et <a href=\"https:\/\/unrostore.com\/fr-fr\/boutique\/terrafina\/vaisselle-beige-vieira-beige-mat-2\/assiettes-a-diner-beige-vieira-beige-4-pieces\/\"><strong>assiettes \u00e0 d\u00eener beiges<\/strong><\/a>. Voir \u00e9galement le <a href=\"https:\/\/unrostore.com\/fr-fr\/boutique\/terrafina\/vaisselle-beige-vieira-beige-mat-2\/tasses-beiges-vieira-beige-2-pieces\/\"><strong>set de deux mugs beiges<\/strong><\/a>.<\/p>\n<p>&nbsp;<\/p>\n<h3>C'est le num\u00e9ro qui vous est d\u00e9livr\u00e9:<\/h3>\n<ul>\n<li><strong>1x<\/strong> Mug Vieira \u00f8 10 cm (250 ml)<\/li>\n<li><strong>1x\u00a0<\/strong>Bo\u00eete cadeau de Terrafina<\/li>\n<\/ul>\n<p>&nbsp;<\/p>\n<p><em><strong>Durable pour les personnes et l'environnement :<\/strong><br \/>\nchaque produit est unique car il est fabriqu\u00e9 \u00e0 la main.<br \/>\nL'impression et la texture peuvent donc diff\u00e9rer l\u00e9g\u00e8rement de la photo du produit.<\/em><\/p>","protected":false},"excerpt":{"rendered":"<div class=\"usps\"><i class=\"far fa-check-circle\"><\/i> R\u00e9sistant aux micro-ondes<br \/>\n<i class=\"far fa-check-circle\"><\/i> R\u00e9siste au four (jusqu'\u00e0 200 degr\u00e9s)<br \/>\n<i class=\"far fa-check-circle\"><\/i> Lavable au lave-vaisselle<br \/>\n<i class=\"far fa-thumbs-up\"><\/i> Fait \u00e0 la main<\/div>","protected":false},"featured_media":7685,"template":"","meta":[],"product_brand":[],"product_cat":[982,869,997,132,870,119],"product_tag":[996,234,947,264,969,975,993,635,370,297,652,114,123,933,987,299],"class_list":{"0":"post-7684","1":"product","2":"type-product","3":"status-publish","4":"has-post-thumbnail","6":"product_cat-beige-servies-vieira-beige-mat","7":"product_cat-unro-cadeautips","8":"product_cat-koffiekopjes","9":"product_cat-kopjes-en-mokken","10":"product_cat-unro-nieuw-portugees-servies","11":"product_cat-terrafina","12":"product_tag-250-ml","13":"product_tag-beige","14":"product_tag-cadeau","15":"product_tag-groot","16":"product_tag-grote","17":"product_tag-koffiekop","18":"product_tag-koffiekopje","19":"product_tag-koffiemok","20":"product_tag-kopje","21":"product_tag-mat","22":"product_tag-met-oor","23":"product_tag-mok","24":"product_tag-terrafina","25":"product_tag-theemok","26":"product_tag-vieira-beige","27":"product_tag-zand","29":"first","30":"instock","31":"sale","32":"taxable","33":"shipping-taxable","34":"purchasable","35":"product-type-simple"},"yoast_head":"<!-- This site is optimized with the Yoast SEO plugin v27.4 - https:\/\/yoast.com\/product\/yoast-seo-wordpress\/ -->\n<title>Beige Mok Groot 250 ml Vieira Beige - 1 stuk &#8226; UNRO<\/title>\n<meta name=\"description\" content=\"Ontdek de nieuwe beige mok groot met oor aan de zijkant. De mooie zandkleurige mok staat mooi in een natuurlijk interieur en is leuk als cadeau!\" \/>\n<meta name=\"robots\" content=\"index, follow, max-snippet:-1, max-image-preview:large, max-video-preview:-1\" \/>\n<link rel=\"canonical\" href=\"https:\/\/unrostore.com\/fr-fr\/boutique\/tasses-et-mugs\/tasses-a-cafe\/mug-beige-grand-vieira-beige-1-piece\/\" \/>\n<meta property=\"og:locale\" content=\"fr_FR\" \/>\n<meta property=\"og:type\" content=\"article\" \/>\n<meta property=\"og:title\" content=\"Beige Mok Groot 250 ml Vieira Beige - 1 stuk &#8226; UNRO\" \/>\n<meta property=\"og:description\" content=\"Ontdek de nieuwe beige mok groot met oor aan de zijkant. De mooie zandkleurige mok staat mooi in een natuurlijk interieur en is leuk als cadeau!\" \/>\n<meta property=\"og:url\" content=\"https:\/\/unrostore.com\/fr-fr\/boutique\/tasses-et-mugs\/tasses-a-cafe\/mug-beige-grand-vieira-beige-1-piece\/\" \/>\n<meta property=\"og:site_name\" content=\"UNRO\" \/>\n<meta property=\"article:modified_time\" content=\"2026-03-25T17:36:20+00:00\" \/>\n<meta property=\"og:image\" content=\"https:\/\/unrostore.com\/wp-content\/uploads\/2024\/05\/unro-beige-mok-portugees-servies.webp\" \/>\n\t<meta property=\"og:image:width\" content=\"1000\" \/>\n\t<meta property=\"og:image:height\" content=\"1000\" \/>\n\t<meta property=\"og:image:type\" content=\"image\/webp\" \/>\n<meta name=\"twitter:card\" content=\"summary_large_image\" \/>\n<script type=\"application\/ld+json\" class=\"yoast-schema-graph\">{\"@context\":\"https:\\\/\\\/schema.org\",\"@graph\":[{\"@type\":\"WebPage\",\"@id\":\"https:\\\/\\\/unrostore.com\\\/shop\\\/kopjes-en-mokken\\\/koffiekopjes\\\/beige-mok-groot-vieira-beige-1-stuk\\\/\",\"url\":\"https:\\\/\\\/unrostore.com\\\/shop\\\/kopjes-en-mokken\\\/koffiekopjes\\\/beige-mok-groot-vieira-beige-1-stuk\\\/\",\"name\":\"Beige Mok Groot 250 ml Vieira Beige - 1 stuk &#8226; UNRO\",\"isPartOf\":{\"@id\":\"https:\\\/\\\/unrostore.com\\\/#website\"},\"primaryImageOfPage\":{\"@id\":\"https:\\\/\\\/unrostore.com\\\/shop\\\/kopjes-en-mokken\\\/koffiekopjes\\\/beige-mok-groot-vieira-beige-1-stuk\\\/#primaryimage\"},\"image\":{\"@id\":\"https:\\\/\\\/unrostore.com\\\/shop\\\/kopjes-en-mokken\\\/koffiekopjes\\\/beige-mok-groot-vieira-beige-1-stuk\\\/#primaryimage\"},\"thumbnailUrl\":\"https:\\\/\\\/unrostore.com\\\/wp-content\\\/uploads\\\/2024\\\/05\\\/unro-beige-mok-portugees-servies.webp\",\"datePublished\":\"2024-05-19T13:08:55+00:00\",\"dateModified\":\"2026-03-25T17:36:20+00:00\",\"description\":\"Ontdek de nieuwe beige mok groot met oor aan de zijkant. De mooie zandkleurige mok staat mooi in een natuurlijk interieur en is leuk als cadeau!\",\"breadcrumb\":{\"@id\":\"https:\\\/\\\/unrostore.com\\\/shop\\\/kopjes-en-mokken\\\/koffiekopjes\\\/beige-mok-groot-vieira-beige-1-stuk\\\/#breadcrumb\"},\"inLanguage\":\"fr-FR\",\"potentialAction\":[{\"@type\":\"ReadAction\",\"target\":[\"https:\\\/\\\/unrostore.com\\\/shop\\\/kopjes-en-mokken\\\/koffiekopjes\\\/beige-mok-groot-vieira-beige-1-stuk\\\/\"]}]},{\"@type\":\"ImageObject\",\"inLanguage\":\"fr-FR\",\"@id\":\"https:\\\/\\\/unrostore.com\\\/shop\\\/kopjes-en-mokken\\\/koffiekopjes\\\/beige-mok-groot-vieira-beige-1-stuk\\\/#primaryimage\",\"url\":\"https:\\\/\\\/unrostore.com\\\/wp-content\\\/uploads\\\/2024\\\/05\\\/unro-beige-mok-portugees-servies.webp\",\"contentUrl\":\"https:\\\/\\\/unrostore.com\\\/wp-content\\\/uploads\\\/2024\\\/05\\\/unro-beige-mok-portugees-servies.webp\",\"width\":1000,\"height\":1000,\"caption\":\"beige koffiemok groot\"},{\"@type\":\"BreadcrumbList\",\"@id\":\"https:\\\/\\\/unrostore.com\\\/shop\\\/kopjes-en-mokken\\\/koffiekopjes\\\/beige-mok-groot-vieira-beige-1-stuk\\\/#breadcrumb\",\"itemListElement\":[{\"@type\":\"ListItem\",\"position\":1,\"name\":\"Home\",\"item\":\"https:\\\/\\\/unrostore.com\\\/\"},{\"@type\":\"ListItem\",\"position\":2,\"name\":\"Shop\",\"item\":\"https:\\\/\\\/unrostore.com\\\/shop\\\/\"},{\"@type\":\"ListItem\",\"position\":3,\"name\":\"Beige Mok Groot 250 ml Vieira Beige &#8211; 1 stuk\"}]},{\"@type\":\"WebSite\",\"@id\":\"https:\\\/\\\/unrostore.com\\\/#website\",\"url\":\"https:\\\/\\\/unrostore.com\\\/\",\"name\":\"UNRO\",\"description\":\"Portugees servies waar je blij van wordt!\",\"publisher\":{\"@id\":\"https:\\\/\\\/unrostore.com\\\/#organization\"},\"potentialAction\":[{\"@type\":\"SearchAction\",\"target\":{\"@type\":\"EntryPoint\",\"urlTemplate\":\"https:\\\/\\\/unrostore.com\\\/?s={search_term_string}\"},\"query-input\":{\"@type\":\"PropertyValueSpecification\",\"valueRequired\":true,\"valueName\":\"search_term_string\"}}],\"inLanguage\":\"fr-FR\"},{\"@type\":\"Organization\",\"@id\":\"https:\\\/\\\/unrostore.com\\\/#organization\",\"name\":\"UNRO\",\"url\":\"https:\\\/\\\/unrostore.com\\\/\",\"logo\":{\"@type\":\"ImageObject\",\"inLanguage\":\"fr-FR\",\"@id\":\"https:\\\/\\\/unrostore.com\\\/#\\\/schema\\\/logo\\\/image\\\/\",\"url\":\"https:\\\/\\\/unrostore.com\\\/wp-content\\\/uploads\\\/2022\\\/05\\\/Logo-UNRO.png\",\"contentUrl\":\"https:\\\/\\\/unrostore.com\\\/wp-content\\\/uploads\\\/2022\\\/05\\\/Logo-UNRO.png\",\"width\":605,\"height\":179,\"caption\":\"UNRO\"},\"image\":{\"@id\":\"https:\\\/\\\/unrostore.com\\\/#\\\/schema\\\/logo\\\/image\\\/\"}}]}<\/script>\n<!-- \/ Yoast SEO plugin. -->","yoast_head_json":{"title":"Mug Beige Grand 250 ml Vieira Beige - 1 pi\u00e8ce - UNRO","description":"D\u00e9couvrez le nouveau mug beige grand format avec une oreille sur le c\u00f4t\u00e9. Ce joli mug de couleur sable s'int\u00e8gre parfaitement dans les int\u00e9rieurs naturels et peut \u00eatre offert en cadeau !","robots":{"index":"index","follow":"follow","max-snippet":"max-snippet:-1","max-image-preview":"max-image-preview:large","max-video-preview":"max-video-preview:-1"},"canonical":"https:\/\/unrostore.com\/fr-fr\/boutique\/tasses-et-mugs\/tasses-a-cafe\/mug-beige-grand-vieira-beige-1-piece\/","og_locale":"fr_FR","og_type":"article","og_title":"Beige Mok Groot 250 ml Vieira Beige - 1 stuk &#8226; UNRO","og_description":"Ontdek de nieuwe beige mok groot met oor aan de zijkant. De mooie zandkleurige mok staat mooi in een natuurlijk interieur en is leuk als cadeau!","og_url":"https:\/\/unrostore.com\/fr-fr\/boutique\/tasses-et-mugs\/tasses-a-cafe\/mug-beige-grand-vieira-beige-1-piece\/","og_site_name":"UNRO","article_modified_time":"2026-03-25T17:36:20+00:00","og_image":[{"width":1000,"height":1000,"url":"https:\/\/unrostore.com\/wp-content\/uploads\/2024\/05\/unro-beige-mok-portugees-servies.webp","type":"image\/webp"}],"twitter_card":"summary_large_image","schema":{"@context":"https:\/\/schema.org","@graph":[{"@type":"WebPage","@id":"https:\/\/unrostore.com\/shop\/kopjes-en-mokken\/koffiekopjes\/beige-mok-groot-vieira-beige-1-stuk\/","url":"https:\/\/unrostore.com\/shop\/kopjes-en-mokken\/koffiekopjes\/beige-mok-groot-vieira-beige-1-stuk\/","name":"Mug Beige Grand 250 ml Vieira Beige - 1 pi\u00e8ce - UNRO","isPartOf":{"@id":"https:\/\/unrostore.com\/#website"},"primaryImageOfPage":{"@id":"https:\/\/unrostore.com\/shop\/kopjes-en-mokken\/koffiekopjes\/beige-mok-groot-vieira-beige-1-stuk\/#primaryimage"},"image":{"@id":"https:\/\/unrostore.com\/shop\/kopjes-en-mokken\/koffiekopjes\/beige-mok-groot-vieira-beige-1-stuk\/#primaryimage"},"thumbnailUrl":"https:\/\/unrostore.com\/wp-content\/uploads\/2024\/05\/unro-beige-mok-portugees-servies.webp","datePublished":"2024-05-19T13:08:55+00:00","dateModified":"2026-03-25T17:36:20+00:00","description":"D\u00e9couvrez le nouveau mug beige grand format avec une oreille sur le c\u00f4t\u00e9. Ce joli mug de couleur sable s'int\u00e8gre parfaitement dans les int\u00e9rieurs naturels et peut \u00eatre offert en cadeau !","breadcrumb":{"@id":"https:\/\/unrostore.com\/shop\/kopjes-en-mokken\/koffiekopjes\/beige-mok-groot-vieira-beige-1-stuk\/#breadcrumb"},"inLanguage":"fr-FR","potentialAction":[{"@type":"ReadAction","target":["https:\/\/unrostore.com\/shop\/kopjes-en-mokken\/koffiekopjes\/beige-mok-groot-vieira-beige-1-stuk\/"]}]},{"@type":"ImageObject","inLanguage":"fr-FR","@id":"https:\/\/unrostore.com\/shop\/kopjes-en-mokken\/koffiekopjes\/beige-mok-groot-vieira-beige-1-stuk\/#primaryimage","url":"https:\/\/unrostore.com\/wp-content\/uploads\/2024\/05\/unro-beige-mok-portugees-servies.webp","contentUrl":"https:\/\/unrostore.com\/wp-content\/uploads\/2024\/05\/unro-beige-mok-portugees-servies.webp","width":1000,"height":1000,"caption":"beige koffiemok groot"},{"@type":"BreadcrumbList","@id":"https:\/\/unrostore.com\/shop\/kopjes-en-mokken\/koffiekopjes\/beige-mok-groot-vieira-beige-1-stuk\/#breadcrumb","itemListElement":[{"@type":"ListItem","position":1,"name":"Home","item":"https:\/\/unrostore.com\/"},{"@type":"ListItem","position":2,"name":"Shop","item":"https:\/\/unrostore.com\/shop\/"},{"@type":"ListItem","position":3,"name":"Beige Mok Groot 250 ml Vieira Beige &#8211; 1 stuk"}]},{"@type":"WebSite","@id":"https:\/\/unrostore.com\/#website","url":"https:\/\/unrostore.com\/","name":"UNRO","description":"De la vaisselle portugaise qui vous rendra heureux !","publisher":{"@id":"https:\/\/unrostore.com\/#organization"},"potentialAction":[{"@type":"SearchAction","target":{"@type":"EntryPoint","urlTemplate":"https:\/\/unrostore.com\/?s={search_term_string}"},"query-input":{"@type":"PropertyValueSpecification","valueRequired":true,"valueName":"search_term_string"}}],"inLanguage":"fr-FR"},{"@type":"Organization","@id":"https:\/\/unrostore.com\/#organization","name":"UNRO","url":"https:\/\/unrostore.com\/","logo":{"@type":"ImageObject","inLanguage":"fr-FR","@id":"https:\/\/unrostore.com\/#\/schema\/logo\/image\/","url":"https:\/\/unrostore.com\/wp-content\/uploads\/2022\/05\/Logo-UNRO.png","contentUrl":"https:\/\/unrostore.com\/wp-content\/uploads\/2022\/05\/Logo-UNRO.png","width":605,"height":179,"caption":"UNRO"},"image":{"@id":"https:\/\/unrostore.com\/#\/schema\/logo\/image\/"}}]}},"_links":{"self":[{"href":"https:\/\/unrostore.com\/fr-fr\/wp-json\/wp\/v2\/product\/7684","targetHints":{"allow":["GET"]}}],"collection":[{"href":"https:\/\/unrostore.com\/fr-fr\/wp-json\/wp\/v2\/product"}],"about":[{"href":"https:\/\/unrostore.com\/fr-fr\/wp-json\/wp\/v2\/types\/product"}],"wp:featuredmedia":[{"embeddable":true,"href":"https:\/\/unrostore.com\/fr-fr\/wp-json\/wp\/v2\/media\/7685"}],"wp:attachment":[{"href":"https:\/\/unrostore.com\/fr-fr\/wp-json\/wp\/v2\/media?parent=7684"}],"wp:term":[{"taxonomy":"product_brand","embeddable":true,"href":"https:\/\/unrostore.com\/fr-fr\/wp-json\/wp\/v2\/product_brand?post=7684"},{"taxonomy":"product_cat","embeddable":true,"href":"https:\/\/unrostore.com\/fr-fr\/wp-json\/wp\/v2\/product_cat?post=7684"},{"taxonomy":"product_tag","embeddable":true,"href":"https:\/\/unrostore.com\/fr-fr\/wp-json\/wp\/v2\/product_tag?post=7684"}],"curies":[{"name":"wp","href":"https:\/\/api.w.org\/{rel}","templated":true}]}}