{"id":7661,"date":"2024-05-17T18:37:05","date_gmt":"2024-05-17T18:37:05","guid":{"rendered":"https:\/\/unrostore.com\/?post_type=product&#038;p=7661"},"modified":"2026-01-19T20:36:29","modified_gmt":"2026-01-19T20:36:29","slug":"coquetiers-blancs-tasses-a-espresso-voile-6-pieces","status":"publish","type":"product","link":"https:\/\/unrostore.com\/fr-fr\/boutique\/terrafina\/voile\/coquetiers-blancs-tasses-a-espresso-voile-6-pieces\/","title":{"rendered":"Coquetiers blancs Tasses \u00e0 espresso Sail - 6 pi\u00e8ces"},"content":{"rendered":"<h3>Id\u00e9al pour votre espresso, \u0153uf \u00e0 la coque et gingembre : gobelets \u00e0 \u0153uf blanc espresso Sail<\/h3>\n<p>La voile <strong>coquetiers tasses \u00e0 espresso blanc<\/strong> sans oreille de <a href=\"https:\/\/www.terrafinastore.com\/en\/collections\/coffee\">Terrafina<\/a> sont multifonctionnelles et ont fi\u00e8re allure dans votre coin caf\u00e9. Que vous aimiez un espresso ou un \u0153uf \u00e0 la coque le matin, ou encore une bonne dose de gingembre, les tasses \u00e0 espresso blanches sont parfaites pour cela ! Elles sont livr\u00e9es dans une jolie bo\u00eete cadeau, ce qui en fait des cadeaux tr\u00e8s pratiques. Consultez \u00e9galement notre <a href=\"https:\/\/unrostore.com\/fr-fr\/boutique\/terrafina\/voile\/tasses-a-expresso-blanches-voile-2-pieces\/\"><strong>set de 2 tasses \u00e0 espresso avec anse<\/strong><\/a> ou simplement la variante la plus importante : le <a href=\"https:\/\/unrostore.com\/fr-fr\/boutique\/terrafina\/voile\/tasses-a-cafe-blanches-grande-voile\/\"><strong>set de 2 tasses \u00e0 caf\u00e9 blanches<\/strong><\/a>. Combinez votre caf\u00e9 du matin avec un yaourt ou un fruit \u00e0 grignoter dans la salle de r\u00e9union. <a href=\"https:\/\/unrostore.com\/fr-fr\/boutique\/terrafina\/voile\/voile-a-vaisselle-blanc-2-pieces\/\"><strong>bols blancs<\/strong><\/a> ou un sandwich sur le <a href=\"https:\/\/unrostore.com\/fr-fr\/boutique\/terrafina\/voile\/assiettes-a-dejeuner-blanches-sail-4-piece\/\"><strong>assiettes blanches pour le petit d\u00e9jeuner<\/strong><\/a>m\u00eame si <a href=\"https:\/\/unrostore.com\/fr-fr\/boutique\/terrafina\/voile\/set-petit-dejeuner-blanc-voile-4-personnes\/\"><strong>set de petit-d\u00e9jeuner<\/strong><\/a> disponible !<\/p>\n<p>&nbsp;<\/p>\n<h3>C'est le nombre de tasses \u00e0 espresso que vous recevrez<\/h3>\n<ul>\n<li>6x tasses \u00e0 espresso Sail (50 ml)<\/li>\n<li>1x Terrafina bo\u00eete cadeau<\/li>\n<\/ul>\n<p>&nbsp;<\/p>\n<p><em><strong>Durable pour les personnes et l'environnement :<\/strong><br \/>\nChaque produit est unique car il est fabriqu\u00e9 \u00e0 la main.<br \/>\nL'impression et la texture peuvent donc diff\u00e9rer l\u00e9g\u00e8rement de la photo du produit.<\/em><\/p>","protected":false},"excerpt":{"rendered":"<div class=\"usps\"><i class=\"far fa-check-circle\"><\/i> R\u00e9sistant aux micro-ondes<br \/>\n<i class=\"far fa-check-circle\"><\/i> R\u00e9siste au four (jusqu'\u00e0 200 degr\u00e9s)<br \/>\n<i class=\"far fa-check-circle\"><\/i> Lavable au lave-vaisselle<br \/>\n<i class=\"far fa-thumbs-up\"><\/i> Fait \u00e0 la main<\/div>","protected":false},"featured_media":7656,"template":"","meta":[],"product_brand":[],"product_cat":[869,307,630,132,870,119,139],"product_tag":[378,976,784,980,619,301,978,979,302,130,124,123,224,981,783,608,796],"class_list":{"0":"post-7661","1":"product","2":"type-product","3":"status-publish","4":"has-post-thumbnail","6":"product_cat-unro-cadeautips","7":"product_cat-espresso-kopjes","8":"product_cat-espresso-kopjes-zonder-oor","9":"product_cat-kopjes-en-mokken","10":"product_cat-unro-nieuw-portugees-servies","11":"product_cat-terrafina","12":"product_cat-sail","13":"product_tag-bekers","14":"product_tag-blauw-met-wit","15":"product_tag-blauw-wit","16":"product_tag-eierdop","17":"product_tag-eierdopjes","18":"product_tag-espresso","19":"product_tag-espressobekers","20":"product_tag-gembershot","21":"product_tag-kopjes","22":"product_tag-mokken","23":"product_tag-sail","24":"product_tag-terrafina","25":"product_tag-wit","26":"product_tag-wit-blauw","27":"product_tag-wit-met-blauw","28":"product_tag-witte","29":"product_tag-zonder-oor","31":"first","32":"outofstock","33":"sale","34":"taxable","35":"shipping-taxable","36":"purchasable","37":"product-type-simple"},"yoast_head":"<!-- This site is optimized with the Yoast SEO plugin v27.4 - https:\/\/yoast.com\/product\/yoast-seo-wordpress\/ -->\n<title>Eierdopjes witte Espressobekers Sail - 6-delig &#8226; UNRO<\/title>\n<meta name=\"description\" content=\"Cadeau tip: bijzonder unieke en mooie eierdopjes witte espressobekers set van 6 die ook erg leuk zijn als gembershot bekers uit Portugal!\" \/>\n<meta name=\"robots\" content=\"index, follow, max-snippet:-1, max-image-preview:large, max-video-preview:-1\" \/>\n<link rel=\"canonical\" href=\"https:\/\/unrostore.com\/fr-fr\/boutique\/terrafina\/voile\/coquetiers-blancs-tasses-a-espresso-voile-6-pieces\/\" \/>\n<meta property=\"og:locale\" content=\"fr_FR\" \/>\n<meta property=\"og:type\" content=\"article\" \/>\n<meta property=\"og:title\" content=\"Eierdopjes witte Espressobekers Sail - 6-delig &#8226; UNRO\" \/>\n<meta property=\"og:description\" content=\"Cadeau tip: bijzonder unieke en mooie eierdopjes witte espressobekers set van 6 die ook erg leuk zijn als gembershot bekers uit Portugal!\" \/>\n<meta property=\"og:url\" content=\"https:\/\/unrostore.com\/fr-fr\/boutique\/terrafina\/voile\/coquetiers-blancs-tasses-a-espresso-voile-6-pieces\/\" \/>\n<meta property=\"og:site_name\" content=\"UNRO\" \/>\n<meta property=\"article:modified_time\" content=\"2026-01-19T20:36:29+00:00\" \/>\n<meta property=\"og:image\" content=\"https:\/\/unrostore.com\/wp-content\/uploads\/2024\/05\/unro-witte-espresso-kopjes-zonder-oor-eierdopjes.webp\" \/>\n\t<meta property=\"og:image:width\" content=\"1000\" \/>\n\t<meta property=\"og:image:height\" content=\"1000\" \/>\n\t<meta property=\"og:image:type\" content=\"image\/webp\" \/>\n<meta name=\"twitter:card\" content=\"summary_large_image\" \/>\n<script type=\"application\/ld+json\" class=\"yoast-schema-graph\">{\"@context\":\"https:\\\/\\\/schema.org\",\"@graph\":[{\"@type\":\"WebPage\",\"@id\":\"https:\\\/\\\/unrostore.com\\\/shop\\\/terrafina\\\/sail\\\/eierdopjes-witte-espressobekers-sail-6-delig\\\/\",\"url\":\"https:\\\/\\\/unrostore.com\\\/shop\\\/terrafina\\\/sail\\\/eierdopjes-witte-espressobekers-sail-6-delig\\\/\",\"name\":\"Eierdopjes witte Espressobekers Sail - 6-delig &#8226; UNRO\",\"isPartOf\":{\"@id\":\"https:\\\/\\\/unrostore.com\\\/#website\"},\"primaryImageOfPage\":{\"@id\":\"https:\\\/\\\/unrostore.com\\\/shop\\\/terrafina\\\/sail\\\/eierdopjes-witte-espressobekers-sail-6-delig\\\/#primaryimage\"},\"image\":{\"@id\":\"https:\\\/\\\/unrostore.com\\\/shop\\\/terrafina\\\/sail\\\/eierdopjes-witte-espressobekers-sail-6-delig\\\/#primaryimage\"},\"thumbnailUrl\":\"https:\\\/\\\/unrostore.com\\\/wp-content\\\/uploads\\\/2024\\\/05\\\/unro-witte-espresso-kopjes-zonder-oor-eierdopjes.webp\",\"datePublished\":\"2024-05-17T18:37:05+00:00\",\"dateModified\":\"2026-01-19T20:36:29+00:00\",\"description\":\"Cadeau tip: bijzonder unieke en mooie eierdopjes witte espressobekers set van 6 die ook erg leuk zijn als gembershot bekers uit Portugal!\",\"breadcrumb\":{\"@id\":\"https:\\\/\\\/unrostore.com\\\/shop\\\/terrafina\\\/sail\\\/eierdopjes-witte-espressobekers-sail-6-delig\\\/#breadcrumb\"},\"inLanguage\":\"fr-FR\",\"potentialAction\":[{\"@type\":\"ReadAction\",\"target\":[\"https:\\\/\\\/unrostore.com\\\/shop\\\/terrafina\\\/sail\\\/eierdopjes-witte-espressobekers-sail-6-delig\\\/\"]}]},{\"@type\":\"ImageObject\",\"inLanguage\":\"fr-FR\",\"@id\":\"https:\\\/\\\/unrostore.com\\\/shop\\\/terrafina\\\/sail\\\/eierdopjes-witte-espressobekers-sail-6-delig\\\/#primaryimage\",\"url\":\"https:\\\/\\\/unrostore.com\\\/wp-content\\\/uploads\\\/2024\\\/05\\\/unro-witte-espresso-kopjes-zonder-oor-eierdopjes.webp\",\"contentUrl\":\"https:\\\/\\\/unrostore.com\\\/wp-content\\\/uploads\\\/2024\\\/05\\\/unro-witte-espresso-kopjes-zonder-oor-eierdopjes.webp\",\"width\":1000,\"height\":1000,\"caption\":\"eierdopjes witte espressobekers\"},{\"@type\":\"BreadcrumbList\",\"@id\":\"https:\\\/\\\/unrostore.com\\\/shop\\\/terrafina\\\/sail\\\/eierdopjes-witte-espressobekers-sail-6-delig\\\/#breadcrumb\",\"itemListElement\":[{\"@type\":\"ListItem\",\"position\":1,\"name\":\"Home\",\"item\":\"https:\\\/\\\/unrostore.com\\\/\"},{\"@type\":\"ListItem\",\"position\":2,\"name\":\"Shop\",\"item\":\"https:\\\/\\\/unrostore.com\\\/shop\\\/\"},{\"@type\":\"ListItem\",\"position\":3,\"name\":\"Eierdopjes witte Espressobekers Sail &#8211; 6-delig\"}]},{\"@type\":\"WebSite\",\"@id\":\"https:\\\/\\\/unrostore.com\\\/#website\",\"url\":\"https:\\\/\\\/unrostore.com\\\/\",\"name\":\"UNRO\",\"description\":\"Portugees servies waar je blij van wordt!\",\"publisher\":{\"@id\":\"https:\\\/\\\/unrostore.com\\\/#organization\"},\"potentialAction\":[{\"@type\":\"SearchAction\",\"target\":{\"@type\":\"EntryPoint\",\"urlTemplate\":\"https:\\\/\\\/unrostore.com\\\/?s={search_term_string}\"},\"query-input\":{\"@type\":\"PropertyValueSpecification\",\"valueRequired\":true,\"valueName\":\"search_term_string\"}}],\"inLanguage\":\"fr-FR\"},{\"@type\":\"Organization\",\"@id\":\"https:\\\/\\\/unrostore.com\\\/#organization\",\"name\":\"UNRO\",\"url\":\"https:\\\/\\\/unrostore.com\\\/\",\"logo\":{\"@type\":\"ImageObject\",\"inLanguage\":\"fr-FR\",\"@id\":\"https:\\\/\\\/unrostore.com\\\/#\\\/schema\\\/logo\\\/image\\\/\",\"url\":\"https:\\\/\\\/unrostore.com\\\/wp-content\\\/uploads\\\/2022\\\/05\\\/Logo-UNRO.png\",\"contentUrl\":\"https:\\\/\\\/unrostore.com\\\/wp-content\\\/uploads\\\/2022\\\/05\\\/Logo-UNRO.png\",\"width\":605,\"height\":179,\"caption\":\"UNRO\"},\"image\":{\"@id\":\"https:\\\/\\\/unrostore.com\\\/#\\\/schema\\\/logo\\\/image\\\/\"}}]}<\/script>\n<!-- \/ Yoast SEO plugin. -->","yoast_head_json":{"title":"Coquetiers blancs Tasses \u00e0 espresso Sail - 6 pi\u00e8ces - UNRO","description":"Conseil cadeau : des coquetiers particuli\u00e8rement uniques et beaux, des tasses \u00e0 espresso blanc, un set de 6, qui sont aussi tr\u00e8s jolies comme tasses \u00e0 gingembre du Portugal !","robots":{"index":"index","follow":"follow","max-snippet":"max-snippet:-1","max-image-preview":"max-image-preview:large","max-video-preview":"max-video-preview:-1"},"canonical":"https:\/\/unrostore.com\/fr-fr\/boutique\/terrafina\/voile\/coquetiers-blancs-tasses-a-espresso-voile-6-pieces\/","og_locale":"fr_FR","og_type":"article","og_title":"Eierdopjes witte Espressobekers Sail - 6-delig &#8226; UNRO","og_description":"Cadeau tip: bijzonder unieke en mooie eierdopjes witte espressobekers set van 6 die ook erg leuk zijn als gembershot bekers uit Portugal!","og_url":"https:\/\/unrostore.com\/fr-fr\/boutique\/terrafina\/voile\/coquetiers-blancs-tasses-a-espresso-voile-6-pieces\/","og_site_name":"UNRO","article_modified_time":"2026-01-19T20:36:29+00:00","og_image":[{"width":1000,"height":1000,"url":"https:\/\/unrostore.com\/wp-content\/uploads\/2024\/05\/unro-witte-espresso-kopjes-zonder-oor-eierdopjes.webp","type":"image\/webp"}],"twitter_card":"summary_large_image","schema":{"@context":"https:\/\/schema.org","@graph":[{"@type":"WebPage","@id":"https:\/\/unrostore.com\/shop\/terrafina\/sail\/eierdopjes-witte-espressobekers-sail-6-delig\/","url":"https:\/\/unrostore.com\/shop\/terrafina\/sail\/eierdopjes-witte-espressobekers-sail-6-delig\/","name":"Coquetiers blancs Tasses \u00e0 espresso Sail - 6 pi\u00e8ces - UNRO","isPartOf":{"@id":"https:\/\/unrostore.com\/#website"},"primaryImageOfPage":{"@id":"https:\/\/unrostore.com\/shop\/terrafina\/sail\/eierdopjes-witte-espressobekers-sail-6-delig\/#primaryimage"},"image":{"@id":"https:\/\/unrostore.com\/shop\/terrafina\/sail\/eierdopjes-witte-espressobekers-sail-6-delig\/#primaryimage"},"thumbnailUrl":"https:\/\/unrostore.com\/wp-content\/uploads\/2024\/05\/unro-witte-espresso-kopjes-zonder-oor-eierdopjes.webp","datePublished":"2024-05-17T18:37:05+00:00","dateModified":"2026-01-19T20:36:29+00:00","description":"Conseil cadeau : des coquetiers particuli\u00e8rement uniques et beaux, des tasses \u00e0 espresso blanc, un set de 6, qui sont aussi tr\u00e8s jolies comme tasses \u00e0 gingembre du Portugal !","breadcrumb":{"@id":"https:\/\/unrostore.com\/shop\/terrafina\/sail\/eierdopjes-witte-espressobekers-sail-6-delig\/#breadcrumb"},"inLanguage":"fr-FR","potentialAction":[{"@type":"ReadAction","target":["https:\/\/unrostore.com\/shop\/terrafina\/sail\/eierdopjes-witte-espressobekers-sail-6-delig\/"]}]},{"@type":"ImageObject","inLanguage":"fr-FR","@id":"https:\/\/unrostore.com\/shop\/terrafina\/sail\/eierdopjes-witte-espressobekers-sail-6-delig\/#primaryimage","url":"https:\/\/unrostore.com\/wp-content\/uploads\/2024\/05\/unro-witte-espresso-kopjes-zonder-oor-eierdopjes.webp","contentUrl":"https:\/\/unrostore.com\/wp-content\/uploads\/2024\/05\/unro-witte-espresso-kopjes-zonder-oor-eierdopjes.webp","width":1000,"height":1000,"caption":"eierdopjes witte espressobekers"},{"@type":"BreadcrumbList","@id":"https:\/\/unrostore.com\/shop\/terrafina\/sail\/eierdopjes-witte-espressobekers-sail-6-delig\/#breadcrumb","itemListElement":[{"@type":"ListItem","position":1,"name":"Home","item":"https:\/\/unrostore.com\/"},{"@type":"ListItem","position":2,"name":"Shop","item":"https:\/\/unrostore.com\/shop\/"},{"@type":"ListItem","position":3,"name":"Eierdopjes witte Espressobekers Sail &#8211; 6-delig"}]},{"@type":"WebSite","@id":"https:\/\/unrostore.com\/#website","url":"https:\/\/unrostore.com\/","name":"UNRO","description":"De la vaisselle portugaise qui vous rendra heureux !","publisher":{"@id":"https:\/\/unrostore.com\/#organization"},"potentialAction":[{"@type":"SearchAction","target":{"@type":"EntryPoint","urlTemplate":"https:\/\/unrostore.com\/?s={search_term_string}"},"query-input":{"@type":"PropertyValueSpecification","valueRequired":true,"valueName":"search_term_string"}}],"inLanguage":"fr-FR"},{"@type":"Organization","@id":"https:\/\/unrostore.com\/#organization","name":"UNRO","url":"https:\/\/unrostore.com\/","logo":{"@type":"ImageObject","inLanguage":"fr-FR","@id":"https:\/\/unrostore.com\/#\/schema\/logo\/image\/","url":"https:\/\/unrostore.com\/wp-content\/uploads\/2022\/05\/Logo-UNRO.png","contentUrl":"https:\/\/unrostore.com\/wp-content\/uploads\/2022\/05\/Logo-UNRO.png","width":605,"height":179,"caption":"UNRO"},"image":{"@id":"https:\/\/unrostore.com\/#\/schema\/logo\/image\/"}}]}},"_links":{"self":[{"href":"https:\/\/unrostore.com\/fr-fr\/wp-json\/wp\/v2\/product\/7661","targetHints":{"allow":["GET"]}}],"collection":[{"href":"https:\/\/unrostore.com\/fr-fr\/wp-json\/wp\/v2\/product"}],"about":[{"href":"https:\/\/unrostore.com\/fr-fr\/wp-json\/wp\/v2\/types\/product"}],"wp:featuredmedia":[{"embeddable":true,"href":"https:\/\/unrostore.com\/fr-fr\/wp-json\/wp\/v2\/media\/7656"}],"wp:attachment":[{"href":"https:\/\/unrostore.com\/fr-fr\/wp-json\/wp\/v2\/media?parent=7661"}],"wp:term":[{"taxonomy":"product_brand","embeddable":true,"href":"https:\/\/unrostore.com\/fr-fr\/wp-json\/wp\/v2\/product_brand?post=7661"},{"taxonomy":"product_cat","embeddable":true,"href":"https:\/\/unrostore.com\/fr-fr\/wp-json\/wp\/v2\/product_cat?post=7661"},{"taxonomy":"product_tag","embeddable":true,"href":"https:\/\/unrostore.com\/fr-fr\/wp-json\/wp\/v2\/product_tag?post=7661"}],"curies":[{"name":"wp","href":"https:\/\/api.w.org\/{rel}","templated":true}]}}