{"id":7649,"date":"2024-05-17T16:33:21","date_gmt":"2024-05-17T16:33:21","guid":{"rendered":"https:\/\/unrostore.com\/?post_type=product&#038;p=7649"},"modified":"2026-01-19T20:36:30","modified_gmt":"2026-01-19T20:36:30","slug":"cruche-bleue-amazonia-blue","status":"publish","type":"product","link":"https:\/\/unrostore.com\/fr-fr\/boutique\/terrafina\/bleu-damazonie\/cruche-bleue-amazonia-blue\/","title":{"rendered":"Pichet bleu - Bleu Amazonie"},"content":{"rendered":"<h3>Une carafe bleue cool et \u00e9l\u00e9gante pour ajouter de la couleur \u00e0 votre int\u00e9rieur !<\/h3>\n<p>Le <strong>bo\u00eete bleue <\/strong>de <a href=\"https:\/\/www.terrafinastore.com\/en\/collections\/sail\">Terrafina<\/a> est tr\u00e8s joli mais aussi tr\u00e8s pratique. Id\u00e9al pour servir de l'eau froide lorsque vous recevez de la famille ou des amis. Mais ce pichet en c\u00e9ramique d'un bleu profond peut \u00e9galement \u00eatre utilis\u00e9 comme pichet \u00e0 sangria ou \u00e0 vin. De plus, la cruche portugaise est tr\u00e8s jolie sur la table et vous pouvez \u00e9galement l'utiliser comme vase bleu pour un beau bouquet de fleurs ou de tulipes. C'est pourquoi ce pichet en c\u00e9ramique portugaise \u00e9maill\u00e9e est une bonne id\u00e9e de cadeau pour elle et lui. D\u00e9couvrez \u00e9galement le pichet en c\u00e9ramique portugaise assorti <a href=\"https:\/\/unrostore.com\/fr-fr\/boutique\/terrafina\/bleu-damazonie\/tasses-a-cappuccino-bleues-amazonia-bue-4-pieces\/\"><strong>tasses \u00e0 cappuccino bleues<\/strong><\/a>, <a href=\"https:\/\/unrostore.com\/fr-fr\/boutique\/terrafina\/bleu-damazonie\/set-de-bols-profonds-bleus-amazonia-blue\/\"><strong>ensemble de plats profonds<\/strong><\/a>, <a href=\"https:\/\/unrostore.com\/fr-fr\/boutique\/terrafina\/bleu-damazonie\/plats-de-service-bleus-amazonia-blue-2-tailles\/\"><strong>set de couverts<\/strong><\/a> et les <a href=\"https:\/\/unrostore.com\/fr-fr\/boutique\/terrafina\/bleu-damazonie\/coupe-a-fruits-bleu-amazonia\/\"><strong>bol \u00e0 fruits\/ saladier bleu<\/strong><\/a>. Vous pouvez ainsi compl\u00e9ter agr\u00e9ablement votre service. Il n'y a pas de probl\u00e8me non plus si vous cherchez un service complet assorti. Pourquoi pas le <a href=\"https:\/\/unrostore.com\/fr-fr\/boutique\/terrafina\/bleu-damazonie\/set-de-vaisselle-bleu-16-pieces-avec-assiettes-a-pates-et-bols\/\"><strong>vaisselle bleue 16 pi\u00e8ces avec bols et assiettes \u00e0 p\u00e2tes<\/strong><\/a>? D\u00e9couvrez la magnifique collection assortie pour un ensemble agr\u00e9able ou achetez simplement la carafe pour attirer l'attention dans votre int\u00e9rieur !<\/p>\n<h3>C'est le num\u00e9ro que vous recevez<\/h3>\n<ul>\n<li>1x Pichet Bleu Amazone 1.8L<\/li>\n<li>1x Terrafina bo\u00eete cadeau<\/li>\n<\/ul>\n<p>&nbsp;<\/p>\n<p><em><strong>Durable pour les personnes et l'environnement :<\/strong><br \/>\nChaque produit est unique car il est fabriqu\u00e9 \u00e0 la main.<br \/>\nL'impression et la texture peuvent donc diff\u00e9rer l\u00e9g\u00e8rement de la photo du produit.<\/em><\/p>","protected":false},"excerpt":{"rendered":"<div class=\"usps\"><i class=\"far fa-check-circle\"><\/i> R\u00e9sistant aux micro-ondes<br \/>\n<i class=\"far fa-check-circle\"><\/i> R\u00e9siste au four (jusqu'\u00e0 200 degr\u00e9s)<br \/>\n<i class=\"far fa-check-circle\"><\/i> Lavable au lave-vaisselle<br \/>\n<i class=\"far fa-thumbs-up\"><\/i> Fait \u00e0 la main<\/div>","protected":false},"featured_media":7631,"template":"","meta":[],"product_brand":[],"product_cat":[174,869,273,870,119],"product_tag":[175,177,877,388,1003,968,755,220,754,760],"class_list":{"0":"post-7649","1":"product","2":"type-product","3":"status-publish","4":"has-post-thumbnail","6":"product_cat-amazonia-blue","7":"product_cat-unro-cadeautips","8":"product_cat-decoratie","9":"product_cat-unro-nieuw-portugees-servies","10":"product_cat-terrafina","11":"product_tag-amazonia-blue","12":"product_tag-blauw","13":"product_tag-blauwe","14":"product_tag-kan","15":"product_tag-karaf","16":"product_tag-met-handvat","17":"product_tag-sangria-kan","18":"product_tag-vaas","19":"product_tag-waterkan","20":"product_tag-wijnkan","21":"product_shipping_class-pakket","23":"first","24":"outofstock","25":"sale","26":"taxable","27":"shipping-taxable","28":"purchasable","29":"product-type-simple"},"yoast_head":"<!-- This site is optimized with the Yoast SEO plugin v27.4 - https:\/\/yoast.com\/product\/yoast-seo-wordpress\/ -->\n<title>Blauwe Kan - Amazonia Blue &#8226; UNRO<\/title>\n<meta name=\"description\" content=\"Ontdek de mooie blauwe kan van keramiek die ook leuk is als blauwe vaas voor op tafel. Ideaal voor als je veel gasten ontvangt tijdens een diner thuis.\" \/>\n<meta name=\"robots\" content=\"index, follow, max-snippet:-1, max-image-preview:large, max-video-preview:-1\" \/>\n<link rel=\"canonical\" href=\"https:\/\/unrostore.com\/fr-fr\/boutique\/terrafina\/bleu-damazonie\/cruche-bleue-amazonia-blue\/\" \/>\n<meta property=\"og:locale\" content=\"fr_FR\" \/>\n<meta property=\"og:type\" content=\"article\" \/>\n<meta property=\"og:title\" content=\"Blauwe Kan - Amazonia Blue &#8226; UNRO\" \/>\n<meta property=\"og:description\" content=\"Ontdek de mooie blauwe kan van keramiek die ook leuk is als blauwe vaas voor op tafel. Ideaal voor als je veel gasten ontvangt tijdens een diner thuis.\" \/>\n<meta property=\"og:url\" content=\"https:\/\/unrostore.com\/fr-fr\/boutique\/terrafina\/bleu-damazonie\/cruche-bleue-amazonia-blue\/\" \/>\n<meta property=\"og:site_name\" content=\"UNRO\" \/>\n<meta property=\"article:modified_time\" content=\"2026-01-19T20:36:30+00:00\" \/>\n<meta property=\"og:image\" content=\"https:\/\/unrostore.com\/wp-content\/uploads\/2024\/05\/unro-blauwe-kan.webp\" \/>\n\t<meta property=\"og:image:width\" content=\"1000\" \/>\n\t<meta property=\"og:image:height\" content=\"1000\" \/>\n\t<meta property=\"og:image:type\" content=\"image\/webp\" \/>\n<meta name=\"twitter:card\" content=\"summary_large_image\" \/>\n<script type=\"application\/ld+json\" class=\"yoast-schema-graph\">{\"@context\":\"https:\\\/\\\/schema.org\",\"@graph\":[{\"@type\":\"WebPage\",\"@id\":\"https:\\\/\\\/unrostore.com\\\/shop\\\/terrafina\\\/amazonia-blue\\\/blauwe-kan-amazonia-blue\\\/\",\"url\":\"https:\\\/\\\/unrostore.com\\\/shop\\\/terrafina\\\/amazonia-blue\\\/blauwe-kan-amazonia-blue\\\/\",\"name\":\"Blauwe Kan - Amazonia Blue &#8226; UNRO\",\"isPartOf\":{\"@id\":\"https:\\\/\\\/unrostore.com\\\/#website\"},\"primaryImageOfPage\":{\"@id\":\"https:\\\/\\\/unrostore.com\\\/shop\\\/terrafina\\\/amazonia-blue\\\/blauwe-kan-amazonia-blue\\\/#primaryimage\"},\"image\":{\"@id\":\"https:\\\/\\\/unrostore.com\\\/shop\\\/terrafina\\\/amazonia-blue\\\/blauwe-kan-amazonia-blue\\\/#primaryimage\"},\"thumbnailUrl\":\"https:\\\/\\\/unrostore.com\\\/wp-content\\\/uploads\\\/2024\\\/05\\\/unro-blauwe-kan.webp\",\"datePublished\":\"2024-05-17T16:33:21+00:00\",\"dateModified\":\"2026-01-19T20:36:30+00:00\",\"description\":\"Ontdek de mooie blauwe kan van keramiek die ook leuk is als blauwe vaas voor op tafel. Ideaal voor als je veel gasten ontvangt tijdens een diner thuis.\",\"breadcrumb\":{\"@id\":\"https:\\\/\\\/unrostore.com\\\/shop\\\/terrafina\\\/amazonia-blue\\\/blauwe-kan-amazonia-blue\\\/#breadcrumb\"},\"inLanguage\":\"fr-FR\",\"potentialAction\":[{\"@type\":\"ReadAction\",\"target\":[\"https:\\\/\\\/unrostore.com\\\/shop\\\/terrafina\\\/amazonia-blue\\\/blauwe-kan-amazonia-blue\\\/\"]}]},{\"@type\":\"ImageObject\",\"inLanguage\":\"fr-FR\",\"@id\":\"https:\\\/\\\/unrostore.com\\\/shop\\\/terrafina\\\/amazonia-blue\\\/blauwe-kan-amazonia-blue\\\/#primaryimage\",\"url\":\"https:\\\/\\\/unrostore.com\\\/wp-content\\\/uploads\\\/2024\\\/05\\\/unro-blauwe-kan.webp\",\"contentUrl\":\"https:\\\/\\\/unrostore.com\\\/wp-content\\\/uploads\\\/2024\\\/05\\\/unro-blauwe-kan.webp\",\"width\":1000,\"height\":1000,\"caption\":\"blauwe kan van keramiek\"},{\"@type\":\"BreadcrumbList\",\"@id\":\"https:\\\/\\\/unrostore.com\\\/shop\\\/terrafina\\\/amazonia-blue\\\/blauwe-kan-amazonia-blue\\\/#breadcrumb\",\"itemListElement\":[{\"@type\":\"ListItem\",\"position\":1,\"name\":\"Home\",\"item\":\"https:\\\/\\\/unrostore.com\\\/\"},{\"@type\":\"ListItem\",\"position\":2,\"name\":\"Shop\",\"item\":\"https:\\\/\\\/unrostore.com\\\/shop\\\/\"},{\"@type\":\"ListItem\",\"position\":3,\"name\":\"Blauwe Kan &#8211; Amazonia Blue\"}]},{\"@type\":\"WebSite\",\"@id\":\"https:\\\/\\\/unrostore.com\\\/#website\",\"url\":\"https:\\\/\\\/unrostore.com\\\/\",\"name\":\"UNRO\",\"description\":\"Portugees servies waar je blij van wordt!\",\"publisher\":{\"@id\":\"https:\\\/\\\/unrostore.com\\\/#organization\"},\"potentialAction\":[{\"@type\":\"SearchAction\",\"target\":{\"@type\":\"EntryPoint\",\"urlTemplate\":\"https:\\\/\\\/unrostore.com\\\/?s={search_term_string}\"},\"query-input\":{\"@type\":\"PropertyValueSpecification\",\"valueRequired\":true,\"valueName\":\"search_term_string\"}}],\"inLanguage\":\"fr-FR\"},{\"@type\":\"Organization\",\"@id\":\"https:\\\/\\\/unrostore.com\\\/#organization\",\"name\":\"UNRO\",\"url\":\"https:\\\/\\\/unrostore.com\\\/\",\"logo\":{\"@type\":\"ImageObject\",\"inLanguage\":\"fr-FR\",\"@id\":\"https:\\\/\\\/unrostore.com\\\/#\\\/schema\\\/logo\\\/image\\\/\",\"url\":\"https:\\\/\\\/unrostore.com\\\/wp-content\\\/uploads\\\/2022\\\/05\\\/Logo-UNRO.png\",\"contentUrl\":\"https:\\\/\\\/unrostore.com\\\/wp-content\\\/uploads\\\/2022\\\/05\\\/Logo-UNRO.png\",\"width\":605,\"height\":179,\"caption\":\"UNRO\"},\"image\":{\"@id\":\"https:\\\/\\\/unrostore.com\\\/#\\\/schema\\\/logo\\\/image\\\/\"}}]}<\/script>\n<!-- \/ Yoast SEO plugin. -->","yoast_head_json":{"title":"Pichet bleu - Bleu Amazonie - UNRO","description":"D\u00e9couvrez la magnifique cruche en c\u00e9ramique bleue qui peut \u00e9galement servir de vase bleu pour la table. Id\u00e9al pour recevoir de nombreux invit\u00e9s lors d'un d\u00eener \u00e0 la maison.","robots":{"index":"index","follow":"follow","max-snippet":"max-snippet:-1","max-image-preview":"max-image-preview:large","max-video-preview":"max-video-preview:-1"},"canonical":"https:\/\/unrostore.com\/fr-fr\/boutique\/terrafina\/bleu-damazonie\/cruche-bleue-amazonia-blue\/","og_locale":"fr_FR","og_type":"article","og_title":"Blauwe Kan - Amazonia Blue &#8226; UNRO","og_description":"Ontdek de mooie blauwe kan van keramiek die ook leuk is als blauwe vaas voor op tafel. Ideaal voor als je veel gasten ontvangt tijdens een diner thuis.","og_url":"https:\/\/unrostore.com\/fr-fr\/boutique\/terrafina\/bleu-damazonie\/cruche-bleue-amazonia-blue\/","og_site_name":"UNRO","article_modified_time":"2026-01-19T20:36:30+00:00","og_image":[{"width":1000,"height":1000,"url":"https:\/\/unrostore.com\/wp-content\/uploads\/2024\/05\/unro-blauwe-kan.webp","type":"image\/webp"}],"twitter_card":"summary_large_image","schema":{"@context":"https:\/\/schema.org","@graph":[{"@type":"WebPage","@id":"https:\/\/unrostore.com\/shop\/terrafina\/amazonia-blue\/blauwe-kan-amazonia-blue\/","url":"https:\/\/unrostore.com\/shop\/terrafina\/amazonia-blue\/blauwe-kan-amazonia-blue\/","name":"Pichet bleu - Bleu Amazonie - UNRO","isPartOf":{"@id":"https:\/\/unrostore.com\/#website"},"primaryImageOfPage":{"@id":"https:\/\/unrostore.com\/shop\/terrafina\/amazonia-blue\/blauwe-kan-amazonia-blue\/#primaryimage"},"image":{"@id":"https:\/\/unrostore.com\/shop\/terrafina\/amazonia-blue\/blauwe-kan-amazonia-blue\/#primaryimage"},"thumbnailUrl":"https:\/\/unrostore.com\/wp-content\/uploads\/2024\/05\/unro-blauwe-kan.webp","datePublished":"2024-05-17T16:33:21+00:00","dateModified":"2026-01-19T20:36:30+00:00","description":"D\u00e9couvrez la magnifique cruche en c\u00e9ramique bleue qui peut \u00e9galement servir de vase bleu pour la table. Id\u00e9al pour recevoir de nombreux invit\u00e9s lors d'un d\u00eener \u00e0 la maison.","breadcrumb":{"@id":"https:\/\/unrostore.com\/shop\/terrafina\/amazonia-blue\/blauwe-kan-amazonia-blue\/#breadcrumb"},"inLanguage":"fr-FR","potentialAction":[{"@type":"ReadAction","target":["https:\/\/unrostore.com\/shop\/terrafina\/amazonia-blue\/blauwe-kan-amazonia-blue\/"]}]},{"@type":"ImageObject","inLanguage":"fr-FR","@id":"https:\/\/unrostore.com\/shop\/terrafina\/amazonia-blue\/blauwe-kan-amazonia-blue\/#primaryimage","url":"https:\/\/unrostore.com\/wp-content\/uploads\/2024\/05\/unro-blauwe-kan.webp","contentUrl":"https:\/\/unrostore.com\/wp-content\/uploads\/2024\/05\/unro-blauwe-kan.webp","width":1000,"height":1000,"caption":"blauwe kan van keramiek"},{"@type":"BreadcrumbList","@id":"https:\/\/unrostore.com\/shop\/terrafina\/amazonia-blue\/blauwe-kan-amazonia-blue\/#breadcrumb","itemListElement":[{"@type":"ListItem","position":1,"name":"Home","item":"https:\/\/unrostore.com\/"},{"@type":"ListItem","position":2,"name":"Shop","item":"https:\/\/unrostore.com\/shop\/"},{"@type":"ListItem","position":3,"name":"Blauwe Kan &#8211; Amazonia Blue"}]},{"@type":"WebSite","@id":"https:\/\/unrostore.com\/#website","url":"https:\/\/unrostore.com\/","name":"UNRO","description":"De la vaisselle portugaise qui vous rendra heureux !","publisher":{"@id":"https:\/\/unrostore.com\/#organization"},"potentialAction":[{"@type":"SearchAction","target":{"@type":"EntryPoint","urlTemplate":"https:\/\/unrostore.com\/?s={search_term_string}"},"query-input":{"@type":"PropertyValueSpecification","valueRequired":true,"valueName":"search_term_string"}}],"inLanguage":"fr-FR"},{"@type":"Organization","@id":"https:\/\/unrostore.com\/#organization","name":"UNRO","url":"https:\/\/unrostore.com\/","logo":{"@type":"ImageObject","inLanguage":"fr-FR","@id":"https:\/\/unrostore.com\/#\/schema\/logo\/image\/","url":"https:\/\/unrostore.com\/wp-content\/uploads\/2022\/05\/Logo-UNRO.png","contentUrl":"https:\/\/unrostore.com\/wp-content\/uploads\/2022\/05\/Logo-UNRO.png","width":605,"height":179,"caption":"UNRO"},"image":{"@id":"https:\/\/unrostore.com\/#\/schema\/logo\/image\/"}}]}},"_links":{"self":[{"href":"https:\/\/unrostore.com\/fr-fr\/wp-json\/wp\/v2\/product\/7649","targetHints":{"allow":["GET"]}}],"collection":[{"href":"https:\/\/unrostore.com\/fr-fr\/wp-json\/wp\/v2\/product"}],"about":[{"href":"https:\/\/unrostore.com\/fr-fr\/wp-json\/wp\/v2\/types\/product"}],"wp:featuredmedia":[{"embeddable":true,"href":"https:\/\/unrostore.com\/fr-fr\/wp-json\/wp\/v2\/media\/7631"}],"wp:attachment":[{"href":"https:\/\/unrostore.com\/fr-fr\/wp-json\/wp\/v2\/media?parent=7649"}],"wp:term":[{"taxonomy":"product_brand","embeddable":true,"href":"https:\/\/unrostore.com\/fr-fr\/wp-json\/wp\/v2\/product_brand?post=7649"},{"taxonomy":"product_cat","embeddable":true,"href":"https:\/\/unrostore.com\/fr-fr\/wp-json\/wp\/v2\/product_cat?post=7649"},{"taxonomy":"product_tag","embeddable":true,"href":"https:\/\/unrostore.com\/fr-fr\/wp-json\/wp\/v2\/product_tag?post=7649"}],"curies":[{"name":"wp","href":"https:\/\/api.w.org\/{rel}","templated":true}]}}