{"id":7623,"date":"2024-05-17T15:52:10","date_gmt":"2024-05-17T15:52:10","guid":{"rendered":"https:\/\/unrostore.com\/?post_type=product&#038;p=7623"},"modified":"2026-01-19T20:36:30","modified_gmt":"2026-01-19T20:36:30","slug":"set-de-bols-profonds-bleus-amazonia-blue","status":"publish","type":"product","link":"https:\/\/unrostore.com\/fr-fr\/boutique\/terrafina\/bleu-damazonie\/set-de-bols-profonds-bleus-amazonia-blue\/","title":{"rendered":"Set de bols Blue Deep - Bleu Amazone"},"content":{"rendered":"<h3>Magnifiques bols bleus profonds set de deux bols de service bio<\/h3>\n<p>L'ovale <strong>ensemble de bols profonds bleus <\/strong>de <a href=\"https:\/\/www.terrafinastore.com\/en\/collections\/sail\">Terrafina<\/a> est agr\u00e9able \u00e0 l'\u0153il et pratique \u00e0 utiliser. Utilisez le grand bol profond ovale de couleur bleu vif comme bol \u00e0 fruits, bol \u00e0 salade ou pour y mettre vos oignons et votre ail, par exemple, et le bol bleu moyen pour un d\u00e9licieux plat au four, comme bol \u00e0 pain ou pour des fruits frais. Le bleu profond des bols en c\u00e9ramique aux courbes ovales donne un aspect frais et chic \u00e0 votre int\u00e9rieur. Profitez de d\u00eeners festifs et chaleureux \u00e0 la maison et combinez les bols bleus avec les bols ovales. <a href=\"https:\/\/unrostore.com\/fr-fr\/boutique\/terrafina\/bleu-damazonie\/set-de-vaisselle-bleu-16-pieces-avec-assiettes-a-pates-et-bols\/\"><strong>vaisselle bleue 16 pi\u00e8ces avec bols et assiettes \u00e0 p\u00e2tes<\/strong><\/a>, <a href=\"https:\/\/unrostore.com\/fr-fr\/boutique\/terrafina\/bleu-damazonie\/service-de-table-bleu-amazonia-blue-4-personnes\/\"><strong>set de vaisselle 12 pi\u00e8ces avec bols<\/strong><\/a> ou le <a href=\"https:\/\/unrostore.com\/fr-fr\/boutique\/terrafina\/bleu-damazonie\/service-de-table-bleu-assiettes-a-pates-amazonia-blue\/\"><strong>service de vaisselle 12 pi\u00e8ces avec assiettes \u00e0 p\u00e2tes<\/strong><\/a>. Vous pouvez \u00e9galement offrir ces magnifiques plats de service bleus \u00e0 un ami, une amie, un coll\u00e8gue ou un membre de la famille !<\/p>\n<h3>C'est le nombre de plats de service qui vous sont livr\u00e9s.<\/h3>\n<ul>\n<li>1x Grand bol profond 32,5 x 20 x 7,4 cm (1,6L)<\/li>\n<li>1x Bol profond de taille moyenne 25 x 16,5 x 6,5 cm (1L)<\/li>\n<li>1x Terrafina bo\u00eete cadeau<\/li>\n<\/ul>\n<p>\u00a0<\/p>\n<p><em><strong>Duurzaam voor mens & milieu:<\/strong><br \/>\nChaque produit est unique car il est fabriqu\u00e9 \u00e0 la main.<br \/>\nL'impression et la texture peuvent donc diff\u00e9rer l\u00e9g\u00e8rement de la photo du produit.<\/em><\/p>","protected":false},"excerpt":{"rendered":"<div class=\"usps\"><i class=\"far fa-check-circle\"><\/i> R\u00e9sistant aux micro-ondes<br \/>\n<i class=\"far fa-check-circle\"><\/i> R\u00e9siste au four (jusqu'\u00e0 200 degr\u00e9s)<br \/>\n<i class=\"far fa-check-circle\"><\/i> Lavable au lave-vaisselle<br \/>\n<i class=\"far fa-thumbs-up\"><\/i> Fait \u00e0 la main<\/div>","protected":false},"featured_media":8164,"template":"","meta":[],"product_brand":[],"product_cat":[174,869,273,870,138,119],"product_tag":[147,175,177,877,965,964,260,252,334,149,616,785],"class_list":{"0":"post-7623","1":"product","2":"type-product","3":"status-publish","4":"has-post-thumbnail","6":"product_cat-amazonia-blue","7":"product_cat-unro-cadeautips","8":"product_cat-decoratie","9":"product_cat-unro-nieuw-portugees-servies","10":"product_cat-serveerschalen","11":"product_cat-terrafina","12":"product_tag-amazonia","13":"product_tag-amazonia-blue","14":"product_tag-blauw","15":"product_tag-blauwe","16":"product_tag-diep","17":"product_tag-diepe","18":"product_tag-ovaal","19":"product_tag-schaal","20":"product_tag-schalen","21":"product_tag-serveerschalen","22":"product_tag-set","23":"product_tag-set-van-2","25":"first","26":"instock","27":"sale","28":"taxable","29":"shipping-taxable","30":"purchasable","31":"product-type-simple"},"yoast_head":"<!-- This site is optimized with the Yoast SEO plugin v27.5 - https:\/\/yoast.com\/product\/yoast-seo-wordpress\/ -->\n<title>Blauwe Diepe Schalen Set - Amazonia Blue &#8226; UNRO<\/title>\n<meta name=\"description\" content=\"Ervaar de veelzijdigheid van de blauwe diepe schalen set van keramiek. De organische vorm en diepte maken de schalen multifunctioneel en ook erg mooi!\" \/>\n<meta name=\"robots\" content=\"index, follow, max-snippet:-1, max-image-preview:large, max-video-preview:-1\" \/>\n<link rel=\"canonical\" href=\"https:\/\/unrostore.com\/fr-fr\/boutique\/terrafina\/bleu-damazonie\/set-de-bols-profonds-bleus-amazonia-blue\/\" \/>\n<meta property=\"og:locale\" content=\"fr_FR\" \/>\n<meta property=\"og:type\" content=\"article\" \/>\n<meta property=\"og:title\" content=\"Blauwe Diepe Schalen Set - Amazonia Blue &#8226; UNRO\" \/>\n<meta property=\"og:description\" content=\"Ervaar de veelzijdigheid van de blauwe diepe schalen set van keramiek. De organische vorm en diepte maken de schalen multifunctioneel en ook erg mooi!\" \/>\n<meta property=\"og:url\" content=\"https:\/\/unrostore.com\/fr-fr\/boutique\/terrafina\/bleu-damazonie\/set-de-bols-profonds-bleus-amazonia-blue\/\" \/>\n<meta property=\"og:site_name\" content=\"UNRO\" \/>\n<meta property=\"article:modified_time\" content=\"2026-01-19T20:36:30+00:00\" \/>\n<meta property=\"og:image\" content=\"https:\/\/unrostore.com\/wp-content\/uploads\/2024\/05\/unro-blauwe-schalen-diepe-serveerschalen-ovaal.webp\" \/>\n\t<meta property=\"og:image:width\" content=\"1000\" \/>\n\t<meta property=\"og:image:height\" content=\"1000\" \/>\n\t<meta property=\"og:image:type\" content=\"image\/webp\" \/>\n<meta name=\"twitter:card\" content=\"summary_large_image\" \/>\n<script type=\"application\/ld+json\" class=\"yoast-schema-graph\">{\"@context\":\"https:\\\/\\\/schema.org\",\"@graph\":[{\"@type\":\"WebPage\",\"@id\":\"https:\\\/\\\/unrostore.com\\\/shop\\\/terrafina\\\/amazonia-blue\\\/blauwe-diepe-schalen-set-amazonia-blue\\\/\",\"url\":\"https:\\\/\\\/unrostore.com\\\/shop\\\/terrafina\\\/amazonia-blue\\\/blauwe-diepe-schalen-set-amazonia-blue\\\/\",\"name\":\"Blauwe Diepe Schalen Set - Amazonia Blue &#8226; UNRO\",\"isPartOf\":{\"@id\":\"https:\\\/\\\/unrostore.com\\\/#website\"},\"primaryImageOfPage\":{\"@id\":\"https:\\\/\\\/unrostore.com\\\/shop\\\/terrafina\\\/amazonia-blue\\\/blauwe-diepe-schalen-set-amazonia-blue\\\/#primaryimage\"},\"image\":{\"@id\":\"https:\\\/\\\/unrostore.com\\\/shop\\\/terrafina\\\/amazonia-blue\\\/blauwe-diepe-schalen-set-amazonia-blue\\\/#primaryimage\"},\"thumbnailUrl\":\"https:\\\/\\\/unrostore.com\\\/wp-content\\\/uploads\\\/2024\\\/05\\\/unro-blauwe-schalen-diepe-serveerschalen-ovaal.webp\",\"datePublished\":\"2024-05-17T15:52:10+00:00\",\"dateModified\":\"2026-01-19T20:36:30+00:00\",\"description\":\"Ervaar de veelzijdigheid van de blauwe diepe schalen set van keramiek. De organische vorm en diepte maken de schalen multifunctioneel en ook erg mooi!\",\"breadcrumb\":{\"@id\":\"https:\\\/\\\/unrostore.com\\\/shop\\\/terrafina\\\/amazonia-blue\\\/blauwe-diepe-schalen-set-amazonia-blue\\\/#breadcrumb\"},\"inLanguage\":\"fr-FR\",\"potentialAction\":[{\"@type\":\"ReadAction\",\"target\":[\"https:\\\/\\\/unrostore.com\\\/shop\\\/terrafina\\\/amazonia-blue\\\/blauwe-diepe-schalen-set-amazonia-blue\\\/\"]}]},{\"@type\":\"ImageObject\",\"inLanguage\":\"fr-FR\",\"@id\":\"https:\\\/\\\/unrostore.com\\\/shop\\\/terrafina\\\/amazonia-blue\\\/blauwe-diepe-schalen-set-amazonia-blue\\\/#primaryimage\",\"url\":\"https:\\\/\\\/unrostore.com\\\/wp-content\\\/uploads\\\/2024\\\/05\\\/unro-blauwe-schalen-diepe-serveerschalen-ovaal.webp\",\"contentUrl\":\"https:\\\/\\\/unrostore.com\\\/wp-content\\\/uploads\\\/2024\\\/05\\\/unro-blauwe-schalen-diepe-serveerschalen-ovaal.webp\",\"width\":1000,\"height\":1000,\"caption\":\"blauwe serveerschalen ovale schalen diep\"},{\"@type\":\"BreadcrumbList\",\"@id\":\"https:\\\/\\\/unrostore.com\\\/shop\\\/terrafina\\\/amazonia-blue\\\/blauwe-diepe-schalen-set-amazonia-blue\\\/#breadcrumb\",\"itemListElement\":[{\"@type\":\"ListItem\",\"position\":1,\"name\":\"Home\",\"item\":\"https:\\\/\\\/unrostore.com\\\/\"},{\"@type\":\"ListItem\",\"position\":2,\"name\":\"Shop\",\"item\":\"https:\\\/\\\/unrostore.com\\\/shop\\\/\"},{\"@type\":\"ListItem\",\"position\":3,\"name\":\"Blauwe Diepe Schalen Set &#8211; Amazonia Blue\"}]},{\"@type\":\"WebSite\",\"@id\":\"https:\\\/\\\/unrostore.com\\\/#website\",\"url\":\"https:\\\/\\\/unrostore.com\\\/\",\"name\":\"UNRO\",\"description\":\"Portugees servies waar je blij van wordt!\",\"publisher\":{\"@id\":\"https:\\\/\\\/unrostore.com\\\/#organization\"},\"potentialAction\":[{\"@type\":\"SearchAction\",\"target\":{\"@type\":\"EntryPoint\",\"urlTemplate\":\"https:\\\/\\\/unrostore.com\\\/?s={search_term_string}\"},\"query-input\":{\"@type\":\"PropertyValueSpecification\",\"valueRequired\":true,\"valueName\":\"search_term_string\"}}],\"inLanguage\":\"fr-FR\"},{\"@type\":\"Organization\",\"@id\":\"https:\\\/\\\/unrostore.com\\\/#organization\",\"name\":\"UNRO\",\"url\":\"https:\\\/\\\/unrostore.com\\\/\",\"logo\":{\"@type\":\"ImageObject\",\"inLanguage\":\"fr-FR\",\"@id\":\"https:\\\/\\\/unrostore.com\\\/#\\\/schema\\\/logo\\\/image\\\/\",\"url\":\"https:\\\/\\\/unrostore.com\\\/wp-content\\\/uploads\\\/2022\\\/05\\\/Logo-UNRO.png\",\"contentUrl\":\"https:\\\/\\\/unrostore.com\\\/wp-content\\\/uploads\\\/2022\\\/05\\\/Logo-UNRO.png\",\"width\":605,\"height\":179,\"caption\":\"UNRO\"},\"image\":{\"@id\":\"https:\\\/\\\/unrostore.com\\\/#\\\/schema\\\/logo\\\/image\\\/\"}}]}<\/script>\n<!-- \/ Yoast SEO plugin. -->","yoast_head_json":{"title":"Set de bols Blue Deep - Bleu Amazone - UNRO","description":"D\u00e9couvrez la polyvalence de l'ensemble de bols en c\u00e9ramique bleue profonde. La forme organique et la profondeur rendent les bols multifonctionnels et tr\u00e8s jolis !","robots":{"index":"index","follow":"follow","max-snippet":"max-snippet:-1","max-image-preview":"max-image-preview:large","max-video-preview":"max-video-preview:-1"},"canonical":"https:\/\/unrostore.com\/fr-fr\/boutique\/terrafina\/bleu-damazonie\/set-de-bols-profonds-bleus-amazonia-blue\/","og_locale":"fr_FR","og_type":"article","og_title":"Blauwe Diepe Schalen Set - Amazonia Blue &#8226; UNRO","og_description":"Ervaar de veelzijdigheid van de blauwe diepe schalen set van keramiek. De organische vorm en diepte maken de schalen multifunctioneel en ook erg mooi!","og_url":"https:\/\/unrostore.com\/fr-fr\/boutique\/terrafina\/bleu-damazonie\/set-de-bols-profonds-bleus-amazonia-blue\/","og_site_name":"UNRO","article_modified_time":"2026-01-19T20:36:30+00:00","og_image":[{"width":1000,"height":1000,"url":"https:\/\/unrostore.com\/wp-content\/uploads\/2024\/05\/unro-blauwe-schalen-diepe-serveerschalen-ovaal.webp","type":"image\/webp"}],"twitter_card":"summary_large_image","schema":{"@context":"https:\/\/schema.org","@graph":[{"@type":"WebPage","@id":"https:\/\/unrostore.com\/shop\/terrafina\/amazonia-blue\/blauwe-diepe-schalen-set-amazonia-blue\/","url":"https:\/\/unrostore.com\/shop\/terrafina\/amazonia-blue\/blauwe-diepe-schalen-set-amazonia-blue\/","name":"Set de bols Blue Deep - Bleu Amazone - UNRO","isPartOf":{"@id":"https:\/\/unrostore.com\/#website"},"primaryImageOfPage":{"@id":"https:\/\/unrostore.com\/shop\/terrafina\/amazonia-blue\/blauwe-diepe-schalen-set-amazonia-blue\/#primaryimage"},"image":{"@id":"https:\/\/unrostore.com\/shop\/terrafina\/amazonia-blue\/blauwe-diepe-schalen-set-amazonia-blue\/#primaryimage"},"thumbnailUrl":"https:\/\/unrostore.com\/wp-content\/uploads\/2024\/05\/unro-blauwe-schalen-diepe-serveerschalen-ovaal.webp","datePublished":"2024-05-17T15:52:10+00:00","dateModified":"2026-01-19T20:36:30+00:00","description":"D\u00e9couvrez la polyvalence de l'ensemble de bols en c\u00e9ramique bleue profonde. La forme organique et la profondeur rendent les bols multifonctionnels et tr\u00e8s jolis !","breadcrumb":{"@id":"https:\/\/unrostore.com\/shop\/terrafina\/amazonia-blue\/blauwe-diepe-schalen-set-amazonia-blue\/#breadcrumb"},"inLanguage":"fr-FR","potentialAction":[{"@type":"ReadAction","target":["https:\/\/unrostore.com\/shop\/terrafina\/amazonia-blue\/blauwe-diepe-schalen-set-amazonia-blue\/"]}]},{"@type":"ImageObject","inLanguage":"fr-FR","@id":"https:\/\/unrostore.com\/shop\/terrafina\/amazonia-blue\/blauwe-diepe-schalen-set-amazonia-blue\/#primaryimage","url":"https:\/\/unrostore.com\/wp-content\/uploads\/2024\/05\/unro-blauwe-schalen-diepe-serveerschalen-ovaal.webp","contentUrl":"https:\/\/unrostore.com\/wp-content\/uploads\/2024\/05\/unro-blauwe-schalen-diepe-serveerschalen-ovaal.webp","width":1000,"height":1000,"caption":"blauwe serveerschalen ovale schalen diep"},{"@type":"BreadcrumbList","@id":"https:\/\/unrostore.com\/shop\/terrafina\/amazonia-blue\/blauwe-diepe-schalen-set-amazonia-blue\/#breadcrumb","itemListElement":[{"@type":"ListItem","position":1,"name":"Home","item":"https:\/\/unrostore.com\/"},{"@type":"ListItem","position":2,"name":"Shop","item":"https:\/\/unrostore.com\/shop\/"},{"@type":"ListItem","position":3,"name":"Blauwe Diepe Schalen Set &#8211; Amazonia Blue"}]},{"@type":"WebSite","@id":"https:\/\/unrostore.com\/#website","url":"https:\/\/unrostore.com\/","name":"UNRO","description":"De la vaisselle portugaise qui vous rendra heureux !","publisher":{"@id":"https:\/\/unrostore.com\/#organization"},"potentialAction":[{"@type":"SearchAction","target":{"@type":"EntryPoint","urlTemplate":"https:\/\/unrostore.com\/?s={search_term_string}"},"query-input":{"@type":"PropertyValueSpecification","valueRequired":true,"valueName":"search_term_string"}}],"inLanguage":"fr-FR"},{"@type":"Organization","@id":"https:\/\/unrostore.com\/#organization","name":"UNRO","url":"https:\/\/unrostore.com\/","logo":{"@type":"ImageObject","inLanguage":"fr-FR","@id":"https:\/\/unrostore.com\/#\/schema\/logo\/image\/","url":"https:\/\/unrostore.com\/wp-content\/uploads\/2022\/05\/Logo-UNRO.png","contentUrl":"https:\/\/unrostore.com\/wp-content\/uploads\/2022\/05\/Logo-UNRO.png","width":605,"height":179,"caption":"UNRO"},"image":{"@id":"https:\/\/unrostore.com\/#\/schema\/logo\/image\/"}}]}},"_links":{"self":[{"href":"https:\/\/unrostore.com\/fr-fr\/wp-json\/wp\/v2\/product\/7623","targetHints":{"allow":["GET"]}}],"collection":[{"href":"https:\/\/unrostore.com\/fr-fr\/wp-json\/wp\/v2\/product"}],"about":[{"href":"https:\/\/unrostore.com\/fr-fr\/wp-json\/wp\/v2\/types\/product"}],"wp:featuredmedia":[{"embeddable":true,"href":"https:\/\/unrostore.com\/fr-fr\/wp-json\/wp\/v2\/media\/8164"}],"wp:attachment":[{"href":"https:\/\/unrostore.com\/fr-fr\/wp-json\/wp\/v2\/media?parent=7623"}],"wp:term":[{"taxonomy":"product_brand","embeddable":true,"href":"https:\/\/unrostore.com\/fr-fr\/wp-json\/wp\/v2\/product_brand?post=7623"},{"taxonomy":"product_cat","embeddable":true,"href":"https:\/\/unrostore.com\/fr-fr\/wp-json\/wp\/v2\/product_cat?post=7623"},{"taxonomy":"product_tag","embeddable":true,"href":"https:\/\/unrostore.com\/fr-fr\/wp-json\/wp\/v2\/product_tag?post=7623"}],"curies":[{"name":"wp","href":"https:\/\/api.w.org\/{rel}","templated":true}]}}