{"id":7608,"date":"2024-05-17T15:26:06","date_gmt":"2024-05-17T15:26:06","guid":{"rendered":"https:\/\/unrostore.com\/?post_type=product&#038;p=7608"},"modified":"2026-01-19T20:36:31","modified_gmt":"2026-01-19T20:36:31","slug":"set-de-bols-profonds-verts-amazonia-green","status":"publish","type":"product","link":"https:\/\/unrostore.com\/fr-fr\/boutique\/terrafina\/vert-damazonie\/set-de-bols-profonds-verts-amazonia-green\/","title":{"rendered":"Set de bols profonds verts - Amazonia Green"},"content":{"rendered":"<h3>Set de plats de service ovales polyvalents en forme de bol profond vert<\/h3>\n<p>L'ovale <strong>ensemble de bols profonds verts\u00a0<\/strong>de <a href=\"https:\/\/www.terrafinastore.com\/en\/collections\/sail\">Terrafina<\/a> est non seulement pratique \u00e0 utiliser mais aussi tr\u00e8s joli pour la table ou la cuisine ! Que vous utilisiez les bols ovales verts comme coupe \u00e0 fruits, plat \u00e0 four, saladier ou bol pour les l\u00e9gumes, les oignons et l'ail, la profondeur des bols verts rend les bols de service verts tr\u00e8s pratiques et attirent l'attention dans votre int\u00e9rieur. De plus, ce set de 2 bols de service profonds est un tr\u00e8s beau cadeau pour hommes et femmes \u00e0 l'occasion d'un anniversaire, d'une pendaison de cr\u00e9maill\u00e8re ou d'un anniversaire de mariage. Voir le set de deux <strong><a href=\"https:\/\/unrostore.com\/fr-fr\/boutique\/terrafina\/vert-damazonie\/plats-de-service-verts-amazonia-green-2-tailles\/\">plats de service verts<\/a><\/strong>, la ronde <strong><a href=\"https:\/\/unrostore.com\/fr-fr\/boutique\/terrafina\/vert-damazonie\/coupe-a-fruits-vert-amazonia\/\">bol \u00e0 fruits verts\/ bol \u00e0 salade<\/a><\/strong> et les <strong><a href=\"https:\/\/unrostore.com\/fr-fr\/boutique\/decoration\/vases\/pichet-vert-damazonie\/\">cruche verte<\/a><\/strong> pour compl\u00e9ter votre service. Vous cherchez un service complet assorti ? Jetez un coup d'\u0153il \u00e0 notre <strong><a href=\"https:\/\/unrostore.com\/fr-fr\/boutique\/terrafina\/vert-damazonie\/service-de-table-vert-assiettes-a-pates-et-bols-amazonia-green\/\">vaisselle verte 16 pi\u00e8ces<\/a><\/strong> avec des assiettes et des bols \u00e0 p\u00e2tes ou des versions l\u00e9g\u00e8rement plus petites : <strong><a href=\"https:\/\/unrostore.com\/fr-fr\/boutique\/terrafina\/vert-damazonie\/set-de-vaisselle-vertes-assiettes-a-pates-vertes-amazonia\/\">vaisselle verte 12 pi\u00e8ces avec assiettes \u00e0 p\u00e2tes<\/a><\/strong> ou le <strong><a href=\"https:\/\/unrostore.com\/fr-fr\/boutique\/terrafina\/vert-damazonie\/set-de-vaisselle-vert-amazonia-4-personnes\/\">service de table vert 12 pi\u00e8ces avec bols<\/a><\/strong>.<\/p>\n<h3>C'est le nombre de plats de service qui vous sont livr\u00e9s.<\/h3>\n<ul>\n<li>1x Grand bol profond 32,5 x 20 x 7,4 cm (1,6L)<\/li>\n<li>1x Bol profond de taille moyenne 25 x 16,5 x 6,5 cm (1L)<\/li>\n<li>1x Terrafina bo\u00eete cadeau<\/li>\n<\/ul>\n<p>&nbsp;<\/p>\n<p><em><strong>Durable pour les personnes et l'environnement :<\/strong><br \/>\nChaque produit est unique car il est fabriqu\u00e9 \u00e0 la main.<br \/>\nL'impression et la texture peuvent donc diff\u00e9rer l\u00e9g\u00e8rement de la photo du produit.<\/em><\/p>","protected":false},"excerpt":{"rendered":"<div class=\"usps\"><i class=\"far fa-check-circle\"><\/i> R\u00e9sistant aux micro-ondes<br \/>\n<i class=\"far fa-check-circle\"><\/i> R\u00e9siste au four (jusqu'\u00e0 200 degr\u00e9s)<br \/>\n<i class=\"far fa-check-circle\"><\/i> Lavable au lave-vaisselle<br \/>\n<i class=\"far fa-thumbs-up\"><\/i> Fait \u00e0 la main<\/div>","protected":false},"featured_media":7615,"template":"","meta":[],"product_brand":[],"product_cat":[273,170,870,138,119],"product_tag":[147,173,964,876,260,631,252,334,148,785,629],"class_list":{"0":"post-7608","1":"product","2":"type-product","3":"status-publish","4":"has-post-thumbnail","6":"product_cat-decoratie","7":"product_cat-amazonia-green","8":"product_cat-unro-nieuw-portugees-servies","9":"product_cat-serveerschalen","10":"product_cat-terrafina","11":"product_tag-amazonia","12":"product_tag-amazonia-green","13":"product_tag-diepe","14":"product_tag-groene","15":"product_tag-ovaal","16":"product_tag-saladeschaal","17":"product_tag-schaal","18":"product_tag-schalen","19":"product_tag-serveerschaal","20":"product_tag-set-van-2","21":"product_tag-slakom","23":"first","24":"outofstock","25":"sale","26":"taxable","27":"shipping-taxable","28":"purchasable","29":"product-type-simple"},"yoast_head":"<!-- This site is optimized with the Yoast SEO plugin v27.4 - https:\/\/yoast.com\/product\/yoast-seo-wordpress\/ -->\n<title>Groene Diepe Schalen Set - Amazonia Green &#8226; UNRO<\/title>\n<meta name=\"description\" content=\"Ontdek deze set van groene diepe schalen van handgemaakt keramiek uit Portugal. Ideaal als serveerschalen in jouw keuken of op de eettafel!\" \/>\n<meta name=\"robots\" content=\"index, follow, max-snippet:-1, max-image-preview:large, max-video-preview:-1\" \/>\n<link rel=\"canonical\" href=\"https:\/\/unrostore.com\/fr-fr\/boutique\/terrafina\/vert-damazonie\/set-de-bols-profonds-verts-amazonia-green\/\" \/>\n<meta property=\"og:locale\" content=\"fr_FR\" \/>\n<meta property=\"og:type\" content=\"article\" \/>\n<meta property=\"og:title\" content=\"Groene Diepe Schalen Set - Amazonia Green &#8226; UNRO\" \/>\n<meta property=\"og:description\" content=\"Ontdek deze set van groene diepe schalen van handgemaakt keramiek uit Portugal. Ideaal als serveerschalen in jouw keuken of op de eettafel!\" \/>\n<meta property=\"og:url\" content=\"https:\/\/unrostore.com\/fr-fr\/boutique\/terrafina\/vert-damazonie\/set-de-bols-profonds-verts-amazonia-green\/\" \/>\n<meta property=\"og:site_name\" content=\"UNRO\" \/>\n<meta property=\"article:modified_time\" content=\"2026-01-19T20:36:31+00:00\" \/>\n<meta property=\"og:image\" content=\"https:\/\/unrostore.com\/wp-content\/uploads\/2024\/05\/unro-groene-diepe-schalen-set.webp\" \/>\n\t<meta property=\"og:image:width\" content=\"1000\" \/>\n\t<meta property=\"og:image:height\" content=\"1000\" \/>\n\t<meta property=\"og:image:type\" content=\"image\/webp\" \/>\n<meta name=\"twitter:card\" content=\"summary_large_image\" \/>\n<script type=\"application\/ld+json\" class=\"yoast-schema-graph\">{\"@context\":\"https:\\\/\\\/schema.org\",\"@graph\":[{\"@type\":\"WebPage\",\"@id\":\"https:\\\/\\\/unrostore.com\\\/shop\\\/terrafina\\\/amazonia-green\\\/groene-diepe-schalen-set-amazonia-green\\\/\",\"url\":\"https:\\\/\\\/unrostore.com\\\/shop\\\/terrafina\\\/amazonia-green\\\/groene-diepe-schalen-set-amazonia-green\\\/\",\"name\":\"Groene Diepe Schalen Set - Amazonia Green &#8226; UNRO\",\"isPartOf\":{\"@id\":\"https:\\\/\\\/unrostore.com\\\/#website\"},\"primaryImageOfPage\":{\"@id\":\"https:\\\/\\\/unrostore.com\\\/shop\\\/terrafina\\\/amazonia-green\\\/groene-diepe-schalen-set-amazonia-green\\\/#primaryimage\"},\"image\":{\"@id\":\"https:\\\/\\\/unrostore.com\\\/shop\\\/terrafina\\\/amazonia-green\\\/groene-diepe-schalen-set-amazonia-green\\\/#primaryimage\"},\"thumbnailUrl\":\"https:\\\/\\\/unrostore.com\\\/wp-content\\\/uploads\\\/2024\\\/05\\\/unro-groene-diepe-schalen-set.webp\",\"datePublished\":\"2024-05-17T15:26:06+00:00\",\"dateModified\":\"2026-01-19T20:36:31+00:00\",\"description\":\"Ontdek deze set van groene diepe schalen van handgemaakt keramiek uit Portugal. Ideaal als serveerschalen in jouw keuken of op de eettafel!\",\"breadcrumb\":{\"@id\":\"https:\\\/\\\/unrostore.com\\\/shop\\\/terrafina\\\/amazonia-green\\\/groene-diepe-schalen-set-amazonia-green\\\/#breadcrumb\"},\"inLanguage\":\"fr-FR\",\"potentialAction\":[{\"@type\":\"ReadAction\",\"target\":[\"https:\\\/\\\/unrostore.com\\\/shop\\\/terrafina\\\/amazonia-green\\\/groene-diepe-schalen-set-amazonia-green\\\/\"]}]},{\"@type\":\"ImageObject\",\"inLanguage\":\"fr-FR\",\"@id\":\"https:\\\/\\\/unrostore.com\\\/shop\\\/terrafina\\\/amazonia-green\\\/groene-diepe-schalen-set-amazonia-green\\\/#primaryimage\",\"url\":\"https:\\\/\\\/unrostore.com\\\/wp-content\\\/uploads\\\/2024\\\/05\\\/unro-groene-diepe-schalen-set.webp\",\"contentUrl\":\"https:\\\/\\\/unrostore.com\\\/wp-content\\\/uploads\\\/2024\\\/05\\\/unro-groene-diepe-schalen-set.webp\",\"width\":1000,\"height\":1000,\"caption\":\"groene diepe schalen set\"},{\"@type\":\"BreadcrumbList\",\"@id\":\"https:\\\/\\\/unrostore.com\\\/shop\\\/terrafina\\\/amazonia-green\\\/groene-diepe-schalen-set-amazonia-green\\\/#breadcrumb\",\"itemListElement\":[{\"@type\":\"ListItem\",\"position\":1,\"name\":\"Home\",\"item\":\"https:\\\/\\\/unrostore.com\\\/\"},{\"@type\":\"ListItem\",\"position\":2,\"name\":\"Shop\",\"item\":\"https:\\\/\\\/unrostore.com\\\/shop\\\/\"},{\"@type\":\"ListItem\",\"position\":3,\"name\":\"Groene Diepe Schalen Set &#8211; Amazonia Green\"}]},{\"@type\":\"WebSite\",\"@id\":\"https:\\\/\\\/unrostore.com\\\/#website\",\"url\":\"https:\\\/\\\/unrostore.com\\\/\",\"name\":\"UNRO\",\"description\":\"Portugees servies waar je blij van wordt!\",\"publisher\":{\"@id\":\"https:\\\/\\\/unrostore.com\\\/#organization\"},\"potentialAction\":[{\"@type\":\"SearchAction\",\"target\":{\"@type\":\"EntryPoint\",\"urlTemplate\":\"https:\\\/\\\/unrostore.com\\\/?s={search_term_string}\"},\"query-input\":{\"@type\":\"PropertyValueSpecification\",\"valueRequired\":true,\"valueName\":\"search_term_string\"}}],\"inLanguage\":\"fr-FR\"},{\"@type\":\"Organization\",\"@id\":\"https:\\\/\\\/unrostore.com\\\/#organization\",\"name\":\"UNRO\",\"url\":\"https:\\\/\\\/unrostore.com\\\/\",\"logo\":{\"@type\":\"ImageObject\",\"inLanguage\":\"fr-FR\",\"@id\":\"https:\\\/\\\/unrostore.com\\\/#\\\/schema\\\/logo\\\/image\\\/\",\"url\":\"https:\\\/\\\/unrostore.com\\\/wp-content\\\/uploads\\\/2022\\\/05\\\/Logo-UNRO.png\",\"contentUrl\":\"https:\\\/\\\/unrostore.com\\\/wp-content\\\/uploads\\\/2022\\\/05\\\/Logo-UNRO.png\",\"width\":605,\"height\":179,\"caption\":\"UNRO\"},\"image\":{\"@id\":\"https:\\\/\\\/unrostore.com\\\/#\\\/schema\\\/logo\\\/image\\\/\"}}]}<\/script>\n<!-- \/ Yoast SEO plugin. -->","yoast_head_json":{"title":"Set de bols profonds verts - Vert Amazonie - UNRO","description":"D\u00e9couvrez ce set de bols profonds verts en c\u00e9ramique artisanale du Portugal. Id\u00e9al pour servir dans votre cuisine ou sur la table \u00e0 manger !","robots":{"index":"index","follow":"follow","max-snippet":"max-snippet:-1","max-image-preview":"max-image-preview:large","max-video-preview":"max-video-preview:-1"},"canonical":"https:\/\/unrostore.com\/fr-fr\/boutique\/terrafina\/vert-damazonie\/set-de-bols-profonds-verts-amazonia-green\/","og_locale":"fr_FR","og_type":"article","og_title":"Groene Diepe Schalen Set - Amazonia Green &#8226; UNRO","og_description":"Ontdek deze set van groene diepe schalen van handgemaakt keramiek uit Portugal. Ideaal als serveerschalen in jouw keuken of op de eettafel!","og_url":"https:\/\/unrostore.com\/fr-fr\/boutique\/terrafina\/vert-damazonie\/set-de-bols-profonds-verts-amazonia-green\/","og_site_name":"UNRO","article_modified_time":"2026-01-19T20:36:31+00:00","og_image":[{"width":1000,"height":1000,"url":"https:\/\/unrostore.com\/wp-content\/uploads\/2024\/05\/unro-groene-diepe-schalen-set.webp","type":"image\/webp"}],"twitter_card":"summary_large_image","schema":{"@context":"https:\/\/schema.org","@graph":[{"@type":"WebPage","@id":"https:\/\/unrostore.com\/shop\/terrafina\/amazonia-green\/groene-diepe-schalen-set-amazonia-green\/","url":"https:\/\/unrostore.com\/shop\/terrafina\/amazonia-green\/groene-diepe-schalen-set-amazonia-green\/","name":"Set de bols profonds verts - Vert Amazonie - UNRO","isPartOf":{"@id":"https:\/\/unrostore.com\/#website"},"primaryImageOfPage":{"@id":"https:\/\/unrostore.com\/shop\/terrafina\/amazonia-green\/groene-diepe-schalen-set-amazonia-green\/#primaryimage"},"image":{"@id":"https:\/\/unrostore.com\/shop\/terrafina\/amazonia-green\/groene-diepe-schalen-set-amazonia-green\/#primaryimage"},"thumbnailUrl":"https:\/\/unrostore.com\/wp-content\/uploads\/2024\/05\/unro-groene-diepe-schalen-set.webp","datePublished":"2024-05-17T15:26:06+00:00","dateModified":"2026-01-19T20:36:31+00:00","description":"D\u00e9couvrez ce set de bols profonds verts en c\u00e9ramique artisanale du Portugal. Id\u00e9al pour servir dans votre cuisine ou sur la table \u00e0 manger !","breadcrumb":{"@id":"https:\/\/unrostore.com\/shop\/terrafina\/amazonia-green\/groene-diepe-schalen-set-amazonia-green\/#breadcrumb"},"inLanguage":"fr-FR","potentialAction":[{"@type":"ReadAction","target":["https:\/\/unrostore.com\/shop\/terrafina\/amazonia-green\/groene-diepe-schalen-set-amazonia-green\/"]}]},{"@type":"ImageObject","inLanguage":"fr-FR","@id":"https:\/\/unrostore.com\/shop\/terrafina\/amazonia-green\/groene-diepe-schalen-set-amazonia-green\/#primaryimage","url":"https:\/\/unrostore.com\/wp-content\/uploads\/2024\/05\/unro-groene-diepe-schalen-set.webp","contentUrl":"https:\/\/unrostore.com\/wp-content\/uploads\/2024\/05\/unro-groene-diepe-schalen-set.webp","width":1000,"height":1000,"caption":"groene diepe schalen set"},{"@type":"BreadcrumbList","@id":"https:\/\/unrostore.com\/shop\/terrafina\/amazonia-green\/groene-diepe-schalen-set-amazonia-green\/#breadcrumb","itemListElement":[{"@type":"ListItem","position":1,"name":"Home","item":"https:\/\/unrostore.com\/"},{"@type":"ListItem","position":2,"name":"Shop","item":"https:\/\/unrostore.com\/shop\/"},{"@type":"ListItem","position":3,"name":"Groene Diepe Schalen Set &#8211; Amazonia Green"}]},{"@type":"WebSite","@id":"https:\/\/unrostore.com\/#website","url":"https:\/\/unrostore.com\/","name":"UNRO","description":"De la vaisselle portugaise qui vous rendra heureux !","publisher":{"@id":"https:\/\/unrostore.com\/#organization"},"potentialAction":[{"@type":"SearchAction","target":{"@type":"EntryPoint","urlTemplate":"https:\/\/unrostore.com\/?s={search_term_string}"},"query-input":{"@type":"PropertyValueSpecification","valueRequired":true,"valueName":"search_term_string"}}],"inLanguage":"fr-FR"},{"@type":"Organization","@id":"https:\/\/unrostore.com\/#organization","name":"UNRO","url":"https:\/\/unrostore.com\/","logo":{"@type":"ImageObject","inLanguage":"fr-FR","@id":"https:\/\/unrostore.com\/#\/schema\/logo\/image\/","url":"https:\/\/unrostore.com\/wp-content\/uploads\/2022\/05\/Logo-UNRO.png","contentUrl":"https:\/\/unrostore.com\/wp-content\/uploads\/2022\/05\/Logo-UNRO.png","width":605,"height":179,"caption":"UNRO"},"image":{"@id":"https:\/\/unrostore.com\/#\/schema\/logo\/image\/"}}]}},"_links":{"self":[{"href":"https:\/\/unrostore.com\/fr-fr\/wp-json\/wp\/v2\/product\/7608","targetHints":{"allow":["GET"]}}],"collection":[{"href":"https:\/\/unrostore.com\/fr-fr\/wp-json\/wp\/v2\/product"}],"about":[{"href":"https:\/\/unrostore.com\/fr-fr\/wp-json\/wp\/v2\/types\/product"}],"wp:featuredmedia":[{"embeddable":true,"href":"https:\/\/unrostore.com\/fr-fr\/wp-json\/wp\/v2\/media\/7615"}],"wp:attachment":[{"href":"https:\/\/unrostore.com\/fr-fr\/wp-json\/wp\/v2\/media?parent=7608"}],"wp:term":[{"taxonomy":"product_brand","embeddable":true,"href":"https:\/\/unrostore.com\/fr-fr\/wp-json\/wp\/v2\/product_brand?post=7608"},{"taxonomy":"product_cat","embeddable":true,"href":"https:\/\/unrostore.com\/fr-fr\/wp-json\/wp\/v2\/product_cat?post=7608"},{"taxonomy":"product_tag","embeddable":true,"href":"https:\/\/unrostore.com\/fr-fr\/wp-json\/wp\/v2\/product_tag?post=7608"}],"curies":[{"name":"wp","href":"https:\/\/api.w.org\/{rel}","templated":true}]}}