{"id":7592,"date":"2024-05-17T15:26:40","date_gmt":"2024-05-17T15:26:40","guid":{"rendered":"https:\/\/unrostore.com\/?post_type=product&#038;p=7592"},"modified":"2026-01-19T20:36:30","modified_gmt":"2026-01-19T20:36:30","slug":"set-de-bols-verts-amazonia-green","status":"publish","type":"product","link":"https:\/\/unrostore.com\/fr-fr\/boutique\/terrafina\/vert-damazonie\/set-de-bols-verts-amazonia-green\/","title":{"rendered":"Set de bols verts - Amazonia Green"},"content":{"rendered":"<h3>Des bols verts magnifiques et uniques pour la table<\/h3>\n<p>D\u00e9couvrez la belle vitr\u00e9e <strong>ensemble de bols verts<\/strong> en c\u00e9ramique faite \u00e0 la main par la marque portugaise <a href=\"https:\/\/www.terrafinastore.com\/en\/collections\/sail\">Terrafina<\/a>. La belle couleur verte brillante est tr\u00e8s chic sur votre table \u00e0 manger. Mais le saladier vert est \u00e9galement parfait comme coupe \u00e0 fruits en c\u00e9ramique verte sur le comptoir de la cuisine ou sur votre \u00eelot de cuisine. Cet ensemble de plats de service ronds et ovales attire tous les regards pour un d\u00e9jeuner, un ap\u00e9ritif ou un d\u00eener en toute simplicit\u00e9 ! Combinez les bols de service verts avec les <strong>vert <a href=\"https:\/\/unrostore.com\/fr-fr\/boutique\/terrafina\/vert-damazonie\/set-de-vaisselle-vert-amazonia-4-personnes\/\">set de vaisselle 12 pi\u00e8ces avec bols<\/a><\/strong>, <a href=\"https:\/\/unrostore.com\/fr-fr\/boutique\/terrafina\/vert-damazonie\/set-de-vaisselle-vertes-assiettes-a-pates-vertes-amazonia\/\"><strong>vaisselle verte 12 pi\u00e8ces avec assiettes \u00e0 p\u00e2tes<\/strong><\/a> ou le <a href=\"https:\/\/unrostore.com\/fr-fr\/boutique\/terrafina\/vert-damazonie\/service-de-table-vert-assiettes-a-pates-et-bols-amazonia-green\/\"><strong>service de table vert 16 pi\u00e8ces avec bols et assiettes \u00e0 p\u00e2tes<\/strong><\/a>.<\/p>\n<p>P.s. Si vous cherchez des plats de service ou un beau cadeau, jetez aussi un coup d'\u0153il \u00e0 la rubrique <a href=\"https:\/\/unrostore.com\/fr-fr\/boutique\/decoration\/vases\/pichet-vert-damazonie\/?_gl=1*16xuj48*_up*MQ..*_ga*MTMwMzMyNjE0Ni4xNzE2MDE1MzMz*_ga_QGLN1EFSS8*MTcxNjAxNTMzMi4xLjEuMTcxNjAxNTM0MS4wLjAuMjA2MzAyMDYyOQ..\"><strong>carafe d'eau verte<\/strong><\/a> qui est \u00e9galement tr\u00e8s pratique comme vase \u00e0 fleurs ou \u00e0 tulipes !<\/p>\n<h3>C'est le nombre de plats de service qui vous seront fournis<\/h3>\n<ul>\n<li>1x Grand plat de service (42cm de long)<\/li>\n<li>1x Plat de service moyen (34cm de long)<\/li>\n<li>1x Coupe \u00e0 fruits verte Amazonia \u00f8 26.5<\/li>\n<li>2x Terrafina bo\u00eete cadeau<\/li>\n<\/ul>\n<p>\u00a0<\/p>\n<p><em><strong>Duurzaam voor mens & milieu:<\/strong><br \/>\nChaque produit est unique car il est fabriqu\u00e9 \u00e0 la main.<br \/>\nL'impression et la texture peuvent donc diff\u00e9rer l\u00e9g\u00e8rement de la photo du produit.<\/em><\/p>","protected":false},"excerpt":{"rendered":"<div class=\"usps\"><i class=\"far fa-check-circle\"><\/i> R\u00e9sistant aux micro-ondes<br \/>\n<i class=\"far fa-check-circle\"><\/i> R\u00e9siste au four (jusqu'\u00e0 200 degr\u00e9s)<br \/>\n<i class=\"far fa-check-circle\"><\/i> Lavable au lave-vaisselle<br \/>\n<i class=\"far fa-thumbs-up\"><\/i> Fait \u00e0 la main<\/div>","protected":false},"featured_media":7593,"template":"","meta":[],"product_brand":[],"product_cat":[869,170,119],"product_tag":[173,253,171,876,601,875,956,631,252,334,148,149,616,629],"class_list":{"0":"post-7592","1":"product","2":"type-product","3":"status-publish","4":"has-post-thumbnail","6":"product_cat-unro-cadeautips","7":"product_cat-amazonia-green","8":"product_cat-terrafina","9":"product_tag-amazonia-green","10":"product_tag-fruitschaal","11":"product_tag-groen","12":"product_tag-groene","13":"product_tag-hapjesschaal","14":"product_tag-ovale-schalen","15":"product_tag-platte-schalen","16":"product_tag-saladeschaal","17":"product_tag-schaal","18":"product_tag-schalen","19":"product_tag-serveerschaal","20":"product_tag-serveerschalen","21":"product_tag-set","22":"product_tag-slakom","24":"first","25":"outofstock","26":"sale","27":"taxable","28":"shipping-taxable","29":"purchasable","30":"product-type-simple"},"yoast_head":"<!-- This site is optimized with the Yoast SEO plugin v27.6 - https:\/\/yoast.com\/product\/yoast-seo-wordpress\/ -->\n<title>Groene Schalen Set - Amazonia Green &#8226; UNRO<\/title>\n<meta name=\"description\" content=\"Geniet dagelijks van een heerlijke maaltijd of verras jouw gasten met een uitgebreid diner aan een mooi aangeklede tafel met deze groene schalen set!\" \/>\n<meta name=\"robots\" content=\"index, follow, max-snippet:-1, max-image-preview:large, max-video-preview:-1\" \/>\n<link rel=\"canonical\" href=\"https:\/\/unrostore.com\/fr-fr\/boutique\/terrafina\/vert-damazonie\/set-de-bols-verts-amazonia-green\/\" \/>\n<meta property=\"og:locale\" content=\"fr_FR\" \/>\n<meta property=\"og:type\" content=\"article\" \/>\n<meta property=\"og:title\" content=\"Groene Schalen Set - Amazonia Green &#8226; UNRO\" \/>\n<meta property=\"og:description\" content=\"Geniet dagelijks van een heerlijke maaltijd of verras jouw gasten met een uitgebreid diner aan een mooi aangeklede tafel met deze groene schalen set!\" \/>\n<meta property=\"og:url\" content=\"https:\/\/unrostore.com\/fr-fr\/boutique\/terrafina\/vert-damazonie\/set-de-bols-verts-amazonia-green\/\" \/>\n<meta property=\"og:site_name\" content=\"UNRO\" \/>\n<meta property=\"article:modified_time\" content=\"2026-01-19T20:36:30+00:00\" \/>\n<meta property=\"og:image\" content=\"https:\/\/unrostore.com\/wp-content\/uploads\/2024\/05\/unro-groene-schalen-handgemaakt-keramiek-serveerschalen.webp\" \/>\n\t<meta property=\"og:image:width\" content=\"1000\" \/>\n\t<meta property=\"og:image:height\" content=\"1000\" \/>\n\t<meta property=\"og:image:type\" content=\"image\/webp\" \/>\n<meta name=\"twitter:card\" content=\"summary_large_image\" \/>\n<script type=\"application\/ld+json\" class=\"yoast-schema-graph\">{\"@context\":\"https:\\\/\\\/schema.org\",\"@graph\":[{\"@type\":\"WebPage\",\"@id\":\"https:\\\/\\\/unrostore.com\\\/shop\\\/terrafina\\\/amazonia-green\\\/groene-schalen-set-amazonia-green\\\/\",\"url\":\"https:\\\/\\\/unrostore.com\\\/shop\\\/terrafina\\\/amazonia-green\\\/groene-schalen-set-amazonia-green\\\/\",\"name\":\"Groene Schalen Set - Amazonia Green &#8226; UNRO\",\"isPartOf\":{\"@id\":\"https:\\\/\\\/unrostore.com\\\/#website\"},\"primaryImageOfPage\":{\"@id\":\"https:\\\/\\\/unrostore.com\\\/shop\\\/terrafina\\\/amazonia-green\\\/groene-schalen-set-amazonia-green\\\/#primaryimage\"},\"image\":{\"@id\":\"https:\\\/\\\/unrostore.com\\\/shop\\\/terrafina\\\/amazonia-green\\\/groene-schalen-set-amazonia-green\\\/#primaryimage\"},\"thumbnailUrl\":\"https:\\\/\\\/unrostore.com\\\/wp-content\\\/uploads\\\/2024\\\/05\\\/unro-groene-schalen-handgemaakt-keramiek-serveerschalen.webp\",\"datePublished\":\"2024-05-17T15:26:40+00:00\",\"dateModified\":\"2026-01-19T20:36:30+00:00\",\"description\":\"Geniet dagelijks van een heerlijke maaltijd of verras jouw gasten met een uitgebreid diner aan een mooi aangeklede tafel met deze groene schalen set!\",\"breadcrumb\":{\"@id\":\"https:\\\/\\\/unrostore.com\\\/shop\\\/terrafina\\\/amazonia-green\\\/groene-schalen-set-amazonia-green\\\/#breadcrumb\"},\"inLanguage\":\"fr-FR\",\"potentialAction\":[{\"@type\":\"ReadAction\",\"target\":[\"https:\\\/\\\/unrostore.com\\\/shop\\\/terrafina\\\/amazonia-green\\\/groene-schalen-set-amazonia-green\\\/\"]}]},{\"@type\":\"ImageObject\",\"inLanguage\":\"fr-FR\",\"@id\":\"https:\\\/\\\/unrostore.com\\\/shop\\\/terrafina\\\/amazonia-green\\\/groene-schalen-set-amazonia-green\\\/#primaryimage\",\"url\":\"https:\\\/\\\/unrostore.com\\\/wp-content\\\/uploads\\\/2024\\\/05\\\/unro-groene-schalen-handgemaakt-keramiek-serveerschalen.webp\",\"contentUrl\":\"https:\\\/\\\/unrostore.com\\\/wp-content\\\/uploads\\\/2024\\\/05\\\/unro-groene-schalen-handgemaakt-keramiek-serveerschalen.webp\",\"width\":1000,\"height\":1000,\"caption\":\"groene schalen set\"},{\"@type\":\"BreadcrumbList\",\"@id\":\"https:\\\/\\\/unrostore.com\\\/shop\\\/terrafina\\\/amazonia-green\\\/groene-schalen-set-amazonia-green\\\/#breadcrumb\",\"itemListElement\":[{\"@type\":\"ListItem\",\"position\":1,\"name\":\"Home\",\"item\":\"https:\\\/\\\/unrostore.com\\\/\"},{\"@type\":\"ListItem\",\"position\":2,\"name\":\"Shop\",\"item\":\"https:\\\/\\\/unrostore.com\\\/shop\\\/\"},{\"@type\":\"ListItem\",\"position\":3,\"name\":\"Groene Schalen Set &#8211; Amazonia Green\"}]},{\"@type\":\"WebSite\",\"@id\":\"https:\\\/\\\/unrostore.com\\\/#website\",\"url\":\"https:\\\/\\\/unrostore.com\\\/\",\"name\":\"UNRO\",\"description\":\"Portugees servies waar je blij van wordt!\",\"publisher\":{\"@id\":\"https:\\\/\\\/unrostore.com\\\/#organization\"},\"potentialAction\":[{\"@type\":\"SearchAction\",\"target\":{\"@type\":\"EntryPoint\",\"urlTemplate\":\"https:\\\/\\\/unrostore.com\\\/?s={search_term_string}\"},\"query-input\":{\"@type\":\"PropertyValueSpecification\",\"valueRequired\":true,\"valueName\":\"search_term_string\"}}],\"inLanguage\":\"fr-FR\"},{\"@type\":\"Organization\",\"@id\":\"https:\\\/\\\/unrostore.com\\\/#organization\",\"name\":\"UNRO\",\"url\":\"https:\\\/\\\/unrostore.com\\\/\",\"logo\":{\"@type\":\"ImageObject\",\"inLanguage\":\"fr-FR\",\"@id\":\"https:\\\/\\\/unrostore.com\\\/#\\\/schema\\\/logo\\\/image\\\/\",\"url\":\"https:\\\/\\\/unrostore.com\\\/wp-content\\\/uploads\\\/2022\\\/05\\\/Logo-UNRO.png\",\"contentUrl\":\"https:\\\/\\\/unrostore.com\\\/wp-content\\\/uploads\\\/2022\\\/05\\\/Logo-UNRO.png\",\"width\":605,\"height\":179,\"caption\":\"UNRO\"},\"image\":{\"@id\":\"https:\\\/\\\/unrostore.com\\\/#\\\/schema\\\/logo\\\/image\\\/\"}}]}<\/script>\n<!-- \/ Yoast SEO plugin. -->","yoast_head_json":{"title":"Set de bols verts - Amazonia Green - UNRO","description":"Savourez un d\u00e9licieux repas quotidien ou surprenez vos invit\u00e9s avec un somptueux d\u00eener sur une table joliment d\u00e9cor\u00e9e avec ce set de bols verts !","robots":{"index":"index","follow":"follow","max-snippet":"max-snippet:-1","max-image-preview":"max-image-preview:large","max-video-preview":"max-video-preview:-1"},"canonical":"https:\/\/unrostore.com\/fr-fr\/boutique\/terrafina\/vert-damazonie\/set-de-bols-verts-amazonia-green\/","og_locale":"fr_FR","og_type":"article","og_title":"Groene Schalen Set - Amazonia Green &#8226; UNRO","og_description":"Geniet dagelijks van een heerlijke maaltijd of verras jouw gasten met een uitgebreid diner aan een mooi aangeklede tafel met deze groene schalen set!","og_url":"https:\/\/unrostore.com\/fr-fr\/boutique\/terrafina\/vert-damazonie\/set-de-bols-verts-amazonia-green\/","og_site_name":"UNRO","article_modified_time":"2026-01-19T20:36:30+00:00","og_image":[{"width":1000,"height":1000,"url":"https:\/\/unrostore.com\/wp-content\/uploads\/2024\/05\/unro-groene-schalen-handgemaakt-keramiek-serveerschalen.webp","type":"image\/webp"}],"twitter_card":"summary_large_image","schema":{"@context":"https:\/\/schema.org","@graph":[{"@type":"WebPage","@id":"https:\/\/unrostore.com\/shop\/terrafina\/amazonia-green\/groene-schalen-set-amazonia-green\/","url":"https:\/\/unrostore.com\/shop\/terrafina\/amazonia-green\/groene-schalen-set-amazonia-green\/","name":"Set de bols verts - Amazonia Green - UNRO","isPartOf":{"@id":"https:\/\/unrostore.com\/#website"},"primaryImageOfPage":{"@id":"https:\/\/unrostore.com\/shop\/terrafina\/amazonia-green\/groene-schalen-set-amazonia-green\/#primaryimage"},"image":{"@id":"https:\/\/unrostore.com\/shop\/terrafina\/amazonia-green\/groene-schalen-set-amazonia-green\/#primaryimage"},"thumbnailUrl":"https:\/\/unrostore.com\/wp-content\/uploads\/2024\/05\/unro-groene-schalen-handgemaakt-keramiek-serveerschalen.webp","datePublished":"2024-05-17T15:26:40+00:00","dateModified":"2026-01-19T20:36:30+00:00","description":"Savourez un d\u00e9licieux repas quotidien ou surprenez vos invit\u00e9s avec un somptueux d\u00eener sur une table joliment d\u00e9cor\u00e9e avec ce set de bols verts !","breadcrumb":{"@id":"https:\/\/unrostore.com\/shop\/terrafina\/amazonia-green\/groene-schalen-set-amazonia-green\/#breadcrumb"},"inLanguage":"fr-FR","potentialAction":[{"@type":"ReadAction","target":["https:\/\/unrostore.com\/shop\/terrafina\/amazonia-green\/groene-schalen-set-amazonia-green\/"]}]},{"@type":"ImageObject","inLanguage":"fr-FR","@id":"https:\/\/unrostore.com\/shop\/terrafina\/amazonia-green\/groene-schalen-set-amazonia-green\/#primaryimage","url":"https:\/\/unrostore.com\/wp-content\/uploads\/2024\/05\/unro-groene-schalen-handgemaakt-keramiek-serveerschalen.webp","contentUrl":"https:\/\/unrostore.com\/wp-content\/uploads\/2024\/05\/unro-groene-schalen-handgemaakt-keramiek-serveerschalen.webp","width":1000,"height":1000,"caption":"groene schalen set"},{"@type":"BreadcrumbList","@id":"https:\/\/unrostore.com\/shop\/terrafina\/amazonia-green\/groene-schalen-set-amazonia-green\/#breadcrumb","itemListElement":[{"@type":"ListItem","position":1,"name":"Home","item":"https:\/\/unrostore.com\/"},{"@type":"ListItem","position":2,"name":"Shop","item":"https:\/\/unrostore.com\/shop\/"},{"@type":"ListItem","position":3,"name":"Groene Schalen Set &#8211; Amazonia Green"}]},{"@type":"WebSite","@id":"https:\/\/unrostore.com\/#website","url":"https:\/\/unrostore.com\/","name":"UNRO","description":"De la vaisselle portugaise qui vous rendra heureux !","publisher":{"@id":"https:\/\/unrostore.com\/#organization"},"potentialAction":[{"@type":"SearchAction","target":{"@type":"EntryPoint","urlTemplate":"https:\/\/unrostore.com\/?s={search_term_string}"},"query-input":{"@type":"PropertyValueSpecification","valueRequired":true,"valueName":"search_term_string"}}],"inLanguage":"fr-FR"},{"@type":"Organization","@id":"https:\/\/unrostore.com\/#organization","name":"UNRO","url":"https:\/\/unrostore.com\/","logo":{"@type":"ImageObject","inLanguage":"fr-FR","@id":"https:\/\/unrostore.com\/#\/schema\/logo\/image\/","url":"https:\/\/unrostore.com\/wp-content\/uploads\/2022\/05\/Logo-UNRO.png","contentUrl":"https:\/\/unrostore.com\/wp-content\/uploads\/2022\/05\/Logo-UNRO.png","width":605,"height":179,"caption":"UNRO"},"image":{"@id":"https:\/\/unrostore.com\/#\/schema\/logo\/image\/"}}]}},"_links":{"self":[{"href":"https:\/\/unrostore.com\/fr-fr\/wp-json\/wp\/v2\/product\/7592","targetHints":{"allow":["GET"]}}],"collection":[{"href":"https:\/\/unrostore.com\/fr-fr\/wp-json\/wp\/v2\/product"}],"about":[{"href":"https:\/\/unrostore.com\/fr-fr\/wp-json\/wp\/v2\/types\/product"}],"wp:featuredmedia":[{"embeddable":true,"href":"https:\/\/unrostore.com\/fr-fr\/wp-json\/wp\/v2\/media\/7593"}],"wp:attachment":[{"href":"https:\/\/unrostore.com\/fr-fr\/wp-json\/wp\/v2\/media?parent=7592"}],"wp:term":[{"taxonomy":"product_brand","embeddable":true,"href":"https:\/\/unrostore.com\/fr-fr\/wp-json\/wp\/v2\/product_brand?post=7592"},{"taxonomy":"product_cat","embeddable":true,"href":"https:\/\/unrostore.com\/fr-fr\/wp-json\/wp\/v2\/product_cat?post=7592"},{"taxonomy":"product_tag","embeddable":true,"href":"https:\/\/unrostore.com\/fr-fr\/wp-json\/wp\/v2\/product_tag?post=7592"}],"curies":[{"name":"wp","href":"https:\/\/api.w.org\/{rel}","templated":true}]}}