{"id":7507,"date":"2024-04-26T09:47:47","date_gmt":"2024-04-26T09:47:47","guid":{"rendered":"https:\/\/unrostore.com\/?post_type=product&#038;p=7507"},"modified":"2026-01-19T20:36:31","modified_gmt":"2026-01-19T20:36:31","slug":"amazonia-cream-bowl-set","status":"publish","type":"product","link":"https:\/\/unrostore.com\/fr-fr\/boutique\/terrafina\/creme-damazonie-2\/amazonia-cream-bowl-set\/","title":{"rendered":"Set de bols \u00e0 cr\u00e8me - Amazonia Cream"},"content":{"rendered":"<h3>Magnifique set de bols cr\u00e8me pour un int\u00e9rieur neutre aux tons naturels<\/h3>\n<p>Ce produit subtilement color\u00e9 <strong>ensemble de bols \u00e0 cr\u00e8me<\/strong> provient de la marque portugaise <a href=\"https:\/\/www.terrafinastore.com\/en\/collections\/sail\">Terrafina<\/a> est magnifique sur la table \u00e0 manger pour servir de d\u00e9licieux plats frais. Profiter d'un long d\u00eener n'a jamais \u00e9t\u00e9 aussi \u00e9l\u00e9gant avec ce magnifique service de vaisselle vieux rose lilas couleur cr\u00e8me. Utilisez le bol rond et profond comme coupe \u00e0 fruits ou saladier et les bols ovales cr\u00e8me comme bol \u00e0 encas, bol \u00e0 pain ou pour une salade m\u00e9diterran\u00e9enne caprese. Ces coupes et bols de service en c\u00e9ramique faits \u00e0 la main sont parfaits comme cadeaux pour des amis ou pour \u00eatre combin\u00e9s avec les bols et bols de service en c\u00e9ramique faits \u00e0 la main. <a href=\"https:\/\/unrostore.com\/fr-fr\/boutique\/terrafina\/creme-damazonie-2\/set-de-table-creme-16-pcs-amazonia-creme\/\">service de table cr\u00e8me 16 pi\u00e8ces avec bols et assiettes \u00e0 p\u00e2tes<\/a>, <a href=\"https:\/\/unrostore.com\/fr-fr\/boutique\/terrafina\/creme-damazonie-2\/assiettes-a-diner-amazonia-creme-4-pieces\/\">assiettes \u00e0 d\u00eener cr\u00e8me<\/a> et <a href=\"https:\/\/unrostore.com\/fr-fr\/boutique\/terrafina\/creme-damazonie-2\/assiettes-a-dejeuner-creme-amazonia-creme-4-pieces\/\">assiettes \u00e0 cr\u00e8me pour le petit d\u00e9jeuner<\/a>. Commandez d\u00e8s aujourd'hui et profitez bient\u00f4t de d\u00eeners agr\u00e9ables et \u00e9l\u00e9gants dans votre maison !<\/p>\n<h3>C'est le nombre de plats de service qui vous seront fournis<\/h3>\n<ul>\n<li>1x Grand plat de service (42cm de long)<\/li>\n<li>1x Plat de service moyen (34cm de long)<\/li>\n<li>1x Coupe \u00e0 fruits Amazonia Cream \u00f8 26.5<\/li>\n<li>2x Terrafina bo\u00eete cadeau<\/li>\n<\/ul>\n<p>&nbsp;<\/p>\n<p><em><strong>Durable pour les personnes et l'environnement :<\/strong><br \/>\nChaque produit est unique car il est fabriqu\u00e9 \u00e0 la main.<br \/>\nL'impression et la texture peuvent donc diff\u00e9rer l\u00e9g\u00e8rement de la photo du produit.<\/em><\/p>","protected":false},"excerpt":{"rendered":"<div class=\"usps\"><i class=\"far fa-check-circle\"><\/i> R\u00e9sistant aux micro-ondes<br \/>\n<i class=\"far fa-check-circle\"><\/i> R\u00e9siste au four (jusqu'\u00e0 200 degr\u00e9s)<br \/>\n<i class=\"far fa-check-circle\"><\/i> Lavable au lave-vaisselle<br \/>\n<i class=\"far fa-thumbs-up\"><\/i> Fait \u00e0 la main<\/div>","protected":false},"featured_media":7530,"template":"","meta":[],"product_brand":[],"product_cat":[144,138,119],"product_tag":[145,253,953,601,260,609,875,874,954,252,143,148,149,303,629,123],"class_list":{"0":"post-7507","1":"product","2":"type-product","3":"status-publish","4":"has-post-thumbnail","6":"product_cat-amazonia-cream","7":"product_cat-serveerschalen","8":"product_cat-terrafina","9":"product_tag-amazonia-cream","10":"product_tag-fruitschaal","11":"product_tag-hapjes-schaal","12":"product_tag-hapjesschaal","13":"product_tag-ovaal","14":"product_tag-ovale-schaal","15":"product_tag-ovale-schalen","16":"product_tag-oven-schalen","17":"product_tag-salade-schaal","18":"product_tag-schaal","19":"product_tag-serveerkom","20":"product_tag-serveerschaal","21":"product_tag-serveerschalen","22":"product_tag-serveren","23":"product_tag-slakom","24":"product_tag-terrafina","25":"product_shipping_class-pakket","27":"first","28":"outofstock","29":"sale","30":"taxable","31":"shipping-taxable","32":"purchasable","33":"product-type-simple"},"yoast_head":"<!-- This site is optimized with the Yoast SEO plugin v27.4 - https:\/\/yoast.com\/product\/yoast-seo-wordpress\/ -->\n<title>Creme Schalen Set - Amazonia Cream &#8226; Terrafina &#8226; UNRO<\/title>\n<meta name=\"description\" content=\"Stijvol dineren doe je met de creme schalen set uit Portugal. Laat jouw gerecht stralen en dien deze op in een van de mooie creme keramische schalen!\" \/>\n<meta name=\"robots\" content=\"index, follow, max-snippet:-1, max-image-preview:large, max-video-preview:-1\" \/>\n<link rel=\"canonical\" href=\"https:\/\/unrostore.com\/fr-fr\/boutique\/terrafina\/creme-damazonie-2\/amazonia-cream-bowl-set\/\" \/>\n<meta property=\"og:locale\" content=\"fr_FR\" \/>\n<meta property=\"og:type\" content=\"article\" \/>\n<meta property=\"og:title\" content=\"Creme Schalen Set - Amazonia Cream &#8226; Terrafina &#8226; UNRO\" \/>\n<meta property=\"og:description\" content=\"Stijvol dineren doe je met de creme schalen set uit Portugal. Laat jouw gerecht stralen en dien deze op in een van de mooie creme keramische schalen!\" \/>\n<meta property=\"og:url\" content=\"https:\/\/unrostore.com\/fr-fr\/boutique\/terrafina\/creme-damazonie-2\/amazonia-cream-bowl-set\/\" \/>\n<meta property=\"og:site_name\" content=\"UNRO\" \/>\n<meta property=\"article:modified_time\" content=\"2026-01-19T20:36:31+00:00\" \/>\n<meta property=\"og:image\" content=\"https:\/\/unrostore.com\/wp-content\/uploads\/2024\/04\/unro-creme-serveerschalen-set-amazonia-cream.jpg\" \/>\n\t<meta property=\"og:image:width\" content=\"1000\" \/>\n\t<meta property=\"og:image:height\" content=\"1000\" \/>\n\t<meta property=\"og:image:type\" content=\"image\/jpeg\" \/>\n<meta name=\"twitter:card\" content=\"summary_large_image\" \/>\n<script type=\"application\/ld+json\" class=\"yoast-schema-graph\">{\"@context\":\"https:\\\/\\\/schema.org\",\"@graph\":[{\"@type\":\"WebPage\",\"@id\":\"https:\\\/\\\/unrostore.com\\\/shop\\\/terrafina\\\/amazonia-cream\\\/creme-schalen-set-amazonia-cream\\\/\",\"url\":\"https:\\\/\\\/unrostore.com\\\/shop\\\/terrafina\\\/amazonia-cream\\\/creme-schalen-set-amazonia-cream\\\/\",\"name\":\"Creme Schalen Set - Amazonia Cream &#8226; Terrafina &#8226; UNRO\",\"isPartOf\":{\"@id\":\"https:\\\/\\\/unrostore.com\\\/#website\"},\"primaryImageOfPage\":{\"@id\":\"https:\\\/\\\/unrostore.com\\\/shop\\\/terrafina\\\/amazonia-cream\\\/creme-schalen-set-amazonia-cream\\\/#primaryimage\"},\"image\":{\"@id\":\"https:\\\/\\\/unrostore.com\\\/shop\\\/terrafina\\\/amazonia-cream\\\/creme-schalen-set-amazonia-cream\\\/#primaryimage\"},\"thumbnailUrl\":\"https:\\\/\\\/unrostore.com\\\/wp-content\\\/uploads\\\/2024\\\/04\\\/unro-creme-serveerschalen-set-amazonia-cream.jpg\",\"datePublished\":\"2024-04-26T09:47:47+00:00\",\"dateModified\":\"2026-01-19T20:36:31+00:00\",\"description\":\"Stijvol dineren doe je met de creme schalen set uit Portugal. Laat jouw gerecht stralen en dien deze op in een van de mooie creme keramische schalen!\",\"breadcrumb\":{\"@id\":\"https:\\\/\\\/unrostore.com\\\/shop\\\/terrafina\\\/amazonia-cream\\\/creme-schalen-set-amazonia-cream\\\/#breadcrumb\"},\"inLanguage\":\"fr-FR\",\"potentialAction\":[{\"@type\":\"ReadAction\",\"target\":[\"https:\\\/\\\/unrostore.com\\\/shop\\\/terrafina\\\/amazonia-cream\\\/creme-schalen-set-amazonia-cream\\\/\"]}]},{\"@type\":\"ImageObject\",\"inLanguage\":\"fr-FR\",\"@id\":\"https:\\\/\\\/unrostore.com\\\/shop\\\/terrafina\\\/amazonia-cream\\\/creme-schalen-set-amazonia-cream\\\/#primaryimage\",\"url\":\"https:\\\/\\\/unrostore.com\\\/wp-content\\\/uploads\\\/2024\\\/04\\\/unro-creme-serveerschalen-set-amazonia-cream.jpg\",\"contentUrl\":\"https:\\\/\\\/unrostore.com\\\/wp-content\\\/uploads\\\/2024\\\/04\\\/unro-creme-serveerschalen-set-amazonia-cream.jpg\",\"width\":1000,\"height\":1000,\"caption\":\"creme schalen set\"},{\"@type\":\"BreadcrumbList\",\"@id\":\"https:\\\/\\\/unrostore.com\\\/shop\\\/terrafina\\\/amazonia-cream\\\/creme-schalen-set-amazonia-cream\\\/#breadcrumb\",\"itemListElement\":[{\"@type\":\"ListItem\",\"position\":1,\"name\":\"Home\",\"item\":\"https:\\\/\\\/unrostore.com\\\/\"},{\"@type\":\"ListItem\",\"position\":2,\"name\":\"Shop\",\"item\":\"https:\\\/\\\/unrostore.com\\\/shop\\\/\"},{\"@type\":\"ListItem\",\"position\":3,\"name\":\"Creme Schalen Set &#8211; Amazonia Cream\"}]},{\"@type\":\"WebSite\",\"@id\":\"https:\\\/\\\/unrostore.com\\\/#website\",\"url\":\"https:\\\/\\\/unrostore.com\\\/\",\"name\":\"UNRO\",\"description\":\"Portugees servies waar je blij van wordt!\",\"publisher\":{\"@id\":\"https:\\\/\\\/unrostore.com\\\/#organization\"},\"potentialAction\":[{\"@type\":\"SearchAction\",\"target\":{\"@type\":\"EntryPoint\",\"urlTemplate\":\"https:\\\/\\\/unrostore.com\\\/?s={search_term_string}\"},\"query-input\":{\"@type\":\"PropertyValueSpecification\",\"valueRequired\":true,\"valueName\":\"search_term_string\"}}],\"inLanguage\":\"fr-FR\"},{\"@type\":\"Organization\",\"@id\":\"https:\\\/\\\/unrostore.com\\\/#organization\",\"name\":\"UNRO\",\"url\":\"https:\\\/\\\/unrostore.com\\\/\",\"logo\":{\"@type\":\"ImageObject\",\"inLanguage\":\"fr-FR\",\"@id\":\"https:\\\/\\\/unrostore.com\\\/#\\\/schema\\\/logo\\\/image\\\/\",\"url\":\"https:\\\/\\\/unrostore.com\\\/wp-content\\\/uploads\\\/2022\\\/05\\\/Logo-UNRO.png\",\"contentUrl\":\"https:\\\/\\\/unrostore.com\\\/wp-content\\\/uploads\\\/2022\\\/05\\\/Logo-UNRO.png\",\"width\":605,\"height\":179,\"caption\":\"UNRO\"},\"image\":{\"@id\":\"https:\\\/\\\/unrostore.com\\\/#\\\/schema\\\/logo\\\/image\\\/\"}}]}<\/script>\n<!-- \/ Yoast SEO plugin. -->","yoast_head_json":{"title":"Set de bols \u00e0 cr\u00e8me - Amazonia Cream - Terrafina - UNRO","description":"D\u00eenez avec style gr\u00e2ce \u00e0 l'ensemble de bols cr\u00e8me du Portugal. Faites briller votre plat et servez-le dans l'un de ces magnifiques bols en c\u00e9ramique cr\u00e8me !","robots":{"index":"index","follow":"follow","max-snippet":"max-snippet:-1","max-image-preview":"max-image-preview:large","max-video-preview":"max-video-preview:-1"},"canonical":"https:\/\/unrostore.com\/fr-fr\/boutique\/terrafina\/creme-damazonie-2\/amazonia-cream-bowl-set\/","og_locale":"fr_FR","og_type":"article","og_title":"Creme Schalen Set - Amazonia Cream &#8226; Terrafina &#8226; UNRO","og_description":"Stijvol dineren doe je met de creme schalen set uit Portugal. Laat jouw gerecht stralen en dien deze op in een van de mooie creme keramische schalen!","og_url":"https:\/\/unrostore.com\/fr-fr\/boutique\/terrafina\/creme-damazonie-2\/amazonia-cream-bowl-set\/","og_site_name":"UNRO","article_modified_time":"2026-01-19T20:36:31+00:00","og_image":[{"width":1000,"height":1000,"url":"https:\/\/unrostore.com\/wp-content\/uploads\/2024\/04\/unro-creme-serveerschalen-set-amazonia-cream.jpg","type":"image\/jpeg"}],"twitter_card":"summary_large_image","schema":{"@context":"https:\/\/schema.org","@graph":[{"@type":"WebPage","@id":"https:\/\/unrostore.com\/shop\/terrafina\/amazonia-cream\/creme-schalen-set-amazonia-cream\/","url":"https:\/\/unrostore.com\/shop\/terrafina\/amazonia-cream\/creme-schalen-set-amazonia-cream\/","name":"Set de bols \u00e0 cr\u00e8me - Amazonia Cream - Terrafina - UNRO","isPartOf":{"@id":"https:\/\/unrostore.com\/#website"},"primaryImageOfPage":{"@id":"https:\/\/unrostore.com\/shop\/terrafina\/amazonia-cream\/creme-schalen-set-amazonia-cream\/#primaryimage"},"image":{"@id":"https:\/\/unrostore.com\/shop\/terrafina\/amazonia-cream\/creme-schalen-set-amazonia-cream\/#primaryimage"},"thumbnailUrl":"https:\/\/unrostore.com\/wp-content\/uploads\/2024\/04\/unro-creme-serveerschalen-set-amazonia-cream.jpg","datePublished":"2024-04-26T09:47:47+00:00","dateModified":"2026-01-19T20:36:31+00:00","description":"D\u00eenez avec style gr\u00e2ce \u00e0 l'ensemble de bols cr\u00e8me du Portugal. Faites briller votre plat et servez-le dans l'un de ces magnifiques bols en c\u00e9ramique cr\u00e8me !","breadcrumb":{"@id":"https:\/\/unrostore.com\/shop\/terrafina\/amazonia-cream\/creme-schalen-set-amazonia-cream\/#breadcrumb"},"inLanguage":"fr-FR","potentialAction":[{"@type":"ReadAction","target":["https:\/\/unrostore.com\/shop\/terrafina\/amazonia-cream\/creme-schalen-set-amazonia-cream\/"]}]},{"@type":"ImageObject","inLanguage":"fr-FR","@id":"https:\/\/unrostore.com\/shop\/terrafina\/amazonia-cream\/creme-schalen-set-amazonia-cream\/#primaryimage","url":"https:\/\/unrostore.com\/wp-content\/uploads\/2024\/04\/unro-creme-serveerschalen-set-amazonia-cream.jpg","contentUrl":"https:\/\/unrostore.com\/wp-content\/uploads\/2024\/04\/unro-creme-serveerschalen-set-amazonia-cream.jpg","width":1000,"height":1000,"caption":"creme schalen set"},{"@type":"BreadcrumbList","@id":"https:\/\/unrostore.com\/shop\/terrafina\/amazonia-cream\/creme-schalen-set-amazonia-cream\/#breadcrumb","itemListElement":[{"@type":"ListItem","position":1,"name":"Home","item":"https:\/\/unrostore.com\/"},{"@type":"ListItem","position":2,"name":"Shop","item":"https:\/\/unrostore.com\/shop\/"},{"@type":"ListItem","position":3,"name":"Creme Schalen Set &#8211; Amazonia Cream"}]},{"@type":"WebSite","@id":"https:\/\/unrostore.com\/#website","url":"https:\/\/unrostore.com\/","name":"UNRO","description":"De la vaisselle portugaise qui vous rendra heureux !","publisher":{"@id":"https:\/\/unrostore.com\/#organization"},"potentialAction":[{"@type":"SearchAction","target":{"@type":"EntryPoint","urlTemplate":"https:\/\/unrostore.com\/?s={search_term_string}"},"query-input":{"@type":"PropertyValueSpecification","valueRequired":true,"valueName":"search_term_string"}}],"inLanguage":"fr-FR"},{"@type":"Organization","@id":"https:\/\/unrostore.com\/#organization","name":"UNRO","url":"https:\/\/unrostore.com\/","logo":{"@type":"ImageObject","inLanguage":"fr-FR","@id":"https:\/\/unrostore.com\/#\/schema\/logo\/image\/","url":"https:\/\/unrostore.com\/wp-content\/uploads\/2022\/05\/Logo-UNRO.png","contentUrl":"https:\/\/unrostore.com\/wp-content\/uploads\/2022\/05\/Logo-UNRO.png","width":605,"height":179,"caption":"UNRO"},"image":{"@id":"https:\/\/unrostore.com\/#\/schema\/logo\/image\/"}}]}},"_links":{"self":[{"href":"https:\/\/unrostore.com\/fr-fr\/wp-json\/wp\/v2\/product\/7507","targetHints":{"allow":["GET"]}}],"collection":[{"href":"https:\/\/unrostore.com\/fr-fr\/wp-json\/wp\/v2\/product"}],"about":[{"href":"https:\/\/unrostore.com\/fr-fr\/wp-json\/wp\/v2\/types\/product"}],"wp:featuredmedia":[{"embeddable":true,"href":"https:\/\/unrostore.com\/fr-fr\/wp-json\/wp\/v2\/media\/7530"}],"wp:attachment":[{"href":"https:\/\/unrostore.com\/fr-fr\/wp-json\/wp\/v2\/media?parent=7507"}],"wp:term":[{"taxonomy":"product_brand","embeddable":true,"href":"https:\/\/unrostore.com\/fr-fr\/wp-json\/wp\/v2\/product_brand?post=7507"},{"taxonomy":"product_cat","embeddable":true,"href":"https:\/\/unrostore.com\/fr-fr\/wp-json\/wp\/v2\/product_cat?post=7507"},{"taxonomy":"product_tag","embeddable":true,"href":"https:\/\/unrostore.com\/fr-fr\/wp-json\/wp\/v2\/product_tag?post=7507"}],"curies":[{"name":"wp","href":"https:\/\/api.w.org\/{rel}","templated":true}]}}