{"id":7205,"date":"2024-03-16T12:29:24","date_gmt":"2024-03-16T12:29:24","guid":{"rendered":"https:\/\/unrostore.com\/?post_type=product&#038;p=7205"},"modified":"2026-01-19T20:36:31","modified_gmt":"2026-01-19T20:36:31","slug":"tasse-a-cafe-amazonia-green-1-piece","status":"publish","type":"product","link":"https:\/\/unrostore.com\/fr-fr\/boutique\/tasses-et-mugs\/tasses-a-cafe\/tasse-a-cafe-amazonia-green-1-piece\/","title":{"rendered":"Tasse \u00e0 caf\u00e9 vert 250 ml Amazonia Green - 1 pi\u00e8ce"},"content":{"rendered":"<h3>Une belle et unique tasse \u00e0 caf\u00e9 vert fonc\u00e9 du Portugal<\/h3>\n<p>Le<strong> Tasse \u00e0 caf\u00e9 verte<\/strong>\u00a0de la collection de vaisselle Amazonia Green de la marque portugaise <a href=\"https:\/\/www.terrafinastore.com\/en\/collections\/amazonia\">Terrafina<\/a> est fabriqu\u00e9 \u00e0 la main en c\u00e9ramique de tr\u00e8s haute qualit\u00e9. <span style=\"font-weight: 400;\">La tasse verte est tr\u00e8s agr\u00e9able \u00e0 offrir comme (petit) cadeau ! Par exemple, offrez cette tasse \u00e0 caf\u00e9 verte \u00e0 No\u00ebl, lors d'une pendaison de cr\u00e9maill\u00e8re, d'un anniversaire ou d'une f\u00eate. Mais attention, vous tomberez vous-m\u00eame compl\u00e8tement amoureux de la belle couleur vert fonc\u00e9 de cette tasse \u00e0 caf\u00e9 ! Elle n'est pas seulement id\u00e9ale pour le caf\u00e9 du matin, mais aussi pour le th\u00e9. Combinez cette tasse faite \u00e0 la main avec l'oreille avec la <a href=\"https:\/\/unrostore.com\/fr-fr\/boutique\/terrafina\/vert-damazonie\/amazonia-green-espresso-kopjes-2-delig\/\">Tasses \u00e0 expresso Amazonia Green<\/a>, <a href=\"https:\/\/unrostore.com\/fr-fr\/boutique\/terrafina\/vert-damazonie\/plat-vert-amazonia-vert-2-pieces\/\">Bols verts Amazonia<\/a> et <a href=\"https:\/\/unrostore.com\/fr-fr\/boutique\/terrafina\/vert-damazonie\/gebaksbordjes-groen-amazonia-green-4-delig\/\">Assiettes de petit-d\u00e9jeuner Amazonia Green<\/a> pour un set de petit-d\u00e9jeuner id\u00e9al. Vous commencerez ainsi votre journ\u00e9e avec un grand sourire ! \ud83d\ude00<\/span><\/p>\n<p>&nbsp;<\/p>\n<h3>Voici le nombre de mugs que vous recevrez<\/h3>\n<ul>\n<li>1x Tasse \u00e0 caf\u00e9 Amazonia Green (capacit\u00e9 de 250ml)<\/li>\n<\/ul>\n<p>&nbsp;<\/p>\n<p><em><strong>Durable pour les personnes et l'environnement :<\/strong><br \/>\nChaque produit est unique car il est fabriqu\u00e9 \u00e0 la main.<br \/>\nL'impression et la texture peuvent donc diff\u00e9rer l\u00e9g\u00e8rement de la photo du produit.<\/em><\/p>","protected":false},"excerpt":{"rendered":"<div class=\"usps\"><i class=\"far fa-check-circle\"><\/i> R\u00e9sistant aux micro-ondes<br \/>\n<i class=\"far fa-check-circle\"><\/i> R\u00e9siste au four (jusqu'\u00e0 200 degr\u00e9s)<br \/>\n<i class=\"far fa-check-circle\"><\/i> Lavable au lave-vaisselle<br \/>\n<i class=\"far fa-thumbs-up\"><\/i> Fait \u00e0 la main<\/div>","protected":false},"featured_media":7208,"template":"","meta":[],"product_brand":[],"product_cat":[869,316,170,997,132,870,119],"product_tag":[173,613,928,374,640,929,639,927,635,626,656,790,632],"class_list":{"0":"post-7205","1":"product","2":"type-product","3":"status-publish","4":"has-post-thumbnail","6":"product_cat-unro-cadeautips","7":"product_cat-cappuccino-mokken","8":"product_cat-amazonia-green","9":"product_cat-koffiekopjes","10":"product_cat-kopjes-en-mokken","11":"product_cat-unro-nieuw-portugees-servies","12":"product_cat-terrafina","13":"product_tag-amazonia-green","14":"product_tag-capuccino-mokken","15":"product_tag-groene-koffiemok","16":"product_tag-groene-kopjes","17":"product_tag-groene-mokken","18":"product_tag-groene-theekop","19":"product_tag-grote-mokken","20":"product_tag-koffie-mok","21":"product_tag-koffiemok","22":"product_tag-koffiemokken","23":"product_tag-koffiemokken-groen","24":"product_tag-mokken-met-oor","25":"product_tag-theemokken","26":"product_shipping_class-pakket","28":"first","29":"outofstock","30":"sale","31":"taxable","32":"shipping-taxable","33":"purchasable","34":"product-type-simple"},"yoast_head":"<!-- This site is optimized with the Yoast SEO plugin v27.4 - https:\/\/yoast.com\/product\/yoast-seo-wordpress\/ -->\n<title>Groene Koffiemok 250 ml Amazonia Green - 1 stuk &#8226; UNRO<\/title>\n<meta name=\"description\" content=\"Geniet elke dag van jouw favoriete warme drankje in deze groene koffiemok. De mok wordt met liefde handgemaakt in Portugal op duurzame wijze.\" \/>\n<meta name=\"robots\" content=\"index, follow, max-snippet:-1, max-image-preview:large, max-video-preview:-1\" \/>\n<link rel=\"canonical\" href=\"https:\/\/unrostore.com\/fr-fr\/boutique\/tasses-et-mugs\/tasses-a-cafe\/tasse-a-cafe-amazonia-green-1-piece\/\" \/>\n<meta property=\"og:locale\" content=\"fr_FR\" \/>\n<meta property=\"og:type\" content=\"article\" \/>\n<meta property=\"og:title\" content=\"Groene Koffiemok 250 ml Amazonia Green - 1 stuk &#8226; UNRO\" \/>\n<meta property=\"og:description\" content=\"Geniet elke dag van jouw favoriete warme drankje in deze groene koffiemok. De mok wordt met liefde handgemaakt in Portugal op duurzame wijze.\" \/>\n<meta property=\"og:url\" content=\"https:\/\/unrostore.com\/fr-fr\/boutique\/tasses-et-mugs\/tasses-a-cafe\/tasse-a-cafe-amazonia-green-1-piece\/\" \/>\n<meta property=\"og:site_name\" content=\"UNRO\" \/>\n<meta property=\"article:modified_time\" content=\"2026-01-19T20:36:31+00:00\" \/>\n<meta property=\"og:image\" content=\"https:\/\/unrostore.com\/wp-content\/uploads\/2024\/03\/unro-groene-koffiemok.webp\" \/>\n\t<meta property=\"og:image:width\" content=\"1000\" \/>\n\t<meta property=\"og:image:height\" content=\"1000\" \/>\n\t<meta property=\"og:image:type\" content=\"image\/webp\" \/>\n<meta name=\"twitter:card\" content=\"summary_large_image\" \/>\n<script type=\"application\/ld+json\" class=\"yoast-schema-graph\">{\"@context\":\"https:\\\/\\\/schema.org\",\"@graph\":[{\"@type\":\"WebPage\",\"@id\":\"https:\\\/\\\/unrostore.com\\\/shop\\\/kopjes-en-mokken\\\/koffiekopjes\\\/groene-koffiemok-amazonia-green-1-stuk\\\/\",\"url\":\"https:\\\/\\\/unrostore.com\\\/shop\\\/kopjes-en-mokken\\\/koffiekopjes\\\/groene-koffiemok-amazonia-green-1-stuk\\\/\",\"name\":\"Groene Koffiemok 250 ml Amazonia Green - 1 stuk &#8226; UNRO\",\"isPartOf\":{\"@id\":\"https:\\\/\\\/unrostore.com\\\/#website\"},\"primaryImageOfPage\":{\"@id\":\"https:\\\/\\\/unrostore.com\\\/shop\\\/kopjes-en-mokken\\\/koffiekopjes\\\/groene-koffiemok-amazonia-green-1-stuk\\\/#primaryimage\"},\"image\":{\"@id\":\"https:\\\/\\\/unrostore.com\\\/shop\\\/kopjes-en-mokken\\\/koffiekopjes\\\/groene-koffiemok-amazonia-green-1-stuk\\\/#primaryimage\"},\"thumbnailUrl\":\"https:\\\/\\\/unrostore.com\\\/wp-content\\\/uploads\\\/2024\\\/03\\\/unro-groene-koffiemok.webp\",\"datePublished\":\"2024-03-16T12:29:24+00:00\",\"dateModified\":\"2026-01-19T20:36:31+00:00\",\"description\":\"Geniet elke dag van jouw favoriete warme drankje in deze groene koffiemok. De mok wordt met liefde handgemaakt in Portugal op duurzame wijze.\",\"breadcrumb\":{\"@id\":\"https:\\\/\\\/unrostore.com\\\/shop\\\/kopjes-en-mokken\\\/koffiekopjes\\\/groene-koffiemok-amazonia-green-1-stuk\\\/#breadcrumb\"},\"inLanguage\":\"fr-FR\",\"potentialAction\":[{\"@type\":\"ReadAction\",\"target\":[\"https:\\\/\\\/unrostore.com\\\/shop\\\/kopjes-en-mokken\\\/koffiekopjes\\\/groene-koffiemok-amazonia-green-1-stuk\\\/\"]}]},{\"@type\":\"ImageObject\",\"inLanguage\":\"fr-FR\",\"@id\":\"https:\\\/\\\/unrostore.com\\\/shop\\\/kopjes-en-mokken\\\/koffiekopjes\\\/groene-koffiemok-amazonia-green-1-stuk\\\/#primaryimage\",\"url\":\"https:\\\/\\\/unrostore.com\\\/wp-content\\\/uploads\\\/2024\\\/03\\\/unro-groene-koffiemok.webp\",\"contentUrl\":\"https:\\\/\\\/unrostore.com\\\/wp-content\\\/uploads\\\/2024\\\/03\\\/unro-groene-koffiemok.webp\",\"width\":1000,\"height\":1000,\"caption\":\"groene koffiemok\"},{\"@type\":\"BreadcrumbList\",\"@id\":\"https:\\\/\\\/unrostore.com\\\/shop\\\/kopjes-en-mokken\\\/koffiekopjes\\\/groene-koffiemok-amazonia-green-1-stuk\\\/#breadcrumb\",\"itemListElement\":[{\"@type\":\"ListItem\",\"position\":1,\"name\":\"Home\",\"item\":\"https:\\\/\\\/unrostore.com\\\/\"},{\"@type\":\"ListItem\",\"position\":2,\"name\":\"Shop\",\"item\":\"https:\\\/\\\/unrostore.com\\\/shop\\\/\"},{\"@type\":\"ListItem\",\"position\":3,\"name\":\"Groene Koffiemok 250 ml Amazonia Green &#8211; 1 stuk\"}]},{\"@type\":\"WebSite\",\"@id\":\"https:\\\/\\\/unrostore.com\\\/#website\",\"url\":\"https:\\\/\\\/unrostore.com\\\/\",\"name\":\"UNRO\",\"description\":\"Portugees servies waar je blij van wordt!\",\"publisher\":{\"@id\":\"https:\\\/\\\/unrostore.com\\\/#organization\"},\"potentialAction\":[{\"@type\":\"SearchAction\",\"target\":{\"@type\":\"EntryPoint\",\"urlTemplate\":\"https:\\\/\\\/unrostore.com\\\/?s={search_term_string}\"},\"query-input\":{\"@type\":\"PropertyValueSpecification\",\"valueRequired\":true,\"valueName\":\"search_term_string\"}}],\"inLanguage\":\"fr-FR\"},{\"@type\":\"Organization\",\"@id\":\"https:\\\/\\\/unrostore.com\\\/#organization\",\"name\":\"UNRO\",\"url\":\"https:\\\/\\\/unrostore.com\\\/\",\"logo\":{\"@type\":\"ImageObject\",\"inLanguage\":\"fr-FR\",\"@id\":\"https:\\\/\\\/unrostore.com\\\/#\\\/schema\\\/logo\\\/image\\\/\",\"url\":\"https:\\\/\\\/unrostore.com\\\/wp-content\\\/uploads\\\/2022\\\/05\\\/Logo-UNRO.png\",\"contentUrl\":\"https:\\\/\\\/unrostore.com\\\/wp-content\\\/uploads\\\/2022\\\/05\\\/Logo-UNRO.png\",\"width\":605,\"height\":179,\"caption\":\"UNRO\"},\"image\":{\"@id\":\"https:\\\/\\\/unrostore.com\\\/#\\\/schema\\\/logo\\\/image\\\/\"}}]}<\/script>\n<!-- \/ Yoast SEO plugin. -->","yoast_head_json":{"title":"Tasse \u00e0 caf\u00e9 vert 250 ml Amazonia Green - 1 pi\u00e8ce - UNRO","description":"Savourez votre boisson chaude pr\u00e9f\u00e9r\u00e9e tous les jours dans cette tasse \u00e0 caf\u00e9 verte. La tasse est fabriqu\u00e9e avec amour au Portugal dans le respect du d\u00e9veloppement durable.","robots":{"index":"index","follow":"follow","max-snippet":"max-snippet:-1","max-image-preview":"max-image-preview:large","max-video-preview":"max-video-preview:-1"},"canonical":"https:\/\/unrostore.com\/fr-fr\/boutique\/tasses-et-mugs\/tasses-a-cafe\/tasse-a-cafe-amazonia-green-1-piece\/","og_locale":"fr_FR","og_type":"article","og_title":"Groene Koffiemok 250 ml Amazonia Green - 1 stuk &#8226; UNRO","og_description":"Geniet elke dag van jouw favoriete warme drankje in deze groene koffiemok. De mok wordt met liefde handgemaakt in Portugal op duurzame wijze.","og_url":"https:\/\/unrostore.com\/fr-fr\/boutique\/tasses-et-mugs\/tasses-a-cafe\/tasse-a-cafe-amazonia-green-1-piece\/","og_site_name":"UNRO","article_modified_time":"2026-01-19T20:36:31+00:00","og_image":[{"width":1000,"height":1000,"url":"https:\/\/unrostore.com\/wp-content\/uploads\/2024\/03\/unro-groene-koffiemok.webp","type":"image\/webp"}],"twitter_card":"summary_large_image","schema":{"@context":"https:\/\/schema.org","@graph":[{"@type":"WebPage","@id":"https:\/\/unrostore.com\/shop\/kopjes-en-mokken\/koffiekopjes\/groene-koffiemok-amazonia-green-1-stuk\/","url":"https:\/\/unrostore.com\/shop\/kopjes-en-mokken\/koffiekopjes\/groene-koffiemok-amazonia-green-1-stuk\/","name":"Tasse \u00e0 caf\u00e9 vert 250 ml Amazonia Green - 1 pi\u00e8ce - UNRO","isPartOf":{"@id":"https:\/\/unrostore.com\/#website"},"primaryImageOfPage":{"@id":"https:\/\/unrostore.com\/shop\/kopjes-en-mokken\/koffiekopjes\/groene-koffiemok-amazonia-green-1-stuk\/#primaryimage"},"image":{"@id":"https:\/\/unrostore.com\/shop\/kopjes-en-mokken\/koffiekopjes\/groene-koffiemok-amazonia-green-1-stuk\/#primaryimage"},"thumbnailUrl":"https:\/\/unrostore.com\/wp-content\/uploads\/2024\/03\/unro-groene-koffiemok.webp","datePublished":"2024-03-16T12:29:24+00:00","dateModified":"2026-01-19T20:36:31+00:00","description":"Savourez votre boisson chaude pr\u00e9f\u00e9r\u00e9e tous les jours dans cette tasse \u00e0 caf\u00e9 verte. La tasse est fabriqu\u00e9e avec amour au Portugal dans le respect du d\u00e9veloppement durable.","breadcrumb":{"@id":"https:\/\/unrostore.com\/shop\/kopjes-en-mokken\/koffiekopjes\/groene-koffiemok-amazonia-green-1-stuk\/#breadcrumb"},"inLanguage":"fr-FR","potentialAction":[{"@type":"ReadAction","target":["https:\/\/unrostore.com\/shop\/kopjes-en-mokken\/koffiekopjes\/groene-koffiemok-amazonia-green-1-stuk\/"]}]},{"@type":"ImageObject","inLanguage":"fr-FR","@id":"https:\/\/unrostore.com\/shop\/kopjes-en-mokken\/koffiekopjes\/groene-koffiemok-amazonia-green-1-stuk\/#primaryimage","url":"https:\/\/unrostore.com\/wp-content\/uploads\/2024\/03\/unro-groene-koffiemok.webp","contentUrl":"https:\/\/unrostore.com\/wp-content\/uploads\/2024\/03\/unro-groene-koffiemok.webp","width":1000,"height":1000,"caption":"groene koffiemok"},{"@type":"BreadcrumbList","@id":"https:\/\/unrostore.com\/shop\/kopjes-en-mokken\/koffiekopjes\/groene-koffiemok-amazonia-green-1-stuk\/#breadcrumb","itemListElement":[{"@type":"ListItem","position":1,"name":"Home","item":"https:\/\/unrostore.com\/"},{"@type":"ListItem","position":2,"name":"Shop","item":"https:\/\/unrostore.com\/shop\/"},{"@type":"ListItem","position":3,"name":"Groene Koffiemok 250 ml Amazonia Green &#8211; 1 stuk"}]},{"@type":"WebSite","@id":"https:\/\/unrostore.com\/#website","url":"https:\/\/unrostore.com\/","name":"UNRO","description":"De la vaisselle portugaise qui vous rendra heureux !","publisher":{"@id":"https:\/\/unrostore.com\/#organization"},"potentialAction":[{"@type":"SearchAction","target":{"@type":"EntryPoint","urlTemplate":"https:\/\/unrostore.com\/?s={search_term_string}"},"query-input":{"@type":"PropertyValueSpecification","valueRequired":true,"valueName":"search_term_string"}}],"inLanguage":"fr-FR"},{"@type":"Organization","@id":"https:\/\/unrostore.com\/#organization","name":"UNRO","url":"https:\/\/unrostore.com\/","logo":{"@type":"ImageObject","inLanguage":"fr-FR","@id":"https:\/\/unrostore.com\/#\/schema\/logo\/image\/","url":"https:\/\/unrostore.com\/wp-content\/uploads\/2022\/05\/Logo-UNRO.png","contentUrl":"https:\/\/unrostore.com\/wp-content\/uploads\/2022\/05\/Logo-UNRO.png","width":605,"height":179,"caption":"UNRO"},"image":{"@id":"https:\/\/unrostore.com\/#\/schema\/logo\/image\/"}}]}},"_links":{"self":[{"href":"https:\/\/unrostore.com\/fr-fr\/wp-json\/wp\/v2\/product\/7205","targetHints":{"allow":["GET"]}}],"collection":[{"href":"https:\/\/unrostore.com\/fr-fr\/wp-json\/wp\/v2\/product"}],"about":[{"href":"https:\/\/unrostore.com\/fr-fr\/wp-json\/wp\/v2\/types\/product"}],"wp:featuredmedia":[{"embeddable":true,"href":"https:\/\/unrostore.com\/fr-fr\/wp-json\/wp\/v2\/media\/7208"}],"wp:attachment":[{"href":"https:\/\/unrostore.com\/fr-fr\/wp-json\/wp\/v2\/media?parent=7205"}],"wp:term":[{"taxonomy":"product_brand","embeddable":true,"href":"https:\/\/unrostore.com\/fr-fr\/wp-json\/wp\/v2\/product_brand?post=7205"},{"taxonomy":"product_cat","embeddable":true,"href":"https:\/\/unrostore.com\/fr-fr\/wp-json\/wp\/v2\/product_cat?post=7205"},{"taxonomy":"product_tag","embeddable":true,"href":"https:\/\/unrostore.com\/fr-fr\/wp-json\/wp\/v2\/product_tag?post=7205"}],"curies":[{"name":"wp","href":"https:\/\/api.w.org\/{rel}","templated":true}]}}