{"id":7197,"date":"2024-03-15T20:06:30","date_gmt":"2024-03-15T20:06:30","guid":{"rendered":"https:\/\/unrostore.com\/?post_type=product&#038;p=7197"},"modified":"2026-01-19T20:36:32","modified_gmt":"2026-01-19T20:36:32","slug":"assiettes-a-pates-pierre-noire-4-pieces","status":"publish","type":"product","link":"https:\/\/unrostore.com\/fr-fr\/boutique\/terrafina\/vaisselle-noire-pierre-noire-2\/assiettes-a-pates-pierre-noire-4-pieces\/","title":{"rendered":"Assiettes \u00e0 p\u00e2tes noir Black Stone - 4 pi\u00e8ces"},"content":{"rendered":"<h3>D\u00e9couvrez l'h\u00f4tel chic assiettes \u00e0 p\u00e2tes noires Black Stone set de 4 par Terrafina<\/h3>\n<p>Le jeu de 4 <strong>assiettes \u00e0 p\u00e2tes noires Black Stone <\/strong>par la marque portugaise <a href=\"https:\/\/www.terrafinastore.com\/en\/collections\/sail\">Terrafina<\/a> sont des assiettes noires profondes tr\u00e8s pratiques. Par exemple, gr\u00e2ce \u00e0 leur forme ronde et organique, ces assiettes profondes sont parfaites pour servir d'assiettes \u00e0 p\u00e2tes, d'assiettes \u00e0 soupe et d'assiettes \u00e0 salade. Cette vaisselle noire en c\u00e9ramique artisanale du Portugal respire le luxe et fait briller vos plats sur la table. Surprenez vos amis et votre famille lors d'un d\u00e9jeuner ou d'un d\u00eener agr\u00e9able. Vous souhaitez servir du pain sur la table ou vous \u00eates \u00e0 la recherche d'une petite coupe \u00e0 fruits noire ? Ces saladiers noirs mats sont \u00e9galement tr\u00e8s pratiques. Combinez ces belles assiettes creuses noires avec les assiettes plates noires, <a href=\"https:\/\/unrostore.com\/fr-fr\/boutique\/terrafina\/vaisselle-noire-pierre-noire-2\/bols-noirs-pierre-noire-2-pieces\/?_gl=1*rced8g*_up*MQ..*_ga*MTgxMjAzODEuMTcxMDUzMzQ2NQ..*_ga_QGLN1EFSS8*MTcxMDUzMzQ2NC4xLjAuMTcxMDUzMzQ2NC4wLjAuMTE1NjYzNjA4Mg..\">bols noirs<\/a> et <a href=\"https:\/\/unrostore.com\/fr-fr\/boutique\/terrafina\/vaisselle-noire-pierre-noire-2\/coupe-a-fruits-pierre-noire\/?_gl=1*xpngy2*_up*MQ..*_ga*ODM0MzgwNzIxLjE3MTA1MzM5NzE.*_ga_QGLN1EFSS8*MTcxMDUzMzk2OS4xLjAuMTcxMDUzMzk2OS4wLjAuMTM1MjE2NDUxMw..\">bol \u00e0 fruits\/ saladier noir<\/a>.<\/p>\n<h3>C'est le nombre d'assiettes de p\u00e2tes qui vous sont livr\u00e9es :<\/h3>\n<ul>\n<li><strong>4x<\/strong> Assiettes \u00e0 p\u00e2tes Black Stone \u00f8 23 cm<\/li>\n<li><strong>1x\u00a0<\/strong>Bo\u00eete cadeau de Terrafina<\/li>\n<\/ul>\n<p>&nbsp;<\/p>\n<p><em><strong>Durable pour les personnes et l'environnement :<\/strong><br \/>\nchaque produit est unique car il est fabriqu\u00e9 \u00e0 la main.<br \/>\nL'impression et la texture peuvent donc diff\u00e9rer l\u00e9g\u00e8rement de la photo du produit.<\/em><\/p>","protected":false},"excerpt":{"rendered":"<div class=\"usps\"><i class=\"far fa-check-circle\"><\/i> R\u00e9sistant aux micro-ondes<br \/>\n<i class=\"far fa-check-circle\"><\/i> R\u00e9siste au four (jusqu'\u00e0 200 degr\u00e9s)<br \/>\n<i class=\"far fa-check-circle\"><\/i> Lavable au lave-vaisselle<br \/>\n<i class=\"far fa-thumbs-up\"><\/i> Fait \u00e0 la main<\/div>","protected":false},"featured_media":7199,"template":"","meta":[],"product_brand":[],"product_cat":[235,585,119,384],"product_tag":[696,380,129,752,590,238,601,587,404,243,589,771,582,588,123,383,922],"class_list":{"0":"post-7197","1":"product","2":"type-product","3":"status-publish","4":"has-post-thumbnail","6":"product_cat-borden","7":"product_cat-pastaborden","8":"product_cat-terrafina","9":"product_cat-zwart-servies-black-stone","10":"product_tag-acai-bowl","11":"product_tag-black-stone","12":"product_tag-borden","13":"product_tag-diepbord","14":"product_tag-diepe-borden","15":"product_tag-grote-borden","16":"product_tag-hapjesschaal","17":"product_tag-pasta-borden","18":"product_tag-pastaborden","19":"product_tag-salade-borden","20":"product_tag-saladeborden","21":"product_tag-set-van-4","22":"product_tag-soep-borden","23":"product_tag-soepborden","24":"product_tag-terrafina","25":"product_tag-zwart","26":"product_tag-zwarte","27":"product_shipping_class-pakket","29":"first","30":"outofstock","31":"sale","32":"taxable","33":"shipping-taxable","34":"purchasable","35":"product-type-simple"},"yoast_head":"<!-- This site is optimized with the Yoast SEO plugin v27.4 - https:\/\/yoast.com\/product\/yoast-seo-wordpress\/ -->\n<title>Pastaborden Zwart Black Stone - 4-delig &#8226; UNRO<\/title>\n<meta name=\"description\" content=\"Geniet van een romantisch diner voor twee met een heerlijke pasta royaal geserveerd op deze mooie pastaborden zwart en laat een geweldige indruk achter!\" \/>\n<meta name=\"robots\" content=\"index, follow, max-snippet:-1, max-image-preview:large, max-video-preview:-1\" \/>\n<link rel=\"canonical\" href=\"https:\/\/unrostore.com\/fr-fr\/boutique\/terrafina\/vaisselle-noire-pierre-noire-2\/assiettes-a-pates-pierre-noire-4-pieces\/\" \/>\n<meta property=\"og:locale\" content=\"fr_FR\" \/>\n<meta property=\"og:type\" content=\"article\" \/>\n<meta property=\"og:title\" content=\"Pastaborden Zwart Black Stone - 4-delig &#8226; UNRO\" \/>\n<meta property=\"og:description\" content=\"Geniet van een romantisch diner voor twee met een heerlijke pasta royaal geserveerd op deze mooie pastaborden zwart en laat een geweldige indruk achter!\" \/>\n<meta property=\"og:url\" content=\"https:\/\/unrostore.com\/fr-fr\/boutique\/terrafina\/vaisselle-noire-pierre-noire-2\/assiettes-a-pates-pierre-noire-4-pieces\/\" \/>\n<meta property=\"og:site_name\" content=\"UNRO\" \/>\n<meta property=\"article:modified_time\" content=\"2026-01-19T20:36:32+00:00\" \/>\n<meta property=\"og:image\" content=\"https:\/\/unrostore.com\/wp-content\/uploads\/2024\/03\/unro-zwart-pastabord-portuees-servies.webp\" \/>\n\t<meta property=\"og:image:width\" content=\"1000\" \/>\n\t<meta property=\"og:image:height\" content=\"1000\" \/>\n\t<meta property=\"og:image:type\" content=\"image\/webp\" \/>\n<meta name=\"twitter:card\" content=\"summary_large_image\" \/>\n<script type=\"application\/ld+json\" class=\"yoast-schema-graph\">{\"@context\":\"https:\\\/\\\/schema.org\",\"@graph\":[{\"@type\":\"WebPage\",\"@id\":\"https:\\\/\\\/unrostore.com\\\/shop\\\/terrafina\\\/zwart-servies-black-stone\\\/pastaborden-zwart-black-stone-4-delig\\\/\",\"url\":\"https:\\\/\\\/unrostore.com\\\/shop\\\/terrafina\\\/zwart-servies-black-stone\\\/pastaborden-zwart-black-stone-4-delig\\\/\",\"name\":\"Pastaborden Zwart Black Stone - 4-delig &#8226; UNRO\",\"isPartOf\":{\"@id\":\"https:\\\/\\\/unrostore.com\\\/#website\"},\"primaryImageOfPage\":{\"@id\":\"https:\\\/\\\/unrostore.com\\\/shop\\\/terrafina\\\/zwart-servies-black-stone\\\/pastaborden-zwart-black-stone-4-delig\\\/#primaryimage\"},\"image\":{\"@id\":\"https:\\\/\\\/unrostore.com\\\/shop\\\/terrafina\\\/zwart-servies-black-stone\\\/pastaborden-zwart-black-stone-4-delig\\\/#primaryimage\"},\"thumbnailUrl\":\"https:\\\/\\\/unrostore.com\\\/wp-content\\\/uploads\\\/2024\\\/03\\\/unro-zwart-pastabord-portuees-servies.webp\",\"datePublished\":\"2024-03-15T20:06:30+00:00\",\"dateModified\":\"2026-01-19T20:36:32+00:00\",\"description\":\"Geniet van een romantisch diner voor twee met een heerlijke pasta royaal geserveerd op deze mooie pastaborden zwart en laat een geweldige indruk achter!\",\"breadcrumb\":{\"@id\":\"https:\\\/\\\/unrostore.com\\\/shop\\\/terrafina\\\/zwart-servies-black-stone\\\/pastaborden-zwart-black-stone-4-delig\\\/#breadcrumb\"},\"inLanguage\":\"fr-FR\",\"potentialAction\":[{\"@type\":\"ReadAction\",\"target\":[\"https:\\\/\\\/unrostore.com\\\/shop\\\/terrafina\\\/zwart-servies-black-stone\\\/pastaborden-zwart-black-stone-4-delig\\\/\"]}]},{\"@type\":\"ImageObject\",\"inLanguage\":\"fr-FR\",\"@id\":\"https:\\\/\\\/unrostore.com\\\/shop\\\/terrafina\\\/zwart-servies-black-stone\\\/pastaborden-zwart-black-stone-4-delig\\\/#primaryimage\",\"url\":\"https:\\\/\\\/unrostore.com\\\/wp-content\\\/uploads\\\/2024\\\/03\\\/unro-zwart-pastabord-portuees-servies.webp\",\"contentUrl\":\"https:\\\/\\\/unrostore.com\\\/wp-content\\\/uploads\\\/2024\\\/03\\\/unro-zwart-pastabord-portuees-servies.webp\",\"width\":1000,\"height\":1000,\"caption\":\"pasta borden zwart pastabord\"},{\"@type\":\"BreadcrumbList\",\"@id\":\"https:\\\/\\\/unrostore.com\\\/shop\\\/terrafina\\\/zwart-servies-black-stone\\\/pastaborden-zwart-black-stone-4-delig\\\/#breadcrumb\",\"itemListElement\":[{\"@type\":\"ListItem\",\"position\":1,\"name\":\"Home\",\"item\":\"https:\\\/\\\/unrostore.com\\\/\"},{\"@type\":\"ListItem\",\"position\":2,\"name\":\"Shop\",\"item\":\"https:\\\/\\\/unrostore.com\\\/shop\\\/\"},{\"@type\":\"ListItem\",\"position\":3,\"name\":\"Pastaborden Zwart Black Stone &#8211; 4-delig\"}]},{\"@type\":\"WebSite\",\"@id\":\"https:\\\/\\\/unrostore.com\\\/#website\",\"url\":\"https:\\\/\\\/unrostore.com\\\/\",\"name\":\"UNRO\",\"description\":\"Portugees servies waar je blij van wordt!\",\"publisher\":{\"@id\":\"https:\\\/\\\/unrostore.com\\\/#organization\"},\"potentialAction\":[{\"@type\":\"SearchAction\",\"target\":{\"@type\":\"EntryPoint\",\"urlTemplate\":\"https:\\\/\\\/unrostore.com\\\/?s={search_term_string}\"},\"query-input\":{\"@type\":\"PropertyValueSpecification\",\"valueRequired\":true,\"valueName\":\"search_term_string\"}}],\"inLanguage\":\"fr-FR\"},{\"@type\":\"Organization\",\"@id\":\"https:\\\/\\\/unrostore.com\\\/#organization\",\"name\":\"UNRO\",\"url\":\"https:\\\/\\\/unrostore.com\\\/\",\"logo\":{\"@type\":\"ImageObject\",\"inLanguage\":\"fr-FR\",\"@id\":\"https:\\\/\\\/unrostore.com\\\/#\\\/schema\\\/logo\\\/image\\\/\",\"url\":\"https:\\\/\\\/unrostore.com\\\/wp-content\\\/uploads\\\/2022\\\/05\\\/Logo-UNRO.png\",\"contentUrl\":\"https:\\\/\\\/unrostore.com\\\/wp-content\\\/uploads\\\/2022\\\/05\\\/Logo-UNRO.png\",\"width\":605,\"height\":179,\"caption\":\"UNRO\"},\"image\":{\"@id\":\"https:\\\/\\\/unrostore.com\\\/#\\\/schema\\\/logo\\\/image\\\/\"}}]}<\/script>\n<!-- \/ Yoast SEO plugin. -->","yoast_head_json":{"title":"Assiettes \u00e0 p\u00e2tes Black Black Stone - 4 pi\u00e8ces - UNRO","description":"Profitez d'un d\u00eener romantique \u00e0 deux avec de d\u00e9licieuses p\u00e2tes g\u00e9n\u00e9reusement servies dans ces magnifiques assiettes \u00e0 p\u00e2tes noires et laissez une grande impression !","robots":{"index":"index","follow":"follow","max-snippet":"max-snippet:-1","max-image-preview":"max-image-preview:large","max-video-preview":"max-video-preview:-1"},"canonical":"https:\/\/unrostore.com\/fr-fr\/boutique\/terrafina\/vaisselle-noire-pierre-noire-2\/assiettes-a-pates-pierre-noire-4-pieces\/","og_locale":"fr_FR","og_type":"article","og_title":"Pastaborden Zwart Black Stone - 4-delig &#8226; UNRO","og_description":"Geniet van een romantisch diner voor twee met een heerlijke pasta royaal geserveerd op deze mooie pastaborden zwart en laat een geweldige indruk achter!","og_url":"https:\/\/unrostore.com\/fr-fr\/boutique\/terrafina\/vaisselle-noire-pierre-noire-2\/assiettes-a-pates-pierre-noire-4-pieces\/","og_site_name":"UNRO","article_modified_time":"2026-01-19T20:36:32+00:00","og_image":[{"width":1000,"height":1000,"url":"https:\/\/unrostore.com\/wp-content\/uploads\/2024\/03\/unro-zwart-pastabord-portuees-servies.webp","type":"image\/webp"}],"twitter_card":"summary_large_image","schema":{"@context":"https:\/\/schema.org","@graph":[{"@type":"WebPage","@id":"https:\/\/unrostore.com\/shop\/terrafina\/zwart-servies-black-stone\/pastaborden-zwart-black-stone-4-delig\/","url":"https:\/\/unrostore.com\/shop\/terrafina\/zwart-servies-black-stone\/pastaborden-zwart-black-stone-4-delig\/","name":"Assiettes \u00e0 p\u00e2tes Black Black Stone - 4 pi\u00e8ces - UNRO","isPartOf":{"@id":"https:\/\/unrostore.com\/#website"},"primaryImageOfPage":{"@id":"https:\/\/unrostore.com\/shop\/terrafina\/zwart-servies-black-stone\/pastaborden-zwart-black-stone-4-delig\/#primaryimage"},"image":{"@id":"https:\/\/unrostore.com\/shop\/terrafina\/zwart-servies-black-stone\/pastaborden-zwart-black-stone-4-delig\/#primaryimage"},"thumbnailUrl":"https:\/\/unrostore.com\/wp-content\/uploads\/2024\/03\/unro-zwart-pastabord-portuees-servies.webp","datePublished":"2024-03-15T20:06:30+00:00","dateModified":"2026-01-19T20:36:32+00:00","description":"Profitez d'un d\u00eener romantique \u00e0 deux avec de d\u00e9licieuses p\u00e2tes g\u00e9n\u00e9reusement servies dans ces magnifiques assiettes \u00e0 p\u00e2tes noires et laissez une grande impression !","breadcrumb":{"@id":"https:\/\/unrostore.com\/shop\/terrafina\/zwart-servies-black-stone\/pastaborden-zwart-black-stone-4-delig\/#breadcrumb"},"inLanguage":"fr-FR","potentialAction":[{"@type":"ReadAction","target":["https:\/\/unrostore.com\/shop\/terrafina\/zwart-servies-black-stone\/pastaborden-zwart-black-stone-4-delig\/"]}]},{"@type":"ImageObject","inLanguage":"fr-FR","@id":"https:\/\/unrostore.com\/shop\/terrafina\/zwart-servies-black-stone\/pastaborden-zwart-black-stone-4-delig\/#primaryimage","url":"https:\/\/unrostore.com\/wp-content\/uploads\/2024\/03\/unro-zwart-pastabord-portuees-servies.webp","contentUrl":"https:\/\/unrostore.com\/wp-content\/uploads\/2024\/03\/unro-zwart-pastabord-portuees-servies.webp","width":1000,"height":1000,"caption":"pasta borden zwart pastabord"},{"@type":"BreadcrumbList","@id":"https:\/\/unrostore.com\/shop\/terrafina\/zwart-servies-black-stone\/pastaborden-zwart-black-stone-4-delig\/#breadcrumb","itemListElement":[{"@type":"ListItem","position":1,"name":"Home","item":"https:\/\/unrostore.com\/"},{"@type":"ListItem","position":2,"name":"Shop","item":"https:\/\/unrostore.com\/shop\/"},{"@type":"ListItem","position":3,"name":"Pastaborden Zwart Black Stone &#8211; 4-delig"}]},{"@type":"WebSite","@id":"https:\/\/unrostore.com\/#website","url":"https:\/\/unrostore.com\/","name":"UNRO","description":"De la vaisselle portugaise qui vous rendra heureux !","publisher":{"@id":"https:\/\/unrostore.com\/#organization"},"potentialAction":[{"@type":"SearchAction","target":{"@type":"EntryPoint","urlTemplate":"https:\/\/unrostore.com\/?s={search_term_string}"},"query-input":{"@type":"PropertyValueSpecification","valueRequired":true,"valueName":"search_term_string"}}],"inLanguage":"fr-FR"},{"@type":"Organization","@id":"https:\/\/unrostore.com\/#organization","name":"UNRO","url":"https:\/\/unrostore.com\/","logo":{"@type":"ImageObject","inLanguage":"fr-FR","@id":"https:\/\/unrostore.com\/#\/schema\/logo\/image\/","url":"https:\/\/unrostore.com\/wp-content\/uploads\/2022\/05\/Logo-UNRO.png","contentUrl":"https:\/\/unrostore.com\/wp-content\/uploads\/2022\/05\/Logo-UNRO.png","width":605,"height":179,"caption":"UNRO"},"image":{"@id":"https:\/\/unrostore.com\/#\/schema\/logo\/image\/"}}]}},"_links":{"self":[{"href":"https:\/\/unrostore.com\/fr-fr\/wp-json\/wp\/v2\/product\/7197","targetHints":{"allow":["GET"]}}],"collection":[{"href":"https:\/\/unrostore.com\/fr-fr\/wp-json\/wp\/v2\/product"}],"about":[{"href":"https:\/\/unrostore.com\/fr-fr\/wp-json\/wp\/v2\/types\/product"}],"wp:featuredmedia":[{"embeddable":true,"href":"https:\/\/unrostore.com\/fr-fr\/wp-json\/wp\/v2\/media\/7199"}],"wp:attachment":[{"href":"https:\/\/unrostore.com\/fr-fr\/wp-json\/wp\/v2\/media?parent=7197"}],"wp:term":[{"taxonomy":"product_brand","embeddable":true,"href":"https:\/\/unrostore.com\/fr-fr\/wp-json\/wp\/v2\/product_brand?post=7197"},{"taxonomy":"product_cat","embeddable":true,"href":"https:\/\/unrostore.com\/fr-fr\/wp-json\/wp\/v2\/product_cat?post=7197"},{"taxonomy":"product_tag","embeddable":true,"href":"https:\/\/unrostore.com\/fr-fr\/wp-json\/wp\/v2\/product_tag?post=7197"}],"curies":[{"name":"wp","href":"https:\/\/api.w.org\/{rel}","templated":true}]}}