{"id":7193,"date":"2024-03-15T19:53:06","date_gmt":"2024-03-15T19:53:06","guid":{"rendered":"https:\/\/unrostore.com\/?post_type=product&#038;p=7193"},"modified":"2026-01-19T20:36:32","modified_gmt":"2026-01-19T20:36:32","slug":"assiettes-a-dejeuner-noires-pierre-noire-4-pieces","status":"publish","type":"product","link":"https:\/\/unrostore.com\/fr-fr\/boutique\/terrafina\/vaisselle-noire-pierre-noire-2\/assiettes-a-dejeuner-noires-pierre-noire-4-pieces\/","title":{"rendered":"Assiettes \u00e0 d\u00e9jeuner noires Black Stone - 4 pi\u00e8ces"},"content":{"rendered":"<h3>Hotel chique zwarte ontbijtborden \u2013 4-delig van Terrafina<\/h3>\n<p>Ces<strong> assiettes \u00e0 d\u00e9jeuner noires Black Stone <\/strong>\u00a0ensemble de 4 \u00e0 partir de <a href=\"https:\/\/www.terrafinastore.com\/en\/collections\/sail\">Terrafina<\/a> ont un aspect luxueux. D\u00e9gustez votre plat (d'entr\u00e9e) comme dans un restaurant \u00e0 l'int\u00e9rieur chic. Les petites assiettes noires mates sont id\u00e9ales pour un usage quotidien et rendent les moments sp\u00e9ciaux encore plus sp\u00e9ciaux. Combinez le set d'assiettes noires avec les bols noirs et le set d'assiettes noires avec le set d'assiettes noires et <a href=\"https:\/\/unrostore.com\/fr-fr\/boutique\/terrafina\/vaisselle-noire-pierre-noire-2\/mugs-noirs-pierre-noire\/?_gl=1*1t8ql5h*_up*MQ..*_ga*MTA4OTIxNTUzMi4xNzEwNTMxNjAy*_ga_QGLN1EFSS8*MTcxMDUzMTYwMS4xLjEuMTcxMDUzMTYxMi4wLjAuMTM1MzYwNDYwMA..\">tasses \u00e0 cappuccino noires<\/a> pour un service de petit d\u00e9jeuner noir raffin\u00e9. Ces assiettes \u00e0 g\u00e2teaux noires sont \u00e9galement tr\u00e8s agr\u00e9ables pour votre moment caf\u00e9 et g\u00e2teaux ou lors d'un high tea ou d'une soir\u00e9e tapas \u00e0 la maison!<\/p>\n<h3>Voici le nombre d'assiettes \u00e0 d\u00e9jeuner que vous recevrez<\/h3>\n<ul>\n<li><strong>4x<\/strong> Assiettes \u00e0 d\u00e9jeuner Black Stone \u00f8 21 cm<\/li>\n<li><strong>1x\u00a0<\/strong>Bo\u00eete cadeau de Terrafina<\/li>\n<\/ul>\n<p>\u00a0<\/p>\n<p><em><strong>Duurzaam voor mens & milieu:<\/strong><br \/>\nchaque produit est unique car il est fabriqu\u00e9 \u00e0 la main.<br \/>\nL'impression et la texture peuvent donc diff\u00e9rer l\u00e9g\u00e8rement de la photo du produit.<\/em><\/p>","protected":false},"excerpt":{"rendered":"<div class=\"usps\"><i class=\"far fa-check-circle\"><\/i> R\u00e9sistant aux micro-ondes<br \/>\n<i class=\"far fa-check-circle\"><\/i> R\u00e9siste au four (jusqu'\u00e0 200 degr\u00e9s)<br \/>\n<i class=\"far fa-check-circle\"><\/i> Lavable au lave-vaisselle<br \/>\n<i class=\"far fa-thumbs-up\"><\/i> Fait \u00e0 la main<\/div>","protected":false},"featured_media":7194,"template":"","meta":[],"product_brand":[],"product_cat":[235,317,119,384],"product_tag":[380,286,129,600,596,581,924,714,141,288,289,243,123,925,383,922,923],"class_list":{"0":"post-7193","1":"product","2":"type-product","3":"status-publish","4":"has-post-thumbnail","6":"product_cat-borden","7":"product_cat-ontbijtborden","8":"product_cat-terrafina","9":"product_cat-zwart-servies-black-stone","10":"product_tag-black-stone","11":"product_tag-bord","12":"product_tag-borden","13":"product_tag-gebak","14":"product_tag-gebaksbord","15":"product_tag-gebaksbordjes","16":"product_tag-gebaksbordjes-zwart","17":"product_tag-groene-borden","18":"product_tag-kleine-borden","19":"product_tag-ontbijtbord","20":"product_tag-ontbijtborden","21":"product_tag-salade-borden","22":"product_tag-terrafina","23":"product_tag-voorgerecht","24":"product_tag-zwart","25":"product_tag-zwarte","26":"product_tag-zwarte-gebaksbordjes","27":"product_shipping_class-pakket","29":"first","30":"outofstock","31":"sale","32":"taxable","33":"shipping-taxable","34":"purchasable","35":"product-type-simple"},"yoast_head":"<!-- This site is optimized with the Yoast SEO plugin v27.5 - https:\/\/yoast.com\/product\/yoast-seo-wordpress\/ -->\n<title>Zwarte Ontbijtborden Black Stone - 4-delig &#8226; UNRO<\/title>\n<meta name=\"description\" content=\"Breng de hotel chique sfeer naar jou thuis met deze zwarte ontbijtborden die handgemaakt zijn van hoge kwaliteit keramiek uit Portugal!\" \/>\n<meta name=\"robots\" content=\"index, follow, max-snippet:-1, max-image-preview:large, max-video-preview:-1\" \/>\n<link rel=\"canonical\" href=\"https:\/\/unrostore.com\/fr-fr\/boutique\/terrafina\/vaisselle-noire-pierre-noire-2\/assiettes-a-dejeuner-noires-pierre-noire-4-pieces\/\" \/>\n<meta property=\"og:locale\" content=\"fr_FR\" \/>\n<meta property=\"og:type\" content=\"article\" \/>\n<meta property=\"og:title\" content=\"Zwarte Ontbijtborden Black Stone - 4-delig &#8226; UNRO\" \/>\n<meta property=\"og:description\" content=\"Breng de hotel chique sfeer naar jou thuis met deze zwarte ontbijtborden die handgemaakt zijn van hoge kwaliteit keramiek uit Portugal!\" \/>\n<meta property=\"og:url\" content=\"https:\/\/unrostore.com\/fr-fr\/boutique\/terrafina\/vaisselle-noire-pierre-noire-2\/assiettes-a-dejeuner-noires-pierre-noire-4-pieces\/\" \/>\n<meta property=\"og:site_name\" content=\"UNRO\" \/>\n<meta property=\"article:modified_time\" content=\"2026-01-19T20:36:32+00:00\" \/>\n<meta property=\"og:image\" content=\"https:\/\/unrostore.com\/wp-content\/uploads\/2024\/03\/unro-zwart-ontbijtbord-black-stone-portugees-servies.webp\" \/>\n\t<meta property=\"og:image:width\" content=\"1000\" \/>\n\t<meta property=\"og:image:height\" content=\"1000\" \/>\n\t<meta property=\"og:image:type\" content=\"image\/webp\" \/>\n<meta name=\"twitter:card\" content=\"summary_large_image\" \/>\n<script type=\"application\/ld+json\" class=\"yoast-schema-graph\">{\"@context\":\"https:\\\/\\\/schema.org\",\"@graph\":[{\"@type\":\"WebPage\",\"@id\":\"https:\\\/\\\/unrostore.com\\\/shop\\\/terrafina\\\/zwart-servies-black-stone\\\/zwarte-ontbijtborden-black-stone-4-delig\\\/\",\"url\":\"https:\\\/\\\/unrostore.com\\\/shop\\\/terrafina\\\/zwart-servies-black-stone\\\/zwarte-ontbijtborden-black-stone-4-delig\\\/\",\"name\":\"Zwarte Ontbijtborden Black Stone - 4-delig &#8226; UNRO\",\"isPartOf\":{\"@id\":\"https:\\\/\\\/unrostore.com\\\/#website\"},\"primaryImageOfPage\":{\"@id\":\"https:\\\/\\\/unrostore.com\\\/shop\\\/terrafina\\\/zwart-servies-black-stone\\\/zwarte-ontbijtborden-black-stone-4-delig\\\/#primaryimage\"},\"image\":{\"@id\":\"https:\\\/\\\/unrostore.com\\\/shop\\\/terrafina\\\/zwart-servies-black-stone\\\/zwarte-ontbijtborden-black-stone-4-delig\\\/#primaryimage\"},\"thumbnailUrl\":\"https:\\\/\\\/unrostore.com\\\/wp-content\\\/uploads\\\/2024\\\/03\\\/unro-zwart-ontbijtbord-black-stone-portugees-servies.webp\",\"datePublished\":\"2024-03-15T19:53:06+00:00\",\"dateModified\":\"2026-01-19T20:36:32+00:00\",\"description\":\"Breng de hotel chique sfeer naar jou thuis met deze zwarte ontbijtborden die handgemaakt zijn van hoge kwaliteit keramiek uit Portugal!\",\"breadcrumb\":{\"@id\":\"https:\\\/\\\/unrostore.com\\\/shop\\\/terrafina\\\/zwart-servies-black-stone\\\/zwarte-ontbijtborden-black-stone-4-delig\\\/#breadcrumb\"},\"inLanguage\":\"fr-FR\",\"potentialAction\":[{\"@type\":\"ReadAction\",\"target\":[\"https:\\\/\\\/unrostore.com\\\/shop\\\/terrafina\\\/zwart-servies-black-stone\\\/zwarte-ontbijtborden-black-stone-4-delig\\\/\"]}]},{\"@type\":\"ImageObject\",\"inLanguage\":\"fr-FR\",\"@id\":\"https:\\\/\\\/unrostore.com\\\/shop\\\/terrafina\\\/zwart-servies-black-stone\\\/zwarte-ontbijtborden-black-stone-4-delig\\\/#primaryimage\",\"url\":\"https:\\\/\\\/unrostore.com\\\/wp-content\\\/uploads\\\/2024\\\/03\\\/unro-zwart-ontbijtbord-black-stone-portugees-servies.webp\",\"contentUrl\":\"https:\\\/\\\/unrostore.com\\\/wp-content\\\/uploads\\\/2024\\\/03\\\/unro-zwart-ontbijtbord-black-stone-portugees-servies.webp\",\"width\":1000,\"height\":1000,\"caption\":\"zwarte ontbijtborden set van 4\"},{\"@type\":\"BreadcrumbList\",\"@id\":\"https:\\\/\\\/unrostore.com\\\/shop\\\/terrafina\\\/zwart-servies-black-stone\\\/zwarte-ontbijtborden-black-stone-4-delig\\\/#breadcrumb\",\"itemListElement\":[{\"@type\":\"ListItem\",\"position\":1,\"name\":\"Home\",\"item\":\"https:\\\/\\\/unrostore.com\\\/\"},{\"@type\":\"ListItem\",\"position\":2,\"name\":\"Shop\",\"item\":\"https:\\\/\\\/unrostore.com\\\/shop\\\/\"},{\"@type\":\"ListItem\",\"position\":3,\"name\":\"Zwarte Ontbijtborden Black Stone &#8211; 4-delig\"}]},{\"@type\":\"WebSite\",\"@id\":\"https:\\\/\\\/unrostore.com\\\/#website\",\"url\":\"https:\\\/\\\/unrostore.com\\\/\",\"name\":\"UNRO\",\"description\":\"Portugees servies waar je blij van wordt!\",\"publisher\":{\"@id\":\"https:\\\/\\\/unrostore.com\\\/#organization\"},\"potentialAction\":[{\"@type\":\"SearchAction\",\"target\":{\"@type\":\"EntryPoint\",\"urlTemplate\":\"https:\\\/\\\/unrostore.com\\\/?s={search_term_string}\"},\"query-input\":{\"@type\":\"PropertyValueSpecification\",\"valueRequired\":true,\"valueName\":\"search_term_string\"}}],\"inLanguage\":\"fr-FR\"},{\"@type\":\"Organization\",\"@id\":\"https:\\\/\\\/unrostore.com\\\/#organization\",\"name\":\"UNRO\",\"url\":\"https:\\\/\\\/unrostore.com\\\/\",\"logo\":{\"@type\":\"ImageObject\",\"inLanguage\":\"fr-FR\",\"@id\":\"https:\\\/\\\/unrostore.com\\\/#\\\/schema\\\/logo\\\/image\\\/\",\"url\":\"https:\\\/\\\/unrostore.com\\\/wp-content\\\/uploads\\\/2022\\\/05\\\/Logo-UNRO.png\",\"contentUrl\":\"https:\\\/\\\/unrostore.com\\\/wp-content\\\/uploads\\\/2022\\\/05\\\/Logo-UNRO.png\",\"width\":605,\"height\":179,\"caption\":\"UNRO\"},\"image\":{\"@id\":\"https:\\\/\\\/unrostore.com\\\/#\\\/schema\\\/logo\\\/image\\\/\"}}]}<\/script>\n<!-- \/ Yoast SEO plugin. -->","yoast_head_json":{"title":"Assiettes \u00e0 d\u00e9jeuner noires Black Stone - 4 pi\u00e8ces - UNRO","description":"Apportez l'atmosph\u00e8re d'un h\u00f4tel chic \u00e0 votre maison avec ces assiettes \u00e0 d\u00e9jeuner noires fabriqu\u00e9es \u00e0 la main en c\u00e9ramique de haute qualit\u00e9 du Portugal !","robots":{"index":"index","follow":"follow","max-snippet":"max-snippet:-1","max-image-preview":"max-image-preview:large","max-video-preview":"max-video-preview:-1"},"canonical":"https:\/\/unrostore.com\/fr-fr\/boutique\/terrafina\/vaisselle-noire-pierre-noire-2\/assiettes-a-dejeuner-noires-pierre-noire-4-pieces\/","og_locale":"fr_FR","og_type":"article","og_title":"Zwarte Ontbijtborden Black Stone - 4-delig &#8226; UNRO","og_description":"Breng de hotel chique sfeer naar jou thuis met deze zwarte ontbijtborden die handgemaakt zijn van hoge kwaliteit keramiek uit Portugal!","og_url":"https:\/\/unrostore.com\/fr-fr\/boutique\/terrafina\/vaisselle-noire-pierre-noire-2\/assiettes-a-dejeuner-noires-pierre-noire-4-pieces\/","og_site_name":"UNRO","article_modified_time":"2026-01-19T20:36:32+00:00","og_image":[{"width":1000,"height":1000,"url":"https:\/\/unrostore.com\/wp-content\/uploads\/2024\/03\/unro-zwart-ontbijtbord-black-stone-portugees-servies.webp","type":"image\/webp"}],"twitter_card":"summary_large_image","schema":{"@context":"https:\/\/schema.org","@graph":[{"@type":"WebPage","@id":"https:\/\/unrostore.com\/shop\/terrafina\/zwart-servies-black-stone\/zwarte-ontbijtborden-black-stone-4-delig\/","url":"https:\/\/unrostore.com\/shop\/terrafina\/zwart-servies-black-stone\/zwarte-ontbijtborden-black-stone-4-delig\/","name":"Assiettes \u00e0 d\u00e9jeuner noires Black Stone - 4 pi\u00e8ces - UNRO","isPartOf":{"@id":"https:\/\/unrostore.com\/#website"},"primaryImageOfPage":{"@id":"https:\/\/unrostore.com\/shop\/terrafina\/zwart-servies-black-stone\/zwarte-ontbijtborden-black-stone-4-delig\/#primaryimage"},"image":{"@id":"https:\/\/unrostore.com\/shop\/terrafina\/zwart-servies-black-stone\/zwarte-ontbijtborden-black-stone-4-delig\/#primaryimage"},"thumbnailUrl":"https:\/\/unrostore.com\/wp-content\/uploads\/2024\/03\/unro-zwart-ontbijtbord-black-stone-portugees-servies.webp","datePublished":"2024-03-15T19:53:06+00:00","dateModified":"2026-01-19T20:36:32+00:00","description":"Apportez l'atmosph\u00e8re d'un h\u00f4tel chic \u00e0 votre maison avec ces assiettes \u00e0 d\u00e9jeuner noires fabriqu\u00e9es \u00e0 la main en c\u00e9ramique de haute qualit\u00e9 du Portugal !","breadcrumb":{"@id":"https:\/\/unrostore.com\/shop\/terrafina\/zwart-servies-black-stone\/zwarte-ontbijtborden-black-stone-4-delig\/#breadcrumb"},"inLanguage":"fr-FR","potentialAction":[{"@type":"ReadAction","target":["https:\/\/unrostore.com\/shop\/terrafina\/zwart-servies-black-stone\/zwarte-ontbijtborden-black-stone-4-delig\/"]}]},{"@type":"ImageObject","inLanguage":"fr-FR","@id":"https:\/\/unrostore.com\/shop\/terrafina\/zwart-servies-black-stone\/zwarte-ontbijtborden-black-stone-4-delig\/#primaryimage","url":"https:\/\/unrostore.com\/wp-content\/uploads\/2024\/03\/unro-zwart-ontbijtbord-black-stone-portugees-servies.webp","contentUrl":"https:\/\/unrostore.com\/wp-content\/uploads\/2024\/03\/unro-zwart-ontbijtbord-black-stone-portugees-servies.webp","width":1000,"height":1000,"caption":"zwarte ontbijtborden set van 4"},{"@type":"BreadcrumbList","@id":"https:\/\/unrostore.com\/shop\/terrafina\/zwart-servies-black-stone\/zwarte-ontbijtborden-black-stone-4-delig\/#breadcrumb","itemListElement":[{"@type":"ListItem","position":1,"name":"Home","item":"https:\/\/unrostore.com\/"},{"@type":"ListItem","position":2,"name":"Shop","item":"https:\/\/unrostore.com\/shop\/"},{"@type":"ListItem","position":3,"name":"Zwarte Ontbijtborden Black Stone &#8211; 4-delig"}]},{"@type":"WebSite","@id":"https:\/\/unrostore.com\/#website","url":"https:\/\/unrostore.com\/","name":"UNRO","description":"De la vaisselle portugaise qui vous rendra heureux !","publisher":{"@id":"https:\/\/unrostore.com\/#organization"},"potentialAction":[{"@type":"SearchAction","target":{"@type":"EntryPoint","urlTemplate":"https:\/\/unrostore.com\/?s={search_term_string}"},"query-input":{"@type":"PropertyValueSpecification","valueRequired":true,"valueName":"search_term_string"}}],"inLanguage":"fr-FR"},{"@type":"Organization","@id":"https:\/\/unrostore.com\/#organization","name":"UNRO","url":"https:\/\/unrostore.com\/","logo":{"@type":"ImageObject","inLanguage":"fr-FR","@id":"https:\/\/unrostore.com\/#\/schema\/logo\/image\/","url":"https:\/\/unrostore.com\/wp-content\/uploads\/2022\/05\/Logo-UNRO.png","contentUrl":"https:\/\/unrostore.com\/wp-content\/uploads\/2022\/05\/Logo-UNRO.png","width":605,"height":179,"caption":"UNRO"},"image":{"@id":"https:\/\/unrostore.com\/#\/schema\/logo\/image\/"}}]}},"_links":{"self":[{"href":"https:\/\/unrostore.com\/fr-fr\/wp-json\/wp\/v2\/product\/7193","targetHints":{"allow":["GET"]}}],"collection":[{"href":"https:\/\/unrostore.com\/fr-fr\/wp-json\/wp\/v2\/product"}],"about":[{"href":"https:\/\/unrostore.com\/fr-fr\/wp-json\/wp\/v2\/types\/product"}],"wp:featuredmedia":[{"embeddable":true,"href":"https:\/\/unrostore.com\/fr-fr\/wp-json\/wp\/v2\/media\/7194"}],"wp:attachment":[{"href":"https:\/\/unrostore.com\/fr-fr\/wp-json\/wp\/v2\/media?parent=7193"}],"wp:term":[{"taxonomy":"product_brand","embeddable":true,"href":"https:\/\/unrostore.com\/fr-fr\/wp-json\/wp\/v2\/product_brand?post=7193"},{"taxonomy":"product_cat","embeddable":true,"href":"https:\/\/unrostore.com\/fr-fr\/wp-json\/wp\/v2\/product_cat?post=7193"},{"taxonomy":"product_tag","embeddable":true,"href":"https:\/\/unrostore.com\/fr-fr\/wp-json\/wp\/v2\/product_tag?post=7193"}],"curies":[{"name":"wp","href":"https:\/\/api.w.org\/{rel}","templated":true}]}}