{"id":7189,"date":"2024-03-15T19:30:03","date_gmt":"2024-03-15T19:30:03","guid":{"rendered":"https:\/\/unrostore.com\/?post_type=product&#038;p=7189"},"modified":"2026-01-19T20:36:32","modified_gmt":"2026-01-19T20:36:32","slug":"bols-noirs-pierre-noire-2-pieces","status":"publish","type":"product","link":"https:\/\/unrostore.com\/fr-fr\/boutique\/terrafina\/vaisselle-noire-pierre-noire-2\/bols-noirs-pierre-noire-2-pieces\/","title":{"rendered":"Bols noirs Black Stone - 2 pi\u00e8ces"},"content":{"rendered":"<h3>Bols noirs Black Stone - 2 pi\u00e8ces<\/h3>\n<p>Cet ensemble de 2 magnifiques <strong>vaisselle noire <\/strong><strong>Black Stone<\/strong>\u00a0de <a href=\"https:\/\/www.terrafinastore.com\/en\/collections\/sail\">Terrafina<\/a> Le bol noir a un aspect chic sur votre table \u00e0 manger. La taille moyenne des bols noirs est tr\u00e8s polyvalente et peut \u00eatre utilis\u00e9e comme bol \u00e0 petit-d\u00e9jeuner, bol \u00e0 tapas, bol \u00e0 soupe et bol \u00e0 collation. Savourez un yaourt ou du muesli tous les jours au petit-d\u00e9jeuner dans ce bol noir fabriqu\u00e9 \u00e0 la main en c\u00e9ramique portugaise de haute qualit\u00e9. La texture mate irr\u00e9guli\u00e8re et subtilement brillante des bols noirs respire le luxe. Compl\u00e9tez votre set de petit-d\u00e9jeuner en combinant ce set de 2 bols avec le set de 2 bols en c\u00e9ramique <a href=\"https:\/\/unrostore.com\/fr-fr\/boutique\/terrafina\/vaisselle-noire-pierre-noire-2\/assiettes-a-dejeuner-noires-pierre-noire-4-pieces\/?_gl=1*1vcs9jy*_up*MQ..*_ga*NzY1NjU5OTc5LjE3MTA1MzI5Mjc.*_ga_QGLN1EFSS8*MTcxMDUzMjkyNS4xLjAuMTcxMDUzMjkyNS4wLjAuMTk5OTUzMzMwMQ..\">assiettes \u00e0 d\u00e9jeuner noires<\/a> et <a href=\"https:\/\/unrostore.com\/fr-fr\/boutique\/terrafina\/vaisselle-noire-pierre-noire-2\/mugs-noirs-pierre-noire\/?_gl=1*1t8ql5h*_up*MQ..*_ga*MTA4OTIxNTUzMi4xNzEwNTMxNjAy*_ga_QGLN1EFSS8*MTcxMDUzMTYwMS4xLjEuMTcxMDUzMTYxMi4wLjAuMTM1MzYwNDYwMA..\">tasses \u00e0 cappuccino noires<\/a>.<\/p>\n<h3>C'est le nombre de bols qui vous sont livr\u00e9s.<\/h3>\n<ul>\n<li><strong>2x <\/strong>Bols Black Stone \u00f8 15 cm<\/li>\n<li><strong>1x<\/strong> Bo\u00eete cadeau Terrafina<\/li>\n<\/ul>\n<p><em><strong><br \/>\nDurable pour les personnes et l'environnement :<\/strong><br \/>\n<\/em><em>Chaque produit est unique car il est fabriqu\u00e9 \u00e0 la main.<br \/>\nL'impression et la texture peuvent donc diff\u00e9rer l\u00e9g\u00e8rement de la photo du produit.<\/em><\/p>","protected":false},"excerpt":{"rendered":"<div class=\"usps\"><i class=\"far fa-check-circle\"><\/i> R\u00e9sistant aux micro-ondes<br \/>\n<i class=\"far fa-check-circle\"><\/i> R\u00e9siste au four (jusqu'\u00e0 200 degr\u00e9s)<br \/>\n<i class=\"far fa-check-circle\"><\/i> Lavable au lave-vaisselle<br \/>\n<i class=\"far fa-thumbs-up\"><\/i> Fait \u00e0 la main<\/div>","protected":false},"featured_media":7190,"template":"","meta":[],"product_brand":[],"product_cat":[135,119,384],"product_tag":[380,137,131,291,242,602,677,334,683,691,123,383,922],"class_list":{"0":"post-7189","1":"product","2":"type-product","3":"status-publish","4":"has-post-thumbnail","6":"product_cat-kommen","7":"product_cat-terrafina","8":"product_cat-zwart-servies-black-stone","9":"product_tag-black-stone","10":"product_tag-kom","11":"product_tag-kommen","12":"product_tag-kommetjes","13":"product_tag-ontbijt","14":"product_tag-ontbijtkom","15":"product_tag-schaaltjes","16":"product_tag-schalen","17":"product_tag-soepkom","18":"product_tag-tapasschaaltjes","19":"product_tag-terrafina","20":"product_tag-zwart","21":"product_tag-zwarte","23":"first","24":"outofstock","25":"sale","26":"taxable","27":"shipping-taxable","28":"purchasable","29":"product-type-simple"},"yoast_head":"<!-- This site is optimized with the Yoast SEO plugin v27.4 - https:\/\/yoast.com\/product\/yoast-seo-wordpress\/ -->\n<title>Zwarte Schaaltjes Black Stone - 2-delig &#8226; UNRO<\/title>\n<meta name=\"description\" content=\"Stijlvolle zwarte schaaltjes voor jouw muesli of yoghurt in de ochtend en voor een heerlijk soepje of klein hapje in de avond voor een hotel chique sfeer.\" \/>\n<meta name=\"robots\" content=\"index, follow, max-snippet:-1, max-image-preview:large, max-video-preview:-1\" \/>\n<link rel=\"canonical\" href=\"https:\/\/unrostore.com\/fr-fr\/boutique\/terrafina\/vaisselle-noire-pierre-noire-2\/bols-noirs-pierre-noire-2-pieces\/\" \/>\n<meta property=\"og:locale\" content=\"fr_FR\" \/>\n<meta property=\"og:type\" content=\"article\" \/>\n<meta property=\"og:title\" content=\"Zwarte Schaaltjes Black Stone - 2-delig &#8226; UNRO\" \/>\n<meta property=\"og:description\" content=\"Stijlvolle zwarte schaaltjes voor jouw muesli of yoghurt in de ochtend en voor een heerlijk soepje of klein hapje in de avond voor een hotel chique sfeer.\" \/>\n<meta property=\"og:url\" content=\"https:\/\/unrostore.com\/fr-fr\/boutique\/terrafina\/vaisselle-noire-pierre-noire-2\/bols-noirs-pierre-noire-2-pieces\/\" \/>\n<meta property=\"og:site_name\" content=\"UNRO\" \/>\n<meta property=\"article:modified_time\" content=\"2026-01-19T20:36:32+00:00\" \/>\n<meta property=\"og:image\" content=\"https:\/\/unrostore.com\/wp-content\/uploads\/2024\/03\/unro-zwart-kommetje-portugees-servies-zwart.jpg\" \/>\n\t<meta property=\"og:image:width\" content=\"1000\" \/>\n\t<meta property=\"og:image:height\" content=\"1000\" \/>\n\t<meta property=\"og:image:type\" content=\"image\/jpeg\" \/>\n<meta name=\"twitter:card\" content=\"summary_large_image\" \/>\n<script type=\"application\/ld+json\" class=\"yoast-schema-graph\">{\"@context\":\"https:\\\/\\\/schema.org\",\"@graph\":[{\"@type\":\"WebPage\",\"@id\":\"https:\\\/\\\/unrostore.com\\\/shop\\\/terrafina\\\/zwart-servies-black-stone\\\/zwarte-schaaltjes-black-stone-2-delig\\\/\",\"url\":\"https:\\\/\\\/unrostore.com\\\/shop\\\/terrafina\\\/zwart-servies-black-stone\\\/zwarte-schaaltjes-black-stone-2-delig\\\/\",\"name\":\"Zwarte Schaaltjes Black Stone - 2-delig &#8226; UNRO\",\"isPartOf\":{\"@id\":\"https:\\\/\\\/unrostore.com\\\/#website\"},\"primaryImageOfPage\":{\"@id\":\"https:\\\/\\\/unrostore.com\\\/shop\\\/terrafina\\\/zwart-servies-black-stone\\\/zwarte-schaaltjes-black-stone-2-delig\\\/#primaryimage\"},\"image\":{\"@id\":\"https:\\\/\\\/unrostore.com\\\/shop\\\/terrafina\\\/zwart-servies-black-stone\\\/zwarte-schaaltjes-black-stone-2-delig\\\/#primaryimage\"},\"thumbnailUrl\":\"https:\\\/\\\/unrostore.com\\\/wp-content\\\/uploads\\\/2024\\\/03\\\/unro-zwart-kommetje-portugees-servies-zwart.jpg\",\"datePublished\":\"2024-03-15T19:30:03+00:00\",\"dateModified\":\"2026-01-19T20:36:32+00:00\",\"description\":\"Stijlvolle zwarte schaaltjes voor jouw muesli of yoghurt in de ochtend en voor een heerlijk soepje of klein hapje in de avond voor een hotel chique sfeer.\",\"breadcrumb\":{\"@id\":\"https:\\\/\\\/unrostore.com\\\/shop\\\/terrafina\\\/zwart-servies-black-stone\\\/zwarte-schaaltjes-black-stone-2-delig\\\/#breadcrumb\"},\"inLanguage\":\"fr-FR\",\"potentialAction\":[{\"@type\":\"ReadAction\",\"target\":[\"https:\\\/\\\/unrostore.com\\\/shop\\\/terrafina\\\/zwart-servies-black-stone\\\/zwarte-schaaltjes-black-stone-2-delig\\\/\"]}]},{\"@type\":\"ImageObject\",\"inLanguage\":\"fr-FR\",\"@id\":\"https:\\\/\\\/unrostore.com\\\/shop\\\/terrafina\\\/zwart-servies-black-stone\\\/zwarte-schaaltjes-black-stone-2-delig\\\/#primaryimage\",\"url\":\"https:\\\/\\\/unrostore.com\\\/wp-content\\\/uploads\\\/2024\\\/03\\\/unro-zwart-kommetje-portugees-servies-zwart.jpg\",\"contentUrl\":\"https:\\\/\\\/unrostore.com\\\/wp-content\\\/uploads\\\/2024\\\/03\\\/unro-zwart-kommetje-portugees-servies-zwart.jpg\",\"width\":1000,\"height\":1000,\"caption\":\"zwarte schaaltjes set van 2 kommen zwart\"},{\"@type\":\"BreadcrumbList\",\"@id\":\"https:\\\/\\\/unrostore.com\\\/shop\\\/terrafina\\\/zwart-servies-black-stone\\\/zwarte-schaaltjes-black-stone-2-delig\\\/#breadcrumb\",\"itemListElement\":[{\"@type\":\"ListItem\",\"position\":1,\"name\":\"Home\",\"item\":\"https:\\\/\\\/unrostore.com\\\/\"},{\"@type\":\"ListItem\",\"position\":2,\"name\":\"Shop\",\"item\":\"https:\\\/\\\/unrostore.com\\\/shop\\\/\"},{\"@type\":\"ListItem\",\"position\":3,\"name\":\"Zwarte Schaaltjes Black Stone &#8211; 2-delig\"}]},{\"@type\":\"WebSite\",\"@id\":\"https:\\\/\\\/unrostore.com\\\/#website\",\"url\":\"https:\\\/\\\/unrostore.com\\\/\",\"name\":\"UNRO\",\"description\":\"Portugees servies waar je blij van wordt!\",\"publisher\":{\"@id\":\"https:\\\/\\\/unrostore.com\\\/#organization\"},\"potentialAction\":[{\"@type\":\"SearchAction\",\"target\":{\"@type\":\"EntryPoint\",\"urlTemplate\":\"https:\\\/\\\/unrostore.com\\\/?s={search_term_string}\"},\"query-input\":{\"@type\":\"PropertyValueSpecification\",\"valueRequired\":true,\"valueName\":\"search_term_string\"}}],\"inLanguage\":\"fr-FR\"},{\"@type\":\"Organization\",\"@id\":\"https:\\\/\\\/unrostore.com\\\/#organization\",\"name\":\"UNRO\",\"url\":\"https:\\\/\\\/unrostore.com\\\/\",\"logo\":{\"@type\":\"ImageObject\",\"inLanguage\":\"fr-FR\",\"@id\":\"https:\\\/\\\/unrostore.com\\\/#\\\/schema\\\/logo\\\/image\\\/\",\"url\":\"https:\\\/\\\/unrostore.com\\\/wp-content\\\/uploads\\\/2022\\\/05\\\/Logo-UNRO.png\",\"contentUrl\":\"https:\\\/\\\/unrostore.com\\\/wp-content\\\/uploads\\\/2022\\\/05\\\/Logo-UNRO.png\",\"width\":605,\"height\":179,\"caption\":\"UNRO\"},\"image\":{\"@id\":\"https:\\\/\\\/unrostore.com\\\/#\\\/schema\\\/logo\\\/image\\\/\"}}]}<\/script>\n<!-- \/ Yoast SEO plugin. -->","yoast_head_json":{"title":"Bols noirs Pierre noire - 2 pi\u00e8ces - UNRO","description":"Des bols noirs \u00e9l\u00e9gants pour votre muesli ou votre yaourt le matin et pour une d\u00e9licieuse soupe ou un petit en-cas le soir pour une ambiance h\u00f4tel chic.","robots":{"index":"index","follow":"follow","max-snippet":"max-snippet:-1","max-image-preview":"max-image-preview:large","max-video-preview":"max-video-preview:-1"},"canonical":"https:\/\/unrostore.com\/fr-fr\/boutique\/terrafina\/vaisselle-noire-pierre-noire-2\/bols-noirs-pierre-noire-2-pieces\/","og_locale":"fr_FR","og_type":"article","og_title":"Zwarte Schaaltjes Black Stone - 2-delig &#8226; UNRO","og_description":"Stijlvolle zwarte schaaltjes voor jouw muesli of yoghurt in de ochtend en voor een heerlijk soepje of klein hapje in de avond voor een hotel chique sfeer.","og_url":"https:\/\/unrostore.com\/fr-fr\/boutique\/terrafina\/vaisselle-noire-pierre-noire-2\/bols-noirs-pierre-noire-2-pieces\/","og_site_name":"UNRO","article_modified_time":"2026-01-19T20:36:32+00:00","og_image":[{"width":1000,"height":1000,"url":"https:\/\/unrostore.com\/wp-content\/uploads\/2024\/03\/unro-zwart-kommetje-portugees-servies-zwart.jpg","type":"image\/jpeg"}],"twitter_card":"summary_large_image","schema":{"@context":"https:\/\/schema.org","@graph":[{"@type":"WebPage","@id":"https:\/\/unrostore.com\/shop\/terrafina\/zwart-servies-black-stone\/zwarte-schaaltjes-black-stone-2-delig\/","url":"https:\/\/unrostore.com\/shop\/terrafina\/zwart-servies-black-stone\/zwarte-schaaltjes-black-stone-2-delig\/","name":"Bols noirs Pierre noire - 2 pi\u00e8ces - UNRO","isPartOf":{"@id":"https:\/\/unrostore.com\/#website"},"primaryImageOfPage":{"@id":"https:\/\/unrostore.com\/shop\/terrafina\/zwart-servies-black-stone\/zwarte-schaaltjes-black-stone-2-delig\/#primaryimage"},"image":{"@id":"https:\/\/unrostore.com\/shop\/terrafina\/zwart-servies-black-stone\/zwarte-schaaltjes-black-stone-2-delig\/#primaryimage"},"thumbnailUrl":"https:\/\/unrostore.com\/wp-content\/uploads\/2024\/03\/unro-zwart-kommetje-portugees-servies-zwart.jpg","datePublished":"2024-03-15T19:30:03+00:00","dateModified":"2026-01-19T20:36:32+00:00","description":"Des bols noirs \u00e9l\u00e9gants pour votre muesli ou votre yaourt le matin et pour une d\u00e9licieuse soupe ou un petit en-cas le soir pour une ambiance h\u00f4tel chic.","breadcrumb":{"@id":"https:\/\/unrostore.com\/shop\/terrafina\/zwart-servies-black-stone\/zwarte-schaaltjes-black-stone-2-delig\/#breadcrumb"},"inLanguage":"fr-FR","potentialAction":[{"@type":"ReadAction","target":["https:\/\/unrostore.com\/shop\/terrafina\/zwart-servies-black-stone\/zwarte-schaaltjes-black-stone-2-delig\/"]}]},{"@type":"ImageObject","inLanguage":"fr-FR","@id":"https:\/\/unrostore.com\/shop\/terrafina\/zwart-servies-black-stone\/zwarte-schaaltjes-black-stone-2-delig\/#primaryimage","url":"https:\/\/unrostore.com\/wp-content\/uploads\/2024\/03\/unro-zwart-kommetje-portugees-servies-zwart.jpg","contentUrl":"https:\/\/unrostore.com\/wp-content\/uploads\/2024\/03\/unro-zwart-kommetje-portugees-servies-zwart.jpg","width":1000,"height":1000,"caption":"zwarte schaaltjes set van 2 kommen zwart"},{"@type":"BreadcrumbList","@id":"https:\/\/unrostore.com\/shop\/terrafina\/zwart-servies-black-stone\/zwarte-schaaltjes-black-stone-2-delig\/#breadcrumb","itemListElement":[{"@type":"ListItem","position":1,"name":"Home","item":"https:\/\/unrostore.com\/"},{"@type":"ListItem","position":2,"name":"Shop","item":"https:\/\/unrostore.com\/shop\/"},{"@type":"ListItem","position":3,"name":"Zwarte Schaaltjes Black Stone &#8211; 2-delig"}]},{"@type":"WebSite","@id":"https:\/\/unrostore.com\/#website","url":"https:\/\/unrostore.com\/","name":"UNRO","description":"De la vaisselle portugaise qui vous rendra heureux !","publisher":{"@id":"https:\/\/unrostore.com\/#organization"},"potentialAction":[{"@type":"SearchAction","target":{"@type":"EntryPoint","urlTemplate":"https:\/\/unrostore.com\/?s={search_term_string}"},"query-input":{"@type":"PropertyValueSpecification","valueRequired":true,"valueName":"search_term_string"}}],"inLanguage":"fr-FR"},{"@type":"Organization","@id":"https:\/\/unrostore.com\/#organization","name":"UNRO","url":"https:\/\/unrostore.com\/","logo":{"@type":"ImageObject","inLanguage":"fr-FR","@id":"https:\/\/unrostore.com\/#\/schema\/logo\/image\/","url":"https:\/\/unrostore.com\/wp-content\/uploads\/2022\/05\/Logo-UNRO.png","contentUrl":"https:\/\/unrostore.com\/wp-content\/uploads\/2022\/05\/Logo-UNRO.png","width":605,"height":179,"caption":"UNRO"},"image":{"@id":"https:\/\/unrostore.com\/#\/schema\/logo\/image\/"}}]}},"_links":{"self":[{"href":"https:\/\/unrostore.com\/fr-fr\/wp-json\/wp\/v2\/product\/7189","targetHints":{"allow":["GET"]}}],"collection":[{"href":"https:\/\/unrostore.com\/fr-fr\/wp-json\/wp\/v2\/product"}],"about":[{"href":"https:\/\/unrostore.com\/fr-fr\/wp-json\/wp\/v2\/types\/product"}],"wp:featuredmedia":[{"embeddable":true,"href":"https:\/\/unrostore.com\/fr-fr\/wp-json\/wp\/v2\/media\/7190"}],"wp:attachment":[{"href":"https:\/\/unrostore.com\/fr-fr\/wp-json\/wp\/v2\/media?parent=7189"}],"wp:term":[{"taxonomy":"product_brand","embeddable":true,"href":"https:\/\/unrostore.com\/fr-fr\/wp-json\/wp\/v2\/product_brand?post=7189"},{"taxonomy":"product_cat","embeddable":true,"href":"https:\/\/unrostore.com\/fr-fr\/wp-json\/wp\/v2\/product_cat?post=7189"},{"taxonomy":"product_tag","embeddable":true,"href":"https:\/\/unrostore.com\/fr-fr\/wp-json\/wp\/v2\/product_tag?post=7189"}],"curies":[{"name":"wp","href":"https:\/\/api.w.org\/{rel}","templated":true}]}}