{"id":7111,"date":"2024-02-28T18:50:56","date_gmt":"2024-02-28T18:50:56","guid":{"rendered":"https:\/\/unrostore.com\/?post_type=product&#038;p=7111"},"modified":"2026-01-19T20:36:33","modified_gmt":"2026-01-19T20:36:33","slug":"set-de-petit-dejeuner-bleu-amazonia-blue-4-personnes","status":"publish","type":"product","link":"https:\/\/unrostore.com\/fr-fr\/boutique\/terrafina\/bleu-damazonie\/set-de-petit-dejeuner-bleu-amazonia-blue-4-personnes\/","title":{"rendered":"Ensemble de petit-d\u00e9jeuner bleu Amazonia Blue - 4 personnes"},"content":{"rendered":"<h3>Set de d\u00e9jeuner bleu clair Amazonia Blue - 4 personnes<\/h3>\n<p>Les 8 pi\u00e8ces <strong>Ensemble de petit-d\u00e9jeuner bleu Amazonia Blue - 4 personnes<\/strong> de <a href=\"https:\/\/www.terrafinastore.com\/en\/collections\/amazonia\">Terrafina<\/a> sont fabriqu\u00e9s \u00e0 la main au Portugal par des c\u00e9ramistes locaux de <a href=\"https:\/\/unrostore.com\/fr-fr\/a-quoi-dois-je-faire-attention-lorsque-jachete-de-la-vaisselle-partie-1-qualite\/\">c\u00e9ramique de haute qualit\u00e9<\/a>. <span style=\"font-weight: 400;\">Le bleu profond de la collection Amazonia Blue rappelle la mer. Cette belle couleur bleue est parfaite pour un int\u00e9rieur boho chic ou de style plage. Mais bien s\u00fbr, m\u00eame si vous aimez les couleurs, cet ensemble de vaisselle bleu royal est un mariage parfait ! Les formes rondes et organiques et l'\u00e9mail r\u00e9actif bleu donnent \u00e0 chaque assiette et bol \u00e0 d\u00e9jeuner son propre caract\u00e8re. La touche humaine, puisque les assiettes et les bols bleus sont faits \u00e0 la main, rend chaque pi\u00e8ce vraiment unique. Profitez de ce service de petit-d\u00e9jeuner bleu pratique non seulement au petit-d\u00e9jeuner, mais aussi au d\u00e9jeuner, \u00e0 l'ap\u00e9ritif, au th\u00e9 ou \u00e0 l'ap\u00e9ritif ! Ajoutez quelques touches de jaune comme des jonquilles jaunes, des serviettes de table ou quelques jolies branches de P\u00e2ques et vous \u00eates pr\u00eat pour le petit-d\u00e9jeuner de P\u00e2ques ou la f\u00eate de P\u00e2ques. <a href=\"https:\/\/unrostore.com\/fr-fr\/table-de-paques-avec-unro\/\">Brunch de P\u00e2ques<\/a>!<\/span><\/p>\n<p>De plus, ce set de petit-d\u00e9jeuner bleu pour 4 personnes est \u00e9galement un tr\u00e8s bon choix <a href=\"https:\/\/unrostore.com\/fr-fr\/categorie-de-produits\/idees-de-cadeaux-unro\/\">cadeau<\/a> pour les hommes et les femmes lors d'un anniversaire, d'une pendaison de cr\u00e9maill\u00e8re ou d'une remise de dipl\u00f4me! Ou peut-\u00eatre \u00eates-vous encore \u00e0 la recherche d'un cadeau unique et original pour la f\u00eate des p\u00e8res ? Avec ces c\u00e9ramiques faites \u00e0 la main au Portugal, vous \u00eates s\u00fbr de laisser une impression durable dont vous pourrez profiter tous les jours!<\/p>\n<p>Envie d'\u00e9largir la gamme des petits d\u00e9jeuners bleus? Jetez donc un coup d'\u0153il \u00e0 l'ensemble <a href=\"https:\/\/unrostore.com\/fr-fr\/boutique\/terrafina\/bleu-damazonie\/assiettes-bleues-amazonia-blue-4-pieces\/\">assiettes bleues<\/a>, <a href=\"https:\/\/unrostore.com\/fr-fr\/boutique\/terrafina\/bleu-damazonie\/assiettes-a-pates-bleu-amazonia-set-of-4\/\">assiettes \u00e0 p\u00e2tes bleues<\/a>, <a href=\"https:\/\/unrostore.com\/fr-fr\/boutique\/terrafina\/bleu-damazonie\/blauwe-theemokken-amazonia-bue-4-delig\/\">tasses \u00e0 cappuccino bleues<\/a> et <a href=\"https:\/\/unrostore.com\/fr-fr\/boutique\/terrafina\/bleu-damazonie\/tasses-a-expresso-bleues-amazonia-blue-4-pieces\/\">tasses \u00e0 expresso bleues<\/a>!<\/p>\n<p>&nbsp;<\/p>\n<h3>C'est le num\u00e9ro que vous recevez<\/h3>\n<ul>\n<li>4x Bols Amazonia Blue \u00f8 15 cm<\/li>\n<li>4x Assiettes \u00e0 d\u00e9jeuner Amazonia Blue \u00f8 22.5 cm<\/li>\n<li>3x Terrafina bo\u00eete cadeau<\/li>\n<\/ul>\n<p>&nbsp;<\/p>\n<p><em><strong>Durable pour les personnes et l'environnement :<\/strong><br \/>\nChaque produit est unique car il est fabriqu\u00e9 \u00e0 la main.<br \/>\nL'impression et la texture peuvent donc diff\u00e9rer l\u00e9g\u00e8rement de la photo du produit.<\/em><\/p>","protected":false},"excerpt":{"rendered":"<div style=\"font-family: nunito sans; font-size: 14px; border: 1px solid #dedede; border-radius: 4px; padding: 15px 0 0 14px; margin-top: 20px; margin-bottom: 20px; width: 160px; box-shadow: 1px 1px 7px 0px rgb(0 0 0 \/ 15%), 0px 0px 2px 0px rgb(0 0 0 \/ 5%); color: #00b900;\">\n<p>Avec le prix fixe, vous \u00e9conomisez jusqu'\u00e0 <strong>\u20ac5,-<\/strong><\/p>\n<\/div>\n<div class=\"usps\"><i class=\"far fa-check-circle\"><\/i> R\u00e9sistant aux micro-ondes<br \/>\n<i class=\"far fa-check-circle\"><\/i> R\u00e9siste au four (jusqu'\u00e0 200 degr\u00e9s)<br \/>\n<i class=\"far fa-check-circle\"><\/i> Lavable au lave-vaisselle<br \/>\n<i class=\"far fa-thumbs-up\"><\/i> Fait \u00e0 la main<\/div>","protected":false},"featured_media":7112,"template":"","meta":[],"product_brand":[],"product_cat":[174,122,119],"product_tag":[310,916,175,177,407,131,291,289,906,905,677,125,123,902],"class_list":{"0":"post-7111","1":"product","2":"type-product","3":"status-publish","4":"has-post-thumbnail","6":"product_cat-amazonia-blue","7":"product_cat-serviesset","8":"product_cat-terrafina","9":"product_tag-4-personen","10":"product_tag-8-delig","11":"product_tag-amazonia-blue","12":"product_tag-blauw","13":"product_tag-blauwe-serviesset","14":"product_tag-kommen","15":"product_tag-kommetjes","16":"product_tag-ontbijtborden","17":"product_tag-ontbijtservies","18":"product_tag-ontbijtset","19":"product_tag-schaaltjes","20":"product_tag-serviesset","21":"product_tag-terrafina","22":"product_tag-voor-4-personen","23":"product_shipping_class-pakket","25":"first","26":"instock","27":"sale","28":"taxable","29":"shipping-taxable","30":"purchasable","31":"product-type-simple"},"yoast_head":"<!-- This site is optimized with the Yoast SEO plugin v27.4 - https:\/\/yoast.com\/product\/yoast-seo-wordpress\/ -->\n<title>Blauwe Ontbijtset Amazonia Blue - 4 personen &#8226; UNRO<\/title>\n<meta name=\"description\" content=\"Houd jij van een eclectisch, boho chic of beach look strand interieur? Of houd je gewoon heel erg van kleur? Dan is deze diep blauwe ontbijtset perfect!\" \/>\n<meta name=\"robots\" content=\"index, follow, max-snippet:-1, max-image-preview:large, max-video-preview:-1\" \/>\n<link rel=\"canonical\" href=\"https:\/\/unrostore.com\/fr-fr\/boutique\/terrafina\/bleu-damazonie\/set-de-petit-dejeuner-bleu-amazonia-blue-4-personnes\/\" \/>\n<meta property=\"og:locale\" content=\"fr_FR\" \/>\n<meta property=\"og:type\" content=\"article\" \/>\n<meta property=\"og:title\" content=\"Blauwe Ontbijtset Amazonia Blue - 4 personen &#8226; UNRO\" \/>\n<meta property=\"og:description\" content=\"Houd jij van een eclectisch, boho chic of beach look strand interieur? Of houd je gewoon heel erg van kleur? Dan is deze diep blauwe ontbijtset perfect!\" \/>\n<meta property=\"og:url\" content=\"https:\/\/unrostore.com\/fr-fr\/boutique\/terrafina\/bleu-damazonie\/set-de-petit-dejeuner-bleu-amazonia-blue-4-personnes\/\" \/>\n<meta property=\"og:site_name\" content=\"UNRO\" \/>\n<meta property=\"article:modified_time\" content=\"2026-01-19T20:36:33+00:00\" \/>\n<meta property=\"og:image\" content=\"https:\/\/unrostore.com\/wp-content\/uploads\/2024\/02\/unro-blauwe-ontbijtset-blauw-ontbijt-servies.webp\" \/>\n\t<meta property=\"og:image:width\" content=\"1000\" \/>\n\t<meta property=\"og:image:height\" content=\"1000\" \/>\n\t<meta property=\"og:image:type\" content=\"image\/webp\" \/>\n<meta name=\"twitter:card\" content=\"summary_large_image\" \/>\n<script type=\"application\/ld+json\" class=\"yoast-schema-graph\">{\"@context\":\"https:\\\/\\\/schema.org\",\"@graph\":[{\"@type\":\"WebPage\",\"@id\":\"https:\\\/\\\/unrostore.com\\\/shop\\\/terrafina\\\/amazonia-blue\\\/blauwe-ontbijtset-amazonia-blue-4-personen\\\/\",\"url\":\"https:\\\/\\\/unrostore.com\\\/shop\\\/terrafina\\\/amazonia-blue\\\/blauwe-ontbijtset-amazonia-blue-4-personen\\\/\",\"name\":\"Blauwe Ontbijtset Amazonia Blue - 4 personen &#8226; UNRO\",\"isPartOf\":{\"@id\":\"https:\\\/\\\/unrostore.com\\\/#website\"},\"primaryImageOfPage\":{\"@id\":\"https:\\\/\\\/unrostore.com\\\/shop\\\/terrafina\\\/amazonia-blue\\\/blauwe-ontbijtset-amazonia-blue-4-personen\\\/#primaryimage\"},\"image\":{\"@id\":\"https:\\\/\\\/unrostore.com\\\/shop\\\/terrafina\\\/amazonia-blue\\\/blauwe-ontbijtset-amazonia-blue-4-personen\\\/#primaryimage\"},\"thumbnailUrl\":\"https:\\\/\\\/unrostore.com\\\/wp-content\\\/uploads\\\/2024\\\/02\\\/unro-blauwe-ontbijtset-blauw-ontbijt-servies.webp\",\"datePublished\":\"2024-02-28T18:50:56+00:00\",\"dateModified\":\"2026-01-19T20:36:33+00:00\",\"description\":\"Houd jij van een eclectisch, boho chic of beach look strand interieur? Of houd je gewoon heel erg van kleur? Dan is deze diep blauwe ontbijtset perfect!\",\"breadcrumb\":{\"@id\":\"https:\\\/\\\/unrostore.com\\\/shop\\\/terrafina\\\/amazonia-blue\\\/blauwe-ontbijtset-amazonia-blue-4-personen\\\/#breadcrumb\"},\"inLanguage\":\"fr-FR\",\"potentialAction\":[{\"@type\":\"ReadAction\",\"target\":[\"https:\\\/\\\/unrostore.com\\\/shop\\\/terrafina\\\/amazonia-blue\\\/blauwe-ontbijtset-amazonia-blue-4-personen\\\/\"]}]},{\"@type\":\"ImageObject\",\"inLanguage\":\"fr-FR\",\"@id\":\"https:\\\/\\\/unrostore.com\\\/shop\\\/terrafina\\\/amazonia-blue\\\/blauwe-ontbijtset-amazonia-blue-4-personen\\\/#primaryimage\",\"url\":\"https:\\\/\\\/unrostore.com\\\/wp-content\\\/uploads\\\/2024\\\/02\\\/unro-blauwe-ontbijtset-blauw-ontbijt-servies.webp\",\"contentUrl\":\"https:\\\/\\\/unrostore.com\\\/wp-content\\\/uploads\\\/2024\\\/02\\\/unro-blauwe-ontbijtset-blauw-ontbijt-servies.webp\",\"width\":1000,\"height\":1000,\"caption\":\"Blauwe ontbijtset voor 4 personen\"},{\"@type\":\"BreadcrumbList\",\"@id\":\"https:\\\/\\\/unrostore.com\\\/shop\\\/terrafina\\\/amazonia-blue\\\/blauwe-ontbijtset-amazonia-blue-4-personen\\\/#breadcrumb\",\"itemListElement\":[{\"@type\":\"ListItem\",\"position\":1,\"name\":\"Home\",\"item\":\"https:\\\/\\\/unrostore.com\\\/\"},{\"@type\":\"ListItem\",\"position\":2,\"name\":\"Shop\",\"item\":\"https:\\\/\\\/unrostore.com\\\/shop\\\/\"},{\"@type\":\"ListItem\",\"position\":3,\"name\":\"Blauwe Ontbijtset Amazonia Blue &#8211; 4 personen\"}]},{\"@type\":\"WebSite\",\"@id\":\"https:\\\/\\\/unrostore.com\\\/#website\",\"url\":\"https:\\\/\\\/unrostore.com\\\/\",\"name\":\"UNRO\",\"description\":\"Portugees servies waar je blij van wordt!\",\"publisher\":{\"@id\":\"https:\\\/\\\/unrostore.com\\\/#organization\"},\"potentialAction\":[{\"@type\":\"SearchAction\",\"target\":{\"@type\":\"EntryPoint\",\"urlTemplate\":\"https:\\\/\\\/unrostore.com\\\/?s={search_term_string}\"},\"query-input\":{\"@type\":\"PropertyValueSpecification\",\"valueRequired\":true,\"valueName\":\"search_term_string\"}}],\"inLanguage\":\"fr-FR\"},{\"@type\":\"Organization\",\"@id\":\"https:\\\/\\\/unrostore.com\\\/#organization\",\"name\":\"UNRO\",\"url\":\"https:\\\/\\\/unrostore.com\\\/\",\"logo\":{\"@type\":\"ImageObject\",\"inLanguage\":\"fr-FR\",\"@id\":\"https:\\\/\\\/unrostore.com\\\/#\\\/schema\\\/logo\\\/image\\\/\",\"url\":\"https:\\\/\\\/unrostore.com\\\/wp-content\\\/uploads\\\/2022\\\/05\\\/Logo-UNRO.png\",\"contentUrl\":\"https:\\\/\\\/unrostore.com\\\/wp-content\\\/uploads\\\/2022\\\/05\\\/Logo-UNRO.png\",\"width\":605,\"height\":179,\"caption\":\"UNRO\"},\"image\":{\"@id\":\"https:\\\/\\\/unrostore.com\\\/#\\\/schema\\\/logo\\\/image\\\/\"}}]}<\/script>\n<!-- \/ Yoast SEO plugin. -->","yoast_head_json":{"title":"Set de petit-d\u00e9jeuner bleu Amazonia Blue - 4 personnes - UNRO","description":"Vous aimez les int\u00e9rieurs \u00e9clectiques, boho chic ou de plage ? Ou vous aimez tout simplement la couleur ? Alors ce set de petit-d\u00e9jeuner bleu fonc\u00e9 est parfait !","robots":{"index":"index","follow":"follow","max-snippet":"max-snippet:-1","max-image-preview":"max-image-preview:large","max-video-preview":"max-video-preview:-1"},"canonical":"https:\/\/unrostore.com\/fr-fr\/boutique\/terrafina\/bleu-damazonie\/set-de-petit-dejeuner-bleu-amazonia-blue-4-personnes\/","og_locale":"fr_FR","og_type":"article","og_title":"Blauwe Ontbijtset Amazonia Blue - 4 personen &#8226; UNRO","og_description":"Houd jij van een eclectisch, boho chic of beach look strand interieur? Of houd je gewoon heel erg van kleur? Dan is deze diep blauwe ontbijtset perfect!","og_url":"https:\/\/unrostore.com\/fr-fr\/boutique\/terrafina\/bleu-damazonie\/set-de-petit-dejeuner-bleu-amazonia-blue-4-personnes\/","og_site_name":"UNRO","article_modified_time":"2026-01-19T20:36:33+00:00","og_image":[{"width":1000,"height":1000,"url":"https:\/\/unrostore.com\/wp-content\/uploads\/2024\/02\/unro-blauwe-ontbijtset-blauw-ontbijt-servies.webp","type":"image\/webp"}],"twitter_card":"summary_large_image","schema":{"@context":"https:\/\/schema.org","@graph":[{"@type":"WebPage","@id":"https:\/\/unrostore.com\/shop\/terrafina\/amazonia-blue\/blauwe-ontbijtset-amazonia-blue-4-personen\/","url":"https:\/\/unrostore.com\/shop\/terrafina\/amazonia-blue\/blauwe-ontbijtset-amazonia-blue-4-personen\/","name":"Set de petit-d\u00e9jeuner bleu Amazonia Blue - 4 personnes - UNRO","isPartOf":{"@id":"https:\/\/unrostore.com\/#website"},"primaryImageOfPage":{"@id":"https:\/\/unrostore.com\/shop\/terrafina\/amazonia-blue\/blauwe-ontbijtset-amazonia-blue-4-personen\/#primaryimage"},"image":{"@id":"https:\/\/unrostore.com\/shop\/terrafina\/amazonia-blue\/blauwe-ontbijtset-amazonia-blue-4-personen\/#primaryimage"},"thumbnailUrl":"https:\/\/unrostore.com\/wp-content\/uploads\/2024\/02\/unro-blauwe-ontbijtset-blauw-ontbijt-servies.webp","datePublished":"2024-02-28T18:50:56+00:00","dateModified":"2026-01-19T20:36:33+00:00","description":"Vous aimez les int\u00e9rieurs \u00e9clectiques, boho chic ou de plage ? Ou vous aimez tout simplement la couleur ? Alors ce set de petit-d\u00e9jeuner bleu fonc\u00e9 est parfait !","breadcrumb":{"@id":"https:\/\/unrostore.com\/shop\/terrafina\/amazonia-blue\/blauwe-ontbijtset-amazonia-blue-4-personen\/#breadcrumb"},"inLanguage":"fr-FR","potentialAction":[{"@type":"ReadAction","target":["https:\/\/unrostore.com\/shop\/terrafina\/amazonia-blue\/blauwe-ontbijtset-amazonia-blue-4-personen\/"]}]},{"@type":"ImageObject","inLanguage":"fr-FR","@id":"https:\/\/unrostore.com\/shop\/terrafina\/amazonia-blue\/blauwe-ontbijtset-amazonia-blue-4-personen\/#primaryimage","url":"https:\/\/unrostore.com\/wp-content\/uploads\/2024\/02\/unro-blauwe-ontbijtset-blauw-ontbijt-servies.webp","contentUrl":"https:\/\/unrostore.com\/wp-content\/uploads\/2024\/02\/unro-blauwe-ontbijtset-blauw-ontbijt-servies.webp","width":1000,"height":1000,"caption":"Blauwe ontbijtset voor 4 personen"},{"@type":"BreadcrumbList","@id":"https:\/\/unrostore.com\/shop\/terrafina\/amazonia-blue\/blauwe-ontbijtset-amazonia-blue-4-personen\/#breadcrumb","itemListElement":[{"@type":"ListItem","position":1,"name":"Home","item":"https:\/\/unrostore.com\/"},{"@type":"ListItem","position":2,"name":"Shop","item":"https:\/\/unrostore.com\/shop\/"},{"@type":"ListItem","position":3,"name":"Blauwe Ontbijtset Amazonia Blue &#8211; 4 personen"}]},{"@type":"WebSite","@id":"https:\/\/unrostore.com\/#website","url":"https:\/\/unrostore.com\/","name":"UNRO","description":"De la vaisselle portugaise qui vous rendra heureux !","publisher":{"@id":"https:\/\/unrostore.com\/#organization"},"potentialAction":[{"@type":"SearchAction","target":{"@type":"EntryPoint","urlTemplate":"https:\/\/unrostore.com\/?s={search_term_string}"},"query-input":{"@type":"PropertyValueSpecification","valueRequired":true,"valueName":"search_term_string"}}],"inLanguage":"fr-FR"},{"@type":"Organization","@id":"https:\/\/unrostore.com\/#organization","name":"UNRO","url":"https:\/\/unrostore.com\/","logo":{"@type":"ImageObject","inLanguage":"fr-FR","@id":"https:\/\/unrostore.com\/#\/schema\/logo\/image\/","url":"https:\/\/unrostore.com\/wp-content\/uploads\/2022\/05\/Logo-UNRO.png","contentUrl":"https:\/\/unrostore.com\/wp-content\/uploads\/2022\/05\/Logo-UNRO.png","width":605,"height":179,"caption":"UNRO"},"image":{"@id":"https:\/\/unrostore.com\/#\/schema\/logo\/image\/"}}]}},"_links":{"self":[{"href":"https:\/\/unrostore.com\/fr-fr\/wp-json\/wp\/v2\/product\/7111","targetHints":{"allow":["GET"]}}],"collection":[{"href":"https:\/\/unrostore.com\/fr-fr\/wp-json\/wp\/v2\/product"}],"about":[{"href":"https:\/\/unrostore.com\/fr-fr\/wp-json\/wp\/v2\/types\/product"}],"wp:featuredmedia":[{"embeddable":true,"href":"https:\/\/unrostore.com\/fr-fr\/wp-json\/wp\/v2\/media\/7112"}],"wp:attachment":[{"href":"https:\/\/unrostore.com\/fr-fr\/wp-json\/wp\/v2\/media?parent=7111"}],"wp:term":[{"taxonomy":"product_brand","embeddable":true,"href":"https:\/\/unrostore.com\/fr-fr\/wp-json\/wp\/v2\/product_brand?post=7111"},{"taxonomy":"product_cat","embeddable":true,"href":"https:\/\/unrostore.com\/fr-fr\/wp-json\/wp\/v2\/product_cat?post=7111"},{"taxonomy":"product_tag","embeddable":true,"href":"https:\/\/unrostore.com\/fr-fr\/wp-json\/wp\/v2\/product_tag?post=7111"}],"curies":[{"name":"wp","href":"https:\/\/api.w.org\/{rel}","templated":true}]}}