{"id":7102,"date":"2024-02-24T10:32:35","date_gmt":"2024-02-24T10:32:35","guid":{"rendered":"https:\/\/unrostore.com\/?post_type=product&#038;p=7102"},"modified":"2026-01-19T20:36:33","modified_gmt":"2026-01-19T20:36:33","slug":"set-de-petit-dejeuner-colore-coraux-8-pieces","status":"publish","type":"product","link":"https:\/\/unrostore.com\/fr-fr\/boutique\/terrafina\/coraux\/set-de-petit-dejeuner-colore-coraux-8-pieces\/","title":{"rendered":"Set de petits d\u00e9jeuners color\u00e9s Corals - 8 pi\u00e8ces"},"content":{"rendered":"<h3>Set de petit d\u00e9jeuner portugais glac\u00e9 et color\u00e9 Corals pour 4 personnes<\/h3>\n<p>Le <strong>set de petit-d\u00e9jeuner color\u00e9 Corals <\/strong>convient pour 4 personnes et se compose de 4 bols aux couleurs profondes et de 4 assiettes \u00e0 d\u00e9jeuner color\u00e9es. Ce design ludique et joyeux de formes organiques \u00e9maill\u00e9es bleues et jaunes sur fond marron est une cr\u00e9ation de la marque <a href=\"https:\/\/www.terrafinastore.com\/en\/collections\/corals\">Terrafina<\/a> et est fabriqu\u00e9 \u00e0 la main \u00e0 partir de <a href=\"https:\/\/unrostore.com\/fr-fr\/a-quoi-dois-je-faire-attention-lorsque-jachete-de-la-vaisselle-partie-1-qualite\/\">c\u00e9ramique de haute qualit\u00e9<\/a> par des artisans locaux au Portugal. Ainsi, chaque bol et chaque assiette color\u00e9s sont vraiment uniques. Utilisez le bol pour le petit-d\u00e9jeuner le matin comme bol \u00e0 yaourt, bol \u00e0 muesli ou comme bol pour votre bol \u00e0 fruits ou \u00e0 a\u00e7a\u00ef. Au d\u00e9jeuner ou comme amuse-bouche lors d'un d\u00eener, les bols profonds sont en fait parfaits comme bols \u00e0 soupe ou bols \u00e0 boissons. Les assiettes \u00e0 d\u00e9jeuner bleues et jaunes sont \u00e9galement pratiques comme assiettes \u00e0 g\u00e2teau color\u00e9es au moment du caf\u00e9 et du g\u00e2teau ou pendant le th\u00e9. Mais vous organisez une soir\u00e9e tapas ou une soir\u00e9e snacks \u00e0 la maison ? Les petites assiettes color\u00e9es sont alors tr\u00e8s pratiques comme assiettes \u00e0 tapas ou assiettes \u00e0 ap\u00e9ritif. Ce set de petit-d\u00e9jeuner color\u00e9 est \u00e9galement un beau cadeau pour lui et elle lors d'une pendaison de cr\u00e9maill\u00e8re ou d'un anniversaire. Compl\u00e9tez le service de petit d\u00e9jeuner color\u00e9 bleu et jaune avec le service de petit d\u00e9jeuner color\u00e9 bleu et jaune. <a href=\"https:\/\/unrostore.com\/fr-fr\/boutique\/terrafina\/coraux\/gekleurde-mokken-corals-2-delig\/\">grandes tasses color\u00e9es<\/a> ou <a href=\"https:\/\/unrostore.com\/fr-fr\/boutique\/terrafina\/coraux\/tasse-a-expresso-coloree-avec-anse-corail-2-pieces\/\">tasses \u00e0 espresso color\u00e9es<\/a>! Le set de vaisselle color\u00e9e peut \u00e9galement \u00eatre compl\u00e9t\u00e9 ult\u00e9rieurement par le grand set d'accessoires de cuisine. <a href=\"https:\/\/unrostore.com\/fr-fr\/boutique\/terrafina\/coraux\/assiettes-a-diner-colorees-corail-4-pieces\/\">assiettes plates color\u00e9es<\/a> en cr\u00e9ant un magnifique service de table complet. Qui allez-vous rendre heureux avec cela, vous ou quelqu'un d'autre ! \ud83d\ude09<\/p>\n<h3>C'est le num\u00e9ro que vous recevez<\/h3>\n<ul>\n<li><strong>4x<\/strong> Bol Corals \u00f8 15 cm<\/li>\n<li><strong>4x<\/strong> Assiette \u00e0 d\u00e9jeuner Corals \u00f8 22 cm<\/li>\n<li><strong>3x<\/strong> Bo\u00eete cadeau Terrafina (avec espace pour un message personnel)<\/li>\n<\/ul>\n<p>\u00a0<\/p>\n<p><em><strong>Duurzaam voor mens & milieu:<\/strong><br \/>\nChaque produit est unique car il est fabriqu\u00e9 \u00e0 la main.<br \/>\nL'impression et la texture peuvent donc diff\u00e9rer l\u00e9g\u00e8rement de la photo du produit.<\/em><\/p>","protected":false},"excerpt":{"rendered":"<div style=\"font-family: nunito sans; font-size: 14px; border: 1px solid #dedede; border-radius: 4px; padding: 15px 0 0 14px; margin-top: 20px; margin-bottom: 20px; width: 160px; box-shadow: 1px 1px 7px 0px rgb(0 0 0 \/ 15%), 0px 0px 2px 0px rgb(0 0 0 \/ 5%); color: #00b900;\">\n<p>Avec le prix fixe, vous \u00e9conomisez <strong>\u20ac5,-<\/strong><\/p>\n<\/div>\n<div class=\"usps\"><i class=\"far fa-check-circle\"><\/i> R\u00e9sistant aux micro-ondes<br \/>\n<i class=\"far fa-check-circle\"><\/i> R\u00e9siste au four (jusqu'\u00e0 200 degr\u00e9s)<br \/>\n<i class=\"far fa-check-circle\"><\/i> Lavable au lave-vaisselle<br \/>\n<i class=\"far fa-thumbs-up\"><\/i> Fait \u00e0 la main<\/div>","protected":false},"featured_media":7103,"template":"","meta":[],"product_brand":[],"product_cat":[127,122,119],"product_tag":[129,903,128,581,884,141,308,650,131,291,904,289,906,905,243,125,123,902],"class_list":{"0":"post-7102","1":"product","2":"type-product","3":"status-publish","4":"has-post-thumbnail","6":"product_cat-corals","7":"product_cat-serviesset","8":"product_cat-terrafina","9":"product_tag-borden","10":"product_tag-brood-bordjes","11":"product_tag-corals","12":"product_tag-gebaksbordjes","13":"product_tag-gekleurde","14":"product_tag-kleine-borden","15":"product_tag-kleurrijk","16":"product_tag-kleurrijke","17":"product_tag-kommen","18":"product_tag-kommetjes","19":"product_tag-lunch-borden","20":"product_tag-ontbijtborden","21":"product_tag-ontbijtservies","22":"product_tag-ontbijtset","23":"product_tag-salade-borden","24":"product_tag-serviesset","25":"product_tag-terrafina","26":"product_tag-voor-4-personen","27":"product_shipping_class-pakket","29":"first","30":"outofstock","31":"sale","32":"taxable","33":"shipping-taxable","34":"purchasable","35":"product-type-simple"},"yoast_head":"<!-- This site is optimized with the Yoast SEO plugin v27.5 - https:\/\/yoast.com\/product\/yoast-seo-wordpress\/ -->\n<title>Gekleurde Ontbijtset Corals - 8-delig &#8226; UNRO<\/title>\n<meta name=\"description\" content=\"Dit kleurrijke leuke ontbijtservies voor 4 personen, bestaande uit 4 kommen en 4 ontbijtborden, is perfect voor jouw gezonde ontbijt of stijlvolle lunch!\" \/>\n<meta name=\"robots\" content=\"index, follow, max-snippet:-1, max-image-preview:large, max-video-preview:-1\" \/>\n<link rel=\"canonical\" href=\"https:\/\/unrostore.com\/fr-fr\/boutique\/terrafina\/coraux\/set-de-petit-dejeuner-colore-coraux-8-pieces\/\" \/>\n<meta property=\"og:locale\" content=\"fr_FR\" \/>\n<meta property=\"og:type\" content=\"article\" \/>\n<meta property=\"og:title\" content=\"Gekleurde Ontbijtset Corals - 8-delig &#8226; UNRO\" \/>\n<meta property=\"og:description\" content=\"Dit kleurrijke leuke ontbijtservies voor 4 personen, bestaande uit 4 kommen en 4 ontbijtborden, is perfect voor jouw gezonde ontbijt of stijlvolle lunch!\" \/>\n<meta property=\"og:url\" content=\"https:\/\/unrostore.com\/fr-fr\/boutique\/terrafina\/coraux\/set-de-petit-dejeuner-colore-coraux-8-pieces\/\" \/>\n<meta property=\"og:site_name\" content=\"UNRO\" \/>\n<meta property=\"article:modified_time\" content=\"2026-01-19T20:36:33+00:00\" \/>\n<meta property=\"og:image\" content=\"https:\/\/unrostore.com\/wp-content\/uploads\/2024\/02\/unro-gekleurde-ontbijtset-portugees-servies-corals-terrafina.jpg\" \/>\n\t<meta property=\"og:image:width\" content=\"1000\" \/>\n\t<meta property=\"og:image:height\" content=\"1000\" \/>\n\t<meta property=\"og:image:type\" content=\"image\/jpeg\" \/>\n<meta name=\"twitter:card\" content=\"summary_large_image\" \/>\n<script type=\"application\/ld+json\" class=\"yoast-schema-graph\">{\"@context\":\"https:\\\/\\\/schema.org\",\"@graph\":[{\"@type\":\"WebPage\",\"@id\":\"https:\\\/\\\/unrostore.com\\\/shop\\\/terrafina\\\/corals\\\/gekleurde-ontbijtset-corals-8-delig\\\/\",\"url\":\"https:\\\/\\\/unrostore.com\\\/shop\\\/terrafina\\\/corals\\\/gekleurde-ontbijtset-corals-8-delig\\\/\",\"name\":\"Gekleurde Ontbijtset Corals - 8-delig &#8226; UNRO\",\"isPartOf\":{\"@id\":\"https:\\\/\\\/unrostore.com\\\/#website\"},\"primaryImageOfPage\":{\"@id\":\"https:\\\/\\\/unrostore.com\\\/shop\\\/terrafina\\\/corals\\\/gekleurde-ontbijtset-corals-8-delig\\\/#primaryimage\"},\"image\":{\"@id\":\"https:\\\/\\\/unrostore.com\\\/shop\\\/terrafina\\\/corals\\\/gekleurde-ontbijtset-corals-8-delig\\\/#primaryimage\"},\"thumbnailUrl\":\"https:\\\/\\\/unrostore.com\\\/wp-content\\\/uploads\\\/2024\\\/02\\\/unro-gekleurde-ontbijtset-portugees-servies-corals-terrafina.jpg\",\"datePublished\":\"2024-02-24T10:32:35+00:00\",\"dateModified\":\"2026-01-19T20:36:33+00:00\",\"description\":\"Dit kleurrijke leuke ontbijtservies voor 4 personen, bestaande uit 4 kommen en 4 ontbijtborden, is perfect voor jouw gezonde ontbijt of stijlvolle lunch!\",\"breadcrumb\":{\"@id\":\"https:\\\/\\\/unrostore.com\\\/shop\\\/terrafina\\\/corals\\\/gekleurde-ontbijtset-corals-8-delig\\\/#breadcrumb\"},\"inLanguage\":\"fr-FR\",\"potentialAction\":[{\"@type\":\"ReadAction\",\"target\":[\"https:\\\/\\\/unrostore.com\\\/shop\\\/terrafina\\\/corals\\\/gekleurde-ontbijtset-corals-8-delig\\\/\"]}]},{\"@type\":\"ImageObject\",\"inLanguage\":\"fr-FR\",\"@id\":\"https:\\\/\\\/unrostore.com\\\/shop\\\/terrafina\\\/corals\\\/gekleurde-ontbijtset-corals-8-delig\\\/#primaryimage\",\"url\":\"https:\\\/\\\/unrostore.com\\\/wp-content\\\/uploads\\\/2024\\\/02\\\/unro-gekleurde-ontbijtset-portugees-servies-corals-terrafina.jpg\",\"contentUrl\":\"https:\\\/\\\/unrostore.com\\\/wp-content\\\/uploads\\\/2024\\\/02\\\/unro-gekleurde-ontbijtset-portugees-servies-corals-terrafina.jpg\",\"width\":1000,\"height\":1000,\"caption\":\"gekleurde ontbijtset corals\"},{\"@type\":\"BreadcrumbList\",\"@id\":\"https:\\\/\\\/unrostore.com\\\/shop\\\/terrafina\\\/corals\\\/gekleurde-ontbijtset-corals-8-delig\\\/#breadcrumb\",\"itemListElement\":[{\"@type\":\"ListItem\",\"position\":1,\"name\":\"Home\",\"item\":\"https:\\\/\\\/unrostore.com\\\/\"},{\"@type\":\"ListItem\",\"position\":2,\"name\":\"Shop\",\"item\":\"https:\\\/\\\/unrostore.com\\\/shop\\\/\"},{\"@type\":\"ListItem\",\"position\":3,\"name\":\"Gekleurde Ontbijtset Corals &#8211; 8-delig\"}]},{\"@type\":\"WebSite\",\"@id\":\"https:\\\/\\\/unrostore.com\\\/#website\",\"url\":\"https:\\\/\\\/unrostore.com\\\/\",\"name\":\"UNRO\",\"description\":\"Portugees servies waar je blij van wordt!\",\"publisher\":{\"@id\":\"https:\\\/\\\/unrostore.com\\\/#organization\"},\"potentialAction\":[{\"@type\":\"SearchAction\",\"target\":{\"@type\":\"EntryPoint\",\"urlTemplate\":\"https:\\\/\\\/unrostore.com\\\/?s={search_term_string}\"},\"query-input\":{\"@type\":\"PropertyValueSpecification\",\"valueRequired\":true,\"valueName\":\"search_term_string\"}}],\"inLanguage\":\"fr-FR\"},{\"@type\":\"Organization\",\"@id\":\"https:\\\/\\\/unrostore.com\\\/#organization\",\"name\":\"UNRO\",\"url\":\"https:\\\/\\\/unrostore.com\\\/\",\"logo\":{\"@type\":\"ImageObject\",\"inLanguage\":\"fr-FR\",\"@id\":\"https:\\\/\\\/unrostore.com\\\/#\\\/schema\\\/logo\\\/image\\\/\",\"url\":\"https:\\\/\\\/unrostore.com\\\/wp-content\\\/uploads\\\/2022\\\/05\\\/Logo-UNRO.png\",\"contentUrl\":\"https:\\\/\\\/unrostore.com\\\/wp-content\\\/uploads\\\/2022\\\/05\\\/Logo-UNRO.png\",\"width\":605,\"height\":179,\"caption\":\"UNRO\"},\"image\":{\"@id\":\"https:\\\/\\\/unrostore.com\\\/#\\\/schema\\\/logo\\\/image\\\/\"}}]}<\/script>\n<!-- \/ Yoast SEO plugin. -->","yoast_head_json":{"title":"Set de petit-d\u00e9jeuner color\u00e9 Coraux - 8 pi\u00e8ces - UNRO","description":"Ce set color\u00e9 pour 4 personnes, compos\u00e9 de 4 bols et de 4 assiettes, est parfait pour un petit-d\u00e9jeuner sain ou un d\u00e9jeuner \u00e9l\u00e9gant !","robots":{"index":"index","follow":"follow","max-snippet":"max-snippet:-1","max-image-preview":"max-image-preview:large","max-video-preview":"max-video-preview:-1"},"canonical":"https:\/\/unrostore.com\/fr-fr\/boutique\/terrafina\/coraux\/set-de-petit-dejeuner-colore-coraux-8-pieces\/","og_locale":"fr_FR","og_type":"article","og_title":"Gekleurde Ontbijtset Corals - 8-delig &#8226; UNRO","og_description":"Dit kleurrijke leuke ontbijtservies voor 4 personen, bestaande uit 4 kommen en 4 ontbijtborden, is perfect voor jouw gezonde ontbijt of stijlvolle lunch!","og_url":"https:\/\/unrostore.com\/fr-fr\/boutique\/terrafina\/coraux\/set-de-petit-dejeuner-colore-coraux-8-pieces\/","og_site_name":"UNRO","article_modified_time":"2026-01-19T20:36:33+00:00","og_image":[{"width":1000,"height":1000,"url":"https:\/\/unrostore.com\/wp-content\/uploads\/2024\/02\/unro-gekleurde-ontbijtset-portugees-servies-corals-terrafina.jpg","type":"image\/jpeg"}],"twitter_card":"summary_large_image","schema":{"@context":"https:\/\/schema.org","@graph":[{"@type":"WebPage","@id":"https:\/\/unrostore.com\/shop\/terrafina\/corals\/gekleurde-ontbijtset-corals-8-delig\/","url":"https:\/\/unrostore.com\/shop\/terrafina\/corals\/gekleurde-ontbijtset-corals-8-delig\/","name":"Set de petit-d\u00e9jeuner color\u00e9 Coraux - 8 pi\u00e8ces - UNRO","isPartOf":{"@id":"https:\/\/unrostore.com\/#website"},"primaryImageOfPage":{"@id":"https:\/\/unrostore.com\/shop\/terrafina\/corals\/gekleurde-ontbijtset-corals-8-delig\/#primaryimage"},"image":{"@id":"https:\/\/unrostore.com\/shop\/terrafina\/corals\/gekleurde-ontbijtset-corals-8-delig\/#primaryimage"},"thumbnailUrl":"https:\/\/unrostore.com\/wp-content\/uploads\/2024\/02\/unro-gekleurde-ontbijtset-portugees-servies-corals-terrafina.jpg","datePublished":"2024-02-24T10:32:35+00:00","dateModified":"2026-01-19T20:36:33+00:00","description":"Ce set color\u00e9 pour 4 personnes, compos\u00e9 de 4 bols et de 4 assiettes, est parfait pour un petit-d\u00e9jeuner sain ou un d\u00e9jeuner \u00e9l\u00e9gant !","breadcrumb":{"@id":"https:\/\/unrostore.com\/shop\/terrafina\/corals\/gekleurde-ontbijtset-corals-8-delig\/#breadcrumb"},"inLanguage":"fr-FR","potentialAction":[{"@type":"ReadAction","target":["https:\/\/unrostore.com\/shop\/terrafina\/corals\/gekleurde-ontbijtset-corals-8-delig\/"]}]},{"@type":"ImageObject","inLanguage":"fr-FR","@id":"https:\/\/unrostore.com\/shop\/terrafina\/corals\/gekleurde-ontbijtset-corals-8-delig\/#primaryimage","url":"https:\/\/unrostore.com\/wp-content\/uploads\/2024\/02\/unro-gekleurde-ontbijtset-portugees-servies-corals-terrafina.jpg","contentUrl":"https:\/\/unrostore.com\/wp-content\/uploads\/2024\/02\/unro-gekleurde-ontbijtset-portugees-servies-corals-terrafina.jpg","width":1000,"height":1000,"caption":"gekleurde ontbijtset corals"},{"@type":"BreadcrumbList","@id":"https:\/\/unrostore.com\/shop\/terrafina\/corals\/gekleurde-ontbijtset-corals-8-delig\/#breadcrumb","itemListElement":[{"@type":"ListItem","position":1,"name":"Home","item":"https:\/\/unrostore.com\/"},{"@type":"ListItem","position":2,"name":"Shop","item":"https:\/\/unrostore.com\/shop\/"},{"@type":"ListItem","position":3,"name":"Gekleurde Ontbijtset Corals &#8211; 8-delig"}]},{"@type":"WebSite","@id":"https:\/\/unrostore.com\/#website","url":"https:\/\/unrostore.com\/","name":"UNRO","description":"De la vaisselle portugaise qui vous rendra heureux !","publisher":{"@id":"https:\/\/unrostore.com\/#organization"},"potentialAction":[{"@type":"SearchAction","target":{"@type":"EntryPoint","urlTemplate":"https:\/\/unrostore.com\/?s={search_term_string}"},"query-input":{"@type":"PropertyValueSpecification","valueRequired":true,"valueName":"search_term_string"}}],"inLanguage":"fr-FR"},{"@type":"Organization","@id":"https:\/\/unrostore.com\/#organization","name":"UNRO","url":"https:\/\/unrostore.com\/","logo":{"@type":"ImageObject","inLanguage":"fr-FR","@id":"https:\/\/unrostore.com\/#\/schema\/logo\/image\/","url":"https:\/\/unrostore.com\/wp-content\/uploads\/2022\/05\/Logo-UNRO.png","contentUrl":"https:\/\/unrostore.com\/wp-content\/uploads\/2022\/05\/Logo-UNRO.png","width":605,"height":179,"caption":"UNRO"},"image":{"@id":"https:\/\/unrostore.com\/#\/schema\/logo\/image\/"}}]}},"_links":{"self":[{"href":"https:\/\/unrostore.com\/fr-fr\/wp-json\/wp\/v2\/product\/7102","targetHints":{"allow":["GET"]}}],"collection":[{"href":"https:\/\/unrostore.com\/fr-fr\/wp-json\/wp\/v2\/product"}],"about":[{"href":"https:\/\/unrostore.com\/fr-fr\/wp-json\/wp\/v2\/types\/product"}],"wp:featuredmedia":[{"embeddable":true,"href":"https:\/\/unrostore.com\/fr-fr\/wp-json\/wp\/v2\/media\/7103"}],"wp:attachment":[{"href":"https:\/\/unrostore.com\/fr-fr\/wp-json\/wp\/v2\/media?parent=7102"}],"wp:term":[{"taxonomy":"product_brand","embeddable":true,"href":"https:\/\/unrostore.com\/fr-fr\/wp-json\/wp\/v2\/product_brand?post=7102"},{"taxonomy":"product_cat","embeddable":true,"href":"https:\/\/unrostore.com\/fr-fr\/wp-json\/wp\/v2\/product_cat?post=7102"},{"taxonomy":"product_tag","embeddable":true,"href":"https:\/\/unrostore.com\/fr-fr\/wp-json\/wp\/v2\/product_tag?post=7102"}],"curies":[{"name":"wp","href":"https:\/\/api.w.org\/{rel}","templated":true}]}}