{"id":6978,"date":"2024-02-07T19:14:22","date_gmt":"2024-02-07T19:14:22","guid":{"rendered":"https:\/\/unrostore.com\/?post_type=product&#038;p=6978"},"modified":"2026-01-19T20:36:34","modified_gmt":"2026-01-19T20:36:34","slug":"bols-colores-coraux-4-pieces","status":"publish","type":"product","link":"https:\/\/unrostore.com\/fr-fr\/boutique\/terrafina\/coraux\/bols-colores-coraux-4-pieces\/","title":{"rendered":"Bols color\u00e9s Corals - 4 pi\u00e8ces"},"content":{"rendered":"<h3>D\u00e9couvrez les bols color\u00e9s ludiques et joyeux Corals - 4 pi\u00e8ces de Terrafina<\/h3>\n<p>Ces<strong> bols color\u00e9s Corals<\/strong>\u00a0<strong>- 4 pi\u00e8ces<\/strong> par la marque portugaise <a href=\"https:\/\/www.terrafinastore.com\/en\/collections\/corals\">Terrafina<\/a> pour commencer la journ\u00e9e avec le sourire. Ces bols color\u00e9s sont fabriqu\u00e9s \u00e0 la main en c\u00e9ramique de haute qualit\u00e9 : le gr\u00e8s. Gr\u00e2ce au travail artisanal, chaque bol est vraiment unique. Les magnifiques couleurs bleu fonc\u00e9 et bleu clair combin\u00e9es au jaune sur un fond brun mat cr\u00e9ent un effet ludique. Ils \u00e9gayent ainsi toute cuisine et toute table \u00e0 manger ! Savourez des yaourts et des fruits avec style au petit-d\u00e9jeuner et une d\u00e9licieuse tasse de soupe ou de nouilles au d\u00e9jeuner ! Mais ces bols color\u00e9s sont aussi tr\u00e8s utiles pour l'ap\u00e9ritif, pour servir des croquettes par exemple. Compl\u00e9tez le set de 4 bols color\u00e9s avec les <a href=\"https:\/\/unrostore.com\/fr-fr\/boutique\/terrafina\/coraux\/gekleurde-gebaksbordjes-corals-4-delig\/\">assiettes \u00e0 d\u00e9jeuner Corals<\/a>, <a href=\"https:\/\/unrostore.com\/fr-fr\/boutique\/terrafina\/coraux\/grote-mokken-gekleurd-corals-4-delig\/\">tasses \u00e0 th\u00e9 extra-larges Corals<\/a> et <a href=\"https:\/\/unrostore.com\/fr-fr\/boutique\/terrafina\/coraux\/tasses-a-expresso-colorees-corail-4-pieces\/\">tasses \u00e0 expresso Corals<\/a>!<\/p>\n<p>P.s. \u00e9galement agr\u00e9able comme cadeau pour les hommes et les femmes lors d'une pendaison de cr\u00e9maill\u00e8re \ud83d\ude09<\/p>\n<h3>C'est le nombre de bols qui vous sont livr\u00e9s<\/h3>\n<ul>\n<li><strong>4x<\/strong> Bols Corals \u00f8 15 cm<\/li>\n<li><strong>2x <\/strong>Bo\u00eete cadeau de Terrafina<\/li>\n<\/ul>\n<p>&nbsp;<\/p>\n<p><em><strong>Durable pour les personnes et l'environnement :<\/strong><br \/>\nchaque produit est unique car il est fabriqu\u00e9 \u00e0 la main.<br \/>\nL'impression et la texture peuvent donc diff\u00e9rer l\u00e9g\u00e8rement de la photo du produit.<\/em><\/p>","protected":false},"excerpt":{"rendered":"<div class=\"usps\"><i class=\"far fa-check-circle\"><\/i> R\u00e9sistant aux micro-ondes<br \/>\n<i class=\"far fa-check-circle\"><\/i> R\u00e9siste au four (jusqu'\u00e0 200 degr\u00e9s)<br \/>\n<i class=\"far fa-check-circle\"><\/i> Lavable au lave-vaisselle<br \/>\n<i class=\"far fa-thumbs-up\"><\/i> Fait \u00e0 la main<\/div>","protected":false},"featured_media":6985,"template":"","meta":[],"product_brand":[],"product_cat":[127,135,119],"product_tag":[177,128,610,684,137,131,291,241,242,677,604,683,678,123,603],"class_list":{"0":"post-6978","1":"product","2":"type-product","3":"status-publish","4":"has-post-thumbnail","6":"product_cat-corals","7":"product_cat-kommen","8":"product_cat-terrafina","9":"product_tag-blauw","10":"product_tag-corals","11":"product_tag-geel","12":"product_tag-gekleurde-schaaltjes","13":"product_tag-kom","14":"product_tag-kommen","15":"product_tag-kommetjes","16":"product_tag-muesli","17":"product_tag-ontbijt","18":"product_tag-schaaltjes","19":"product_tag-soep","20":"product_tag-soepkom","21":"product_tag-tapas-schaaltjes","22":"product_tag-terrafina","23":"product_tag-yoghurt","24":"product_shipping_class-pakket","26":"first","27":"outofstock","28":"sale","29":"taxable","30":"shipping-taxable","31":"purchasable","32":"product-type-simple"},"yoast_head":"<!-- This site is optimized with the Yoast SEO plugin v27.4 - https:\/\/yoast.com\/product\/yoast-seo-wordpress\/ -->\n<title>Gekleurde Kommen Corals - 4-delig &#8226; UNRO<\/title>\n<meta name=\"description\" content=\"Ontdek de vrolijke en speelse gekleurde kommen Corals - 4-delig en start jouw dag met een glimlach! Met liefde handgemaakt in Portugal.\" \/>\n<meta name=\"robots\" content=\"index, follow, max-snippet:-1, max-image-preview:large, max-video-preview:-1\" \/>\n<link rel=\"canonical\" href=\"https:\/\/unrostore.com\/fr-fr\/boutique\/terrafina\/coraux\/bols-colores-coraux-4-pieces\/\" \/>\n<meta property=\"og:locale\" content=\"fr_FR\" \/>\n<meta property=\"og:type\" content=\"article\" \/>\n<meta property=\"og:title\" content=\"Gekleurde Kommen Corals - 4-delig &#8226; UNRO\" \/>\n<meta property=\"og:description\" content=\"Ontdek de vrolijke en speelse gekleurde kommen Corals - 4-delig en start jouw dag met een glimlach! Met liefde handgemaakt in Portugal.\" \/>\n<meta property=\"og:url\" content=\"https:\/\/unrostore.com\/fr-fr\/boutique\/terrafina\/coraux\/bols-colores-coraux-4-pieces\/\" \/>\n<meta property=\"og:site_name\" content=\"UNRO\" \/>\n<meta property=\"article:modified_time\" content=\"2026-01-19T20:36:34+00:00\" \/>\n<meta property=\"og:image\" content=\"https:\/\/unrostore.com\/wp-content\/uploads\/2024\/02\/unro-gekleurde-ontbijtkommen-corals-soepkom.webp\" \/>\n\t<meta property=\"og:image:width\" content=\"1000\" \/>\n\t<meta property=\"og:image:height\" content=\"1000\" \/>\n\t<meta property=\"og:image:type\" content=\"image\/webp\" \/>\n<meta name=\"twitter:card\" content=\"summary_large_image\" \/>\n<script type=\"application\/ld+json\" class=\"yoast-schema-graph\">{\"@context\":\"https:\\\/\\\/schema.org\",\"@graph\":[{\"@type\":\"WebPage\",\"@id\":\"https:\\\/\\\/unrostore.com\\\/shop\\\/terrafina\\\/corals\\\/gekleurde-kommen-corals-4-delig\\\/\",\"url\":\"https:\\\/\\\/unrostore.com\\\/shop\\\/terrafina\\\/corals\\\/gekleurde-kommen-corals-4-delig\\\/\",\"name\":\"Gekleurde Kommen Corals - 4-delig &#8226; UNRO\",\"isPartOf\":{\"@id\":\"https:\\\/\\\/unrostore.com\\\/#website\"},\"primaryImageOfPage\":{\"@id\":\"https:\\\/\\\/unrostore.com\\\/shop\\\/terrafina\\\/corals\\\/gekleurde-kommen-corals-4-delig\\\/#primaryimage\"},\"image\":{\"@id\":\"https:\\\/\\\/unrostore.com\\\/shop\\\/terrafina\\\/corals\\\/gekleurde-kommen-corals-4-delig\\\/#primaryimage\"},\"thumbnailUrl\":\"https:\\\/\\\/unrostore.com\\\/wp-content\\\/uploads\\\/2024\\\/02\\\/unro-gekleurde-ontbijtkommen-corals-soepkom.webp\",\"datePublished\":\"2024-02-07T19:14:22+00:00\",\"dateModified\":\"2026-01-19T20:36:34+00:00\",\"description\":\"Ontdek de vrolijke en speelse gekleurde kommen Corals - 4-delig en start jouw dag met een glimlach! Met liefde handgemaakt in Portugal.\",\"breadcrumb\":{\"@id\":\"https:\\\/\\\/unrostore.com\\\/shop\\\/terrafina\\\/corals\\\/gekleurde-kommen-corals-4-delig\\\/#breadcrumb\"},\"inLanguage\":\"fr-FR\",\"potentialAction\":[{\"@type\":\"ReadAction\",\"target\":[\"https:\\\/\\\/unrostore.com\\\/shop\\\/terrafina\\\/corals\\\/gekleurde-kommen-corals-4-delig\\\/\"]}]},{\"@type\":\"ImageObject\",\"inLanguage\":\"fr-FR\",\"@id\":\"https:\\\/\\\/unrostore.com\\\/shop\\\/terrafina\\\/corals\\\/gekleurde-kommen-corals-4-delig\\\/#primaryimage\",\"url\":\"https:\\\/\\\/unrostore.com\\\/wp-content\\\/uploads\\\/2024\\\/02\\\/unro-gekleurde-ontbijtkommen-corals-soepkom.webp\",\"contentUrl\":\"https:\\\/\\\/unrostore.com\\\/wp-content\\\/uploads\\\/2024\\\/02\\\/unro-gekleurde-ontbijtkommen-corals-soepkom.webp\",\"width\":1000,\"height\":1000,\"caption\":\"gekleurde kommen Corals\"},{\"@type\":\"BreadcrumbList\",\"@id\":\"https:\\\/\\\/unrostore.com\\\/shop\\\/terrafina\\\/corals\\\/gekleurde-kommen-corals-4-delig\\\/#breadcrumb\",\"itemListElement\":[{\"@type\":\"ListItem\",\"position\":1,\"name\":\"Home\",\"item\":\"https:\\\/\\\/unrostore.com\\\/\"},{\"@type\":\"ListItem\",\"position\":2,\"name\":\"Shop\",\"item\":\"https:\\\/\\\/unrostore.com\\\/shop\\\/\"},{\"@type\":\"ListItem\",\"position\":3,\"name\":\"Gekleurde Kommen Corals &#8211; 4-delig\"}]},{\"@type\":\"WebSite\",\"@id\":\"https:\\\/\\\/unrostore.com\\\/#website\",\"url\":\"https:\\\/\\\/unrostore.com\\\/\",\"name\":\"UNRO\",\"description\":\"Portugees servies waar je blij van wordt!\",\"publisher\":{\"@id\":\"https:\\\/\\\/unrostore.com\\\/#organization\"},\"potentialAction\":[{\"@type\":\"SearchAction\",\"target\":{\"@type\":\"EntryPoint\",\"urlTemplate\":\"https:\\\/\\\/unrostore.com\\\/?s={search_term_string}\"},\"query-input\":{\"@type\":\"PropertyValueSpecification\",\"valueRequired\":true,\"valueName\":\"search_term_string\"}}],\"inLanguage\":\"fr-FR\"},{\"@type\":\"Organization\",\"@id\":\"https:\\\/\\\/unrostore.com\\\/#organization\",\"name\":\"UNRO\",\"url\":\"https:\\\/\\\/unrostore.com\\\/\",\"logo\":{\"@type\":\"ImageObject\",\"inLanguage\":\"fr-FR\",\"@id\":\"https:\\\/\\\/unrostore.com\\\/#\\\/schema\\\/logo\\\/image\\\/\",\"url\":\"https:\\\/\\\/unrostore.com\\\/wp-content\\\/uploads\\\/2022\\\/05\\\/Logo-UNRO.png\",\"contentUrl\":\"https:\\\/\\\/unrostore.com\\\/wp-content\\\/uploads\\\/2022\\\/05\\\/Logo-UNRO.png\",\"width\":605,\"height\":179,\"caption\":\"UNRO\"},\"image\":{\"@id\":\"https:\\\/\\\/unrostore.com\\\/#\\\/schema\\\/logo\\\/image\\\/\"}}]}<\/script>\n<!-- \/ Yoast SEO plugin. -->","yoast_head_json":{"title":"Bols color\u00e9s Coraux - 4 pi\u00e8ces - UNRO","description":"D\u00e9couvrez les bols color\u00e9s joyeux et ludiques Coraux - 4 pi\u00e8ces et commencez votre journ\u00e9e avec le sourire ! Fabriqu\u00e9s \u00e0 la main avec amour au Portugal.","robots":{"index":"index","follow":"follow","max-snippet":"max-snippet:-1","max-image-preview":"max-image-preview:large","max-video-preview":"max-video-preview:-1"},"canonical":"https:\/\/unrostore.com\/fr-fr\/boutique\/terrafina\/coraux\/bols-colores-coraux-4-pieces\/","og_locale":"fr_FR","og_type":"article","og_title":"Gekleurde Kommen Corals - 4-delig &#8226; UNRO","og_description":"Ontdek de vrolijke en speelse gekleurde kommen Corals - 4-delig en start jouw dag met een glimlach! Met liefde handgemaakt in Portugal.","og_url":"https:\/\/unrostore.com\/fr-fr\/boutique\/terrafina\/coraux\/bols-colores-coraux-4-pieces\/","og_site_name":"UNRO","article_modified_time":"2026-01-19T20:36:34+00:00","og_image":[{"width":1000,"height":1000,"url":"https:\/\/unrostore.com\/wp-content\/uploads\/2024\/02\/unro-gekleurde-ontbijtkommen-corals-soepkom.webp","type":"image\/webp"}],"twitter_card":"summary_large_image","schema":{"@context":"https:\/\/schema.org","@graph":[{"@type":"WebPage","@id":"https:\/\/unrostore.com\/shop\/terrafina\/corals\/gekleurde-kommen-corals-4-delig\/","url":"https:\/\/unrostore.com\/shop\/terrafina\/corals\/gekleurde-kommen-corals-4-delig\/","name":"Bols color\u00e9s Coraux - 4 pi\u00e8ces - UNRO","isPartOf":{"@id":"https:\/\/unrostore.com\/#website"},"primaryImageOfPage":{"@id":"https:\/\/unrostore.com\/shop\/terrafina\/corals\/gekleurde-kommen-corals-4-delig\/#primaryimage"},"image":{"@id":"https:\/\/unrostore.com\/shop\/terrafina\/corals\/gekleurde-kommen-corals-4-delig\/#primaryimage"},"thumbnailUrl":"https:\/\/unrostore.com\/wp-content\/uploads\/2024\/02\/unro-gekleurde-ontbijtkommen-corals-soepkom.webp","datePublished":"2024-02-07T19:14:22+00:00","dateModified":"2026-01-19T20:36:34+00:00","description":"D\u00e9couvrez les bols color\u00e9s joyeux et ludiques Coraux - 4 pi\u00e8ces et commencez votre journ\u00e9e avec le sourire ! Fabriqu\u00e9s \u00e0 la main avec amour au Portugal.","breadcrumb":{"@id":"https:\/\/unrostore.com\/shop\/terrafina\/corals\/gekleurde-kommen-corals-4-delig\/#breadcrumb"},"inLanguage":"fr-FR","potentialAction":[{"@type":"ReadAction","target":["https:\/\/unrostore.com\/shop\/terrafina\/corals\/gekleurde-kommen-corals-4-delig\/"]}]},{"@type":"ImageObject","inLanguage":"fr-FR","@id":"https:\/\/unrostore.com\/shop\/terrafina\/corals\/gekleurde-kommen-corals-4-delig\/#primaryimage","url":"https:\/\/unrostore.com\/wp-content\/uploads\/2024\/02\/unro-gekleurde-ontbijtkommen-corals-soepkom.webp","contentUrl":"https:\/\/unrostore.com\/wp-content\/uploads\/2024\/02\/unro-gekleurde-ontbijtkommen-corals-soepkom.webp","width":1000,"height":1000,"caption":"gekleurde kommen Corals"},{"@type":"BreadcrumbList","@id":"https:\/\/unrostore.com\/shop\/terrafina\/corals\/gekleurde-kommen-corals-4-delig\/#breadcrumb","itemListElement":[{"@type":"ListItem","position":1,"name":"Home","item":"https:\/\/unrostore.com\/"},{"@type":"ListItem","position":2,"name":"Shop","item":"https:\/\/unrostore.com\/shop\/"},{"@type":"ListItem","position":3,"name":"Gekleurde Kommen Corals &#8211; 4-delig"}]},{"@type":"WebSite","@id":"https:\/\/unrostore.com\/#website","url":"https:\/\/unrostore.com\/","name":"UNRO","description":"De la vaisselle portugaise qui vous rendra heureux !","publisher":{"@id":"https:\/\/unrostore.com\/#organization"},"potentialAction":[{"@type":"SearchAction","target":{"@type":"EntryPoint","urlTemplate":"https:\/\/unrostore.com\/?s={search_term_string}"},"query-input":{"@type":"PropertyValueSpecification","valueRequired":true,"valueName":"search_term_string"}}],"inLanguage":"fr-FR"},{"@type":"Organization","@id":"https:\/\/unrostore.com\/#organization","name":"UNRO","url":"https:\/\/unrostore.com\/","logo":{"@type":"ImageObject","inLanguage":"fr-FR","@id":"https:\/\/unrostore.com\/#\/schema\/logo\/image\/","url":"https:\/\/unrostore.com\/wp-content\/uploads\/2022\/05\/Logo-UNRO.png","contentUrl":"https:\/\/unrostore.com\/wp-content\/uploads\/2022\/05\/Logo-UNRO.png","width":605,"height":179,"caption":"UNRO"},"image":{"@id":"https:\/\/unrostore.com\/#\/schema\/logo\/image\/"}}]}},"_links":{"self":[{"href":"https:\/\/unrostore.com\/fr-fr\/wp-json\/wp\/v2\/product\/6978","targetHints":{"allow":["GET"]}}],"collection":[{"href":"https:\/\/unrostore.com\/fr-fr\/wp-json\/wp\/v2\/product"}],"about":[{"href":"https:\/\/unrostore.com\/fr-fr\/wp-json\/wp\/v2\/types\/product"}],"wp:featuredmedia":[{"embeddable":true,"href":"https:\/\/unrostore.com\/fr-fr\/wp-json\/wp\/v2\/media\/6985"}],"wp:attachment":[{"href":"https:\/\/unrostore.com\/fr-fr\/wp-json\/wp\/v2\/media?parent=6978"}],"wp:term":[{"taxonomy":"product_brand","embeddable":true,"href":"https:\/\/unrostore.com\/fr-fr\/wp-json\/wp\/v2\/product_brand?post=6978"},{"taxonomy":"product_cat","embeddable":true,"href":"https:\/\/unrostore.com\/fr-fr\/wp-json\/wp\/v2\/product_cat?post=6978"},{"taxonomy":"product_tag","embeddable":true,"href":"https:\/\/unrostore.com\/fr-fr\/wp-json\/wp\/v2\/product_tag?post=6978"}],"curies":[{"name":"wp","href":"https:\/\/api.w.org\/{rel}","templated":true}]}}