{"id":6799,"date":"2024-01-17T10:48:43","date_gmt":"2024-01-17T10:48:43","guid":{"rendered":"https:\/\/unrostore.com\/?post_type=product&#038;p=6799"},"modified":"2026-01-19T20:36:35","modified_gmt":"2026-01-19T20:36:35","slug":"tasses-a-expresso-marron-cafe-4-pieces","status":"publish","type":"product","link":"https:\/\/unrostore.com\/fr-fr\/boutique\/terrafina\/cafe-4\/tasses-a-expresso-marron-cafe-4-pieces\/","title":{"rendered":"Tasses \u00e0 espresso Brown 100 ml Caf\u00e9 - 4 pi\u00e8ces"},"content":{"rendered":"<h3>Commencez votre journ\u00e9e avec un sourire gr\u00e2ce \u00e0 ces tasses \u00e0 espresso marron mat.<\/h3>\n<p>Le <strong>tasses \u00e0 expresso marron<\/strong> de la collection Coffee de la marque portugaise <a href=\"https:\/\/www.terrafinastore.com\/en\/collections\/sail\">Terrafina<\/a> sont un produit industriel cool, \u00e9l\u00e9gant et moderne. Ces tasses \u00e0 expresso marron mat ont \u00e9galement une touche orientale et ne d\u00e9pareilleraient pas lors d'un d\u00eener fusion asiatique. Ces tasses \u00e0 expresso marron fonc\u00e9 contrastent joliment avec les tons beige clair. Ces tasses marron fonc\u00e9 mat offrent une belle alternative \u00e0 une couleur fonc\u00e9e chic qui change du noir. La combinaison de la couleur marron fonc\u00e9 et de la structure mate cr\u00e9e un look h\u00f4tel chic mais s'adaptera \u00e9galement \u00e0 un int\u00e9rieur industriel, oriental ou moderne. Voir aussi les <strong><a href=\"https:\/\/unrostore.com\/fr-fr\/boutique\/terrafina\/cafe-4\/tasses-a-cafe-expresso-marron-2-pieces\/\">set de 2 tasses \u00e0 espresso marron<\/a><\/strong>\u00a0ou comme variante large <strong><a href=\"https:\/\/unrostore.com\/fr-fr\/boutique\/terrafina\/cafe-4\/bruine-mokken-coffee-2-delig\/\">tasses \u00e0 cappuccino brunes<\/a><\/strong>. Vous pouvez \u00e9galement opter pour le kit complet avec le <a href=\"https:\/\/unrostore.com\/fr-fr\/boutique\/terrafina\/cafe-4\/vaisselle-brune-16-pieces-avec-assiettes-a-pates-et-bols\/\">service de table brun Coffee - 16 pi\u00e8ces<\/a>, <a href=\"https:\/\/unrostore.com\/fr-fr\/boutique\/terrafina\/cafe-4\/set-de-vaisselle-marron-assiettes-a-pates-cafe\/\">vaisselle brune avec assiettes \u00e0 p\u00e2tes - 12 pi\u00e8ces<\/a> ou <a href=\"https:\/\/unrostore.com\/fr-fr\/boutique\/terrafina\/cafe-4\/set-de-vaisselle-marron-cafe-avec-bols-4-personnes\/\">service de table brun avec bols - 12 pi\u00e8ces<\/a>.<\/p>\n<h3>C'est le nombre de mugs que vous recevrez<\/h3>\n<ul>\n<li>4x tasses \u00e0 expresso Coffee (100 ml de volume buvable)<\/li>\n<li>2x Terrafina bo\u00eete cadeau<\/li>\n<\/ul>\n<p>&nbsp;<\/p>\n<p><em><strong>Durable pour les personnes et l'environnement<\/strong><br \/>\nChaque produit est unique car il est fabriqu\u00e9 \u00e0 la main.<br \/>\nL'impression et la texture peuvent donc diff\u00e9rer l\u00e9g\u00e8rement de la photo du produit.<\/em><\/p>","protected":false},"excerpt":{"rendered":"<div style=\"font-family: nunito sans; font-size: 14px; border: 1px solid #dedede; border-radius: 4px; padding: 15px 0 0 14px; margin-top: 20px; margin-bottom: 20px; width: 160px; box-shadow: 1px 1px 7px 0px rgb(0 0 0 \/ 15%), 0px 0px 2px 0px rgb(0 0 0 \/ 5%); color: #00b900;\">\n<p>Avec ce prix fixe, vous \u00e9conomisez <strong>\u20ac2,-<\/strong><\/p>\n<\/div>\n<div class=\"usps\"><i class=\"far fa-check-circle\"><\/i> R\u00e9sistant aux micro-ondes<br \/>\n<i class=\"far fa-check-circle\"><\/i> R\u00e9siste au four (jusqu'\u00e0 200 degr\u00e9s)<br \/>\n<i class=\"far fa-check-circle\"><\/i> Lavable au lave-vaisselle<br \/>\n<i class=\"far fa-thumbs-up\"><\/i> Fait \u00e0 la main<\/div>","protected":false},"featured_media":6801,"template":"","meta":[],"product_brand":[],"product_cat":[178,869,307,132,119],"product_tag":[295,309,179,296,371,659,638,626,297,885,130,123,632],"class_list":{"0":"post-6799","1":"product","2":"type-product","3":"status-publish","4":"has-post-thumbnail","6":"product_cat-coffee","7":"product_cat-unro-cadeautips","8":"product_cat-espresso-kopjes","9":"product_cat-kopjes-en-mokken","10":"product_cat-terrafina","11":"product_tag-bruin","12":"product_tag-cappuccino-mokken","13":"product_tag-coffee","14":"product_tag-donker","15":"product_tag-espresso-kopje","16":"product_tag-espressokopjes","17":"product_tag-koffiekopjes","18":"product_tag-koffiemokken","19":"product_tag-mat","20":"product_tag-matte","21":"product_tag-mokken","22":"product_tag-terrafina","23":"product_tag-theemokken","24":"product_shipping_class-pakket","26":"first","27":"instock","28":"sale","29":"taxable","30":"shipping-taxable","31":"purchasable","32":"product-type-simple"},"yoast_head":"<!-- This site is optimized with the Yoast SEO plugin v27.4 - https:\/\/yoast.com\/product\/yoast-seo-wordpress\/ -->\n<title>Espressokopjes Bruin 100 ml Coffee - 4-delig &#8226; UNRO<\/title>\n<meta name=\"description\" content=\"Geniet van een stijlvolle espresso in de ochtend met deze espressokopjes bruin uit de Coffee servies collectie, perfect voor jouw hotel chique interieur.\" \/>\n<meta name=\"robots\" content=\"index, follow, max-snippet:-1, max-image-preview:large, max-video-preview:-1\" \/>\n<link rel=\"canonical\" href=\"https:\/\/unrostore.com\/fr-fr\/boutique\/terrafina\/cafe-4\/tasses-a-expresso-marron-cafe-4-pieces\/\" \/>\n<meta property=\"og:locale\" content=\"fr_FR\" \/>\n<meta property=\"og:type\" content=\"article\" \/>\n<meta property=\"og:title\" content=\"Espressokopjes Bruin 100 ml Coffee - 4-delig &#8226; UNRO\" \/>\n<meta property=\"og:description\" content=\"Geniet van een stijlvolle espresso in de ochtend met deze espressokopjes bruin uit de Coffee servies collectie, perfect voor jouw hotel chique interieur.\" \/>\n<meta property=\"og:url\" content=\"https:\/\/unrostore.com\/fr-fr\/boutique\/terrafina\/cafe-4\/tasses-a-expresso-marron-cafe-4-pieces\/\" \/>\n<meta property=\"og:site_name\" content=\"UNRO\" \/>\n<meta property=\"article:modified_time\" content=\"2026-01-19T20:36:35+00:00\" \/>\n<meta property=\"og:image\" content=\"https:\/\/unrostore.com\/wp-content\/uploads\/2024\/01\/unro-espresso-kopjes-bruin.webp\" \/>\n\t<meta property=\"og:image:width\" content=\"1000\" \/>\n\t<meta property=\"og:image:height\" content=\"1000\" \/>\n\t<meta property=\"og:image:type\" content=\"image\/webp\" \/>\n<meta name=\"twitter:card\" content=\"summary_large_image\" \/>\n<script type=\"application\/ld+json\" class=\"yoast-schema-graph\">{\"@context\":\"https:\\\/\\\/schema.org\",\"@graph\":[{\"@type\":\"WebPage\",\"@id\":\"https:\\\/\\\/unrostore.com\\\/shop\\\/terrafina\\\/coffee\\\/espressokopjes-bruin-coffee-4-delig\\\/\",\"url\":\"https:\\\/\\\/unrostore.com\\\/shop\\\/terrafina\\\/coffee\\\/espressokopjes-bruin-coffee-4-delig\\\/\",\"name\":\"Espressokopjes Bruin 100 ml Coffee - 4-delig &#8226; UNRO\",\"isPartOf\":{\"@id\":\"https:\\\/\\\/unrostore.com\\\/#website\"},\"primaryImageOfPage\":{\"@id\":\"https:\\\/\\\/unrostore.com\\\/shop\\\/terrafina\\\/coffee\\\/espressokopjes-bruin-coffee-4-delig\\\/#primaryimage\"},\"image\":{\"@id\":\"https:\\\/\\\/unrostore.com\\\/shop\\\/terrafina\\\/coffee\\\/espressokopjes-bruin-coffee-4-delig\\\/#primaryimage\"},\"thumbnailUrl\":\"https:\\\/\\\/unrostore.com\\\/wp-content\\\/uploads\\\/2024\\\/01\\\/unro-espresso-kopjes-bruin.webp\",\"datePublished\":\"2024-01-17T10:48:43+00:00\",\"dateModified\":\"2026-01-19T20:36:35+00:00\",\"description\":\"Geniet van een stijlvolle espresso in de ochtend met deze espressokopjes bruin uit de Coffee servies collectie, perfect voor jouw hotel chique interieur.\",\"breadcrumb\":{\"@id\":\"https:\\\/\\\/unrostore.com\\\/shop\\\/terrafina\\\/coffee\\\/espressokopjes-bruin-coffee-4-delig\\\/#breadcrumb\"},\"inLanguage\":\"fr-FR\",\"potentialAction\":[{\"@type\":\"ReadAction\",\"target\":[\"https:\\\/\\\/unrostore.com\\\/shop\\\/terrafina\\\/coffee\\\/espressokopjes-bruin-coffee-4-delig\\\/\"]}]},{\"@type\":\"ImageObject\",\"inLanguage\":\"fr-FR\",\"@id\":\"https:\\\/\\\/unrostore.com\\\/shop\\\/terrafina\\\/coffee\\\/espressokopjes-bruin-coffee-4-delig\\\/#primaryimage\",\"url\":\"https:\\\/\\\/unrostore.com\\\/wp-content\\\/uploads\\\/2024\\\/01\\\/unro-espresso-kopjes-bruin.webp\",\"contentUrl\":\"https:\\\/\\\/unrostore.com\\\/wp-content\\\/uploads\\\/2024\\\/01\\\/unro-espresso-kopjes-bruin.webp\",\"width\":1000,\"height\":1000,\"caption\":\"espressokopjes bruin\"},{\"@type\":\"BreadcrumbList\",\"@id\":\"https:\\\/\\\/unrostore.com\\\/shop\\\/terrafina\\\/coffee\\\/espressokopjes-bruin-coffee-4-delig\\\/#breadcrumb\",\"itemListElement\":[{\"@type\":\"ListItem\",\"position\":1,\"name\":\"Home\",\"item\":\"https:\\\/\\\/unrostore.com\\\/\"},{\"@type\":\"ListItem\",\"position\":2,\"name\":\"Shop\",\"item\":\"https:\\\/\\\/unrostore.com\\\/shop\\\/\"},{\"@type\":\"ListItem\",\"position\":3,\"name\":\"Espressokopjes Bruin 100 ml Coffee &#8211; 4-delig\"}]},{\"@type\":\"WebSite\",\"@id\":\"https:\\\/\\\/unrostore.com\\\/#website\",\"url\":\"https:\\\/\\\/unrostore.com\\\/\",\"name\":\"UNRO\",\"description\":\"Portugees servies waar je blij van wordt!\",\"publisher\":{\"@id\":\"https:\\\/\\\/unrostore.com\\\/#organization\"},\"potentialAction\":[{\"@type\":\"SearchAction\",\"target\":{\"@type\":\"EntryPoint\",\"urlTemplate\":\"https:\\\/\\\/unrostore.com\\\/?s={search_term_string}\"},\"query-input\":{\"@type\":\"PropertyValueSpecification\",\"valueRequired\":true,\"valueName\":\"search_term_string\"}}],\"inLanguage\":\"fr-FR\"},{\"@type\":\"Organization\",\"@id\":\"https:\\\/\\\/unrostore.com\\\/#organization\",\"name\":\"UNRO\",\"url\":\"https:\\\/\\\/unrostore.com\\\/\",\"logo\":{\"@type\":\"ImageObject\",\"inLanguage\":\"fr-FR\",\"@id\":\"https:\\\/\\\/unrostore.com\\\/#\\\/schema\\\/logo\\\/image\\\/\",\"url\":\"https:\\\/\\\/unrostore.com\\\/wp-content\\\/uploads\\\/2022\\\/05\\\/Logo-UNRO.png\",\"contentUrl\":\"https:\\\/\\\/unrostore.com\\\/wp-content\\\/uploads\\\/2022\\\/05\\\/Logo-UNRO.png\",\"width\":605,\"height\":179,\"caption\":\"UNRO\"},\"image\":{\"@id\":\"https:\\\/\\\/unrostore.com\\\/#\\\/schema\\\/logo\\\/image\\\/\"}}]}<\/script>\n<!-- \/ Yoast SEO plugin. -->","yoast_head_json":{"title":"Tasses \u00e0 espresso Brown 100 ml Caf\u00e9 - 4 pi\u00e8ces - UNRO","description":"Savourez un expresso \u00e9l\u00e9gant le matin avec ces tasses \u00e0 expresso marron de la collection Coffee tableware, parfaites pour votre int\u00e9rieur h\u00f4tel chic.","robots":{"index":"index","follow":"follow","max-snippet":"max-snippet:-1","max-image-preview":"max-image-preview:large","max-video-preview":"max-video-preview:-1"},"canonical":"https:\/\/unrostore.com\/fr-fr\/boutique\/terrafina\/cafe-4\/tasses-a-expresso-marron-cafe-4-pieces\/","og_locale":"fr_FR","og_type":"article","og_title":"Espressokopjes Bruin 100 ml Coffee - 4-delig &#8226; UNRO","og_description":"Geniet van een stijlvolle espresso in de ochtend met deze espressokopjes bruin uit de Coffee servies collectie, perfect voor jouw hotel chique interieur.","og_url":"https:\/\/unrostore.com\/fr-fr\/boutique\/terrafina\/cafe-4\/tasses-a-expresso-marron-cafe-4-pieces\/","og_site_name":"UNRO","article_modified_time":"2026-01-19T20:36:35+00:00","og_image":[{"width":1000,"height":1000,"url":"https:\/\/unrostore.com\/wp-content\/uploads\/2024\/01\/unro-espresso-kopjes-bruin.webp","type":"image\/webp"}],"twitter_card":"summary_large_image","schema":{"@context":"https:\/\/schema.org","@graph":[{"@type":"WebPage","@id":"https:\/\/unrostore.com\/shop\/terrafina\/coffee\/espressokopjes-bruin-coffee-4-delig\/","url":"https:\/\/unrostore.com\/shop\/terrafina\/coffee\/espressokopjes-bruin-coffee-4-delig\/","name":"Tasses \u00e0 espresso Brown 100 ml Caf\u00e9 - 4 pi\u00e8ces - UNRO","isPartOf":{"@id":"https:\/\/unrostore.com\/#website"},"primaryImageOfPage":{"@id":"https:\/\/unrostore.com\/shop\/terrafina\/coffee\/espressokopjes-bruin-coffee-4-delig\/#primaryimage"},"image":{"@id":"https:\/\/unrostore.com\/shop\/terrafina\/coffee\/espressokopjes-bruin-coffee-4-delig\/#primaryimage"},"thumbnailUrl":"https:\/\/unrostore.com\/wp-content\/uploads\/2024\/01\/unro-espresso-kopjes-bruin.webp","datePublished":"2024-01-17T10:48:43+00:00","dateModified":"2026-01-19T20:36:35+00:00","description":"Savourez un expresso \u00e9l\u00e9gant le matin avec ces tasses \u00e0 expresso marron de la collection Coffee tableware, parfaites pour votre int\u00e9rieur h\u00f4tel chic.","breadcrumb":{"@id":"https:\/\/unrostore.com\/shop\/terrafina\/coffee\/espressokopjes-bruin-coffee-4-delig\/#breadcrumb"},"inLanguage":"fr-FR","potentialAction":[{"@type":"ReadAction","target":["https:\/\/unrostore.com\/shop\/terrafina\/coffee\/espressokopjes-bruin-coffee-4-delig\/"]}]},{"@type":"ImageObject","inLanguage":"fr-FR","@id":"https:\/\/unrostore.com\/shop\/terrafina\/coffee\/espressokopjes-bruin-coffee-4-delig\/#primaryimage","url":"https:\/\/unrostore.com\/wp-content\/uploads\/2024\/01\/unro-espresso-kopjes-bruin.webp","contentUrl":"https:\/\/unrostore.com\/wp-content\/uploads\/2024\/01\/unro-espresso-kopjes-bruin.webp","width":1000,"height":1000,"caption":"espressokopjes bruin"},{"@type":"BreadcrumbList","@id":"https:\/\/unrostore.com\/shop\/terrafina\/coffee\/espressokopjes-bruin-coffee-4-delig\/#breadcrumb","itemListElement":[{"@type":"ListItem","position":1,"name":"Home","item":"https:\/\/unrostore.com\/"},{"@type":"ListItem","position":2,"name":"Shop","item":"https:\/\/unrostore.com\/shop\/"},{"@type":"ListItem","position":3,"name":"Espressokopjes Bruin 100 ml Coffee &#8211; 4-delig"}]},{"@type":"WebSite","@id":"https:\/\/unrostore.com\/#website","url":"https:\/\/unrostore.com\/","name":"UNRO","description":"De la vaisselle portugaise qui vous rendra heureux !","publisher":{"@id":"https:\/\/unrostore.com\/#organization"},"potentialAction":[{"@type":"SearchAction","target":{"@type":"EntryPoint","urlTemplate":"https:\/\/unrostore.com\/?s={search_term_string}"},"query-input":{"@type":"PropertyValueSpecification","valueRequired":true,"valueName":"search_term_string"}}],"inLanguage":"fr-FR"},{"@type":"Organization","@id":"https:\/\/unrostore.com\/#organization","name":"UNRO","url":"https:\/\/unrostore.com\/","logo":{"@type":"ImageObject","inLanguage":"fr-FR","@id":"https:\/\/unrostore.com\/#\/schema\/logo\/image\/","url":"https:\/\/unrostore.com\/wp-content\/uploads\/2022\/05\/Logo-UNRO.png","contentUrl":"https:\/\/unrostore.com\/wp-content\/uploads\/2022\/05\/Logo-UNRO.png","width":605,"height":179,"caption":"UNRO"},"image":{"@id":"https:\/\/unrostore.com\/#\/schema\/logo\/image\/"}}]}},"_links":{"self":[{"href":"https:\/\/unrostore.com\/fr-fr\/wp-json\/wp\/v2\/product\/6799","targetHints":{"allow":["GET"]}}],"collection":[{"href":"https:\/\/unrostore.com\/fr-fr\/wp-json\/wp\/v2\/product"}],"about":[{"href":"https:\/\/unrostore.com\/fr-fr\/wp-json\/wp\/v2\/types\/product"}],"wp:featuredmedia":[{"embeddable":true,"href":"https:\/\/unrostore.com\/fr-fr\/wp-json\/wp\/v2\/media\/6801"}],"wp:attachment":[{"href":"https:\/\/unrostore.com\/fr-fr\/wp-json\/wp\/v2\/media?parent=6799"}],"wp:term":[{"taxonomy":"product_brand","embeddable":true,"href":"https:\/\/unrostore.com\/fr-fr\/wp-json\/wp\/v2\/product_brand?post=6799"},{"taxonomy":"product_cat","embeddable":true,"href":"https:\/\/unrostore.com\/fr-fr\/wp-json\/wp\/v2\/product_cat?post=6799"},{"taxonomy":"product_tag","embeddable":true,"href":"https:\/\/unrostore.com\/fr-fr\/wp-json\/wp\/v2\/product_tag?post=6799"}],"curies":[{"name":"wp","href":"https:\/\/api.w.org\/{rel}","templated":true}]}}