{"id":6653,"date":"2023-12-27T12:21:44","date_gmt":"2023-12-27T12:21:44","guid":{"rendered":"https:\/\/unrostore.com\/?post_type=product&#038;p=6653"},"modified":"2026-01-19T20:37:19","modified_gmt":"2026-01-19T20:37:19","slug":"tasses-a-cappuccino-bleues-amazonia-bue-4-pieces","status":"publish","type":"product","link":"https:\/\/unrostore.com\/fr-fr\/boutique\/terrafina\/bleu-damazonie\/tasses-a-cappuccino-bleues-amazonia-bue-4-pieces\/","title":{"rendered":"Tasses \u00e0 cappuccino bleues 350 ml Bleu Amazone - 4 pi\u00e8ces"},"content":{"rendered":"<h3>Magnifique ensemble de 4 tasses \u00e0 cappuccino bleues !<\/h3>\n<p>Ces<strong> tasses \u00e0 cappuccino bleues <\/strong>par la marque portugaise <a href=\"https:\/\/www.terrafinastore.com\/en\/representatives\/unro\">Terrafina<\/a> et parfaites pour votre boisson chaude pr\u00e9f\u00e9r\u00e9e. Que vous aimiez le th\u00e9, une grande tasse de caf\u00e9 ou de th\u00e9, ces mugs bleus avec oreille ont la taille id\u00e9ale pour cela. La couleur bleue unique rend ces mugs si sp\u00e9ciaux et donne \u00e0 votre coin caf\u00e9 une touche color\u00e9e. Votre moment caf\u00e9 ou th\u00e9 n'a jamais \u00e9t\u00e9 aussi \u00e9l\u00e9gant. Combinez ce grand set de tasses \u00e0 th\u00e9 avec les mugs bleus assortis <a href=\"https:\/\/unrostore.com\/fr-fr\/boutique\/terrafina\/bleu-damazonie\/vaisselle-bleue-amazonia-blue-2-pieces\/\">bols<\/a> ou <a href=\"https:\/\/unrostore.com\/fr-fr\/boutique\/terrafina\/bleu-damazonie\/gebaksbordjes-blauw-amazonia-blue-4-delig\/\">assiettes \u00e0 d\u00e9jeuner<\/a> Et profitez tous les jours d'un joli set de d\u00e9jeuner ! Ou offrez cet amusant set de 4 grands mugs bleus, \u00e9galement disponible en format <a href=\"https:\/\/unrostore.com\/fr-fr\/boutique\/terrafina\/bleu-damazonie\/blauwe-mokken-amazonia-blue-2-delig\/\">ensemble de 2<\/a> ou si <a href=\"https:\/\/unrostore.com\/fr-fr\/boutique\/terrafina\/bleu-damazonie\/tasse-a-cappuccino-bleue-amazonia-blue-1-piece\/\">tasse unique<\/a> dans une jolie bo\u00eete cadeau !<\/p>\n<h3>Voici le nombre de mugs que vous recevrez<\/h3>\n<ul>\n<li>4x mugs bleu amazonien (capacit\u00e9 de 350ml)<\/li>\n<li>2x Terrafina bo\u00eete cadeau<\/li>\n<\/ul>\n<p><em><strong>Durable pour les personnes et l'environnement :<\/strong><br \/>\nChaque produit est unique car il est fabriqu\u00e9 \u00e0 la main.<br \/>\nL'impression et la texture peuvent donc diff\u00e9rer l\u00e9g\u00e8rement de la photo du produit.<\/em><\/p>","protected":false},"excerpt":{"rendered":"<div style=\"font-family: nunito sans; font-size: 14px; border: 1px solid #dedede; border-radius: 4px; padding: 15px 0 0 14px; margin-top: 20px; margin-bottom: 20px; width: 160px; box-shadow: 1px 1px 7px 0px rgb(0 0 0 \/ 15%), 0px 0px 2px 0px rgb(0 0 0 \/ 5%); color: #00b900;\">\n<p>Avec ce prix fixe, vous \u00e9conomisez <strong>\u20ac4,-<\/strong><\/p>\n<\/div>\n<div class=\"usps\"><i class=\"far fa-check-circle\"><\/i> R\u00e9sistant aux micro-ondes<br \/>\n<i class=\"far fa-check-circle\"><\/i> R\u00e9siste au four (jusqu'\u00e0 200 degr\u00e9s)<br \/>\n<i class=\"far fa-check-circle\"><\/i> Lavable au lave-vaisselle<br \/>\n<i class=\"far fa-thumbs-up\"><\/i> Fait \u00e0 la main<\/div>","protected":false},"featured_media":8144,"template":"","meta":[],"product_brand":[],"product_cat":[174,316,132,871,119],"product_tag":[376,627,309,634,639,862,861,633,399],"class_list":{"0":"post-6653","1":"product","2":"type-product","3":"status-publish","4":"has-post-thumbnail","6":"product_cat-amazonia-blue","7":"product_cat-cappuccino-mokken","8":"product_cat-kopjes-en-mokken","9":"product_cat-unro-populair-portugees-keramiek","10":"product_cat-terrafina","11":"product_tag-blauwe-kopjes","12":"product_tag-blauwe-mokken","13":"product_tag-cappuccino-mokken","14":"product_tag-chai-latte","15":"product_tag-grote-mokken","16":"product_tag-koffie-mokken","17":"product_tag-kopjes-en-mokken","18":"product_tag-latte-macchiato","19":"product_tag-thee-mokken","21":"first","22":"instock","23":"sale","24":"taxable","25":"shipping-taxable","26":"purchasable","27":"product-type-simple"},"yoast_head":"<!-- This site is optimized with the Yoast SEO plugin v27.4 - https:\/\/yoast.com\/product\/yoast-seo-wordpress\/ -->\n<title>Blauwe Cappuccino Mokken 350 ml Amazonia Blue - 4-delig &#8226; UNRO<\/title>\n<meta name=\"description\" content=\"Ontdek deze zomerse set van 4 grote blauwe cappuccino mokken die doen denken aan het prachtige blauw van de zee, prachtig voor in jouw koffiehoek!\" \/>\n<meta name=\"robots\" content=\"index, follow, max-snippet:-1, max-image-preview:large, max-video-preview:-1\" \/>\n<link rel=\"canonical\" href=\"https:\/\/unrostore.com\/fr-fr\/boutique\/terrafina\/bleu-damazonie\/tasses-a-cappuccino-bleues-amazonia-bue-4-pieces\/\" \/>\n<meta property=\"og:locale\" content=\"fr_FR\" \/>\n<meta property=\"og:type\" content=\"article\" \/>\n<meta property=\"og:title\" content=\"Blauwe Cappuccino Mokken 350 ml Amazonia Blue - 4-delig &#8226; UNRO\" \/>\n<meta property=\"og:description\" content=\"Ontdek deze zomerse set van 4 grote blauwe cappuccino mokken die doen denken aan het prachtige blauw van de zee, prachtig voor in jouw koffiehoek!\" \/>\n<meta property=\"og:url\" content=\"https:\/\/unrostore.com\/fr-fr\/boutique\/terrafina\/bleu-damazonie\/tasses-a-cappuccino-bleues-amazonia-bue-4-pieces\/\" \/>\n<meta property=\"og:site_name\" content=\"UNRO\" \/>\n<meta property=\"article:modified_time\" content=\"2026-01-19T20:37:19+00:00\" \/>\n<meta property=\"og:image\" content=\"https:\/\/unrostore.com\/wp-content\/uploads\/2023\/12\/unro-mokken-blauwe-kopjes-portugees-servies.webp\" \/>\n\t<meta property=\"og:image:width\" content=\"1000\" \/>\n\t<meta property=\"og:image:height\" content=\"1000\" \/>\n\t<meta property=\"og:image:type\" content=\"image\/webp\" \/>\n<meta name=\"twitter:card\" content=\"summary_large_image\" \/>\n<script type=\"application\/ld+json\" class=\"yoast-schema-graph\">{\"@context\":\"https:\\\/\\\/schema.org\",\"@graph\":[{\"@type\":\"WebPage\",\"@id\":\"https:\\\/\\\/unrostore.com\\\/shop\\\/terrafina\\\/amazonia-blue\\\/blauwe-cappuccino-mokken-amazonia-bue-4-delig\\\/\",\"url\":\"https:\\\/\\\/unrostore.com\\\/shop\\\/terrafina\\\/amazonia-blue\\\/blauwe-cappuccino-mokken-amazonia-bue-4-delig\\\/\",\"name\":\"Blauwe Cappuccino Mokken 350 ml Amazonia Blue - 4-delig &#8226; UNRO\",\"isPartOf\":{\"@id\":\"https:\\\/\\\/unrostore.com\\\/#website\"},\"primaryImageOfPage\":{\"@id\":\"https:\\\/\\\/unrostore.com\\\/shop\\\/terrafina\\\/amazonia-blue\\\/blauwe-cappuccino-mokken-amazonia-bue-4-delig\\\/#primaryimage\"},\"image\":{\"@id\":\"https:\\\/\\\/unrostore.com\\\/shop\\\/terrafina\\\/amazonia-blue\\\/blauwe-cappuccino-mokken-amazonia-bue-4-delig\\\/#primaryimage\"},\"thumbnailUrl\":\"https:\\\/\\\/unrostore.com\\\/wp-content\\\/uploads\\\/2023\\\/12\\\/unro-mokken-blauwe-kopjes-portugees-servies.webp\",\"datePublished\":\"2023-12-27T12:21:44+00:00\",\"dateModified\":\"2026-01-19T20:37:19+00:00\",\"description\":\"Ontdek deze zomerse set van 4 grote blauwe cappuccino mokken die doen denken aan het prachtige blauw van de zee, prachtig voor in jouw koffiehoek!\",\"breadcrumb\":{\"@id\":\"https:\\\/\\\/unrostore.com\\\/shop\\\/terrafina\\\/amazonia-blue\\\/blauwe-cappuccino-mokken-amazonia-bue-4-delig\\\/#breadcrumb\"},\"inLanguage\":\"fr-FR\",\"potentialAction\":[{\"@type\":\"ReadAction\",\"target\":[\"https:\\\/\\\/unrostore.com\\\/shop\\\/terrafina\\\/amazonia-blue\\\/blauwe-cappuccino-mokken-amazonia-bue-4-delig\\\/\"]}]},{\"@type\":\"ImageObject\",\"inLanguage\":\"fr-FR\",\"@id\":\"https:\\\/\\\/unrostore.com\\\/shop\\\/terrafina\\\/amazonia-blue\\\/blauwe-cappuccino-mokken-amazonia-bue-4-delig\\\/#primaryimage\",\"url\":\"https:\\\/\\\/unrostore.com\\\/wp-content\\\/uploads\\\/2023\\\/12\\\/unro-mokken-blauwe-kopjes-portugees-servies.webp\",\"contentUrl\":\"https:\\\/\\\/unrostore.com\\\/wp-content\\\/uploads\\\/2023\\\/12\\\/unro-mokken-blauwe-kopjes-portugees-servies.webp\",\"width\":1000,\"height\":1000,\"caption\":\"blauwe mokken amazonia blue kopjes\"},{\"@type\":\"BreadcrumbList\",\"@id\":\"https:\\\/\\\/unrostore.com\\\/shop\\\/terrafina\\\/amazonia-blue\\\/blauwe-cappuccino-mokken-amazonia-bue-4-delig\\\/#breadcrumb\",\"itemListElement\":[{\"@type\":\"ListItem\",\"position\":1,\"name\":\"Home\",\"item\":\"https:\\\/\\\/unrostore.com\\\/\"},{\"@type\":\"ListItem\",\"position\":2,\"name\":\"Shop\",\"item\":\"https:\\\/\\\/unrostore.com\\\/shop\\\/\"},{\"@type\":\"ListItem\",\"position\":3,\"name\":\"Blauwe Cappuccino Mokken 350 ml Amazonia Blue &#8211; 4-delig\"}]},{\"@type\":\"WebSite\",\"@id\":\"https:\\\/\\\/unrostore.com\\\/#website\",\"url\":\"https:\\\/\\\/unrostore.com\\\/\",\"name\":\"UNRO\",\"description\":\"Portugees servies waar je blij van wordt!\",\"publisher\":{\"@id\":\"https:\\\/\\\/unrostore.com\\\/#organization\"},\"potentialAction\":[{\"@type\":\"SearchAction\",\"target\":{\"@type\":\"EntryPoint\",\"urlTemplate\":\"https:\\\/\\\/unrostore.com\\\/?s={search_term_string}\"},\"query-input\":{\"@type\":\"PropertyValueSpecification\",\"valueRequired\":true,\"valueName\":\"search_term_string\"}}],\"inLanguage\":\"fr-FR\"},{\"@type\":\"Organization\",\"@id\":\"https:\\\/\\\/unrostore.com\\\/#organization\",\"name\":\"UNRO\",\"url\":\"https:\\\/\\\/unrostore.com\\\/\",\"logo\":{\"@type\":\"ImageObject\",\"inLanguage\":\"fr-FR\",\"@id\":\"https:\\\/\\\/unrostore.com\\\/#\\\/schema\\\/logo\\\/image\\\/\",\"url\":\"https:\\\/\\\/unrostore.com\\\/wp-content\\\/uploads\\\/2022\\\/05\\\/Logo-UNRO.png\",\"contentUrl\":\"https:\\\/\\\/unrostore.com\\\/wp-content\\\/uploads\\\/2022\\\/05\\\/Logo-UNRO.png\",\"width\":605,\"height\":179,\"caption\":\"UNRO\"},\"image\":{\"@id\":\"https:\\\/\\\/unrostore.com\\\/#\\\/schema\\\/logo\\\/image\\\/\"}}]}<\/script>\n<!-- \/ Yoast SEO plugin. -->","yoast_head_json":{"title":"Tasses \u00e0 cappuccino bleues 350 ml Bleu Amazone - 4 pi\u00e8ces - UNRO","description":"D\u00e9couvrez ce set estival de 4 grandes tasses \u00e0 cappuccino bleues rappelant le beau bleu de la mer, magnifique pour votre coin caf\u00e9 !","robots":{"index":"index","follow":"follow","max-snippet":"max-snippet:-1","max-image-preview":"max-image-preview:large","max-video-preview":"max-video-preview:-1"},"canonical":"https:\/\/unrostore.com\/fr-fr\/boutique\/terrafina\/bleu-damazonie\/tasses-a-cappuccino-bleues-amazonia-bue-4-pieces\/","og_locale":"fr_FR","og_type":"article","og_title":"Blauwe Cappuccino Mokken 350 ml Amazonia Blue - 4-delig &#8226; UNRO","og_description":"Ontdek deze zomerse set van 4 grote blauwe cappuccino mokken die doen denken aan het prachtige blauw van de zee, prachtig voor in jouw koffiehoek!","og_url":"https:\/\/unrostore.com\/fr-fr\/boutique\/terrafina\/bleu-damazonie\/tasses-a-cappuccino-bleues-amazonia-bue-4-pieces\/","og_site_name":"UNRO","article_modified_time":"2026-01-19T20:37:19+00:00","og_image":[{"width":1000,"height":1000,"url":"https:\/\/unrostore.com\/wp-content\/uploads\/2023\/12\/unro-mokken-blauwe-kopjes-portugees-servies.webp","type":"image\/webp"}],"twitter_card":"summary_large_image","schema":{"@context":"https:\/\/schema.org","@graph":[{"@type":"WebPage","@id":"https:\/\/unrostore.com\/shop\/terrafina\/amazonia-blue\/blauwe-cappuccino-mokken-amazonia-bue-4-delig\/","url":"https:\/\/unrostore.com\/shop\/terrafina\/amazonia-blue\/blauwe-cappuccino-mokken-amazonia-bue-4-delig\/","name":"Tasses \u00e0 cappuccino bleues 350 ml Bleu Amazone - 4 pi\u00e8ces - UNRO","isPartOf":{"@id":"https:\/\/unrostore.com\/#website"},"primaryImageOfPage":{"@id":"https:\/\/unrostore.com\/shop\/terrafina\/amazonia-blue\/blauwe-cappuccino-mokken-amazonia-bue-4-delig\/#primaryimage"},"image":{"@id":"https:\/\/unrostore.com\/shop\/terrafina\/amazonia-blue\/blauwe-cappuccino-mokken-amazonia-bue-4-delig\/#primaryimage"},"thumbnailUrl":"https:\/\/unrostore.com\/wp-content\/uploads\/2023\/12\/unro-mokken-blauwe-kopjes-portugees-servies.webp","datePublished":"2023-12-27T12:21:44+00:00","dateModified":"2026-01-19T20:37:19+00:00","description":"D\u00e9couvrez ce set estival de 4 grandes tasses \u00e0 cappuccino bleues rappelant le beau bleu de la mer, magnifique pour votre coin caf\u00e9 !","breadcrumb":{"@id":"https:\/\/unrostore.com\/shop\/terrafina\/amazonia-blue\/blauwe-cappuccino-mokken-amazonia-bue-4-delig\/#breadcrumb"},"inLanguage":"fr-FR","potentialAction":[{"@type":"ReadAction","target":["https:\/\/unrostore.com\/shop\/terrafina\/amazonia-blue\/blauwe-cappuccino-mokken-amazonia-bue-4-delig\/"]}]},{"@type":"ImageObject","inLanguage":"fr-FR","@id":"https:\/\/unrostore.com\/shop\/terrafina\/amazonia-blue\/blauwe-cappuccino-mokken-amazonia-bue-4-delig\/#primaryimage","url":"https:\/\/unrostore.com\/wp-content\/uploads\/2023\/12\/unro-mokken-blauwe-kopjes-portugees-servies.webp","contentUrl":"https:\/\/unrostore.com\/wp-content\/uploads\/2023\/12\/unro-mokken-blauwe-kopjes-portugees-servies.webp","width":1000,"height":1000,"caption":"blauwe mokken amazonia blue kopjes"},{"@type":"BreadcrumbList","@id":"https:\/\/unrostore.com\/shop\/terrafina\/amazonia-blue\/blauwe-cappuccino-mokken-amazonia-bue-4-delig\/#breadcrumb","itemListElement":[{"@type":"ListItem","position":1,"name":"Home","item":"https:\/\/unrostore.com\/"},{"@type":"ListItem","position":2,"name":"Shop","item":"https:\/\/unrostore.com\/shop\/"},{"@type":"ListItem","position":3,"name":"Blauwe Cappuccino Mokken 350 ml Amazonia Blue &#8211; 4-delig"}]},{"@type":"WebSite","@id":"https:\/\/unrostore.com\/#website","url":"https:\/\/unrostore.com\/","name":"UNRO","description":"De la vaisselle portugaise qui vous rendra heureux !","publisher":{"@id":"https:\/\/unrostore.com\/#organization"},"potentialAction":[{"@type":"SearchAction","target":{"@type":"EntryPoint","urlTemplate":"https:\/\/unrostore.com\/?s={search_term_string}"},"query-input":{"@type":"PropertyValueSpecification","valueRequired":true,"valueName":"search_term_string"}}],"inLanguage":"fr-FR"},{"@type":"Organization","@id":"https:\/\/unrostore.com\/#organization","name":"UNRO","url":"https:\/\/unrostore.com\/","logo":{"@type":"ImageObject","inLanguage":"fr-FR","@id":"https:\/\/unrostore.com\/#\/schema\/logo\/image\/","url":"https:\/\/unrostore.com\/wp-content\/uploads\/2022\/05\/Logo-UNRO.png","contentUrl":"https:\/\/unrostore.com\/wp-content\/uploads\/2022\/05\/Logo-UNRO.png","width":605,"height":179,"caption":"UNRO"},"image":{"@id":"https:\/\/unrostore.com\/#\/schema\/logo\/image\/"}}]}},"_links":{"self":[{"href":"https:\/\/unrostore.com\/fr-fr\/wp-json\/wp\/v2\/product\/6653","targetHints":{"allow":["GET"]}}],"collection":[{"href":"https:\/\/unrostore.com\/fr-fr\/wp-json\/wp\/v2\/product"}],"about":[{"href":"https:\/\/unrostore.com\/fr-fr\/wp-json\/wp\/v2\/types\/product"}],"wp:featuredmedia":[{"embeddable":true,"href":"https:\/\/unrostore.com\/fr-fr\/wp-json\/wp\/v2\/media\/8144"}],"wp:attachment":[{"href":"https:\/\/unrostore.com\/fr-fr\/wp-json\/wp\/v2\/media?parent=6653"}],"wp:term":[{"taxonomy":"product_brand","embeddable":true,"href":"https:\/\/unrostore.com\/fr-fr\/wp-json\/wp\/v2\/product_brand?post=6653"},{"taxonomy":"product_cat","embeddable":true,"href":"https:\/\/unrostore.com\/fr-fr\/wp-json\/wp\/v2\/product_cat?post=6653"},{"taxonomy":"product_tag","embeddable":true,"href":"https:\/\/unrostore.com\/fr-fr\/wp-json\/wp\/v2\/product_tag?post=6653"}],"curies":[{"name":"wp","href":"https:\/\/api.w.org\/{rel}","templated":true}]}}