{"id":6371,"date":"2023-11-07T21:13:29","date_gmt":"2023-11-07T21:13:29","guid":{"rendered":"https:\/\/unrostore.com\/?post_type=product&#038;p=6371"},"modified":"2026-02-16T16:28:34","modified_gmt":"2026-02-16T16:28:34","slug":"tasse-a-cappuccino-beige-amazonia-cream-1-piece","status":"publish","type":"product","link":"https:\/\/unrostore.com\/fr-fr\/boutique\/terrafina\/creme-damazonie-2\/tasse-a-cappuccino-beige-amazonia-cream-1-piece\/","title":{"rendered":"Tasse \u00e0 cappuccino cr\u00e8me 350 ml Amazonia Cream - 1 pi\u00e8ce"},"content":{"rendered":"<h3>D\u00e9couvrez la force dans la couleur subtile de cette <strong>mug cr\u00e8me cappuccino<\/strong><\/h3>\n<p><span style=\"font-weight: 400;\">Ces <strong>mug cr\u00e8me cappuccino<\/strong>\u00a0de <a href=\"https:\/\/www.terrafinastore.com\/en\/collections\/amazonia\">Terrafina<\/a> a une couleur discr\u00e8te qui lui permet de s'int\u00e9grer parfaitement dans un int\u00e9rieur calme et chic. La taille de ce grand mug fait main est id\u00e9ale pour votre cappuccino, votre caf\u00e9 extra large, votre latte macchiato ou votre th\u00e9. Id\u00e9al pour votre caf\u00e9 du matin, votre journ\u00e9e de travail \u00e0 la maison ou une soir\u00e9e agr\u00e9able sur le canap\u00e9. Cette tasse en c\u00e9ramique de couleur cr\u00e8me est \u00e9galement tr\u00e8s appr\u00e9ci\u00e9e comme cadeau de No\u00ebl, d'anniversaire ou de pendaison de cr\u00e9maill\u00e8re. Envie d'un set complet pour le petit-d\u00e9jeuner ? Jetez alors un coup d'\u0153il \u00e0 l'ensemble <a href=\"https:\/\/unrostore.com\/fr-fr\/boutique\/terrafina\/creme-damazonie-2\/beige-schaaltjes-amazonia-cream-2-delig\/\">bols \u00e0 cr\u00e8me<\/a>, <a href=\"https:\/\/unrostore.com\/fr-fr\/boutique\/terrafina\/creme-damazonie-2\/beige-gebaksbordjes-amazonia-cream-4-delig\/\">assiettes \u00e0 cr\u00e8me pour le petit d\u00e9jeuner<\/a> ou le <a href=\"https:\/\/unrostore.com\/fr-fr\/boutique\/terrafina\/creme-damazonie-2\/beige-mokken-amazonia-cream-2-delig\/\">ensemble de deux tasses \u00e0 cr\u00e8me<\/a>.<\/span><\/p>\n<p>\u00a0<\/p>\n<h3>C'est le nombre de mugs livr\u00e9s.<\/h3>\n<ul>\n<li>1x Tasse Amazonia Cream (capacit\u00e9 de 350ml)<\/li>\n<li>1x Terrafina bo\u00eete cadeau<\/li>\n<\/ul>\n<p>\u00a0<\/p>\n<p><em><strong>Duurzaam voor mens & milieu:<\/strong><br \/>\nChaque produit est unique car il est fabriqu\u00e9 \u00e0 la main.<br \/>\nL'impression et la texture peuvent donc diff\u00e9rer l\u00e9g\u00e8rement de la photo du produit.<\/em><\/p>","protected":false},"excerpt":{"rendered":"<div class=\"usps\"><i class=\"far fa-check-circle\"><\/i> R\u00e9sistant aux micro-ondes<br \/>\n<i class=\"far fa-check-circle\"><\/i> R\u00e9siste au four (jusqu'\u00e0 200 degr\u00e9s)<br \/>\n<i class=\"far fa-check-circle\"><\/i> Lavable au lave-vaisselle<br \/>\n<i class=\"far fa-thumbs-up\"><\/i> Fait \u00e0 la main<\/div>","protected":false},"featured_media":6373,"template":"","meta":[],"product_brand":[],"product_cat":[869,316,144,132,870,871,119],"product_tag":[145,788,309,634,233,639,689,703,638,626,690,633,789,790,123,637,632],"class_list":{"0":"post-6371","1":"product","2":"type-product","3":"status-publish","4":"has-post-thumbnail","6":"product_cat-unro-cadeautips","7":"product_cat-cappuccino-mokken","8":"product_cat-amazonia-cream","9":"product_cat-kopjes-en-mokken","10":"product_cat-unro-nieuw-portugees-servies","11":"product_cat-unro-populair-portugees-keramiek","12":"product_cat-terrafina","13":"product_tag-amazonia-cream","14":"product_tag-beige-mokken","15":"product_tag-cappuccino-mokken","16":"product_tag-chai-latte","17":"product_tag-creme","18":"product_tag-grote-mokken","19":"product_tag-high-tea","20":"product_tag-koffie-met-gebak","21":"product_tag-koffiekopjes","22":"product_tag-koffiemokken","23":"product_tag-koffietijd","24":"product_tag-latte-macchiato","25":"product_tag-mokken-beige","26":"product_tag-mokken-met-oor","27":"product_tag-terrafina","28":"product_tag-theekopjes","29":"product_tag-theemokken","30":"product_shipping_class-pakket","32":"first","33":"outofstock","34":"sale","35":"taxable","36":"shipping-taxable","37":"purchasable","38":"product-type-simple"},"yoast_head":"<!-- This site is optimized with the Yoast SEO plugin v27.6 - https:\/\/yoast.com\/product\/yoast-seo-wordpress\/ -->\n<title>Creme Cappuccino Mok 350 ml Amazonia Cream - 1 stuk &#8226; UNRO<\/title>\n<meta name=\"description\" content=\"Geniet elke dag van jouw kop koffie, thee of warme chocomel tijdens de koude winterdagen met deze mooie creme cappuccino mok uit Portugal!\" \/>\n<meta name=\"robots\" content=\"index, follow, max-snippet:-1, max-image-preview:large, max-video-preview:-1\" \/>\n<link rel=\"canonical\" href=\"https:\/\/unrostore.com\/fr-fr\/boutique\/terrafina\/creme-damazonie-2\/tasse-a-cappuccino-beige-amazonia-cream-1-piece\/\" \/>\n<meta property=\"og:locale\" content=\"fr_FR\" \/>\n<meta property=\"og:type\" content=\"article\" \/>\n<meta property=\"og:title\" content=\"Creme Cappuccino Mok 350 ml Amazonia Cream - 1 stuk &#8226; UNRO\" \/>\n<meta property=\"og:description\" content=\"Geniet elke dag van jouw kop koffie, thee of warme chocomel tijdens de koude winterdagen met deze mooie creme cappuccino mok uit Portugal!\" \/>\n<meta property=\"og:url\" content=\"https:\/\/unrostore.com\/fr-fr\/boutique\/terrafina\/creme-damazonie-2\/tasse-a-cappuccino-beige-amazonia-cream-1-piece\/\" \/>\n<meta property=\"og:site_name\" content=\"UNRO\" \/>\n<meta property=\"article:modified_time\" content=\"2026-02-16T16:28:34+00:00\" \/>\n<meta property=\"og:image\" content=\"https:\/\/unrostore.com\/wp-content\/uploads\/2023\/11\/unro-creme-cappuccino-mok.webp\" \/>\n\t<meta property=\"og:image:width\" content=\"1000\" \/>\n\t<meta property=\"og:image:height\" content=\"1000\" \/>\n\t<meta property=\"og:image:type\" content=\"image\/webp\" \/>\n<meta name=\"twitter:card\" content=\"summary_large_image\" \/>\n<script type=\"application\/ld+json\" class=\"yoast-schema-graph\">{\"@context\":\"https:\\\/\\\/schema.org\",\"@graph\":[{\"@type\":\"WebPage\",\"@id\":\"https:\\\/\\\/unrostore.com\\\/shop\\\/terrafina\\\/amazonia-cream\\\/beige-cappuccino-mok-amazonia-cream-1-stuk\\\/\",\"url\":\"https:\\\/\\\/unrostore.com\\\/shop\\\/terrafina\\\/amazonia-cream\\\/beige-cappuccino-mok-amazonia-cream-1-stuk\\\/\",\"name\":\"Creme Cappuccino Mok 350 ml Amazonia Cream - 1 stuk &#8226; UNRO\",\"isPartOf\":{\"@id\":\"https:\\\/\\\/unrostore.com\\\/#website\"},\"primaryImageOfPage\":{\"@id\":\"https:\\\/\\\/unrostore.com\\\/shop\\\/terrafina\\\/amazonia-cream\\\/beige-cappuccino-mok-amazonia-cream-1-stuk\\\/#primaryimage\"},\"image\":{\"@id\":\"https:\\\/\\\/unrostore.com\\\/shop\\\/terrafina\\\/amazonia-cream\\\/beige-cappuccino-mok-amazonia-cream-1-stuk\\\/#primaryimage\"},\"thumbnailUrl\":\"https:\\\/\\\/unrostore.com\\\/wp-content\\\/uploads\\\/2023\\\/11\\\/unro-creme-cappuccino-mok.webp\",\"datePublished\":\"2023-11-07T21:13:29+00:00\",\"dateModified\":\"2026-02-16T16:28:34+00:00\",\"description\":\"Geniet elke dag van jouw kop koffie, thee of warme chocomel tijdens de koude winterdagen met deze mooie creme cappuccino mok uit Portugal!\",\"breadcrumb\":{\"@id\":\"https:\\\/\\\/unrostore.com\\\/shop\\\/terrafina\\\/amazonia-cream\\\/beige-cappuccino-mok-amazonia-cream-1-stuk\\\/#breadcrumb\"},\"inLanguage\":\"fr-FR\",\"potentialAction\":[{\"@type\":\"ReadAction\",\"target\":[\"https:\\\/\\\/unrostore.com\\\/shop\\\/terrafina\\\/amazonia-cream\\\/beige-cappuccino-mok-amazonia-cream-1-stuk\\\/\"]}]},{\"@type\":\"ImageObject\",\"inLanguage\":\"fr-FR\",\"@id\":\"https:\\\/\\\/unrostore.com\\\/shop\\\/terrafina\\\/amazonia-cream\\\/beige-cappuccino-mok-amazonia-cream-1-stuk\\\/#primaryimage\",\"url\":\"https:\\\/\\\/unrostore.com\\\/wp-content\\\/uploads\\\/2023\\\/11\\\/unro-creme-cappuccino-mok.webp\",\"contentUrl\":\"https:\\\/\\\/unrostore.com\\\/wp-content\\\/uploads\\\/2023\\\/11\\\/unro-creme-cappuccino-mok.webp\",\"width\":1000,\"height\":1000,\"caption\":\"creme cappuccino mok\"},{\"@type\":\"BreadcrumbList\",\"@id\":\"https:\\\/\\\/unrostore.com\\\/shop\\\/terrafina\\\/amazonia-cream\\\/beige-cappuccino-mok-amazonia-cream-1-stuk\\\/#breadcrumb\",\"itemListElement\":[{\"@type\":\"ListItem\",\"position\":1,\"name\":\"Home\",\"item\":\"https:\\\/\\\/unrostore.com\\\/\"},{\"@type\":\"ListItem\",\"position\":2,\"name\":\"Shop\",\"item\":\"https:\\\/\\\/unrostore.com\\\/shop\\\/\"},{\"@type\":\"ListItem\",\"position\":3,\"name\":\"Creme Cappuccino Mok 350 ml Amazonia Cream &#8211; 1 stuk\"}]},{\"@type\":\"WebSite\",\"@id\":\"https:\\\/\\\/unrostore.com\\\/#website\",\"url\":\"https:\\\/\\\/unrostore.com\\\/\",\"name\":\"UNRO\",\"description\":\"Portugees servies waar je blij van wordt!\",\"publisher\":{\"@id\":\"https:\\\/\\\/unrostore.com\\\/#organization\"},\"potentialAction\":[{\"@type\":\"SearchAction\",\"target\":{\"@type\":\"EntryPoint\",\"urlTemplate\":\"https:\\\/\\\/unrostore.com\\\/?s={search_term_string}\"},\"query-input\":{\"@type\":\"PropertyValueSpecification\",\"valueRequired\":true,\"valueName\":\"search_term_string\"}}],\"inLanguage\":\"fr-FR\"},{\"@type\":\"Organization\",\"@id\":\"https:\\\/\\\/unrostore.com\\\/#organization\",\"name\":\"UNRO\",\"url\":\"https:\\\/\\\/unrostore.com\\\/\",\"logo\":{\"@type\":\"ImageObject\",\"inLanguage\":\"fr-FR\",\"@id\":\"https:\\\/\\\/unrostore.com\\\/#\\\/schema\\\/logo\\\/image\\\/\",\"url\":\"https:\\\/\\\/unrostore.com\\\/wp-content\\\/uploads\\\/2022\\\/05\\\/Logo-UNRO.png\",\"contentUrl\":\"https:\\\/\\\/unrostore.com\\\/wp-content\\\/uploads\\\/2022\\\/05\\\/Logo-UNRO.png\",\"width\":605,\"height\":179,\"caption\":\"UNRO\"},\"image\":{\"@id\":\"https:\\\/\\\/unrostore.com\\\/#\\\/schema\\\/logo\\\/image\\\/\"}}]}<\/script>\n<!-- \/ Yoast SEO plugin. -->","yoast_head_json":{"title":"Tasse \u00e0 cappuccino cr\u00e8me 350 ml Amazonia Cream - 1 pi\u00e8ce - UNRO","description":"Appr\u00e9ciez votre tasse de caf\u00e9, de th\u00e9 ou de chocolat chaud tous les jours pendant les froides journ\u00e9es d'hiver avec cette magnifique tasse \u00e0 cappuccino de couleur cr\u00e8me du Portugal !","robots":{"index":"index","follow":"follow","max-snippet":"max-snippet:-1","max-image-preview":"max-image-preview:large","max-video-preview":"max-video-preview:-1"},"canonical":"https:\/\/unrostore.com\/fr-fr\/boutique\/terrafina\/creme-damazonie-2\/tasse-a-cappuccino-beige-amazonia-cream-1-piece\/","og_locale":"fr_FR","og_type":"article","og_title":"Creme Cappuccino Mok 350 ml Amazonia Cream - 1 stuk &#8226; UNRO","og_description":"Geniet elke dag van jouw kop koffie, thee of warme chocomel tijdens de koude winterdagen met deze mooie creme cappuccino mok uit Portugal!","og_url":"https:\/\/unrostore.com\/fr-fr\/boutique\/terrafina\/creme-damazonie-2\/tasse-a-cappuccino-beige-amazonia-cream-1-piece\/","og_site_name":"UNRO","article_modified_time":"2026-02-16T16:28:34+00:00","og_image":[{"width":1000,"height":1000,"url":"https:\/\/unrostore.com\/wp-content\/uploads\/2023\/11\/unro-creme-cappuccino-mok.webp","type":"image\/webp"}],"twitter_card":"summary_large_image","schema":{"@context":"https:\/\/schema.org","@graph":[{"@type":"WebPage","@id":"https:\/\/unrostore.com\/shop\/terrafina\/amazonia-cream\/beige-cappuccino-mok-amazonia-cream-1-stuk\/","url":"https:\/\/unrostore.com\/shop\/terrafina\/amazonia-cream\/beige-cappuccino-mok-amazonia-cream-1-stuk\/","name":"Tasse \u00e0 cappuccino cr\u00e8me 350 ml Amazonia Cream - 1 pi\u00e8ce - UNRO","isPartOf":{"@id":"https:\/\/unrostore.com\/#website"},"primaryImageOfPage":{"@id":"https:\/\/unrostore.com\/shop\/terrafina\/amazonia-cream\/beige-cappuccino-mok-amazonia-cream-1-stuk\/#primaryimage"},"image":{"@id":"https:\/\/unrostore.com\/shop\/terrafina\/amazonia-cream\/beige-cappuccino-mok-amazonia-cream-1-stuk\/#primaryimage"},"thumbnailUrl":"https:\/\/unrostore.com\/wp-content\/uploads\/2023\/11\/unro-creme-cappuccino-mok.webp","datePublished":"2023-11-07T21:13:29+00:00","dateModified":"2026-02-16T16:28:34+00:00","description":"Appr\u00e9ciez votre tasse de caf\u00e9, de th\u00e9 ou de chocolat chaud tous les jours pendant les froides journ\u00e9es d'hiver avec cette magnifique tasse \u00e0 cappuccino de couleur cr\u00e8me du Portugal !","breadcrumb":{"@id":"https:\/\/unrostore.com\/shop\/terrafina\/amazonia-cream\/beige-cappuccino-mok-amazonia-cream-1-stuk\/#breadcrumb"},"inLanguage":"fr-FR","potentialAction":[{"@type":"ReadAction","target":["https:\/\/unrostore.com\/shop\/terrafina\/amazonia-cream\/beige-cappuccino-mok-amazonia-cream-1-stuk\/"]}]},{"@type":"ImageObject","inLanguage":"fr-FR","@id":"https:\/\/unrostore.com\/shop\/terrafina\/amazonia-cream\/beige-cappuccino-mok-amazonia-cream-1-stuk\/#primaryimage","url":"https:\/\/unrostore.com\/wp-content\/uploads\/2023\/11\/unro-creme-cappuccino-mok.webp","contentUrl":"https:\/\/unrostore.com\/wp-content\/uploads\/2023\/11\/unro-creme-cappuccino-mok.webp","width":1000,"height":1000,"caption":"creme cappuccino mok"},{"@type":"BreadcrumbList","@id":"https:\/\/unrostore.com\/shop\/terrafina\/amazonia-cream\/beige-cappuccino-mok-amazonia-cream-1-stuk\/#breadcrumb","itemListElement":[{"@type":"ListItem","position":1,"name":"Home","item":"https:\/\/unrostore.com\/"},{"@type":"ListItem","position":2,"name":"Shop","item":"https:\/\/unrostore.com\/shop\/"},{"@type":"ListItem","position":3,"name":"Creme Cappuccino Mok 350 ml Amazonia Cream &#8211; 1 stuk"}]},{"@type":"WebSite","@id":"https:\/\/unrostore.com\/#website","url":"https:\/\/unrostore.com\/","name":"UNRO","description":"De la vaisselle portugaise qui vous rendra heureux !","publisher":{"@id":"https:\/\/unrostore.com\/#organization"},"potentialAction":[{"@type":"SearchAction","target":{"@type":"EntryPoint","urlTemplate":"https:\/\/unrostore.com\/?s={search_term_string}"},"query-input":{"@type":"PropertyValueSpecification","valueRequired":true,"valueName":"search_term_string"}}],"inLanguage":"fr-FR"},{"@type":"Organization","@id":"https:\/\/unrostore.com\/#organization","name":"UNRO","url":"https:\/\/unrostore.com\/","logo":{"@type":"ImageObject","inLanguage":"fr-FR","@id":"https:\/\/unrostore.com\/#\/schema\/logo\/image\/","url":"https:\/\/unrostore.com\/wp-content\/uploads\/2022\/05\/Logo-UNRO.png","contentUrl":"https:\/\/unrostore.com\/wp-content\/uploads\/2022\/05\/Logo-UNRO.png","width":605,"height":179,"caption":"UNRO"},"image":{"@id":"https:\/\/unrostore.com\/#\/schema\/logo\/image\/"}}]}},"_links":{"self":[{"href":"https:\/\/unrostore.com\/fr-fr\/wp-json\/wp\/v2\/product\/6371","targetHints":{"allow":["GET"]}}],"collection":[{"href":"https:\/\/unrostore.com\/fr-fr\/wp-json\/wp\/v2\/product"}],"about":[{"href":"https:\/\/unrostore.com\/fr-fr\/wp-json\/wp\/v2\/types\/product"}],"wp:featuredmedia":[{"embeddable":true,"href":"https:\/\/unrostore.com\/fr-fr\/wp-json\/wp\/v2\/media\/6373"}],"wp:attachment":[{"href":"https:\/\/unrostore.com\/fr-fr\/wp-json\/wp\/v2\/media?parent=6371"}],"wp:term":[{"taxonomy":"product_brand","embeddable":true,"href":"https:\/\/unrostore.com\/fr-fr\/wp-json\/wp\/v2\/product_brand?post=6371"},{"taxonomy":"product_cat","embeddable":true,"href":"https:\/\/unrostore.com\/fr-fr\/wp-json\/wp\/v2\/product_cat?post=6371"},{"taxonomy":"product_tag","embeddable":true,"href":"https:\/\/unrostore.com\/fr-fr\/wp-json\/wp\/v2\/product_tag?post=6371"}],"curies":[{"name":"wp","href":"https:\/\/api.w.org\/{rel}","templated":true}]}}