{"id":6368,"date":"2023-11-07T17:18:18","date_gmt":"2023-11-07T17:18:18","guid":{"rendered":"https:\/\/unrostore.com\/?post_type=product&#038;p=6368"},"modified":"2026-02-03T17:28:16","modified_gmt":"2026-02-03T17:28:16","slug":"tasse-a-cappuccino-bleue-amazonia-blue-1-piece","status":"publish","type":"product","link":"https:\/\/unrostore.com\/fr-fr\/boutique\/terrafina\/bleu-damazonie\/tasse-a-cappuccino-bleue-amazonia-blue-1-piece\/","title":{"rendered":"Tasse \u00e0 cappuccino bleue 350 ml Bleu Amazone - 1 pi\u00e8ce"},"content":{"rendered":"<h3>D\u00e9couvrez cette unique tasse \u00e0 cappuccino bleue Amazonia Blue - 1 pi\u00e8ce<\/h3>\n<p>Le<strong> mug cappuccino bleu <\/strong>par la marque portugaise <a href=\"https:\/\/www.terrafinastore.com\/en\/collections\/amazonia\">Terrafina<\/a> est fabriqu\u00e9 \u00e0 la main au Portugal par des c\u00e9ramistes locaux \u00e0 partir de c\u00e9ramiques de haute qualit\u00e9. Ajoutez de la couleur \u00e0 votre journ\u00e9e avec ce mug bleu fait \u00e0 la main. Cette tasse est non seulement id\u00e9ale pour vos cappuccinos, mais elle peut \u00e9galement servir de tasse \u00e0 th\u00e9, de grande tasse \u00e0 caf\u00e9 et de tasse \u00e0 latte macchiato. Gr\u00e2ce aux formes organiques rondes et \u00e0 l'oreille sur le c\u00f4t\u00e9, le mug se boit tr\u00e8s bien. En outre, cette belle couleur bleu fonc\u00e9 fait une belle impression dans votre coin caf\u00e9, votre niche \u00e0 caf\u00e9 ou dans votre salle \u00e0 manger. Vous ne vous ennuierez plus jamais pendant le th\u00e9 ou le caf\u00e9 et les g\u00e2teaux. D\u00e9couvrez maintenant le <a href=\"https:\/\/unrostore.com\/fr-fr\/boutique\/terrafina\/bleu-damazonie\/amazonia-blue-ontbijtborden-4-delig\/\">assiettes \u00e0 d\u00e9jeuner Amazonia Blue<\/a> et <a href=\"https:\/\/unrostore.com\/fr-fr\/boutique\/terrafina\/bleu-damazonie\/amazonia-blue-kommen-2-delig\/\">bols Amazonia Blue<\/a> pour un petit d\u00e9jeuner complet !<\/p>\n<p>&nbsp;<\/p>\n<h3>C'est le nombre de tasses qui vous sont livr\u00e9es<\/h3>\n<ul>\n<li>1x tasse \u00e0 cappuccino bleu amazone (capacit\u00e9 de 350 ml)<\/li>\n<li>1x Terrafina bo\u00eete cadeau<\/li>\n<\/ul>\n<p>&nbsp;<\/p>\n<p><em><strong>Durable pour les personnes et l'environnement :<\/strong><br \/>\nChaque produit est unique car il est fabriqu\u00e9 \u00e0 la main.<br \/>\nL'impression et la texture peuvent donc diff\u00e9rer l\u00e9g\u00e8rement de la photo du produit.<\/em><\/p>","protected":false},"excerpt":{"rendered":"<div class=\"usps\"><i class=\"far fa-check-circle\"><\/i> R\u00e9sistant aux micro-ondes<br \/>\n<i class=\"far fa-check-circle\"><\/i> R\u00e9siste au four (jusqu'\u00e0 200 degr\u00e9s)<br \/>\n<i class=\"far fa-check-circle\"><\/i> Lavable au lave-vaisselle<br \/>\n<i class=\"far fa-thumbs-up\"><\/i> Fait \u00e0 la main<\/div>","protected":false},"featured_media":7178,"template":"","meta":[],"product_brand":[],"product_cat":[174,869,316,132,870,119],"product_tag":[175,177,627,309,634,638,626,633,130,632],"class_list":{"0":"post-6368","1":"product","2":"type-product","3":"status-publish","4":"has-post-thumbnail","6":"product_cat-amazonia-blue","7":"product_cat-unro-cadeautips","8":"product_cat-cappuccino-mokken","9":"product_cat-kopjes-en-mokken","10":"product_cat-unro-nieuw-portugees-servies","11":"product_cat-terrafina","12":"product_tag-amazonia-blue","13":"product_tag-blauw","14":"product_tag-blauwe-mokken","15":"product_tag-cappuccino-mokken","16":"product_tag-chai-latte","17":"product_tag-koffiekopjes","18":"product_tag-koffiemokken","19":"product_tag-latte-macchiato","20":"product_tag-mokken","21":"product_tag-theemokken","22":"product_shipping_class-pakket","24":"first","25":"outofstock","26":"sale","27":"taxable","28":"shipping-taxable","29":"purchasable","30":"product-type-simple"},"yoast_head":"<!-- This site is optimized with the Yoast SEO plugin v27.4 - https:\/\/yoast.com\/product\/yoast-seo-wordpress\/ -->\n<title>Blauwe Cappuccino Mok 350 ml Amazonia Blue - 1 stuk &#8226; UNRO<\/title>\n<meta name=\"description\" content=\"Laat je elke dag verblijden door jouw favoriete warme drankje uit deze Blauwe Cappuccino Mok. Deze blauwe kleur voegt kleur en stijl toe aan jouw interieur!\" \/>\n<meta name=\"robots\" content=\"index, follow, max-snippet:-1, max-image-preview:large, max-video-preview:-1\" \/>\n<link rel=\"canonical\" href=\"https:\/\/unrostore.com\/fr-fr\/boutique\/terrafina\/bleu-damazonie\/tasse-a-cappuccino-bleue-amazonia-blue-1-piece\/\" \/>\n<meta property=\"og:locale\" content=\"fr_FR\" \/>\n<meta property=\"og:type\" content=\"article\" \/>\n<meta property=\"og:title\" content=\"Blauwe Cappuccino Mok 350 ml Amazonia Blue - 1 stuk &#8226; UNRO\" \/>\n<meta property=\"og:description\" content=\"Laat je elke dag verblijden door jouw favoriete warme drankje uit deze Blauwe Cappuccino Mok. Deze blauwe kleur voegt kleur en stijl toe aan jouw interieur!\" \/>\n<meta property=\"og:url\" content=\"https:\/\/unrostore.com\/fr-fr\/boutique\/terrafina\/bleu-damazonie\/tasse-a-cappuccino-bleue-amazonia-blue-1-piece\/\" \/>\n<meta property=\"og:site_name\" content=\"UNRO\" \/>\n<meta property=\"article:modified_time\" content=\"2026-02-03T17:28:16+00:00\" \/>\n<meta property=\"og:image\" content=\"https:\/\/unrostore.com\/wp-content\/uploads\/2023\/11\/unro-blauwe-cappuccino-mok-handgemaakt-keramiek-portugees-servies.webp\" \/>\n\t<meta property=\"og:image:width\" content=\"1000\" \/>\n\t<meta property=\"og:image:height\" content=\"1000\" \/>\n\t<meta property=\"og:image:type\" content=\"image\/webp\" \/>\n<meta name=\"twitter:card\" content=\"summary_large_image\" \/>\n<script type=\"application\/ld+json\" class=\"yoast-schema-graph\">{\"@context\":\"https:\\\/\\\/schema.org\",\"@graph\":[{\"@type\":\"WebPage\",\"@id\":\"https:\\\/\\\/unrostore.com\\\/shop\\\/terrafina\\\/amazonia-blue\\\/blauwe-cappuccino-mok-amazonia-blue-1-stuk\\\/\",\"url\":\"https:\\\/\\\/unrostore.com\\\/shop\\\/terrafina\\\/amazonia-blue\\\/blauwe-cappuccino-mok-amazonia-blue-1-stuk\\\/\",\"name\":\"Blauwe Cappuccino Mok 350 ml Amazonia Blue - 1 stuk &#8226; UNRO\",\"isPartOf\":{\"@id\":\"https:\\\/\\\/unrostore.com\\\/#website\"},\"primaryImageOfPage\":{\"@id\":\"https:\\\/\\\/unrostore.com\\\/shop\\\/terrafina\\\/amazonia-blue\\\/blauwe-cappuccino-mok-amazonia-blue-1-stuk\\\/#primaryimage\"},\"image\":{\"@id\":\"https:\\\/\\\/unrostore.com\\\/shop\\\/terrafina\\\/amazonia-blue\\\/blauwe-cappuccino-mok-amazonia-blue-1-stuk\\\/#primaryimage\"},\"thumbnailUrl\":\"https:\\\/\\\/unrostore.com\\\/wp-content\\\/uploads\\\/2023\\\/11\\\/unro-blauwe-cappuccino-mok-handgemaakt-keramiek-portugees-servies.webp\",\"datePublished\":\"2023-11-07T17:18:18+00:00\",\"dateModified\":\"2026-02-03T17:28:16+00:00\",\"description\":\"Laat je elke dag verblijden door jouw favoriete warme drankje uit deze Blauwe Cappuccino Mok. Deze blauwe kleur voegt kleur en stijl toe aan jouw interieur!\",\"breadcrumb\":{\"@id\":\"https:\\\/\\\/unrostore.com\\\/shop\\\/terrafina\\\/amazonia-blue\\\/blauwe-cappuccino-mok-amazonia-blue-1-stuk\\\/#breadcrumb\"},\"inLanguage\":\"fr-FR\",\"potentialAction\":[{\"@type\":\"ReadAction\",\"target\":[\"https:\\\/\\\/unrostore.com\\\/shop\\\/terrafina\\\/amazonia-blue\\\/blauwe-cappuccino-mok-amazonia-blue-1-stuk\\\/\"]}]},{\"@type\":\"ImageObject\",\"inLanguage\":\"fr-FR\",\"@id\":\"https:\\\/\\\/unrostore.com\\\/shop\\\/terrafina\\\/amazonia-blue\\\/blauwe-cappuccino-mok-amazonia-blue-1-stuk\\\/#primaryimage\",\"url\":\"https:\\\/\\\/unrostore.com\\\/wp-content\\\/uploads\\\/2023\\\/11\\\/unro-blauwe-cappuccino-mok-handgemaakt-keramiek-portugees-servies.webp\",\"contentUrl\":\"https:\\\/\\\/unrostore.com\\\/wp-content\\\/uploads\\\/2023\\\/11\\\/unro-blauwe-cappuccino-mok-handgemaakt-keramiek-portugees-servies.webp\",\"width\":1000,\"height\":1000,\"caption\":\"blauwe cappuccino mok\"},{\"@type\":\"BreadcrumbList\",\"@id\":\"https:\\\/\\\/unrostore.com\\\/shop\\\/terrafina\\\/amazonia-blue\\\/blauwe-cappuccino-mok-amazonia-blue-1-stuk\\\/#breadcrumb\",\"itemListElement\":[{\"@type\":\"ListItem\",\"position\":1,\"name\":\"Home\",\"item\":\"https:\\\/\\\/unrostore.com\\\/\"},{\"@type\":\"ListItem\",\"position\":2,\"name\":\"Shop\",\"item\":\"https:\\\/\\\/unrostore.com\\\/shop\\\/\"},{\"@type\":\"ListItem\",\"position\":3,\"name\":\"Blauwe Cappuccino Mok 350 ml Amazonia Blue &#8211; 1 stuk\"}]},{\"@type\":\"WebSite\",\"@id\":\"https:\\\/\\\/unrostore.com\\\/#website\",\"url\":\"https:\\\/\\\/unrostore.com\\\/\",\"name\":\"UNRO\",\"description\":\"Portugees servies waar je blij van wordt!\",\"publisher\":{\"@id\":\"https:\\\/\\\/unrostore.com\\\/#organization\"},\"potentialAction\":[{\"@type\":\"SearchAction\",\"target\":{\"@type\":\"EntryPoint\",\"urlTemplate\":\"https:\\\/\\\/unrostore.com\\\/?s={search_term_string}\"},\"query-input\":{\"@type\":\"PropertyValueSpecification\",\"valueRequired\":true,\"valueName\":\"search_term_string\"}}],\"inLanguage\":\"fr-FR\"},{\"@type\":\"Organization\",\"@id\":\"https:\\\/\\\/unrostore.com\\\/#organization\",\"name\":\"UNRO\",\"url\":\"https:\\\/\\\/unrostore.com\\\/\",\"logo\":{\"@type\":\"ImageObject\",\"inLanguage\":\"fr-FR\",\"@id\":\"https:\\\/\\\/unrostore.com\\\/#\\\/schema\\\/logo\\\/image\\\/\",\"url\":\"https:\\\/\\\/unrostore.com\\\/wp-content\\\/uploads\\\/2022\\\/05\\\/Logo-UNRO.png\",\"contentUrl\":\"https:\\\/\\\/unrostore.com\\\/wp-content\\\/uploads\\\/2022\\\/05\\\/Logo-UNRO.png\",\"width\":605,\"height\":179,\"caption\":\"UNRO\"},\"image\":{\"@id\":\"https:\\\/\\\/unrostore.com\\\/#\\\/schema\\\/logo\\\/image\\\/\"}}]}<\/script>\n<!-- \/ Yoast SEO plugin. -->","yoast_head_json":{"title":"Tasse \u00e0 cappuccino bleue 350 ml Bleu Amazone - 1 pi\u00e8ce - UNRO","description":"R\u00e9jouissez-vous chaque jour en d\u00e9gustant votre boisson chaude pr\u00e9f\u00e9r\u00e9e dans ce mug Cappuccino bleu. Cette couleur bleue ajoute de la couleur et du style \u00e0 votre int\u00e9rieur !","robots":{"index":"index","follow":"follow","max-snippet":"max-snippet:-1","max-image-preview":"max-image-preview:large","max-video-preview":"max-video-preview:-1"},"canonical":"https:\/\/unrostore.com\/fr-fr\/boutique\/terrafina\/bleu-damazonie\/tasse-a-cappuccino-bleue-amazonia-blue-1-piece\/","og_locale":"fr_FR","og_type":"article","og_title":"Blauwe Cappuccino Mok 350 ml Amazonia Blue - 1 stuk &#8226; UNRO","og_description":"Laat je elke dag verblijden door jouw favoriete warme drankje uit deze Blauwe Cappuccino Mok. Deze blauwe kleur voegt kleur en stijl toe aan jouw interieur!","og_url":"https:\/\/unrostore.com\/fr-fr\/boutique\/terrafina\/bleu-damazonie\/tasse-a-cappuccino-bleue-amazonia-blue-1-piece\/","og_site_name":"UNRO","article_modified_time":"2026-02-03T17:28:16+00:00","og_image":[{"width":1000,"height":1000,"url":"https:\/\/unrostore.com\/wp-content\/uploads\/2023\/11\/unro-blauwe-cappuccino-mok-handgemaakt-keramiek-portugees-servies.webp","type":"image\/webp"}],"twitter_card":"summary_large_image","schema":{"@context":"https:\/\/schema.org","@graph":[{"@type":"WebPage","@id":"https:\/\/unrostore.com\/shop\/terrafina\/amazonia-blue\/blauwe-cappuccino-mok-amazonia-blue-1-stuk\/","url":"https:\/\/unrostore.com\/shop\/terrafina\/amazonia-blue\/blauwe-cappuccino-mok-amazonia-blue-1-stuk\/","name":"Tasse \u00e0 cappuccino bleue 350 ml Bleu Amazone - 1 pi\u00e8ce - UNRO","isPartOf":{"@id":"https:\/\/unrostore.com\/#website"},"primaryImageOfPage":{"@id":"https:\/\/unrostore.com\/shop\/terrafina\/amazonia-blue\/blauwe-cappuccino-mok-amazonia-blue-1-stuk\/#primaryimage"},"image":{"@id":"https:\/\/unrostore.com\/shop\/terrafina\/amazonia-blue\/blauwe-cappuccino-mok-amazonia-blue-1-stuk\/#primaryimage"},"thumbnailUrl":"https:\/\/unrostore.com\/wp-content\/uploads\/2023\/11\/unro-blauwe-cappuccino-mok-handgemaakt-keramiek-portugees-servies.webp","datePublished":"2023-11-07T17:18:18+00:00","dateModified":"2026-02-03T17:28:16+00:00","description":"R\u00e9jouissez-vous chaque jour en d\u00e9gustant votre boisson chaude pr\u00e9f\u00e9r\u00e9e dans ce mug Cappuccino bleu. Cette couleur bleue ajoute de la couleur et du style \u00e0 votre int\u00e9rieur !","breadcrumb":{"@id":"https:\/\/unrostore.com\/shop\/terrafina\/amazonia-blue\/blauwe-cappuccino-mok-amazonia-blue-1-stuk\/#breadcrumb"},"inLanguage":"fr-FR","potentialAction":[{"@type":"ReadAction","target":["https:\/\/unrostore.com\/shop\/terrafina\/amazonia-blue\/blauwe-cappuccino-mok-amazonia-blue-1-stuk\/"]}]},{"@type":"ImageObject","inLanguage":"fr-FR","@id":"https:\/\/unrostore.com\/shop\/terrafina\/amazonia-blue\/blauwe-cappuccino-mok-amazonia-blue-1-stuk\/#primaryimage","url":"https:\/\/unrostore.com\/wp-content\/uploads\/2023\/11\/unro-blauwe-cappuccino-mok-handgemaakt-keramiek-portugees-servies.webp","contentUrl":"https:\/\/unrostore.com\/wp-content\/uploads\/2023\/11\/unro-blauwe-cappuccino-mok-handgemaakt-keramiek-portugees-servies.webp","width":1000,"height":1000,"caption":"blauwe cappuccino mok"},{"@type":"BreadcrumbList","@id":"https:\/\/unrostore.com\/shop\/terrafina\/amazonia-blue\/blauwe-cappuccino-mok-amazonia-blue-1-stuk\/#breadcrumb","itemListElement":[{"@type":"ListItem","position":1,"name":"Home","item":"https:\/\/unrostore.com\/"},{"@type":"ListItem","position":2,"name":"Shop","item":"https:\/\/unrostore.com\/shop\/"},{"@type":"ListItem","position":3,"name":"Blauwe Cappuccino Mok 350 ml Amazonia Blue &#8211; 1 stuk"}]},{"@type":"WebSite","@id":"https:\/\/unrostore.com\/#website","url":"https:\/\/unrostore.com\/","name":"UNRO","description":"De la vaisselle portugaise qui vous rendra heureux !","publisher":{"@id":"https:\/\/unrostore.com\/#organization"},"potentialAction":[{"@type":"SearchAction","target":{"@type":"EntryPoint","urlTemplate":"https:\/\/unrostore.com\/?s={search_term_string}"},"query-input":{"@type":"PropertyValueSpecification","valueRequired":true,"valueName":"search_term_string"}}],"inLanguage":"fr-FR"},{"@type":"Organization","@id":"https:\/\/unrostore.com\/#organization","name":"UNRO","url":"https:\/\/unrostore.com\/","logo":{"@type":"ImageObject","inLanguage":"fr-FR","@id":"https:\/\/unrostore.com\/#\/schema\/logo\/image\/","url":"https:\/\/unrostore.com\/wp-content\/uploads\/2022\/05\/Logo-UNRO.png","contentUrl":"https:\/\/unrostore.com\/wp-content\/uploads\/2022\/05\/Logo-UNRO.png","width":605,"height":179,"caption":"UNRO"},"image":{"@id":"https:\/\/unrostore.com\/#\/schema\/logo\/image\/"}}]}},"_links":{"self":[{"href":"https:\/\/unrostore.com\/fr-fr\/wp-json\/wp\/v2\/product\/6368","targetHints":{"allow":["GET"]}}],"collection":[{"href":"https:\/\/unrostore.com\/fr-fr\/wp-json\/wp\/v2\/product"}],"about":[{"href":"https:\/\/unrostore.com\/fr-fr\/wp-json\/wp\/v2\/types\/product"}],"wp:featuredmedia":[{"embeddable":true,"href":"https:\/\/unrostore.com\/fr-fr\/wp-json\/wp\/v2\/media\/7178"}],"wp:attachment":[{"href":"https:\/\/unrostore.com\/fr-fr\/wp-json\/wp\/v2\/media?parent=6368"}],"wp:term":[{"taxonomy":"product_brand","embeddable":true,"href":"https:\/\/unrostore.com\/fr-fr\/wp-json\/wp\/v2\/product_brand?post=6368"},{"taxonomy":"product_cat","embeddable":true,"href":"https:\/\/unrostore.com\/fr-fr\/wp-json\/wp\/v2\/product_cat?post=6368"},{"taxonomy":"product_tag","embeddable":true,"href":"https:\/\/unrostore.com\/fr-fr\/wp-json\/wp\/v2\/product_tag?post=6368"}],"curies":[{"name":"wp","href":"https:\/\/api.w.org\/{rel}","templated":true}]}}