{"id":6285,"date":"2023-11-05T12:10:10","date_gmt":"2023-11-05T12:10:10","guid":{"rendered":"https:\/\/unrostore.com\/?post_type=product&#038;p=6285"},"modified":"2026-01-19T20:37:21","modified_gmt":"2026-01-19T20:37:21","slug":"bols-verts-amazonia-green-4-pieces","status":"publish","type":"product","link":"https:\/\/unrostore.com\/fr-fr\/boutique\/terrafina\/vert-damazonie\/bols-verts-amazonia-green-4-pieces\/","title":{"rendered":"Bols verts Amazonia Green - 4 pi\u00e8ces"},"content":{"rendered":"<h3>Les bols verts parfaits pour votre petit-d\u00e9jeuner ou votre soir\u00e9e tapas<\/h3>\n<p>Ces<strong> Bols verts <\/strong><strong>Amazonia Green<\/strong> ensemble de 4 bols de <a href=\"https:\/\/www.terrafinastore.com\/en\/collections\/sail\">Terrafina<\/a> sont multifonctionnels. Id\u00e9ales pour les yaourts, le muesli ou les fruits le matin, elles peuvent aussi servir de bol \u00e0 soupe, de bol \u00e0 tapas ou de bol \u00e0 en-cas pour le d\u00e9jeuner ou le d\u00eener. La couleur vert fonc\u00e9 est \u00e9galement tr\u00e8s \u00e9l\u00e9gante et ces bols sont \u00e9galement parfaits comme bols \u00e0 bijoux pour cr\u00e9er une atmosph\u00e8re d'h\u00f4tel chic \u00e0 la maison. D\u00e9couvrez maintenant aussi le <a href=\"https:\/\/unrostore.com\/fr-fr\/boutique\/terrafina\/vert-damazonie\/gebaksbordjes-groen-amazonia-green-4-delig\/\">Assiettes de petit-d\u00e9jeuner Amazonia Green<\/a>\u00a0et compl\u00e9tez votre petit-d\u00e9jeuner, votre th\u00e9 ou votre soir\u00e9e tapas par divers en-cas savoureux !<\/p>\n<h3>C'est le nombre de bols qui vous sont livr\u00e9s<\/h3>\n<ul>\n<li>4x Bols Amazonia Green \u00f8 15 cm<\/li>\n<li>2x bo\u00eete cadeau Terrafina<\/li>\n<\/ul>\n<p><em><strong><br \/>\nDuurzaam voor mens & milieu:<\/strong><br \/>\n<\/em><em>Chaque produit est unique car il est fabriqu\u00e9 \u00e0 la main.<br \/>\nL'impression et la texture peuvent donc diff\u00e9rer l\u00e9g\u00e8rement de la photo du produit.<\/em><\/p>","protected":false},"excerpt":{"rendered":"<div style=\"font-family: nunito sans;font-size: 14px;border: 1px solid #dedede;border-radius: 4px;padding: 15px 0 0 14px;margin-top: 20px;margin-bottom: 20px;width: 160px;color: #00b900\">\n<p>Avec le prix fixe, vous \u00e9conomisez <strong>\u20ac3,-<\/strong><\/p>\n<\/div>\n<div class=\"usps\"><i class=\"far fa-check-circle\"><\/i> R\u00e9sistant aux micro-ondes<br \/>\n<i class=\"far fa-check-circle\"><\/i> R\u00e9siste au four (jusqu'\u00e0 200 degr\u00e9s)<br \/>\n<i class=\"far fa-check-circle\"><\/i> Lavable au lave-vaisselle<br \/>\n<i class=\"far fa-thumbs-up\"><\/i> Fait \u00e0 la main<\/div>","protected":false},"featured_media":6289,"template":"","meta":[],"product_brand":[],"product_cat":[170,135,119],"product_tag":[173,171,709,712,711,710,137,713,242,683,691,123],"class_list":{"0":"post-6285","1":"product","2":"type-product","3":"status-publish","4":"has-post-thumbnail","6":"product_cat-amazonia-green","7":"product_cat-kommen","8":"product_cat-terrafina","9":"product_tag-amazonia-green","10":"product_tag-groen","11":"product_tag-groen-schaaltje","12":"product_tag-groene-kommen","13":"product_tag-groene-kommetjes","14":"product_tag-groene-schaaltjes","15":"product_tag-kom","16":"product_tag-kommen-groen","17":"product_tag-ontbijt","18":"product_tag-soepkom","19":"product_tag-tapasschaaltjes","20":"product_tag-terrafina","22":"first","23":"outofstock","24":"sale","25":"taxable","26":"shipping-taxable","27":"purchasable","28":"product-type-simple"},"yoast_head":"<!-- This site is optimized with the Yoast SEO plugin v27.5 - https:\/\/yoast.com\/product\/yoast-seo-wordpress\/ -->\n<title>Groene Kommen Amazonia Green - 4-delig &#8226; UNRO<\/title>\n<meta name=\"description\" content=\"De Groene Kommen Amazonia Green set van 4 van Terrafina zijn perfect als ontbijtkom, soepkom, tapas schaaltje en rijst kommetjes!\" \/>\n<meta name=\"robots\" content=\"index, follow, max-snippet:-1, max-image-preview:large, max-video-preview:-1\" \/>\n<link rel=\"canonical\" href=\"https:\/\/unrostore.com\/fr-fr\/boutique\/terrafina\/vert-damazonie\/bols-verts-amazonia-green-4-pieces\/\" \/>\n<meta property=\"og:locale\" content=\"fr_FR\" \/>\n<meta property=\"og:type\" content=\"article\" \/>\n<meta property=\"og:title\" content=\"Groene Kommen Amazonia Green - 4-delig &#8226; UNRO\" \/>\n<meta property=\"og:description\" content=\"De Groene Kommen Amazonia Green set van 4 van Terrafina zijn perfect als ontbijtkom, soepkom, tapas schaaltje en rijst kommetjes!\" \/>\n<meta property=\"og:url\" content=\"https:\/\/unrostore.com\/fr-fr\/boutique\/terrafina\/vert-damazonie\/bols-verts-amazonia-green-4-pieces\/\" \/>\n<meta property=\"og:site_name\" content=\"UNRO\" \/>\n<meta property=\"article:modified_time\" content=\"2026-01-19T20:37:21+00:00\" \/>\n<meta property=\"og:image\" content=\"https:\/\/unrostore.com\/wp-content\/uploads\/2023\/11\/unro-groene-kommetjes-portugees-servies-handgemaakt.webp\" \/>\n\t<meta property=\"og:image:width\" content=\"1000\" \/>\n\t<meta property=\"og:image:height\" content=\"1000\" \/>\n\t<meta property=\"og:image:type\" content=\"image\/webp\" \/>\n<meta name=\"twitter:card\" content=\"summary_large_image\" \/>\n<script type=\"application\/ld+json\" class=\"yoast-schema-graph\">{\"@context\":\"https:\\\/\\\/schema.org\",\"@graph\":[{\"@type\":\"WebPage\",\"@id\":\"https:\\\/\\\/unrostore.com\\\/shop\\\/terrafina\\\/amazonia-green\\\/groene-kommen-amazonia-green-4-delig\\\/\",\"url\":\"https:\\\/\\\/unrostore.com\\\/shop\\\/terrafina\\\/amazonia-green\\\/groene-kommen-amazonia-green-4-delig\\\/\",\"name\":\"Groene Kommen Amazonia Green - 4-delig &#8226; UNRO\",\"isPartOf\":{\"@id\":\"https:\\\/\\\/unrostore.com\\\/#website\"},\"primaryImageOfPage\":{\"@id\":\"https:\\\/\\\/unrostore.com\\\/shop\\\/terrafina\\\/amazonia-green\\\/groene-kommen-amazonia-green-4-delig\\\/#primaryimage\"},\"image\":{\"@id\":\"https:\\\/\\\/unrostore.com\\\/shop\\\/terrafina\\\/amazonia-green\\\/groene-kommen-amazonia-green-4-delig\\\/#primaryimage\"},\"thumbnailUrl\":\"https:\\\/\\\/unrostore.com\\\/wp-content\\\/uploads\\\/2023\\\/11\\\/unro-groene-kommetjes-portugees-servies-handgemaakt.webp\",\"datePublished\":\"2023-11-05T12:10:10+00:00\",\"dateModified\":\"2026-01-19T20:37:21+00:00\",\"description\":\"De Groene Kommen Amazonia Green set van 4 van Terrafina zijn perfect als ontbijtkom, soepkom, tapas schaaltje en rijst kommetjes!\",\"breadcrumb\":{\"@id\":\"https:\\\/\\\/unrostore.com\\\/shop\\\/terrafina\\\/amazonia-green\\\/groene-kommen-amazonia-green-4-delig\\\/#breadcrumb\"},\"inLanguage\":\"fr-FR\",\"potentialAction\":[{\"@type\":\"ReadAction\",\"target\":[\"https:\\\/\\\/unrostore.com\\\/shop\\\/terrafina\\\/amazonia-green\\\/groene-kommen-amazonia-green-4-delig\\\/\"]}]},{\"@type\":\"ImageObject\",\"inLanguage\":\"fr-FR\",\"@id\":\"https:\\\/\\\/unrostore.com\\\/shop\\\/terrafina\\\/amazonia-green\\\/groene-kommen-amazonia-green-4-delig\\\/#primaryimage\",\"url\":\"https:\\\/\\\/unrostore.com\\\/wp-content\\\/uploads\\\/2023\\\/11\\\/unro-groene-kommetjes-portugees-servies-handgemaakt.webp\",\"contentUrl\":\"https:\\\/\\\/unrostore.com\\\/wp-content\\\/uploads\\\/2023\\\/11\\\/unro-groene-kommetjes-portugees-servies-handgemaakt.webp\",\"width\":1000,\"height\":1000,\"caption\":\"groene kommen handgemaakt\"},{\"@type\":\"BreadcrumbList\",\"@id\":\"https:\\\/\\\/unrostore.com\\\/shop\\\/terrafina\\\/amazonia-green\\\/groene-kommen-amazonia-green-4-delig\\\/#breadcrumb\",\"itemListElement\":[{\"@type\":\"ListItem\",\"position\":1,\"name\":\"Home\",\"item\":\"https:\\\/\\\/unrostore.com\\\/\"},{\"@type\":\"ListItem\",\"position\":2,\"name\":\"Shop\",\"item\":\"https:\\\/\\\/unrostore.com\\\/shop\\\/\"},{\"@type\":\"ListItem\",\"position\":3,\"name\":\"Groene Kommen Amazonia Green &#8211; 4-delig\"}]},{\"@type\":\"WebSite\",\"@id\":\"https:\\\/\\\/unrostore.com\\\/#website\",\"url\":\"https:\\\/\\\/unrostore.com\\\/\",\"name\":\"UNRO\",\"description\":\"Portugees servies waar je blij van wordt!\",\"publisher\":{\"@id\":\"https:\\\/\\\/unrostore.com\\\/#organization\"},\"potentialAction\":[{\"@type\":\"SearchAction\",\"target\":{\"@type\":\"EntryPoint\",\"urlTemplate\":\"https:\\\/\\\/unrostore.com\\\/?s={search_term_string}\"},\"query-input\":{\"@type\":\"PropertyValueSpecification\",\"valueRequired\":true,\"valueName\":\"search_term_string\"}}],\"inLanguage\":\"fr-FR\"},{\"@type\":\"Organization\",\"@id\":\"https:\\\/\\\/unrostore.com\\\/#organization\",\"name\":\"UNRO\",\"url\":\"https:\\\/\\\/unrostore.com\\\/\",\"logo\":{\"@type\":\"ImageObject\",\"inLanguage\":\"fr-FR\",\"@id\":\"https:\\\/\\\/unrostore.com\\\/#\\\/schema\\\/logo\\\/image\\\/\",\"url\":\"https:\\\/\\\/unrostore.com\\\/wp-content\\\/uploads\\\/2022\\\/05\\\/Logo-UNRO.png\",\"contentUrl\":\"https:\\\/\\\/unrostore.com\\\/wp-content\\\/uploads\\\/2022\\\/05\\\/Logo-UNRO.png\",\"width\":605,\"height\":179,\"caption\":\"UNRO\"},\"image\":{\"@id\":\"https:\\\/\\\/unrostore.com\\\/#\\\/schema\\\/logo\\\/image\\\/\"}}]}<\/script>\n<!-- \/ Yoast SEO plugin. -->","yoast_head_json":{"title":"Bols verts Amazonia Green - 4 pi\u00e8ces - UNRO","description":"Les bols verts Amazonia Green set of 4 de Terrafina sont parfaits comme bols \u00e0 petit-d\u00e9jeuner, bols \u00e0 soupe, bols \u00e0 tapas et bols \u00e0 riz !","robots":{"index":"index","follow":"follow","max-snippet":"max-snippet:-1","max-image-preview":"max-image-preview:large","max-video-preview":"max-video-preview:-1"},"canonical":"https:\/\/unrostore.com\/fr-fr\/boutique\/terrafina\/vert-damazonie\/bols-verts-amazonia-green-4-pieces\/","og_locale":"fr_FR","og_type":"article","og_title":"Groene Kommen Amazonia Green - 4-delig &#8226; UNRO","og_description":"De Groene Kommen Amazonia Green set van 4 van Terrafina zijn perfect als ontbijtkom, soepkom, tapas schaaltje en rijst kommetjes!","og_url":"https:\/\/unrostore.com\/fr-fr\/boutique\/terrafina\/vert-damazonie\/bols-verts-amazonia-green-4-pieces\/","og_site_name":"UNRO","article_modified_time":"2026-01-19T20:37:21+00:00","og_image":[{"width":1000,"height":1000,"url":"https:\/\/unrostore.com\/wp-content\/uploads\/2023\/11\/unro-groene-kommetjes-portugees-servies-handgemaakt.webp","type":"image\/webp"}],"twitter_card":"summary_large_image","schema":{"@context":"https:\/\/schema.org","@graph":[{"@type":"WebPage","@id":"https:\/\/unrostore.com\/shop\/terrafina\/amazonia-green\/groene-kommen-amazonia-green-4-delig\/","url":"https:\/\/unrostore.com\/shop\/terrafina\/amazonia-green\/groene-kommen-amazonia-green-4-delig\/","name":"Bols verts Amazonia Green - 4 pi\u00e8ces - UNRO","isPartOf":{"@id":"https:\/\/unrostore.com\/#website"},"primaryImageOfPage":{"@id":"https:\/\/unrostore.com\/shop\/terrafina\/amazonia-green\/groene-kommen-amazonia-green-4-delig\/#primaryimage"},"image":{"@id":"https:\/\/unrostore.com\/shop\/terrafina\/amazonia-green\/groene-kommen-amazonia-green-4-delig\/#primaryimage"},"thumbnailUrl":"https:\/\/unrostore.com\/wp-content\/uploads\/2023\/11\/unro-groene-kommetjes-portugees-servies-handgemaakt.webp","datePublished":"2023-11-05T12:10:10+00:00","dateModified":"2026-01-19T20:37:21+00:00","description":"Les bols verts Amazonia Green set of 4 de Terrafina sont parfaits comme bols \u00e0 petit-d\u00e9jeuner, bols \u00e0 soupe, bols \u00e0 tapas et bols \u00e0 riz !","breadcrumb":{"@id":"https:\/\/unrostore.com\/shop\/terrafina\/amazonia-green\/groene-kommen-amazonia-green-4-delig\/#breadcrumb"},"inLanguage":"fr-FR","potentialAction":[{"@type":"ReadAction","target":["https:\/\/unrostore.com\/shop\/terrafina\/amazonia-green\/groene-kommen-amazonia-green-4-delig\/"]}]},{"@type":"ImageObject","inLanguage":"fr-FR","@id":"https:\/\/unrostore.com\/shop\/terrafina\/amazonia-green\/groene-kommen-amazonia-green-4-delig\/#primaryimage","url":"https:\/\/unrostore.com\/wp-content\/uploads\/2023\/11\/unro-groene-kommetjes-portugees-servies-handgemaakt.webp","contentUrl":"https:\/\/unrostore.com\/wp-content\/uploads\/2023\/11\/unro-groene-kommetjes-portugees-servies-handgemaakt.webp","width":1000,"height":1000,"caption":"groene kommen handgemaakt"},{"@type":"BreadcrumbList","@id":"https:\/\/unrostore.com\/shop\/terrafina\/amazonia-green\/groene-kommen-amazonia-green-4-delig\/#breadcrumb","itemListElement":[{"@type":"ListItem","position":1,"name":"Home","item":"https:\/\/unrostore.com\/"},{"@type":"ListItem","position":2,"name":"Shop","item":"https:\/\/unrostore.com\/shop\/"},{"@type":"ListItem","position":3,"name":"Groene Kommen Amazonia Green &#8211; 4-delig"}]},{"@type":"WebSite","@id":"https:\/\/unrostore.com\/#website","url":"https:\/\/unrostore.com\/","name":"UNRO","description":"De la vaisselle portugaise qui vous rendra heureux !","publisher":{"@id":"https:\/\/unrostore.com\/#organization"},"potentialAction":[{"@type":"SearchAction","target":{"@type":"EntryPoint","urlTemplate":"https:\/\/unrostore.com\/?s={search_term_string}"},"query-input":{"@type":"PropertyValueSpecification","valueRequired":true,"valueName":"search_term_string"}}],"inLanguage":"fr-FR"},{"@type":"Organization","@id":"https:\/\/unrostore.com\/#organization","name":"UNRO","url":"https:\/\/unrostore.com\/","logo":{"@type":"ImageObject","inLanguage":"fr-FR","@id":"https:\/\/unrostore.com\/#\/schema\/logo\/image\/","url":"https:\/\/unrostore.com\/wp-content\/uploads\/2022\/05\/Logo-UNRO.png","contentUrl":"https:\/\/unrostore.com\/wp-content\/uploads\/2022\/05\/Logo-UNRO.png","width":605,"height":179,"caption":"UNRO"},"image":{"@id":"https:\/\/unrostore.com\/#\/schema\/logo\/image\/"}}]}},"_links":{"self":[{"href":"https:\/\/unrostore.com\/fr-fr\/wp-json\/wp\/v2\/product\/6285","targetHints":{"allow":["GET"]}}],"collection":[{"href":"https:\/\/unrostore.com\/fr-fr\/wp-json\/wp\/v2\/product"}],"about":[{"href":"https:\/\/unrostore.com\/fr-fr\/wp-json\/wp\/v2\/types\/product"}],"wp:featuredmedia":[{"embeddable":true,"href":"https:\/\/unrostore.com\/fr-fr\/wp-json\/wp\/v2\/media\/6289"}],"wp:attachment":[{"href":"https:\/\/unrostore.com\/fr-fr\/wp-json\/wp\/v2\/media?parent=6285"}],"wp:term":[{"taxonomy":"product_brand","embeddable":true,"href":"https:\/\/unrostore.com\/fr-fr\/wp-json\/wp\/v2\/product_brand?post=6285"},{"taxonomy":"product_cat","embeddable":true,"href":"https:\/\/unrostore.com\/fr-fr\/wp-json\/wp\/v2\/product_cat?post=6285"},{"taxonomy":"product_tag","embeddable":true,"href":"https:\/\/unrostore.com\/fr-fr\/wp-json\/wp\/v2\/product_tag?post=6285"}],"curies":[{"name":"wp","href":"https:\/\/api.w.org\/{rel}","templated":true}]}}