{"id":6272,"date":"2023-11-05T11:08:33","date_gmt":"2023-11-05T11:08:33","guid":{"rendered":"https:\/\/unrostore.com\/?post_type=product&#038;p=6272"},"modified":"2026-01-19T20:42:49","modified_gmt":"2026-01-19T20:42:49","slug":"tasses-a-cappuccino-vertes-4-pieces-vert-amazonia","status":"publish","type":"product","link":"https:\/\/unrostore.com\/fr-fr\/boutique\/terrafina\/vert-damazonie\/tasses-a-cappuccino-vertes-4-pieces-vert-amazonia\/","title":{"rendered":"Tasses \u00e0 cappuccino vertes 350 ml vert amazone - 4 pi\u00e8ces"},"content":{"rendered":"<h3>Magnifique ensemble de 4 tasses \u00e0 cappuccino vertes !<\/h3>\n<p>Le<strong> grandes tasses \u00e0 cappuccino vert fonc\u00e9<\/strong> L'ensemble provient de la marque portugaise <a href=\"https:\/\/www.terrafinastore.com\/en\/representatives\/unro\">Terrafina<\/a> et parfait pour votre boisson chaude pr\u00e9f\u00e9r\u00e9e. Du cappuccino, du caf\u00e9 et du th\u00e9 au chocolat chaud et au chai latte. La belle couleur verte de ces tasses les rend uniques, tout comme leur forme ronde et fine qui les rend tr\u00e8s agr\u00e9ables \u00e0 boire. Elles sont id\u00e9ales non seulement pour votre tasse de caf\u00e9 quotidienne, mais aussi pour un th\u00e9 ou un caf\u00e9 accompagn\u00e9 d'un g\u00e2teau. Combinez ce grand set de tasses \u00e0 caf\u00e9 avec les tasses \u00e0 caf\u00e9 vertes assorties. <a href=\"https:\/\/unrostore.com\/fr-fr\/boutique\/terrafina\/vert-damazonie\/plat-vert-amazonia-vert-2-pieces\/\">bols<\/a> ou <a href=\"https:\/\/unrostore.com\/fr-fr\/boutique\/terrafina\/vert-damazonie\/gebaksbordjes-groen-amazonia-green-4-delig\/\">assiettes \u00e0 d\u00e9jeuner<\/a> et profiter d'une belle <a href=\"https:\/\/unrostore.com\/fr-fr\/boutique\/terrafina\/vert-damazonie\/set-de-petit-dejeuner-amazonia-green-4-personnes\/?_gl=1*rnogel*_up*MQ..*_ga*NzE4NTU4NjAzLjE3MTA3MDI1NDU.*_ga_QGLN1EFSS8*MTcxMDcwMjU0My4xLjEuMTcxMDcwMjU2MC4wLjAuMzU2NzM2NzIw\">set de petit-d\u00e9jeuner<\/a>!<\/p>\n<h3>Voici le nombre de mugs que vous recevrez<\/h3>\n<ul>\n<li>4x Tasses \u00e0 Cappuccino Amazonia Green (capacit\u00e9 de 350ml)<\/li>\n<li>2x Terrafina bo\u00eete cadeau<\/li>\n<\/ul>\n<p>&nbsp;<\/p>\n<p><em><strong>Durable pour les personnes et l'environnement :<\/strong><br \/>\nChaque produit est unique car il est fabriqu\u00e9 \u00e0 la main.<br \/>\nL'impression et la texture peuvent donc diff\u00e9rer l\u00e9g\u00e8rement de la photo du produit.<\/em><\/p>","protected":false},"excerpt":{"rendered":"<div style=\"font-family: nunito sans; font-size: 14px; border: 1px solid #dedede; border-radius: 4px; padding: 15px 0 0 14px; margin-top: 20px; margin-bottom: 20px; width: 160px; box-shadow: 1px 1px 7px 0px rgb(0 0 0 \/ 15%), 0px 0px 2px 0px rgb(0 0 0 \/ 5%); color: #00b900;\">\n<p>Avec ce prix fixe, vous \u00e9conomisez <strong>\u20ac4,-<\/strong><\/p>\n<\/div>\n<div class=\"usps\"><i class=\"far fa-check-circle\"><\/i> R\u00e9sistant aux micro-ondes<br \/>\n<i class=\"far fa-check-circle\"><\/i> R\u00e9siste au four (jusqu'\u00e0 200 degr\u00e9s)<br \/>\n<i class=\"far fa-check-circle\"><\/i> Lavable au lave-vaisselle<br \/>\n<i class=\"far fa-thumbs-up\"><\/i> Fait \u00e0 la main<\/div>","protected":false},"featured_media":6273,"template":"","meta":[],"product_brand":[],"product_cat":[316,170,132,871,119],"product_tag":[309,634,374,640,639,862,861,633,399],"class_list":{"0":"post-6272","1":"product","2":"type-product","3":"status-publish","4":"has-post-thumbnail","6":"product_cat-cappuccino-mokken","7":"product_cat-amazonia-green","8":"product_cat-kopjes-en-mokken","9":"product_cat-unro-populair-portugees-keramiek","10":"product_cat-terrafina","11":"product_tag-cappuccino-mokken","12":"product_tag-chai-latte","13":"product_tag-groene-kopjes","14":"product_tag-groene-mokken","15":"product_tag-grote-mokken","16":"product_tag-koffie-mokken","17":"product_tag-kopjes-en-mokken","18":"product_tag-latte-macchiato","19":"product_tag-thee-mokken","21":"first","22":"outofstock","23":"sale","24":"taxable","25":"shipping-taxable","26":"purchasable","27":"product-type-simple"},"yoast_head":"<!-- This site is optimized with the Yoast SEO plugin v27.4 - https:\/\/yoast.com\/product\/yoast-seo-wordpress\/ -->\n<title>Groene Cappuccino Mokken 350 ml Amazonia Green - 4-delig &#8226; UNRO<\/title>\n<meta name=\"description\" content=\"Ontdek deze mooie set van 4 groene cappuccino mokken die op een duurzame wijze handgemaakt worden in Portugal door lokale vakmensen.\" \/>\n<meta name=\"robots\" content=\"index, follow, max-snippet:-1, max-image-preview:large, max-video-preview:-1\" \/>\n<link rel=\"canonical\" href=\"https:\/\/unrostore.com\/fr-fr\/boutique\/terrafina\/vert-damazonie\/tasses-a-cappuccino-vertes-4-pieces-vert-amazonia\/\" \/>\n<meta property=\"og:locale\" content=\"fr_FR\" \/>\n<meta property=\"og:type\" content=\"article\" \/>\n<meta property=\"og:title\" content=\"Groene Cappuccino Mokken 350 ml Amazonia Green - 4-delig &#8226; UNRO\" \/>\n<meta property=\"og:description\" content=\"Ontdek deze mooie set van 4 groene cappuccino mokken die op een duurzame wijze handgemaakt worden in Portugal door lokale vakmensen.\" \/>\n<meta property=\"og:url\" content=\"https:\/\/unrostore.com\/fr-fr\/boutique\/terrafina\/vert-damazonie\/tasses-a-cappuccino-vertes-4-pieces-vert-amazonia\/\" \/>\n<meta property=\"og:site_name\" content=\"UNRO\" \/>\n<meta property=\"article:modified_time\" content=\"2026-01-19T20:42:49+00:00\" \/>\n<meta property=\"og:image\" content=\"https:\/\/unrostore.com\/wp-content\/uploads\/2023\/11\/unro-groene-mokken.jpg\" \/>\n\t<meta property=\"og:image:width\" content=\"1000\" \/>\n\t<meta property=\"og:image:height\" content=\"1000\" \/>\n\t<meta property=\"og:image:type\" content=\"image\/jpeg\" \/>\n<meta name=\"twitter:card\" content=\"summary_large_image\" \/>\n<script type=\"application\/ld+json\" class=\"yoast-schema-graph\">{\"@context\":\"https:\\\/\\\/schema.org\",\"@graph\":[{\"@type\":\"WebPage\",\"@id\":\"https:\\\/\\\/unrostore.com\\\/shop\\\/terrafina\\\/amazonia-green\\\/groene-cappuccino-mokken-4-delig-amazonia-green\\\/\",\"url\":\"https:\\\/\\\/unrostore.com\\\/shop\\\/terrafina\\\/amazonia-green\\\/groene-cappuccino-mokken-4-delig-amazonia-green\\\/\",\"name\":\"Groene Cappuccino Mokken 350 ml Amazonia Green - 4-delig &#8226; UNRO\",\"isPartOf\":{\"@id\":\"https:\\\/\\\/unrostore.com\\\/#website\"},\"primaryImageOfPage\":{\"@id\":\"https:\\\/\\\/unrostore.com\\\/shop\\\/terrafina\\\/amazonia-green\\\/groene-cappuccino-mokken-4-delig-amazonia-green\\\/#primaryimage\"},\"image\":{\"@id\":\"https:\\\/\\\/unrostore.com\\\/shop\\\/terrafina\\\/amazonia-green\\\/groene-cappuccino-mokken-4-delig-amazonia-green\\\/#primaryimage\"},\"thumbnailUrl\":\"https:\\\/\\\/unrostore.com\\\/wp-content\\\/uploads\\\/2023\\\/11\\\/unro-groene-mokken.jpg\",\"datePublished\":\"2023-11-05T11:08:33+00:00\",\"dateModified\":\"2026-01-19T20:42:49+00:00\",\"description\":\"Ontdek deze mooie set van 4 groene cappuccino mokken die op een duurzame wijze handgemaakt worden in Portugal door lokale vakmensen.\",\"breadcrumb\":{\"@id\":\"https:\\\/\\\/unrostore.com\\\/shop\\\/terrafina\\\/amazonia-green\\\/groene-cappuccino-mokken-4-delig-amazonia-green\\\/#breadcrumb\"},\"inLanguage\":\"fr-FR\",\"potentialAction\":[{\"@type\":\"ReadAction\",\"target\":[\"https:\\\/\\\/unrostore.com\\\/shop\\\/terrafina\\\/amazonia-green\\\/groene-cappuccino-mokken-4-delig-amazonia-green\\\/\"]}]},{\"@type\":\"ImageObject\",\"inLanguage\":\"fr-FR\",\"@id\":\"https:\\\/\\\/unrostore.com\\\/shop\\\/terrafina\\\/amazonia-green\\\/groene-cappuccino-mokken-4-delig-amazonia-green\\\/#primaryimage\",\"url\":\"https:\\\/\\\/unrostore.com\\\/wp-content\\\/uploads\\\/2023\\\/11\\\/unro-groene-mokken.jpg\",\"contentUrl\":\"https:\\\/\\\/unrostore.com\\\/wp-content\\\/uploads\\\/2023\\\/11\\\/unro-groene-mokken.jpg\",\"width\":1000,\"height\":1000,\"caption\":\"groene mokken\"},{\"@type\":\"BreadcrumbList\",\"@id\":\"https:\\\/\\\/unrostore.com\\\/shop\\\/terrafina\\\/amazonia-green\\\/groene-cappuccino-mokken-4-delig-amazonia-green\\\/#breadcrumb\",\"itemListElement\":[{\"@type\":\"ListItem\",\"position\":1,\"name\":\"Home\",\"item\":\"https:\\\/\\\/unrostore.com\\\/\"},{\"@type\":\"ListItem\",\"position\":2,\"name\":\"Shop\",\"item\":\"https:\\\/\\\/unrostore.com\\\/shop\\\/\"},{\"@type\":\"ListItem\",\"position\":3,\"name\":\"Groene Cappuccino Mokken 350 ml Amazonia Green &#8211; 4-delig\"}]},{\"@type\":\"WebSite\",\"@id\":\"https:\\\/\\\/unrostore.com\\\/#website\",\"url\":\"https:\\\/\\\/unrostore.com\\\/\",\"name\":\"UNRO\",\"description\":\"Portugees servies waar je blij van wordt!\",\"publisher\":{\"@id\":\"https:\\\/\\\/unrostore.com\\\/#organization\"},\"potentialAction\":[{\"@type\":\"SearchAction\",\"target\":{\"@type\":\"EntryPoint\",\"urlTemplate\":\"https:\\\/\\\/unrostore.com\\\/?s={search_term_string}\"},\"query-input\":{\"@type\":\"PropertyValueSpecification\",\"valueRequired\":true,\"valueName\":\"search_term_string\"}}],\"inLanguage\":\"fr-FR\"},{\"@type\":\"Organization\",\"@id\":\"https:\\\/\\\/unrostore.com\\\/#organization\",\"name\":\"UNRO\",\"url\":\"https:\\\/\\\/unrostore.com\\\/\",\"logo\":{\"@type\":\"ImageObject\",\"inLanguage\":\"fr-FR\",\"@id\":\"https:\\\/\\\/unrostore.com\\\/#\\\/schema\\\/logo\\\/image\\\/\",\"url\":\"https:\\\/\\\/unrostore.com\\\/wp-content\\\/uploads\\\/2022\\\/05\\\/Logo-UNRO.png\",\"contentUrl\":\"https:\\\/\\\/unrostore.com\\\/wp-content\\\/uploads\\\/2022\\\/05\\\/Logo-UNRO.png\",\"width\":605,\"height\":179,\"caption\":\"UNRO\"},\"image\":{\"@id\":\"https:\\\/\\\/unrostore.com\\\/#\\\/schema\\\/logo\\\/image\\\/\"}}]}<\/script>\n<!-- \/ Yoast SEO plugin. -->","yoast_head_json":{"title":"Tasses \u00e0 cappuccino vertes 350 ml vert amazone - 4 pi\u00e8ces - UNRO","description":"D\u00e9couvrez ce magnifique set de 4 tasses \u00e0 cappuccino vertes fabriqu\u00e9es de mani\u00e8re durable au Portugal par des artisans locaux.","robots":{"index":"index","follow":"follow","max-snippet":"max-snippet:-1","max-image-preview":"max-image-preview:large","max-video-preview":"max-video-preview:-1"},"canonical":"https:\/\/unrostore.com\/fr-fr\/boutique\/terrafina\/vert-damazonie\/tasses-a-cappuccino-vertes-4-pieces-vert-amazonia\/","og_locale":"fr_FR","og_type":"article","og_title":"Groene Cappuccino Mokken 350 ml Amazonia Green - 4-delig &#8226; UNRO","og_description":"Ontdek deze mooie set van 4 groene cappuccino mokken die op een duurzame wijze handgemaakt worden in Portugal door lokale vakmensen.","og_url":"https:\/\/unrostore.com\/fr-fr\/boutique\/terrafina\/vert-damazonie\/tasses-a-cappuccino-vertes-4-pieces-vert-amazonia\/","og_site_name":"UNRO","article_modified_time":"2026-01-19T20:42:49+00:00","og_image":[{"width":1000,"height":1000,"url":"https:\/\/unrostore.com\/wp-content\/uploads\/2023\/11\/unro-groene-mokken.jpg","type":"image\/jpeg"}],"twitter_card":"summary_large_image","schema":{"@context":"https:\/\/schema.org","@graph":[{"@type":"WebPage","@id":"https:\/\/unrostore.com\/shop\/terrafina\/amazonia-green\/groene-cappuccino-mokken-4-delig-amazonia-green\/","url":"https:\/\/unrostore.com\/shop\/terrafina\/amazonia-green\/groene-cappuccino-mokken-4-delig-amazonia-green\/","name":"Tasses \u00e0 cappuccino vertes 350 ml vert amazone - 4 pi\u00e8ces - UNRO","isPartOf":{"@id":"https:\/\/unrostore.com\/#website"},"primaryImageOfPage":{"@id":"https:\/\/unrostore.com\/shop\/terrafina\/amazonia-green\/groene-cappuccino-mokken-4-delig-amazonia-green\/#primaryimage"},"image":{"@id":"https:\/\/unrostore.com\/shop\/terrafina\/amazonia-green\/groene-cappuccino-mokken-4-delig-amazonia-green\/#primaryimage"},"thumbnailUrl":"https:\/\/unrostore.com\/wp-content\/uploads\/2023\/11\/unro-groene-mokken.jpg","datePublished":"2023-11-05T11:08:33+00:00","dateModified":"2026-01-19T20:42:49+00:00","description":"D\u00e9couvrez ce magnifique set de 4 tasses \u00e0 cappuccino vertes fabriqu\u00e9es de mani\u00e8re durable au Portugal par des artisans locaux.","breadcrumb":{"@id":"https:\/\/unrostore.com\/shop\/terrafina\/amazonia-green\/groene-cappuccino-mokken-4-delig-amazonia-green\/#breadcrumb"},"inLanguage":"fr-FR","potentialAction":[{"@type":"ReadAction","target":["https:\/\/unrostore.com\/shop\/terrafina\/amazonia-green\/groene-cappuccino-mokken-4-delig-amazonia-green\/"]}]},{"@type":"ImageObject","inLanguage":"fr-FR","@id":"https:\/\/unrostore.com\/shop\/terrafina\/amazonia-green\/groene-cappuccino-mokken-4-delig-amazonia-green\/#primaryimage","url":"https:\/\/unrostore.com\/wp-content\/uploads\/2023\/11\/unro-groene-mokken.jpg","contentUrl":"https:\/\/unrostore.com\/wp-content\/uploads\/2023\/11\/unro-groene-mokken.jpg","width":1000,"height":1000,"caption":"groene mokken"},{"@type":"BreadcrumbList","@id":"https:\/\/unrostore.com\/shop\/terrafina\/amazonia-green\/groene-cappuccino-mokken-4-delig-amazonia-green\/#breadcrumb","itemListElement":[{"@type":"ListItem","position":1,"name":"Home","item":"https:\/\/unrostore.com\/"},{"@type":"ListItem","position":2,"name":"Shop","item":"https:\/\/unrostore.com\/shop\/"},{"@type":"ListItem","position":3,"name":"Groene Cappuccino Mokken 350 ml Amazonia Green &#8211; 4-delig"}]},{"@type":"WebSite","@id":"https:\/\/unrostore.com\/#website","url":"https:\/\/unrostore.com\/","name":"UNRO","description":"De la vaisselle portugaise qui vous rendra heureux !","publisher":{"@id":"https:\/\/unrostore.com\/#organization"},"potentialAction":[{"@type":"SearchAction","target":{"@type":"EntryPoint","urlTemplate":"https:\/\/unrostore.com\/?s={search_term_string}"},"query-input":{"@type":"PropertyValueSpecification","valueRequired":true,"valueName":"search_term_string"}}],"inLanguage":"fr-FR"},{"@type":"Organization","@id":"https:\/\/unrostore.com\/#organization","name":"UNRO","url":"https:\/\/unrostore.com\/","logo":{"@type":"ImageObject","inLanguage":"fr-FR","@id":"https:\/\/unrostore.com\/#\/schema\/logo\/image\/","url":"https:\/\/unrostore.com\/wp-content\/uploads\/2022\/05\/Logo-UNRO.png","contentUrl":"https:\/\/unrostore.com\/wp-content\/uploads\/2022\/05\/Logo-UNRO.png","width":605,"height":179,"caption":"UNRO"},"image":{"@id":"https:\/\/unrostore.com\/#\/schema\/logo\/image\/"}}]}},"_links":{"self":[{"href":"https:\/\/unrostore.com\/fr-fr\/wp-json\/wp\/v2\/product\/6272","targetHints":{"allow":["GET"]}}],"collection":[{"href":"https:\/\/unrostore.com\/fr-fr\/wp-json\/wp\/v2\/product"}],"about":[{"href":"https:\/\/unrostore.com\/fr-fr\/wp-json\/wp\/v2\/types\/product"}],"wp:featuredmedia":[{"embeddable":true,"href":"https:\/\/unrostore.com\/fr-fr\/wp-json\/wp\/v2\/media\/6273"}],"wp:attachment":[{"href":"https:\/\/unrostore.com\/fr-fr\/wp-json\/wp\/v2\/media?parent=6272"}],"wp:term":[{"taxonomy":"product_brand","embeddable":true,"href":"https:\/\/unrostore.com\/fr-fr\/wp-json\/wp\/v2\/product_brand?post=6272"},{"taxonomy":"product_cat","embeddable":true,"href":"https:\/\/unrostore.com\/fr-fr\/wp-json\/wp\/v2\/product_cat?post=6272"},{"taxonomy":"product_tag","embeddable":true,"href":"https:\/\/unrostore.com\/fr-fr\/wp-json\/wp\/v2\/product_tag?post=6272"}],"curies":[{"name":"wp","href":"https:\/\/api.w.org\/{rel}","templated":true}]}}