{"id":6264,"date":"2023-11-05T10:13:36","date_gmt":"2023-11-05T10:13:36","guid":{"rendered":"https:\/\/unrostore.com\/?post_type=product&#038;p=6264"},"modified":"2026-01-19T20:37:22","modified_gmt":"2026-01-19T20:37:22","slug":"tasses-et-mugs-blancs-voile","status":"publish","type":"product","link":"https:\/\/unrostore.com\/fr-fr\/boutique\/terrafina\/voile\/tasses-et-mugs-blancs-voile\/","title":{"rendered":"Tasses et gobelets blancs - Sail"},"content":{"rendered":"<h3>Les tasses et mugs blancs parfaits pour vous !<\/h3>\n<p>Cet ensemble\u00a0<strong>Tasses et mugs blancs<\/strong>\u00a0par la marque portugaise <a href=\"https:\/\/www.terrafinastore.com\/en\/representatives\/unro\">Terrafina<\/a> sont id\u00e9ales pour votre tasse de caf\u00e9 ou de th\u00e9 quotidienne. Vous avez envie d'un cappuccino un jour et d'un expresso le lendemain ? Ce set est la solution id\u00e9ale. Ce set est \u00e9galement id\u00e9al comme cadeau pour No\u00ebl, les f\u00eates, une pendaison de cr\u00e9maill\u00e8re ou un anniversaire. Achetez \u00e9galement le set assorti <a href=\"https:\/\/unrostore.com\/fr-fr\/boutique\/terrafina\/voile\/voile-a-vaisselle-blanc-2-pieces\/\">bols<\/a> ou <a href=\"https:\/\/unrostore.com\/fr-fr\/boutique\/terrafina\/voile\/gebaksbordjes-wit-sail-4-delig\/\">assiettes \u00e0 d\u00e9jeuner<\/a> Et vous pouvez profiter chaque jour d'un magnifique set de petit-d\u00e9jeuner !<\/p>\n<h3>Voici le nombre de mugs que vous recevrez<\/h3>\n<ul>\n<li>2 tasses \u00e0 espresso Sail (100 ml de volume buvable)<\/li>\n<li>2 tasses \u00e0 th\u00e9 Sail (capacit\u00e9 de 450 ml)<\/li>\n<li>2x Terrafina bo\u00eete cadeau<\/li>\n<\/ul>\n<p>&nbsp;<\/p>\n<p><em><strong>Durable pour les personnes et l'environnement :<\/strong><br \/>\nChaque produit est unique car il est fabriqu\u00e9 \u00e0 la main.<br \/>\nL'impression et la texture peuvent donc diff\u00e9rer l\u00e9g\u00e8rement de la photo du produit.<\/em><\/p>","protected":false},"excerpt":{"rendered":"<div style=\"font-family: nunito sans; font-size: 14px; border: 1px solid #dedede; border-radius: 4px; padding: 15px 0 0 14px; margin-top: 20px; margin-bottom: 20px; width: 160px; box-shadow: 1px 1px 7px 0px rgb(0 0 0 \/ 15%), 0px 0px 2px 0px rgb(0 0 0 \/ 5%); color: #00b900;\">\n<p>Avec ce prix fixe, vous \u00e9conomisez <strong>\u20ac2,-<\/strong><\/p>\n<\/div>\n<div class=\"usps\"><i class=\"far fa-check-circle\"><\/i> R\u00e9sistant aux micro-ondes<br \/>\n<i class=\"far fa-check-circle\"><\/i> R\u00e9siste au four (jusqu'\u00e0 200 degr\u00e9s)<br \/>\n<i class=\"far fa-check-circle\"><\/i> Lavable au lave-vaisselle<br \/>\n<i class=\"far fa-thumbs-up\"><\/i> Fait \u00e0 la main<\/div>","protected":false},"featured_media":6265,"template":"","meta":[],"product_brand":[],"product_cat":[869,132,119,139],"product_tag":[309,193,862,861,399,224,608,867,868],"class_list":{"0":"post-6264","1":"product","2":"type-product","3":"status-publish","4":"has-post-thumbnail","6":"product_cat-unro-cadeautips","7":"product_cat-kopjes-en-mokken","8":"product_cat-terrafina","9":"product_cat-sail","10":"product_tag-cappuccino-mokken","11":"product_tag-espresso-kopjes","12":"product_tag-koffie-mokken","13":"product_tag-kopjes-en-mokken","14":"product_tag-thee-mokken","15":"product_tag-wit","16":"product_tag-witte","17":"product_tag-witte-espresso-kopjes","18":"product_tag-witte-mokken","20":"first","21":"instock","22":"sale","23":"taxable","24":"shipping-taxable","25":"purchasable","26":"product-type-simple"},"yoast_head":"<!-- This site is optimized with the Yoast SEO plugin v27.4 - https:\/\/yoast.com\/product\/yoast-seo-wordpress\/ -->\n<title>Witte Kopjes en Mokken - Sail &#8226; UNRO<\/title>\n<meta name=\"description\" content=\"Houd jij van zowel espresso als cappuccino en thee? Dan is deze set van 2 witte espresso kopjes en mokken perfect voor jou!\" \/>\n<meta name=\"robots\" content=\"index, follow, max-snippet:-1, max-image-preview:large, max-video-preview:-1\" \/>\n<link rel=\"canonical\" href=\"https:\/\/unrostore.com\/fr-fr\/boutique\/terrafina\/voile\/tasses-et-mugs-blancs-voile\/\" \/>\n<meta property=\"og:locale\" content=\"fr_FR\" \/>\n<meta property=\"og:type\" content=\"article\" \/>\n<meta property=\"og:title\" content=\"Witte Kopjes en Mokken - Sail &#8226; UNRO\" \/>\n<meta property=\"og:description\" content=\"Houd jij van zowel espresso als cappuccino en thee? Dan is deze set van 2 witte espresso kopjes en mokken perfect voor jou!\" \/>\n<meta property=\"og:url\" content=\"https:\/\/unrostore.com\/fr-fr\/boutique\/terrafina\/voile\/tasses-et-mugs-blancs-voile\/\" \/>\n<meta property=\"og:site_name\" content=\"UNRO\" \/>\n<meta property=\"article:modified_time\" content=\"2026-01-19T20:37:22+00:00\" \/>\n<meta property=\"og:image\" content=\"https:\/\/unrostore.com\/wp-content\/uploads\/2023\/11\/unro-witte-kopjes-en-mokken-terrafina.webp\" \/>\n\t<meta property=\"og:image:width\" content=\"1000\" \/>\n\t<meta property=\"og:image:height\" content=\"1000\" \/>\n\t<meta property=\"og:image:type\" content=\"image\/webp\" \/>\n<meta name=\"twitter:card\" content=\"summary_large_image\" \/>\n<script type=\"application\/ld+json\" class=\"yoast-schema-graph\">{\"@context\":\"https:\\\/\\\/schema.org\",\"@graph\":[{\"@type\":\"WebPage\",\"@id\":\"https:\\\/\\\/unrostore.com\\\/shop\\\/terrafina\\\/sail\\\/witte-kopjes-en-mokken-sail\\\/\",\"url\":\"https:\\\/\\\/unrostore.com\\\/shop\\\/terrafina\\\/sail\\\/witte-kopjes-en-mokken-sail\\\/\",\"name\":\"Witte Kopjes en Mokken - Sail &#8226; UNRO\",\"isPartOf\":{\"@id\":\"https:\\\/\\\/unrostore.com\\\/#website\"},\"primaryImageOfPage\":{\"@id\":\"https:\\\/\\\/unrostore.com\\\/shop\\\/terrafina\\\/sail\\\/witte-kopjes-en-mokken-sail\\\/#primaryimage\"},\"image\":{\"@id\":\"https:\\\/\\\/unrostore.com\\\/shop\\\/terrafina\\\/sail\\\/witte-kopjes-en-mokken-sail\\\/#primaryimage\"},\"thumbnailUrl\":\"https:\\\/\\\/unrostore.com\\\/wp-content\\\/uploads\\\/2023\\\/11\\\/unro-witte-kopjes-en-mokken-terrafina.webp\",\"datePublished\":\"2023-11-05T10:13:36+00:00\",\"dateModified\":\"2026-01-19T20:37:22+00:00\",\"description\":\"Houd jij van zowel espresso als cappuccino en thee? Dan is deze set van 2 witte espresso kopjes en mokken perfect voor jou!\",\"breadcrumb\":{\"@id\":\"https:\\\/\\\/unrostore.com\\\/shop\\\/terrafina\\\/sail\\\/witte-kopjes-en-mokken-sail\\\/#breadcrumb\"},\"inLanguage\":\"fr-FR\",\"potentialAction\":[{\"@type\":\"ReadAction\",\"target\":[\"https:\\\/\\\/unrostore.com\\\/shop\\\/terrafina\\\/sail\\\/witte-kopjes-en-mokken-sail\\\/\"]}]},{\"@type\":\"ImageObject\",\"inLanguage\":\"fr-FR\",\"@id\":\"https:\\\/\\\/unrostore.com\\\/shop\\\/terrafina\\\/sail\\\/witte-kopjes-en-mokken-sail\\\/#primaryimage\",\"url\":\"https:\\\/\\\/unrostore.com\\\/wp-content\\\/uploads\\\/2023\\\/11\\\/unro-witte-kopjes-en-mokken-terrafina.webp\",\"contentUrl\":\"https:\\\/\\\/unrostore.com\\\/wp-content\\\/uploads\\\/2023\\\/11\\\/unro-witte-kopjes-en-mokken-terrafina.webp\",\"width\":1000,\"height\":1000,\"caption\":\"witte kopjes en mokken\"},{\"@type\":\"BreadcrumbList\",\"@id\":\"https:\\\/\\\/unrostore.com\\\/shop\\\/terrafina\\\/sail\\\/witte-kopjes-en-mokken-sail\\\/#breadcrumb\",\"itemListElement\":[{\"@type\":\"ListItem\",\"position\":1,\"name\":\"Home\",\"item\":\"https:\\\/\\\/unrostore.com\\\/\"},{\"@type\":\"ListItem\",\"position\":2,\"name\":\"Shop\",\"item\":\"https:\\\/\\\/unrostore.com\\\/shop\\\/\"},{\"@type\":\"ListItem\",\"position\":3,\"name\":\"Witte Kopjes en Mokken &#8211; Sail\"}]},{\"@type\":\"WebSite\",\"@id\":\"https:\\\/\\\/unrostore.com\\\/#website\",\"url\":\"https:\\\/\\\/unrostore.com\\\/\",\"name\":\"UNRO\",\"description\":\"Portugees servies waar je blij van wordt!\",\"publisher\":{\"@id\":\"https:\\\/\\\/unrostore.com\\\/#organization\"},\"potentialAction\":[{\"@type\":\"SearchAction\",\"target\":{\"@type\":\"EntryPoint\",\"urlTemplate\":\"https:\\\/\\\/unrostore.com\\\/?s={search_term_string}\"},\"query-input\":{\"@type\":\"PropertyValueSpecification\",\"valueRequired\":true,\"valueName\":\"search_term_string\"}}],\"inLanguage\":\"fr-FR\"},{\"@type\":\"Organization\",\"@id\":\"https:\\\/\\\/unrostore.com\\\/#organization\",\"name\":\"UNRO\",\"url\":\"https:\\\/\\\/unrostore.com\\\/\",\"logo\":{\"@type\":\"ImageObject\",\"inLanguage\":\"fr-FR\",\"@id\":\"https:\\\/\\\/unrostore.com\\\/#\\\/schema\\\/logo\\\/image\\\/\",\"url\":\"https:\\\/\\\/unrostore.com\\\/wp-content\\\/uploads\\\/2022\\\/05\\\/Logo-UNRO.png\",\"contentUrl\":\"https:\\\/\\\/unrostore.com\\\/wp-content\\\/uploads\\\/2022\\\/05\\\/Logo-UNRO.png\",\"width\":605,\"height\":179,\"caption\":\"UNRO\"},\"image\":{\"@id\":\"https:\\\/\\\/unrostore.com\\\/#\\\/schema\\\/logo\\\/image\\\/\"}}]}<\/script>\n<!-- \/ Yoast SEO plugin. -->","yoast_head_json":{"title":"Tasses et gobelets blancs - Voile - UNRO","description":"Vous aimez l'espresso, le cappuccino et le th\u00e9 ? Alors ce set de 2 tasses \u00e0 espresso et mugs blancs est parfait pour vous !","robots":{"index":"index","follow":"follow","max-snippet":"max-snippet:-1","max-image-preview":"max-image-preview:large","max-video-preview":"max-video-preview:-1"},"canonical":"https:\/\/unrostore.com\/fr-fr\/boutique\/terrafina\/voile\/tasses-et-mugs-blancs-voile\/","og_locale":"fr_FR","og_type":"article","og_title":"Witte Kopjes en Mokken - Sail &#8226; UNRO","og_description":"Houd jij van zowel espresso als cappuccino en thee? Dan is deze set van 2 witte espresso kopjes en mokken perfect voor jou!","og_url":"https:\/\/unrostore.com\/fr-fr\/boutique\/terrafina\/voile\/tasses-et-mugs-blancs-voile\/","og_site_name":"UNRO","article_modified_time":"2026-01-19T20:37:22+00:00","og_image":[{"width":1000,"height":1000,"url":"https:\/\/unrostore.com\/wp-content\/uploads\/2023\/11\/unro-witte-kopjes-en-mokken-terrafina.webp","type":"image\/webp"}],"twitter_card":"summary_large_image","schema":{"@context":"https:\/\/schema.org","@graph":[{"@type":"WebPage","@id":"https:\/\/unrostore.com\/shop\/terrafina\/sail\/witte-kopjes-en-mokken-sail\/","url":"https:\/\/unrostore.com\/shop\/terrafina\/sail\/witte-kopjes-en-mokken-sail\/","name":"Tasses et gobelets blancs - Voile - UNRO","isPartOf":{"@id":"https:\/\/unrostore.com\/#website"},"primaryImageOfPage":{"@id":"https:\/\/unrostore.com\/shop\/terrafina\/sail\/witte-kopjes-en-mokken-sail\/#primaryimage"},"image":{"@id":"https:\/\/unrostore.com\/shop\/terrafina\/sail\/witte-kopjes-en-mokken-sail\/#primaryimage"},"thumbnailUrl":"https:\/\/unrostore.com\/wp-content\/uploads\/2023\/11\/unro-witte-kopjes-en-mokken-terrafina.webp","datePublished":"2023-11-05T10:13:36+00:00","dateModified":"2026-01-19T20:37:22+00:00","description":"Vous aimez l'espresso, le cappuccino et le th\u00e9 ? Alors ce set de 2 tasses \u00e0 espresso et mugs blancs est parfait pour vous !","breadcrumb":{"@id":"https:\/\/unrostore.com\/shop\/terrafina\/sail\/witte-kopjes-en-mokken-sail\/#breadcrumb"},"inLanguage":"fr-FR","potentialAction":[{"@type":"ReadAction","target":["https:\/\/unrostore.com\/shop\/terrafina\/sail\/witte-kopjes-en-mokken-sail\/"]}]},{"@type":"ImageObject","inLanguage":"fr-FR","@id":"https:\/\/unrostore.com\/shop\/terrafina\/sail\/witte-kopjes-en-mokken-sail\/#primaryimage","url":"https:\/\/unrostore.com\/wp-content\/uploads\/2023\/11\/unro-witte-kopjes-en-mokken-terrafina.webp","contentUrl":"https:\/\/unrostore.com\/wp-content\/uploads\/2023\/11\/unro-witte-kopjes-en-mokken-terrafina.webp","width":1000,"height":1000,"caption":"witte kopjes en mokken"},{"@type":"BreadcrumbList","@id":"https:\/\/unrostore.com\/shop\/terrafina\/sail\/witte-kopjes-en-mokken-sail\/#breadcrumb","itemListElement":[{"@type":"ListItem","position":1,"name":"Home","item":"https:\/\/unrostore.com\/"},{"@type":"ListItem","position":2,"name":"Shop","item":"https:\/\/unrostore.com\/shop\/"},{"@type":"ListItem","position":3,"name":"Witte Kopjes en Mokken &#8211; Sail"}]},{"@type":"WebSite","@id":"https:\/\/unrostore.com\/#website","url":"https:\/\/unrostore.com\/","name":"UNRO","description":"De la vaisselle portugaise qui vous rendra heureux !","publisher":{"@id":"https:\/\/unrostore.com\/#organization"},"potentialAction":[{"@type":"SearchAction","target":{"@type":"EntryPoint","urlTemplate":"https:\/\/unrostore.com\/?s={search_term_string}"},"query-input":{"@type":"PropertyValueSpecification","valueRequired":true,"valueName":"search_term_string"}}],"inLanguage":"fr-FR"},{"@type":"Organization","@id":"https:\/\/unrostore.com\/#organization","name":"UNRO","url":"https:\/\/unrostore.com\/","logo":{"@type":"ImageObject","inLanguage":"fr-FR","@id":"https:\/\/unrostore.com\/#\/schema\/logo\/image\/","url":"https:\/\/unrostore.com\/wp-content\/uploads\/2022\/05\/Logo-UNRO.png","contentUrl":"https:\/\/unrostore.com\/wp-content\/uploads\/2022\/05\/Logo-UNRO.png","width":605,"height":179,"caption":"UNRO"},"image":{"@id":"https:\/\/unrostore.com\/#\/schema\/logo\/image\/"}}]}},"_links":{"self":[{"href":"https:\/\/unrostore.com\/fr-fr\/wp-json\/wp\/v2\/product\/6264","targetHints":{"allow":["GET"]}}],"collection":[{"href":"https:\/\/unrostore.com\/fr-fr\/wp-json\/wp\/v2\/product"}],"about":[{"href":"https:\/\/unrostore.com\/fr-fr\/wp-json\/wp\/v2\/types\/product"}],"wp:featuredmedia":[{"embeddable":true,"href":"https:\/\/unrostore.com\/fr-fr\/wp-json\/wp\/v2\/media\/6265"}],"wp:attachment":[{"href":"https:\/\/unrostore.com\/fr-fr\/wp-json\/wp\/v2\/media?parent=6264"}],"wp:term":[{"taxonomy":"product_brand","embeddable":true,"href":"https:\/\/unrostore.com\/fr-fr\/wp-json\/wp\/v2\/product_brand?post=6264"},{"taxonomy":"product_cat","embeddable":true,"href":"https:\/\/unrostore.com\/fr-fr\/wp-json\/wp\/v2\/product_cat?post=6264"},{"taxonomy":"product_tag","embeddable":true,"href":"https:\/\/unrostore.com\/fr-fr\/wp-json\/wp\/v2\/product_tag?post=6264"}],"curies":[{"name":"wp","href":"https:\/\/api.w.org\/{rel}","templated":true}]}}