{"id":6252,"date":"2023-11-04T11:44:38","date_gmt":"2023-11-04T11:44:38","guid":{"rendered":"https:\/\/unrostore.com\/?post_type=product&#038;p=6252"},"modified":"2026-01-19T20:37:22","modified_gmt":"2026-01-19T20:37:22","slug":"tasses-a-expresso-blanches-voile-4-pieces","status":"publish","type":"product","link":"https:\/\/unrostore.com\/fr-fr\/boutique\/terrafina\/voile\/tasses-a-expresso-blanches-voile-4-pieces\/","title":{"rendered":"Tasses \u00e0 espresso blanches 100 ml Sail - 4 pi\u00e8ces"},"content":{"rendered":"<h3>Commencez votre journ\u00e9e avec style et plein d'\u00e9nergie gr\u00e2ce \u00e0 ces tasses \u00e0 espresso blanches.<\/h3>\n<p>Le\u00a0<strong>set de tasses \u00e0 expresso blanc<\/strong> de 4 petites tasses de portugais <a href=\"https:\/\/www.terrafinastore.com\/en\/collections\/sail\">Terrafina<\/a> Les petites tasses \u00e0 expresso sont parfaites pour la cuisine, le coin caf\u00e9 ou la salle \u00e0 manger. Commencez bien votre journ\u00e9e et terminez-la avec un d\u00e9licieux espresso frais gr\u00e2ce aux petites tasses \u00e0 espresso blanches et bleues. Les tasses sont toutes uniques et fabriqu\u00e9es \u00e0 la main au Portugal par des artisans locaux. Ces petites tasses \u00e0 oreille sont \u00e9galement disponibles en version <strong><a href=\"https:\/\/unrostore.com\/fr-fr\/boutique\/terrafina\/voile\/tasses-a-expresso-blanches-voile-2-pieces\/\">set de 2 tasses \u00e0 espresso blanches<\/a><\/strong>, <strong><a href=\"https:\/\/unrostore.com\/fr-fr\/boutique\/terrafina\/voile\/witte-koffiemokken-groot-sail\/\">ensemble de 2 grandes tasses \u00e0 caf\u00e9<\/a><\/strong> ou comme variante large <strong><a href=\"https:\/\/unrostore.com\/fr-fr\/boutique\/terrafina\/voile\/witte-mokken-sail-4-delig\/\">tasses \u00e0 cappuccino blanches<\/a><\/strong>.<\/p>\n<p>&nbsp;<\/p>\n<h3>C'est le nombre de mugs que vous recevrez<\/h3>\n<ul>\n<li>4x tasses \u00e0 espresso Sail (100 ml de volume buvable)<\/li>\n<li>2x Terrafina bo\u00eete cadeau<\/li>\n<\/ul>\n<p>&nbsp;<\/p>\n<p><em><strong>Durable pour les personnes et l'environnement<\/strong><br \/>\nChaque produit est unique car il est fabriqu\u00e9 \u00e0 la main.<br \/>\nL'impression et la texture peuvent donc diff\u00e9rer l\u00e9g\u00e8rement de la photo du produit.<\/em><\/p>","protected":false},"excerpt":{"rendered":"<div style=\"font-family: nunito sans; font-size: 14px; border: 1px solid #dedede; border-radius: 4px; padding: 15px 0 0 14px; margin-top: 20px; margin-bottom: 20px; width: 160px; box-shadow: 1px 1px 7px 0px rgb(0 0 0 \/ 15%), 0px 0px 2px 0px rgb(0 0 0 \/ 5%); color: #00b900;\">\n<p>Avec ce prix fixe, vous \u00e9conomisez <strong>\u20ac2,-<\/strong><\/p>\n<\/div>\n<div class=\"usps\"><i class=\"far fa-check-circle\"><\/i> R\u00e9sistant aux micro-ondes<br \/>\n<i class=\"far fa-check-circle\"><\/i> R\u00e9siste au four (jusqu'\u00e0 200 degr\u00e9s)<br \/>\n<i class=\"far fa-check-circle\"><\/i> Lavable au lave-vaisselle<br \/>\n<i class=\"far fa-thumbs-up\"><\/i> Fait \u00e0 la main<\/div>","protected":false},"featured_media":6255,"template":"","meta":[],"product_brand":[],"product_cat":[869,307,132,119,139],"product_tag":[784,371,659,638,626,130,124,123,632,224,783],"class_list":{"0":"post-6252","1":"product","2":"type-product","3":"status-publish","4":"has-post-thumbnail","6":"product_cat-unro-cadeautips","7":"product_cat-espresso-kopjes","8":"product_cat-kopjes-en-mokken","9":"product_cat-terrafina","10":"product_cat-sail","11":"product_tag-blauw-wit","12":"product_tag-espresso-kopje","13":"product_tag-espressokopjes","14":"product_tag-koffiekopjes","15":"product_tag-koffiemokken","16":"product_tag-mokken","17":"product_tag-sail","18":"product_tag-terrafina","19":"product_tag-theemokken","20":"product_tag-wit","21":"product_tag-wit-met-blauw","22":"product_shipping_class-pakket","24":"first","25":"instock","26":"sale","27":"taxable","28":"shipping-taxable","29":"purchasable","30":"product-type-simple"},"yoast_head":"<!-- This site is optimized with the Yoast SEO plugin v27.4 - https:\/\/yoast.com\/product\/yoast-seo-wordpress\/ -->\n<title>Witte Espresso Kopjes 100 ml Sail - 4-delig &#8226; UNRO<\/title>\n<meta name=\"description\" content=\"Begin jouw dag vol energie \u00e9n in stijl met deze t\u00e9 leuke handgemaakte witte espresso kopjes in wit met blauwe kleur combinatie.\" \/>\n<meta name=\"robots\" content=\"index, follow, max-snippet:-1, max-image-preview:large, max-video-preview:-1\" \/>\n<link rel=\"canonical\" href=\"https:\/\/unrostore.com\/fr-fr\/boutique\/terrafina\/voile\/tasses-a-expresso-blanches-voile-4-pieces\/\" \/>\n<meta property=\"og:locale\" content=\"fr_FR\" \/>\n<meta property=\"og:type\" content=\"article\" \/>\n<meta property=\"og:title\" content=\"Witte Espresso Kopjes 100 ml Sail - 4-delig &#8226; UNRO\" \/>\n<meta property=\"og:description\" content=\"Begin jouw dag vol energie \u00e9n in stijl met deze t\u00e9 leuke handgemaakte witte espresso kopjes in wit met blauwe kleur combinatie.\" \/>\n<meta property=\"og:url\" content=\"https:\/\/unrostore.com\/fr-fr\/boutique\/terrafina\/voile\/tasses-a-expresso-blanches-voile-4-pieces\/\" \/>\n<meta property=\"og:site_name\" content=\"UNRO\" \/>\n<meta property=\"article:modified_time\" content=\"2026-01-19T20:37:22+00:00\" \/>\n<meta property=\"og:image\" content=\"https:\/\/unrostore.com\/wp-content\/uploads\/2023\/11\/unro-witte-espresso-kopjes-set-van-4.webp\" \/>\n\t<meta property=\"og:image:width\" content=\"1000\" \/>\n\t<meta property=\"og:image:height\" content=\"1000\" \/>\n\t<meta property=\"og:image:type\" content=\"image\/webp\" \/>\n<meta name=\"twitter:card\" content=\"summary_large_image\" \/>\n<script type=\"application\/ld+json\" class=\"yoast-schema-graph\">{\"@context\":\"https:\\\/\\\/schema.org\",\"@graph\":[{\"@type\":\"WebPage\",\"@id\":\"https:\\\/\\\/unrostore.com\\\/shop\\\/terrafina\\\/sail\\\/witte-espresso-kopjes-sail-4-delig\\\/\",\"url\":\"https:\\\/\\\/unrostore.com\\\/shop\\\/terrafina\\\/sail\\\/witte-espresso-kopjes-sail-4-delig\\\/\",\"name\":\"Witte Espresso Kopjes 100 ml Sail - 4-delig &#8226; UNRO\",\"isPartOf\":{\"@id\":\"https:\\\/\\\/unrostore.com\\\/#website\"},\"primaryImageOfPage\":{\"@id\":\"https:\\\/\\\/unrostore.com\\\/shop\\\/terrafina\\\/sail\\\/witte-espresso-kopjes-sail-4-delig\\\/#primaryimage\"},\"image\":{\"@id\":\"https:\\\/\\\/unrostore.com\\\/shop\\\/terrafina\\\/sail\\\/witte-espresso-kopjes-sail-4-delig\\\/#primaryimage\"},\"thumbnailUrl\":\"https:\\\/\\\/unrostore.com\\\/wp-content\\\/uploads\\\/2023\\\/11\\\/unro-witte-espresso-kopjes-set-van-4.webp\",\"datePublished\":\"2023-11-04T11:44:38+00:00\",\"dateModified\":\"2026-01-19T20:37:22+00:00\",\"description\":\"Begin jouw dag vol energie \u00e9n in stijl met deze t\u00e9 leuke handgemaakte witte espresso kopjes in wit met blauwe kleur combinatie.\",\"breadcrumb\":{\"@id\":\"https:\\\/\\\/unrostore.com\\\/shop\\\/terrafina\\\/sail\\\/witte-espresso-kopjes-sail-4-delig\\\/#breadcrumb\"},\"inLanguage\":\"fr-FR\",\"potentialAction\":[{\"@type\":\"ReadAction\",\"target\":[\"https:\\\/\\\/unrostore.com\\\/shop\\\/terrafina\\\/sail\\\/witte-espresso-kopjes-sail-4-delig\\\/\"]}]},{\"@type\":\"ImageObject\",\"inLanguage\":\"fr-FR\",\"@id\":\"https:\\\/\\\/unrostore.com\\\/shop\\\/terrafina\\\/sail\\\/witte-espresso-kopjes-sail-4-delig\\\/#primaryimage\",\"url\":\"https:\\\/\\\/unrostore.com\\\/wp-content\\\/uploads\\\/2023\\\/11\\\/unro-witte-espresso-kopjes-set-van-4.webp\",\"contentUrl\":\"https:\\\/\\\/unrostore.com\\\/wp-content\\\/uploads\\\/2023\\\/11\\\/unro-witte-espresso-kopjes-set-van-4.webp\",\"width\":1000,\"height\":1000,\"caption\":\"witte espresso kopjes\"},{\"@type\":\"BreadcrumbList\",\"@id\":\"https:\\\/\\\/unrostore.com\\\/shop\\\/terrafina\\\/sail\\\/witte-espresso-kopjes-sail-4-delig\\\/#breadcrumb\",\"itemListElement\":[{\"@type\":\"ListItem\",\"position\":1,\"name\":\"Home\",\"item\":\"https:\\\/\\\/unrostore.com\\\/\"},{\"@type\":\"ListItem\",\"position\":2,\"name\":\"Shop\",\"item\":\"https:\\\/\\\/unrostore.com\\\/shop\\\/\"},{\"@type\":\"ListItem\",\"position\":3,\"name\":\"Witte Espresso Kopjes 100 ml Sail &#8211; 4-delig\"}]},{\"@type\":\"WebSite\",\"@id\":\"https:\\\/\\\/unrostore.com\\\/#website\",\"url\":\"https:\\\/\\\/unrostore.com\\\/\",\"name\":\"UNRO\",\"description\":\"Portugees servies waar je blij van wordt!\",\"publisher\":{\"@id\":\"https:\\\/\\\/unrostore.com\\\/#organization\"},\"potentialAction\":[{\"@type\":\"SearchAction\",\"target\":{\"@type\":\"EntryPoint\",\"urlTemplate\":\"https:\\\/\\\/unrostore.com\\\/?s={search_term_string}\"},\"query-input\":{\"@type\":\"PropertyValueSpecification\",\"valueRequired\":true,\"valueName\":\"search_term_string\"}}],\"inLanguage\":\"fr-FR\"},{\"@type\":\"Organization\",\"@id\":\"https:\\\/\\\/unrostore.com\\\/#organization\",\"name\":\"UNRO\",\"url\":\"https:\\\/\\\/unrostore.com\\\/\",\"logo\":{\"@type\":\"ImageObject\",\"inLanguage\":\"fr-FR\",\"@id\":\"https:\\\/\\\/unrostore.com\\\/#\\\/schema\\\/logo\\\/image\\\/\",\"url\":\"https:\\\/\\\/unrostore.com\\\/wp-content\\\/uploads\\\/2022\\\/05\\\/Logo-UNRO.png\",\"contentUrl\":\"https:\\\/\\\/unrostore.com\\\/wp-content\\\/uploads\\\/2022\\\/05\\\/Logo-UNRO.png\",\"width\":605,\"height\":179,\"caption\":\"UNRO\"},\"image\":{\"@id\":\"https:\\\/\\\/unrostore.com\\\/#\\\/schema\\\/logo\\\/image\\\/\"}}]}<\/script>\n<!-- \/ Yoast SEO plugin. -->","yoast_head_json":{"title":"Tasses \u00e0 espresso blanches 100 ml Sail - 4 pi\u00e8ces - UNRO","description":"Commencez votre journ\u00e9e plein d'\u00e9nergie et avec style gr\u00e2ce \u00e0 ces superbes tasses \u00e0 expresso blanches faites \u00e0 la main dans une combinaison de couleurs blanches et bleues.","robots":{"index":"index","follow":"follow","max-snippet":"max-snippet:-1","max-image-preview":"max-image-preview:large","max-video-preview":"max-video-preview:-1"},"canonical":"https:\/\/unrostore.com\/fr-fr\/boutique\/terrafina\/voile\/tasses-a-expresso-blanches-voile-4-pieces\/","og_locale":"fr_FR","og_type":"article","og_title":"Witte Espresso Kopjes 100 ml Sail - 4-delig &#8226; UNRO","og_description":"Begin jouw dag vol energie \u00e9n in stijl met deze t\u00e9 leuke handgemaakte witte espresso kopjes in wit met blauwe kleur combinatie.","og_url":"https:\/\/unrostore.com\/fr-fr\/boutique\/terrafina\/voile\/tasses-a-expresso-blanches-voile-4-pieces\/","og_site_name":"UNRO","article_modified_time":"2026-01-19T20:37:22+00:00","og_image":[{"width":1000,"height":1000,"url":"https:\/\/unrostore.com\/wp-content\/uploads\/2023\/11\/unro-witte-espresso-kopjes-set-van-4.webp","type":"image\/webp"}],"twitter_card":"summary_large_image","schema":{"@context":"https:\/\/schema.org","@graph":[{"@type":"WebPage","@id":"https:\/\/unrostore.com\/shop\/terrafina\/sail\/witte-espresso-kopjes-sail-4-delig\/","url":"https:\/\/unrostore.com\/shop\/terrafina\/sail\/witte-espresso-kopjes-sail-4-delig\/","name":"Tasses \u00e0 espresso blanches 100 ml Sail - 4 pi\u00e8ces - UNRO","isPartOf":{"@id":"https:\/\/unrostore.com\/#website"},"primaryImageOfPage":{"@id":"https:\/\/unrostore.com\/shop\/terrafina\/sail\/witte-espresso-kopjes-sail-4-delig\/#primaryimage"},"image":{"@id":"https:\/\/unrostore.com\/shop\/terrafina\/sail\/witte-espresso-kopjes-sail-4-delig\/#primaryimage"},"thumbnailUrl":"https:\/\/unrostore.com\/wp-content\/uploads\/2023\/11\/unro-witte-espresso-kopjes-set-van-4.webp","datePublished":"2023-11-04T11:44:38+00:00","dateModified":"2026-01-19T20:37:22+00:00","description":"Commencez votre journ\u00e9e plein d'\u00e9nergie et avec style gr\u00e2ce \u00e0 ces superbes tasses \u00e0 expresso blanches faites \u00e0 la main dans une combinaison de couleurs blanches et bleues.","breadcrumb":{"@id":"https:\/\/unrostore.com\/shop\/terrafina\/sail\/witte-espresso-kopjes-sail-4-delig\/#breadcrumb"},"inLanguage":"fr-FR","potentialAction":[{"@type":"ReadAction","target":["https:\/\/unrostore.com\/shop\/terrafina\/sail\/witte-espresso-kopjes-sail-4-delig\/"]}]},{"@type":"ImageObject","inLanguage":"fr-FR","@id":"https:\/\/unrostore.com\/shop\/terrafina\/sail\/witte-espresso-kopjes-sail-4-delig\/#primaryimage","url":"https:\/\/unrostore.com\/wp-content\/uploads\/2023\/11\/unro-witte-espresso-kopjes-set-van-4.webp","contentUrl":"https:\/\/unrostore.com\/wp-content\/uploads\/2023\/11\/unro-witte-espresso-kopjes-set-van-4.webp","width":1000,"height":1000,"caption":"witte espresso kopjes"},{"@type":"BreadcrumbList","@id":"https:\/\/unrostore.com\/shop\/terrafina\/sail\/witte-espresso-kopjes-sail-4-delig\/#breadcrumb","itemListElement":[{"@type":"ListItem","position":1,"name":"Home","item":"https:\/\/unrostore.com\/"},{"@type":"ListItem","position":2,"name":"Shop","item":"https:\/\/unrostore.com\/shop\/"},{"@type":"ListItem","position":3,"name":"Witte Espresso Kopjes 100 ml Sail &#8211; 4-delig"}]},{"@type":"WebSite","@id":"https:\/\/unrostore.com\/#website","url":"https:\/\/unrostore.com\/","name":"UNRO","description":"De la vaisselle portugaise qui vous rendra heureux !","publisher":{"@id":"https:\/\/unrostore.com\/#organization"},"potentialAction":[{"@type":"SearchAction","target":{"@type":"EntryPoint","urlTemplate":"https:\/\/unrostore.com\/?s={search_term_string}"},"query-input":{"@type":"PropertyValueSpecification","valueRequired":true,"valueName":"search_term_string"}}],"inLanguage":"fr-FR"},{"@type":"Organization","@id":"https:\/\/unrostore.com\/#organization","name":"UNRO","url":"https:\/\/unrostore.com\/","logo":{"@type":"ImageObject","inLanguage":"fr-FR","@id":"https:\/\/unrostore.com\/#\/schema\/logo\/image\/","url":"https:\/\/unrostore.com\/wp-content\/uploads\/2022\/05\/Logo-UNRO.png","contentUrl":"https:\/\/unrostore.com\/wp-content\/uploads\/2022\/05\/Logo-UNRO.png","width":605,"height":179,"caption":"UNRO"},"image":{"@id":"https:\/\/unrostore.com\/#\/schema\/logo\/image\/"}}]}},"_links":{"self":[{"href":"https:\/\/unrostore.com\/fr-fr\/wp-json\/wp\/v2\/product\/6252","targetHints":{"allow":["GET"]}}],"collection":[{"href":"https:\/\/unrostore.com\/fr-fr\/wp-json\/wp\/v2\/product"}],"about":[{"href":"https:\/\/unrostore.com\/fr-fr\/wp-json\/wp\/v2\/types\/product"}],"wp:featuredmedia":[{"embeddable":true,"href":"https:\/\/unrostore.com\/fr-fr\/wp-json\/wp\/v2\/media\/6255"}],"wp:attachment":[{"href":"https:\/\/unrostore.com\/fr-fr\/wp-json\/wp\/v2\/media?parent=6252"}],"wp:term":[{"taxonomy":"product_brand","embeddable":true,"href":"https:\/\/unrostore.com\/fr-fr\/wp-json\/wp\/v2\/product_brand?post=6252"},{"taxonomy":"product_cat","embeddable":true,"href":"https:\/\/unrostore.com\/fr-fr\/wp-json\/wp\/v2\/product_cat?post=6252"},{"taxonomy":"product_tag","embeddable":true,"href":"https:\/\/unrostore.com\/fr-fr\/wp-json\/wp\/v2\/product_tag?post=6252"}],"curies":[{"name":"wp","href":"https:\/\/api.w.org\/{rel}","templated":true}]}}