{"id":6245,"date":"2023-11-04T11:13:07","date_gmt":"2023-11-04T11:13:07","guid":{"rendered":"https:\/\/unrostore.com\/?post_type=product&#038;p=6245"},"modified":"2026-01-19T20:37:22","modified_gmt":"2026-01-19T20:37:22","slug":"tasses-a-the-blanches-voile-4-pieces","status":"publish","type":"product","link":"https:\/\/unrostore.com\/fr-fr\/boutique\/terrafina\/voile\/tasses-a-the-blanches-voile-4-pieces\/","title":{"rendered":"Tasses \u00e0 th\u00e9 blanc 450 ml Sail - 4 pi\u00e8ces"},"content":{"rendered":"<h3>Appr\u00e9ciez votre th\u00e9 et votre caf\u00e9 tous les jours avec le set de 4 grandes tasses \u00e0 th\u00e9 blanches<\/h3>\n<p>Les mugs extra-larges set de 4 mugs extra-larges <strong>tasses \u00e0 th\u00e9 blanc<\/strong> du portugais <a href=\"https:\/\/www.terrafinastore.com\/en\/collections\/sail\">Terrafina<\/a> est parfait pour votre caf\u00e9 ou votre th\u00e9 quotidien, mais aussi pour le th\u00e9 ou le caf\u00e9 et le g\u00e2teau. Associez donc ces grandes tasses faites \u00e0 la main avec l'objet assorti. <a href=\"https:\/\/unrostore.com\/fr-fr\/boutique\/terrafina\/voile\/gebaksbordjes-wit-sail-4-delig\/\">assiettes \u00e0 g\u00e2teaux blanches<\/a>. En outre, ce set de 4 grandes tasses constitue un tr\u00e8s beau cadeau lors d'une pendaison de cr\u00e9maill\u00e8re, d'un anniversaire ou comme cadeau de No\u00ebl. Pour les amateurs d'espresso, nous proposons \u00e9galement ces mugs dans une variante plus petite, la <a href=\"https:\/\/unrostore.com\/fr-fr\/boutique\/terrafina\/voile\/sail-kleine-mokken-2-delig\/\">Tasses \u00e0 espresso Sail - 2 pi\u00e8ces<\/a> et la variante interm\u00e9diaire, le <a href=\"https:\/\/unrostore.com\/fr-fr\/boutique\/terrafina\/voile\/witte-koffiemokken-groot-sail\/\">grandes tasses \u00e0 caf\u00e9 blanches<\/a> sans oreille qui sont \u00e9galement parfaits pour votre latte macchiato ou chai latte.<\/p>\n<p>&nbsp;<\/p>\n<h3>C'est le nombre de mugs que vous recevrez<\/h3>\n<ul>\n<li>4x Tasses \u00e0 th\u00e9 Sail (capacit\u00e9 de 450ml)<\/li>\n<li>2x Terrafina bo\u00eete cadeau<\/li>\n<\/ul>\n<p>&nbsp;<\/p>\n<p><em><strong>Durable pour les personnes et l'environnement<\/strong><br \/>\nChaque produit est unique car il est fabriqu\u00e9 \u00e0 la main.<br \/>\nL'impression et la texture peuvent donc diff\u00e9rer l\u00e9g\u00e8rement de la photo du produit.<\/em><\/p>","protected":false},"excerpt":{"rendered":"<div style=\"font-family: nunito sans; font-size: 14px; border: 1px solid #dedede; border-radius: 4px; padding: 15px 0 0 14px; margin-top: 20px; margin-bottom: 20px; width: 160px; box-shadow: 1px 1px 7px 0px rgb(0 0 0 \/ 15%), 0px 0px 2px 0px rgb(0 0 0 \/ 5%); color: #00b900;\">\n<p>Avec ce prix fixe, vous \u00e9conomisez <strong>\u20ac4,-<\/strong><\/p>\n<\/div>\n<div class=\"usps\"><i class=\"far fa-check-circle\"><\/i> R\u00e9sistant aux micro-ondes<br \/>\n<i class=\"far fa-check-circle\"><\/i> R\u00e9siste au four (jusqu'\u00e0 200 degr\u00e9s)<br \/>\n<i class=\"far fa-check-circle\"><\/i> Lavable au lave-vaisselle<br \/>\n<i class=\"far fa-thumbs-up\"><\/i> Fait \u00e0 la main<\/div>","protected":false},"featured_media":6247,"template":"","meta":[],"product_brand":[],"product_cat":[316,132,119,139],"product_tag":[784,280,309,634,639,638,626,633,114,130,124,123,637,632,224,783],"class_list":{"0":"post-6245","1":"product","2":"type-product","3":"status-publish","4":"has-post-thumbnail","6":"product_cat-cappuccino-mokken","7":"product_cat-kopjes-en-mokken","8":"product_cat-terrafina","9":"product_cat-sail","10":"product_tag-blauw-wit","11":"product_tag-cappuccino","12":"product_tag-cappuccino-mokken","13":"product_tag-chai-latte","14":"product_tag-grote-mokken","15":"product_tag-koffiekopjes","16":"product_tag-koffiemokken","17":"product_tag-latte-macchiato","18":"product_tag-mok","19":"product_tag-mokken","20":"product_tag-sail","21":"product_tag-terrafina","22":"product_tag-theekopjes","23":"product_tag-theemokken","24":"product_tag-wit","25":"product_tag-wit-met-blauw","26":"product_shipping_class-pakket","28":"first","29":"instock","30":"sale","31":"taxable","32":"shipping-taxable","33":"purchasable","34":"product-type-simple"},"yoast_head":"<!-- This site is optimized with the Yoast SEO plugin v27.4 - https:\/\/yoast.com\/product\/yoast-seo-wordpress\/ -->\n<title>Witte Theemokken 450 ml Sail - 4-delig &#8226; UNRO<\/title>\n<meta name=\"description\" content=\"Geniet dagelijks van jouw koffie of thee met deze witte theemokken set van 4 grote koffie mokken. Ook erg leuk als kerst cadeau voor hem en haar!\" \/>\n<meta name=\"robots\" content=\"index, follow, max-snippet:-1, max-image-preview:large, max-video-preview:-1\" \/>\n<link rel=\"canonical\" href=\"https:\/\/unrostore.com\/fr-fr\/boutique\/terrafina\/voile\/tasses-a-the-blanches-voile-4-pieces\/\" \/>\n<meta property=\"og:locale\" content=\"fr_FR\" \/>\n<meta property=\"og:type\" content=\"article\" \/>\n<meta property=\"og:title\" content=\"Witte Theemokken 450 ml Sail - 4-delig &#8226; UNRO\" \/>\n<meta property=\"og:description\" content=\"Geniet dagelijks van jouw koffie of thee met deze witte theemokken set van 4 grote koffie mokken. Ook erg leuk als kerst cadeau voor hem en haar!\" \/>\n<meta property=\"og:url\" content=\"https:\/\/unrostore.com\/fr-fr\/boutique\/terrafina\/voile\/tasses-a-the-blanches-voile-4-pieces\/\" \/>\n<meta property=\"og:site_name\" content=\"UNRO\" \/>\n<meta property=\"article:modified_time\" content=\"2026-01-19T20:37:22+00:00\" \/>\n<meta property=\"og:image\" content=\"https:\/\/unrostore.com\/wp-content\/uploads\/2023\/11\/unro-witte-cappuccino-mokken-set-van-4.webp\" \/>\n\t<meta property=\"og:image:width\" content=\"1000\" \/>\n\t<meta property=\"og:image:height\" content=\"1000\" \/>\n\t<meta property=\"og:image:type\" content=\"image\/webp\" \/>\n<meta name=\"twitter:card\" content=\"summary_large_image\" \/>\n<script type=\"application\/ld+json\" class=\"yoast-schema-graph\">{\"@context\":\"https:\\\/\\\/schema.org\",\"@graph\":[{\"@type\":\"WebPage\",\"@id\":\"https:\\\/\\\/unrostore.com\\\/shop\\\/terrafina\\\/sail\\\/witte-theemokken-sail-4-delig\\\/\",\"url\":\"https:\\\/\\\/unrostore.com\\\/shop\\\/terrafina\\\/sail\\\/witte-theemokken-sail-4-delig\\\/\",\"name\":\"Witte Theemokken 450 ml Sail - 4-delig &#8226; UNRO\",\"isPartOf\":{\"@id\":\"https:\\\/\\\/unrostore.com\\\/#website\"},\"primaryImageOfPage\":{\"@id\":\"https:\\\/\\\/unrostore.com\\\/shop\\\/terrafina\\\/sail\\\/witte-theemokken-sail-4-delig\\\/#primaryimage\"},\"image\":{\"@id\":\"https:\\\/\\\/unrostore.com\\\/shop\\\/terrafina\\\/sail\\\/witte-theemokken-sail-4-delig\\\/#primaryimage\"},\"thumbnailUrl\":\"https:\\\/\\\/unrostore.com\\\/wp-content\\\/uploads\\\/2023\\\/11\\\/unro-witte-cappuccino-mokken-set-van-4.webp\",\"datePublished\":\"2023-11-04T11:13:07+00:00\",\"dateModified\":\"2026-01-19T20:37:22+00:00\",\"description\":\"Geniet dagelijks van jouw koffie of thee met deze witte theemokken set van 4 grote koffie mokken. Ook erg leuk als kerst cadeau voor hem en haar!\",\"breadcrumb\":{\"@id\":\"https:\\\/\\\/unrostore.com\\\/shop\\\/terrafina\\\/sail\\\/witte-theemokken-sail-4-delig\\\/#breadcrumb\"},\"inLanguage\":\"fr-FR\",\"potentialAction\":[{\"@type\":\"ReadAction\",\"target\":[\"https:\\\/\\\/unrostore.com\\\/shop\\\/terrafina\\\/sail\\\/witte-theemokken-sail-4-delig\\\/\"]}]},{\"@type\":\"ImageObject\",\"inLanguage\":\"fr-FR\",\"@id\":\"https:\\\/\\\/unrostore.com\\\/shop\\\/terrafina\\\/sail\\\/witte-theemokken-sail-4-delig\\\/#primaryimage\",\"url\":\"https:\\\/\\\/unrostore.com\\\/wp-content\\\/uploads\\\/2023\\\/11\\\/unro-witte-cappuccino-mokken-set-van-4.webp\",\"contentUrl\":\"https:\\\/\\\/unrostore.com\\\/wp-content\\\/uploads\\\/2023\\\/11\\\/unro-witte-cappuccino-mokken-set-van-4.webp\",\"width\":1000,\"height\":1000,\"caption\":\"witte mokken set van 4\"},{\"@type\":\"BreadcrumbList\",\"@id\":\"https:\\\/\\\/unrostore.com\\\/shop\\\/terrafina\\\/sail\\\/witte-theemokken-sail-4-delig\\\/#breadcrumb\",\"itemListElement\":[{\"@type\":\"ListItem\",\"position\":1,\"name\":\"Home\",\"item\":\"https:\\\/\\\/unrostore.com\\\/\"},{\"@type\":\"ListItem\",\"position\":2,\"name\":\"Shop\",\"item\":\"https:\\\/\\\/unrostore.com\\\/shop\\\/\"},{\"@type\":\"ListItem\",\"position\":3,\"name\":\"Witte Theemokken 450 ml Sail &#8211; 4-delig\"}]},{\"@type\":\"WebSite\",\"@id\":\"https:\\\/\\\/unrostore.com\\\/#website\",\"url\":\"https:\\\/\\\/unrostore.com\\\/\",\"name\":\"UNRO\",\"description\":\"Portugees servies waar je blij van wordt!\",\"publisher\":{\"@id\":\"https:\\\/\\\/unrostore.com\\\/#organization\"},\"potentialAction\":[{\"@type\":\"SearchAction\",\"target\":{\"@type\":\"EntryPoint\",\"urlTemplate\":\"https:\\\/\\\/unrostore.com\\\/?s={search_term_string}\"},\"query-input\":{\"@type\":\"PropertyValueSpecification\",\"valueRequired\":true,\"valueName\":\"search_term_string\"}}],\"inLanguage\":\"fr-FR\"},{\"@type\":\"Organization\",\"@id\":\"https:\\\/\\\/unrostore.com\\\/#organization\",\"name\":\"UNRO\",\"url\":\"https:\\\/\\\/unrostore.com\\\/\",\"logo\":{\"@type\":\"ImageObject\",\"inLanguage\":\"fr-FR\",\"@id\":\"https:\\\/\\\/unrostore.com\\\/#\\\/schema\\\/logo\\\/image\\\/\",\"url\":\"https:\\\/\\\/unrostore.com\\\/wp-content\\\/uploads\\\/2022\\\/05\\\/Logo-UNRO.png\",\"contentUrl\":\"https:\\\/\\\/unrostore.com\\\/wp-content\\\/uploads\\\/2022\\\/05\\\/Logo-UNRO.png\",\"width\":605,\"height\":179,\"caption\":\"UNRO\"},\"image\":{\"@id\":\"https:\\\/\\\/unrostore.com\\\/#\\\/schema\\\/logo\\\/image\\\/\"}}]}<\/script>\n<!-- \/ Yoast SEO plugin. -->","yoast_head_json":{"title":"Tasses \u00e0 th\u00e9 blanc 450 ml Sail - 4 pi\u00e8ces - UNRO","description":"Appr\u00e9ciez votre caf\u00e9 ou votre th\u00e9 tous les jours avec ce set de 4 grandes tasses \u00e0 caf\u00e9. C'est aussi un tr\u00e8s beau cadeau de No\u00ebl pour lui et pour elle !","robots":{"index":"index","follow":"follow","max-snippet":"max-snippet:-1","max-image-preview":"max-image-preview:large","max-video-preview":"max-video-preview:-1"},"canonical":"https:\/\/unrostore.com\/fr-fr\/boutique\/terrafina\/voile\/tasses-a-the-blanches-voile-4-pieces\/","og_locale":"fr_FR","og_type":"article","og_title":"Witte Theemokken 450 ml Sail - 4-delig &#8226; UNRO","og_description":"Geniet dagelijks van jouw koffie of thee met deze witte theemokken set van 4 grote koffie mokken. Ook erg leuk als kerst cadeau voor hem en haar!","og_url":"https:\/\/unrostore.com\/fr-fr\/boutique\/terrafina\/voile\/tasses-a-the-blanches-voile-4-pieces\/","og_site_name":"UNRO","article_modified_time":"2026-01-19T20:37:22+00:00","og_image":[{"width":1000,"height":1000,"url":"https:\/\/unrostore.com\/wp-content\/uploads\/2023\/11\/unro-witte-cappuccino-mokken-set-van-4.webp","type":"image\/webp"}],"twitter_card":"summary_large_image","schema":{"@context":"https:\/\/schema.org","@graph":[{"@type":"WebPage","@id":"https:\/\/unrostore.com\/shop\/terrafina\/sail\/witte-theemokken-sail-4-delig\/","url":"https:\/\/unrostore.com\/shop\/terrafina\/sail\/witte-theemokken-sail-4-delig\/","name":"Tasses \u00e0 th\u00e9 blanc 450 ml Sail - 4 pi\u00e8ces - UNRO","isPartOf":{"@id":"https:\/\/unrostore.com\/#website"},"primaryImageOfPage":{"@id":"https:\/\/unrostore.com\/shop\/terrafina\/sail\/witte-theemokken-sail-4-delig\/#primaryimage"},"image":{"@id":"https:\/\/unrostore.com\/shop\/terrafina\/sail\/witte-theemokken-sail-4-delig\/#primaryimage"},"thumbnailUrl":"https:\/\/unrostore.com\/wp-content\/uploads\/2023\/11\/unro-witte-cappuccino-mokken-set-van-4.webp","datePublished":"2023-11-04T11:13:07+00:00","dateModified":"2026-01-19T20:37:22+00:00","description":"Appr\u00e9ciez votre caf\u00e9 ou votre th\u00e9 tous les jours avec ce set de 4 grandes tasses \u00e0 caf\u00e9. C'est aussi un tr\u00e8s beau cadeau de No\u00ebl pour lui et pour elle !","breadcrumb":{"@id":"https:\/\/unrostore.com\/shop\/terrafina\/sail\/witte-theemokken-sail-4-delig\/#breadcrumb"},"inLanguage":"fr-FR","potentialAction":[{"@type":"ReadAction","target":["https:\/\/unrostore.com\/shop\/terrafina\/sail\/witte-theemokken-sail-4-delig\/"]}]},{"@type":"ImageObject","inLanguage":"fr-FR","@id":"https:\/\/unrostore.com\/shop\/terrafina\/sail\/witte-theemokken-sail-4-delig\/#primaryimage","url":"https:\/\/unrostore.com\/wp-content\/uploads\/2023\/11\/unro-witte-cappuccino-mokken-set-van-4.webp","contentUrl":"https:\/\/unrostore.com\/wp-content\/uploads\/2023\/11\/unro-witte-cappuccino-mokken-set-van-4.webp","width":1000,"height":1000,"caption":"witte mokken set van 4"},{"@type":"BreadcrumbList","@id":"https:\/\/unrostore.com\/shop\/terrafina\/sail\/witte-theemokken-sail-4-delig\/#breadcrumb","itemListElement":[{"@type":"ListItem","position":1,"name":"Home","item":"https:\/\/unrostore.com\/"},{"@type":"ListItem","position":2,"name":"Shop","item":"https:\/\/unrostore.com\/shop\/"},{"@type":"ListItem","position":3,"name":"Witte Theemokken 450 ml Sail &#8211; 4-delig"}]},{"@type":"WebSite","@id":"https:\/\/unrostore.com\/#website","url":"https:\/\/unrostore.com\/","name":"UNRO","description":"De la vaisselle portugaise qui vous rendra heureux !","publisher":{"@id":"https:\/\/unrostore.com\/#organization"},"potentialAction":[{"@type":"SearchAction","target":{"@type":"EntryPoint","urlTemplate":"https:\/\/unrostore.com\/?s={search_term_string}"},"query-input":{"@type":"PropertyValueSpecification","valueRequired":true,"valueName":"search_term_string"}}],"inLanguage":"fr-FR"},{"@type":"Organization","@id":"https:\/\/unrostore.com\/#organization","name":"UNRO","url":"https:\/\/unrostore.com\/","logo":{"@type":"ImageObject","inLanguage":"fr-FR","@id":"https:\/\/unrostore.com\/#\/schema\/logo\/image\/","url":"https:\/\/unrostore.com\/wp-content\/uploads\/2022\/05\/Logo-UNRO.png","contentUrl":"https:\/\/unrostore.com\/wp-content\/uploads\/2022\/05\/Logo-UNRO.png","width":605,"height":179,"caption":"UNRO"},"image":{"@id":"https:\/\/unrostore.com\/#\/schema\/logo\/image\/"}}]}},"_links":{"self":[{"href":"https:\/\/unrostore.com\/fr-fr\/wp-json\/wp\/v2\/product\/6245","targetHints":{"allow":["GET"]}}],"collection":[{"href":"https:\/\/unrostore.com\/fr-fr\/wp-json\/wp\/v2\/product"}],"about":[{"href":"https:\/\/unrostore.com\/fr-fr\/wp-json\/wp\/v2\/types\/product"}],"wp:featuredmedia":[{"embeddable":true,"href":"https:\/\/unrostore.com\/fr-fr\/wp-json\/wp\/v2\/media\/6247"}],"wp:attachment":[{"href":"https:\/\/unrostore.com\/fr-fr\/wp-json\/wp\/v2\/media?parent=6245"}],"wp:term":[{"taxonomy":"product_brand","embeddable":true,"href":"https:\/\/unrostore.com\/fr-fr\/wp-json\/wp\/v2\/product_brand?post=6245"},{"taxonomy":"product_cat","embeddable":true,"href":"https:\/\/unrostore.com\/fr-fr\/wp-json\/wp\/v2\/product_cat?post=6245"},{"taxonomy":"product_tag","embeddable":true,"href":"https:\/\/unrostore.com\/fr-fr\/wp-json\/wp\/v2\/product_tag?post=6245"}],"curies":[{"name":"wp","href":"https:\/\/api.w.org\/{rel}","templated":true}]}}