{"id":6242,"date":"2023-11-04T10:31:49","date_gmt":"2023-11-04T10:31:49","guid":{"rendered":"https:\/\/unrostore.com\/?post_type=product&#038;p=6242"},"modified":"2026-01-19T20:37:22","modified_gmt":"2026-01-19T20:37:22","slug":"les-bols-blancs-prennent-le-large","status":"publish","type":"product","link":"https:\/\/unrostore.com\/fr-fr\/boutique\/terrafina\/voile\/les-bols-blancs-prennent-le-large\/","title":{"rendered":"Set de bols blancs - Sail"},"content":{"rendered":"<h3>Le set de bols blancs id\u00e9al pour votre vaisselle<\/h3>\n<p>Ces trois\u00a0<strong>vaisselle blanche<\/strong> set de la marque portugaise <a href=\"https:\/\/www.terrafinastore.com\/en\/collections\/sail\">Terrafina<\/a> Chaque bol a sa propre taille, ce qui en fait l'ensemble id\u00e9al pour tous vos besoins en mati\u00e8re de cuisine.<span style=\"font-weight: 400;\">. Ces bols de service blancs sont \u00e9galement pratiques comme bol \u00e0 fruits blanc, bol \u00e0 salade ou bol \u00e0 l\u00e9gumes. Les bols ovales et les bols ronds blancs ne sont pas seulement pratiques, ils sont aussi tr\u00e8s jolis et uniques gr\u00e2ce \u00e0 la magnifique combinaison des couleurs blanche et bleue. Cr\u00e9ez votre <a href=\"https:\/\/unrostore.com\/fr-fr\/boutique\/terrafina\/voile\/vaisselle-blanche-16-pieces-avec-assiettes-a-pates-et-bols-voile\/\">Service de table Sail<\/a> Compl\u00e9tez avec cette coupe \u00e0 fruits ronde et ces plateaux ovales et cr\u00e9ez les plus beaux repas sur la table \u00e0 l'heure du d\u00eener !<\/span><\/p>\n<p>&nbsp;<\/p>\n<h3>C'est le nombre de plats de service qui vous seront fournis<\/h3>\n<ul>\n<li>1x Coupe \u00e0 fruits (\u00f8 26 cm)<\/li>\n<li>1x Grand plat de service (42 cm de long)<\/li>\n<li>1x plat de service moyen (34 cm de long)<\/li>\n<li>2x Terrafina bo\u00eete cadeau<\/li>\n<\/ul>\n<p>&nbsp;<\/p>\n<p><em><strong>Durable pour les personnes et l'environnement :<\/strong><br \/>\nChaque produit est unique car il est fabriqu\u00e9 \u00e0 la main.<br \/>\nL'impression et la texture peuvent donc diff\u00e9rer l\u00e9g\u00e8rement de la photo du produit.<\/em><\/p>","protected":false},"excerpt":{"rendered":"<div style=\"font-family: nunito sans; font-size: 14px; border: 1px solid #dedede; border-radius: 4px; padding: 15px 0 0 14px; margin-top: 20px; margin-bottom: 20px; width: 160px; box-shadow: 1px 1px 7px 0px rgb(0 0 0 \/ 15%), 0px 0px 2px 0px rgb(0 0 0 \/ 5%); color: #00b900;\">\n<p>Avec le prix fixe, vous \u00e9conomisez <strong>\u20ac4,-<\/strong><\/p>\n<\/div>\n<div class=\"usps\"><i class=\"far fa-check-circle\"><\/i> R\u00e9sistant aux micro-ondes<br \/>\n<i class=\"far fa-check-circle\"><\/i> R\u00e9siste au four (jusqu'\u00e0 200 degr\u00e9s)<br \/>\n<i class=\"far fa-check-circle\"><\/i> Lavable au lave-vaisselle<br \/>\n<i class=\"far fa-thumbs-up\"><\/i> Fait \u00e0 la main<\/div>","protected":false},"featured_media":6243,"template":"","meta":[],"product_brand":[],"product_cat":[657,138,119,139],"product_tag":[253,601,260,866,124,191,252,334,148,149,303,123],"class_list":{"0":"post-6242","1":"product","2":"type-product","3":"status-publish","4":"has-post-thumbnail","6":"product_cat-fruitschalen-en-saladeschalen","7":"product_cat-serveerschalen","8":"product_cat-terrafina","9":"product_cat-sail","10":"product_tag-fruitschaal","11":"product_tag-hapjesschaal","12":"product_tag-ovaal","13":"product_tag-ronde","14":"product_tag-sail","15":"product_tag-sail-serveerschaal","16":"product_tag-schaal","17":"product_tag-schalen","18":"product_tag-serveerschaal","19":"product_tag-serveerschalen","20":"product_tag-serveren","21":"product_tag-terrafina","22":"product_shipping_class-pakket","24":"first","25":"outofstock","26":"sale","27":"taxable","28":"shipping-taxable","29":"purchasable","30":"product-type-simple"},"yoast_head":"<!-- This site is optimized with the Yoast SEO plugin v27.4 - https:\/\/yoast.com\/product\/yoast-seo-wordpress\/ -->\n<title>Witte Schalen Set - Sail &#8226; Terrafina &#8226; UNRO<\/title>\n<meta name=\"description\" content=\"Deze ovale en ronde grote witte schalen maken jouw servies set helemaal compleet. Serveer jouw gerechten in deze prachtige schalen!\" \/>\n<meta name=\"robots\" content=\"index, follow, max-snippet:-1, max-image-preview:large, max-video-preview:-1\" \/>\n<link rel=\"canonical\" href=\"https:\/\/unrostore.com\/fr-fr\/boutique\/terrafina\/voile\/les-bols-blancs-prennent-le-large\/\" \/>\n<meta property=\"og:locale\" content=\"fr_FR\" \/>\n<meta property=\"og:type\" content=\"article\" \/>\n<meta property=\"og:title\" content=\"Witte Schalen Set - Sail &#8226; Terrafina &#8226; UNRO\" \/>\n<meta property=\"og:description\" content=\"Deze ovale en ronde grote witte schalen maken jouw servies set helemaal compleet. Serveer jouw gerechten in deze prachtige schalen!\" \/>\n<meta property=\"og:url\" content=\"https:\/\/unrostore.com\/fr-fr\/boutique\/terrafina\/voile\/les-bols-blancs-prennent-le-large\/\" \/>\n<meta property=\"og:site_name\" content=\"UNRO\" \/>\n<meta property=\"article:modified_time\" content=\"2026-01-19T20:37:22+00:00\" \/>\n<meta property=\"og:image\" content=\"https:\/\/unrostore.com\/wp-content\/uploads\/2023\/11\/unro-portugees-servies-wit-met-blauwe-schalen.webp\" \/>\n\t<meta property=\"og:image:width\" content=\"1000\" \/>\n\t<meta property=\"og:image:height\" content=\"1000\" \/>\n\t<meta property=\"og:image:type\" content=\"image\/webp\" \/>\n<meta name=\"twitter:card\" content=\"summary_large_image\" \/>\n<script type=\"application\/ld+json\" class=\"yoast-schema-graph\">{\"@context\":\"https:\\\/\\\/schema.org\",\"@graph\":[{\"@type\":\"WebPage\",\"@id\":\"https:\\\/\\\/unrostore.com\\\/shop\\\/terrafina\\\/sail\\\/witte-schalen-set-sail\\\/\",\"url\":\"https:\\\/\\\/unrostore.com\\\/shop\\\/terrafina\\\/sail\\\/witte-schalen-set-sail\\\/\",\"name\":\"Witte Schalen Set - Sail &#8226; Terrafina &#8226; UNRO\",\"isPartOf\":{\"@id\":\"https:\\\/\\\/unrostore.com\\\/#website\"},\"primaryImageOfPage\":{\"@id\":\"https:\\\/\\\/unrostore.com\\\/shop\\\/terrafina\\\/sail\\\/witte-schalen-set-sail\\\/#primaryimage\"},\"image\":{\"@id\":\"https:\\\/\\\/unrostore.com\\\/shop\\\/terrafina\\\/sail\\\/witte-schalen-set-sail\\\/#primaryimage\"},\"thumbnailUrl\":\"https:\\\/\\\/unrostore.com\\\/wp-content\\\/uploads\\\/2023\\\/11\\\/unro-portugees-servies-wit-met-blauwe-schalen.webp\",\"datePublished\":\"2023-11-04T10:31:49+00:00\",\"dateModified\":\"2026-01-19T20:37:22+00:00\",\"description\":\"Deze ovale en ronde grote witte schalen maken jouw servies set helemaal compleet. Serveer jouw gerechten in deze prachtige schalen!\",\"breadcrumb\":{\"@id\":\"https:\\\/\\\/unrostore.com\\\/shop\\\/terrafina\\\/sail\\\/witte-schalen-set-sail\\\/#breadcrumb\"},\"inLanguage\":\"fr-FR\",\"potentialAction\":[{\"@type\":\"ReadAction\",\"target\":[\"https:\\\/\\\/unrostore.com\\\/shop\\\/terrafina\\\/sail\\\/witte-schalen-set-sail\\\/\"]}]},{\"@type\":\"ImageObject\",\"inLanguage\":\"fr-FR\",\"@id\":\"https:\\\/\\\/unrostore.com\\\/shop\\\/terrafina\\\/sail\\\/witte-schalen-set-sail\\\/#primaryimage\",\"url\":\"https:\\\/\\\/unrostore.com\\\/wp-content\\\/uploads\\\/2023\\\/11\\\/unro-portugees-servies-wit-met-blauwe-schalen.webp\",\"contentUrl\":\"https:\\\/\\\/unrostore.com\\\/wp-content\\\/uploads\\\/2023\\\/11\\\/unro-portugees-servies-wit-met-blauwe-schalen.webp\",\"width\":1000,\"height\":1000,\"caption\":\"witte schalen\"},{\"@type\":\"BreadcrumbList\",\"@id\":\"https:\\\/\\\/unrostore.com\\\/shop\\\/terrafina\\\/sail\\\/witte-schalen-set-sail\\\/#breadcrumb\",\"itemListElement\":[{\"@type\":\"ListItem\",\"position\":1,\"name\":\"Home\",\"item\":\"https:\\\/\\\/unrostore.com\\\/\"},{\"@type\":\"ListItem\",\"position\":2,\"name\":\"Shop\",\"item\":\"https:\\\/\\\/unrostore.com\\\/shop\\\/\"},{\"@type\":\"ListItem\",\"position\":3,\"name\":\"Witte Schalen Set &#8211; Sail\"}]},{\"@type\":\"WebSite\",\"@id\":\"https:\\\/\\\/unrostore.com\\\/#website\",\"url\":\"https:\\\/\\\/unrostore.com\\\/\",\"name\":\"UNRO\",\"description\":\"Portugees servies waar je blij van wordt!\",\"publisher\":{\"@id\":\"https:\\\/\\\/unrostore.com\\\/#organization\"},\"potentialAction\":[{\"@type\":\"SearchAction\",\"target\":{\"@type\":\"EntryPoint\",\"urlTemplate\":\"https:\\\/\\\/unrostore.com\\\/?s={search_term_string}\"},\"query-input\":{\"@type\":\"PropertyValueSpecification\",\"valueRequired\":true,\"valueName\":\"search_term_string\"}}],\"inLanguage\":\"fr-FR\"},{\"@type\":\"Organization\",\"@id\":\"https:\\\/\\\/unrostore.com\\\/#organization\",\"name\":\"UNRO\",\"url\":\"https:\\\/\\\/unrostore.com\\\/\",\"logo\":{\"@type\":\"ImageObject\",\"inLanguage\":\"fr-FR\",\"@id\":\"https:\\\/\\\/unrostore.com\\\/#\\\/schema\\\/logo\\\/image\\\/\",\"url\":\"https:\\\/\\\/unrostore.com\\\/wp-content\\\/uploads\\\/2022\\\/05\\\/Logo-UNRO.png\",\"contentUrl\":\"https:\\\/\\\/unrostore.com\\\/wp-content\\\/uploads\\\/2022\\\/05\\\/Logo-UNRO.png\",\"width\":605,\"height\":179,\"caption\":\"UNRO\"},\"image\":{\"@id\":\"https:\\\/\\\/unrostore.com\\\/#\\\/schema\\\/logo\\\/image\\\/\"}}]}<\/script>\n<!-- \/ Yoast SEO plugin. -->","yoast_head_json":{"title":"Set de bols blancs - Sail - Terrafina - UNRO","description":"Ces grands bols blancs ovales et ronds compl\u00e8tent votre service de table. Servez vos plats dans ces magnifiques bols !","robots":{"index":"index","follow":"follow","max-snippet":"max-snippet:-1","max-image-preview":"max-image-preview:large","max-video-preview":"max-video-preview:-1"},"canonical":"https:\/\/unrostore.com\/fr-fr\/boutique\/terrafina\/voile\/les-bols-blancs-prennent-le-large\/","og_locale":"fr_FR","og_type":"article","og_title":"Witte Schalen Set - Sail &#8226; Terrafina &#8226; UNRO","og_description":"Deze ovale en ronde grote witte schalen maken jouw servies set helemaal compleet. Serveer jouw gerechten in deze prachtige schalen!","og_url":"https:\/\/unrostore.com\/fr-fr\/boutique\/terrafina\/voile\/les-bols-blancs-prennent-le-large\/","og_site_name":"UNRO","article_modified_time":"2026-01-19T20:37:22+00:00","og_image":[{"width":1000,"height":1000,"url":"https:\/\/unrostore.com\/wp-content\/uploads\/2023\/11\/unro-portugees-servies-wit-met-blauwe-schalen.webp","type":"image\/webp"}],"twitter_card":"summary_large_image","schema":{"@context":"https:\/\/schema.org","@graph":[{"@type":"WebPage","@id":"https:\/\/unrostore.com\/shop\/terrafina\/sail\/witte-schalen-set-sail\/","url":"https:\/\/unrostore.com\/shop\/terrafina\/sail\/witte-schalen-set-sail\/","name":"Set de bols blancs - Sail - Terrafina - UNRO","isPartOf":{"@id":"https:\/\/unrostore.com\/#website"},"primaryImageOfPage":{"@id":"https:\/\/unrostore.com\/shop\/terrafina\/sail\/witte-schalen-set-sail\/#primaryimage"},"image":{"@id":"https:\/\/unrostore.com\/shop\/terrafina\/sail\/witte-schalen-set-sail\/#primaryimage"},"thumbnailUrl":"https:\/\/unrostore.com\/wp-content\/uploads\/2023\/11\/unro-portugees-servies-wit-met-blauwe-schalen.webp","datePublished":"2023-11-04T10:31:49+00:00","dateModified":"2026-01-19T20:37:22+00:00","description":"Ces grands bols blancs ovales et ronds compl\u00e8tent votre service de table. Servez vos plats dans ces magnifiques bols !","breadcrumb":{"@id":"https:\/\/unrostore.com\/shop\/terrafina\/sail\/witte-schalen-set-sail\/#breadcrumb"},"inLanguage":"fr-FR","potentialAction":[{"@type":"ReadAction","target":["https:\/\/unrostore.com\/shop\/terrafina\/sail\/witte-schalen-set-sail\/"]}]},{"@type":"ImageObject","inLanguage":"fr-FR","@id":"https:\/\/unrostore.com\/shop\/terrafina\/sail\/witte-schalen-set-sail\/#primaryimage","url":"https:\/\/unrostore.com\/wp-content\/uploads\/2023\/11\/unro-portugees-servies-wit-met-blauwe-schalen.webp","contentUrl":"https:\/\/unrostore.com\/wp-content\/uploads\/2023\/11\/unro-portugees-servies-wit-met-blauwe-schalen.webp","width":1000,"height":1000,"caption":"witte schalen"},{"@type":"BreadcrumbList","@id":"https:\/\/unrostore.com\/shop\/terrafina\/sail\/witte-schalen-set-sail\/#breadcrumb","itemListElement":[{"@type":"ListItem","position":1,"name":"Home","item":"https:\/\/unrostore.com\/"},{"@type":"ListItem","position":2,"name":"Shop","item":"https:\/\/unrostore.com\/shop\/"},{"@type":"ListItem","position":3,"name":"Witte Schalen Set &#8211; Sail"}]},{"@type":"WebSite","@id":"https:\/\/unrostore.com\/#website","url":"https:\/\/unrostore.com\/","name":"UNRO","description":"De la vaisselle portugaise qui vous rendra heureux !","publisher":{"@id":"https:\/\/unrostore.com\/#organization"},"potentialAction":[{"@type":"SearchAction","target":{"@type":"EntryPoint","urlTemplate":"https:\/\/unrostore.com\/?s={search_term_string}"},"query-input":{"@type":"PropertyValueSpecification","valueRequired":true,"valueName":"search_term_string"}}],"inLanguage":"fr-FR"},{"@type":"Organization","@id":"https:\/\/unrostore.com\/#organization","name":"UNRO","url":"https:\/\/unrostore.com\/","logo":{"@type":"ImageObject","inLanguage":"fr-FR","@id":"https:\/\/unrostore.com\/#\/schema\/logo\/image\/","url":"https:\/\/unrostore.com\/wp-content\/uploads\/2022\/05\/Logo-UNRO.png","contentUrl":"https:\/\/unrostore.com\/wp-content\/uploads\/2022\/05\/Logo-UNRO.png","width":605,"height":179,"caption":"UNRO"},"image":{"@id":"https:\/\/unrostore.com\/#\/schema\/logo\/image\/"}}]}},"_links":{"self":[{"href":"https:\/\/unrostore.com\/fr-fr\/wp-json\/wp\/v2\/product\/6242","targetHints":{"allow":["GET"]}}],"collection":[{"href":"https:\/\/unrostore.com\/fr-fr\/wp-json\/wp\/v2\/product"}],"about":[{"href":"https:\/\/unrostore.com\/fr-fr\/wp-json\/wp\/v2\/types\/product"}],"wp:featuredmedia":[{"embeddable":true,"href":"https:\/\/unrostore.com\/fr-fr\/wp-json\/wp\/v2\/media\/6243"}],"wp:attachment":[{"href":"https:\/\/unrostore.com\/fr-fr\/wp-json\/wp\/v2\/media?parent=6242"}],"wp:term":[{"taxonomy":"product_brand","embeddable":true,"href":"https:\/\/unrostore.com\/fr-fr\/wp-json\/wp\/v2\/product_brand?post=6242"},{"taxonomy":"product_cat","embeddable":true,"href":"https:\/\/unrostore.com\/fr-fr\/wp-json\/wp\/v2\/product_cat?post=6242"},{"taxonomy":"product_tag","embeddable":true,"href":"https:\/\/unrostore.com\/fr-fr\/wp-json\/wp\/v2\/product_tag?post=6242"}],"curies":[{"name":"wp","href":"https:\/\/api.w.org\/{rel}","templated":true}]}}