{"id":5247,"date":"2023-08-12T14:58:26","date_gmt":"2023-08-12T14:58:26","guid":{"rendered":"https:\/\/unrostore.com\/?post_type=product&#038;p=5247"},"modified":"2025-05-20T19:26:53","modified_gmt":"2025-05-20T19:26:53","slug":"cheque-cadeau-100","status":"publish","type":"product","link":"https:\/\/unrostore.com\/fr-fr\/boutique\/cheques-cadeaux\/cheque-cadeau-100\/","title":{"rendered":"Ch\u00e8que-cadeau de 100 euros"},"content":{"rendered":"<h2>Ch\u00e8que-cadeau UNRO de 100 euros<\/h2>\n<p>Avec un ch\u00e8que-cadeau UNRO d'une valeur de 100 euros, vous marquez toujours des points. Laissez votre m\u00e8re, votre p\u00e8re, votre fr\u00e8re, votre s\u0153ur, votre coll\u00e8gue ou votre ami choisir ses c\u00e9ramiques portugaises pr\u00e9f\u00e9r\u00e9es. Ainsi, vous n'aurez pas \u00e0 vous demander si vous avez choisi le bon cadeau et vous leur donnerez l'occasion de faire leur choix et de commander ce qui leur pla\u00eet \u00e0 leur guise.<\/p>\n<p>Vous pouvez \u00e9galement ajouter un message personnel au bon \u00e9lectronique, ce qui en fait un bon cadeau et une carte en m\u00eame temps, ce qui est tr\u00e8s pratique. Un cadeau tout fait que l'on peut imprimer et offrir imm\u00e9diatement. Pratique pour un cadeau de derni\u00e8re minute ! \ud83d\ude09<\/p>\n<p><span style=\"text-decoration: underline;\"><strong>Comment cela fonctionne-t-il ?<\/strong><\/span><\/p>\n<ol>\n<li style=\"font-weight: 400;\" aria-level=\"1\"><span style=\"font-weight: 400;\">Apr\u00e8s le paiement, vous recevrez le bon cadeau (format A4) en format pdf dans votre bo\u00eete aux lettres et vous pourrez l'imprimer.<\/span><\/li>\n<li style=\"font-weight: 400;\" aria-level=\"1\"><span style=\"font-weight: 400;\">\u00c9crivez le nom et un mot gentil \u00e0 la personne \u00e0 qui vous voulez l'offrir.<\/span><\/li>\n<li style=\"font-weight: 400;\" aria-level=\"1\"><span style=\"font-weight: 400;\">Pliez le ch\u00e8que-cadeau sur les deux lignes de pliage bleues (mettez-le dans une enveloppe si n\u00e9cessaire). Voil\u00e0, votre cadeau est pr\u00eat !<\/span><\/li>\n<\/ol>\n<p>Conseil de l'UNRO : J'ai \u00e9t\u00e9 ravie de vous en faire profiter. <a href=\"https:\/\/unrostore.com\/fr-fr\/categorie-de-produits\/tasses-et-mugs\/\">tasses et mugs<\/a>.<br \/>\nPour vous inspirer, consultez nos comptes \u00e0 l'adresse suivante <a href=\"https:\/\/nl.pinterest.com\/nlunro\/\">Pinterest<\/a>, <a href=\"https:\/\/www.instagram.com\/unro.nl\/\">Instagram<\/a> &amp; <a href=\"https:\/\/www.facebook.com\/unro.nl\">Facebook<\/a>.<\/p>\n<p><strong><span style=\"text-decoration: underline;\">Conditions :<\/span><\/strong><em><br \/>\nLes ch\u00e8ques-cadeaux sont valables jusqu'\u00e0 deux ans apr\u00e8s l'achat et peuvent \u00eatre utilis\u00e9s pour des articles \u00e0 prix normal ou \u00e0 prix r\u00e9duit. Les ch\u00e8ques-cadeaux sont <span style=\"text-decoration: underline;\">pas<\/span> remboursables en esp\u00e8ces et peuvent <span style=\"text-decoration: underline;\">pas<\/span> \u00eatre renvoy\u00e9s.<\/em><\/p>","protected":false},"excerpt":{"rendered":"<div class=\"usps\"><i class=\"far fa-check-circle\"><\/i> 100 \u20ac de cr\u00e9dit d'achat<br \/>\n<i class=\"far fa-check-circle\"><\/i> Pour tous ceux qui sont \u00e0 l'aff\u00fbt<br \/>\n<i class=\"far fa-check-circle\"><\/i> Bon \u00e9lectronique \u00e0 imprimer<br \/>\n<i class=\"far fa-thumbs-up\"><\/i> Toujours bien assis<\/div>","protected":false},"featured_media":5254,"template":"","meta":[],"product_brand":[],"product_cat":[832],"product_tag":[843,844,833,842,841,837,838],"class_list":{"0":"post-5247","1":"product","2":"type-product","3":"status-publish","4":"has-post-thumbnail","6":"product_cat-cadeaubonnen","7":"product_tag-e100","8":"product_tag-844","9":"product_tag-cadeaubon","10":"product_tag-cadeaubone100","11":"product_tag-cadeaubon100","12":"product_tag-e-voucher","13":"product_tag-voucher","15":"first","16":"instock","17":"virtual","18":"taxable","19":"purchasable","20":"product-type-simple"},"yoast_head":"<!-- This site is optimized with the Yoast SEO plugin v27.4 - https:\/\/yoast.com\/product\/yoast-seo-wordpress\/ -->\n<title>Cadeaubon \u20ac100 &#8226; UNRO<\/title>\n<meta name=\"description\" content=\"Verras iemand met een UNRO cadeaubon t.w.v. \u20ac100,- en maak hen blij met het duurzame en handgemaakte Portugese servies van keramiek naar keuze!\" \/>\n<meta name=\"robots\" content=\"index, follow, max-snippet:-1, max-image-preview:large, max-video-preview:-1\" \/>\n<link rel=\"canonical\" href=\"https:\/\/unrostore.com\/fr-fr\/boutique\/cheques-cadeaux\/cheque-cadeau-100\/\" \/>\n<meta property=\"og:locale\" content=\"fr_FR\" \/>\n<meta property=\"og:type\" content=\"article\" \/>\n<meta property=\"og:title\" content=\"Cadeaubon \u20ac100 &#8226; UNRO\" \/>\n<meta property=\"og:description\" content=\"Verras iemand met een UNRO cadeaubon t.w.v. \u20ac100,- en maak hen blij met het duurzame en handgemaakte Portugese servies van keramiek naar keuze!\" \/>\n<meta property=\"og:url\" content=\"https:\/\/unrostore.com\/fr-fr\/boutique\/cheques-cadeaux\/cheque-cadeau-100\/\" \/>\n<meta property=\"og:site_name\" content=\"UNRO\" \/>\n<meta property=\"article:modified_time\" content=\"2025-05-20T19:26:53+00:00\" \/>\n<meta property=\"og:image\" content=\"https:\/\/unrostore.com\/wp-content\/uploads\/2023\/08\/unro-giftcard-100-voucher.jpg\" \/>\n\t<meta property=\"og:image:width\" content=\"1819\" \/>\n\t<meta property=\"og:image:height\" content=\"1819\" \/>\n\t<meta property=\"og:image:type\" content=\"image\/jpeg\" \/>\n<meta name=\"twitter:card\" content=\"summary_large_image\" \/>\n<script type=\"application\/ld+json\" class=\"yoast-schema-graph\">{\"@context\":\"https:\\\/\\\/schema.org\",\"@graph\":[{\"@type\":\"WebPage\",\"@id\":\"https:\\\/\\\/unrostore.com\\\/shop\\\/cadeaubonnen\\\/cadeaubon-100\\\/\",\"url\":\"https:\\\/\\\/unrostore.com\\\/shop\\\/cadeaubonnen\\\/cadeaubon-100\\\/\",\"name\":\"Cadeaubon \u20ac100 &#8226; UNRO\",\"isPartOf\":{\"@id\":\"https:\\\/\\\/unrostore.com\\\/#website\"},\"primaryImageOfPage\":{\"@id\":\"https:\\\/\\\/unrostore.com\\\/shop\\\/cadeaubonnen\\\/cadeaubon-100\\\/#primaryimage\"},\"image\":{\"@id\":\"https:\\\/\\\/unrostore.com\\\/shop\\\/cadeaubonnen\\\/cadeaubon-100\\\/#primaryimage\"},\"thumbnailUrl\":\"https:\\\/\\\/unrostore.com\\\/wp-content\\\/uploads\\\/2023\\\/08\\\/unro-giftcard-100-voucher.jpg\",\"datePublished\":\"2023-08-12T14:58:26+00:00\",\"dateModified\":\"2025-05-20T19:26:53+00:00\",\"description\":\"Verras iemand met een UNRO cadeaubon t.w.v. \u20ac100,- en maak hen blij met het duurzame en handgemaakte Portugese servies van keramiek naar keuze!\",\"breadcrumb\":{\"@id\":\"https:\\\/\\\/unrostore.com\\\/shop\\\/cadeaubonnen\\\/cadeaubon-100\\\/#breadcrumb\"},\"inLanguage\":\"fr-FR\",\"potentialAction\":[{\"@type\":\"ReadAction\",\"target\":[\"https:\\\/\\\/unrostore.com\\\/shop\\\/cadeaubonnen\\\/cadeaubon-100\\\/\"]}]},{\"@type\":\"ImageObject\",\"inLanguage\":\"fr-FR\",\"@id\":\"https:\\\/\\\/unrostore.com\\\/shop\\\/cadeaubonnen\\\/cadeaubon-100\\\/#primaryimage\",\"url\":\"https:\\\/\\\/unrostore.com\\\/wp-content\\\/uploads\\\/2023\\\/08\\\/unro-giftcard-100-voucher.jpg\",\"contentUrl\":\"https:\\\/\\\/unrostore.com\\\/wp-content\\\/uploads\\\/2023\\\/08\\\/unro-giftcard-100-voucher.jpg\",\"width\":1819,\"height\":1819,\"caption\":\"cadeaubon \u20ac100 e-voucher UNRO\"},{\"@type\":\"BreadcrumbList\",\"@id\":\"https:\\\/\\\/unrostore.com\\\/shop\\\/cadeaubonnen\\\/cadeaubon-100\\\/#breadcrumb\",\"itemListElement\":[{\"@type\":\"ListItem\",\"position\":1,\"name\":\"Home\",\"item\":\"https:\\\/\\\/unrostore.com\\\/\"},{\"@type\":\"ListItem\",\"position\":2,\"name\":\"Shop\",\"item\":\"https:\\\/\\\/unrostore.com\\\/shop\\\/\"},{\"@type\":\"ListItem\",\"position\":3,\"name\":\"Cadeaubon \u20ac100\"}]},{\"@type\":\"WebSite\",\"@id\":\"https:\\\/\\\/unrostore.com\\\/#website\",\"url\":\"https:\\\/\\\/unrostore.com\\\/\",\"name\":\"UNRO\",\"description\":\"Portugees servies waar je blij van wordt!\",\"publisher\":{\"@id\":\"https:\\\/\\\/unrostore.com\\\/#organization\"},\"potentialAction\":[{\"@type\":\"SearchAction\",\"target\":{\"@type\":\"EntryPoint\",\"urlTemplate\":\"https:\\\/\\\/unrostore.com\\\/?s={search_term_string}\"},\"query-input\":{\"@type\":\"PropertyValueSpecification\",\"valueRequired\":true,\"valueName\":\"search_term_string\"}}],\"inLanguage\":\"fr-FR\"},{\"@type\":\"Organization\",\"@id\":\"https:\\\/\\\/unrostore.com\\\/#organization\",\"name\":\"UNRO\",\"url\":\"https:\\\/\\\/unrostore.com\\\/\",\"logo\":{\"@type\":\"ImageObject\",\"inLanguage\":\"fr-FR\",\"@id\":\"https:\\\/\\\/unrostore.com\\\/#\\\/schema\\\/logo\\\/image\\\/\",\"url\":\"https:\\\/\\\/unrostore.com\\\/wp-content\\\/uploads\\\/2022\\\/05\\\/Logo-UNRO.png\",\"contentUrl\":\"https:\\\/\\\/unrostore.com\\\/wp-content\\\/uploads\\\/2022\\\/05\\\/Logo-UNRO.png\",\"width\":605,\"height\":179,\"caption\":\"UNRO\"},\"image\":{\"@id\":\"https:\\\/\\\/unrostore.com\\\/#\\\/schema\\\/logo\\\/image\\\/\"}}]}<\/script>\n<!-- \/ Yoast SEO plugin. -->","yoast_head_json":{"title":"Ch\u00e8que-cadeau de 100 \u20ac - UNRO","description":"Surprenez quelqu'un avec un ch\u00e8que-cadeau UNRO d'une valeur de 100 \u20ac et rendez-le heureux avec la vaisselle en c\u00e9ramique portugaise durable et fabriqu\u00e9e \u00e0 la main de votre choix !","robots":{"index":"index","follow":"follow","max-snippet":"max-snippet:-1","max-image-preview":"max-image-preview:large","max-video-preview":"max-video-preview:-1"},"canonical":"https:\/\/unrostore.com\/fr-fr\/boutique\/cheques-cadeaux\/cheque-cadeau-100\/","og_locale":"fr_FR","og_type":"article","og_title":"Cadeaubon \u20ac100 &#8226; UNRO","og_description":"Verras iemand met een UNRO cadeaubon t.w.v. \u20ac100,- en maak hen blij met het duurzame en handgemaakte Portugese servies van keramiek naar keuze!","og_url":"https:\/\/unrostore.com\/fr-fr\/boutique\/cheques-cadeaux\/cheque-cadeau-100\/","og_site_name":"UNRO","article_modified_time":"2025-05-20T19:26:53+00:00","og_image":[{"width":1819,"height":1819,"url":"https:\/\/unrostore.com\/wp-content\/uploads\/2023\/08\/unro-giftcard-100-voucher.jpg","type":"image\/jpeg"}],"twitter_card":"summary_large_image","schema":{"@context":"https:\/\/schema.org","@graph":[{"@type":"WebPage","@id":"https:\/\/unrostore.com\/shop\/cadeaubonnen\/cadeaubon-100\/","url":"https:\/\/unrostore.com\/shop\/cadeaubonnen\/cadeaubon-100\/","name":"Ch\u00e8que-cadeau de 100 \u20ac - UNRO","isPartOf":{"@id":"https:\/\/unrostore.com\/#website"},"primaryImageOfPage":{"@id":"https:\/\/unrostore.com\/shop\/cadeaubonnen\/cadeaubon-100\/#primaryimage"},"image":{"@id":"https:\/\/unrostore.com\/shop\/cadeaubonnen\/cadeaubon-100\/#primaryimage"},"thumbnailUrl":"https:\/\/unrostore.com\/wp-content\/uploads\/2023\/08\/unro-giftcard-100-voucher.jpg","datePublished":"2023-08-12T14:58:26+00:00","dateModified":"2025-05-20T19:26:53+00:00","description":"Surprenez quelqu'un avec un ch\u00e8que-cadeau UNRO d'une valeur de 100 \u20ac et rendez-le heureux avec la vaisselle en c\u00e9ramique portugaise durable et fabriqu\u00e9e \u00e0 la main de votre choix !","breadcrumb":{"@id":"https:\/\/unrostore.com\/shop\/cadeaubonnen\/cadeaubon-100\/#breadcrumb"},"inLanguage":"fr-FR","potentialAction":[{"@type":"ReadAction","target":["https:\/\/unrostore.com\/shop\/cadeaubonnen\/cadeaubon-100\/"]}]},{"@type":"ImageObject","inLanguage":"fr-FR","@id":"https:\/\/unrostore.com\/shop\/cadeaubonnen\/cadeaubon-100\/#primaryimage","url":"https:\/\/unrostore.com\/wp-content\/uploads\/2023\/08\/unro-giftcard-100-voucher.jpg","contentUrl":"https:\/\/unrostore.com\/wp-content\/uploads\/2023\/08\/unro-giftcard-100-voucher.jpg","width":1819,"height":1819,"caption":"cadeaubon \u20ac100 e-voucher UNRO"},{"@type":"BreadcrumbList","@id":"https:\/\/unrostore.com\/shop\/cadeaubonnen\/cadeaubon-100\/#breadcrumb","itemListElement":[{"@type":"ListItem","position":1,"name":"Home","item":"https:\/\/unrostore.com\/"},{"@type":"ListItem","position":2,"name":"Shop","item":"https:\/\/unrostore.com\/shop\/"},{"@type":"ListItem","position":3,"name":"Cadeaubon \u20ac100"}]},{"@type":"WebSite","@id":"https:\/\/unrostore.com\/#website","url":"https:\/\/unrostore.com\/","name":"UNRO","description":"De la vaisselle portugaise qui vous rendra heureux !","publisher":{"@id":"https:\/\/unrostore.com\/#organization"},"potentialAction":[{"@type":"SearchAction","target":{"@type":"EntryPoint","urlTemplate":"https:\/\/unrostore.com\/?s={search_term_string}"},"query-input":{"@type":"PropertyValueSpecification","valueRequired":true,"valueName":"search_term_string"}}],"inLanguage":"fr-FR"},{"@type":"Organization","@id":"https:\/\/unrostore.com\/#organization","name":"UNRO","url":"https:\/\/unrostore.com\/","logo":{"@type":"ImageObject","inLanguage":"fr-FR","@id":"https:\/\/unrostore.com\/#\/schema\/logo\/image\/","url":"https:\/\/unrostore.com\/wp-content\/uploads\/2022\/05\/Logo-UNRO.png","contentUrl":"https:\/\/unrostore.com\/wp-content\/uploads\/2022\/05\/Logo-UNRO.png","width":605,"height":179,"caption":"UNRO"},"image":{"@id":"https:\/\/unrostore.com\/#\/schema\/logo\/image\/"}}]}},"_links":{"self":[{"href":"https:\/\/unrostore.com\/fr-fr\/wp-json\/wp\/v2\/product\/5247","targetHints":{"allow":["GET"]}}],"collection":[{"href":"https:\/\/unrostore.com\/fr-fr\/wp-json\/wp\/v2\/product"}],"about":[{"href":"https:\/\/unrostore.com\/fr-fr\/wp-json\/wp\/v2\/types\/product"}],"wp:featuredmedia":[{"embeddable":true,"href":"https:\/\/unrostore.com\/fr-fr\/wp-json\/wp\/v2\/media\/5254"}],"wp:attachment":[{"href":"https:\/\/unrostore.com\/fr-fr\/wp-json\/wp\/v2\/media?parent=5247"}],"wp:term":[{"taxonomy":"product_brand","embeddable":true,"href":"https:\/\/unrostore.com\/fr-fr\/wp-json\/wp\/v2\/product_brand?post=5247"},{"taxonomy":"product_cat","embeddable":true,"href":"https:\/\/unrostore.com\/fr-fr\/wp-json\/wp\/v2\/product_cat?post=5247"},{"taxonomy":"product_tag","embeddable":true,"href":"https:\/\/unrostore.com\/fr-fr\/wp-json\/wp\/v2\/product_tag?post=5247"}],"curies":[{"name":"wp","href":"https:\/\/api.w.org\/{rel}","templated":true}]}}