{"id":5237,"date":"2023-08-11T08:23:36","date_gmt":"2023-08-11T08:23:36","guid":{"rendered":"https:\/\/unrostore.com\/?post_type=product&#038;p=5237"},"modified":"2025-05-20T19:27:15","modified_gmt":"2025-05-20T19:27:15","slug":"cheque-cadeau-25","status":"publish","type":"product","link":"https:\/\/unrostore.com\/fr-fr\/boutique\/cheques-cadeaux\/cheque-cadeau-25\/","title":{"rendered":"Ch\u00e8que-cadeau \u20ac25"},"content":{"rendered":"<h2>Ch\u00e8que-cadeau UNRO \u20ac25<\/h2>\n<p><span style=\"font-weight: 400;\">Vous voulez offrir un cadeau qui fera plaisir \u00e0 coup s\u00fbr ? Optez alors pour un ch\u00e8que-cadeau en ligne de UNRO et laissez votre ami, votre connaissance ou le membre de votre famille choisir quelque chose qui lui plaira dans notre boutique en ligne. Vous aurez ainsi la garantie d'offrir un cadeau amusant et 100% \u00e0 votre go\u00fbt !<\/span><\/p>\n<p><span style=\"font-weight: 400;\">Ou \u00eates-vous toujours \u00e0 la recherche d'un <\/span><b>cadeau de derni\u00e8re minute<\/b><span style=\"font-weight: 400;\">(<\/span><b>tje<\/b><span style=\"font-weight: 400;\">) ? Nous sommes l\u00e0 pour vous aider ! Ce bon num\u00e9rique vous sera envoy\u00e9 dans votre bo\u00eete aux lettres imm\u00e9diatement apr\u00e8s r\u00e9ception de votre paiement. Il ne vous reste plus qu'\u00e0 l'imprimer (et \u00e0 \u00e9crire quelque chose de gentil dessus) ! Ainsi, vous ne serez jamais les mains vides \ud83d\ude09 et vous \u00eates assur\u00e9 de faire du shopping en toute tranquillit\u00e9 !<br \/>\n<\/span><\/p>\n<p><span style=\"text-decoration: underline;\"><strong>Comment cela fonctionne-t-il ?<\/strong><\/span><\/p>\n<ol>\n<li style=\"font-weight: 400;\" aria-level=\"1\"><span style=\"font-weight: 400;\">Apr\u00e8s le paiement, vous recevrez le bon cadeau (format A4) en format pdf dans votre bo\u00eete aux lettres et vous pourrez l'imprimer.<\/span><\/li>\n<li style=\"font-weight: 400;\" aria-level=\"1\"><span style=\"font-weight: 400;\">\u00c9crivez le nom et un mot gentil \u00e0 la personne \u00e0 qui vous voulez l'offrir.<\/span><\/li>\n<li style=\"font-weight: 400;\" aria-level=\"1\"><span style=\"font-weight: 400;\">Pliez le ch\u00e8que-cadeau sur les deux lignes de pliage bleues (mettez-le dans une enveloppe si n\u00e9cessaire). Voil\u00e0, votre cadeau est pr\u00eat !<\/span><\/li>\n<\/ol>\n<p>Conseil de l'UNRO : J'ai \u00e9t\u00e9 ravie de vous en faire profiter. <a href=\"https:\/\/unrostore.com\/fr-fr\/categorie-de-produits\/tasses-et-mugs\/\">kopjes & mokken<\/a>.<br \/>\nPour vous inspirer, consultez nos comptes \u00e0 l'adresse suivante <a href=\"https:\/\/nl.pinterest.com\/nlunro\/\">Pinterest<\/a>, <a href=\"https:\/\/www.instagram.com\/unro.nl\/\">Instagram<\/a> & <a href=\"https:\/\/www.facebook.com\/unro.nl\">Facebook<\/a>.<\/p>\n<p><strong><span style=\"text-decoration: underline;\">Conditions :<\/span><\/strong><em><br \/>\nLes ch\u00e8ques-cadeaux sont valables jusqu'\u00e0 deux ans apr\u00e8s l'achat et peuvent \u00eatre utilis\u00e9s pour des articles \u00e0 prix normal ou \u00e0 prix r\u00e9duit. Les ch\u00e8ques-cadeaux sont <span style=\"text-decoration: underline;\">pas<\/span> remboursables en esp\u00e8ces et peuvent <span style=\"text-decoration: underline;\">pas<\/span> \u00eatre renvoy\u00e9s.<\/em><\/p>","protected":false},"excerpt":{"rendered":"<div class=\"usps\"><i class=\"far fa-check-circle\"><\/i> 25 \u20ac de cr\u00e9dit d'achat<br \/>\n<i class=\"far fa-check-circle\"><\/i> Pour tous ceux qui sont \u00e0 l'aff\u00fbt<br \/>\n<i class=\"far fa-check-circle\"><\/i> Bon \u00e9lectronique \u00e0 imprimer<br \/>\n<i class=\"far fa-thumbs-up\"><\/i> Toujours bien assis<\/div>","protected":false},"featured_media":5252,"template":"","meta":[],"product_brand":[],"product_cat":[832],"product_tag":[833,835,834,837,838],"class_list":{"0":"post-5237","1":"product","2":"type-product","3":"status-publish","4":"has-post-thumbnail","6":"product_cat-cadeaubonnen","7":"product_tag-cadeaubon","8":"product_tag-cadeaubone25","9":"product_tag-cadeaubon25","10":"product_tag-e-voucher","11":"product_tag-voucher","13":"first","14":"instock","15":"virtual","16":"taxable","17":"purchasable","18":"product-type-simple"},"yoast_head":"<!-- This site is optimized with the Yoast SEO plugin v27.5 - https:\/\/yoast.com\/product\/yoast-seo-wordpress\/ -->\n<title>Cadeaubon \u20ac25 &#8226; UNRO<\/title>\n<meta name=\"description\" content=\"Ben jij nog op zoek naar een klein en origineel (kerst)cadeau? Geef dan de cadeaubon \u20ac25 en maak iemand blij met zelf gekozen keramiek bij UNRO!\" \/>\n<meta name=\"robots\" content=\"index, follow, max-snippet:-1, max-image-preview:large, max-video-preview:-1\" \/>\n<link rel=\"canonical\" href=\"https:\/\/unrostore.com\/fr-fr\/boutique\/cheques-cadeaux\/cheque-cadeau-25\/\" \/>\n<meta property=\"og:locale\" content=\"fr_FR\" \/>\n<meta property=\"og:type\" content=\"article\" \/>\n<meta property=\"og:title\" content=\"Cadeaubon \u20ac25 &#8226; UNRO\" \/>\n<meta property=\"og:description\" content=\"Ben jij nog op zoek naar een klein en origineel (kerst)cadeau? Geef dan de cadeaubon \u20ac25 en maak iemand blij met zelf gekozen keramiek bij UNRO!\" \/>\n<meta property=\"og:url\" content=\"https:\/\/unrostore.com\/fr-fr\/boutique\/cheques-cadeaux\/cheque-cadeau-25\/\" \/>\n<meta property=\"og:site_name\" content=\"UNRO\" \/>\n<meta property=\"article:modified_time\" content=\"2025-05-20T19:27:15+00:00\" \/>\n<meta property=\"og:image\" content=\"https:\/\/unrostore.com\/wp-content\/uploads\/2023\/08\/unro-giftcard-25.jpg\" \/>\n\t<meta property=\"og:image:width\" content=\"909\" \/>\n\t<meta property=\"og:image:height\" content=\"909\" \/>\n\t<meta property=\"og:image:type\" content=\"image\/jpeg\" \/>\n<meta name=\"twitter:card\" content=\"summary_large_image\" \/>\n<script type=\"application\/ld+json\" class=\"yoast-schema-graph\">{\"@context\":\"https:\\\/\\\/schema.org\",\"@graph\":[{\"@type\":\"WebPage\",\"@id\":\"https:\\\/\\\/unrostore.com\\\/shop\\\/cadeaubonnen\\\/cadeaubon-25\\\/\",\"url\":\"https:\\\/\\\/unrostore.com\\\/shop\\\/cadeaubonnen\\\/cadeaubon-25\\\/\",\"name\":\"Cadeaubon \u20ac25 &#8226; UNRO\",\"isPartOf\":{\"@id\":\"https:\\\/\\\/unrostore.com\\\/#website\"},\"primaryImageOfPage\":{\"@id\":\"https:\\\/\\\/unrostore.com\\\/shop\\\/cadeaubonnen\\\/cadeaubon-25\\\/#primaryimage\"},\"image\":{\"@id\":\"https:\\\/\\\/unrostore.com\\\/shop\\\/cadeaubonnen\\\/cadeaubon-25\\\/#primaryimage\"},\"thumbnailUrl\":\"https:\\\/\\\/unrostore.com\\\/wp-content\\\/uploads\\\/2023\\\/08\\\/unro-giftcard-25.jpg\",\"datePublished\":\"2023-08-11T08:23:36+00:00\",\"dateModified\":\"2025-05-20T19:27:15+00:00\",\"description\":\"Ben jij nog op zoek naar een klein en origineel (kerst)cadeau? Geef dan de cadeaubon \u20ac25 en maak iemand blij met zelf gekozen keramiek bij UNRO!\",\"breadcrumb\":{\"@id\":\"https:\\\/\\\/unrostore.com\\\/shop\\\/cadeaubonnen\\\/cadeaubon-25\\\/#breadcrumb\"},\"inLanguage\":\"fr-FR\",\"potentialAction\":[{\"@type\":\"ReadAction\",\"target\":[\"https:\\\/\\\/unrostore.com\\\/shop\\\/cadeaubonnen\\\/cadeaubon-25\\\/\"]}]},{\"@type\":\"ImageObject\",\"inLanguage\":\"fr-FR\",\"@id\":\"https:\\\/\\\/unrostore.com\\\/shop\\\/cadeaubonnen\\\/cadeaubon-25\\\/#primaryimage\",\"url\":\"https:\\\/\\\/unrostore.com\\\/wp-content\\\/uploads\\\/2023\\\/08\\\/unro-giftcard-25.jpg\",\"contentUrl\":\"https:\\\/\\\/unrostore.com\\\/wp-content\\\/uploads\\\/2023\\\/08\\\/unro-giftcard-25.jpg\",\"width\":909,\"height\":909,\"caption\":\"Cadeaubon \u20ac25 UNRO\"},{\"@type\":\"BreadcrumbList\",\"@id\":\"https:\\\/\\\/unrostore.com\\\/shop\\\/cadeaubonnen\\\/cadeaubon-25\\\/#breadcrumb\",\"itemListElement\":[{\"@type\":\"ListItem\",\"position\":1,\"name\":\"Home\",\"item\":\"https:\\\/\\\/unrostore.com\\\/\"},{\"@type\":\"ListItem\",\"position\":2,\"name\":\"Shop\",\"item\":\"https:\\\/\\\/unrostore.com\\\/shop\\\/\"},{\"@type\":\"ListItem\",\"position\":3,\"name\":\"Cadeaubon \u20ac25\"}]},{\"@type\":\"WebSite\",\"@id\":\"https:\\\/\\\/unrostore.com\\\/#website\",\"url\":\"https:\\\/\\\/unrostore.com\\\/\",\"name\":\"UNRO\",\"description\":\"Portugees servies waar je blij van wordt!\",\"publisher\":{\"@id\":\"https:\\\/\\\/unrostore.com\\\/#organization\"},\"potentialAction\":[{\"@type\":\"SearchAction\",\"target\":{\"@type\":\"EntryPoint\",\"urlTemplate\":\"https:\\\/\\\/unrostore.com\\\/?s={search_term_string}\"},\"query-input\":{\"@type\":\"PropertyValueSpecification\",\"valueRequired\":true,\"valueName\":\"search_term_string\"}}],\"inLanguage\":\"fr-FR\"},{\"@type\":\"Organization\",\"@id\":\"https:\\\/\\\/unrostore.com\\\/#organization\",\"name\":\"UNRO\",\"url\":\"https:\\\/\\\/unrostore.com\\\/\",\"logo\":{\"@type\":\"ImageObject\",\"inLanguage\":\"fr-FR\",\"@id\":\"https:\\\/\\\/unrostore.com\\\/#\\\/schema\\\/logo\\\/image\\\/\",\"url\":\"https:\\\/\\\/unrostore.com\\\/wp-content\\\/uploads\\\/2022\\\/05\\\/Logo-UNRO.png\",\"contentUrl\":\"https:\\\/\\\/unrostore.com\\\/wp-content\\\/uploads\\\/2022\\\/05\\\/Logo-UNRO.png\",\"width\":605,\"height\":179,\"caption\":\"UNRO\"},\"image\":{\"@id\":\"https:\\\/\\\/unrostore.com\\\/#\\\/schema\\\/logo\\\/image\\\/\"}}]}<\/script>\n<!-- \/ Yoast SEO plugin. -->","yoast_head_json":{"title":"Ch\u00e8que-cadeau de 25 \u20ac - UNRO","description":"Vous \u00eates encore \u00e0 la recherche d'un petit cadeau (de No\u00ebl) original ? Offrez le ch\u00e8que-cadeau de 25 euros et faites plaisir \u00e0 quelqu'un en lui offrant des c\u00e9ramiques s\u00e9lectionn\u00e9es par vos soins \u00e0 l'UNRO !","robots":{"index":"index","follow":"follow","max-snippet":"max-snippet:-1","max-image-preview":"max-image-preview:large","max-video-preview":"max-video-preview:-1"},"canonical":"https:\/\/unrostore.com\/fr-fr\/boutique\/cheques-cadeaux\/cheque-cadeau-25\/","og_locale":"fr_FR","og_type":"article","og_title":"Cadeaubon \u20ac25 &#8226; UNRO","og_description":"Ben jij nog op zoek naar een klein en origineel (kerst)cadeau? Geef dan de cadeaubon \u20ac25 en maak iemand blij met zelf gekozen keramiek bij UNRO!","og_url":"https:\/\/unrostore.com\/fr-fr\/boutique\/cheques-cadeaux\/cheque-cadeau-25\/","og_site_name":"UNRO","article_modified_time":"2025-05-20T19:27:15+00:00","og_image":[{"width":909,"height":909,"url":"https:\/\/unrostore.com\/wp-content\/uploads\/2023\/08\/unro-giftcard-25.jpg","type":"image\/jpeg"}],"twitter_card":"summary_large_image","schema":{"@context":"https:\/\/schema.org","@graph":[{"@type":"WebPage","@id":"https:\/\/unrostore.com\/shop\/cadeaubonnen\/cadeaubon-25\/","url":"https:\/\/unrostore.com\/shop\/cadeaubonnen\/cadeaubon-25\/","name":"Ch\u00e8que-cadeau de 25 \u20ac - UNRO","isPartOf":{"@id":"https:\/\/unrostore.com\/#website"},"primaryImageOfPage":{"@id":"https:\/\/unrostore.com\/shop\/cadeaubonnen\/cadeaubon-25\/#primaryimage"},"image":{"@id":"https:\/\/unrostore.com\/shop\/cadeaubonnen\/cadeaubon-25\/#primaryimage"},"thumbnailUrl":"https:\/\/unrostore.com\/wp-content\/uploads\/2023\/08\/unro-giftcard-25.jpg","datePublished":"2023-08-11T08:23:36+00:00","dateModified":"2025-05-20T19:27:15+00:00","description":"Vous \u00eates encore \u00e0 la recherche d'un petit cadeau (de No\u00ebl) original ? Offrez le ch\u00e8que-cadeau de 25 euros et faites plaisir \u00e0 quelqu'un en lui offrant des c\u00e9ramiques s\u00e9lectionn\u00e9es par vos soins \u00e0 l'UNRO !","breadcrumb":{"@id":"https:\/\/unrostore.com\/shop\/cadeaubonnen\/cadeaubon-25\/#breadcrumb"},"inLanguage":"fr-FR","potentialAction":[{"@type":"ReadAction","target":["https:\/\/unrostore.com\/shop\/cadeaubonnen\/cadeaubon-25\/"]}]},{"@type":"ImageObject","inLanguage":"fr-FR","@id":"https:\/\/unrostore.com\/shop\/cadeaubonnen\/cadeaubon-25\/#primaryimage","url":"https:\/\/unrostore.com\/wp-content\/uploads\/2023\/08\/unro-giftcard-25.jpg","contentUrl":"https:\/\/unrostore.com\/wp-content\/uploads\/2023\/08\/unro-giftcard-25.jpg","width":909,"height":909,"caption":"Cadeaubon \u20ac25 UNRO"},{"@type":"BreadcrumbList","@id":"https:\/\/unrostore.com\/shop\/cadeaubonnen\/cadeaubon-25\/#breadcrumb","itemListElement":[{"@type":"ListItem","position":1,"name":"Home","item":"https:\/\/unrostore.com\/"},{"@type":"ListItem","position":2,"name":"Shop","item":"https:\/\/unrostore.com\/shop\/"},{"@type":"ListItem","position":3,"name":"Cadeaubon \u20ac25"}]},{"@type":"WebSite","@id":"https:\/\/unrostore.com\/#website","url":"https:\/\/unrostore.com\/","name":"UNRO","description":"De la vaisselle portugaise qui vous rendra heureux !","publisher":{"@id":"https:\/\/unrostore.com\/#organization"},"potentialAction":[{"@type":"SearchAction","target":{"@type":"EntryPoint","urlTemplate":"https:\/\/unrostore.com\/?s={search_term_string}"},"query-input":{"@type":"PropertyValueSpecification","valueRequired":true,"valueName":"search_term_string"}}],"inLanguage":"fr-FR"},{"@type":"Organization","@id":"https:\/\/unrostore.com\/#organization","name":"UNRO","url":"https:\/\/unrostore.com\/","logo":{"@type":"ImageObject","inLanguage":"fr-FR","@id":"https:\/\/unrostore.com\/#\/schema\/logo\/image\/","url":"https:\/\/unrostore.com\/wp-content\/uploads\/2022\/05\/Logo-UNRO.png","contentUrl":"https:\/\/unrostore.com\/wp-content\/uploads\/2022\/05\/Logo-UNRO.png","width":605,"height":179,"caption":"UNRO"},"image":{"@id":"https:\/\/unrostore.com\/#\/schema\/logo\/image\/"}}]}},"_links":{"self":[{"href":"https:\/\/unrostore.com\/fr-fr\/wp-json\/wp\/v2\/product\/5237","targetHints":{"allow":["GET"]}}],"collection":[{"href":"https:\/\/unrostore.com\/fr-fr\/wp-json\/wp\/v2\/product"}],"about":[{"href":"https:\/\/unrostore.com\/fr-fr\/wp-json\/wp\/v2\/types\/product"}],"wp:featuredmedia":[{"embeddable":true,"href":"https:\/\/unrostore.com\/fr-fr\/wp-json\/wp\/v2\/media\/5252"}],"wp:attachment":[{"href":"https:\/\/unrostore.com\/fr-fr\/wp-json\/wp\/v2\/media?parent=5237"}],"wp:term":[{"taxonomy":"product_brand","embeddable":true,"href":"https:\/\/unrostore.com\/fr-fr\/wp-json\/wp\/v2\/product_brand?post=5237"},{"taxonomy":"product_cat","embeddable":true,"href":"https:\/\/unrostore.com\/fr-fr\/wp-json\/wp\/v2\/product_cat?post=5237"},{"taxonomy":"product_tag","embeddable":true,"href":"https:\/\/unrostore.com\/fr-fr\/wp-json\/wp\/v2\/product_tag?post=5237"}],"curies":[{"name":"wp","href":"https:\/\/api.w.org\/{rel}","templated":true}]}}