{"id":5075,"date":"2023-07-29T19:33:02","date_gmt":"2023-07-29T19:33:02","guid":{"rendered":"https:\/\/unrostore.com\/?post_type=product&#038;p=5075"},"modified":"2026-01-19T20:37:23","modified_gmt":"2026-01-19T20:37:23","slug":"set-de-vaisselle-bleu-16-pieces-avec-assiettes-a-pates-et-bols","status":"publish","type":"product","link":"https:\/\/unrostore.com\/fr-fr\/boutique\/terrafina\/bleu-damazonie\/set-de-vaisselle-bleu-16-pieces-avec-assiettes-a-pates-et-bols\/","title":{"rendered":"service de vaisselle bleu 16 pi\u00e8ces avec assiettes \u00e0 p\u00e2tes et bols"},"content":{"rendered":"<h3>Service de vaisselle complet bleu 16 pi\u00e8ces avec assiettes et bols \u00e0 p\u00e2tes pour 4 personnes<\/h3>\n<p>Avec la<strong> service de vaisselle bleu 16 pi\u00e8ces avec assiettes \u00e0 p\u00e2tes et bols<\/strong> de <a href=\"https:\/\/www.terrafinastore.com\/en\/collections\/amazonia\">Terrafina<\/a>Avec ce service de table, de la collection Amazonia Blue, votre table sera toujours soign\u00e9e et g\u00e9n\u00e9reusement dress\u00e9e ! Avec ce service de table de couleur bleue, chaque repas sera une f\u00eate. Utilisez \u00e9galement les assiettes \u00e0 p\u00e2tes comme assiettes \u00e0 soupe, les assiettes \u00e0 d\u00e9jeuner comme assiettes \u00e0 g\u00e2teau et les bols comme assiettes \u00e0 tapas, assiettes \u00e0 dessert ou bouquets d'amuse-gueule. Profitez avec vos proches de cette belle vaisselle bleue, qui peut \u00e9galement passer au lave-vaisselle, au micro-ondes et au four ! Chaque assiette est unique car elle est fabriqu\u00e9e \u00e0 la main au Portugal \u00e0 partir de la meilleure c\u00e9ramique: le gr\u00e8s pur. Le service de table de 16 pi\u00e8ces peut \u00eatre pr\u00e9par\u00e9 pour plusieurs personnes et peut \u00eatre compl\u00e9t\u00e9 par des assiettes assorties <a href=\"https:\/\/unrostore.com\/fr-fr\/boutique\/terrafina\/bleu-damazonie\/blauwe-mokken-amazonia-blue-2-delig\/\">tasses \u00e0 cappuccino<\/a>, <a href=\"https:\/\/unrostore.com\/fr-fr\/boutique\/terrafina\/bleu-damazonie\/tasse-a-expresso-bleu-amazonia-2-pieces\/\">tasses \u00e0 espresso<\/a> et un <a href=\"https:\/\/unrostore.com\/fr-fr\/boutique\/terrafina\/bleu-damazonie\/coupe-a-fruits-bleu-amazonia\/\">coupe \u00e0 fruits\/coupe \u00e0 salade<\/a>. En outre, ce service de table est un cadeau id\u00e9al pour un mariage, un anniversaire ou une pendaison de cr\u00e9maill\u00e8re !<\/p>\n<p>&nbsp;<\/p>\n<h3>C'est le num\u00e9ro que vous recevez<\/h3>\n<ul>\n<li>4x Bols Amazonia Blue \u00f8 15 cm<\/li>\n<li>4x Assiettes \u00e0 p\u00e2tes Amazonia Blue \u00f8 23 cm<\/li>\n<li>4x Assiettes \u00e0 d\u00e9jeuner Amazonia Blue \u00f8 21 cm<\/li>\n<li>4x Assiettes plates Amazonia Blue \u00f8 29 cm<\/li>\n<li>5x Terrafina bo\u00eete cadeau<\/li>\n<\/ul>\n<p>&nbsp;<\/p>\n<p><em><strong>Durable pour les personnes et l'environnement :<\/strong><br \/>\nChaque produit est unique car il est fabriqu\u00e9 \u00e0 la main.<br \/>\nL'impression et la texture peuvent donc diff\u00e9rer l\u00e9g\u00e8rement de la photo du produit.<\/em><\/p>","protected":false},"excerpt":{"rendered":"<div class=\"usps\"><i class=\"far fa-check-circle\"><\/i> R\u00e9sistant aux micro-ondes<br \/>\n<i class=\"far fa-check-circle\"><\/i> R\u00e9siste au four (jusqu'\u00e0 200 degr\u00e9s)<br \/>\n<i class=\"far fa-check-circle\"><\/i> Lavable au lave-vaisselle<br \/>\n<i class=\"far fa-thumbs-up\"><\/i> Fait \u00e0 la main<\/div>","protected":false},"featured_media":6414,"template":"","meta":[],"product_brand":[],"product_cat":[174,730,122,119],"product_tag":[696,175,407,284,289,620,765,804,405,649,123],"class_list":{"0":"post-5075","1":"product","2":"type-product","3":"status-publish","4":"has-post-thumbnail","6":"product_cat-amazonia-blue","7":"product_cat-servies-16-delig","8":"product_cat-serviesset","9":"product_cat-terrafina","10":"product_tag-acai-bowl","11":"product_tag-amazonia-blue","12":"product_tag-blauwe-serviesset","13":"product_tag-dinerborden","14":"product_tag-ontbijtborden","15":"product_tag-pastaborden-en-kommen","16":"product_tag-servies-16-delig","17":"product_tag-serviesset-blauw","18":"product_tag-serviesset-pastaborden","19":"product_tag-serviesset-voor-4-personen","20":"product_tag-terrafina","21":"product_shipping_class-pakket","23":"first","24":"outofstock","25":"sale","26":"taxable","27":"shipping-taxable","28":"purchasable","29":"product-type-simple"},"yoast_head":"<!-- This site is optimized with the Yoast SEO plugin v27.4 - https:\/\/yoast.com\/product\/yoast-seo-wordpress\/ -->\n<title>Serviesset Blauw 16 delig met Pastaborden en Kommen &#8226; UNRO<\/title>\n<meta name=\"description\" content=\"Met de serviesset blauw 16 delig ziet jouw tafel er altijd tip top verzorgd en royaal gedekt uit voor alle gezellige etentjes met elkaar!\" \/>\n<meta name=\"robots\" content=\"index, follow, max-snippet:-1, max-image-preview:large, max-video-preview:-1\" \/>\n<link rel=\"canonical\" href=\"https:\/\/unrostore.com\/fr-fr\/boutique\/terrafina\/bleu-damazonie\/set-de-vaisselle-bleu-16-pieces-avec-assiettes-a-pates-et-bols\/\" \/>\n<meta property=\"og:locale\" content=\"fr_FR\" \/>\n<meta property=\"og:type\" content=\"article\" \/>\n<meta property=\"og:title\" content=\"Serviesset Blauw 16 delig met Pastaborden en Kommen &#8226; UNRO\" \/>\n<meta property=\"og:description\" content=\"Met de serviesset blauw 16 delig ziet jouw tafel er altijd tip top verzorgd en royaal gedekt uit voor alle gezellige etentjes met elkaar!\" \/>\n<meta property=\"og:url\" content=\"https:\/\/unrostore.com\/fr-fr\/boutique\/terrafina\/bleu-damazonie\/set-de-vaisselle-bleu-16-pieces-avec-assiettes-a-pates-et-bols\/\" \/>\n<meta property=\"og:site_name\" content=\"UNRO\" \/>\n<meta property=\"article:modified_time\" content=\"2026-01-19T20:37:23+00:00\" \/>\n<meta property=\"og:image\" content=\"https:\/\/unrostore.com\/wp-content\/uploads\/2023\/07\/unr-blauwe-serviesset-16-delig.webp\" \/>\n\t<meta property=\"og:image:width\" content=\"1000\" \/>\n\t<meta property=\"og:image:height\" content=\"1000\" \/>\n\t<meta property=\"og:image:type\" content=\"image\/webp\" \/>\n<meta name=\"twitter:card\" content=\"summary_large_image\" \/>\n<script type=\"application\/ld+json\" class=\"yoast-schema-graph\">{\"@context\":\"https:\\\/\\\/schema.org\",\"@graph\":[{\"@type\":\"WebPage\",\"@id\":\"https:\\\/\\\/unrostore.com\\\/shop\\\/terrafina\\\/amazonia-blue\\\/serviesset-blauw-16-delig-met-pastaborden-en-kommen\\\/\",\"url\":\"https:\\\/\\\/unrostore.com\\\/shop\\\/terrafina\\\/amazonia-blue\\\/serviesset-blauw-16-delig-met-pastaborden-en-kommen\\\/\",\"name\":\"Serviesset Blauw 16 delig met Pastaborden en Kommen &#8226; UNRO\",\"isPartOf\":{\"@id\":\"https:\\\/\\\/unrostore.com\\\/#website\"},\"primaryImageOfPage\":{\"@id\":\"https:\\\/\\\/unrostore.com\\\/shop\\\/terrafina\\\/amazonia-blue\\\/serviesset-blauw-16-delig-met-pastaborden-en-kommen\\\/#primaryimage\"},\"image\":{\"@id\":\"https:\\\/\\\/unrostore.com\\\/shop\\\/terrafina\\\/amazonia-blue\\\/serviesset-blauw-16-delig-met-pastaborden-en-kommen\\\/#primaryimage\"},\"thumbnailUrl\":\"https:\\\/\\\/unrostore.com\\\/wp-content\\\/uploads\\\/2023\\\/07\\\/unr-blauwe-serviesset-16-delig.webp\",\"datePublished\":\"2023-07-29T19:33:02+00:00\",\"dateModified\":\"2026-01-19T20:37:23+00:00\",\"description\":\"Met de serviesset blauw 16 delig ziet jouw tafel er altijd tip top verzorgd en royaal gedekt uit voor alle gezellige etentjes met elkaar!\",\"breadcrumb\":{\"@id\":\"https:\\\/\\\/unrostore.com\\\/shop\\\/terrafina\\\/amazonia-blue\\\/serviesset-blauw-16-delig-met-pastaborden-en-kommen\\\/#breadcrumb\"},\"inLanguage\":\"fr-FR\",\"potentialAction\":[{\"@type\":\"ReadAction\",\"target\":[\"https:\\\/\\\/unrostore.com\\\/shop\\\/terrafina\\\/amazonia-blue\\\/serviesset-blauw-16-delig-met-pastaborden-en-kommen\\\/\"]}]},{\"@type\":\"ImageObject\",\"inLanguage\":\"fr-FR\",\"@id\":\"https:\\\/\\\/unrostore.com\\\/shop\\\/terrafina\\\/amazonia-blue\\\/serviesset-blauw-16-delig-met-pastaborden-en-kommen\\\/#primaryimage\",\"url\":\"https:\\\/\\\/unrostore.com\\\/wp-content\\\/uploads\\\/2023\\\/07\\\/unr-blauwe-serviesset-16-delig.webp\",\"contentUrl\":\"https:\\\/\\\/unrostore.com\\\/wp-content\\\/uploads\\\/2023\\\/07\\\/unr-blauwe-serviesset-16-delig.webp\",\"width\":1000,\"height\":1000,\"caption\":\"Serviesset Blauw16-delig\"},{\"@type\":\"BreadcrumbList\",\"@id\":\"https:\\\/\\\/unrostore.com\\\/shop\\\/terrafina\\\/amazonia-blue\\\/serviesset-blauw-16-delig-met-pastaborden-en-kommen\\\/#breadcrumb\",\"itemListElement\":[{\"@type\":\"ListItem\",\"position\":1,\"name\":\"Home\",\"item\":\"https:\\\/\\\/unrostore.com\\\/\"},{\"@type\":\"ListItem\",\"position\":2,\"name\":\"Shop\",\"item\":\"https:\\\/\\\/unrostore.com\\\/shop\\\/\"},{\"@type\":\"ListItem\",\"position\":3,\"name\":\"Serviesset Blauw 16 delig met Pastaborden en Kommen\"}]},{\"@type\":\"WebSite\",\"@id\":\"https:\\\/\\\/unrostore.com\\\/#website\",\"url\":\"https:\\\/\\\/unrostore.com\\\/\",\"name\":\"UNRO\",\"description\":\"Portugees servies waar je blij van wordt!\",\"publisher\":{\"@id\":\"https:\\\/\\\/unrostore.com\\\/#organization\"},\"potentialAction\":[{\"@type\":\"SearchAction\",\"target\":{\"@type\":\"EntryPoint\",\"urlTemplate\":\"https:\\\/\\\/unrostore.com\\\/?s={search_term_string}\"},\"query-input\":{\"@type\":\"PropertyValueSpecification\",\"valueRequired\":true,\"valueName\":\"search_term_string\"}}],\"inLanguage\":\"fr-FR\"},{\"@type\":\"Organization\",\"@id\":\"https:\\\/\\\/unrostore.com\\\/#organization\",\"name\":\"UNRO\",\"url\":\"https:\\\/\\\/unrostore.com\\\/\",\"logo\":{\"@type\":\"ImageObject\",\"inLanguage\":\"fr-FR\",\"@id\":\"https:\\\/\\\/unrostore.com\\\/#\\\/schema\\\/logo\\\/image\\\/\",\"url\":\"https:\\\/\\\/unrostore.com\\\/wp-content\\\/uploads\\\/2022\\\/05\\\/Logo-UNRO.png\",\"contentUrl\":\"https:\\\/\\\/unrostore.com\\\/wp-content\\\/uploads\\\/2022\\\/05\\\/Logo-UNRO.png\",\"width\":605,\"height\":179,\"caption\":\"UNRO\"},\"image\":{\"@id\":\"https:\\\/\\\/unrostore.com\\\/#\\\/schema\\\/logo\\\/image\\\/\"}}]}<\/script>\n<!-- \/ Yoast SEO plugin. -->","yoast_head_json":{"title":"Service de vaisselle Bleu 16 pi\u00e8ces avec assiettes \u00e0 p\u00e2tes et bols - UNRO","description":"Avec le set de vaisselle bleu 16 pi\u00e8ces, votre table sera toujours impeccable et g\u00e9n\u00e9reusement garnie pour tous les repas conviviaux !","robots":{"index":"index","follow":"follow","max-snippet":"max-snippet:-1","max-image-preview":"max-image-preview:large","max-video-preview":"max-video-preview:-1"},"canonical":"https:\/\/unrostore.com\/fr-fr\/boutique\/terrafina\/bleu-damazonie\/set-de-vaisselle-bleu-16-pieces-avec-assiettes-a-pates-et-bols\/","og_locale":"fr_FR","og_type":"article","og_title":"Serviesset Blauw 16 delig met Pastaborden en Kommen &#8226; UNRO","og_description":"Met de serviesset blauw 16 delig ziet jouw tafel er altijd tip top verzorgd en royaal gedekt uit voor alle gezellige etentjes met elkaar!","og_url":"https:\/\/unrostore.com\/fr-fr\/boutique\/terrafina\/bleu-damazonie\/set-de-vaisselle-bleu-16-pieces-avec-assiettes-a-pates-et-bols\/","og_site_name":"UNRO","article_modified_time":"2026-01-19T20:37:23+00:00","og_image":[{"width":1000,"height":1000,"url":"https:\/\/unrostore.com\/wp-content\/uploads\/2023\/07\/unr-blauwe-serviesset-16-delig.webp","type":"image\/webp"}],"twitter_card":"summary_large_image","schema":{"@context":"https:\/\/schema.org","@graph":[{"@type":"WebPage","@id":"https:\/\/unrostore.com\/shop\/terrafina\/amazonia-blue\/serviesset-blauw-16-delig-met-pastaborden-en-kommen\/","url":"https:\/\/unrostore.com\/shop\/terrafina\/amazonia-blue\/serviesset-blauw-16-delig-met-pastaborden-en-kommen\/","name":"Service de vaisselle Bleu 16 pi\u00e8ces avec assiettes \u00e0 p\u00e2tes et bols - UNRO","isPartOf":{"@id":"https:\/\/unrostore.com\/#website"},"primaryImageOfPage":{"@id":"https:\/\/unrostore.com\/shop\/terrafina\/amazonia-blue\/serviesset-blauw-16-delig-met-pastaborden-en-kommen\/#primaryimage"},"image":{"@id":"https:\/\/unrostore.com\/shop\/terrafina\/amazonia-blue\/serviesset-blauw-16-delig-met-pastaborden-en-kommen\/#primaryimage"},"thumbnailUrl":"https:\/\/unrostore.com\/wp-content\/uploads\/2023\/07\/unr-blauwe-serviesset-16-delig.webp","datePublished":"2023-07-29T19:33:02+00:00","dateModified":"2026-01-19T20:37:23+00:00","description":"Avec le set de vaisselle bleu 16 pi\u00e8ces, votre table sera toujours impeccable et g\u00e9n\u00e9reusement garnie pour tous les repas conviviaux !","breadcrumb":{"@id":"https:\/\/unrostore.com\/shop\/terrafina\/amazonia-blue\/serviesset-blauw-16-delig-met-pastaborden-en-kommen\/#breadcrumb"},"inLanguage":"fr-FR","potentialAction":[{"@type":"ReadAction","target":["https:\/\/unrostore.com\/shop\/terrafina\/amazonia-blue\/serviesset-blauw-16-delig-met-pastaborden-en-kommen\/"]}]},{"@type":"ImageObject","inLanguage":"fr-FR","@id":"https:\/\/unrostore.com\/shop\/terrafina\/amazonia-blue\/serviesset-blauw-16-delig-met-pastaborden-en-kommen\/#primaryimage","url":"https:\/\/unrostore.com\/wp-content\/uploads\/2023\/07\/unr-blauwe-serviesset-16-delig.webp","contentUrl":"https:\/\/unrostore.com\/wp-content\/uploads\/2023\/07\/unr-blauwe-serviesset-16-delig.webp","width":1000,"height":1000,"caption":"Serviesset Blauw16-delig"},{"@type":"BreadcrumbList","@id":"https:\/\/unrostore.com\/shop\/terrafina\/amazonia-blue\/serviesset-blauw-16-delig-met-pastaborden-en-kommen\/#breadcrumb","itemListElement":[{"@type":"ListItem","position":1,"name":"Home","item":"https:\/\/unrostore.com\/"},{"@type":"ListItem","position":2,"name":"Shop","item":"https:\/\/unrostore.com\/shop\/"},{"@type":"ListItem","position":3,"name":"Serviesset Blauw 16 delig met Pastaborden en Kommen"}]},{"@type":"WebSite","@id":"https:\/\/unrostore.com\/#website","url":"https:\/\/unrostore.com\/","name":"UNRO","description":"De la vaisselle portugaise qui vous rendra heureux !","publisher":{"@id":"https:\/\/unrostore.com\/#organization"},"potentialAction":[{"@type":"SearchAction","target":{"@type":"EntryPoint","urlTemplate":"https:\/\/unrostore.com\/?s={search_term_string}"},"query-input":{"@type":"PropertyValueSpecification","valueRequired":true,"valueName":"search_term_string"}}],"inLanguage":"fr-FR"},{"@type":"Organization","@id":"https:\/\/unrostore.com\/#organization","name":"UNRO","url":"https:\/\/unrostore.com\/","logo":{"@type":"ImageObject","inLanguage":"fr-FR","@id":"https:\/\/unrostore.com\/#\/schema\/logo\/image\/","url":"https:\/\/unrostore.com\/wp-content\/uploads\/2022\/05\/Logo-UNRO.png","contentUrl":"https:\/\/unrostore.com\/wp-content\/uploads\/2022\/05\/Logo-UNRO.png","width":605,"height":179,"caption":"UNRO"},"image":{"@id":"https:\/\/unrostore.com\/#\/schema\/logo\/image\/"}}]}},"_links":{"self":[{"href":"https:\/\/unrostore.com\/fr-fr\/wp-json\/wp\/v2\/product\/5075","targetHints":{"allow":["GET"]}}],"collection":[{"href":"https:\/\/unrostore.com\/fr-fr\/wp-json\/wp\/v2\/product"}],"about":[{"href":"https:\/\/unrostore.com\/fr-fr\/wp-json\/wp\/v2\/types\/product"}],"wp:featuredmedia":[{"embeddable":true,"href":"https:\/\/unrostore.com\/fr-fr\/wp-json\/wp\/v2\/media\/6414"}],"wp:attachment":[{"href":"https:\/\/unrostore.com\/fr-fr\/wp-json\/wp\/v2\/media?parent=5075"}],"wp:term":[{"taxonomy":"product_brand","embeddable":true,"href":"https:\/\/unrostore.com\/fr-fr\/wp-json\/wp\/v2\/product_brand?post=5075"},{"taxonomy":"product_cat","embeddable":true,"href":"https:\/\/unrostore.com\/fr-fr\/wp-json\/wp\/v2\/product_cat?post=5075"},{"taxonomy":"product_tag","embeddable":true,"href":"https:\/\/unrostore.com\/fr-fr\/wp-json\/wp\/v2\/product_tag?post=5075"}],"curies":[{"name":"wp","href":"https:\/\/api.w.org\/{rel}","templated":true}]}}