{"id":5063,"date":"2023-07-29T19:07:56","date_gmt":"2023-07-29T19:07:56","guid":{"rendered":"https:\/\/unrostore.com\/?post_type=product&#038;p=5063"},"modified":"2026-01-19T20:37:23","modified_gmt":"2026-01-19T20:37:23","slug":"set-de-vaisselle-colore-16-pcs-avec-assiettes-a-pates-et-bols","status":"publish","type":"product","link":"https:\/\/unrostore.com\/fr-fr\/boutique\/terrafina\/coraux\/set-de-vaisselle-colore-16-pcs-avec-assiettes-a-pates-et-bols\/","title":{"rendered":"Set de vaisselle color\u00e9 16 pcs avec assiettes \u00e0 p\u00e2tes et bols"},"content":{"rendered":"<h3>Set de vaisselle color\u00e9 16 pi\u00e8ces avec bols et assiettes \u00e0 p\u00e2tes pour 4 personnes<\/h3>\n<p>Le<strong> set de vaisselle color\u00e9 16 pcs avec assiettes \u00e0 p\u00e2tes et bols<\/strong> de <a href=\"https:\/\/www.terrafinastore.com\/en\/collections\/amazonia\">Terrafina<\/a>, de la collection de vaisselle color\u00e9e Corals, illumine chaque journ\u00e9e! Avec cette vaisselle color\u00e9e bleue et jaune, vous appr\u00e9cierez votre petit d\u00e9jeuner, votre d\u00e9jeuner, vos boissons et votre d\u00eener en plus. Ce service de table complet avec gla\u00e7ure color\u00e9 est du plus bel effet sur la table \u00e0 manger et rend votre int\u00e9rieur \u00e9l\u00e9gant et ludique. Que vous ayez un int\u00e9rieur rural ou que vous viviez dans une maison ancienne (r\u00e9nov\u00e9e) caract\u00e9ristique avec de beaux meubles vintage et beaucoup de tons de bois chauds, la vaisselle color\u00e9e en c\u00e9ramique faite \u00e0 la main fera briller votre salle \u00e0 manger !<\/p>\n<p><strong>De la belle vaisselle portugaise pour diff\u00e9rentes occasions<\/strong><br \/>\nCette vaisselle color\u00e9e arbore les joyeuses couleurs du printemps et de P\u00e2ques. Elle donnera \u00e0 votre table \u00e0 manger une allure chaleureuse pour le petit-d\u00e9jeuner et le brunch de P\u00e2ques ! Utilisez les bols comme bols \u00e0 yaourt ou \u00e0 muesli le matin et comme bols \u00e0 soupe le midi ou bols \u00e0 tapas le soir. Les assiettes \u00e0 d\u00e9jeuner jaunes et bleues sont \u00e9galement polyvalentes et peuvent parfaitement \u00eatre utilis\u00e9es comme assiettes \u00e0 g\u00e2teaux ou assiettes \u00e0 ap\u00e9ritif. Les assiettes \u00e0 p\u00e2tes color\u00e9es sont \u00e9galement parfaites comme assiettes creuses pour votre acai bowl, assiettes \u00e0 soupe et assiettes \u00e0 salade. La vaisselle color\u00e9e peut \u00eatre pr\u00e9par\u00e9e pour plusieurs personnes et peut \u00eatre compl\u00e9t\u00e9e par des assiettes assorties <a href=\"https:\/\/unrostore.com\/fr-fr\/boutique\/terrafina\/coraux\/gekleurde-mokken-corals-2-delig\/\">tasses \u00e0 cappuccino<\/a>, <a href=\"https:\/\/unrostore.com\/fr-fr\/boutique\/terrafina\/coraux\/tasse-a-expresso-coloree-avec-anse-corail-2-pieces\/\">tasses \u00e0 espresso<\/a> et un <a href=\"https:\/\/unrostore.com\/fr-fr\/boutique\/terrafina\/coraux\/plats-de-service-colores-coraux-2-tailles\/\">plats de service<\/a>. En outre, ce service de table est un cadeau id\u00e9al pour un mariage, un anniversaire ou une pendaison de cr\u00e9maill\u00e8re !<\/p>\n<h3>C'est le num\u00e9ro que vous recevez<\/h3>\n<ul>\n<li>4x Bols Corals \u00f8 15 cm<\/li>\n<li>4x Assiettes \u00e0 p\u00e2tes Corals \u00f8 22 cm<\/li>\n<li>4x Assiettes de d\u00e9jeuner Corals \u00f8 22 cm<\/li>\n<li>4x Assiettes plates Corals \u00f8 28.5 cm<\/li>\n<li>5x Terrafina bo\u00eete cadeau<\/li>\n<\/ul>\n<p>&nbsp;<\/p>\n<p><em><strong>Durable pour les personnes et l'environnement :<\/strong><br \/>\nChaque produit est unique car il est fabriqu\u00e9 \u00e0 la main.<br \/>\nL'impression et la texture peuvent donc diff\u00e9rer l\u00e9g\u00e8rement de la photo du produit.<\/em><\/p>","protected":false},"excerpt":{"rendered":"<div style=\"font-family: nunito sans; font-size: 14px; border: 1px solid #dedede; border-radius: 4px; padding: 15px 0 0 14px; margin-top: 20px; margin-bottom: 20px; width: 160px; box-shadow: 1px 1px 7px 0px rgb(0 0 0 \/ 15%), 0px 0px 2px 0px rgb(0 0 0 \/ 5%); color: #00b900;\">\n<p>Avec ce prix fixe, vous \u00e9conomisez <strong>\u20ac5,-<\/strong><\/p>\n<\/div>\n<div class=\"usps\"><i class=\"far fa-check-circle\"><\/i> R\u00e9sistant aux micro-ondes<br \/>\n<i class=\"far fa-check-circle\"><\/i> R\u00e9siste au four (jusqu'\u00e0 200 degr\u00e9s)<br \/>\n<i class=\"far fa-check-circle\"><\/i> Lavable au lave-vaisselle<br \/>\n<i class=\"far fa-thumbs-up\"><\/i> Fait \u00e0 la main<\/div>","protected":false},"featured_media":6416,"template":"","meta":[],"product_brand":[],"product_cat":[127,871,730,122,119],"product_tag":[696,145,128,284,748,802,409,289,620,765,803,405,649,123],"class_list":{"0":"post-5063","1":"product","2":"type-product","3":"status-publish","4":"has-post-thumbnail","6":"product_cat-corals","7":"product_cat-unro-populair-portugees-keramiek","8":"product_cat-servies-16-delig","9":"product_cat-serviesset","10":"product_cat-terrafina","11":"product_tag-acai-bowl","12":"product_tag-amazonia-cream","13":"product_tag-corals","14":"product_tag-dinerborden","15":"product_tag-gekleurd-servies","16":"product_tag-gekleurde-serviesset","17":"product_tag-kleurrijke-serviesset","18":"product_tag-ontbijtborden","19":"product_tag-pastaborden-en-kommen","20":"product_tag-servies-16-delig","21":"product_tag-serviesset-kleur","22":"product_tag-serviesset-pastaborden","23":"product_tag-serviesset-voor-4-personen","24":"product_tag-terrafina","25":"product_shipping_class-pakket","27":"first","28":"outofstock","29":"sale","30":"taxable","31":"shipping-taxable","32":"purchasable","33":"product-type-simple"},"yoast_head":"<!-- This site is optimized with the Yoast SEO plugin v27.4 - https:\/\/yoast.com\/product\/yoast-seo-wordpress\/ -->\n<title>Serviesset gekleurd 16 delig met Pastaborden en Kommen &#8226; UNRO<\/title>\n<meta name=\"description\" content=\"De serviesset gekleurd 16 delig met pastaborden en kommen vrolijkt elk gerecht op. Om samen dagelijks van te genieten \u00e9n bij bijzondere momenten!\" \/>\n<meta name=\"robots\" content=\"index, follow, max-snippet:-1, max-image-preview:large, max-video-preview:-1\" \/>\n<link rel=\"canonical\" href=\"https:\/\/unrostore.com\/fr-fr\/boutique\/terrafina\/coraux\/set-de-vaisselle-colore-16-pcs-avec-assiettes-a-pates-et-bols\/\" \/>\n<meta property=\"og:locale\" content=\"fr_FR\" \/>\n<meta property=\"og:type\" content=\"article\" \/>\n<meta property=\"og:title\" content=\"Serviesset gekleurd 16 delig met Pastaborden en Kommen &#8226; UNRO\" \/>\n<meta property=\"og:description\" content=\"De serviesset gekleurd 16 delig met pastaborden en kommen vrolijkt elk gerecht op. Om samen dagelijks van te genieten \u00e9n bij bijzondere momenten!\" \/>\n<meta property=\"og:url\" content=\"https:\/\/unrostore.com\/fr-fr\/boutique\/terrafina\/coraux\/set-de-vaisselle-colore-16-pcs-avec-assiettes-a-pates-et-bols\/\" \/>\n<meta property=\"og:site_name\" content=\"UNRO\" \/>\n<meta property=\"article:modified_time\" content=\"2026-01-19T20:37:23+00:00\" \/>\n<meta property=\"og:image\" content=\"https:\/\/unrostore.com\/wp-content\/uploads\/2023\/07\/unro-gekleurde-serviesset-16-delig.webp\" \/>\n\t<meta property=\"og:image:width\" content=\"1000\" \/>\n\t<meta property=\"og:image:height\" content=\"1000\" \/>\n\t<meta property=\"og:image:type\" content=\"image\/webp\" \/>\n<meta name=\"twitter:card\" content=\"summary_large_image\" \/>\n<script type=\"application\/ld+json\" class=\"yoast-schema-graph\">{\"@context\":\"https:\\\/\\\/schema.org\",\"@graph\":[{\"@type\":\"WebPage\",\"@id\":\"https:\\\/\\\/unrostore.com\\\/shop\\\/terrafina\\\/corals\\\/serviesset-gekleurd-16-delig-met-pastaborden-en-kommen\\\/\",\"url\":\"https:\\\/\\\/unrostore.com\\\/shop\\\/terrafina\\\/corals\\\/serviesset-gekleurd-16-delig-met-pastaborden-en-kommen\\\/\",\"name\":\"Serviesset gekleurd 16 delig met Pastaborden en Kommen &#8226; UNRO\",\"isPartOf\":{\"@id\":\"https:\\\/\\\/unrostore.com\\\/#website\"},\"primaryImageOfPage\":{\"@id\":\"https:\\\/\\\/unrostore.com\\\/shop\\\/terrafina\\\/corals\\\/serviesset-gekleurd-16-delig-met-pastaborden-en-kommen\\\/#primaryimage\"},\"image\":{\"@id\":\"https:\\\/\\\/unrostore.com\\\/shop\\\/terrafina\\\/corals\\\/serviesset-gekleurd-16-delig-met-pastaborden-en-kommen\\\/#primaryimage\"},\"thumbnailUrl\":\"https:\\\/\\\/unrostore.com\\\/wp-content\\\/uploads\\\/2023\\\/07\\\/unro-gekleurde-serviesset-16-delig.webp\",\"datePublished\":\"2023-07-29T19:07:56+00:00\",\"dateModified\":\"2026-01-19T20:37:23+00:00\",\"description\":\"De serviesset gekleurd 16 delig met pastaborden en kommen vrolijkt elk gerecht op. Om samen dagelijks van te genieten \u00e9n bij bijzondere momenten!\",\"breadcrumb\":{\"@id\":\"https:\\\/\\\/unrostore.com\\\/shop\\\/terrafina\\\/corals\\\/serviesset-gekleurd-16-delig-met-pastaborden-en-kommen\\\/#breadcrumb\"},\"inLanguage\":\"fr-FR\",\"potentialAction\":[{\"@type\":\"ReadAction\",\"target\":[\"https:\\\/\\\/unrostore.com\\\/shop\\\/terrafina\\\/corals\\\/serviesset-gekleurd-16-delig-met-pastaborden-en-kommen\\\/\"]}]},{\"@type\":\"ImageObject\",\"inLanguage\":\"fr-FR\",\"@id\":\"https:\\\/\\\/unrostore.com\\\/shop\\\/terrafina\\\/corals\\\/serviesset-gekleurd-16-delig-met-pastaborden-en-kommen\\\/#primaryimage\",\"url\":\"https:\\\/\\\/unrostore.com\\\/wp-content\\\/uploads\\\/2023\\\/07\\\/unro-gekleurde-serviesset-16-delig.webp\",\"contentUrl\":\"https:\\\/\\\/unrostore.com\\\/wp-content\\\/uploads\\\/2023\\\/07\\\/unro-gekleurde-serviesset-16-delig.webp\",\"width\":1000,\"height\":1000,\"caption\":\"Gekleurde Serviesset 16-delig\"},{\"@type\":\"BreadcrumbList\",\"@id\":\"https:\\\/\\\/unrostore.com\\\/shop\\\/terrafina\\\/corals\\\/serviesset-gekleurd-16-delig-met-pastaborden-en-kommen\\\/#breadcrumb\",\"itemListElement\":[{\"@type\":\"ListItem\",\"position\":1,\"name\":\"Home\",\"item\":\"https:\\\/\\\/unrostore.com\\\/\"},{\"@type\":\"ListItem\",\"position\":2,\"name\":\"Shop\",\"item\":\"https:\\\/\\\/unrostore.com\\\/shop\\\/\"},{\"@type\":\"ListItem\",\"position\":3,\"name\":\"Serviesset gekleurd 16 delig met Pastaborden en Kommen\"}]},{\"@type\":\"WebSite\",\"@id\":\"https:\\\/\\\/unrostore.com\\\/#website\",\"url\":\"https:\\\/\\\/unrostore.com\\\/\",\"name\":\"UNRO\",\"description\":\"Portugees servies waar je blij van wordt!\",\"publisher\":{\"@id\":\"https:\\\/\\\/unrostore.com\\\/#organization\"},\"potentialAction\":[{\"@type\":\"SearchAction\",\"target\":{\"@type\":\"EntryPoint\",\"urlTemplate\":\"https:\\\/\\\/unrostore.com\\\/?s={search_term_string}\"},\"query-input\":{\"@type\":\"PropertyValueSpecification\",\"valueRequired\":true,\"valueName\":\"search_term_string\"}}],\"inLanguage\":\"fr-FR\"},{\"@type\":\"Organization\",\"@id\":\"https:\\\/\\\/unrostore.com\\\/#organization\",\"name\":\"UNRO\",\"url\":\"https:\\\/\\\/unrostore.com\\\/\",\"logo\":{\"@type\":\"ImageObject\",\"inLanguage\":\"fr-FR\",\"@id\":\"https:\\\/\\\/unrostore.com\\\/#\\\/schema\\\/logo\\\/image\\\/\",\"url\":\"https:\\\/\\\/unrostore.com\\\/wp-content\\\/uploads\\\/2022\\\/05\\\/Logo-UNRO.png\",\"contentUrl\":\"https:\\\/\\\/unrostore.com\\\/wp-content\\\/uploads\\\/2022\\\/05\\\/Logo-UNRO.png\",\"width\":605,\"height\":179,\"caption\":\"UNRO\"},\"image\":{\"@id\":\"https:\\\/\\\/unrostore.com\\\/#\\\/schema\\\/logo\\\/image\\\/\"}}]}<\/script>\n<!-- \/ Yoast SEO plugin. -->","yoast_head_json":{"title":"Service de vaisselle color\u00e9 16 pi\u00e8ces avec assiettes et bols \u00e0 p\u00e2tes - UNRO","description":"L'ensemble de vaisselle color\u00e9e 16 pi\u00e8ces avec assiettes \u00e0 p\u00e2tes et bols illumine chaque plat. \u00c0 savourer ensemble tous les jours et lors des grandes occasions !","robots":{"index":"index","follow":"follow","max-snippet":"max-snippet:-1","max-image-preview":"max-image-preview:large","max-video-preview":"max-video-preview:-1"},"canonical":"https:\/\/unrostore.com\/fr-fr\/boutique\/terrafina\/coraux\/set-de-vaisselle-colore-16-pcs-avec-assiettes-a-pates-et-bols\/","og_locale":"fr_FR","og_type":"article","og_title":"Serviesset gekleurd 16 delig met Pastaborden en Kommen &#8226; UNRO","og_description":"De serviesset gekleurd 16 delig met pastaborden en kommen vrolijkt elk gerecht op. Om samen dagelijks van te genieten \u00e9n bij bijzondere momenten!","og_url":"https:\/\/unrostore.com\/fr-fr\/boutique\/terrafina\/coraux\/set-de-vaisselle-colore-16-pcs-avec-assiettes-a-pates-et-bols\/","og_site_name":"UNRO","article_modified_time":"2026-01-19T20:37:23+00:00","og_image":[{"width":1000,"height":1000,"url":"https:\/\/unrostore.com\/wp-content\/uploads\/2023\/07\/unro-gekleurde-serviesset-16-delig.webp","type":"image\/webp"}],"twitter_card":"summary_large_image","schema":{"@context":"https:\/\/schema.org","@graph":[{"@type":"WebPage","@id":"https:\/\/unrostore.com\/shop\/terrafina\/corals\/serviesset-gekleurd-16-delig-met-pastaborden-en-kommen\/","url":"https:\/\/unrostore.com\/shop\/terrafina\/corals\/serviesset-gekleurd-16-delig-met-pastaborden-en-kommen\/","name":"Service de vaisselle color\u00e9 16 pi\u00e8ces avec assiettes et bols \u00e0 p\u00e2tes - UNRO","isPartOf":{"@id":"https:\/\/unrostore.com\/#website"},"primaryImageOfPage":{"@id":"https:\/\/unrostore.com\/shop\/terrafina\/corals\/serviesset-gekleurd-16-delig-met-pastaborden-en-kommen\/#primaryimage"},"image":{"@id":"https:\/\/unrostore.com\/shop\/terrafina\/corals\/serviesset-gekleurd-16-delig-met-pastaborden-en-kommen\/#primaryimage"},"thumbnailUrl":"https:\/\/unrostore.com\/wp-content\/uploads\/2023\/07\/unro-gekleurde-serviesset-16-delig.webp","datePublished":"2023-07-29T19:07:56+00:00","dateModified":"2026-01-19T20:37:23+00:00","description":"L'ensemble de vaisselle color\u00e9e 16 pi\u00e8ces avec assiettes \u00e0 p\u00e2tes et bols illumine chaque plat. \u00c0 savourer ensemble tous les jours et lors des grandes occasions !","breadcrumb":{"@id":"https:\/\/unrostore.com\/shop\/terrafina\/corals\/serviesset-gekleurd-16-delig-met-pastaborden-en-kommen\/#breadcrumb"},"inLanguage":"fr-FR","potentialAction":[{"@type":"ReadAction","target":["https:\/\/unrostore.com\/shop\/terrafina\/corals\/serviesset-gekleurd-16-delig-met-pastaborden-en-kommen\/"]}]},{"@type":"ImageObject","inLanguage":"fr-FR","@id":"https:\/\/unrostore.com\/shop\/terrafina\/corals\/serviesset-gekleurd-16-delig-met-pastaborden-en-kommen\/#primaryimage","url":"https:\/\/unrostore.com\/wp-content\/uploads\/2023\/07\/unro-gekleurde-serviesset-16-delig.webp","contentUrl":"https:\/\/unrostore.com\/wp-content\/uploads\/2023\/07\/unro-gekleurde-serviesset-16-delig.webp","width":1000,"height":1000,"caption":"Gekleurde Serviesset 16-delig"},{"@type":"BreadcrumbList","@id":"https:\/\/unrostore.com\/shop\/terrafina\/corals\/serviesset-gekleurd-16-delig-met-pastaborden-en-kommen\/#breadcrumb","itemListElement":[{"@type":"ListItem","position":1,"name":"Home","item":"https:\/\/unrostore.com\/"},{"@type":"ListItem","position":2,"name":"Shop","item":"https:\/\/unrostore.com\/shop\/"},{"@type":"ListItem","position":3,"name":"Serviesset gekleurd 16 delig met Pastaborden en Kommen"}]},{"@type":"WebSite","@id":"https:\/\/unrostore.com\/#website","url":"https:\/\/unrostore.com\/","name":"UNRO","description":"De la vaisselle portugaise qui vous rendra heureux !","publisher":{"@id":"https:\/\/unrostore.com\/#organization"},"potentialAction":[{"@type":"SearchAction","target":{"@type":"EntryPoint","urlTemplate":"https:\/\/unrostore.com\/?s={search_term_string}"},"query-input":{"@type":"PropertyValueSpecification","valueRequired":true,"valueName":"search_term_string"}}],"inLanguage":"fr-FR"},{"@type":"Organization","@id":"https:\/\/unrostore.com\/#organization","name":"UNRO","url":"https:\/\/unrostore.com\/","logo":{"@type":"ImageObject","inLanguage":"fr-FR","@id":"https:\/\/unrostore.com\/#\/schema\/logo\/image\/","url":"https:\/\/unrostore.com\/wp-content\/uploads\/2022\/05\/Logo-UNRO.png","contentUrl":"https:\/\/unrostore.com\/wp-content\/uploads\/2022\/05\/Logo-UNRO.png","width":605,"height":179,"caption":"UNRO"},"image":{"@id":"https:\/\/unrostore.com\/#\/schema\/logo\/image\/"}}]}},"_links":{"self":[{"href":"https:\/\/unrostore.com\/fr-fr\/wp-json\/wp\/v2\/product\/5063","targetHints":{"allow":["GET"]}}],"collection":[{"href":"https:\/\/unrostore.com\/fr-fr\/wp-json\/wp\/v2\/product"}],"about":[{"href":"https:\/\/unrostore.com\/fr-fr\/wp-json\/wp\/v2\/types\/product"}],"wp:featuredmedia":[{"embeddable":true,"href":"https:\/\/unrostore.com\/fr-fr\/wp-json\/wp\/v2\/media\/6416"}],"wp:attachment":[{"href":"https:\/\/unrostore.com\/fr-fr\/wp-json\/wp\/v2\/media?parent=5063"}],"wp:term":[{"taxonomy":"product_brand","embeddable":true,"href":"https:\/\/unrostore.com\/fr-fr\/wp-json\/wp\/v2\/product_brand?post=5063"},{"taxonomy":"product_cat","embeddable":true,"href":"https:\/\/unrostore.com\/fr-fr\/wp-json\/wp\/v2\/product_cat?post=5063"},{"taxonomy":"product_tag","embeddable":true,"href":"https:\/\/unrostore.com\/fr-fr\/wp-json\/wp\/v2\/product_tag?post=5063"}],"curies":[{"name":"wp","href":"https:\/\/api.w.org\/{rel}","templated":true}]}}