{"id":5049,"date":"2023-07-29T11:22:32","date_gmt":"2023-07-29T11:22:32","guid":{"rendered":"https:\/\/unrostore.com\/?post_type=product&#038;p=5049"},"modified":"2026-01-19T20:37:24","modified_gmt":"2026-01-19T20:37:24","slug":"set-de-table-creme-16-pcs-amazonia-creme","status":"publish","type":"product","link":"https:\/\/unrostore.com\/fr-fr\/boutique\/terrafina\/creme-damazonie-2\/set-de-table-creme-16-pcs-amazonia-creme\/","title":{"rendered":"Vaisselle cr\u00e8me 16 pi\u00e8ces avec assiettes \u00e0 p\u00e2tes et bols"},"content":{"rendered":"<h3>Un service complet de cr\u00e8me 16 pi\u00e8ces avec assiettes et bols \u00e0 p\u00e2tes pour 4 personnes (16 pi\u00e8ces)<\/h3>\n<p>Avec la\u00a0<strong>Vaisselle cr\u00e8me 16 pi\u00e8ces avec assiettes \u00e0 p\u00e2tes et bols<\/strong> de <a href=\"https:\/\/www.terrafinastore.com\/en\/collections\/amazonia\">Terrafina<\/a>, avec la collection Amazonia Cream, vous disposez d'un service de vaisselle complet de 16 pi\u00e8ces pour le petit d\u00e9jeuner, le brunch, le d\u00e9jeuner, l'ap\u00e9ritif et le d\u00eener ! Avec cet ensemble de vaisselle de couleur beige, vous appr\u00e9cierez chaque jour un repas simple ou \u00e9labor\u00e9. Appr\u00e9ciez cette belle vaisselle en famille ou entre amis, qui passe \u00e9galement au lave-vaisselle. Chaque assiette est unique car elle est fabriqu\u00e9e \u00e0 la main au Portugal \u00e0 partir de la meilleure c\u00e9ramique : le gr\u00e8s pur. L'ensemble de vaisselle beige peut \u00eatre pr\u00e9par\u00e9 pour plusieurs personnes et peut \u00eatre compl\u00e9t\u00e9 par des assiettes assorties. <a href=\"https:\/\/unrostore.com\/fr-fr\/boutique\/terrafina\/creme-damazonie-2\/beige-mokken-amazonia-cream-2-delig\/\">tasses \u00e0 cappuccino<\/a>, <a href=\"https:\/\/unrostore.com\/fr-fr\/boutique\/terrafina\/creme-damazonie-2\/beige-espressokopjes-amazonia-cream-2-delig\/\">tasses \u00e0 espresso<\/a> et un <a href=\"https:\/\/unrostore.com\/fr-fr\/boutique\/terrafina\/creme-damazonie-2\/fruitschaal-beige-amazonia-cream\/\">coupe \u00e0 fruits\/coupe \u00e0 salade<\/a>. En outre, ce service de table est un cadeau id\u00e9al pour un mariage, un anniversaire ou une pendaison de cr\u00e9maill\u00e8re !<\/p>\n<h3>C'est le num\u00e9ro que vous recevez<\/h3>\n<ul>\n<li>4x Bols Amazonia Cream \u00f8 15 cm<\/li>\n<li>4x Assiettes \u00e0 p\u00e2tes Amazonia Cream \u00f8 23 cm<\/li>\n<li>4x Assiettes \u00e0 d\u00e9jeuner Amazonia Cream \u00f8 21 cm<\/li>\n<li>4x Assiettes plates Amazonia Cream \u00f8 29 cm<\/li>\n<li>5x Terrafina bo\u00eete cadeau<\/li>\n<\/ul>\n<p>&nbsp;<\/p>\n<p><em><strong>Durable pour les personnes et l'environnement :<\/strong><br \/>\nChaque produit est unique car il est fabriqu\u00e9 \u00e0 la main.<br \/>\nL'impression et la texture peuvent donc diff\u00e9rer l\u00e9g\u00e8rement de la photo du produit.<\/em><\/p>","protected":false},"excerpt":{"rendered":"<div class=\"usps\"><i class=\"far fa-check-circle\"><\/i> R\u00e9sistant aux micro-ondes<br \/>\n<i class=\"far fa-check-circle\"><\/i> R\u00e9siste au four (jusqu'\u00e0 200 degr\u00e9s)<br \/>\n<i class=\"far fa-check-circle\"><\/i> Lavable au lave-vaisselle<br \/>\n<i class=\"far fa-thumbs-up\"><\/i> Fait \u00e0 la main<\/div>","protected":false},"featured_media":6417,"template":"","meta":[],"product_brand":[],"product_cat":[144,730,122,119],"product_tag":[696,145,800,284,289,620,765,801,767,405,649,123],"class_list":{"0":"post-5049","1":"product","2":"type-product","3":"status-publish","4":"has-post-thumbnail","6":"product_cat-amazonia-cream","7":"product_cat-servies-16-delig","8":"product_cat-serviesset","9":"product_cat-terrafina","10":"product_tag-acai-bowl","11":"product_tag-amazonia-cream","12":"product_tag-beige-servies","13":"product_tag-dinerborden","14":"product_tag-ontbijtborden","15":"product_tag-pastaborden-en-kommen","16":"product_tag-servies-16-delig","17":"product_tag-servies-beige","18":"product_tag-serviesset-beige","19":"product_tag-serviesset-pastaborden","20":"product_tag-serviesset-voor-4-personen","21":"product_tag-terrafina","22":"product_shipping_class-pakket","24":"first","25":"outofstock","26":"sale","27":"taxable","28":"shipping-taxable","29":"purchasable","30":"product-type-simple"},"yoast_head":"<!-- This site is optimized with the Yoast SEO plugin v27.4 - https:\/\/yoast.com\/product\/yoast-seo-wordpress\/ -->\n<title>Creme Servies 16 delig met Pastaborden en Kommen &#8226; UNRO<\/title>\n<meta name=\"description\" content=\"De 16-delige creme servies met pastaborden en kommen is ideaal om van elk gerecht te kunnen genieten, elke dag en tijdens speciale gelegenheden!\" \/>\n<meta name=\"robots\" content=\"index, follow, max-snippet:-1, max-image-preview:large, max-video-preview:-1\" \/>\n<link rel=\"canonical\" href=\"https:\/\/unrostore.com\/fr-fr\/boutique\/terrafina\/creme-damazonie-2\/set-de-table-creme-16-pcs-amazonia-creme\/\" \/>\n<meta property=\"og:locale\" content=\"fr_FR\" \/>\n<meta property=\"og:type\" content=\"article\" \/>\n<meta property=\"og:title\" content=\"Creme Servies 16 delig met Pastaborden en Kommen &#8226; UNRO\" \/>\n<meta property=\"og:description\" content=\"De 16-delige creme servies met pastaborden en kommen is ideaal om van elk gerecht te kunnen genieten, elke dag en tijdens speciale gelegenheden!\" \/>\n<meta property=\"og:url\" content=\"https:\/\/unrostore.com\/fr-fr\/boutique\/terrafina\/creme-damazonie-2\/set-de-table-creme-16-pcs-amazonia-creme\/\" \/>\n<meta property=\"og:site_name\" content=\"UNRO\" \/>\n<meta property=\"article:modified_time\" content=\"2026-01-19T20:37:24+00:00\" \/>\n<meta property=\"og:image\" content=\"https:\/\/unrostore.com\/wp-content\/uploads\/2023\/07\/unro-creme-serviesset-16-delig.webp\" \/>\n\t<meta property=\"og:image:width\" content=\"1000\" \/>\n\t<meta property=\"og:image:height\" content=\"1000\" \/>\n\t<meta property=\"og:image:type\" content=\"image\/webp\" \/>\n<meta name=\"twitter:card\" content=\"summary_large_image\" \/>\n<script type=\"application\/ld+json\" class=\"yoast-schema-graph\">{\"@context\":\"https:\\\/\\\/schema.org\",\"@graph\":[{\"@type\":\"WebPage\",\"@id\":\"https:\\\/\\\/unrostore.com\\\/shop\\\/terrafina\\\/amazonia-cream\\\/creme-serviesset-16-delig-amazonia-cream\\\/\",\"url\":\"https:\\\/\\\/unrostore.com\\\/shop\\\/terrafina\\\/amazonia-cream\\\/creme-serviesset-16-delig-amazonia-cream\\\/\",\"name\":\"Creme Servies 16 delig met Pastaborden en Kommen &#8226; UNRO\",\"isPartOf\":{\"@id\":\"https:\\\/\\\/unrostore.com\\\/#website\"},\"primaryImageOfPage\":{\"@id\":\"https:\\\/\\\/unrostore.com\\\/shop\\\/terrafina\\\/amazonia-cream\\\/creme-serviesset-16-delig-amazonia-cream\\\/#primaryimage\"},\"image\":{\"@id\":\"https:\\\/\\\/unrostore.com\\\/shop\\\/terrafina\\\/amazonia-cream\\\/creme-serviesset-16-delig-amazonia-cream\\\/#primaryimage\"},\"thumbnailUrl\":\"https:\\\/\\\/unrostore.com\\\/wp-content\\\/uploads\\\/2023\\\/07\\\/unro-creme-serviesset-16-delig.webp\",\"datePublished\":\"2023-07-29T11:22:32+00:00\",\"dateModified\":\"2026-01-19T20:37:24+00:00\",\"description\":\"De 16-delige creme servies met pastaborden en kommen is ideaal om van elk gerecht te kunnen genieten, elke dag en tijdens speciale gelegenheden!\",\"breadcrumb\":{\"@id\":\"https:\\\/\\\/unrostore.com\\\/shop\\\/terrafina\\\/amazonia-cream\\\/creme-serviesset-16-delig-amazonia-cream\\\/#breadcrumb\"},\"inLanguage\":\"fr-FR\",\"potentialAction\":[{\"@type\":\"ReadAction\",\"target\":[\"https:\\\/\\\/unrostore.com\\\/shop\\\/terrafina\\\/amazonia-cream\\\/creme-serviesset-16-delig-amazonia-cream\\\/\"]}]},{\"@type\":\"ImageObject\",\"inLanguage\":\"fr-FR\",\"@id\":\"https:\\\/\\\/unrostore.com\\\/shop\\\/terrafina\\\/amazonia-cream\\\/creme-serviesset-16-delig-amazonia-cream\\\/#primaryimage\",\"url\":\"https:\\\/\\\/unrostore.com\\\/wp-content\\\/uploads\\\/2023\\\/07\\\/unro-creme-serviesset-16-delig.webp\",\"contentUrl\":\"https:\\\/\\\/unrostore.com\\\/wp-content\\\/uploads\\\/2023\\\/07\\\/unro-creme-serviesset-16-delig.webp\",\"width\":1000,\"height\":1000,\"caption\":\"Creme serviesset 16-delig\"},{\"@type\":\"BreadcrumbList\",\"@id\":\"https:\\\/\\\/unrostore.com\\\/shop\\\/terrafina\\\/amazonia-cream\\\/creme-serviesset-16-delig-amazonia-cream\\\/#breadcrumb\",\"itemListElement\":[{\"@type\":\"ListItem\",\"position\":1,\"name\":\"Home\",\"item\":\"https:\\\/\\\/unrostore.com\\\/\"},{\"@type\":\"ListItem\",\"position\":2,\"name\":\"Shop\",\"item\":\"https:\\\/\\\/unrostore.com\\\/shop\\\/\"},{\"@type\":\"ListItem\",\"position\":3,\"name\":\"Creme Servies 16 delig met Pastaborden en Kommen\"}]},{\"@type\":\"WebSite\",\"@id\":\"https:\\\/\\\/unrostore.com\\\/#website\",\"url\":\"https:\\\/\\\/unrostore.com\\\/\",\"name\":\"UNRO\",\"description\":\"Portugees servies waar je blij van wordt!\",\"publisher\":{\"@id\":\"https:\\\/\\\/unrostore.com\\\/#organization\"},\"potentialAction\":[{\"@type\":\"SearchAction\",\"target\":{\"@type\":\"EntryPoint\",\"urlTemplate\":\"https:\\\/\\\/unrostore.com\\\/?s={search_term_string}\"},\"query-input\":{\"@type\":\"PropertyValueSpecification\",\"valueRequired\":true,\"valueName\":\"search_term_string\"}}],\"inLanguage\":\"fr-FR\"},{\"@type\":\"Organization\",\"@id\":\"https:\\\/\\\/unrostore.com\\\/#organization\",\"name\":\"UNRO\",\"url\":\"https:\\\/\\\/unrostore.com\\\/\",\"logo\":{\"@type\":\"ImageObject\",\"inLanguage\":\"fr-FR\",\"@id\":\"https:\\\/\\\/unrostore.com\\\/#\\\/schema\\\/logo\\\/image\\\/\",\"url\":\"https:\\\/\\\/unrostore.com\\\/wp-content\\\/uploads\\\/2022\\\/05\\\/Logo-UNRO.png\",\"contentUrl\":\"https:\\\/\\\/unrostore.com\\\/wp-content\\\/uploads\\\/2022\\\/05\\\/Logo-UNRO.png\",\"width\":605,\"height\":179,\"caption\":\"UNRO\"},\"image\":{\"@id\":\"https:\\\/\\\/unrostore.com\\\/#\\\/schema\\\/logo\\\/image\\\/\"}}]}<\/script>\n<!-- \/ Yoast SEO plugin. -->","yoast_head_json":{"title":"Vaisselle cr\u00e8me 16 pi\u00e8ces avec assiettes et bols \u00e0 p\u00e2tes - UNRO","description":"Le service de table cr\u00e8me 16 pi\u00e8ces avec assiettes \u00e0 p\u00e2tes et bols est id\u00e9al pour d\u00e9guster tous les plats, tous les jours et lors des grandes occasions !","robots":{"index":"index","follow":"follow","max-snippet":"max-snippet:-1","max-image-preview":"max-image-preview:large","max-video-preview":"max-video-preview:-1"},"canonical":"https:\/\/unrostore.com\/fr-fr\/boutique\/terrafina\/creme-damazonie-2\/set-de-table-creme-16-pcs-amazonia-creme\/","og_locale":"fr_FR","og_type":"article","og_title":"Creme Servies 16 delig met Pastaborden en Kommen &#8226; UNRO","og_description":"De 16-delige creme servies met pastaborden en kommen is ideaal om van elk gerecht te kunnen genieten, elke dag en tijdens speciale gelegenheden!","og_url":"https:\/\/unrostore.com\/fr-fr\/boutique\/terrafina\/creme-damazonie-2\/set-de-table-creme-16-pcs-amazonia-creme\/","og_site_name":"UNRO","article_modified_time":"2026-01-19T20:37:24+00:00","og_image":[{"width":1000,"height":1000,"url":"https:\/\/unrostore.com\/wp-content\/uploads\/2023\/07\/unro-creme-serviesset-16-delig.webp","type":"image\/webp"}],"twitter_card":"summary_large_image","schema":{"@context":"https:\/\/schema.org","@graph":[{"@type":"WebPage","@id":"https:\/\/unrostore.com\/shop\/terrafina\/amazonia-cream\/creme-serviesset-16-delig-amazonia-cream\/","url":"https:\/\/unrostore.com\/shop\/terrafina\/amazonia-cream\/creme-serviesset-16-delig-amazonia-cream\/","name":"Vaisselle cr\u00e8me 16 pi\u00e8ces avec assiettes et bols \u00e0 p\u00e2tes - UNRO","isPartOf":{"@id":"https:\/\/unrostore.com\/#website"},"primaryImageOfPage":{"@id":"https:\/\/unrostore.com\/shop\/terrafina\/amazonia-cream\/creme-serviesset-16-delig-amazonia-cream\/#primaryimage"},"image":{"@id":"https:\/\/unrostore.com\/shop\/terrafina\/amazonia-cream\/creme-serviesset-16-delig-amazonia-cream\/#primaryimage"},"thumbnailUrl":"https:\/\/unrostore.com\/wp-content\/uploads\/2023\/07\/unro-creme-serviesset-16-delig.webp","datePublished":"2023-07-29T11:22:32+00:00","dateModified":"2026-01-19T20:37:24+00:00","description":"Le service de table cr\u00e8me 16 pi\u00e8ces avec assiettes \u00e0 p\u00e2tes et bols est id\u00e9al pour d\u00e9guster tous les plats, tous les jours et lors des grandes occasions !","breadcrumb":{"@id":"https:\/\/unrostore.com\/shop\/terrafina\/amazonia-cream\/creme-serviesset-16-delig-amazonia-cream\/#breadcrumb"},"inLanguage":"fr-FR","potentialAction":[{"@type":"ReadAction","target":["https:\/\/unrostore.com\/shop\/terrafina\/amazonia-cream\/creme-serviesset-16-delig-amazonia-cream\/"]}]},{"@type":"ImageObject","inLanguage":"fr-FR","@id":"https:\/\/unrostore.com\/shop\/terrafina\/amazonia-cream\/creme-serviesset-16-delig-amazonia-cream\/#primaryimage","url":"https:\/\/unrostore.com\/wp-content\/uploads\/2023\/07\/unro-creme-serviesset-16-delig.webp","contentUrl":"https:\/\/unrostore.com\/wp-content\/uploads\/2023\/07\/unro-creme-serviesset-16-delig.webp","width":1000,"height":1000,"caption":"Creme serviesset 16-delig"},{"@type":"BreadcrumbList","@id":"https:\/\/unrostore.com\/shop\/terrafina\/amazonia-cream\/creme-serviesset-16-delig-amazonia-cream\/#breadcrumb","itemListElement":[{"@type":"ListItem","position":1,"name":"Home","item":"https:\/\/unrostore.com\/"},{"@type":"ListItem","position":2,"name":"Shop","item":"https:\/\/unrostore.com\/shop\/"},{"@type":"ListItem","position":3,"name":"Creme Servies 16 delig met Pastaborden en Kommen"}]},{"@type":"WebSite","@id":"https:\/\/unrostore.com\/#website","url":"https:\/\/unrostore.com\/","name":"UNRO","description":"De la vaisselle portugaise qui vous rendra heureux !","publisher":{"@id":"https:\/\/unrostore.com\/#organization"},"potentialAction":[{"@type":"SearchAction","target":{"@type":"EntryPoint","urlTemplate":"https:\/\/unrostore.com\/?s={search_term_string}"},"query-input":{"@type":"PropertyValueSpecification","valueRequired":true,"valueName":"search_term_string"}}],"inLanguage":"fr-FR"},{"@type":"Organization","@id":"https:\/\/unrostore.com\/#organization","name":"UNRO","url":"https:\/\/unrostore.com\/","logo":{"@type":"ImageObject","inLanguage":"fr-FR","@id":"https:\/\/unrostore.com\/#\/schema\/logo\/image\/","url":"https:\/\/unrostore.com\/wp-content\/uploads\/2022\/05\/Logo-UNRO.png","contentUrl":"https:\/\/unrostore.com\/wp-content\/uploads\/2022\/05\/Logo-UNRO.png","width":605,"height":179,"caption":"UNRO"},"image":{"@id":"https:\/\/unrostore.com\/#\/schema\/logo\/image\/"}}]}},"_links":{"self":[{"href":"https:\/\/unrostore.com\/fr-fr\/wp-json\/wp\/v2\/product\/5049","targetHints":{"allow":["GET"]}}],"collection":[{"href":"https:\/\/unrostore.com\/fr-fr\/wp-json\/wp\/v2\/product"}],"about":[{"href":"https:\/\/unrostore.com\/fr-fr\/wp-json\/wp\/v2\/types\/product"}],"wp:featuredmedia":[{"embeddable":true,"href":"https:\/\/unrostore.com\/fr-fr\/wp-json\/wp\/v2\/media\/6417"}],"wp:attachment":[{"href":"https:\/\/unrostore.com\/fr-fr\/wp-json\/wp\/v2\/media?parent=5049"}],"wp:term":[{"taxonomy":"product_brand","embeddable":true,"href":"https:\/\/unrostore.com\/fr-fr\/wp-json\/wp\/v2\/product_brand?post=5049"},{"taxonomy":"product_cat","embeddable":true,"href":"https:\/\/unrostore.com\/fr-fr\/wp-json\/wp\/v2\/product_cat?post=5049"},{"taxonomy":"product_tag","embeddable":true,"href":"https:\/\/unrostore.com\/fr-fr\/wp-json\/wp\/v2\/product_tag?post=5049"}],"curies":[{"name":"wp","href":"https:\/\/api.w.org\/{rel}","templated":true}]}}