{"id":4931,"date":"2023-07-16T13:33:51","date_gmt":"2023-07-16T13:33:51","guid":{"rendered":"https:\/\/unrostore.com\/?post_type=product&#038;p=4931"},"modified":"2026-01-19T20:37:24","modified_gmt":"2026-01-19T20:37:24","slug":"assiettes-a-pates-colorees-set-de-4-coraux","status":"publish","type":"product","link":"https:\/\/unrostore.com\/fr-fr\/boutique\/terrafina\/coraux\/assiettes-a-pates-colorees-set-de-4-coraux\/","title":{"rendered":"Assiettes \u00e0 p\u00e2tes color\u00e9es Corals - 4 pi\u00e8ces"},"content":{"rendered":"<h3>D\u00e9couvrez le jeu de couleurs des assiettes \u00e0 p\u00e2tes color\u00e9es Corals set de 4<\/h3>\n<p>Le<strong> assiettes \u00e0 p\u00e2tes corail color\u00e9es <\/strong>ensemble de 4 assiettes creuses de marque portugaise <a href=\"https:\/\/www.terrafinastore.com\/en\/collections\/sail\">Terrafina<\/a> sont des assiettes \u00e0 p\u00e2tes qui vous rendront heureux. En tant qu'assiettes creuses en c\u00e9ramique aux couleurs bleu et jaune, elles sont \u00e9galement pratiques en tant que bol d'a\u00e7a\u00ef, assiettes creuses et assiettes \u00e0 salade. Pr\u00e9parez votre plat pr\u00e9f\u00e9r\u00e9 et surprenez vos invit\u00e9s et vous-m\u00eame avec cette exp\u00e9rience de restaurant luxueux. Vous \u00eates toujours \u00e0 la recherche d'un beau cadeau pour un anniversaire, une pendaison de cr\u00e9maill\u00e8re ou un anniversaire de mariage? Les assiettes \u00e0 p\u00e2tes Corals sont parfaites pour cela, d\u00e9couvrez leur commodit\u00e9, leur polyvalence et leurs belles couleurs!<\/p>\n<p>Conseil d'UNRO pour les combinaisons: lorsque vous cuisinez plusieurs plats, il est utile d'utiliser des assiettes de couleurs diff\u00e9rentes: <a href=\"https:\/\/unrostore.com\/fr-fr\/boutique\/terrafina\/coraux\/kleurrijk-dinerborden-corals-4-delig\/\">assiettes plates<\/a>, <a href=\"https:\/\/unrostore.com\/fr-fr\/boutique\/terrafina\/coraux\/corals-serveerschalen-2-groottes\/\">plats de service color\u00e9s<\/a> et <a href=\"https:\/\/unrostore.com\/fr-fr\/boutique\/terrafina\/coraux\/corals-kleurrijk-saladekom\/\">saladier color\u00e9<\/a> et sont un excellent compl\u00e9ment \u00e0 votre table joliment dress\u00e9e!<\/p>\n<h3>C'est le nombre d'assiettes de p\u00e2tes qui vous sont livr\u00e9es :<\/h3>\n<ul>\n<li><strong>4x<\/strong>\u00a0Assiettes \u00e0 p\u00e2tes Corals \u00f8 23 cm<\/li>\n<li><strong>1x\u00a0<\/strong>Terrafina bo\u00eete cadeau<\/li>\n<\/ul>\n<p>\u00a0<\/p>\n<p><em><strong>Duurzaam voor mens & milieu:<\/strong><br \/>\nchaque produit est unique car il est fabriqu\u00e9 \u00e0 la main.<br \/>\nL'impression et la texture peuvent donc diff\u00e9rer l\u00e9g\u00e8rement de la photo du produit.<\/em><\/p>","protected":false},"excerpt":{"rendered":"<div class=\"usps\"><i class=\"far fa-check-circle\"><\/i> R\u00e9sistant aux micro-ondes<br \/>\n<i class=\"far fa-check-circle\"><\/i> R\u00e9siste au four (jusqu'\u00e0 200 degr\u00e9s)<br \/>\n<i class=\"far fa-check-circle\"><\/i> Lavable au lave-vaisselle<br \/>\n<i class=\"far fa-thumbs-up\"><\/i> Fait \u00e0 la main<\/div>","protected":false},"featured_media":7088,"template":"","meta":[],"product_brand":[],"product_cat":[235,127,585,119],"product_tag":[696,129,622,590,238,601,623,772,404,243,589,588,123],"class_list":{"0":"post-4931","1":"product","2":"type-product","3":"status-publish","4":"has-post-thumbnail","6":"product_cat-borden","7":"product_cat-corals","8":"product_cat-pastaborden","9":"product_cat-terrafina","10":"product_tag-acai-bowl","11":"product_tag-borden","12":"product_tag-corals-pastaborden","13":"product_tag-diepe-borden","14":"product_tag-grote-borden","15":"product_tag-hapjesschaal","16":"product_tag-kleurrijk-pastaborden","17":"product_tag-pasta-borden-gekleurd","18":"product_tag-pastaborden","19":"product_tag-salade-borden","20":"product_tag-saladeborden","21":"product_tag-soepborden","22":"product_tag-terrafina","23":"product_shipping_class-pakket","25":"first","26":"outofstock","27":"sale","28":"taxable","29":"shipping-taxable","30":"purchasable","31":"product-type-simple"},"yoast_head":"<!-- This site is optimized with the Yoast SEO plugin v27.5 - https:\/\/yoast.com\/product\/yoast-seo-wordpress\/ -->\n<title>Pasta Borden Gekleurd Corals set van 4 &#8226; UNRO<\/title>\n<meta name=\"description\" content=\"Wordt elke dag blij van het vrolijke kleurenspel van de unieke Portugese Pasta Borden Gekleurd Corals set van 4 diepe borden met blauwe en gele kleuren!\" \/>\n<meta name=\"robots\" content=\"index, follow, max-snippet:-1, max-image-preview:large, max-video-preview:-1\" \/>\n<link rel=\"canonical\" href=\"https:\/\/unrostore.com\/fr-fr\/boutique\/terrafina\/coraux\/assiettes-a-pates-colorees-set-de-4-coraux\/\" \/>\n<meta property=\"og:locale\" content=\"fr_FR\" \/>\n<meta property=\"og:type\" content=\"article\" \/>\n<meta property=\"og:title\" content=\"Pasta Borden Gekleurd Corals set van 4 &#8226; UNRO\" \/>\n<meta property=\"og:description\" content=\"Wordt elke dag blij van het vrolijke kleurenspel van de unieke Portugese Pasta Borden Gekleurd Corals set van 4 diepe borden met blauwe en gele kleuren!\" \/>\n<meta property=\"og:url\" content=\"https:\/\/unrostore.com\/fr-fr\/boutique\/terrafina\/coraux\/assiettes-a-pates-colorees-set-de-4-coraux\/\" \/>\n<meta property=\"og:site_name\" content=\"UNRO\" \/>\n<meta property=\"article:modified_time\" content=\"2026-01-19T20:37:24+00:00\" \/>\n<meta property=\"og:image\" content=\"https:\/\/unrostore.com\/wp-content\/uploads\/2023\/07\/unro-soepkommen-gekleurd-pastaborden.webp\" \/>\n\t<meta property=\"og:image:width\" content=\"1000\" \/>\n\t<meta property=\"og:image:height\" content=\"1000\" \/>\n\t<meta property=\"og:image:type\" content=\"image\/webp\" \/>\n<meta name=\"twitter:card\" content=\"summary_large_image\" \/>\n<script type=\"application\/ld+json\" class=\"yoast-schema-graph\">{\"@context\":\"https:\\\/\\\/schema.org\",\"@graph\":[{\"@type\":\"WebPage\",\"@id\":\"https:\\\/\\\/unrostore.com\\\/shop\\\/terrafina\\\/corals\\\/pasta-borden-gekleurd-set-van-4-corals\\\/\",\"url\":\"https:\\\/\\\/unrostore.com\\\/shop\\\/terrafina\\\/corals\\\/pasta-borden-gekleurd-set-van-4-corals\\\/\",\"name\":\"Pasta Borden Gekleurd Corals set van 4 &#8226; UNRO\",\"isPartOf\":{\"@id\":\"https:\\\/\\\/unrostore.com\\\/#website\"},\"primaryImageOfPage\":{\"@id\":\"https:\\\/\\\/unrostore.com\\\/shop\\\/terrafina\\\/corals\\\/pasta-borden-gekleurd-set-van-4-corals\\\/#primaryimage\"},\"image\":{\"@id\":\"https:\\\/\\\/unrostore.com\\\/shop\\\/terrafina\\\/corals\\\/pasta-borden-gekleurd-set-van-4-corals\\\/#primaryimage\"},\"thumbnailUrl\":\"https:\\\/\\\/unrostore.com\\\/wp-content\\\/uploads\\\/2023\\\/07\\\/unro-soepkommen-gekleurd-pastaborden.webp\",\"datePublished\":\"2023-07-16T13:33:51+00:00\",\"dateModified\":\"2026-01-19T20:37:24+00:00\",\"description\":\"Wordt elke dag blij van het vrolijke kleurenspel van de unieke Portugese Pasta Borden Gekleurd Corals set van 4 diepe borden met blauwe en gele kleuren!\",\"breadcrumb\":{\"@id\":\"https:\\\/\\\/unrostore.com\\\/shop\\\/terrafina\\\/corals\\\/pasta-borden-gekleurd-set-van-4-corals\\\/#breadcrumb\"},\"inLanguage\":\"fr-FR\",\"potentialAction\":[{\"@type\":\"ReadAction\",\"target\":[\"https:\\\/\\\/unrostore.com\\\/shop\\\/terrafina\\\/corals\\\/pasta-borden-gekleurd-set-van-4-corals\\\/\"]}]},{\"@type\":\"ImageObject\",\"inLanguage\":\"fr-FR\",\"@id\":\"https:\\\/\\\/unrostore.com\\\/shop\\\/terrafina\\\/corals\\\/pasta-borden-gekleurd-set-van-4-corals\\\/#primaryimage\",\"url\":\"https:\\\/\\\/unrostore.com\\\/wp-content\\\/uploads\\\/2023\\\/07\\\/unro-soepkommen-gekleurd-pastaborden.webp\",\"contentUrl\":\"https:\\\/\\\/unrostore.com\\\/wp-content\\\/uploads\\\/2023\\\/07\\\/unro-soepkommen-gekleurd-pastaborden.webp\",\"width\":1000,\"height\":1000,\"caption\":\"pasta borden gekleurd\"},{\"@type\":\"BreadcrumbList\",\"@id\":\"https:\\\/\\\/unrostore.com\\\/shop\\\/terrafina\\\/corals\\\/pasta-borden-gekleurd-set-van-4-corals\\\/#breadcrumb\",\"itemListElement\":[{\"@type\":\"ListItem\",\"position\":1,\"name\":\"Home\",\"item\":\"https:\\\/\\\/unrostore.com\\\/\"},{\"@type\":\"ListItem\",\"position\":2,\"name\":\"Shop\",\"item\":\"https:\\\/\\\/unrostore.com\\\/shop\\\/\"},{\"@type\":\"ListItem\",\"position\":3,\"name\":\"Pasta Borden Gekleurd Corals set van 4\"}]},{\"@type\":\"WebSite\",\"@id\":\"https:\\\/\\\/unrostore.com\\\/#website\",\"url\":\"https:\\\/\\\/unrostore.com\\\/\",\"name\":\"UNRO\",\"description\":\"Portugees servies waar je blij van wordt!\",\"publisher\":{\"@id\":\"https:\\\/\\\/unrostore.com\\\/#organization\"},\"potentialAction\":[{\"@type\":\"SearchAction\",\"target\":{\"@type\":\"EntryPoint\",\"urlTemplate\":\"https:\\\/\\\/unrostore.com\\\/?s={search_term_string}\"},\"query-input\":{\"@type\":\"PropertyValueSpecification\",\"valueRequired\":true,\"valueName\":\"search_term_string\"}}],\"inLanguage\":\"fr-FR\"},{\"@type\":\"Organization\",\"@id\":\"https:\\\/\\\/unrostore.com\\\/#organization\",\"name\":\"UNRO\",\"url\":\"https:\\\/\\\/unrostore.com\\\/\",\"logo\":{\"@type\":\"ImageObject\",\"inLanguage\":\"fr-FR\",\"@id\":\"https:\\\/\\\/unrostore.com\\\/#\\\/schema\\\/logo\\\/image\\\/\",\"url\":\"https:\\\/\\\/unrostore.com\\\/wp-content\\\/uploads\\\/2022\\\/05\\\/Logo-UNRO.png\",\"contentUrl\":\"https:\\\/\\\/unrostore.com\\\/wp-content\\\/uploads\\\/2022\\\/05\\\/Logo-UNRO.png\",\"width\":605,\"height\":179,\"caption\":\"UNRO\"},\"image\":{\"@id\":\"https:\\\/\\\/unrostore.com\\\/#\\\/schema\\\/logo\\\/image\\\/\"}}]}<\/script>\n<!-- \/ Yoast SEO plugin. -->","yoast_head_json":{"title":"Assiettes \u00e0 p\u00e2tes Coloured Corals set of 4 - UNRO","description":"Soyez heureux chaque jour gr\u00e2ce au jeu de couleurs joyeux de l'ensemble unique d'assiettes \u00e0 p\u00e2tes portugaises Coloured Corals, compos\u00e9 de 4 assiettes profondes aux couleurs bleues et jaunes !","robots":{"index":"index","follow":"follow","max-snippet":"max-snippet:-1","max-image-preview":"max-image-preview:large","max-video-preview":"max-video-preview:-1"},"canonical":"https:\/\/unrostore.com\/fr-fr\/boutique\/terrafina\/coraux\/assiettes-a-pates-colorees-set-de-4-coraux\/","og_locale":"fr_FR","og_type":"article","og_title":"Pasta Borden Gekleurd Corals set van 4 &#8226; UNRO","og_description":"Wordt elke dag blij van het vrolijke kleurenspel van de unieke Portugese Pasta Borden Gekleurd Corals set van 4 diepe borden met blauwe en gele kleuren!","og_url":"https:\/\/unrostore.com\/fr-fr\/boutique\/terrafina\/coraux\/assiettes-a-pates-colorees-set-de-4-coraux\/","og_site_name":"UNRO","article_modified_time":"2026-01-19T20:37:24+00:00","og_image":[{"width":1000,"height":1000,"url":"https:\/\/unrostore.com\/wp-content\/uploads\/2023\/07\/unro-soepkommen-gekleurd-pastaborden.webp","type":"image\/webp"}],"twitter_card":"summary_large_image","schema":{"@context":"https:\/\/schema.org","@graph":[{"@type":"WebPage","@id":"https:\/\/unrostore.com\/shop\/terrafina\/corals\/pasta-borden-gekleurd-set-van-4-corals\/","url":"https:\/\/unrostore.com\/shop\/terrafina\/corals\/pasta-borden-gekleurd-set-van-4-corals\/","name":"Assiettes \u00e0 p\u00e2tes Coloured Corals set of 4 - UNRO","isPartOf":{"@id":"https:\/\/unrostore.com\/#website"},"primaryImageOfPage":{"@id":"https:\/\/unrostore.com\/shop\/terrafina\/corals\/pasta-borden-gekleurd-set-van-4-corals\/#primaryimage"},"image":{"@id":"https:\/\/unrostore.com\/shop\/terrafina\/corals\/pasta-borden-gekleurd-set-van-4-corals\/#primaryimage"},"thumbnailUrl":"https:\/\/unrostore.com\/wp-content\/uploads\/2023\/07\/unro-soepkommen-gekleurd-pastaborden.webp","datePublished":"2023-07-16T13:33:51+00:00","dateModified":"2026-01-19T20:37:24+00:00","description":"Soyez heureux chaque jour gr\u00e2ce au jeu de couleurs joyeux de l'ensemble unique d'assiettes \u00e0 p\u00e2tes portugaises Coloured Corals, compos\u00e9 de 4 assiettes profondes aux couleurs bleues et jaunes !","breadcrumb":{"@id":"https:\/\/unrostore.com\/shop\/terrafina\/corals\/pasta-borden-gekleurd-set-van-4-corals\/#breadcrumb"},"inLanguage":"fr-FR","potentialAction":[{"@type":"ReadAction","target":["https:\/\/unrostore.com\/shop\/terrafina\/corals\/pasta-borden-gekleurd-set-van-4-corals\/"]}]},{"@type":"ImageObject","inLanguage":"fr-FR","@id":"https:\/\/unrostore.com\/shop\/terrafina\/corals\/pasta-borden-gekleurd-set-van-4-corals\/#primaryimage","url":"https:\/\/unrostore.com\/wp-content\/uploads\/2023\/07\/unro-soepkommen-gekleurd-pastaborden.webp","contentUrl":"https:\/\/unrostore.com\/wp-content\/uploads\/2023\/07\/unro-soepkommen-gekleurd-pastaborden.webp","width":1000,"height":1000,"caption":"pasta borden gekleurd"},{"@type":"BreadcrumbList","@id":"https:\/\/unrostore.com\/shop\/terrafina\/corals\/pasta-borden-gekleurd-set-van-4-corals\/#breadcrumb","itemListElement":[{"@type":"ListItem","position":1,"name":"Home","item":"https:\/\/unrostore.com\/"},{"@type":"ListItem","position":2,"name":"Shop","item":"https:\/\/unrostore.com\/shop\/"},{"@type":"ListItem","position":3,"name":"Pasta Borden Gekleurd Corals set van 4"}]},{"@type":"WebSite","@id":"https:\/\/unrostore.com\/#website","url":"https:\/\/unrostore.com\/","name":"UNRO","description":"De la vaisselle portugaise qui vous rendra heureux !","publisher":{"@id":"https:\/\/unrostore.com\/#organization"},"potentialAction":[{"@type":"SearchAction","target":{"@type":"EntryPoint","urlTemplate":"https:\/\/unrostore.com\/?s={search_term_string}"},"query-input":{"@type":"PropertyValueSpecification","valueRequired":true,"valueName":"search_term_string"}}],"inLanguage":"fr-FR"},{"@type":"Organization","@id":"https:\/\/unrostore.com\/#organization","name":"UNRO","url":"https:\/\/unrostore.com\/","logo":{"@type":"ImageObject","inLanguage":"fr-FR","@id":"https:\/\/unrostore.com\/#\/schema\/logo\/image\/","url":"https:\/\/unrostore.com\/wp-content\/uploads\/2022\/05\/Logo-UNRO.png","contentUrl":"https:\/\/unrostore.com\/wp-content\/uploads\/2022\/05\/Logo-UNRO.png","width":605,"height":179,"caption":"UNRO"},"image":{"@id":"https:\/\/unrostore.com\/#\/schema\/logo\/image\/"}}]}},"_links":{"self":[{"href":"https:\/\/unrostore.com\/fr-fr\/wp-json\/wp\/v2\/product\/4931","targetHints":{"allow":["GET"]}}],"collection":[{"href":"https:\/\/unrostore.com\/fr-fr\/wp-json\/wp\/v2\/product"}],"about":[{"href":"https:\/\/unrostore.com\/fr-fr\/wp-json\/wp\/v2\/types\/product"}],"wp:featuredmedia":[{"embeddable":true,"href":"https:\/\/unrostore.com\/fr-fr\/wp-json\/wp\/v2\/media\/7088"}],"wp:attachment":[{"href":"https:\/\/unrostore.com\/fr-fr\/wp-json\/wp\/v2\/media?parent=4931"}],"wp:term":[{"taxonomy":"product_brand","embeddable":true,"href":"https:\/\/unrostore.com\/fr-fr\/wp-json\/wp\/v2\/product_brand?post=4931"},{"taxonomy":"product_cat","embeddable":true,"href":"https:\/\/unrostore.com\/fr-fr\/wp-json\/wp\/v2\/product_cat?post=4931"},{"taxonomy":"product_tag","embeddable":true,"href":"https:\/\/unrostore.com\/fr-fr\/wp-json\/wp\/v2\/product_tag?post=4931"}],"curies":[{"name":"wp","href":"https:\/\/api.w.org\/{rel}","templated":true}]}}