{"id":4830,"date":"2023-07-15T18:06:45","date_gmt":"2023-07-15T18:06:45","guid":{"rendered":"https:\/\/unrostore.com\/?post_type=product&#038;p=4830"},"modified":"2026-01-19T20:37:24","modified_gmt":"2026-01-19T20:37:24","slug":"service-de-table-creme-assiettes-a-pates-amazonia-creme","status":"publish","type":"product","link":"https:\/\/unrostore.com\/fr-fr\/boutique\/terrafina\/creme-damazonie-2\/service-de-table-creme-assiettes-a-pates-amazonia-creme\/","title":{"rendered":"Service de vaisselle cr\u00e8me assiettes \u00e0 p\u00e2tes Amazonia Cream - 4 personnes"},"content":{"rendered":"<h3>Le service cr\u00e8me avec assiettes \u00e0 p\u00e2tes Amazonia Cream pour 4 personnes est subtilement color\u00e9.<\/h3>\n<p>Le<strong> Service de vaisselle cr\u00e8me avec assiettes \u00e0 p\u00e2tes Amazonia Cream<\/strong> de\u00a0<a href=\"https:\/\/www.terrafinastore.com\/en\/collections\/amazonia\">Terrafina<\/a> est la vaisselle id\u00e9ale pour le quotidien et les grandes occasions. Les assiettes creuses conviennent non seulement comme assiettes \u00e0 p\u00e2tes, mais aussi comme bol d'a\u00e7a\u00ef, assiettes \u00e0 soupe et assiettes \u00e0 salade. En outre, les assiettes \u00e0 d\u00e9jeuner cr\u00e8me sont \u00e9galement parfaites comme assiettes \u00e0 g\u00e2teaux ou comme assiettes \u00e0 ap\u00e9ritif ou \u00e0 tapas. Utilisez les grandes assiettes \u00e0 d\u00eener pour pr\u00e9senter vos plats de mani\u00e8re chic. Apr\u00e8s utilisation, les assiettes peuvent aller directement au lave-vaisselle pour \u00eatre r\u00e9utilis\u00e9es. Offrez cet ensemble de vaisselle unique ou profitez-en vous-m\u00eame avec votre famille, vos amis ou vos proches ! La vaisselle beige est facile \u00e0 pr\u00e9parer pour plusieurs personnes et peut \u00e9galement \u00eatre combin\u00e9e avec la vaisselle assortie telle que le <a href=\"https:\/\/unrostore.com\/fr-fr\/boutique\/terrafina\/creme-damazonie-2\/creme-saladekom-amazonia-cream\/\">Saladier Amazonia Cream<\/a>, <a href=\"https:\/\/unrostore.com\/fr-fr\/boutique\/terrafina\/creme-damazonie-2\/creme-cappuccino-mokken-amazonia-cream-2-delig\/\">Mugs Amazonia Cream Cappuccino<\/a> et les <a href=\"https:\/\/unrostore.com\/fr-fr\/boutique\/terrafina\/creme-damazonie-2\/creme-espresso-kopjes-amazonia-cream-2-delig\/\">Tasses \u00e0 espresso Amazonia Cream<\/a>.<\/p>\n<p>\u00a0<\/p>\n<h3>C'est le num\u00e9ro que vous recevez<\/h3>\n<ul>\n<li>4x Assiettes \u00e0 p\u00e2tes Amazonia Cream \u00f8 23 cm<\/li>\n<li>4x Assiettes \u00e0 d\u00e9jeuner Amazonia Cream \u00f8 21 cm<\/li>\n<li>4x Assiettes plates Amazonia Cream \u00f8 29 cm<\/li>\n<li>3x Terrafina bo\u00eete cadeau<\/li>\n<\/ul>\n<p>\u00a0<\/p>\n<p><em><strong>Duurzaam voor mens & milieu:<\/strong><br \/>\nChaque produit est unique car il est fabriqu\u00e9 \u00e0 la main.<br \/>\nL'impression et la texture peuvent donc diff\u00e9rer l\u00e9g\u00e8rement de la photo du produit.<\/em><\/p>","protected":false},"excerpt":{"rendered":"<div class=\"usps\"><i class=\"far fa-check-circle\"><\/i> R\u00e9sistant aux micro-ondes<br \/>\n<i class=\"far fa-check-circle\"><\/i> R\u00e9siste au four (jusqu'\u00e0 200 degr\u00e9s)<br \/>\n<i class=\"far fa-check-circle\"><\/i> Lavable au lave-vaisselle<br \/>\n<i class=\"far fa-thumbs-up\"><\/i> Fait \u00e0 la main<\/div>","protected":false},"featured_media":6825,"template":"","meta":[],"product_brand":[],"product_cat":[728,144,122,119],"product_tag":[668,145,768,129,617,618,284,289,404,125,337,767,405],"class_list":{"0":"post-4830","1":"product","2":"type-product","3":"status-publish","4":"has-post-thumbnail","6":"product_cat-12-delig-servies-pasta","7":"product_cat-amazonia-cream","8":"product_cat-serviesset","9":"product_cat-terrafina","10":"product_tag-12-delig-servies","11":"product_tag-amazonia-cream","12":"product_tag-beige-serviesset","13":"product_tag-borden","14":"product_tag-creme-servies","15":"product_tag-creme-serviesset","16":"product_tag-dinerborden","17":"product_tag-ontbijtborden","18":"product_tag-pastaborden","19":"product_tag-serviesset","20":"product_tag-serviesset-4-personen","21":"product_tag-serviesset-beige","22":"product_tag-serviesset-pastaborden","23":"product_shipping_class-pakket","25":"first","26":"outofstock","27":"sale","28":"taxable","29":"shipping-taxable","30":"purchasable","31":"product-type-simple"},"yoast_head":"<!-- This site is optimized with the Yoast SEO plugin v27.5 - https:\/\/yoast.com\/product\/yoast-seo-wordpress\/ -->\n<title>Creme Serviesset Pastaborden Amazonia Cream - 4 personen &#8226; UNRO<\/title>\n<meta name=\"description\" content=\"Ontdek nu de prachtige 12-delige handgemaakte serviesset creme met pastaborden voor 4 personen. Ideaal voor ontbijt, brunch, lunch, borrel en diner!\" \/>\n<meta name=\"robots\" content=\"index, follow, max-snippet:-1, max-image-preview:large, max-video-preview:-1\" \/>\n<link rel=\"canonical\" href=\"https:\/\/unrostore.com\/fr-fr\/boutique\/terrafina\/creme-damazonie-2\/service-de-table-creme-assiettes-a-pates-amazonia-creme\/\" \/>\n<meta property=\"og:locale\" content=\"fr_FR\" \/>\n<meta property=\"og:type\" content=\"article\" \/>\n<meta property=\"og:title\" content=\"Creme Serviesset Pastaborden Amazonia Cream - 4 personen &#8226; UNRO\" \/>\n<meta property=\"og:description\" content=\"Ontdek nu de prachtige 12-delige handgemaakte serviesset creme met pastaborden voor 4 personen. Ideaal voor ontbijt, brunch, lunch, borrel en diner!\" \/>\n<meta property=\"og:url\" content=\"https:\/\/unrostore.com\/fr-fr\/boutique\/terrafina\/creme-damazonie-2\/service-de-table-creme-assiettes-a-pates-amazonia-creme\/\" \/>\n<meta property=\"og:site_name\" content=\"UNRO\" \/>\n<meta property=\"article:modified_time\" content=\"2026-01-19T20:37:24+00:00\" \/>\n<meta property=\"og:image\" content=\"https:\/\/unrostore.com\/wp-content\/uploads\/2023\/07\/unro-creme-serviesset-met-pastaborden-amazonia-cream.webp\" \/>\n\t<meta property=\"og:image:width\" content=\"1000\" \/>\n\t<meta property=\"og:image:height\" content=\"1000\" \/>\n\t<meta property=\"og:image:type\" content=\"image\/webp\" \/>\n<meta name=\"twitter:card\" content=\"summary_large_image\" \/>\n<script type=\"application\/ld+json\" class=\"yoast-schema-graph\">{\"@context\":\"https:\\\/\\\/schema.org\",\"@graph\":[{\"@type\":\"WebPage\",\"@id\":\"https:\\\/\\\/unrostore.com\\\/shop\\\/terrafina\\\/amazonia-cream\\\/creme-serviesset-pastaborden-amazonia-cream\\\/\",\"url\":\"https:\\\/\\\/unrostore.com\\\/shop\\\/terrafina\\\/amazonia-cream\\\/creme-serviesset-pastaborden-amazonia-cream\\\/\",\"name\":\"Creme Serviesset Pastaborden Amazonia Cream - 4 personen &#8226; UNRO\",\"isPartOf\":{\"@id\":\"https:\\\/\\\/unrostore.com\\\/#website\"},\"primaryImageOfPage\":{\"@id\":\"https:\\\/\\\/unrostore.com\\\/shop\\\/terrafina\\\/amazonia-cream\\\/creme-serviesset-pastaborden-amazonia-cream\\\/#primaryimage\"},\"image\":{\"@id\":\"https:\\\/\\\/unrostore.com\\\/shop\\\/terrafina\\\/amazonia-cream\\\/creme-serviesset-pastaborden-amazonia-cream\\\/#primaryimage\"},\"thumbnailUrl\":\"https:\\\/\\\/unrostore.com\\\/wp-content\\\/uploads\\\/2023\\\/07\\\/unro-creme-serviesset-met-pastaborden-amazonia-cream.webp\",\"datePublished\":\"2023-07-15T18:06:45+00:00\",\"dateModified\":\"2026-01-19T20:37:24+00:00\",\"description\":\"Ontdek nu de prachtige 12-delige handgemaakte serviesset creme met pastaborden voor 4 personen. Ideaal voor ontbijt, brunch, lunch, borrel en diner!\",\"breadcrumb\":{\"@id\":\"https:\\\/\\\/unrostore.com\\\/shop\\\/terrafina\\\/amazonia-cream\\\/creme-serviesset-pastaborden-amazonia-cream\\\/#breadcrumb\"},\"inLanguage\":\"fr-FR\",\"potentialAction\":[{\"@type\":\"ReadAction\",\"target\":[\"https:\\\/\\\/unrostore.com\\\/shop\\\/terrafina\\\/amazonia-cream\\\/creme-serviesset-pastaborden-amazonia-cream\\\/\"]}]},{\"@type\":\"ImageObject\",\"inLanguage\":\"fr-FR\",\"@id\":\"https:\\\/\\\/unrostore.com\\\/shop\\\/terrafina\\\/amazonia-cream\\\/creme-serviesset-pastaborden-amazonia-cream\\\/#primaryimage\",\"url\":\"https:\\\/\\\/unrostore.com\\\/wp-content\\\/uploads\\\/2023\\\/07\\\/unro-creme-serviesset-met-pastaborden-amazonia-cream.webp\",\"contentUrl\":\"https:\\\/\\\/unrostore.com\\\/wp-content\\\/uploads\\\/2023\\\/07\\\/unro-creme-serviesset-met-pastaborden-amazonia-cream.webp\",\"width\":1000,\"height\":1000,\"caption\":\"serviesset creme pastaborden\"},{\"@type\":\"BreadcrumbList\",\"@id\":\"https:\\\/\\\/unrostore.com\\\/shop\\\/terrafina\\\/amazonia-cream\\\/creme-serviesset-pastaborden-amazonia-cream\\\/#breadcrumb\",\"itemListElement\":[{\"@type\":\"ListItem\",\"position\":1,\"name\":\"Home\",\"item\":\"https:\\\/\\\/unrostore.com\\\/\"},{\"@type\":\"ListItem\",\"position\":2,\"name\":\"Shop\",\"item\":\"https:\\\/\\\/unrostore.com\\\/shop\\\/\"},{\"@type\":\"ListItem\",\"position\":3,\"name\":\"Creme Serviesset Pastaborden Amazonia Cream &#8211; 4 personen\"}]},{\"@type\":\"WebSite\",\"@id\":\"https:\\\/\\\/unrostore.com\\\/#website\",\"url\":\"https:\\\/\\\/unrostore.com\\\/\",\"name\":\"UNRO\",\"description\":\"Portugees servies waar je blij van wordt!\",\"publisher\":{\"@id\":\"https:\\\/\\\/unrostore.com\\\/#organization\"},\"potentialAction\":[{\"@type\":\"SearchAction\",\"target\":{\"@type\":\"EntryPoint\",\"urlTemplate\":\"https:\\\/\\\/unrostore.com\\\/?s={search_term_string}\"},\"query-input\":{\"@type\":\"PropertyValueSpecification\",\"valueRequired\":true,\"valueName\":\"search_term_string\"}}],\"inLanguage\":\"fr-FR\"},{\"@type\":\"Organization\",\"@id\":\"https:\\\/\\\/unrostore.com\\\/#organization\",\"name\":\"UNRO\",\"url\":\"https:\\\/\\\/unrostore.com\\\/\",\"logo\":{\"@type\":\"ImageObject\",\"inLanguage\":\"fr-FR\",\"@id\":\"https:\\\/\\\/unrostore.com\\\/#\\\/schema\\\/logo\\\/image\\\/\",\"url\":\"https:\\\/\\\/unrostore.com\\\/wp-content\\\/uploads\\\/2022\\\/05\\\/Logo-UNRO.png\",\"contentUrl\":\"https:\\\/\\\/unrostore.com\\\/wp-content\\\/uploads\\\/2022\\\/05\\\/Logo-UNRO.png\",\"width\":605,\"height\":179,\"caption\":\"UNRO\"},\"image\":{\"@id\":\"https:\\\/\\\/unrostore.com\\\/#\\\/schema\\\/logo\\\/image\\\/\"}}]}<\/script>\n<!-- \/ Yoast SEO plugin. -->","yoast_head_json":{"title":"Service de vaisselle cr\u00e8me Assiettes \u00e0 p\u00e2tes Amazonia cr\u00e8me - 4 personnes - UNRO","description":"D\u00e9couvrez maintenant le magnifique set de vaisselle 12 pi\u00e8ces fait main cr\u00e8me avec assiettes \u00e0 p\u00e2tes pour 4 personnes. Id\u00e9al pour le petit-d\u00e9jeuner, le brunch, le d\u00e9jeuner, l'ap\u00e9ritif et le d\u00eener !","robots":{"index":"index","follow":"follow","max-snippet":"max-snippet:-1","max-image-preview":"max-image-preview:large","max-video-preview":"max-video-preview:-1"},"canonical":"https:\/\/unrostore.com\/fr-fr\/boutique\/terrafina\/creme-damazonie-2\/service-de-table-creme-assiettes-a-pates-amazonia-creme\/","og_locale":"fr_FR","og_type":"article","og_title":"Creme Serviesset Pastaborden Amazonia Cream - 4 personen &#8226; UNRO","og_description":"Ontdek nu de prachtige 12-delige handgemaakte serviesset creme met pastaborden voor 4 personen. Ideaal voor ontbijt, brunch, lunch, borrel en diner!","og_url":"https:\/\/unrostore.com\/fr-fr\/boutique\/terrafina\/creme-damazonie-2\/service-de-table-creme-assiettes-a-pates-amazonia-creme\/","og_site_name":"UNRO","article_modified_time":"2026-01-19T20:37:24+00:00","og_image":[{"width":1000,"height":1000,"url":"https:\/\/unrostore.com\/wp-content\/uploads\/2023\/07\/unro-creme-serviesset-met-pastaborden-amazonia-cream.webp","type":"image\/webp"}],"twitter_card":"summary_large_image","schema":{"@context":"https:\/\/schema.org","@graph":[{"@type":"WebPage","@id":"https:\/\/unrostore.com\/shop\/terrafina\/amazonia-cream\/creme-serviesset-pastaborden-amazonia-cream\/","url":"https:\/\/unrostore.com\/shop\/terrafina\/amazonia-cream\/creme-serviesset-pastaborden-amazonia-cream\/","name":"Service de vaisselle cr\u00e8me Assiettes \u00e0 p\u00e2tes Amazonia cr\u00e8me - 4 personnes - UNRO","isPartOf":{"@id":"https:\/\/unrostore.com\/#website"},"primaryImageOfPage":{"@id":"https:\/\/unrostore.com\/shop\/terrafina\/amazonia-cream\/creme-serviesset-pastaborden-amazonia-cream\/#primaryimage"},"image":{"@id":"https:\/\/unrostore.com\/shop\/terrafina\/amazonia-cream\/creme-serviesset-pastaborden-amazonia-cream\/#primaryimage"},"thumbnailUrl":"https:\/\/unrostore.com\/wp-content\/uploads\/2023\/07\/unro-creme-serviesset-met-pastaborden-amazonia-cream.webp","datePublished":"2023-07-15T18:06:45+00:00","dateModified":"2026-01-19T20:37:24+00:00","description":"D\u00e9couvrez maintenant le magnifique set de vaisselle 12 pi\u00e8ces fait main cr\u00e8me avec assiettes \u00e0 p\u00e2tes pour 4 personnes. Id\u00e9al pour le petit-d\u00e9jeuner, le brunch, le d\u00e9jeuner, l'ap\u00e9ritif et le d\u00eener !","breadcrumb":{"@id":"https:\/\/unrostore.com\/shop\/terrafina\/amazonia-cream\/creme-serviesset-pastaborden-amazonia-cream\/#breadcrumb"},"inLanguage":"fr-FR","potentialAction":[{"@type":"ReadAction","target":["https:\/\/unrostore.com\/shop\/terrafina\/amazonia-cream\/creme-serviesset-pastaborden-amazonia-cream\/"]}]},{"@type":"ImageObject","inLanguage":"fr-FR","@id":"https:\/\/unrostore.com\/shop\/terrafina\/amazonia-cream\/creme-serviesset-pastaborden-amazonia-cream\/#primaryimage","url":"https:\/\/unrostore.com\/wp-content\/uploads\/2023\/07\/unro-creme-serviesset-met-pastaborden-amazonia-cream.webp","contentUrl":"https:\/\/unrostore.com\/wp-content\/uploads\/2023\/07\/unro-creme-serviesset-met-pastaborden-amazonia-cream.webp","width":1000,"height":1000,"caption":"serviesset creme pastaborden"},{"@type":"BreadcrumbList","@id":"https:\/\/unrostore.com\/shop\/terrafina\/amazonia-cream\/creme-serviesset-pastaborden-amazonia-cream\/#breadcrumb","itemListElement":[{"@type":"ListItem","position":1,"name":"Home","item":"https:\/\/unrostore.com\/"},{"@type":"ListItem","position":2,"name":"Shop","item":"https:\/\/unrostore.com\/shop\/"},{"@type":"ListItem","position":3,"name":"Creme Serviesset Pastaborden Amazonia Cream &#8211; 4 personen"}]},{"@type":"WebSite","@id":"https:\/\/unrostore.com\/#website","url":"https:\/\/unrostore.com\/","name":"UNRO","description":"De la vaisselle portugaise qui vous rendra heureux !","publisher":{"@id":"https:\/\/unrostore.com\/#organization"},"potentialAction":[{"@type":"SearchAction","target":{"@type":"EntryPoint","urlTemplate":"https:\/\/unrostore.com\/?s={search_term_string}"},"query-input":{"@type":"PropertyValueSpecification","valueRequired":true,"valueName":"search_term_string"}}],"inLanguage":"fr-FR"},{"@type":"Organization","@id":"https:\/\/unrostore.com\/#organization","name":"UNRO","url":"https:\/\/unrostore.com\/","logo":{"@type":"ImageObject","inLanguage":"fr-FR","@id":"https:\/\/unrostore.com\/#\/schema\/logo\/image\/","url":"https:\/\/unrostore.com\/wp-content\/uploads\/2022\/05\/Logo-UNRO.png","contentUrl":"https:\/\/unrostore.com\/wp-content\/uploads\/2022\/05\/Logo-UNRO.png","width":605,"height":179,"caption":"UNRO"},"image":{"@id":"https:\/\/unrostore.com\/#\/schema\/logo\/image\/"}}]}},"_links":{"self":[{"href":"https:\/\/unrostore.com\/fr-fr\/wp-json\/wp\/v2\/product\/4830","targetHints":{"allow":["GET"]}}],"collection":[{"href":"https:\/\/unrostore.com\/fr-fr\/wp-json\/wp\/v2\/product"}],"about":[{"href":"https:\/\/unrostore.com\/fr-fr\/wp-json\/wp\/v2\/types\/product"}],"wp:featuredmedia":[{"embeddable":true,"href":"https:\/\/unrostore.com\/fr-fr\/wp-json\/wp\/v2\/media\/6825"}],"wp:attachment":[{"href":"https:\/\/unrostore.com\/fr-fr\/wp-json\/wp\/v2\/media?parent=4830"}],"wp:term":[{"taxonomy":"product_brand","embeddable":true,"href":"https:\/\/unrostore.com\/fr-fr\/wp-json\/wp\/v2\/product_brand?post=4830"},{"taxonomy":"product_cat","embeddable":true,"href":"https:\/\/unrostore.com\/fr-fr\/wp-json\/wp\/v2\/product_cat?post=4830"},{"taxonomy":"product_tag","embeddable":true,"href":"https:\/\/unrostore.com\/fr-fr\/wp-json\/wp\/v2\/product_tag?post=4830"}],"curies":[{"name":"wp","href":"https:\/\/api.w.org\/{rel}","templated":true}]}}