{"id":4738,"date":"2023-07-06T19:58:30","date_gmt":"2023-07-06T19:58:30","guid":{"rendered":"https:\/\/unrostore.com\/?post_type=product&#038;p=4738"},"modified":"2026-01-19T20:37:25","modified_gmt":"2026-01-19T20:37:25","slug":"assiettes-a-pates-vertes-amazonia-vertes-4-pieces","status":"publish","type":"product","link":"https:\/\/unrostore.com\/fr-fr\/boutique\/terrafina\/vert-damazonie\/assiettes-a-pates-vertes-amazonia-vertes-4-pieces\/","title":{"rendered":"Assiettes \u00e0 p\u00e2tes vertes Amazonia Green - 4 pi\u00e8ces"},"content":{"rendered":"<h3>D\u00e9couvrez les uniques assiettes \u00e0 p\u00e2tes vertes Amazonia Green set de 4 de Terrafina<\/h3>\n<p>Le <strong> Assiettes \u00e0 p\u00e2tes vertes Amazonia Green <\/strong>set de 4 de la marque portugaise <a href=\"https:\/\/www.terrafinastore.com\/en\/collections\/sail\">Terrafina<\/a> sont de magnifiques grandes assiettes creuses qui sont \u00e9galement id\u00e9ales comme assiettes \u00e0 soupe, bol d'a\u00e7a\u00ef ou assiettes \u00e0 salade. Les assiettes creuses sont fabriqu\u00e9es \u00e0 la main au Portugal en c\u00e9ramique de haute qualit\u00e9 : du gr\u00e8s pur. Elles r\u00e9sistent donc au lave-vaisselle, au magentron et au four (jusqu'\u00e0 200 degr\u00e9s). Faites-vous plaisir \u00e0 vous-m\u00eame, \u00e0 votre famille ou \u00e0 vos proches et amis en leur offrant un d\u00e9licieux plat au d\u00e9jeuner ou au d\u00eener, servi g\u00e9n\u00e9reusement dans les magnifiques assiettes \u00e0 p\u00e2tes vertes. C'est ainsi que vous ramenez l'exp\u00e9rience d'un restaurant de luxe \u00e0 la maison et que vous faites briller chaque plat, d\u00e9couvrez-le vous-m\u00eame d\u00e8s maintenant !<\/p>\n<p>Conseil cadeau et combinaison d'UNRO : offrez les assiettes \u00e0 p\u00e2tes vertes (le set de 4 est emball\u00e9 dans une jolie bo\u00eete cadeau). En outre, les assiettes creuses vertes se combinent bien avec les assiettes \u00e0 soupe vertes. <a href=\"https:\/\/unrostore.com\/fr-fr\/boutique\/terrafina\/vert-damazonie\/groene-dinerborden-amazonia-green-4-delig\/\">Assiettes plates vertes Amazonia<\/a> et <a href=\"https:\/\/unrostore.com\/fr-fr\/boutique\/terrafina\/vert-damazonie\/amazonia-green-kommen-2-delig\/\">Bols verts Amazonia<\/a> pour une table joliment dress\u00e9e et un brunch, un d\u00e9jeuner, un d\u00eener ou des boissons somptueux.<\/p>\n<h3>C'est le nombre d'assiettes de p\u00e2tes qui vous sont livr\u00e9es :<\/h3>\n<ul>\n<li><strong>4x<\/strong> Assiettes \u00e0 p\u00e2tes Amazonia Green \u00f8 23 cm<\/li>\n<li><strong>1x\u00a0<\/strong>Bo\u00eete cadeau de Terrafina<\/li>\n<\/ul>\n<p>\u00a0<\/p>\n<p><em><strong>Duurzaam voor mens & milieu:<\/strong><br \/>\nchaque produit est unique car il est fabriqu\u00e9 \u00e0 la main.<br \/>\nL'impression et la texture peuvent donc diff\u00e9rer l\u00e9g\u00e8rement de la photo du produit.<\/em><\/p>","protected":false},"excerpt":{"rendered":"<div class=\"usps\"><i class=\"far fa-check-circle\"><\/i> R\u00e9sistant aux micro-ondes<br \/>\n<i class=\"far fa-check-circle\"><\/i> R\u00e9siste au four (jusqu'\u00e0 200 degr\u00e9s)<br \/>\n<i class=\"far fa-check-circle\"><\/i> Lavable au lave-vaisselle<br \/>\n<i class=\"far fa-thumbs-up\"><\/i> Fait \u00e0 la main<\/div>","protected":false},"featured_media":4277,"template":"","meta":[],"product_brand":[],"product_cat":[235,170,585,119],"product_tag":[696,173,129,752,590,171,753,238,601,587,751,404,243,589,582,588,123],"class_list":{"0":"post-4738","1":"product","2":"type-product","3":"status-publish","4":"has-post-thumbnail","6":"product_cat-borden","7":"product_cat-amazonia-green","8":"product_cat-pastaborden","9":"product_cat-terrafina","10":"product_tag-acai-bowl","11":"product_tag-amazonia-green","12":"product_tag-borden","13":"product_tag-diepbord","14":"product_tag-diepe-borden","15":"product_tag-groen","16":"product_tag-groene-pastaborden","17":"product_tag-grote-borden","18":"product_tag-hapjesschaal","19":"product_tag-pasta-borden","20":"product_tag-pasta-borden-groen","21":"product_tag-pastaborden","22":"product_tag-salade-borden","23":"product_tag-saladeborden","24":"product_tag-soep-borden","25":"product_tag-soepborden","26":"product_tag-terrafina","27":"product_shipping_class-pakket","29":"first","30":"outofstock","31":"sale","32":"taxable","33":"shipping-taxable","34":"purchasable","35":"product-type-simple"},"yoast_head":"<!-- This site is optimized with the Yoast SEO plugin v27.5 - https:\/\/yoast.com\/product\/yoast-seo-wordpress\/ -->\n<title>Pasta Borden Groen Amazonia Green - 4-delig &#8226; UNRO<\/title>\n<meta name=\"description\" content=\"De prachtige Portugese Pasta Borden Groen Amazonia Green set van 4 zijn ook ideaal als soepborden en salade borden. Goede voornemens, anyone?\" \/>\n<meta name=\"robots\" content=\"index, follow, max-snippet:-1, max-image-preview:large, max-video-preview:-1\" \/>\n<link rel=\"canonical\" href=\"https:\/\/unrostore.com\/fr-fr\/boutique\/terrafina\/vert-damazonie\/assiettes-a-pates-vertes-amazonia-vertes-4-pieces\/\" \/>\n<meta property=\"og:locale\" content=\"fr_FR\" \/>\n<meta property=\"og:type\" content=\"article\" \/>\n<meta property=\"og:title\" content=\"Pasta Borden Groen Amazonia Green - 4-delig &#8226; UNRO\" \/>\n<meta property=\"og:description\" content=\"De prachtige Portugese Pasta Borden Groen Amazonia Green set van 4 zijn ook ideaal als soepborden en salade borden. Goede voornemens, anyone?\" \/>\n<meta property=\"og:url\" content=\"https:\/\/unrostore.com\/fr-fr\/boutique\/terrafina\/vert-damazonie\/assiettes-a-pates-vertes-amazonia-vertes-4-pieces\/\" \/>\n<meta property=\"og:site_name\" content=\"UNRO\" \/>\n<meta property=\"article:modified_time\" content=\"2026-01-19T20:37:25+00:00\" \/>\n<meta property=\"og:image\" content=\"https:\/\/unrostore.com\/wp-content\/uploads\/2023\/05\/unro-portugees-groen-servies-handemaakt-keramiek-groen-pastabord-amazonia-green.jpg\" \/>\n\t<meta property=\"og:image:width\" content=\"1440\" \/>\n\t<meta property=\"og:image:height\" content=\"1440\" \/>\n\t<meta property=\"og:image:type\" content=\"image\/jpeg\" \/>\n<meta name=\"twitter:card\" content=\"summary_large_image\" \/>\n<script type=\"application\/ld+json\" class=\"yoast-schema-graph\">{\"@context\":\"https:\\\/\\\/schema.org\",\"@graph\":[{\"@type\":\"WebPage\",\"@id\":\"https:\\\/\\\/unrostore.com\\\/shop\\\/terrafina\\\/amazonia-green\\\/pasta-borden-groen-amazonia-green-4-delig\\\/\",\"url\":\"https:\\\/\\\/unrostore.com\\\/shop\\\/terrafina\\\/amazonia-green\\\/pasta-borden-groen-amazonia-green-4-delig\\\/\",\"name\":\"Pasta Borden Groen Amazonia Green - 4-delig &#8226; UNRO\",\"isPartOf\":{\"@id\":\"https:\\\/\\\/unrostore.com\\\/#website\"},\"primaryImageOfPage\":{\"@id\":\"https:\\\/\\\/unrostore.com\\\/shop\\\/terrafina\\\/amazonia-green\\\/pasta-borden-groen-amazonia-green-4-delig\\\/#primaryimage\"},\"image\":{\"@id\":\"https:\\\/\\\/unrostore.com\\\/shop\\\/terrafina\\\/amazonia-green\\\/pasta-borden-groen-amazonia-green-4-delig\\\/#primaryimage\"},\"thumbnailUrl\":\"https:\\\/\\\/unrostore.com\\\/wp-content\\\/uploads\\\/2023\\\/05\\\/unro-portugees-groen-servies-handemaakt-keramiek-groen-pastabord-amazonia-green.jpg\",\"datePublished\":\"2023-07-06T19:58:30+00:00\",\"dateModified\":\"2026-01-19T20:37:25+00:00\",\"description\":\"De prachtige Portugese Pasta Borden Groen Amazonia Green set van 4 zijn ook ideaal als soepborden en salade borden. Goede voornemens, anyone?\",\"breadcrumb\":{\"@id\":\"https:\\\/\\\/unrostore.com\\\/shop\\\/terrafina\\\/amazonia-green\\\/pasta-borden-groen-amazonia-green-4-delig\\\/#breadcrumb\"},\"inLanguage\":\"fr-FR\",\"potentialAction\":[{\"@type\":\"ReadAction\",\"target\":[\"https:\\\/\\\/unrostore.com\\\/shop\\\/terrafina\\\/amazonia-green\\\/pasta-borden-groen-amazonia-green-4-delig\\\/\"]}]},{\"@type\":\"ImageObject\",\"inLanguage\":\"fr-FR\",\"@id\":\"https:\\\/\\\/unrostore.com\\\/shop\\\/terrafina\\\/amazonia-green\\\/pasta-borden-groen-amazonia-green-4-delig\\\/#primaryimage\",\"url\":\"https:\\\/\\\/unrostore.com\\\/wp-content\\\/uploads\\\/2023\\\/05\\\/unro-portugees-groen-servies-handemaakt-keramiek-groen-pastabord-amazonia-green.jpg\",\"contentUrl\":\"https:\\\/\\\/unrostore.com\\\/wp-content\\\/uploads\\\/2023\\\/05\\\/unro-portugees-groen-servies-handemaakt-keramiek-groen-pastabord-amazonia-green.jpg\",\"width\":1440,\"height\":1440,\"caption\":\"groene pastaborden - amazonia green -handgemaakt keramiek - modern portugees groen servies bij UNRO\"},{\"@type\":\"BreadcrumbList\",\"@id\":\"https:\\\/\\\/unrostore.com\\\/shop\\\/terrafina\\\/amazonia-green\\\/pasta-borden-groen-amazonia-green-4-delig\\\/#breadcrumb\",\"itemListElement\":[{\"@type\":\"ListItem\",\"position\":1,\"name\":\"Home\",\"item\":\"https:\\\/\\\/unrostore.com\\\/\"},{\"@type\":\"ListItem\",\"position\":2,\"name\":\"Shop\",\"item\":\"https:\\\/\\\/unrostore.com\\\/shop\\\/\"},{\"@type\":\"ListItem\",\"position\":3,\"name\":\"Pasta Borden Groen Amazonia Green &#8211; 4-delig\"}]},{\"@type\":\"WebSite\",\"@id\":\"https:\\\/\\\/unrostore.com\\\/#website\",\"url\":\"https:\\\/\\\/unrostore.com\\\/\",\"name\":\"UNRO\",\"description\":\"Portugees servies waar je blij van wordt!\",\"publisher\":{\"@id\":\"https:\\\/\\\/unrostore.com\\\/#organization\"},\"potentialAction\":[{\"@type\":\"SearchAction\",\"target\":{\"@type\":\"EntryPoint\",\"urlTemplate\":\"https:\\\/\\\/unrostore.com\\\/?s={search_term_string}\"},\"query-input\":{\"@type\":\"PropertyValueSpecification\",\"valueRequired\":true,\"valueName\":\"search_term_string\"}}],\"inLanguage\":\"fr-FR\"},{\"@type\":\"Organization\",\"@id\":\"https:\\\/\\\/unrostore.com\\\/#organization\",\"name\":\"UNRO\",\"url\":\"https:\\\/\\\/unrostore.com\\\/\",\"logo\":{\"@type\":\"ImageObject\",\"inLanguage\":\"fr-FR\",\"@id\":\"https:\\\/\\\/unrostore.com\\\/#\\\/schema\\\/logo\\\/image\\\/\",\"url\":\"https:\\\/\\\/unrostore.com\\\/wp-content\\\/uploads\\\/2022\\\/05\\\/Logo-UNRO.png\",\"contentUrl\":\"https:\\\/\\\/unrostore.com\\\/wp-content\\\/uploads\\\/2022\\\/05\\\/Logo-UNRO.png\",\"width\":605,\"height\":179,\"caption\":\"UNRO\"},\"image\":{\"@id\":\"https:\\\/\\\/unrostore.com\\\/#\\\/schema\\\/logo\\\/image\\\/\"}}]}<\/script>\n<!-- \/ Yoast SEO plugin. -->","yoast_head_json":{"title":"Assiettes \u00e0 p\u00e2tes Vert Amazone - 4 pi\u00e8ces - UNRO","description":"Les magnifiques assiettes \u00e0 p\u00e2tes portugaises Green Amazonia Green set of 4 sont \u00e9galement id\u00e9ales comme assiettes \u00e0 soupe et assiettes \u00e0 salade. De bonnes intentions, quelqu'un ?","robots":{"index":"index","follow":"follow","max-snippet":"max-snippet:-1","max-image-preview":"max-image-preview:large","max-video-preview":"max-video-preview:-1"},"canonical":"https:\/\/unrostore.com\/fr-fr\/boutique\/terrafina\/vert-damazonie\/assiettes-a-pates-vertes-amazonia-vertes-4-pieces\/","og_locale":"fr_FR","og_type":"article","og_title":"Pasta Borden Groen Amazonia Green - 4-delig &#8226; UNRO","og_description":"De prachtige Portugese Pasta Borden Groen Amazonia Green set van 4 zijn ook ideaal als soepborden en salade borden. Goede voornemens, anyone?","og_url":"https:\/\/unrostore.com\/fr-fr\/boutique\/terrafina\/vert-damazonie\/assiettes-a-pates-vertes-amazonia-vertes-4-pieces\/","og_site_name":"UNRO","article_modified_time":"2026-01-19T20:37:25+00:00","og_image":[{"width":1440,"height":1440,"url":"https:\/\/unrostore.com\/wp-content\/uploads\/2023\/05\/unro-portugees-groen-servies-handemaakt-keramiek-groen-pastabord-amazonia-green.jpg","type":"image\/jpeg"}],"twitter_card":"summary_large_image","schema":{"@context":"https:\/\/schema.org","@graph":[{"@type":"WebPage","@id":"https:\/\/unrostore.com\/shop\/terrafina\/amazonia-green\/pasta-borden-groen-amazonia-green-4-delig\/","url":"https:\/\/unrostore.com\/shop\/terrafina\/amazonia-green\/pasta-borden-groen-amazonia-green-4-delig\/","name":"Assiettes \u00e0 p\u00e2tes Vert Amazone - 4 pi\u00e8ces - UNRO","isPartOf":{"@id":"https:\/\/unrostore.com\/#website"},"primaryImageOfPage":{"@id":"https:\/\/unrostore.com\/shop\/terrafina\/amazonia-green\/pasta-borden-groen-amazonia-green-4-delig\/#primaryimage"},"image":{"@id":"https:\/\/unrostore.com\/shop\/terrafina\/amazonia-green\/pasta-borden-groen-amazonia-green-4-delig\/#primaryimage"},"thumbnailUrl":"https:\/\/unrostore.com\/wp-content\/uploads\/2023\/05\/unro-portugees-groen-servies-handemaakt-keramiek-groen-pastabord-amazonia-green.jpg","datePublished":"2023-07-06T19:58:30+00:00","dateModified":"2026-01-19T20:37:25+00:00","description":"Les magnifiques assiettes \u00e0 p\u00e2tes portugaises Green Amazonia Green set of 4 sont \u00e9galement id\u00e9ales comme assiettes \u00e0 soupe et assiettes \u00e0 salade. De bonnes intentions, quelqu'un ?","breadcrumb":{"@id":"https:\/\/unrostore.com\/shop\/terrafina\/amazonia-green\/pasta-borden-groen-amazonia-green-4-delig\/#breadcrumb"},"inLanguage":"fr-FR","potentialAction":[{"@type":"ReadAction","target":["https:\/\/unrostore.com\/shop\/terrafina\/amazonia-green\/pasta-borden-groen-amazonia-green-4-delig\/"]}]},{"@type":"ImageObject","inLanguage":"fr-FR","@id":"https:\/\/unrostore.com\/shop\/terrafina\/amazonia-green\/pasta-borden-groen-amazonia-green-4-delig\/#primaryimage","url":"https:\/\/unrostore.com\/wp-content\/uploads\/2023\/05\/unro-portugees-groen-servies-handemaakt-keramiek-groen-pastabord-amazonia-green.jpg","contentUrl":"https:\/\/unrostore.com\/wp-content\/uploads\/2023\/05\/unro-portugees-groen-servies-handemaakt-keramiek-groen-pastabord-amazonia-green.jpg","width":1440,"height":1440,"caption":"groene pastaborden - amazonia green -handgemaakt keramiek - modern portugees groen servies bij UNRO"},{"@type":"BreadcrumbList","@id":"https:\/\/unrostore.com\/shop\/terrafina\/amazonia-green\/pasta-borden-groen-amazonia-green-4-delig\/#breadcrumb","itemListElement":[{"@type":"ListItem","position":1,"name":"Home","item":"https:\/\/unrostore.com\/"},{"@type":"ListItem","position":2,"name":"Shop","item":"https:\/\/unrostore.com\/shop\/"},{"@type":"ListItem","position":3,"name":"Pasta Borden Groen Amazonia Green &#8211; 4-delig"}]},{"@type":"WebSite","@id":"https:\/\/unrostore.com\/#website","url":"https:\/\/unrostore.com\/","name":"UNRO","description":"De la vaisselle portugaise qui vous rendra heureux !","publisher":{"@id":"https:\/\/unrostore.com\/#organization"},"potentialAction":[{"@type":"SearchAction","target":{"@type":"EntryPoint","urlTemplate":"https:\/\/unrostore.com\/?s={search_term_string}"},"query-input":{"@type":"PropertyValueSpecification","valueRequired":true,"valueName":"search_term_string"}}],"inLanguage":"fr-FR"},{"@type":"Organization","@id":"https:\/\/unrostore.com\/#organization","name":"UNRO","url":"https:\/\/unrostore.com\/","logo":{"@type":"ImageObject","inLanguage":"fr-FR","@id":"https:\/\/unrostore.com\/#\/schema\/logo\/image\/","url":"https:\/\/unrostore.com\/wp-content\/uploads\/2022\/05\/Logo-UNRO.png","contentUrl":"https:\/\/unrostore.com\/wp-content\/uploads\/2022\/05\/Logo-UNRO.png","width":605,"height":179,"caption":"UNRO"},"image":{"@id":"https:\/\/unrostore.com\/#\/schema\/logo\/image\/"}}]}},"_links":{"self":[{"href":"https:\/\/unrostore.com\/fr-fr\/wp-json\/wp\/v2\/product\/4738","targetHints":{"allow":["GET"]}}],"collection":[{"href":"https:\/\/unrostore.com\/fr-fr\/wp-json\/wp\/v2\/product"}],"about":[{"href":"https:\/\/unrostore.com\/fr-fr\/wp-json\/wp\/v2\/types\/product"}],"wp:featuredmedia":[{"embeddable":true,"href":"https:\/\/unrostore.com\/fr-fr\/wp-json\/wp\/v2\/media\/4277"}],"wp:attachment":[{"href":"https:\/\/unrostore.com\/fr-fr\/wp-json\/wp\/v2\/media?parent=4738"}],"wp:term":[{"taxonomy":"product_brand","embeddable":true,"href":"https:\/\/unrostore.com\/fr-fr\/wp-json\/wp\/v2\/product_brand?post=4738"},{"taxonomy":"product_cat","embeddable":true,"href":"https:\/\/unrostore.com\/fr-fr\/wp-json\/wp\/v2\/product_cat?post=4738"},{"taxonomy":"product_tag","embeddable":true,"href":"https:\/\/unrostore.com\/fr-fr\/wp-json\/wp\/v2\/product_tag?post=4738"}],"curies":[{"name":"wp","href":"https:\/\/api.w.org\/{rel}","templated":true}]}}