{"id":4299,"date":"2023-05-19T21:30:17","date_gmt":"2023-05-19T21:30:17","guid":{"rendered":"https:\/\/unrostore.com\/?post_type=product&#038;p=4299"},"modified":"2026-01-19T20:37:25","modified_gmt":"2026-01-19T20:37:25","slug":"pichet-vert-damazonie","status":"publish","type":"product","link":"https:\/\/unrostore.com\/fr-fr\/boutique\/decoration\/vases\/pichet-vert-damazonie\/","title":{"rendered":"Pichet vert Amazonia Green"},"content":{"rendered":"<h3>D\u00e9couvrez la polyvalence de l'unique Green Can Amazonia Green<\/h3>\n<p>Le <strong>Pichet vert<\/strong> Amazonia Green de <a href=\"https:\/\/www.terrafinastore.com\/en\/collections\/coffee\">Terrafina<\/a> est fabriqu\u00e9 en c\u00e9ramique artisanale du Portugal. D\u00e9couvrez la commodit\u00e9 de cette belle carafe d'eau de la collection de vaisselle Amazonia Green. C'est un cadeau amusant \u00e0 offrir pour un anniversaire mais aussi pratique \u00e0 utiliser soi-m\u00eame. Magnifique dans votre int\u00e9rieur comme vase vert pour vos fleurs fra\u00eeches, comme vase \u00e0 tulipes. Id\u00e9al \u00e9galement pour verser une boisson fra\u00eeche lors d'un d\u00eener, d'un pique-nique, d'un d\u00e9jeuner ou d'un souper. La carafe \u00e0 eau est tr\u00e8s polyvalente et peut certainement \u00eatre utilis\u00e9e comme carafe \u00e0 sangria ou \u00e0 vin ! Cr\u00e9ez l'unit\u00e9 \u00e0 table en combinant la carafe en c\u00e9ramique avec la carafe verte. <a href=\"https:\/\/unrostore.com\/fr-fr\/boutique\/terrafina\/vert-damazonie\/groen-serviesset-pastaborden-amazonia-green\/\">service de vaisselle avec assiettes \u00e0 p\u00e2tes<\/a> ou le <a href=\"https:\/\/unrostore.com\/fr-fr\/boutique\/terrafina\/vert-damazonie\/groen-serviesset-amazonia-green-4-personen\/\">set de vaisselle avec bols<\/a>. Profitez de chaque jour avec la vaisselle verte de la collection de vaisselle Amazonia !<\/p>\n<h3>C'est le num\u00e9ro que vous recevez<\/h3>\n<ul>\n<li>1x Pichet Amazonia Green 1,8L<\/li>\n<li>1x Terrafina bo\u00eete cadeau<\/li>\n<\/ul>\n<p>\u00a0<\/p>\n<p><em><strong>Duurzaam voor mens & milieu:<\/strong><br \/>\nChaque produit est unique car il est fabriqu\u00e9 \u00e0 la main.<br \/>\nL'impression et la texture peuvent donc diff\u00e9rer l\u00e9g\u00e8rement de la photo du produit.<\/em><\/p>","protected":false},"excerpt":{"rendered":"<div class=\"usps\"><i class=\"far fa-check-circle\"><\/i> R\u00e9sistant aux micro-ondes<br \/>\n<i class=\"far fa-check-circle\"><\/i> R\u00e9siste au four (jusqu'\u00e0 200 degr\u00e9s)<br \/>\n<i class=\"far fa-check-circle\"><\/i> Lavable au lave-vaisselle<br \/>\n<i class=\"far fa-thumbs-up\"><\/i> Fait \u00e0 la main<\/div>","protected":false},"featured_media":6741,"template":"","meta":[],"product_brand":[],"product_cat":[869,273,170,119,212],"product_tag":[173,171,410,758,388,755,756,389,759,757,754,760],"class_list":{"0":"post-4299","1":"product","2":"type-product","3":"status-publish","4":"has-post-thumbnail","6":"product_cat-unro-cadeautips","7":"product_cat-decoratie","8":"product_cat-amazonia-green","9":"product_cat-terrafina","10":"product_cat-vazen","11":"product_tag-amazonia-green","12":"product_tag-groen","13":"product_tag-groene-kan","14":"product_tag-groene-vaas","15":"product_tag-kan","16":"product_tag-sangria-kan","17":"product_tag-sangriakan","18":"product_tag-serveerkan","19":"product_tag-tulpenvaas","20":"product_tag-water-kan","21":"product_tag-waterkan","22":"product_tag-wijnkan","23":"product_shipping_class-pakket","25":"first","26":"outofstock","27":"sale","28":"taxable","29":"shipping-taxable","30":"purchasable","31":"product-type-simple"},"yoast_head":"<!-- This site is optimized with the Yoast SEO plugin v27.6 - https:\/\/yoast.com\/product\/yoast-seo-wordpress\/ -->\n<title>Groene Kan Amazonia Green &#8226; UNRO<\/title>\n<meta name=\"description\" content=\"De groene kan van handgemaakt keramiek is een perfecte aanvulling op jouw zwarte servies en erg handig voor water, sangria, bloemen of als cadeau!\" \/>\n<meta name=\"robots\" content=\"index, follow, max-snippet:-1, max-image-preview:large, max-video-preview:-1\" \/>\n<link rel=\"canonical\" href=\"https:\/\/unrostore.com\/fr-fr\/boutique\/decoration\/vases\/pichet-vert-damazonie\/\" \/>\n<meta property=\"og:locale\" content=\"fr_FR\" \/>\n<meta property=\"og:type\" content=\"article\" \/>\n<meta property=\"og:title\" content=\"Groene Kan Amazonia Green &#8226; UNRO\" \/>\n<meta property=\"og:description\" content=\"De groene kan van handgemaakt keramiek is een perfecte aanvulling op jouw zwarte servies en erg handig voor water, sangria, bloemen of als cadeau!\" \/>\n<meta property=\"og:url\" content=\"https:\/\/unrostore.com\/fr-fr\/boutique\/decoration\/vases\/pichet-vert-damazonie\/\" \/>\n<meta property=\"og:site_name\" content=\"UNRO\" \/>\n<meta property=\"article:modified_time\" content=\"2026-01-19T20:37:25+00:00\" \/>\n<meta property=\"og:image\" content=\"https:\/\/unrostore.com\/wp-content\/uploads\/2023\/05\/unro-groene-kan-handgemaakt-keramiek.webp\" \/>\n\t<meta property=\"og:image:width\" content=\"1000\" \/>\n\t<meta property=\"og:image:height\" content=\"1000\" \/>\n\t<meta property=\"og:image:type\" content=\"image\/webp\" \/>\n<meta name=\"twitter:card\" content=\"summary_large_image\" \/>\n<script type=\"application\/ld+json\" class=\"yoast-schema-graph\">{\"@context\":\"https:\\\/\\\/schema.org\",\"@graph\":[{\"@type\":\"WebPage\",\"@id\":\"https:\\\/\\\/unrostore.com\\\/shop\\\/decoratie\\\/vazen\\\/groene-kan-amazonia-green\\\/\",\"url\":\"https:\\\/\\\/unrostore.com\\\/shop\\\/decoratie\\\/vazen\\\/groene-kan-amazonia-green\\\/\",\"name\":\"Groene Kan Amazonia Green &#8226; UNRO\",\"isPartOf\":{\"@id\":\"https:\\\/\\\/unrostore.com\\\/#website\"},\"primaryImageOfPage\":{\"@id\":\"https:\\\/\\\/unrostore.com\\\/shop\\\/decoratie\\\/vazen\\\/groene-kan-amazonia-green\\\/#primaryimage\"},\"image\":{\"@id\":\"https:\\\/\\\/unrostore.com\\\/shop\\\/decoratie\\\/vazen\\\/groene-kan-amazonia-green\\\/#primaryimage\"},\"thumbnailUrl\":\"https:\\\/\\\/unrostore.com\\\/wp-content\\\/uploads\\\/2023\\\/05\\\/unro-groene-kan-handgemaakt-keramiek.webp\",\"datePublished\":\"2023-05-19T21:30:17+00:00\",\"dateModified\":\"2026-01-19T20:37:25+00:00\",\"description\":\"De groene kan van handgemaakt keramiek is een perfecte aanvulling op jouw zwarte servies en erg handig voor water, sangria, bloemen of als cadeau!\",\"breadcrumb\":{\"@id\":\"https:\\\/\\\/unrostore.com\\\/shop\\\/decoratie\\\/vazen\\\/groene-kan-amazonia-green\\\/#breadcrumb\"},\"inLanguage\":\"fr-FR\",\"potentialAction\":[{\"@type\":\"ReadAction\",\"target\":[\"https:\\\/\\\/unrostore.com\\\/shop\\\/decoratie\\\/vazen\\\/groene-kan-amazonia-green\\\/\"]}]},{\"@type\":\"ImageObject\",\"inLanguage\":\"fr-FR\",\"@id\":\"https:\\\/\\\/unrostore.com\\\/shop\\\/decoratie\\\/vazen\\\/groene-kan-amazonia-green\\\/#primaryimage\",\"url\":\"https:\\\/\\\/unrostore.com\\\/wp-content\\\/uploads\\\/2023\\\/05\\\/unro-groene-kan-handgemaakt-keramiek.webp\",\"contentUrl\":\"https:\\\/\\\/unrostore.com\\\/wp-content\\\/uploads\\\/2023\\\/05\\\/unro-groene-kan-handgemaakt-keramiek.webp\",\"width\":1000,\"height\":1000,\"caption\":\"groene kan handgemaakt keramiek\"},{\"@type\":\"BreadcrumbList\",\"@id\":\"https:\\\/\\\/unrostore.com\\\/shop\\\/decoratie\\\/vazen\\\/groene-kan-amazonia-green\\\/#breadcrumb\",\"itemListElement\":[{\"@type\":\"ListItem\",\"position\":1,\"name\":\"Home\",\"item\":\"https:\\\/\\\/unrostore.com\\\/\"},{\"@type\":\"ListItem\",\"position\":2,\"name\":\"Shop\",\"item\":\"https:\\\/\\\/unrostore.com\\\/shop\\\/\"},{\"@type\":\"ListItem\",\"position\":3,\"name\":\"Groene Kan Amazonia Green\"}]},{\"@type\":\"WebSite\",\"@id\":\"https:\\\/\\\/unrostore.com\\\/#website\",\"url\":\"https:\\\/\\\/unrostore.com\\\/\",\"name\":\"UNRO\",\"description\":\"Portugees servies waar je blij van wordt!\",\"publisher\":{\"@id\":\"https:\\\/\\\/unrostore.com\\\/#organization\"},\"potentialAction\":[{\"@type\":\"SearchAction\",\"target\":{\"@type\":\"EntryPoint\",\"urlTemplate\":\"https:\\\/\\\/unrostore.com\\\/?s={search_term_string}\"},\"query-input\":{\"@type\":\"PropertyValueSpecification\",\"valueRequired\":true,\"valueName\":\"search_term_string\"}}],\"inLanguage\":\"fr-FR\"},{\"@type\":\"Organization\",\"@id\":\"https:\\\/\\\/unrostore.com\\\/#organization\",\"name\":\"UNRO\",\"url\":\"https:\\\/\\\/unrostore.com\\\/\",\"logo\":{\"@type\":\"ImageObject\",\"inLanguage\":\"fr-FR\",\"@id\":\"https:\\\/\\\/unrostore.com\\\/#\\\/schema\\\/logo\\\/image\\\/\",\"url\":\"https:\\\/\\\/unrostore.com\\\/wp-content\\\/uploads\\\/2022\\\/05\\\/Logo-UNRO.png\",\"contentUrl\":\"https:\\\/\\\/unrostore.com\\\/wp-content\\\/uploads\\\/2022\\\/05\\\/Logo-UNRO.png\",\"width\":605,\"height\":179,\"caption\":\"UNRO\"},\"image\":{\"@id\":\"https:\\\/\\\/unrostore.com\\\/#\\\/schema\\\/logo\\\/image\\\/\"}}]}<\/script>\n<!-- \/ Yoast SEO plugin. -->","yoast_head_json":{"title":"Pichet vert Amazonia Green - UNRO","description":"La cruche verte en c\u00e9ramique faite \u00e0 la main est un compl\u00e9ment parfait \u00e0 votre vaisselle noire et est tr\u00e8s pratique pour l'eau, la sangria, les fleurs ou comme cadeau !","robots":{"index":"index","follow":"follow","max-snippet":"max-snippet:-1","max-image-preview":"max-image-preview:large","max-video-preview":"max-video-preview:-1"},"canonical":"https:\/\/unrostore.com\/fr-fr\/boutique\/decoration\/vases\/pichet-vert-damazonie\/","og_locale":"fr_FR","og_type":"article","og_title":"Groene Kan Amazonia Green &#8226; UNRO","og_description":"De groene kan van handgemaakt keramiek is een perfecte aanvulling op jouw zwarte servies en erg handig voor water, sangria, bloemen of als cadeau!","og_url":"https:\/\/unrostore.com\/fr-fr\/boutique\/decoration\/vases\/pichet-vert-damazonie\/","og_site_name":"UNRO","article_modified_time":"2026-01-19T20:37:25+00:00","og_image":[{"width":1000,"height":1000,"url":"https:\/\/unrostore.com\/wp-content\/uploads\/2023\/05\/unro-groene-kan-handgemaakt-keramiek.webp","type":"image\/webp"}],"twitter_card":"summary_large_image","schema":{"@context":"https:\/\/schema.org","@graph":[{"@type":"WebPage","@id":"https:\/\/unrostore.com\/shop\/decoratie\/vazen\/groene-kan-amazonia-green\/","url":"https:\/\/unrostore.com\/shop\/decoratie\/vazen\/groene-kan-amazonia-green\/","name":"Pichet vert Amazonia Green - UNRO","isPartOf":{"@id":"https:\/\/unrostore.com\/#website"},"primaryImageOfPage":{"@id":"https:\/\/unrostore.com\/shop\/decoratie\/vazen\/groene-kan-amazonia-green\/#primaryimage"},"image":{"@id":"https:\/\/unrostore.com\/shop\/decoratie\/vazen\/groene-kan-amazonia-green\/#primaryimage"},"thumbnailUrl":"https:\/\/unrostore.com\/wp-content\/uploads\/2023\/05\/unro-groene-kan-handgemaakt-keramiek.webp","datePublished":"2023-05-19T21:30:17+00:00","dateModified":"2026-01-19T20:37:25+00:00","description":"La cruche verte en c\u00e9ramique faite \u00e0 la main est un compl\u00e9ment parfait \u00e0 votre vaisselle noire et est tr\u00e8s pratique pour l'eau, la sangria, les fleurs ou comme cadeau !","breadcrumb":{"@id":"https:\/\/unrostore.com\/shop\/decoratie\/vazen\/groene-kan-amazonia-green\/#breadcrumb"},"inLanguage":"fr-FR","potentialAction":[{"@type":"ReadAction","target":["https:\/\/unrostore.com\/shop\/decoratie\/vazen\/groene-kan-amazonia-green\/"]}]},{"@type":"ImageObject","inLanguage":"fr-FR","@id":"https:\/\/unrostore.com\/shop\/decoratie\/vazen\/groene-kan-amazonia-green\/#primaryimage","url":"https:\/\/unrostore.com\/wp-content\/uploads\/2023\/05\/unro-groene-kan-handgemaakt-keramiek.webp","contentUrl":"https:\/\/unrostore.com\/wp-content\/uploads\/2023\/05\/unro-groene-kan-handgemaakt-keramiek.webp","width":1000,"height":1000,"caption":"groene kan handgemaakt keramiek"},{"@type":"BreadcrumbList","@id":"https:\/\/unrostore.com\/shop\/decoratie\/vazen\/groene-kan-amazonia-green\/#breadcrumb","itemListElement":[{"@type":"ListItem","position":1,"name":"Home","item":"https:\/\/unrostore.com\/"},{"@type":"ListItem","position":2,"name":"Shop","item":"https:\/\/unrostore.com\/shop\/"},{"@type":"ListItem","position":3,"name":"Groene Kan Amazonia Green"}]},{"@type":"WebSite","@id":"https:\/\/unrostore.com\/#website","url":"https:\/\/unrostore.com\/","name":"UNRO","description":"De la vaisselle portugaise qui vous rendra heureux !","publisher":{"@id":"https:\/\/unrostore.com\/#organization"},"potentialAction":[{"@type":"SearchAction","target":{"@type":"EntryPoint","urlTemplate":"https:\/\/unrostore.com\/?s={search_term_string}"},"query-input":{"@type":"PropertyValueSpecification","valueRequired":true,"valueName":"search_term_string"}}],"inLanguage":"fr-FR"},{"@type":"Organization","@id":"https:\/\/unrostore.com\/#organization","name":"UNRO","url":"https:\/\/unrostore.com\/","logo":{"@type":"ImageObject","inLanguage":"fr-FR","@id":"https:\/\/unrostore.com\/#\/schema\/logo\/image\/","url":"https:\/\/unrostore.com\/wp-content\/uploads\/2022\/05\/Logo-UNRO.png","contentUrl":"https:\/\/unrostore.com\/wp-content\/uploads\/2022\/05\/Logo-UNRO.png","width":605,"height":179,"caption":"UNRO"},"image":{"@id":"https:\/\/unrostore.com\/#\/schema\/logo\/image\/"}}]}},"_links":{"self":[{"href":"https:\/\/unrostore.com\/fr-fr\/wp-json\/wp\/v2\/product\/4299","targetHints":{"allow":["GET"]}}],"collection":[{"href":"https:\/\/unrostore.com\/fr-fr\/wp-json\/wp\/v2\/product"}],"about":[{"href":"https:\/\/unrostore.com\/fr-fr\/wp-json\/wp\/v2\/types\/product"}],"wp:featuredmedia":[{"embeddable":true,"href":"https:\/\/unrostore.com\/fr-fr\/wp-json\/wp\/v2\/media\/6741"}],"wp:attachment":[{"href":"https:\/\/unrostore.com\/fr-fr\/wp-json\/wp\/v2\/media?parent=4299"}],"wp:term":[{"taxonomy":"product_brand","embeddable":true,"href":"https:\/\/unrostore.com\/fr-fr\/wp-json\/wp\/v2\/product_brand?post=4299"},{"taxonomy":"product_cat","embeddable":true,"href":"https:\/\/unrostore.com\/fr-fr\/wp-json\/wp\/v2\/product_cat?post=4299"},{"taxonomy":"product_tag","embeddable":true,"href":"https:\/\/unrostore.com\/fr-fr\/wp-json\/wp\/v2\/product_tag?post=4299"}],"curies":[{"name":"wp","href":"https:\/\/api.w.org\/{rel}","templated":true}]}}