{"id":4283,"date":"2023-05-19T19:43:01","date_gmt":"2023-05-19T19:43:01","guid":{"rendered":"https:\/\/unrostore.com\/?post_type=product&#038;p=4283"},"modified":"2026-01-19T20:37:26","modified_gmt":"2026-01-19T20:37:26","slug":"service-de-table-bleu-assiettes-a-pates-amazonia-blue","status":"publish","type":"product","link":"https:\/\/unrostore.com\/fr-fr\/boutique\/terrafina\/bleu-damazonie\/service-de-table-bleu-assiettes-a-pates-amazonia-blue\/","title":{"rendered":"Service de vaisselle bleu assiettes \u00e0 p\u00e2tes Amazonia Blue"},"content":{"rendered":"<h3>Service de table bleu roi avec assiettes \u00e0 p\u00e2tes Amazonia Blue pour 4 personnes (12 pi\u00e8ces)<\/h3>\n<p>En plus de la <a href=\"https:\/\/unrostore.com\/fr-fr\/boutique\/terrafina\/bleu-damazonie\/amazonia-blue-serviesset-4-personen\/\">service de table bleu avec bols<\/a> d\u00e9sormais, nous disposons \u00e9galement de la <strong>service de table bleu<\/strong> avec <strong>assiettes \u00e0 p\u00e2tes<\/strong> par la marque portugaise <a href=\"https:\/\/www.terrafinastore.com\/en\/collections\/amazonia\">Terrafina<\/a> dans notre gamme ! Savourez des d\u00e9lices culinaires avec ce magnifique service de table bleu unique comprenant des assiettes \u00e0 p\u00e2tes pour 4 personnes. Vous \u00eates ainsi toujours pr\u00eat pour des d\u00eeners agr\u00e9ables et spontan\u00e9s. Mais cette vaisselle en c\u00e9ramique fabriqu\u00e9e \u00e0 la main est \u00e9galement id\u00e9ale pour un usage quotidien. De la table, directement au lave-vaisselle et de nouveau dans le placard. Souhaitez-vous des bols plus petits en plus des assiettes \u00e0 p\u00e2tes ? Les assiettes \u00e0 p\u00e2tes <a href=\"https:\/\/unrostore.com\/fr-fr\/boutique\/terrafina\/bleu-damazonie\/amazonia-blue-kommen-2-delig\/\">bols bleus<\/a> de la collection Amazonia Blue peuvent \u00e9galement \u00eatre command\u00e9s s\u00e9par\u00e9ment. En outre, compl\u00e9tez ce service de table bleu profond avec la collection de vaisselle Amazonia Blue <a href=\"https:\/\/unrostore.com\/fr-fr\/boutique\/terrafina\/bleu-damazonie\/plats-de-service-bleus-amazonia-blue-2-tailles\/\">plats de service ovales bleus<\/a> et <a href=\"https:\/\/unrostore.com\/fr-fr\/boutique\/terrafina\/bleu-damazonie\/coupe-a-fruits-bleu-amazonia\/\">plat de service\/coupe \u00e0 fruits rond bleu<\/a>. Apportez \u00e0 la maison l'ambiance boutique chic d'un restaurant et profitez de ce service de table bleu, seul ou avec d'autres!<\/p>\n<p>\u00a0<\/p>\n<h3>C'est le num\u00e9ro que vous recevez<\/h3>\n<ul>\n<li>4x Assiettes \u00e0 p\u00e2tes Amazonia Blue \u00f8 23 cm<\/li>\n<li>4x Assiettes \u00e0 d\u00e9jeuner Amazonia Blue \u00f8 21 cm<\/li>\n<li>4x Assiettes plates Amazonia Blue \u00f8 29.5 cm<\/li>\n<li>3x Terrafina bo\u00eete cadeau<\/li>\n<\/ul>\n<p>\u00a0<\/p>\n<p><em><strong>Duurzaam voor mens & milieu:<\/strong><br \/>\nChaque produit est unique car il est fabriqu\u00e9 \u00e0 la main.<br \/>\nL'impression et la texture peuvent donc diff\u00e9rer l\u00e9g\u00e8rement de la photo du produit.<\/em><\/p>","protected":false},"excerpt":{"rendered":"<div class=\"usps\"><i class=\"far fa-check-circle\"><\/i> R\u00e9sistant aux micro-ondes<br \/>\n<i class=\"far fa-check-circle\"><\/i> R\u00e9siste au four (jusqu'\u00e0 200 degr\u00e9s)<br \/>\n<i class=\"far fa-check-circle\"><\/i> Lavable au lave-vaisselle<br \/>\n<i class=\"far fa-thumbs-up\"><\/i> Fait \u00e0 la main<\/div>","protected":false},"featured_media":7176,"template":"","meta":[],"product_brand":[],"product_cat":[728,174,122,119],"product_tag":[668,175,406,407,408,129,284,289,404,125,746,337,405,123],"class_list":{"0":"post-4283","1":"product","2":"type-product","3":"status-publish","4":"has-post-thumbnail","6":"product_cat-12-delig-servies-pasta","7":"product_cat-amazonia-blue","8":"product_cat-serviesset","9":"product_cat-terrafina","10":"product_tag-12-delig-servies","11":"product_tag-amazonia-blue","12":"product_tag-blauw-servies","13":"product_tag-blauwe-serviesset","14":"product_tag-blauwe-serviesset-pastaborden","15":"product_tag-borden","16":"product_tag-dinerborden","17":"product_tag-ontbijtborden","18":"product_tag-pastaborden","19":"product_tag-serviesset","20":"product_tag-serviesset-12-delig","21":"product_tag-serviesset-4-personen","22":"product_tag-serviesset-pastaborden","23":"product_tag-terrafina","24":"product_shipping_class-pakket","26":"first","27":"outofstock","28":"sale","29":"taxable","30":"shipping-taxable","31":"purchasable","32":"product-type-simple"},"yoast_head":"<!-- This site is optimized with the Yoast SEO plugin v27.5 - https:\/\/yoast.com\/product\/yoast-seo-wordpress\/ -->\n<title>Blauwe Serviesset Pastaborden Amazonia Blue &#8226; UNRO<\/title>\n<meta name=\"description\" content=\"Nieuw in ons assortiment is de 12-delige handgemaakte blauwe serviesset met pastaborden voor 4 personen. Perfect voor als acai bowl en pastabord!\" \/>\n<meta name=\"robots\" content=\"index, follow, max-snippet:-1, max-image-preview:large, max-video-preview:-1\" \/>\n<link rel=\"canonical\" href=\"https:\/\/unrostore.com\/fr-fr\/boutique\/terrafina\/bleu-damazonie\/service-de-table-bleu-assiettes-a-pates-amazonia-blue\/\" \/>\n<meta property=\"og:locale\" content=\"fr_FR\" \/>\n<meta property=\"og:type\" content=\"article\" \/>\n<meta property=\"og:title\" content=\"Blauwe Serviesset Pastaborden Amazonia Blue &#8226; UNRO\" \/>\n<meta property=\"og:description\" content=\"Nieuw in ons assortiment is de 12-delige handgemaakte blauwe serviesset met pastaborden voor 4 personen. Perfect voor als acai bowl en pastabord!\" \/>\n<meta property=\"og:url\" content=\"https:\/\/unrostore.com\/fr-fr\/boutique\/terrafina\/bleu-damazonie\/service-de-table-bleu-assiettes-a-pates-amazonia-blue\/\" \/>\n<meta property=\"og:site_name\" content=\"UNRO\" \/>\n<meta property=\"article:modified_time\" content=\"2026-01-19T20:37:26+00:00\" \/>\n<meta property=\"og:image\" content=\"https:\/\/unrostore.com\/wp-content\/uploads\/2023\/05\/unro-portugees-servies-blauwe-serviesset-met-pastaborden.webp\" \/>\n\t<meta property=\"og:image:width\" content=\"1000\" \/>\n\t<meta property=\"og:image:height\" content=\"1000\" \/>\n\t<meta property=\"og:image:type\" content=\"image\/webp\" \/>\n<meta name=\"twitter:card\" content=\"summary_large_image\" \/>\n<script type=\"application\/ld+json\" class=\"yoast-schema-graph\">{\"@context\":\"https:\\\/\\\/schema.org\",\"@graph\":[{\"@type\":\"WebPage\",\"@id\":\"https:\\\/\\\/unrostore.com\\\/shop\\\/terrafina\\\/amazonia-blue\\\/blauwe-serviesset-pastaborden-amazonia-blue\\\/\",\"url\":\"https:\\\/\\\/unrostore.com\\\/shop\\\/terrafina\\\/amazonia-blue\\\/blauwe-serviesset-pastaborden-amazonia-blue\\\/\",\"name\":\"Blauwe Serviesset Pastaborden Amazonia Blue &#8226; UNRO\",\"isPartOf\":{\"@id\":\"https:\\\/\\\/unrostore.com\\\/#website\"},\"primaryImageOfPage\":{\"@id\":\"https:\\\/\\\/unrostore.com\\\/shop\\\/terrafina\\\/amazonia-blue\\\/blauwe-serviesset-pastaborden-amazonia-blue\\\/#primaryimage\"},\"image\":{\"@id\":\"https:\\\/\\\/unrostore.com\\\/shop\\\/terrafina\\\/amazonia-blue\\\/blauwe-serviesset-pastaborden-amazonia-blue\\\/#primaryimage\"},\"thumbnailUrl\":\"https:\\\/\\\/unrostore.com\\\/wp-content\\\/uploads\\\/2023\\\/05\\\/unro-portugees-servies-blauwe-serviesset-met-pastaborden.webp\",\"datePublished\":\"2023-05-19T19:43:01+00:00\",\"dateModified\":\"2026-01-19T20:37:26+00:00\",\"description\":\"Nieuw in ons assortiment is de 12-delige handgemaakte blauwe serviesset met pastaborden voor 4 personen. Perfect voor als acai bowl en pastabord!\",\"breadcrumb\":{\"@id\":\"https:\\\/\\\/unrostore.com\\\/shop\\\/terrafina\\\/amazonia-blue\\\/blauwe-serviesset-pastaborden-amazonia-blue\\\/#breadcrumb\"},\"inLanguage\":\"fr-FR\",\"potentialAction\":[{\"@type\":\"ReadAction\",\"target\":[\"https:\\\/\\\/unrostore.com\\\/shop\\\/terrafina\\\/amazonia-blue\\\/blauwe-serviesset-pastaborden-amazonia-blue\\\/\"]}]},{\"@type\":\"ImageObject\",\"inLanguage\":\"fr-FR\",\"@id\":\"https:\\\/\\\/unrostore.com\\\/shop\\\/terrafina\\\/amazonia-blue\\\/blauwe-serviesset-pastaborden-amazonia-blue\\\/#primaryimage\",\"url\":\"https:\\\/\\\/unrostore.com\\\/wp-content\\\/uploads\\\/2023\\\/05\\\/unro-portugees-servies-blauwe-serviesset-met-pastaborden.webp\",\"contentUrl\":\"https:\\\/\\\/unrostore.com\\\/wp-content\\\/uploads\\\/2023\\\/05\\\/unro-portugees-servies-blauwe-serviesset-met-pastaborden.webp\",\"width\":1000,\"height\":1000,\"caption\":\"blauwe serviesset met pastaborden\"},{\"@type\":\"BreadcrumbList\",\"@id\":\"https:\\\/\\\/unrostore.com\\\/shop\\\/terrafina\\\/amazonia-blue\\\/blauwe-serviesset-pastaborden-amazonia-blue\\\/#breadcrumb\",\"itemListElement\":[{\"@type\":\"ListItem\",\"position\":1,\"name\":\"Home\",\"item\":\"https:\\\/\\\/unrostore.com\\\/\"},{\"@type\":\"ListItem\",\"position\":2,\"name\":\"Shop\",\"item\":\"https:\\\/\\\/unrostore.com\\\/shop\\\/\"},{\"@type\":\"ListItem\",\"position\":3,\"name\":\"Blauwe Serviesset Pastaborden Amazonia Blue\"}]},{\"@type\":\"WebSite\",\"@id\":\"https:\\\/\\\/unrostore.com\\\/#website\",\"url\":\"https:\\\/\\\/unrostore.com\\\/\",\"name\":\"UNRO\",\"description\":\"Portugees servies waar je blij van wordt!\",\"publisher\":{\"@id\":\"https:\\\/\\\/unrostore.com\\\/#organization\"},\"potentialAction\":[{\"@type\":\"SearchAction\",\"target\":{\"@type\":\"EntryPoint\",\"urlTemplate\":\"https:\\\/\\\/unrostore.com\\\/?s={search_term_string}\"},\"query-input\":{\"@type\":\"PropertyValueSpecification\",\"valueRequired\":true,\"valueName\":\"search_term_string\"}}],\"inLanguage\":\"fr-FR\"},{\"@type\":\"Organization\",\"@id\":\"https:\\\/\\\/unrostore.com\\\/#organization\",\"name\":\"UNRO\",\"url\":\"https:\\\/\\\/unrostore.com\\\/\",\"logo\":{\"@type\":\"ImageObject\",\"inLanguage\":\"fr-FR\",\"@id\":\"https:\\\/\\\/unrostore.com\\\/#\\\/schema\\\/logo\\\/image\\\/\",\"url\":\"https:\\\/\\\/unrostore.com\\\/wp-content\\\/uploads\\\/2022\\\/05\\\/Logo-UNRO.png\",\"contentUrl\":\"https:\\\/\\\/unrostore.com\\\/wp-content\\\/uploads\\\/2022\\\/05\\\/Logo-UNRO.png\",\"width\":605,\"height\":179,\"caption\":\"UNRO\"},\"image\":{\"@id\":\"https:\\\/\\\/unrostore.com\\\/#\\\/schema\\\/logo\\\/image\\\/\"}}]}<\/script>\n<!-- \/ Yoast SEO plugin. -->","yoast_head_json":{"title":"Service de vaisselle bleu Assiettes \u00e0 p\u00e2tes Amazonia Blue - UNRO","description":"Nouveau dans notre gamme, le service de vaisselle bleu fait main 12 pi\u00e8ces avec assiettes \u00e0 p\u00e2tes pour 4 personnes. Parfait pour servir de bol d'a\u00e7a\u00ef et d'assiette \u00e0 p\u00e2tes !","robots":{"index":"index","follow":"follow","max-snippet":"max-snippet:-1","max-image-preview":"max-image-preview:large","max-video-preview":"max-video-preview:-1"},"canonical":"https:\/\/unrostore.com\/fr-fr\/boutique\/terrafina\/bleu-damazonie\/service-de-table-bleu-assiettes-a-pates-amazonia-blue\/","og_locale":"fr_FR","og_type":"article","og_title":"Blauwe Serviesset Pastaborden Amazonia Blue &#8226; UNRO","og_description":"Nieuw in ons assortiment is de 12-delige handgemaakte blauwe serviesset met pastaborden voor 4 personen. Perfect voor als acai bowl en pastabord!","og_url":"https:\/\/unrostore.com\/fr-fr\/boutique\/terrafina\/bleu-damazonie\/service-de-table-bleu-assiettes-a-pates-amazonia-blue\/","og_site_name":"UNRO","article_modified_time":"2026-01-19T20:37:26+00:00","og_image":[{"width":1000,"height":1000,"url":"https:\/\/unrostore.com\/wp-content\/uploads\/2023\/05\/unro-portugees-servies-blauwe-serviesset-met-pastaborden.webp","type":"image\/webp"}],"twitter_card":"summary_large_image","schema":{"@context":"https:\/\/schema.org","@graph":[{"@type":"WebPage","@id":"https:\/\/unrostore.com\/shop\/terrafina\/amazonia-blue\/blauwe-serviesset-pastaborden-amazonia-blue\/","url":"https:\/\/unrostore.com\/shop\/terrafina\/amazonia-blue\/blauwe-serviesset-pastaborden-amazonia-blue\/","name":"Service de vaisselle bleu Assiettes \u00e0 p\u00e2tes Amazonia Blue - UNRO","isPartOf":{"@id":"https:\/\/unrostore.com\/#website"},"primaryImageOfPage":{"@id":"https:\/\/unrostore.com\/shop\/terrafina\/amazonia-blue\/blauwe-serviesset-pastaborden-amazonia-blue\/#primaryimage"},"image":{"@id":"https:\/\/unrostore.com\/shop\/terrafina\/amazonia-blue\/blauwe-serviesset-pastaborden-amazonia-blue\/#primaryimage"},"thumbnailUrl":"https:\/\/unrostore.com\/wp-content\/uploads\/2023\/05\/unro-portugees-servies-blauwe-serviesset-met-pastaborden.webp","datePublished":"2023-05-19T19:43:01+00:00","dateModified":"2026-01-19T20:37:26+00:00","description":"Nouveau dans notre gamme, le service de vaisselle bleu fait main 12 pi\u00e8ces avec assiettes \u00e0 p\u00e2tes pour 4 personnes. Parfait pour servir de bol d'a\u00e7a\u00ef et d'assiette \u00e0 p\u00e2tes !","breadcrumb":{"@id":"https:\/\/unrostore.com\/shop\/terrafina\/amazonia-blue\/blauwe-serviesset-pastaborden-amazonia-blue\/#breadcrumb"},"inLanguage":"fr-FR","potentialAction":[{"@type":"ReadAction","target":["https:\/\/unrostore.com\/shop\/terrafina\/amazonia-blue\/blauwe-serviesset-pastaborden-amazonia-blue\/"]}]},{"@type":"ImageObject","inLanguage":"fr-FR","@id":"https:\/\/unrostore.com\/shop\/terrafina\/amazonia-blue\/blauwe-serviesset-pastaborden-amazonia-blue\/#primaryimage","url":"https:\/\/unrostore.com\/wp-content\/uploads\/2023\/05\/unro-portugees-servies-blauwe-serviesset-met-pastaborden.webp","contentUrl":"https:\/\/unrostore.com\/wp-content\/uploads\/2023\/05\/unro-portugees-servies-blauwe-serviesset-met-pastaborden.webp","width":1000,"height":1000,"caption":"blauwe serviesset met pastaborden"},{"@type":"BreadcrumbList","@id":"https:\/\/unrostore.com\/shop\/terrafina\/amazonia-blue\/blauwe-serviesset-pastaborden-amazonia-blue\/#breadcrumb","itemListElement":[{"@type":"ListItem","position":1,"name":"Home","item":"https:\/\/unrostore.com\/"},{"@type":"ListItem","position":2,"name":"Shop","item":"https:\/\/unrostore.com\/shop\/"},{"@type":"ListItem","position":3,"name":"Blauwe Serviesset Pastaborden Amazonia Blue"}]},{"@type":"WebSite","@id":"https:\/\/unrostore.com\/#website","url":"https:\/\/unrostore.com\/","name":"UNRO","description":"De la vaisselle portugaise qui vous rendra heureux !","publisher":{"@id":"https:\/\/unrostore.com\/#organization"},"potentialAction":[{"@type":"SearchAction","target":{"@type":"EntryPoint","urlTemplate":"https:\/\/unrostore.com\/?s={search_term_string}"},"query-input":{"@type":"PropertyValueSpecification","valueRequired":true,"valueName":"search_term_string"}}],"inLanguage":"fr-FR"},{"@type":"Organization","@id":"https:\/\/unrostore.com\/#organization","name":"UNRO","url":"https:\/\/unrostore.com\/","logo":{"@type":"ImageObject","inLanguage":"fr-FR","@id":"https:\/\/unrostore.com\/#\/schema\/logo\/image\/","url":"https:\/\/unrostore.com\/wp-content\/uploads\/2022\/05\/Logo-UNRO.png","contentUrl":"https:\/\/unrostore.com\/wp-content\/uploads\/2022\/05\/Logo-UNRO.png","width":605,"height":179,"caption":"UNRO"},"image":{"@id":"https:\/\/unrostore.com\/#\/schema\/logo\/image\/"}}]}},"_links":{"self":[{"href":"https:\/\/unrostore.com\/fr-fr\/wp-json\/wp\/v2\/product\/4283","targetHints":{"allow":["GET"]}}],"collection":[{"href":"https:\/\/unrostore.com\/fr-fr\/wp-json\/wp\/v2\/product"}],"about":[{"href":"https:\/\/unrostore.com\/fr-fr\/wp-json\/wp\/v2\/types\/product"}],"wp:featuredmedia":[{"embeddable":true,"href":"https:\/\/unrostore.com\/fr-fr\/wp-json\/wp\/v2\/media\/7176"}],"wp:attachment":[{"href":"https:\/\/unrostore.com\/fr-fr\/wp-json\/wp\/v2\/media?parent=4283"}],"wp:term":[{"taxonomy":"product_brand","embeddable":true,"href":"https:\/\/unrostore.com\/fr-fr\/wp-json\/wp\/v2\/product_brand?post=4283"},{"taxonomy":"product_cat","embeddable":true,"href":"https:\/\/unrostore.com\/fr-fr\/wp-json\/wp\/v2\/product_cat?post=4283"},{"taxonomy":"product_tag","embeddable":true,"href":"https:\/\/unrostore.com\/fr-fr\/wp-json\/wp\/v2\/product_tag?post=4283"}],"curies":[{"name":"wp","href":"https:\/\/api.w.org\/{rel}","templated":true}]}}