{"id":4221,"date":"2023-05-18T14:54:44","date_gmt":"2023-05-18T14:54:44","guid":{"rendered":"https:\/\/unrostore.com\/?post_type=product&#038;p=4221"},"modified":"2026-01-19T20:37:48","modified_gmt":"2026-01-19T20:37:48","slug":"coupe-a-fruits-pierre-noire","status":"publish","type":"product","link":"https:\/\/unrostore.com\/fr-fr\/boutique\/terrafina\/vaisselle-noire-pierre-noire-2\/coupe-a-fruits-pierre-noire\/","title":{"rendered":"Coupe \u00e0 fruits noir Black Stone"},"content":{"rendered":"<h3>Le bol \u00e0 fruits noir Black Stone attire tous les regards sur la table.<\/h3>\n<p>L'exclusive <strong>coupe \u00e0 fruits noir<\/strong>\u00a0Black Stone de <a href=\"https:\/\/www.terrafinastore.com\/en\/collections\/coffee\">Terrafina<\/a> est maintenant sp\u00e9cialement disponible chez UNRO. Un magnifique grand bol en c\u00e9ramique noire pour servir vos plats ou vos salades fra\u00eeches et les d\u00e9guster ensemble. Ce bol de service noir est un bel ajout \u00e0 la collection Black Stone <a href=\"https:\/\/unrostore.com\/fr-fr\/boutique\/terrafina\/vaisselle-noire-pierre-noire-2\/black-stone-serviesset-kommen\/\">set de vaisselle avec bols<\/a> ou <a href=\"https:\/\/unrostore.com\/fr-fr\/boutique\/terrafina\/vaisselle-noire-pierre-noire-2\/black-stone-serviesset-pastaborden\/\">service de vaisselle avec assiettes \u00e0 p\u00e2tes<\/a>. Mais le saladier s'int\u00e8gre \u00e9galement tr\u00e8s bien dans votre int\u00e9rieur en tant que d\u00e9coration et constitue une belle id\u00e9e de cadeau pour un anniversaire, par exemple.<\/p>\n<h3>C'est le num\u00e9ro que vous recevez<\/h3>\n<ul>\n<li>1x Coupe \u00e0 fruits Black Stone \u00f8 26,5 cm<\/li>\n<li>1x Terrafina bo\u00eete cadeau<\/li>\n<\/ul>\n<p>&nbsp;<\/p>\n<p><em><strong>Durable pour les personnes et l'environnement :<\/strong><br \/>\nChaque produit est unique car il est fabriqu\u00e9 \u00e0 la main.<br \/>\nL'impression et la texture peuvent donc diff\u00e9rer l\u00e9g\u00e8rement de la photo du produit.<\/em><\/p>","protected":false},"excerpt":{"rendered":"<div class=\"usps\"><i class=\"far fa-check-circle\"><\/i> R\u00e9sistant aux micro-ondes<br \/>\n<i class=\"far fa-check-circle\"><\/i> R\u00e9siste au four (jusqu'\u00e0 200 degr\u00e9s)<br \/>\n<i class=\"far fa-check-circle\"><\/i> Lavable au lave-vaisselle<br \/>\n<i class=\"far fa-thumbs-up\"><\/i> Fait \u00e0 la main<\/div>","protected":false},"featured_media":6748,"template":"","meta":[],"product_brand":[],"product_cat":[657,135,138,119,384],"product_tag":[381,380,253,736,251,605,143,148,382,390,385,737],"class_list":{"0":"post-4221","1":"product","2":"type-product","3":"status-publish","4":"has-post-thumbnail","6":"product_cat-fruitschalen-en-saladeschalen","7":"product_cat-kommen","8":"product_cat-serveerschalen","9":"product_cat-terrafina","10":"product_cat-zwart-servies-black-stone","11":"product_tag-black","12":"product_tag-black-stone","13":"product_tag-fruitschaal","14":"product_tag-fruitschaal-zwart","15":"product_tag-grote-kom","16":"product_tag-saladekom","17":"product_tag-serveerkom","18":"product_tag-serveerschaal","19":"product_tag-stone","20":"product_tag-zwart-keramiek","21":"product_tag-zwart-servies","22":"product_tag-zwarte-fruitschaal","23":"product_shipping_class-pakket","25":"first","26":"outofstock","27":"sale","28":"taxable","29":"shipping-taxable","30":"purchasable","31":"product-type-simple"},"yoast_head":"<!-- This site is optimized with the Yoast SEO plugin v27.4 - https:\/\/yoast.com\/product\/yoast-seo-wordpress\/ -->\n<title>Fruitschaal Zwart Black Stone &#8226; UNRO<\/title>\n<meta name=\"description\" content=\"Serveer jouw verse salade op de exclusieve Fruitschaal Zwart Black Stone of gebruik hem als saladekom voor in huis. Ook leuk als cadeau!\" \/>\n<meta name=\"robots\" content=\"index, follow, max-snippet:-1, max-image-preview:large, max-video-preview:-1\" \/>\n<link rel=\"canonical\" href=\"https:\/\/unrostore.com\/fr-fr\/boutique\/terrafina\/vaisselle-noire-pierre-noire-2\/coupe-a-fruits-pierre-noire\/\" \/>\n<meta property=\"og:locale\" content=\"fr_FR\" \/>\n<meta property=\"og:type\" content=\"article\" \/>\n<meta property=\"og:title\" content=\"Fruitschaal Zwart Black Stone &#8226; UNRO\" \/>\n<meta property=\"og:description\" content=\"Serveer jouw verse salade op de exclusieve Fruitschaal Zwart Black Stone of gebruik hem als saladekom voor in huis. Ook leuk als cadeau!\" \/>\n<meta property=\"og:url\" content=\"https:\/\/unrostore.com\/fr-fr\/boutique\/terrafina\/vaisselle-noire-pierre-noire-2\/coupe-a-fruits-pierre-noire\/\" \/>\n<meta property=\"og:site_name\" content=\"UNRO\" \/>\n<meta property=\"article:modified_time\" content=\"2026-01-19T20:37:48+00:00\" \/>\n<meta property=\"og:image\" content=\"https:\/\/unrostore.com\/wp-content\/uploads\/2023\/05\/unro-portugees-servies-zwarte-schaal.webp\" \/>\n\t<meta property=\"og:image:width\" content=\"1000\" \/>\n\t<meta property=\"og:image:height\" content=\"1000\" \/>\n\t<meta property=\"og:image:type\" content=\"image\/webp\" \/>\n<meta name=\"twitter:card\" content=\"summary_large_image\" \/>\n<script type=\"application\/ld+json\" class=\"yoast-schema-graph\">{\"@context\":\"https:\\\/\\\/schema.org\",\"@graph\":[{\"@type\":\"WebPage\",\"@id\":\"https:\\\/\\\/unrostore.com\\\/shop\\\/terrafina\\\/zwart-servies-black-stone\\\/fruitschaal-zwart-black-stone\\\/\",\"url\":\"https:\\\/\\\/unrostore.com\\\/shop\\\/terrafina\\\/zwart-servies-black-stone\\\/fruitschaal-zwart-black-stone\\\/\",\"name\":\"Fruitschaal Zwart Black Stone &#8226; UNRO\",\"isPartOf\":{\"@id\":\"https:\\\/\\\/unrostore.com\\\/#website\"},\"primaryImageOfPage\":{\"@id\":\"https:\\\/\\\/unrostore.com\\\/shop\\\/terrafina\\\/zwart-servies-black-stone\\\/fruitschaal-zwart-black-stone\\\/#primaryimage\"},\"image\":{\"@id\":\"https:\\\/\\\/unrostore.com\\\/shop\\\/terrafina\\\/zwart-servies-black-stone\\\/fruitschaal-zwart-black-stone\\\/#primaryimage\"},\"thumbnailUrl\":\"https:\\\/\\\/unrostore.com\\\/wp-content\\\/uploads\\\/2023\\\/05\\\/unro-portugees-servies-zwarte-schaal.webp\",\"datePublished\":\"2023-05-18T14:54:44+00:00\",\"dateModified\":\"2026-01-19T20:37:48+00:00\",\"description\":\"Serveer jouw verse salade op de exclusieve Fruitschaal Zwart Black Stone of gebruik hem als saladekom voor in huis. Ook leuk als cadeau!\",\"breadcrumb\":{\"@id\":\"https:\\\/\\\/unrostore.com\\\/shop\\\/terrafina\\\/zwart-servies-black-stone\\\/fruitschaal-zwart-black-stone\\\/#breadcrumb\"},\"inLanguage\":\"fr-FR\",\"potentialAction\":[{\"@type\":\"ReadAction\",\"target\":[\"https:\\\/\\\/unrostore.com\\\/shop\\\/terrafina\\\/zwart-servies-black-stone\\\/fruitschaal-zwart-black-stone\\\/\"]}]},{\"@type\":\"ImageObject\",\"inLanguage\":\"fr-FR\",\"@id\":\"https:\\\/\\\/unrostore.com\\\/shop\\\/terrafina\\\/zwart-servies-black-stone\\\/fruitschaal-zwart-black-stone\\\/#primaryimage\",\"url\":\"https:\\\/\\\/unrostore.com\\\/wp-content\\\/uploads\\\/2023\\\/05\\\/unro-portugees-servies-zwarte-schaal.webp\",\"contentUrl\":\"https:\\\/\\\/unrostore.com\\\/wp-content\\\/uploads\\\/2023\\\/05\\\/unro-portugees-servies-zwarte-schaal.webp\",\"width\":1000,\"height\":1000,\"caption\":\"Fruitschaal zwart\"},{\"@type\":\"BreadcrumbList\",\"@id\":\"https:\\\/\\\/unrostore.com\\\/shop\\\/terrafina\\\/zwart-servies-black-stone\\\/fruitschaal-zwart-black-stone\\\/#breadcrumb\",\"itemListElement\":[{\"@type\":\"ListItem\",\"position\":1,\"name\":\"Home\",\"item\":\"https:\\\/\\\/unrostore.com\\\/\"},{\"@type\":\"ListItem\",\"position\":2,\"name\":\"Shop\",\"item\":\"https:\\\/\\\/unrostore.com\\\/shop\\\/\"},{\"@type\":\"ListItem\",\"position\":3,\"name\":\"Fruitschaal Zwart Black Stone\"}]},{\"@type\":\"WebSite\",\"@id\":\"https:\\\/\\\/unrostore.com\\\/#website\",\"url\":\"https:\\\/\\\/unrostore.com\\\/\",\"name\":\"UNRO\",\"description\":\"Portugees servies waar je blij van wordt!\",\"publisher\":{\"@id\":\"https:\\\/\\\/unrostore.com\\\/#organization\"},\"potentialAction\":[{\"@type\":\"SearchAction\",\"target\":{\"@type\":\"EntryPoint\",\"urlTemplate\":\"https:\\\/\\\/unrostore.com\\\/?s={search_term_string}\"},\"query-input\":{\"@type\":\"PropertyValueSpecification\",\"valueRequired\":true,\"valueName\":\"search_term_string\"}}],\"inLanguage\":\"fr-FR\"},{\"@type\":\"Organization\",\"@id\":\"https:\\\/\\\/unrostore.com\\\/#organization\",\"name\":\"UNRO\",\"url\":\"https:\\\/\\\/unrostore.com\\\/\",\"logo\":{\"@type\":\"ImageObject\",\"inLanguage\":\"fr-FR\",\"@id\":\"https:\\\/\\\/unrostore.com\\\/#\\\/schema\\\/logo\\\/image\\\/\",\"url\":\"https:\\\/\\\/unrostore.com\\\/wp-content\\\/uploads\\\/2022\\\/05\\\/Logo-UNRO.png\",\"contentUrl\":\"https:\\\/\\\/unrostore.com\\\/wp-content\\\/uploads\\\/2022\\\/05\\\/Logo-UNRO.png\",\"width\":605,\"height\":179,\"caption\":\"UNRO\"},\"image\":{\"@id\":\"https:\\\/\\\/unrostore.com\\\/#\\\/schema\\\/logo\\\/image\\\/\"}}]}<\/script>\n<!-- \/ Yoast SEO plugin. -->","yoast_head_json":{"title":"Coupe \u00e0 fruits Noir Black Stone - UNRO","description":"Servez votre salade fra\u00eeche sur l'exclusif Fruit Bowl Black Black Stone ou utilisez-le comme saladier pour votre maison. C'est aussi un beau cadeau !","robots":{"index":"index","follow":"follow","max-snippet":"max-snippet:-1","max-image-preview":"max-image-preview:large","max-video-preview":"max-video-preview:-1"},"canonical":"https:\/\/unrostore.com\/fr-fr\/boutique\/terrafina\/vaisselle-noire-pierre-noire-2\/coupe-a-fruits-pierre-noire\/","og_locale":"fr_FR","og_type":"article","og_title":"Fruitschaal Zwart Black Stone &#8226; UNRO","og_description":"Serveer jouw verse salade op de exclusieve Fruitschaal Zwart Black Stone of gebruik hem als saladekom voor in huis. Ook leuk als cadeau!","og_url":"https:\/\/unrostore.com\/fr-fr\/boutique\/terrafina\/vaisselle-noire-pierre-noire-2\/coupe-a-fruits-pierre-noire\/","og_site_name":"UNRO","article_modified_time":"2026-01-19T20:37:48+00:00","og_image":[{"width":1000,"height":1000,"url":"https:\/\/unrostore.com\/wp-content\/uploads\/2023\/05\/unro-portugees-servies-zwarte-schaal.webp","type":"image\/webp"}],"twitter_card":"summary_large_image","schema":{"@context":"https:\/\/schema.org","@graph":[{"@type":"WebPage","@id":"https:\/\/unrostore.com\/shop\/terrafina\/zwart-servies-black-stone\/fruitschaal-zwart-black-stone\/","url":"https:\/\/unrostore.com\/shop\/terrafina\/zwart-servies-black-stone\/fruitschaal-zwart-black-stone\/","name":"Coupe \u00e0 fruits Noir Black Stone - UNRO","isPartOf":{"@id":"https:\/\/unrostore.com\/#website"},"primaryImageOfPage":{"@id":"https:\/\/unrostore.com\/shop\/terrafina\/zwart-servies-black-stone\/fruitschaal-zwart-black-stone\/#primaryimage"},"image":{"@id":"https:\/\/unrostore.com\/shop\/terrafina\/zwart-servies-black-stone\/fruitschaal-zwart-black-stone\/#primaryimage"},"thumbnailUrl":"https:\/\/unrostore.com\/wp-content\/uploads\/2023\/05\/unro-portugees-servies-zwarte-schaal.webp","datePublished":"2023-05-18T14:54:44+00:00","dateModified":"2026-01-19T20:37:48+00:00","description":"Servez votre salade fra\u00eeche sur l'exclusif Fruit Bowl Black Black Stone ou utilisez-le comme saladier pour votre maison. C'est aussi un beau cadeau !","breadcrumb":{"@id":"https:\/\/unrostore.com\/shop\/terrafina\/zwart-servies-black-stone\/fruitschaal-zwart-black-stone\/#breadcrumb"},"inLanguage":"fr-FR","potentialAction":[{"@type":"ReadAction","target":["https:\/\/unrostore.com\/shop\/terrafina\/zwart-servies-black-stone\/fruitschaal-zwart-black-stone\/"]}]},{"@type":"ImageObject","inLanguage":"fr-FR","@id":"https:\/\/unrostore.com\/shop\/terrafina\/zwart-servies-black-stone\/fruitschaal-zwart-black-stone\/#primaryimage","url":"https:\/\/unrostore.com\/wp-content\/uploads\/2023\/05\/unro-portugees-servies-zwarte-schaal.webp","contentUrl":"https:\/\/unrostore.com\/wp-content\/uploads\/2023\/05\/unro-portugees-servies-zwarte-schaal.webp","width":1000,"height":1000,"caption":"Fruitschaal zwart"},{"@type":"BreadcrumbList","@id":"https:\/\/unrostore.com\/shop\/terrafina\/zwart-servies-black-stone\/fruitschaal-zwart-black-stone\/#breadcrumb","itemListElement":[{"@type":"ListItem","position":1,"name":"Home","item":"https:\/\/unrostore.com\/"},{"@type":"ListItem","position":2,"name":"Shop","item":"https:\/\/unrostore.com\/shop\/"},{"@type":"ListItem","position":3,"name":"Fruitschaal Zwart Black Stone"}]},{"@type":"WebSite","@id":"https:\/\/unrostore.com\/#website","url":"https:\/\/unrostore.com\/","name":"UNRO","description":"De la vaisselle portugaise qui vous rendra heureux !","publisher":{"@id":"https:\/\/unrostore.com\/#organization"},"potentialAction":[{"@type":"SearchAction","target":{"@type":"EntryPoint","urlTemplate":"https:\/\/unrostore.com\/?s={search_term_string}"},"query-input":{"@type":"PropertyValueSpecification","valueRequired":true,"valueName":"search_term_string"}}],"inLanguage":"fr-FR"},{"@type":"Organization","@id":"https:\/\/unrostore.com\/#organization","name":"UNRO","url":"https:\/\/unrostore.com\/","logo":{"@type":"ImageObject","inLanguage":"fr-FR","@id":"https:\/\/unrostore.com\/#\/schema\/logo\/image\/","url":"https:\/\/unrostore.com\/wp-content\/uploads\/2022\/05\/Logo-UNRO.png","contentUrl":"https:\/\/unrostore.com\/wp-content\/uploads\/2022\/05\/Logo-UNRO.png","width":605,"height":179,"caption":"UNRO"},"image":{"@id":"https:\/\/unrostore.com\/#\/schema\/logo\/image\/"}}]}},"_links":{"self":[{"href":"https:\/\/unrostore.com\/fr-fr\/wp-json\/wp\/v2\/product\/4221","targetHints":{"allow":["GET"]}}],"collection":[{"href":"https:\/\/unrostore.com\/fr-fr\/wp-json\/wp\/v2\/product"}],"about":[{"href":"https:\/\/unrostore.com\/fr-fr\/wp-json\/wp\/v2\/types\/product"}],"wp:featuredmedia":[{"embeddable":true,"href":"https:\/\/unrostore.com\/fr-fr\/wp-json\/wp\/v2\/media\/6748"}],"wp:attachment":[{"href":"https:\/\/unrostore.com\/fr-fr\/wp-json\/wp\/v2\/media?parent=4221"}],"wp:term":[{"taxonomy":"product_brand","embeddable":true,"href":"https:\/\/unrostore.com\/fr-fr\/wp-json\/wp\/v2\/product_brand?post=4221"},{"taxonomy":"product_cat","embeddable":true,"href":"https:\/\/unrostore.com\/fr-fr\/wp-json\/wp\/v2\/product_cat?post=4221"},{"taxonomy":"product_tag","embeddable":true,"href":"https:\/\/unrostore.com\/fr-fr\/wp-json\/wp\/v2\/product_tag?post=4221"}],"curies":[{"name":"wp","href":"https:\/\/api.w.org\/{rel}","templated":true}]}}