{"id":4213,"date":"2023-05-18T14:03:58","date_gmt":"2023-05-18T14:03:58","guid":{"rendered":"https:\/\/unrostore.com\/?post_type=product&#038;p=4213"},"modified":"2026-01-19T20:37:49","modified_gmt":"2026-01-19T20:37:49","slug":"cruche-noire-pierre-noire","status":"publish","type":"product","link":"https:\/\/unrostore.com\/fr-fr\/boutique\/decoration\/vases\/cruche-noire-pierre-noire\/","title":{"rendered":"Pichet noir Black Stone"},"content":{"rendered":"<h3>D\u00e9couvrez la nouvelle et \u00e9l\u00e9gante pichet noir Black Stone<\/h3>\n<p>Tout nouveau dans notre gamme, l'exclusif <strong>pichet noir<\/strong> par la marque portugaise <a href=\"https:\/\/www.terrafinastore.com\/en\/collections\/coffee\">Terrafina<\/a>. Cette cruche \u00e0 eau en c\u00e9ramique noire fabriqu\u00e9e \u00e0 la main est tr\u00e8s belle sur la table et peut \u00eatre utilis\u00e9e lors de d\u00eeners agr\u00e9ables. Lors d'un barbecue ou d'une f\u00eate, vous pouvez d\u00e9sormais verser facilement votre vin, votre eau ou toute autre boisson d\u00e9licieuse gr\u00e2ce \u00e0 cette \u00e9l\u00e9gante carafe \u00e0 sangria noire. La cruche est \u00e9galement tr\u00e8s jolie dans votre maison comme d\u00e9coration ou comme vase \u00e0 tulipes. De plus, cette carafe noire est un cadeau id\u00e9al \u00e0 offrir ou \u00e0 recevoir pour un anniversaire, une pendaison de cr\u00e9maill\u00e8re, un d\u00e9m\u00e9nagement ou toute autre occasion sp\u00e9ciale. D\u00e9couvrez \u00e9galement les produits en c\u00e9ramique assortis de la collection <a href=\"https:\/\/unrostore.com\/fr-fr\/categorie-de-produits\/terrafina\/vaisselle-noire-pierre-noire-2\/\">Black Stone<\/a>.<\/p>\n<h3>C'est le nombre de tasses qui vous sont livr\u00e9es<\/h3>\n<ul>\n<li>1x Pichet Black Stone (1,8 L)<\/li>\n<li>1x Terrafina bo\u00eete cadeau<\/li>\n<\/ul>\n<p>&nbsp;<\/p>\n<p><em><strong>Durable pour les personnes et l'environnement :<\/strong><br \/>\nChaque produit est unique car il est fabriqu\u00e9 \u00e0 la main.<br \/>\nL'impression et la texture peuvent donc diff\u00e9rer l\u00e9g\u00e8rement de la photo du produit.<\/em><\/p>","protected":false},"excerpt":{"rendered":"<div class=\"usps\"><i class=\"far fa-check-circle\"><\/i> R\u00e9sistant aux micro-ondes<br \/>\n<i class=\"far fa-check-circle\"><\/i> R\u00e9siste au four (jusqu'\u00e0 200 degr\u00e9s)<br \/>\n<i class=\"far fa-check-circle\"><\/i> Lavable au lave-vaisselle<br \/>\n<i class=\"far fa-thumbs-up\"><\/i> Fait \u00e0 la main<\/div>","protected":false},"featured_media":6751,"template":"","meta":[],"product_brand":[],"product_cat":[869,273,119,212,384],"product_tag":[381,380,388,755,389,382,759,220,754,760,383,390,385,799,798],"class_list":{"0":"post-4213","1":"product","2":"type-product","3":"status-publish","4":"has-post-thumbnail","6":"product_cat-unro-cadeautips","7":"product_cat-decoratie","8":"product_cat-terrafina","9":"product_cat-vazen","10":"product_cat-zwart-servies-black-stone","11":"product_tag-black","12":"product_tag-black-stone","13":"product_tag-kan","14":"product_tag-sangria-kan","15":"product_tag-serveerkan","16":"product_tag-stone","17":"product_tag-tulpenvaas","18":"product_tag-vaas","19":"product_tag-waterkan","20":"product_tag-wijnkan","21":"product_tag-zwart","22":"product_tag-zwart-keramiek","23":"product_tag-zwart-servies","24":"product_tag-zwarte-kan","25":"product_tag-zwarte-vaas","26":"product_shipping_class-pakket","28":"first","29":"outofstock","30":"sale","31":"taxable","32":"shipping-taxable","33":"purchasable","34":"product-type-simple"},"yoast_head":"<!-- This site is optimized with the Yoast SEO plugin v27.4 - https:\/\/yoast.com\/product\/yoast-seo-wordpress\/ -->\n<title>Zwarte Kan Black Stone &#8226; UNRO<\/title>\n<meta name=\"description\" content=\"De Zwarte Kan Black Stone van handgemaakt keramiek is de perfecte waterkan, sangria kan of tulpenvaas voor jouw verse bloemen!\" \/>\n<meta name=\"robots\" content=\"index, follow, max-snippet:-1, max-image-preview:large, max-video-preview:-1\" \/>\n<link rel=\"canonical\" href=\"https:\/\/unrostore.com\/fr-fr\/boutique\/decoration\/vases\/cruche-noire-pierre-noire\/\" \/>\n<meta property=\"og:locale\" content=\"fr_FR\" \/>\n<meta property=\"og:type\" content=\"article\" \/>\n<meta property=\"og:title\" content=\"Zwarte Kan Black Stone &#8226; UNRO\" \/>\n<meta property=\"og:description\" content=\"De Zwarte Kan Black Stone van handgemaakt keramiek is de perfecte waterkan, sangria kan of tulpenvaas voor jouw verse bloemen!\" \/>\n<meta property=\"og:url\" content=\"https:\/\/unrostore.com\/fr-fr\/boutique\/decoration\/vases\/cruche-noire-pierre-noire\/\" \/>\n<meta property=\"og:site_name\" content=\"UNRO\" \/>\n<meta property=\"article:modified_time\" content=\"2026-01-19T20:37:49+00:00\" \/>\n<meta property=\"og:image\" content=\"https:\/\/unrostore.com\/wp-content\/uploads\/2023\/05\/unro-zwarte-kan-portugees-servies.webp\" \/>\n\t<meta property=\"og:image:width\" content=\"1000\" \/>\n\t<meta property=\"og:image:height\" content=\"1000\" \/>\n\t<meta property=\"og:image:type\" content=\"image\/webp\" \/>\n<meta name=\"twitter:card\" content=\"summary_large_image\" \/>\n<script type=\"application\/ld+json\" class=\"yoast-schema-graph\">{\"@context\":\"https:\\\/\\\/schema.org\",\"@graph\":[{\"@type\":\"WebPage\",\"@id\":\"https:\\\/\\\/unrostore.com\\\/shop\\\/decoratie\\\/vazen\\\/zwarte-kan-black-stone\\\/\",\"url\":\"https:\\\/\\\/unrostore.com\\\/shop\\\/decoratie\\\/vazen\\\/zwarte-kan-black-stone\\\/\",\"name\":\"Zwarte Kan Black Stone &#8226; UNRO\",\"isPartOf\":{\"@id\":\"https:\\\/\\\/unrostore.com\\\/#website\"},\"primaryImageOfPage\":{\"@id\":\"https:\\\/\\\/unrostore.com\\\/shop\\\/decoratie\\\/vazen\\\/zwarte-kan-black-stone\\\/#primaryimage\"},\"image\":{\"@id\":\"https:\\\/\\\/unrostore.com\\\/shop\\\/decoratie\\\/vazen\\\/zwarte-kan-black-stone\\\/#primaryimage\"},\"thumbnailUrl\":\"https:\\\/\\\/unrostore.com\\\/wp-content\\\/uploads\\\/2023\\\/05\\\/unro-zwarte-kan-portugees-servies.webp\",\"datePublished\":\"2023-05-18T14:03:58+00:00\",\"dateModified\":\"2026-01-19T20:37:49+00:00\",\"description\":\"De Zwarte Kan Black Stone van handgemaakt keramiek is de perfecte waterkan, sangria kan of tulpenvaas voor jouw verse bloemen!\",\"breadcrumb\":{\"@id\":\"https:\\\/\\\/unrostore.com\\\/shop\\\/decoratie\\\/vazen\\\/zwarte-kan-black-stone\\\/#breadcrumb\"},\"inLanguage\":\"fr-FR\",\"potentialAction\":[{\"@type\":\"ReadAction\",\"target\":[\"https:\\\/\\\/unrostore.com\\\/shop\\\/decoratie\\\/vazen\\\/zwarte-kan-black-stone\\\/\"]}]},{\"@type\":\"ImageObject\",\"inLanguage\":\"fr-FR\",\"@id\":\"https:\\\/\\\/unrostore.com\\\/shop\\\/decoratie\\\/vazen\\\/zwarte-kan-black-stone\\\/#primaryimage\",\"url\":\"https:\\\/\\\/unrostore.com\\\/wp-content\\\/uploads\\\/2023\\\/05\\\/unro-zwarte-kan-portugees-servies.webp\",\"contentUrl\":\"https:\\\/\\\/unrostore.com\\\/wp-content\\\/uploads\\\/2023\\\/05\\\/unro-zwarte-kan-portugees-servies.webp\",\"width\":1000,\"height\":1000,\"caption\":\"zwarte kan handgemaakt keramiek\"},{\"@type\":\"BreadcrumbList\",\"@id\":\"https:\\\/\\\/unrostore.com\\\/shop\\\/decoratie\\\/vazen\\\/zwarte-kan-black-stone\\\/#breadcrumb\",\"itemListElement\":[{\"@type\":\"ListItem\",\"position\":1,\"name\":\"Home\",\"item\":\"https:\\\/\\\/unrostore.com\\\/\"},{\"@type\":\"ListItem\",\"position\":2,\"name\":\"Shop\",\"item\":\"https:\\\/\\\/unrostore.com\\\/shop\\\/\"},{\"@type\":\"ListItem\",\"position\":3,\"name\":\"Zwarte Kan Black Stone\"}]},{\"@type\":\"WebSite\",\"@id\":\"https:\\\/\\\/unrostore.com\\\/#website\",\"url\":\"https:\\\/\\\/unrostore.com\\\/\",\"name\":\"UNRO\",\"description\":\"Portugees servies waar je blij van wordt!\",\"publisher\":{\"@id\":\"https:\\\/\\\/unrostore.com\\\/#organization\"},\"potentialAction\":[{\"@type\":\"SearchAction\",\"target\":{\"@type\":\"EntryPoint\",\"urlTemplate\":\"https:\\\/\\\/unrostore.com\\\/?s={search_term_string}\"},\"query-input\":{\"@type\":\"PropertyValueSpecification\",\"valueRequired\":true,\"valueName\":\"search_term_string\"}}],\"inLanguage\":\"fr-FR\"},{\"@type\":\"Organization\",\"@id\":\"https:\\\/\\\/unrostore.com\\\/#organization\",\"name\":\"UNRO\",\"url\":\"https:\\\/\\\/unrostore.com\\\/\",\"logo\":{\"@type\":\"ImageObject\",\"inLanguage\":\"fr-FR\",\"@id\":\"https:\\\/\\\/unrostore.com\\\/#\\\/schema\\\/logo\\\/image\\\/\",\"url\":\"https:\\\/\\\/unrostore.com\\\/wp-content\\\/uploads\\\/2022\\\/05\\\/Logo-UNRO.png\",\"contentUrl\":\"https:\\\/\\\/unrostore.com\\\/wp-content\\\/uploads\\\/2022\\\/05\\\/Logo-UNRO.png\",\"width\":605,\"height\":179,\"caption\":\"UNRO\"},\"image\":{\"@id\":\"https:\\\/\\\/unrostore.com\\\/#\\\/schema\\\/logo\\\/image\\\/\"}}]}<\/script>\n<!-- \/ Yoast SEO plugin. -->","yoast_head_json":{"title":"Pichet noir Pierre noire - UNRO","description":"Le Black Jug Black Stone en c\u00e9ramique fait \u00e0 la main est le parfait pichet \u00e0 eau, pichet \u00e0 sangria ou vase \u00e0 tulipes pour vos fleurs fra\u00eeches !","robots":{"index":"index","follow":"follow","max-snippet":"max-snippet:-1","max-image-preview":"max-image-preview:large","max-video-preview":"max-video-preview:-1"},"canonical":"https:\/\/unrostore.com\/fr-fr\/boutique\/decoration\/vases\/cruche-noire-pierre-noire\/","og_locale":"fr_FR","og_type":"article","og_title":"Zwarte Kan Black Stone &#8226; UNRO","og_description":"De Zwarte Kan Black Stone van handgemaakt keramiek is de perfecte waterkan, sangria kan of tulpenvaas voor jouw verse bloemen!","og_url":"https:\/\/unrostore.com\/fr-fr\/boutique\/decoration\/vases\/cruche-noire-pierre-noire\/","og_site_name":"UNRO","article_modified_time":"2026-01-19T20:37:49+00:00","og_image":[{"width":1000,"height":1000,"url":"https:\/\/unrostore.com\/wp-content\/uploads\/2023\/05\/unro-zwarte-kan-portugees-servies.webp","type":"image\/webp"}],"twitter_card":"summary_large_image","schema":{"@context":"https:\/\/schema.org","@graph":[{"@type":"WebPage","@id":"https:\/\/unrostore.com\/shop\/decoratie\/vazen\/zwarte-kan-black-stone\/","url":"https:\/\/unrostore.com\/shop\/decoratie\/vazen\/zwarte-kan-black-stone\/","name":"Pichet noir Pierre noire - UNRO","isPartOf":{"@id":"https:\/\/unrostore.com\/#website"},"primaryImageOfPage":{"@id":"https:\/\/unrostore.com\/shop\/decoratie\/vazen\/zwarte-kan-black-stone\/#primaryimage"},"image":{"@id":"https:\/\/unrostore.com\/shop\/decoratie\/vazen\/zwarte-kan-black-stone\/#primaryimage"},"thumbnailUrl":"https:\/\/unrostore.com\/wp-content\/uploads\/2023\/05\/unro-zwarte-kan-portugees-servies.webp","datePublished":"2023-05-18T14:03:58+00:00","dateModified":"2026-01-19T20:37:49+00:00","description":"Le Black Jug Black Stone en c\u00e9ramique fait \u00e0 la main est le parfait pichet \u00e0 eau, pichet \u00e0 sangria ou vase \u00e0 tulipes pour vos fleurs fra\u00eeches !","breadcrumb":{"@id":"https:\/\/unrostore.com\/shop\/decoratie\/vazen\/zwarte-kan-black-stone\/#breadcrumb"},"inLanguage":"fr-FR","potentialAction":[{"@type":"ReadAction","target":["https:\/\/unrostore.com\/shop\/decoratie\/vazen\/zwarte-kan-black-stone\/"]}]},{"@type":"ImageObject","inLanguage":"fr-FR","@id":"https:\/\/unrostore.com\/shop\/decoratie\/vazen\/zwarte-kan-black-stone\/#primaryimage","url":"https:\/\/unrostore.com\/wp-content\/uploads\/2023\/05\/unro-zwarte-kan-portugees-servies.webp","contentUrl":"https:\/\/unrostore.com\/wp-content\/uploads\/2023\/05\/unro-zwarte-kan-portugees-servies.webp","width":1000,"height":1000,"caption":"zwarte kan handgemaakt keramiek"},{"@type":"BreadcrumbList","@id":"https:\/\/unrostore.com\/shop\/decoratie\/vazen\/zwarte-kan-black-stone\/#breadcrumb","itemListElement":[{"@type":"ListItem","position":1,"name":"Home","item":"https:\/\/unrostore.com\/"},{"@type":"ListItem","position":2,"name":"Shop","item":"https:\/\/unrostore.com\/shop\/"},{"@type":"ListItem","position":3,"name":"Zwarte Kan Black Stone"}]},{"@type":"WebSite","@id":"https:\/\/unrostore.com\/#website","url":"https:\/\/unrostore.com\/","name":"UNRO","description":"De la vaisselle portugaise qui vous rendra heureux !","publisher":{"@id":"https:\/\/unrostore.com\/#organization"},"potentialAction":[{"@type":"SearchAction","target":{"@type":"EntryPoint","urlTemplate":"https:\/\/unrostore.com\/?s={search_term_string}"},"query-input":{"@type":"PropertyValueSpecification","valueRequired":true,"valueName":"search_term_string"}}],"inLanguage":"fr-FR"},{"@type":"Organization","@id":"https:\/\/unrostore.com\/#organization","name":"UNRO","url":"https:\/\/unrostore.com\/","logo":{"@type":"ImageObject","inLanguage":"fr-FR","@id":"https:\/\/unrostore.com\/#\/schema\/logo\/image\/","url":"https:\/\/unrostore.com\/wp-content\/uploads\/2022\/05\/Logo-UNRO.png","contentUrl":"https:\/\/unrostore.com\/wp-content\/uploads\/2022\/05\/Logo-UNRO.png","width":605,"height":179,"caption":"UNRO"},"image":{"@id":"https:\/\/unrostore.com\/#\/schema\/logo\/image\/"}}]}},"_links":{"self":[{"href":"https:\/\/unrostore.com\/fr-fr\/wp-json\/wp\/v2\/product\/4213","targetHints":{"allow":["GET"]}}],"collection":[{"href":"https:\/\/unrostore.com\/fr-fr\/wp-json\/wp\/v2\/product"}],"about":[{"href":"https:\/\/unrostore.com\/fr-fr\/wp-json\/wp\/v2\/types\/product"}],"wp:featuredmedia":[{"embeddable":true,"href":"https:\/\/unrostore.com\/fr-fr\/wp-json\/wp\/v2\/media\/6751"}],"wp:attachment":[{"href":"https:\/\/unrostore.com\/fr-fr\/wp-json\/wp\/v2\/media?parent=4213"}],"wp:term":[{"taxonomy":"product_brand","embeddable":true,"href":"https:\/\/unrostore.com\/fr-fr\/wp-json\/wp\/v2\/product_brand?post=4213"},{"taxonomy":"product_cat","embeddable":true,"href":"https:\/\/unrostore.com\/fr-fr\/wp-json\/wp\/v2\/product_cat?post=4213"},{"taxonomy":"product_tag","embeddable":true,"href":"https:\/\/unrostore.com\/fr-fr\/wp-json\/wp\/v2\/product_tag?post=4213"}],"curies":[{"name":"wp","href":"https:\/\/api.w.org\/{rel}","templated":true}]}}