{"id":4201,"date":"2023-05-18T13:13:35","date_gmt":"2023-05-18T13:13:35","guid":{"rendered":"https:\/\/unrostore.com\/?post_type=product&#038;p=4201"},"modified":"2026-01-19T20:37:49","modified_gmt":"2026-01-19T20:37:49","slug":"service-de-table-noir-bols-pierre-noire","status":"publish","type":"product","link":"https:\/\/unrostore.com\/fr-fr\/boutique\/terrafina\/vaisselle-noire-pierre-noire-2\/service-de-table-noir-bols-pierre-noire\/","title":{"rendered":"Service de table noir avec bols Black Stone"},"content":{"rendered":"<h3>Le noir intense est la vaisselle noire avec bols Black Stone pour 4 personnes (12 pi\u00e8ces).<\/h3>\n<p>L'exclusive<strong> service de vaisselle noir avec bols<\/strong> <strong>Black Stone <\/strong>par la marque portugaise <a href=\"https:\/\/www.terrafinastore.com\/en\/collections\/amazonia\">Terrafina<\/a> est fait \u00e0 la main avec amour en c\u00e9ramique de haute qualit\u00e9 au Portugal. Ce service de table de 12 pi\u00e8ces convient pour 4 personnes. Vous cr\u00e9ez ainsi une unit\u00e9 \u00e0 table avec la luxueuse vaisselle noire et \u00eates toujours pr\u00eat \u00e0 accueillir des convives pour ces moments spontan\u00e9s de convivialit\u00e9. Cet ensemble de vaisselle est id\u00e9al pour un repas \u00e0 3 plats, mais aussi pour le petit-d\u00e9jeuner, le d\u00e9jeuner, le brunch, l'ap\u00e9ritif ou le d\u00eener. Apportez le sentiment de boutique chic \u00e0 la maison avec la vaisselle en c\u00e9ramique Black Stone faite \u00e0 la main. Vous aimez les p\u00e2tes? Dans ce cas, l'ensemble de vaisselle Black Stone Pasta Plates pourrait \u00eatre un meilleur choix pour vous. D\u00e9couvrez \u00e9galement les articles assortis de la collection <a href=\"https:\/\/unrostore.com\/fr-fr\/categorie-de-produits\/terrafina\/vaisselle-noire-pierre-noire-2\/\">Black Stone<\/a>.<\/p>\n<h3>C'est le num\u00e9ro que vous recevez<\/h3>\n<ul>\n<li>4x Bols Black Stone \u00f8 15 cm<\/li>\n<li>4x Assiettes \u00e0 d\u00e9jeuner Black Stone \u00f8 21 cm<\/li>\n<li>4x Assiettes plates Black Stone \u00f8 29.5 cm<\/li>\n<li>4x Terrafina bo\u00eete cadeau<\/li>\n<\/ul>\n<p>&nbsp;<\/p>\n<p><em><strong>Durable pour les personnes et l'environnement :<\/strong><br \/>\nChaque produit est unique car il est fabriqu\u00e9 \u00e0 la main.<br \/>\nL'impression et la texture peuvent donc diff\u00e9rer l\u00e9g\u00e8rement de la photo du produit.<\/em><\/p>","protected":false},"excerpt":{"rendered":"<div class=\"usps\"><i class=\"far fa-check-circle\"><\/i> R\u00e9sistant aux micro-ondes<br \/>\n<i class=\"far fa-check-circle\"><\/i> R\u00e9siste au four (jusqu'\u00e0 200 degr\u00e9s)<br \/>\n<i class=\"far fa-check-circle\"><\/i> Lavable au lave-vaisselle<br \/>\n<i class=\"far fa-thumbs-up\"><\/i> Fait \u00e0 la main<\/div>","protected":false},"featured_media":6753,"template":"","meta":[],"product_brand":[],"product_cat":[729,122,119,384],"product_tag":[668,381,380,129,284,581,131,291,289,125,337,123,383,385,667],"class_list":{"0":"post-4201","1":"product","2":"type-product","3":"status-publish","4":"has-post-thumbnail","6":"product_cat-12-delig-servies-schaaltjes","7":"product_cat-serviesset","8":"product_cat-terrafina","9":"product_cat-zwart-servies-black-stone","10":"product_tag-12-delig-servies","11":"product_tag-black","12":"product_tag-black-stone","13":"product_tag-borden","14":"product_tag-dinerborden","15":"product_tag-gebaksbordjes","16":"product_tag-kommen","17":"product_tag-kommetjes","18":"product_tag-ontbijtborden","19":"product_tag-serviesset","20":"product_tag-serviesset-4-personen","21":"product_tag-terrafina","22":"product_tag-zwart","23":"product_tag-zwart-servies","24":"product_tag-zwart-serviesset","25":"product_shipping_class-pakket","27":"first","28":"outofstock","29":"sale","30":"taxable","31":"shipping-taxable","32":"purchasable","33":"product-type-simple"},"yoast_head":"<!-- This site is optimized with the Yoast SEO plugin v27.4 - https:\/\/yoast.com\/product\/yoast-seo-wordpress\/ -->\n<title>Zwarte Serviesset Kommen Black Stone &#8226; UNRO<\/title>\n<meta name=\"description\" content=\"Ontdek nu de gloednieuwe Black Stone Zwarte Serviesset met Kommen van keramiek van Portugees merk Terrafina. Vanaf nu bij UNRO verkrijgbaar!\" \/>\n<meta name=\"robots\" content=\"index, follow, max-snippet:-1, max-image-preview:large, max-video-preview:-1\" \/>\n<link rel=\"canonical\" href=\"https:\/\/unrostore.com\/fr-fr\/boutique\/terrafina\/vaisselle-noire-pierre-noire-2\/service-de-table-noir-bols-pierre-noire\/\" \/>\n<meta property=\"og:locale\" content=\"fr_FR\" \/>\n<meta property=\"og:type\" content=\"article\" \/>\n<meta property=\"og:title\" content=\"Zwarte Serviesset Kommen Black Stone &#8226; UNRO\" \/>\n<meta property=\"og:description\" content=\"Ontdek nu de gloednieuwe Black Stone Zwarte Serviesset met Kommen van keramiek van Portugees merk Terrafina. Vanaf nu bij UNRO verkrijgbaar!\" \/>\n<meta property=\"og:url\" content=\"https:\/\/unrostore.com\/fr-fr\/boutique\/terrafina\/vaisselle-noire-pierre-noire-2\/service-de-table-noir-bols-pierre-noire\/\" \/>\n<meta property=\"og:site_name\" content=\"UNRO\" \/>\n<meta property=\"article:modified_time\" content=\"2026-01-19T20:37:49+00:00\" \/>\n<meta property=\"og:image\" content=\"https:\/\/unrostore.com\/wp-content\/uploads\/2023\/05\/unro-zwarte-serviesset-kommen-1.webp\" \/>\n\t<meta property=\"og:image:width\" content=\"1000\" \/>\n\t<meta property=\"og:image:height\" content=\"1000\" \/>\n\t<meta property=\"og:image:type\" content=\"image\/webp\" \/>\n<meta name=\"twitter:card\" content=\"summary_large_image\" \/>\n<script type=\"application\/ld+json\" class=\"yoast-schema-graph\">{\"@context\":\"https:\\\/\\\/schema.org\",\"@graph\":[{\"@type\":\"WebPage\",\"@id\":\"https:\\\/\\\/unrostore.com\\\/shop\\\/terrafina\\\/zwart-servies-black-stone\\\/zwarte-serviesset-kommen-black-stone\\\/\",\"url\":\"https:\\\/\\\/unrostore.com\\\/shop\\\/terrafina\\\/zwart-servies-black-stone\\\/zwarte-serviesset-kommen-black-stone\\\/\",\"name\":\"Zwarte Serviesset Kommen Black Stone &#8226; UNRO\",\"isPartOf\":{\"@id\":\"https:\\\/\\\/unrostore.com\\\/#website\"},\"primaryImageOfPage\":{\"@id\":\"https:\\\/\\\/unrostore.com\\\/shop\\\/terrafina\\\/zwart-servies-black-stone\\\/zwarte-serviesset-kommen-black-stone\\\/#primaryimage\"},\"image\":{\"@id\":\"https:\\\/\\\/unrostore.com\\\/shop\\\/terrafina\\\/zwart-servies-black-stone\\\/zwarte-serviesset-kommen-black-stone\\\/#primaryimage\"},\"thumbnailUrl\":\"https:\\\/\\\/unrostore.com\\\/wp-content\\\/uploads\\\/2023\\\/05\\\/unro-zwarte-serviesset-kommen-1.webp\",\"datePublished\":\"2023-05-18T13:13:35+00:00\",\"dateModified\":\"2026-01-19T20:37:49+00:00\",\"description\":\"Ontdek nu de gloednieuwe Black Stone Zwarte Serviesset met Kommen van keramiek van Portugees merk Terrafina. Vanaf nu bij UNRO verkrijgbaar!\",\"breadcrumb\":{\"@id\":\"https:\\\/\\\/unrostore.com\\\/shop\\\/terrafina\\\/zwart-servies-black-stone\\\/zwarte-serviesset-kommen-black-stone\\\/#breadcrumb\"},\"inLanguage\":\"fr-FR\",\"potentialAction\":[{\"@type\":\"ReadAction\",\"target\":[\"https:\\\/\\\/unrostore.com\\\/shop\\\/terrafina\\\/zwart-servies-black-stone\\\/zwarte-serviesset-kommen-black-stone\\\/\"]}]},{\"@type\":\"ImageObject\",\"inLanguage\":\"fr-FR\",\"@id\":\"https:\\\/\\\/unrostore.com\\\/shop\\\/terrafina\\\/zwart-servies-black-stone\\\/zwarte-serviesset-kommen-black-stone\\\/#primaryimage\",\"url\":\"https:\\\/\\\/unrostore.com\\\/wp-content\\\/uploads\\\/2023\\\/05\\\/unro-zwarte-serviesset-kommen-1.webp\",\"contentUrl\":\"https:\\\/\\\/unrostore.com\\\/wp-content\\\/uploads\\\/2023\\\/05\\\/unro-zwarte-serviesset-kommen-1.webp\",\"width\":1000,\"height\":1000,\"caption\":\"zwarte serviesset kommen\"},{\"@type\":\"BreadcrumbList\",\"@id\":\"https:\\\/\\\/unrostore.com\\\/shop\\\/terrafina\\\/zwart-servies-black-stone\\\/zwarte-serviesset-kommen-black-stone\\\/#breadcrumb\",\"itemListElement\":[{\"@type\":\"ListItem\",\"position\":1,\"name\":\"Home\",\"item\":\"https:\\\/\\\/unrostore.com\\\/\"},{\"@type\":\"ListItem\",\"position\":2,\"name\":\"Shop\",\"item\":\"https:\\\/\\\/unrostore.com\\\/shop\\\/\"},{\"@type\":\"ListItem\",\"position\":3,\"name\":\"Zwarte Serviesset Kommen Black Stone\"}]},{\"@type\":\"WebSite\",\"@id\":\"https:\\\/\\\/unrostore.com\\\/#website\",\"url\":\"https:\\\/\\\/unrostore.com\\\/\",\"name\":\"UNRO\",\"description\":\"Portugees servies waar je blij van wordt!\",\"publisher\":{\"@id\":\"https:\\\/\\\/unrostore.com\\\/#organization\"},\"potentialAction\":[{\"@type\":\"SearchAction\",\"target\":{\"@type\":\"EntryPoint\",\"urlTemplate\":\"https:\\\/\\\/unrostore.com\\\/?s={search_term_string}\"},\"query-input\":{\"@type\":\"PropertyValueSpecification\",\"valueRequired\":true,\"valueName\":\"search_term_string\"}}],\"inLanguage\":\"fr-FR\"},{\"@type\":\"Organization\",\"@id\":\"https:\\\/\\\/unrostore.com\\\/#organization\",\"name\":\"UNRO\",\"url\":\"https:\\\/\\\/unrostore.com\\\/\",\"logo\":{\"@type\":\"ImageObject\",\"inLanguage\":\"fr-FR\",\"@id\":\"https:\\\/\\\/unrostore.com\\\/#\\\/schema\\\/logo\\\/image\\\/\",\"url\":\"https:\\\/\\\/unrostore.com\\\/wp-content\\\/uploads\\\/2022\\\/05\\\/Logo-UNRO.png\",\"contentUrl\":\"https:\\\/\\\/unrostore.com\\\/wp-content\\\/uploads\\\/2022\\\/05\\\/Logo-UNRO.png\",\"width\":605,\"height\":179,\"caption\":\"UNRO\"},\"image\":{\"@id\":\"https:\\\/\\\/unrostore.com\\\/#\\\/schema\\\/logo\\\/image\\\/\"}}]}<\/script>\n<!-- \/ Yoast SEO plugin. -->","yoast_head_json":{"title":"Service de vaisselle noir Bols Pierre noire - UNRO","description":"D\u00e9couvrez maintenant le tout nouvel ensemble de vaisselle Black Stone Black avec bols en c\u00e9ramique de la marque portugaise Terrafina. Disponible d\u00e8s maintenant chez UNRO !","robots":{"index":"index","follow":"follow","max-snippet":"max-snippet:-1","max-image-preview":"max-image-preview:large","max-video-preview":"max-video-preview:-1"},"canonical":"https:\/\/unrostore.com\/fr-fr\/boutique\/terrafina\/vaisselle-noire-pierre-noire-2\/service-de-table-noir-bols-pierre-noire\/","og_locale":"fr_FR","og_type":"article","og_title":"Zwarte Serviesset Kommen Black Stone &#8226; UNRO","og_description":"Ontdek nu de gloednieuwe Black Stone Zwarte Serviesset met Kommen van keramiek van Portugees merk Terrafina. Vanaf nu bij UNRO verkrijgbaar!","og_url":"https:\/\/unrostore.com\/fr-fr\/boutique\/terrafina\/vaisselle-noire-pierre-noire-2\/service-de-table-noir-bols-pierre-noire\/","og_site_name":"UNRO","article_modified_time":"2026-01-19T20:37:49+00:00","og_image":[{"width":1000,"height":1000,"url":"https:\/\/unrostore.com\/wp-content\/uploads\/2023\/05\/unro-zwarte-serviesset-kommen-1.webp","type":"image\/webp"}],"twitter_card":"summary_large_image","schema":{"@context":"https:\/\/schema.org","@graph":[{"@type":"WebPage","@id":"https:\/\/unrostore.com\/shop\/terrafina\/zwart-servies-black-stone\/zwarte-serviesset-kommen-black-stone\/","url":"https:\/\/unrostore.com\/shop\/terrafina\/zwart-servies-black-stone\/zwarte-serviesset-kommen-black-stone\/","name":"Service de vaisselle noir Bols Pierre noire - UNRO","isPartOf":{"@id":"https:\/\/unrostore.com\/#website"},"primaryImageOfPage":{"@id":"https:\/\/unrostore.com\/shop\/terrafina\/zwart-servies-black-stone\/zwarte-serviesset-kommen-black-stone\/#primaryimage"},"image":{"@id":"https:\/\/unrostore.com\/shop\/terrafina\/zwart-servies-black-stone\/zwarte-serviesset-kommen-black-stone\/#primaryimage"},"thumbnailUrl":"https:\/\/unrostore.com\/wp-content\/uploads\/2023\/05\/unro-zwarte-serviesset-kommen-1.webp","datePublished":"2023-05-18T13:13:35+00:00","dateModified":"2026-01-19T20:37:49+00:00","description":"D\u00e9couvrez maintenant le tout nouvel ensemble de vaisselle Black Stone Black avec bols en c\u00e9ramique de la marque portugaise Terrafina. Disponible d\u00e8s maintenant chez UNRO !","breadcrumb":{"@id":"https:\/\/unrostore.com\/shop\/terrafina\/zwart-servies-black-stone\/zwarte-serviesset-kommen-black-stone\/#breadcrumb"},"inLanguage":"fr-FR","potentialAction":[{"@type":"ReadAction","target":["https:\/\/unrostore.com\/shop\/terrafina\/zwart-servies-black-stone\/zwarte-serviesset-kommen-black-stone\/"]}]},{"@type":"ImageObject","inLanguage":"fr-FR","@id":"https:\/\/unrostore.com\/shop\/terrafina\/zwart-servies-black-stone\/zwarte-serviesset-kommen-black-stone\/#primaryimage","url":"https:\/\/unrostore.com\/wp-content\/uploads\/2023\/05\/unro-zwarte-serviesset-kommen-1.webp","contentUrl":"https:\/\/unrostore.com\/wp-content\/uploads\/2023\/05\/unro-zwarte-serviesset-kommen-1.webp","width":1000,"height":1000,"caption":"zwarte serviesset kommen"},{"@type":"BreadcrumbList","@id":"https:\/\/unrostore.com\/shop\/terrafina\/zwart-servies-black-stone\/zwarte-serviesset-kommen-black-stone\/#breadcrumb","itemListElement":[{"@type":"ListItem","position":1,"name":"Home","item":"https:\/\/unrostore.com\/"},{"@type":"ListItem","position":2,"name":"Shop","item":"https:\/\/unrostore.com\/shop\/"},{"@type":"ListItem","position":3,"name":"Zwarte Serviesset Kommen Black Stone"}]},{"@type":"WebSite","@id":"https:\/\/unrostore.com\/#website","url":"https:\/\/unrostore.com\/","name":"UNRO","description":"De la vaisselle portugaise qui vous rendra heureux !","publisher":{"@id":"https:\/\/unrostore.com\/#organization"},"potentialAction":[{"@type":"SearchAction","target":{"@type":"EntryPoint","urlTemplate":"https:\/\/unrostore.com\/?s={search_term_string}"},"query-input":{"@type":"PropertyValueSpecification","valueRequired":true,"valueName":"search_term_string"}}],"inLanguage":"fr-FR"},{"@type":"Organization","@id":"https:\/\/unrostore.com\/#organization","name":"UNRO","url":"https:\/\/unrostore.com\/","logo":{"@type":"ImageObject","inLanguage":"fr-FR","@id":"https:\/\/unrostore.com\/#\/schema\/logo\/image\/","url":"https:\/\/unrostore.com\/wp-content\/uploads\/2022\/05\/Logo-UNRO.png","contentUrl":"https:\/\/unrostore.com\/wp-content\/uploads\/2022\/05\/Logo-UNRO.png","width":605,"height":179,"caption":"UNRO"},"image":{"@id":"https:\/\/unrostore.com\/#\/schema\/logo\/image\/"}}]}},"_links":{"self":[{"href":"https:\/\/unrostore.com\/fr-fr\/wp-json\/wp\/v2\/product\/4201","targetHints":{"allow":["GET"]}}],"collection":[{"href":"https:\/\/unrostore.com\/fr-fr\/wp-json\/wp\/v2\/product"}],"about":[{"href":"https:\/\/unrostore.com\/fr-fr\/wp-json\/wp\/v2\/types\/product"}],"wp:featuredmedia":[{"embeddable":true,"href":"https:\/\/unrostore.com\/fr-fr\/wp-json\/wp\/v2\/media\/6753"}],"wp:attachment":[{"href":"https:\/\/unrostore.com\/fr-fr\/wp-json\/wp\/v2\/media?parent=4201"}],"wp:term":[{"taxonomy":"product_brand","embeddable":true,"href":"https:\/\/unrostore.com\/fr-fr\/wp-json\/wp\/v2\/product_brand?post=4201"},{"taxonomy":"product_cat","embeddable":true,"href":"https:\/\/unrostore.com\/fr-fr\/wp-json\/wp\/v2\/product_cat?post=4201"},{"taxonomy":"product_tag","embeddable":true,"href":"https:\/\/unrostore.com\/fr-fr\/wp-json\/wp\/v2\/product_tag?post=4201"}],"curies":[{"name":"wp","href":"https:\/\/api.w.org\/{rel}","templated":true}]}}