{"id":4193,"date":"2023-05-18T12:31:20","date_gmt":"2023-05-18T12:31:20","guid":{"rendered":"https:\/\/unrostore.com\/?post_type=product&#038;p=4193"},"modified":"2026-01-19T20:37:49","modified_gmt":"2026-01-19T20:37:49","slug":"coquetiers-noirs-tasses-a-espresso-pierre-noire-6-pieces","status":"publish","type":"product","link":"https:\/\/unrostore.com\/fr-fr\/boutique\/terrafina\/vaisselle-noire-pierre-noire-2\/coquetiers-noirs-tasses-a-espresso-pierre-noire-6-pieces\/","title":{"rendered":"Coquetiers noirs tasses \u00e0 expresso Black Stone - 6 pi\u00e8ces"},"content":{"rendered":"<h3>D\u00e9couvrez les nouveaux et \u00e9l\u00e9gants coquetiers noirs tasses \u00e0 espresso Black Stone - 6 pi\u00e8ces<\/h3>\n<p>Notre gamme s'enrichit d'un nouveau produit exclusif, l'e<strong>tasses \u00e0 espresso noires<\/strong> Set de 6 tasses \u00e0 espresso\/coquetiers Black Stone de marque portugaise <a href=\"https:\/\/www.terrafinastore.com\/en\/collections\/coffee\">Terrafina<\/a>. Ce set de 6 tasses \u00e0 espresso sans oreille est d'une belle couleur noire avec une brillance et une texture mates subtiles. Ces petites tasses sont donc tr\u00e8s \u00e9l\u00e9gantes, chics, mais en m\u00eame temps robustes et modernes. La vaisselle noire de la <a href=\"https:\/\/unrostore.com\/fr-fr\/categorie-de-produits\/terrafina\/vaisselle-noire-pierre-noire-2\/\">collection de vaisselle Black Stone<\/a> est une v\u00e9ritable addition pour votre maison nouvellement construite, (r\u00e9nov\u00e9e) des ann\u00e9es 1930 avec un sol \u00e0 chevrons, des murs enduits de blanc et des accents noirs. Les tasses \u00e0 expresso noires font \u00e9galement un tr\u00e8s beau cadeau de No\u00ebl, cadeau de No\u00ebl homme, cadeau d'anniversaire ou cadeau de No\u00ebl femme. De plus, les tasses \u00e0 expresso noires sont magnifiques sur votre table de petit-d\u00e9jeuner en tant que coquetiers noirs. D\u00e9couvrez \u00e9galement d'autres produits de la collection de vaisselle Black Stone tels que le <a href=\"https:\/\/unrostore.com\/fr-fr\/boutique\/terrafina\/vaisselle-noire-pierre-noire-2\/zwarte-espresso-kopjes-black-stone\/\">tasses \u00e0 espresso noir set de 2<\/a> ou le <a href=\"https:\/\/unrostore.com\/fr-fr\/boutique\/terrafina\/vaisselle-noire-pierre-noire-2\/zwarte-koffiemokken-black-stone\/\">tasses \u00e0 cappuccino noires set de 2<\/a>.<\/p>\n<h3>C'est le nombre de tasses qui vous sont livr\u00e9es<\/h3>\n<ul>\n<li>6x tasses \u00e0 espresso Black Stone (50 ml)<\/li>\n<li>1x Terrafina bo\u00eete cadeau<\/li>\n<\/ul>\n<p>&nbsp;<\/p>\n<p><em><strong>Durable pour les personnes et l'environnement :<\/strong><br \/>\nChaque produit est unique car il est fabriqu\u00e9 \u00e0 la main.<br \/>\nL'impression et la texture peuvent donc diff\u00e9rer l\u00e9g\u00e8rement de la photo du produit.<\/em><\/p>","protected":false},"excerpt":{"rendered":"<div class=\"usps\"><i class=\"far fa-check-circle\"><\/i> R\u00e9sistant aux micro-ondes<br \/>\n<i class=\"far fa-check-circle\"><\/i> R\u00e9siste au four (jusqu'\u00e0 200 degr\u00e9s)<br \/>\n<i class=\"far fa-check-circle\"><\/i> Lavable au lave-vaisselle<br \/>\n<i class=\"far fa-thumbs-up\"><\/i> Fait \u00e0 la main<\/div>","protected":false},"featured_media":6740,"template":"","meta":[],"product_brand":[],"product_cat":[307,630,132,119,384],"product_tag":[381,380,724,619,301,371,193,726,727,725,372,302,382,383],"class_list":{"0":"post-4193","1":"product","2":"type-product","3":"status-publish","4":"has-post-thumbnail","6":"product_cat-espresso-kopjes","7":"product_cat-espresso-kopjes-zonder-oor","8":"product_cat-kopjes-en-mokken","9":"product_cat-terrafina","10":"product_cat-zwart-servies-black-stone","11":"product_tag-black","12":"product_tag-black-stone","13":"product_tag-eierderopjes-zwart","14":"product_tag-eierdopjes","15":"product_tag-espresso","16":"product_tag-espresso-kopje","17":"product_tag-espresso-kopjes","18":"product_tag-kerst-cadeau-man","19":"product_tag-kerst-cadeau-vrouw","20":"product_tag-kerstcadeau","21":"product_tag-kleine-kopjes","22":"product_tag-kopjes","23":"product_tag-stone","24":"product_tag-zwart","25":"product_shipping_class-pakket","27":"first","28":"outofstock","29":"sale","30":"taxable","31":"shipping-taxable","32":"purchasable","33":"product-type-simple"},"yoast_head":"<!-- This site is optimized with the Yoast SEO plugin v27.4 - https:\/\/yoast.com\/product\/yoast-seo-wordpress\/ -->\n<title>Eierdopjes Zwart Espressobekers 50 ml Black Stone - 6-delig &#8226; UNRO<\/title>\n<meta name=\"description\" content=\"De eierdopjes zwart espressobekers Black Stone set van 6 zijn erg stijlvol, modern en stoer. Mooi voor op de ontbijttafel in jouw hotel chique interieur!\" \/>\n<meta name=\"robots\" content=\"index, follow, max-snippet:-1, max-image-preview:large, max-video-preview:-1\" \/>\n<link rel=\"canonical\" href=\"https:\/\/unrostore.com\/fr-fr\/boutique\/terrafina\/vaisselle-noire-pierre-noire-2\/coquetiers-noirs-tasses-a-espresso-pierre-noire-6-pieces\/\" \/>\n<meta property=\"og:locale\" content=\"fr_FR\" \/>\n<meta property=\"og:type\" content=\"article\" \/>\n<meta property=\"og:title\" content=\"Eierdopjes Zwart Espressobekers 50 ml Black Stone - 6-delig &#8226; UNRO\" \/>\n<meta property=\"og:description\" content=\"De eierdopjes zwart espressobekers Black Stone set van 6 zijn erg stijlvol, modern en stoer. Mooi voor op de ontbijttafel in jouw hotel chique interieur!\" \/>\n<meta property=\"og:url\" content=\"https:\/\/unrostore.com\/fr-fr\/boutique\/terrafina\/vaisselle-noire-pierre-noire-2\/coquetiers-noirs-tasses-a-espresso-pierre-noire-6-pieces\/\" \/>\n<meta property=\"og:site_name\" content=\"UNRO\" \/>\n<meta property=\"article:modified_time\" content=\"2026-01-19T20:37:49+00:00\" \/>\n<meta property=\"og:image\" content=\"https:\/\/unrostore.com\/wp-content\/uploads\/2023\/05\/unro-zwarte-espresso-kopjes-set-van-6.webp\" \/>\n\t<meta property=\"og:image:width\" content=\"1000\" \/>\n\t<meta property=\"og:image:height\" content=\"1000\" \/>\n\t<meta property=\"og:image:type\" content=\"image\/webp\" \/>\n<meta name=\"twitter:card\" content=\"summary_large_image\" \/>\n<script type=\"application\/ld+json\" class=\"yoast-schema-graph\">{\"@context\":\"https:\\\/\\\/schema.org\",\"@graph\":[{\"@type\":\"WebPage\",\"@id\":\"https:\\\/\\\/unrostore.com\\\/shop\\\/terrafina\\\/zwart-servies-black-stone\\\/eierdopjes-zwart-espressobekers-black-stone-6-delig\\\/\",\"url\":\"https:\\\/\\\/unrostore.com\\\/shop\\\/terrafina\\\/zwart-servies-black-stone\\\/eierdopjes-zwart-espressobekers-black-stone-6-delig\\\/\",\"name\":\"Eierdopjes Zwart Espressobekers 50 ml Black Stone - 6-delig &#8226; UNRO\",\"isPartOf\":{\"@id\":\"https:\\\/\\\/unrostore.com\\\/#website\"},\"primaryImageOfPage\":{\"@id\":\"https:\\\/\\\/unrostore.com\\\/shop\\\/terrafina\\\/zwart-servies-black-stone\\\/eierdopjes-zwart-espressobekers-black-stone-6-delig\\\/#primaryimage\"},\"image\":{\"@id\":\"https:\\\/\\\/unrostore.com\\\/shop\\\/terrafina\\\/zwart-servies-black-stone\\\/eierdopjes-zwart-espressobekers-black-stone-6-delig\\\/#primaryimage\"},\"thumbnailUrl\":\"https:\\\/\\\/unrostore.com\\\/wp-content\\\/uploads\\\/2023\\\/05\\\/unro-zwarte-espresso-kopjes-set-van-6.webp\",\"datePublished\":\"2023-05-18T12:31:20+00:00\",\"dateModified\":\"2026-01-19T20:37:49+00:00\",\"description\":\"De eierdopjes zwart espressobekers Black Stone set van 6 zijn erg stijlvol, modern en stoer. Mooi voor op de ontbijttafel in jouw hotel chique interieur!\",\"breadcrumb\":{\"@id\":\"https:\\\/\\\/unrostore.com\\\/shop\\\/terrafina\\\/zwart-servies-black-stone\\\/eierdopjes-zwart-espressobekers-black-stone-6-delig\\\/#breadcrumb\"},\"inLanguage\":\"fr-FR\",\"potentialAction\":[{\"@type\":\"ReadAction\",\"target\":[\"https:\\\/\\\/unrostore.com\\\/shop\\\/terrafina\\\/zwart-servies-black-stone\\\/eierdopjes-zwart-espressobekers-black-stone-6-delig\\\/\"]}]},{\"@type\":\"ImageObject\",\"inLanguage\":\"fr-FR\",\"@id\":\"https:\\\/\\\/unrostore.com\\\/shop\\\/terrafina\\\/zwart-servies-black-stone\\\/eierdopjes-zwart-espressobekers-black-stone-6-delig\\\/#primaryimage\",\"url\":\"https:\\\/\\\/unrostore.com\\\/wp-content\\\/uploads\\\/2023\\\/05\\\/unro-zwarte-espresso-kopjes-set-van-6.webp\",\"contentUrl\":\"https:\\\/\\\/unrostore.com\\\/wp-content\\\/uploads\\\/2023\\\/05\\\/unro-zwarte-espresso-kopjes-set-van-6.webp\",\"width\":1000,\"height\":1000,\"caption\":\"eierdopjes zwart espressokopjes set van 6\"},{\"@type\":\"BreadcrumbList\",\"@id\":\"https:\\\/\\\/unrostore.com\\\/shop\\\/terrafina\\\/zwart-servies-black-stone\\\/eierdopjes-zwart-espressobekers-black-stone-6-delig\\\/#breadcrumb\",\"itemListElement\":[{\"@type\":\"ListItem\",\"position\":1,\"name\":\"Home\",\"item\":\"https:\\\/\\\/unrostore.com\\\/\"},{\"@type\":\"ListItem\",\"position\":2,\"name\":\"Shop\",\"item\":\"https:\\\/\\\/unrostore.com\\\/shop\\\/\"},{\"@type\":\"ListItem\",\"position\":3,\"name\":\"Eierdopjes Zwart Espressobekers 50 ml Black Stone &#8211; 6-delig\"}]},{\"@type\":\"WebSite\",\"@id\":\"https:\\\/\\\/unrostore.com\\\/#website\",\"url\":\"https:\\\/\\\/unrostore.com\\\/\",\"name\":\"UNRO\",\"description\":\"Portugees servies waar je blij van wordt!\",\"publisher\":{\"@id\":\"https:\\\/\\\/unrostore.com\\\/#organization\"},\"potentialAction\":[{\"@type\":\"SearchAction\",\"target\":{\"@type\":\"EntryPoint\",\"urlTemplate\":\"https:\\\/\\\/unrostore.com\\\/?s={search_term_string}\"},\"query-input\":{\"@type\":\"PropertyValueSpecification\",\"valueRequired\":true,\"valueName\":\"search_term_string\"}}],\"inLanguage\":\"fr-FR\"},{\"@type\":\"Organization\",\"@id\":\"https:\\\/\\\/unrostore.com\\\/#organization\",\"name\":\"UNRO\",\"url\":\"https:\\\/\\\/unrostore.com\\\/\",\"logo\":{\"@type\":\"ImageObject\",\"inLanguage\":\"fr-FR\",\"@id\":\"https:\\\/\\\/unrostore.com\\\/#\\\/schema\\\/logo\\\/image\\\/\",\"url\":\"https:\\\/\\\/unrostore.com\\\/wp-content\\\/uploads\\\/2022\\\/05\\\/Logo-UNRO.png\",\"contentUrl\":\"https:\\\/\\\/unrostore.com\\\/wp-content\\\/uploads\\\/2022\\\/05\\\/Logo-UNRO.png\",\"width\":605,\"height\":179,\"caption\":\"UNRO\"},\"image\":{\"@id\":\"https:\\\/\\\/unrostore.com\\\/#\\\/schema\\\/logo\\\/image\\\/\"}}]}<\/script>\n<!-- \/ Yoast SEO plugin. -->","yoast_head_json":{"title":"Coquetiers Noirs Tasses \u00e0 expresso Noirs Pierre - 6 pi\u00e8ces - UNRO","description":"Les coquetiers noirs tasses \u00e0 espresso Black Stone set de 6 sont tr\u00e8s \u00e9l\u00e9gants, modernes et robustes. Magnifiques pour la table du petit-d\u00e9jeuner dans votre int\u00e9rieur h\u00f4tel chic !","robots":{"index":"index","follow":"follow","max-snippet":"max-snippet:-1","max-image-preview":"max-image-preview:large","max-video-preview":"max-video-preview:-1"},"canonical":"https:\/\/unrostore.com\/fr-fr\/boutique\/terrafina\/vaisselle-noire-pierre-noire-2\/coquetiers-noirs-tasses-a-espresso-pierre-noire-6-pieces\/","og_locale":"fr_FR","og_type":"article","og_title":"Eierdopjes Zwart Espressobekers 50 ml Black Stone - 6-delig &#8226; UNRO","og_description":"De eierdopjes zwart espressobekers Black Stone set van 6 zijn erg stijlvol, modern en stoer. Mooi voor op de ontbijttafel in jouw hotel chique interieur!","og_url":"https:\/\/unrostore.com\/fr-fr\/boutique\/terrafina\/vaisselle-noire-pierre-noire-2\/coquetiers-noirs-tasses-a-espresso-pierre-noire-6-pieces\/","og_site_name":"UNRO","article_modified_time":"2026-01-19T20:37:49+00:00","og_image":[{"width":1000,"height":1000,"url":"https:\/\/unrostore.com\/wp-content\/uploads\/2023\/05\/unro-zwarte-espresso-kopjes-set-van-6.webp","type":"image\/webp"}],"twitter_card":"summary_large_image","schema":{"@context":"https:\/\/schema.org","@graph":[{"@type":"WebPage","@id":"https:\/\/unrostore.com\/shop\/terrafina\/zwart-servies-black-stone\/eierdopjes-zwart-espressobekers-black-stone-6-delig\/","url":"https:\/\/unrostore.com\/shop\/terrafina\/zwart-servies-black-stone\/eierdopjes-zwart-espressobekers-black-stone-6-delig\/","name":"Coquetiers Noirs Tasses \u00e0 expresso Noirs Pierre - 6 pi\u00e8ces - UNRO","isPartOf":{"@id":"https:\/\/unrostore.com\/#website"},"primaryImageOfPage":{"@id":"https:\/\/unrostore.com\/shop\/terrafina\/zwart-servies-black-stone\/eierdopjes-zwart-espressobekers-black-stone-6-delig\/#primaryimage"},"image":{"@id":"https:\/\/unrostore.com\/shop\/terrafina\/zwart-servies-black-stone\/eierdopjes-zwart-espressobekers-black-stone-6-delig\/#primaryimage"},"thumbnailUrl":"https:\/\/unrostore.com\/wp-content\/uploads\/2023\/05\/unro-zwarte-espresso-kopjes-set-van-6.webp","datePublished":"2023-05-18T12:31:20+00:00","dateModified":"2026-01-19T20:37:49+00:00","description":"Les coquetiers noirs tasses \u00e0 espresso Black Stone set de 6 sont tr\u00e8s \u00e9l\u00e9gants, modernes et robustes. Magnifiques pour la table du petit-d\u00e9jeuner dans votre int\u00e9rieur h\u00f4tel chic !","breadcrumb":{"@id":"https:\/\/unrostore.com\/shop\/terrafina\/zwart-servies-black-stone\/eierdopjes-zwart-espressobekers-black-stone-6-delig\/#breadcrumb"},"inLanguage":"fr-FR","potentialAction":[{"@type":"ReadAction","target":["https:\/\/unrostore.com\/shop\/terrafina\/zwart-servies-black-stone\/eierdopjes-zwart-espressobekers-black-stone-6-delig\/"]}]},{"@type":"ImageObject","inLanguage":"fr-FR","@id":"https:\/\/unrostore.com\/shop\/terrafina\/zwart-servies-black-stone\/eierdopjes-zwart-espressobekers-black-stone-6-delig\/#primaryimage","url":"https:\/\/unrostore.com\/wp-content\/uploads\/2023\/05\/unro-zwarte-espresso-kopjes-set-van-6.webp","contentUrl":"https:\/\/unrostore.com\/wp-content\/uploads\/2023\/05\/unro-zwarte-espresso-kopjes-set-van-6.webp","width":1000,"height":1000,"caption":"eierdopjes zwart espressokopjes set van 6"},{"@type":"BreadcrumbList","@id":"https:\/\/unrostore.com\/shop\/terrafina\/zwart-servies-black-stone\/eierdopjes-zwart-espressobekers-black-stone-6-delig\/#breadcrumb","itemListElement":[{"@type":"ListItem","position":1,"name":"Home","item":"https:\/\/unrostore.com\/"},{"@type":"ListItem","position":2,"name":"Shop","item":"https:\/\/unrostore.com\/shop\/"},{"@type":"ListItem","position":3,"name":"Eierdopjes Zwart Espressobekers 50 ml Black Stone &#8211; 6-delig"}]},{"@type":"WebSite","@id":"https:\/\/unrostore.com\/#website","url":"https:\/\/unrostore.com\/","name":"UNRO","description":"De la vaisselle portugaise qui vous rendra heureux !","publisher":{"@id":"https:\/\/unrostore.com\/#organization"},"potentialAction":[{"@type":"SearchAction","target":{"@type":"EntryPoint","urlTemplate":"https:\/\/unrostore.com\/?s={search_term_string}"},"query-input":{"@type":"PropertyValueSpecification","valueRequired":true,"valueName":"search_term_string"}}],"inLanguage":"fr-FR"},{"@type":"Organization","@id":"https:\/\/unrostore.com\/#organization","name":"UNRO","url":"https:\/\/unrostore.com\/","logo":{"@type":"ImageObject","inLanguage":"fr-FR","@id":"https:\/\/unrostore.com\/#\/schema\/logo\/image\/","url":"https:\/\/unrostore.com\/wp-content\/uploads\/2022\/05\/Logo-UNRO.png","contentUrl":"https:\/\/unrostore.com\/wp-content\/uploads\/2022\/05\/Logo-UNRO.png","width":605,"height":179,"caption":"UNRO"},"image":{"@id":"https:\/\/unrostore.com\/#\/schema\/logo\/image\/"}}]}},"_links":{"self":[{"href":"https:\/\/unrostore.com\/fr-fr\/wp-json\/wp\/v2\/product\/4193","targetHints":{"allow":["GET"]}}],"collection":[{"href":"https:\/\/unrostore.com\/fr-fr\/wp-json\/wp\/v2\/product"}],"about":[{"href":"https:\/\/unrostore.com\/fr-fr\/wp-json\/wp\/v2\/types\/product"}],"wp:featuredmedia":[{"embeddable":true,"href":"https:\/\/unrostore.com\/fr-fr\/wp-json\/wp\/v2\/media\/6740"}],"wp:attachment":[{"href":"https:\/\/unrostore.com\/fr-fr\/wp-json\/wp\/v2\/media?parent=4193"}],"wp:term":[{"taxonomy":"product_brand","embeddable":true,"href":"https:\/\/unrostore.com\/fr-fr\/wp-json\/wp\/v2\/product_brand?post=4193"},{"taxonomy":"product_cat","embeddable":true,"href":"https:\/\/unrostore.com\/fr-fr\/wp-json\/wp\/v2\/product_cat?post=4193"},{"taxonomy":"product_tag","embeddable":true,"href":"https:\/\/unrostore.com\/fr-fr\/wp-json\/wp\/v2\/product_tag?post=4193"}],"curies":[{"name":"wp","href":"https:\/\/api.w.org\/{rel}","templated":true}]}}