{"id":4189,"date":"2023-05-18T12:09:17","date_gmt":"2023-05-18T12:09:17","guid":{"rendered":"https:\/\/unrostore.com\/?post_type=product&#038;p=4189"},"modified":"2026-01-19T20:37:49","modified_gmt":"2026-01-19T20:37:49","slug":"coquetiers-tasses-a-espresso-colorees-corail-6-pieces","status":"publish","type":"product","link":"https:\/\/unrostore.com\/fr-fr\/boutique\/terrafina\/coraux\/coquetiers-tasses-a-espresso-colorees-corail-6-pieces\/","title":{"rendered":"Coquetiers Tasses \u00e0 espresso color\u00e9es 50 ml Coraux - 6 pi\u00e8ces"},"content":{"rendered":"<h3>Eierdopjes Gekleurde Espressobekers \u2013 6-delig Corals<\/h3>\n<p>Le <strong>coquetiers ou tasses \u00e0 espresso color\u00e9es\u00a0<\/strong>Corals set de 6 sont des c\u00e9ramiques faites \u00e0 la main au Portugal et de la marque portugaise <a href=\"https:\/\/www.terrafinastore.com\/en\/collections\/coffee\">Terrafina<\/a>. Les tasses \u00e0 espresso Corals sont \u00e9galement parfaites comme coquetiers ou comme shots (au gingembre). Avec ces tasses \u00e0 espresso color\u00e9es, vous commencerez votre journ\u00e9e plein d'\u00e9nergie. Les tasses \u00e0 espresso sont \u00e9galement parfaites pour votre int\u00e9rieur, votre table de petit-d\u00e9jeuner, votre bar \u00e0 espresso ou votre cuisine ! Jetez \u00e9galement un coup d'\u0153il \u00e0 la <a href=\"https:\/\/unrostore.com\/fr-fr\/boutique\/terrafina\/coraux\/corals-espresso-kopjes-2-delig\/\">Corals Espresso Kopjes \u2013 2-delig<\/a> Si vous pr\u00e9f\u00e9rez une tasse avec oreille ou le <a href=\"https:\/\/unrostore.com\/fr-fr\/boutique\/terrafina\/coraux\/corals-cappuccino-mokken-2-delig\/\">Tasses \u00e0 cappuccino Corail<\/a>. Savourez votre caf\u00e9 avec style !<\/p>\n<h3>C'est le nombre de tasses qui vous sont livr\u00e9es<\/h3>\n<ul>\n<li>6x tasses \u00e0 espresso Corals (50 ml)<\/li>\n<li>1x Terrafina bo\u00eete cadeau<\/li>\n<\/ul>\n<p>\u00a0<\/p>\n<p><em><strong>Duurzaam voor mens & milieu:<\/strong><br \/>\nChaque produit est unique car il est fabriqu\u00e9 \u00e0 la main.<br \/>\nL'impression et la texture peuvent donc diff\u00e9rer l\u00e9g\u00e8rement de la photo du produit.<\/em><\/p>","protected":false},"excerpt":{"rendered":"<div class=\"usps\"><i class=\"far fa-check-circle\"><\/i> R\u00e9sistant aux micro-ondes<br \/>\n<i class=\"far fa-check-circle\"><\/i> R\u00e9siste au four (jusqu'\u00e0 200 degr\u00e9s)<br \/>\n<i class=\"far fa-check-circle\"><\/i> Lavable au lave-vaisselle<br \/>\n<i class=\"far fa-thumbs-up\"><\/i> Fait \u00e0 la main<\/div>","protected":false},"featured_media":6803,"template":"","meta":[],"product_brand":[],"product_cat":[307,630,127,132,119],"product_tag":[177,376,176,619,301,193,721,722,372,723,370,302,718],"class_list":{"0":"post-4189","1":"product","2":"type-product","3":"status-publish","4":"has-post-thumbnail","6":"product_cat-espresso-kopjes","7":"product_cat-espresso-kopjes-zonder-oor","8":"product_cat-corals","9":"product_cat-kopjes-en-mokken","10":"product_cat-terrafina","11":"product_tag-blauw","12":"product_tag-blauwe-kopjes","13":"product_tag-blue","14":"product_tag-eierdopjes","15":"product_tag-espresso","16":"product_tag-espresso-kopjes","17":"product_tag-gekleurde-eierdopjes","18":"product_tag-gekleurde-espresso-kopjes","19":"product_tag-kleine-kopjes","20":"product_tag-kleurrijke-kopjes","21":"product_tag-kopje","22":"product_tag-kopjes","23":"product_tag-ontbijttafel","24":"product_shipping_class-pakket","26":"first","27":"outofstock","28":"sale","29":"taxable","30":"shipping-taxable","31":"purchasable","32":"product-type-simple"},"yoast_head":"<!-- This site is optimized with the Yoast SEO plugin v27.5 - https:\/\/yoast.com\/product\/yoast-seo-wordpress\/ -->\n<title>Eierdopjes Gekleurde Espressobekers 50 ml Corals - 6-delig &#8226; UNRO<\/title>\n<meta name=\"description\" content=\"De Corals Eierdopjes Gekleurde Espressobekers zijn leuk als cadeau voor vaderdag, een verjaardag of voor jezelf. Met liefde handgemaakt in Portugal.\" \/>\n<meta name=\"robots\" content=\"index, follow, max-snippet:-1, max-image-preview:large, max-video-preview:-1\" \/>\n<link rel=\"canonical\" href=\"https:\/\/unrostore.com\/fr-fr\/boutique\/terrafina\/coraux\/coquetiers-tasses-a-espresso-colorees-corail-6-pieces\/\" \/>\n<meta property=\"og:locale\" content=\"fr_FR\" \/>\n<meta property=\"og:type\" content=\"article\" \/>\n<meta property=\"og:title\" content=\"Eierdopjes Gekleurde Espressobekers 50 ml Corals - 6-delig &#8226; UNRO\" \/>\n<meta property=\"og:description\" content=\"De Corals Eierdopjes Gekleurde Espressobekers zijn leuk als cadeau voor vaderdag, een verjaardag of voor jezelf. Met liefde handgemaakt in Portugal.\" \/>\n<meta property=\"og:url\" content=\"https:\/\/unrostore.com\/fr-fr\/boutique\/terrafina\/coraux\/coquetiers-tasses-a-espresso-colorees-corail-6-pieces\/\" \/>\n<meta property=\"og:site_name\" content=\"UNRO\" \/>\n<meta property=\"article:modified_time\" content=\"2026-01-19T20:37:49+00:00\" \/>\n<meta property=\"og:image\" content=\"https:\/\/unrostore.com\/wp-content\/uploads\/2023\/05\/unro-gekelurde-espresso-kopjes-6.webp\" \/>\n\t<meta property=\"og:image:width\" content=\"1000\" \/>\n\t<meta property=\"og:image:height\" content=\"1000\" \/>\n\t<meta property=\"og:image:type\" content=\"image\/webp\" \/>\n<meta name=\"twitter:card\" content=\"summary_large_image\" \/>\n<script type=\"application\/ld+json\" class=\"yoast-schema-graph\">{\"@context\":\"https:\\\/\\\/schema.org\",\"@graph\":[{\"@type\":\"WebPage\",\"@id\":\"https:\\\/\\\/unrostore.com\\\/shop\\\/terrafina\\\/corals\\\/eierdopjes-gekleurde-espressobekers-corals-6-delig\\\/\",\"url\":\"https:\\\/\\\/unrostore.com\\\/shop\\\/terrafina\\\/corals\\\/eierdopjes-gekleurde-espressobekers-corals-6-delig\\\/\",\"name\":\"Eierdopjes Gekleurde Espressobekers 50 ml Corals - 6-delig &#8226; UNRO\",\"isPartOf\":{\"@id\":\"https:\\\/\\\/unrostore.com\\\/#website\"},\"primaryImageOfPage\":{\"@id\":\"https:\\\/\\\/unrostore.com\\\/shop\\\/terrafina\\\/corals\\\/eierdopjes-gekleurde-espressobekers-corals-6-delig\\\/#primaryimage\"},\"image\":{\"@id\":\"https:\\\/\\\/unrostore.com\\\/shop\\\/terrafina\\\/corals\\\/eierdopjes-gekleurde-espressobekers-corals-6-delig\\\/#primaryimage\"},\"thumbnailUrl\":\"https:\\\/\\\/unrostore.com\\\/wp-content\\\/uploads\\\/2023\\\/05\\\/unro-gekelurde-espresso-kopjes-6.webp\",\"datePublished\":\"2023-05-18T12:09:17+00:00\",\"dateModified\":\"2026-01-19T20:37:49+00:00\",\"description\":\"De Corals Eierdopjes Gekleurde Espressobekers zijn leuk als cadeau voor vaderdag, een verjaardag of voor jezelf. Met liefde handgemaakt in Portugal.\",\"breadcrumb\":{\"@id\":\"https:\\\/\\\/unrostore.com\\\/shop\\\/terrafina\\\/corals\\\/eierdopjes-gekleurde-espressobekers-corals-6-delig\\\/#breadcrumb\"},\"inLanguage\":\"fr-FR\",\"potentialAction\":[{\"@type\":\"ReadAction\",\"target\":[\"https:\\\/\\\/unrostore.com\\\/shop\\\/terrafina\\\/corals\\\/eierdopjes-gekleurde-espressobekers-corals-6-delig\\\/\"]}]},{\"@type\":\"ImageObject\",\"inLanguage\":\"fr-FR\",\"@id\":\"https:\\\/\\\/unrostore.com\\\/shop\\\/terrafina\\\/corals\\\/eierdopjes-gekleurde-espressobekers-corals-6-delig\\\/#primaryimage\",\"url\":\"https:\\\/\\\/unrostore.com\\\/wp-content\\\/uploads\\\/2023\\\/05\\\/unro-gekelurde-espresso-kopjes-6.webp\",\"contentUrl\":\"https:\\\/\\\/unrostore.com\\\/wp-content\\\/uploads\\\/2023\\\/05\\\/unro-gekelurde-espresso-kopjes-6.webp\",\"width\":1000,\"height\":1000,\"caption\":\"eierdopjes gekleurde espressobekers 6\"},{\"@type\":\"BreadcrumbList\",\"@id\":\"https:\\\/\\\/unrostore.com\\\/shop\\\/terrafina\\\/corals\\\/eierdopjes-gekleurde-espressobekers-corals-6-delig\\\/#breadcrumb\",\"itemListElement\":[{\"@type\":\"ListItem\",\"position\":1,\"name\":\"Home\",\"item\":\"https:\\\/\\\/unrostore.com\\\/\"},{\"@type\":\"ListItem\",\"position\":2,\"name\":\"Shop\",\"item\":\"https:\\\/\\\/unrostore.com\\\/shop\\\/\"},{\"@type\":\"ListItem\",\"position\":3,\"name\":\"Eierdopjes Gekleurde Espressobekers 50 ml Corals &#8211; 6-delig\"}]},{\"@type\":\"WebSite\",\"@id\":\"https:\\\/\\\/unrostore.com\\\/#website\",\"url\":\"https:\\\/\\\/unrostore.com\\\/\",\"name\":\"UNRO\",\"description\":\"Portugees servies waar je blij van wordt!\",\"publisher\":{\"@id\":\"https:\\\/\\\/unrostore.com\\\/#organization\"},\"potentialAction\":[{\"@type\":\"SearchAction\",\"target\":{\"@type\":\"EntryPoint\",\"urlTemplate\":\"https:\\\/\\\/unrostore.com\\\/?s={search_term_string}\"},\"query-input\":{\"@type\":\"PropertyValueSpecification\",\"valueRequired\":true,\"valueName\":\"search_term_string\"}}],\"inLanguage\":\"fr-FR\"},{\"@type\":\"Organization\",\"@id\":\"https:\\\/\\\/unrostore.com\\\/#organization\",\"name\":\"UNRO\",\"url\":\"https:\\\/\\\/unrostore.com\\\/\",\"logo\":{\"@type\":\"ImageObject\",\"inLanguage\":\"fr-FR\",\"@id\":\"https:\\\/\\\/unrostore.com\\\/#\\\/schema\\\/logo\\\/image\\\/\",\"url\":\"https:\\\/\\\/unrostore.com\\\/wp-content\\\/uploads\\\/2022\\\/05\\\/Logo-UNRO.png\",\"contentUrl\":\"https:\\\/\\\/unrostore.com\\\/wp-content\\\/uploads\\\/2022\\\/05\\\/Logo-UNRO.png\",\"width\":605,\"height\":179,\"caption\":\"UNRO\"},\"image\":{\"@id\":\"https:\\\/\\\/unrostore.com\\\/#\\\/schema\\\/logo\\\/image\\\/\"}}]}<\/script>\n<!-- \/ Yoast SEO plugin. -->","yoast_head_json":{"title":"Tasses \u00e0 \u0153ufs Tasses \u00e0 espresso color\u00e9es Corail - 6 pi\u00e8ces - UNRO","description":"Les tasses \u00e0 espresso color\u00e9es Corals Egg Cups sont id\u00e9ales comme cadeau pour la f\u00eate des p\u00e8res, un anniversaire ou pour vous-m\u00eame. Fabriqu\u00e9es \u00e0 la main avec amour au Portugal.","robots":{"index":"index","follow":"follow","max-snippet":"max-snippet:-1","max-image-preview":"max-image-preview:large","max-video-preview":"max-video-preview:-1"},"canonical":"https:\/\/unrostore.com\/fr-fr\/boutique\/terrafina\/coraux\/coquetiers-tasses-a-espresso-colorees-corail-6-pieces\/","og_locale":"fr_FR","og_type":"article","og_title":"Eierdopjes Gekleurde Espressobekers 50 ml Corals - 6-delig &#8226; UNRO","og_description":"De Corals Eierdopjes Gekleurde Espressobekers zijn leuk als cadeau voor vaderdag, een verjaardag of voor jezelf. Met liefde handgemaakt in Portugal.","og_url":"https:\/\/unrostore.com\/fr-fr\/boutique\/terrafina\/coraux\/coquetiers-tasses-a-espresso-colorees-corail-6-pieces\/","og_site_name":"UNRO","article_modified_time":"2026-01-19T20:37:49+00:00","og_image":[{"width":1000,"height":1000,"url":"https:\/\/unrostore.com\/wp-content\/uploads\/2023\/05\/unro-gekelurde-espresso-kopjes-6.webp","type":"image\/webp"}],"twitter_card":"summary_large_image","schema":{"@context":"https:\/\/schema.org","@graph":[{"@type":"WebPage","@id":"https:\/\/unrostore.com\/shop\/terrafina\/corals\/eierdopjes-gekleurde-espressobekers-corals-6-delig\/","url":"https:\/\/unrostore.com\/shop\/terrafina\/corals\/eierdopjes-gekleurde-espressobekers-corals-6-delig\/","name":"Tasses \u00e0 \u0153ufs Tasses \u00e0 espresso color\u00e9es Corail - 6 pi\u00e8ces - UNRO","isPartOf":{"@id":"https:\/\/unrostore.com\/#website"},"primaryImageOfPage":{"@id":"https:\/\/unrostore.com\/shop\/terrafina\/corals\/eierdopjes-gekleurde-espressobekers-corals-6-delig\/#primaryimage"},"image":{"@id":"https:\/\/unrostore.com\/shop\/terrafina\/corals\/eierdopjes-gekleurde-espressobekers-corals-6-delig\/#primaryimage"},"thumbnailUrl":"https:\/\/unrostore.com\/wp-content\/uploads\/2023\/05\/unro-gekelurde-espresso-kopjes-6.webp","datePublished":"2023-05-18T12:09:17+00:00","dateModified":"2026-01-19T20:37:49+00:00","description":"Les tasses \u00e0 espresso color\u00e9es Corals Egg Cups sont id\u00e9ales comme cadeau pour la f\u00eate des p\u00e8res, un anniversaire ou pour vous-m\u00eame. Fabriqu\u00e9es \u00e0 la main avec amour au Portugal.","breadcrumb":{"@id":"https:\/\/unrostore.com\/shop\/terrafina\/corals\/eierdopjes-gekleurde-espressobekers-corals-6-delig\/#breadcrumb"},"inLanguage":"fr-FR","potentialAction":[{"@type":"ReadAction","target":["https:\/\/unrostore.com\/shop\/terrafina\/corals\/eierdopjes-gekleurde-espressobekers-corals-6-delig\/"]}]},{"@type":"ImageObject","inLanguage":"fr-FR","@id":"https:\/\/unrostore.com\/shop\/terrafina\/corals\/eierdopjes-gekleurde-espressobekers-corals-6-delig\/#primaryimage","url":"https:\/\/unrostore.com\/wp-content\/uploads\/2023\/05\/unro-gekelurde-espresso-kopjes-6.webp","contentUrl":"https:\/\/unrostore.com\/wp-content\/uploads\/2023\/05\/unro-gekelurde-espresso-kopjes-6.webp","width":1000,"height":1000,"caption":"eierdopjes gekleurde espressobekers 6"},{"@type":"BreadcrumbList","@id":"https:\/\/unrostore.com\/shop\/terrafina\/corals\/eierdopjes-gekleurde-espressobekers-corals-6-delig\/#breadcrumb","itemListElement":[{"@type":"ListItem","position":1,"name":"Home","item":"https:\/\/unrostore.com\/"},{"@type":"ListItem","position":2,"name":"Shop","item":"https:\/\/unrostore.com\/shop\/"},{"@type":"ListItem","position":3,"name":"Eierdopjes Gekleurde Espressobekers 50 ml Corals &#8211; 6-delig"}]},{"@type":"WebSite","@id":"https:\/\/unrostore.com\/#website","url":"https:\/\/unrostore.com\/","name":"UNRO","description":"De la vaisselle portugaise qui vous rendra heureux !","publisher":{"@id":"https:\/\/unrostore.com\/#organization"},"potentialAction":[{"@type":"SearchAction","target":{"@type":"EntryPoint","urlTemplate":"https:\/\/unrostore.com\/?s={search_term_string}"},"query-input":{"@type":"PropertyValueSpecification","valueRequired":true,"valueName":"search_term_string"}}],"inLanguage":"fr-FR"},{"@type":"Organization","@id":"https:\/\/unrostore.com\/#organization","name":"UNRO","url":"https:\/\/unrostore.com\/","logo":{"@type":"ImageObject","inLanguage":"fr-FR","@id":"https:\/\/unrostore.com\/#\/schema\/logo\/image\/","url":"https:\/\/unrostore.com\/wp-content\/uploads\/2022\/05\/Logo-UNRO.png","contentUrl":"https:\/\/unrostore.com\/wp-content\/uploads\/2022\/05\/Logo-UNRO.png","width":605,"height":179,"caption":"UNRO"},"image":{"@id":"https:\/\/unrostore.com\/#\/schema\/logo\/image\/"}}]}},"_links":{"self":[{"href":"https:\/\/unrostore.com\/fr-fr\/wp-json\/wp\/v2\/product\/4189","targetHints":{"allow":["GET"]}}],"collection":[{"href":"https:\/\/unrostore.com\/fr-fr\/wp-json\/wp\/v2\/product"}],"about":[{"href":"https:\/\/unrostore.com\/fr-fr\/wp-json\/wp\/v2\/types\/product"}],"wp:featuredmedia":[{"embeddable":true,"href":"https:\/\/unrostore.com\/fr-fr\/wp-json\/wp\/v2\/media\/6803"}],"wp:attachment":[{"href":"https:\/\/unrostore.com\/fr-fr\/wp-json\/wp\/v2\/media?parent=4189"}],"wp:term":[{"taxonomy":"product_brand","embeddable":true,"href":"https:\/\/unrostore.com\/fr-fr\/wp-json\/wp\/v2\/product_brand?post=4189"},{"taxonomy":"product_cat","embeddable":true,"href":"https:\/\/unrostore.com\/fr-fr\/wp-json\/wp\/v2\/product_cat?post=4189"},{"taxonomy":"product_tag","embeddable":true,"href":"https:\/\/unrostore.com\/fr-fr\/wp-json\/wp\/v2\/product_tag?post=4189"}],"curies":[{"name":"wp","href":"https:\/\/api.w.org\/{rel}","templated":true}]}}