{"id":4183,"date":"2023-05-18T11:34:04","date_gmt":"2023-05-18T11:34:04","guid":{"rendered":"https:\/\/unrostore.com\/?post_type=product&#038;p=4183"},"modified":"2026-01-19T20:37:50","modified_gmt":"2026-01-19T20:37:50","slug":"coquetiers-bleus-tasses-a-espresso-bleu-amazonia-6-pieces","status":"publish","type":"product","link":"https:\/\/unrostore.com\/fr-fr\/boutique\/terrafina\/bleu-damazonie\/coquetiers-bleus-tasses-a-espresso-bleu-amazonia-6-pieces\/","title":{"rendered":"Coquetiers bleu tasses \u00e0 expresso Amazonia Bleu - 6 pi\u00e8ces"},"content":{"rendered":"<h3>Coquetiers bleus tasses \u00e0 espresso pour un d\u00e9licieux petit d\u00e9jeuner !<\/h3>\n<p>Le <strong>coquetiers bleues tasses \u00e0 caf\u00e9 expresso<\/strong>\u00a0lot de 6 tasses \u00e0 espresso\/tasses \u00e0 oeufs Amazonia Blue de marque portugaise <a href=\"https:\/\/www.terrafinastore.com\/en\/collections\/coffee\">Terrafina<\/a>. Ces tasses \u00e0 espresso sans oreille sont parfaites comme cadeau pour la f\u00eate des p\u00e8res, comme cadeau de fin d'\u00e9tudes pour votre fils ou votre fille, pour un anniversaire ou pour un v\u00e9ritable amateur d'espresso. Cette belle couleur bleue illumine tout int\u00e9rieur. La forme organique des tasses \u00e0 espresso se boit tr\u00e8s bien. Mais ces tasses \u00e0 espresso sont aussi tr\u00e8s pratiques comme coquetiers et font tr\u00e8s bonne figure sur la table du petit-d\u00e9jeuner. Combinez ces tasses \u00e0 espresso faites \u00e0 la main avec le <a href=\"https:\/\/unrostore.com\/fr-fr\/boutique\/terrafina\/bleu-damazonie\/amazonia-blue-serviesset-4-personen\/\">Service de table Amazonia Blue<\/a> ou <a href=\"https:\/\/unrostore.com\/fr-fr\/boutique\/terrafina\/bleu-damazonie\/amazonia-blue-kommen-2-delig\/\">bols Amazonia Blue<\/a> pour un d\u00e9licieux petit-d\u00e9jeuner ou d\u00e9jeuner. Vous pr\u00e9f\u00e9rez une tasse \u00e0 espresso avec une oreille ? Dans ce cas, jetez un coup d'\u0153il \u00e0 la <a href=\"https:\/\/unrostore.com\/fr-fr\/boutique\/terrafina\/bleu-damazonie\/amazonia-blue-espresso-kopjes-2-delig\/\">Amazonia Blue Espresso Kopjes \u2013 2-delig<\/a> et d\u00e9gustez votre espresso \u00e0 tout moment.<\/p>\n<h3>C'est le nombre de tasses qui vous sont livr\u00e9es<\/h3>\n<ul>\n<li>6x tasses \u00e0 espresso Amazonia Blue (50 ml)<\/li>\n<li>1x Terrafina bo\u00eete cadeau<\/li>\n<\/ul>\n<p>\u00a0<\/p>\n<p><em><strong>Duurzaam voor mens & milieu:<\/strong><br \/>\nChaque produit est unique car il est fabriqu\u00e9 \u00e0 la main.<br \/>\nL'impression et la texture peuvent donc diff\u00e9rer l\u00e9g\u00e8rement de la photo du produit.<\/em><\/p>","protected":false},"excerpt":{"rendered":"<div class=\"usps\"><i class=\"far fa-check-circle\"><\/i> R\u00e9sistant aux micro-ondes<br \/>\n<i class=\"far fa-check-circle\"><\/i> R\u00e9siste au four (jusqu'\u00e0 200 degr\u00e9s)<br \/>\n<i class=\"far fa-check-circle\"><\/i> Lavable au lave-vaisselle<br \/>\n<i class=\"far fa-thumbs-up\"><\/i> Fait \u00e0 la main<\/div>","protected":false},"featured_media":6737,"template":"","meta":[],"product_brand":[],"product_cat":[174,869,307,630,132,119],"product_tag":[378,177,377,376,176,619,301,373,371,193,372,302],"class_list":{"0":"post-4183","1":"product","2":"type-product","3":"status-publish","4":"has-post-thumbnail","6":"product_cat-amazonia-blue","7":"product_cat-unro-cadeautips","8":"product_cat-espresso-kopjes","9":"product_cat-espresso-kopjes-zonder-oor","10":"product_cat-kopjes-en-mokken","11":"product_cat-terrafina","12":"product_tag-bekers","13":"product_tag-blauw","14":"product_tag-blauwe-bekers","15":"product_tag-blauwe-kopjes","16":"product_tag-blue","17":"product_tag-eierdopjes","18":"product_tag-espresso","19":"product_tag-espresso-beker","20":"product_tag-espresso-kopje","21":"product_tag-espresso-kopjes","22":"product_tag-kleine-kopjes","23":"product_tag-kopjes","24":"product_shipping_class-pakket","26":"first","27":"outofstock","28":"sale","29":"taxable","30":"shipping-taxable","31":"purchasable","32":"product-type-simple"},"yoast_head":"<!-- This site is optimized with the Yoast SEO plugin v27.5 - https:\/\/yoast.com\/product\/yoast-seo-wordpress\/ -->\n<title>Eierdopjes Blauw Espressobekers 50 ml Amazonia Blue - 6-delig &#8226; UNRO<\/title>\n<meta name=\"description\" content=\"Deze eierdopjes blauw espressobekers zijn perfect als cadeau voor espresso liefhebbers. Geniet elke dag van deze unieke diepblauwe espressokopjes!\" \/>\n<meta name=\"robots\" content=\"index, follow, max-snippet:-1, max-image-preview:large, max-video-preview:-1\" \/>\n<link rel=\"canonical\" href=\"https:\/\/unrostore.com\/fr-fr\/boutique\/terrafina\/bleu-damazonie\/coquetiers-bleus-tasses-a-espresso-bleu-amazonia-6-pieces\/\" \/>\n<meta property=\"og:locale\" content=\"fr_FR\" \/>\n<meta property=\"og:type\" content=\"article\" \/>\n<meta property=\"og:title\" content=\"Eierdopjes Blauw Espressobekers 50 ml Amazonia Blue - 6-delig &#8226; UNRO\" \/>\n<meta property=\"og:description\" content=\"Deze eierdopjes blauw espressobekers zijn perfect als cadeau voor espresso liefhebbers. Geniet elke dag van deze unieke diepblauwe espressokopjes!\" \/>\n<meta property=\"og:url\" content=\"https:\/\/unrostore.com\/fr-fr\/boutique\/terrafina\/bleu-damazonie\/coquetiers-bleus-tasses-a-espresso-bleu-amazonia-6-pieces\/\" \/>\n<meta property=\"og:site_name\" content=\"UNRO\" \/>\n<meta property=\"article:modified_time\" content=\"2026-01-19T20:37:50+00:00\" \/>\n<meta property=\"og:image\" content=\"https:\/\/unrostore.com\/wp-content\/uploads\/2023\/05\/unro-blauwe-espresso-kopjes-set-van6.webp\" \/>\n\t<meta property=\"og:image:width\" content=\"1000\" \/>\n\t<meta property=\"og:image:height\" content=\"1000\" \/>\n\t<meta property=\"og:image:type\" content=\"image\/webp\" \/>\n<meta name=\"twitter:card\" content=\"summary_large_image\" \/>\n<script type=\"application\/ld+json\" class=\"yoast-schema-graph\">{\"@context\":\"https:\\\/\\\/schema.org\",\"@graph\":[{\"@type\":\"WebPage\",\"@id\":\"https:\\\/\\\/unrostore.com\\\/shop\\\/terrafina\\\/amazonia-blue\\\/eierdopjes-blauw-espressobekers-amazonia-blue-6-delig\\\/\",\"url\":\"https:\\\/\\\/unrostore.com\\\/shop\\\/terrafina\\\/amazonia-blue\\\/eierdopjes-blauw-espressobekers-amazonia-blue-6-delig\\\/\",\"name\":\"Eierdopjes Blauw Espressobekers 50 ml Amazonia Blue - 6-delig &#8226; UNRO\",\"isPartOf\":{\"@id\":\"https:\\\/\\\/unrostore.com\\\/#website\"},\"primaryImageOfPage\":{\"@id\":\"https:\\\/\\\/unrostore.com\\\/shop\\\/terrafina\\\/amazonia-blue\\\/eierdopjes-blauw-espressobekers-amazonia-blue-6-delig\\\/#primaryimage\"},\"image\":{\"@id\":\"https:\\\/\\\/unrostore.com\\\/shop\\\/terrafina\\\/amazonia-blue\\\/eierdopjes-blauw-espressobekers-amazonia-blue-6-delig\\\/#primaryimage\"},\"thumbnailUrl\":\"https:\\\/\\\/unrostore.com\\\/wp-content\\\/uploads\\\/2023\\\/05\\\/unro-blauwe-espresso-kopjes-set-van6.webp\",\"datePublished\":\"2023-05-18T11:34:04+00:00\",\"dateModified\":\"2026-01-19T20:37:50+00:00\",\"description\":\"Deze eierdopjes blauw espressobekers zijn perfect als cadeau voor espresso liefhebbers. Geniet elke dag van deze unieke diepblauwe espressokopjes!\",\"breadcrumb\":{\"@id\":\"https:\\\/\\\/unrostore.com\\\/shop\\\/terrafina\\\/amazonia-blue\\\/eierdopjes-blauw-espressobekers-amazonia-blue-6-delig\\\/#breadcrumb\"},\"inLanguage\":\"fr-FR\",\"potentialAction\":[{\"@type\":\"ReadAction\",\"target\":[\"https:\\\/\\\/unrostore.com\\\/shop\\\/terrafina\\\/amazonia-blue\\\/eierdopjes-blauw-espressobekers-amazonia-blue-6-delig\\\/\"]}]},{\"@type\":\"ImageObject\",\"inLanguage\":\"fr-FR\",\"@id\":\"https:\\\/\\\/unrostore.com\\\/shop\\\/terrafina\\\/amazonia-blue\\\/eierdopjes-blauw-espressobekers-amazonia-blue-6-delig\\\/#primaryimage\",\"url\":\"https:\\\/\\\/unrostore.com\\\/wp-content\\\/uploads\\\/2023\\\/05\\\/unro-blauwe-espresso-kopjes-set-van6.webp\",\"contentUrl\":\"https:\\\/\\\/unrostore.com\\\/wp-content\\\/uploads\\\/2023\\\/05\\\/unro-blauwe-espresso-kopjes-set-van6.webp\",\"width\":1000,\"height\":1000,\"caption\":\"eierdopjes blauw\"},{\"@type\":\"BreadcrumbList\",\"@id\":\"https:\\\/\\\/unrostore.com\\\/shop\\\/terrafina\\\/amazonia-blue\\\/eierdopjes-blauw-espressobekers-amazonia-blue-6-delig\\\/#breadcrumb\",\"itemListElement\":[{\"@type\":\"ListItem\",\"position\":1,\"name\":\"Home\",\"item\":\"https:\\\/\\\/unrostore.com\\\/\"},{\"@type\":\"ListItem\",\"position\":2,\"name\":\"Shop\",\"item\":\"https:\\\/\\\/unrostore.com\\\/shop\\\/\"},{\"@type\":\"ListItem\",\"position\":3,\"name\":\"Eierdopjes Blauw Espressobekers 50 ml Amazonia Blue &#8211; 6-delig\"}]},{\"@type\":\"WebSite\",\"@id\":\"https:\\\/\\\/unrostore.com\\\/#website\",\"url\":\"https:\\\/\\\/unrostore.com\\\/\",\"name\":\"UNRO\",\"description\":\"Portugees servies waar je blij van wordt!\",\"publisher\":{\"@id\":\"https:\\\/\\\/unrostore.com\\\/#organization\"},\"potentialAction\":[{\"@type\":\"SearchAction\",\"target\":{\"@type\":\"EntryPoint\",\"urlTemplate\":\"https:\\\/\\\/unrostore.com\\\/?s={search_term_string}\"},\"query-input\":{\"@type\":\"PropertyValueSpecification\",\"valueRequired\":true,\"valueName\":\"search_term_string\"}}],\"inLanguage\":\"fr-FR\"},{\"@type\":\"Organization\",\"@id\":\"https:\\\/\\\/unrostore.com\\\/#organization\",\"name\":\"UNRO\",\"url\":\"https:\\\/\\\/unrostore.com\\\/\",\"logo\":{\"@type\":\"ImageObject\",\"inLanguage\":\"fr-FR\",\"@id\":\"https:\\\/\\\/unrostore.com\\\/#\\\/schema\\\/logo\\\/image\\\/\",\"url\":\"https:\\\/\\\/unrostore.com\\\/wp-content\\\/uploads\\\/2022\\\/05\\\/Logo-UNRO.png\",\"contentUrl\":\"https:\\\/\\\/unrostore.com\\\/wp-content\\\/uploads\\\/2022\\\/05\\\/Logo-UNRO.png\",\"width\":605,\"height\":179,\"caption\":\"UNRO\"},\"image\":{\"@id\":\"https:\\\/\\\/unrostore.com\\\/#\\\/schema\\\/logo\\\/image\\\/\"}}]}<\/script>\n<!-- \/ Yoast SEO plugin. -->","yoast_head_json":{"title":"Coquetiers Bleu Tasses \u00e0 espresso Amazonia Bleu - 6 pi\u00e8ces - UNRO","description":"Ces tasses \u00e0 espresso bleues en forme de coquetier sont parfaites comme cadeaux pour les amateurs d'espresso. Profitez chaque jour de ces tasses \u00e0 espresso d'un bleu profond unique !","robots":{"index":"index","follow":"follow","max-snippet":"max-snippet:-1","max-image-preview":"max-image-preview:large","max-video-preview":"max-video-preview:-1"},"canonical":"https:\/\/unrostore.com\/fr-fr\/boutique\/terrafina\/bleu-damazonie\/coquetiers-bleus-tasses-a-espresso-bleu-amazonia-6-pieces\/","og_locale":"fr_FR","og_type":"article","og_title":"Eierdopjes Blauw Espressobekers 50 ml Amazonia Blue - 6-delig &#8226; UNRO","og_description":"Deze eierdopjes blauw espressobekers zijn perfect als cadeau voor espresso liefhebbers. Geniet elke dag van deze unieke diepblauwe espressokopjes!","og_url":"https:\/\/unrostore.com\/fr-fr\/boutique\/terrafina\/bleu-damazonie\/coquetiers-bleus-tasses-a-espresso-bleu-amazonia-6-pieces\/","og_site_name":"UNRO","article_modified_time":"2026-01-19T20:37:50+00:00","og_image":[{"width":1000,"height":1000,"url":"https:\/\/unrostore.com\/wp-content\/uploads\/2023\/05\/unro-blauwe-espresso-kopjes-set-van6.webp","type":"image\/webp"}],"twitter_card":"summary_large_image","schema":{"@context":"https:\/\/schema.org","@graph":[{"@type":"WebPage","@id":"https:\/\/unrostore.com\/shop\/terrafina\/amazonia-blue\/eierdopjes-blauw-espressobekers-amazonia-blue-6-delig\/","url":"https:\/\/unrostore.com\/shop\/terrafina\/amazonia-blue\/eierdopjes-blauw-espressobekers-amazonia-blue-6-delig\/","name":"Coquetiers Bleu Tasses \u00e0 espresso Amazonia Bleu - 6 pi\u00e8ces - UNRO","isPartOf":{"@id":"https:\/\/unrostore.com\/#website"},"primaryImageOfPage":{"@id":"https:\/\/unrostore.com\/shop\/terrafina\/amazonia-blue\/eierdopjes-blauw-espressobekers-amazonia-blue-6-delig\/#primaryimage"},"image":{"@id":"https:\/\/unrostore.com\/shop\/terrafina\/amazonia-blue\/eierdopjes-blauw-espressobekers-amazonia-blue-6-delig\/#primaryimage"},"thumbnailUrl":"https:\/\/unrostore.com\/wp-content\/uploads\/2023\/05\/unro-blauwe-espresso-kopjes-set-van6.webp","datePublished":"2023-05-18T11:34:04+00:00","dateModified":"2026-01-19T20:37:50+00:00","description":"Ces tasses \u00e0 espresso bleues en forme de coquetier sont parfaites comme cadeaux pour les amateurs d'espresso. Profitez chaque jour de ces tasses \u00e0 espresso d'un bleu profond unique !","breadcrumb":{"@id":"https:\/\/unrostore.com\/shop\/terrafina\/amazonia-blue\/eierdopjes-blauw-espressobekers-amazonia-blue-6-delig\/#breadcrumb"},"inLanguage":"fr-FR","potentialAction":[{"@type":"ReadAction","target":["https:\/\/unrostore.com\/shop\/terrafina\/amazonia-blue\/eierdopjes-blauw-espressobekers-amazonia-blue-6-delig\/"]}]},{"@type":"ImageObject","inLanguage":"fr-FR","@id":"https:\/\/unrostore.com\/shop\/terrafina\/amazonia-blue\/eierdopjes-blauw-espressobekers-amazonia-blue-6-delig\/#primaryimage","url":"https:\/\/unrostore.com\/wp-content\/uploads\/2023\/05\/unro-blauwe-espresso-kopjes-set-van6.webp","contentUrl":"https:\/\/unrostore.com\/wp-content\/uploads\/2023\/05\/unro-blauwe-espresso-kopjes-set-van6.webp","width":1000,"height":1000,"caption":"eierdopjes blauw"},{"@type":"BreadcrumbList","@id":"https:\/\/unrostore.com\/shop\/terrafina\/amazonia-blue\/eierdopjes-blauw-espressobekers-amazonia-blue-6-delig\/#breadcrumb","itemListElement":[{"@type":"ListItem","position":1,"name":"Home","item":"https:\/\/unrostore.com\/"},{"@type":"ListItem","position":2,"name":"Shop","item":"https:\/\/unrostore.com\/shop\/"},{"@type":"ListItem","position":3,"name":"Eierdopjes Blauw Espressobekers 50 ml Amazonia Blue &#8211; 6-delig"}]},{"@type":"WebSite","@id":"https:\/\/unrostore.com\/#website","url":"https:\/\/unrostore.com\/","name":"UNRO","description":"De la vaisselle portugaise qui vous rendra heureux !","publisher":{"@id":"https:\/\/unrostore.com\/#organization"},"potentialAction":[{"@type":"SearchAction","target":{"@type":"EntryPoint","urlTemplate":"https:\/\/unrostore.com\/?s={search_term_string}"},"query-input":{"@type":"PropertyValueSpecification","valueRequired":true,"valueName":"search_term_string"}}],"inLanguage":"fr-FR"},{"@type":"Organization","@id":"https:\/\/unrostore.com\/#organization","name":"UNRO","url":"https:\/\/unrostore.com\/","logo":{"@type":"ImageObject","inLanguage":"fr-FR","@id":"https:\/\/unrostore.com\/#\/schema\/logo\/image\/","url":"https:\/\/unrostore.com\/wp-content\/uploads\/2022\/05\/Logo-UNRO.png","contentUrl":"https:\/\/unrostore.com\/wp-content\/uploads\/2022\/05\/Logo-UNRO.png","width":605,"height":179,"caption":"UNRO"},"image":{"@id":"https:\/\/unrostore.com\/#\/schema\/logo\/image\/"}}]}},"_links":{"self":[{"href":"https:\/\/unrostore.com\/fr-fr\/wp-json\/wp\/v2\/product\/4183","targetHints":{"allow":["GET"]}}],"collection":[{"href":"https:\/\/unrostore.com\/fr-fr\/wp-json\/wp\/v2\/product"}],"about":[{"href":"https:\/\/unrostore.com\/fr-fr\/wp-json\/wp\/v2\/types\/product"}],"wp:featuredmedia":[{"embeddable":true,"href":"https:\/\/unrostore.com\/fr-fr\/wp-json\/wp\/v2\/media\/6737"}],"wp:attachment":[{"href":"https:\/\/unrostore.com\/fr-fr\/wp-json\/wp\/v2\/media?parent=4183"}],"wp:term":[{"taxonomy":"product_brand","embeddable":true,"href":"https:\/\/unrostore.com\/fr-fr\/wp-json\/wp\/v2\/product_brand?post=4183"},{"taxonomy":"product_cat","embeddable":true,"href":"https:\/\/unrostore.com\/fr-fr\/wp-json\/wp\/v2\/product_cat?post=4183"},{"taxonomy":"product_tag","embeddable":true,"href":"https:\/\/unrostore.com\/fr-fr\/wp-json\/wp\/v2\/product_tag?post=4183"}],"curies":[{"name":"wp","href":"https:\/\/api.w.org\/{rel}","templated":true}]}}