{"id":4179,"date":"2023-05-17T20:20:14","date_gmt":"2023-05-17T20:20:14","guid":{"rendered":"https:\/\/unrostore.com\/?post_type=product&#038;p=4179"},"modified":"2026-01-19T20:37:50","modified_gmt":"2026-01-19T20:37:50","slug":"coquetiers-creme-tasses-a-espresso-amazonia-creme-6-pieces","status":"publish","type":"product","link":"https:\/\/unrostore.com\/fr-fr\/boutique\/terrafina\/creme-damazonie-2\/coquetiers-creme-tasses-a-espresso-amazonia-creme-6-pieces\/","title":{"rendered":"Coquetiers Cr\u00e8me Tasses \u00e0 espresso Amazonia Cream - 6 pi\u00e8ces"},"content":{"rendered":"<h3>Coquetiers portugais faits \u00e0 la main tasses \u00e0 espresso cr\u00e8me Amazonia Cream<\/h3>\n<p>Le <strong>Coquetiers Cr\u00e8me Tasses \u00e0 espresso<\/strong>\u00a0Le set de 6 cr\u00e8mes Amazonia est fait \u00e0 la main par la marque portugaise. <a href=\"https:\/\/www.terrafinastore.com\/en\/collections\/coffee\">Terrafina<\/a>. Ces petites tasses ont une couleur beige cr\u00e8me, ce qui rend les tasses \u00e0 espresso color\u00e9es mais subtiles en m\u00eame temps. Ces tasses \u00e0 espresso en c\u00e9ramique sont le compl\u00e9ment parfait de votre moment caf\u00e9 quotidien ou de votre shot de gingembre sain. Mais elles sont \u00e9galement id\u00e9ales comme coquetiers et \u00e0 combiner avec les autres c\u00e9ramiques faites \u00e0 la main de la m\u00eame collection, telles que les tasses \u00e0 caf\u00e9 et les tasses \u00e0 caf\u00e9. <a href=\"https:\/\/unrostore.com\/fr-fr\/boutique\/terrafina\/creme-damazonie-2\/amazonia-cream-serviesset-4-personen\/\">service de vaisselle Amazonia Cream<\/a> ou le <a href=\"https:\/\/unrostore.com\/fr-fr\/boutique\/terrafina\/creme-damazonie-2\/amazonia-cream-kommen-2-delig-kopie\/\">Bols Amazonia Cream<\/a> pour que votre petit-d\u00e9jeuner soit complet ! De plus, ces tasses \u00e0 espresso sans oreille sont agr\u00e9ables \u00e0 offrir lors d'un anniversaire, d'une visite, d'une f\u00eate de b\u00e9b\u00e9 ou d'une pendaison de cr\u00e9maill\u00e8re.  Faites-vous plaisir ou faites plaisir \u00e0 quelqu'un avec ce set de 6 tasses \u00e0 espresso !<\/p>\n<h3>C'est le nombre de tasses qui vous sont livr\u00e9es<\/h3>\n<ul>\n<li>6x tasses \u00e0 espresso Amazonia Cream (50 ml)<\/li>\n<li>1x Bo\u00eete cadeau Terrafina (avec espace pour un message personnel)<\/li>\n<\/ul>\n<p>&nbsp;<\/p>\n<p><em><strong>Durable pour les personnes et l'environnement :<\/strong><br \/>\nChaque produit est unique car il est fabriqu\u00e9 \u00e0 la main.<br \/>\nL'impression et la texture peuvent donc diff\u00e9rer l\u00e9g\u00e8rement de la photo du produit.<\/em><\/p>","protected":false},"excerpt":{"rendered":"<div class=\"usps\"><i class=\"far fa-check-circle\"><\/i> R\u00e9sistant aux micro-ondes<br \/>\n<i class=\"far fa-check-circle\"><\/i> R\u00e9siste au four (jusqu'\u00e0 200 degr\u00e9s)<br \/>\n<i class=\"far fa-check-circle\"><\/i> Lavable au lave-vaisselle<br \/>\n<i class=\"far fa-thumbs-up\"><\/i> Fait \u00e0 la main<\/div>","protected":false},"featured_media":6736,"template":"","meta":[],"product_brand":[],"product_cat":[144,307,630,132,119],"product_tag":[145,719,233,375,619,720,372,207],"class_list":{"0":"post-4179","1":"product","2":"type-product","3":"status-publish","4":"has-post-thumbnail","6":"product_cat-amazonia-cream","7":"product_cat-espresso-kopjes","8":"product_cat-espresso-kopjes-zonder-oor","9":"product_cat-kopjes-en-mokken","10":"product_cat-terrafina","11":"product_tag-amazonia-cream","12":"product_tag-beige-espresso-kopjes","13":"product_tag-creme","14":"product_tag-creme-kopjes","15":"product_tag-eierdopjes","16":"product_tag-espresso-kopjes-zonder-oor","17":"product_tag-kleine-kopjes","18":"product_tag-lila","19":"product_shipping_class-pakket","21":"first","22":"instock","23":"sale","24":"taxable","25":"shipping-taxable","26":"purchasable","27":"product-type-simple"},"yoast_head":"<!-- This site is optimized with the Yoast SEO plugin v27.4 - https:\/\/yoast.com\/product\/yoast-seo-wordpress\/ -->\n<title>Eierdopjes Creme Espressobekers 50 ml Amazonia Cream - 6-delig &#8226; UNRO<\/title>\n<meta name=\"description\" content=\"De eierdopjes creme espressobekers Amazonia Cream - 6-delig worden met liefde handgemaakt in Portugal. Geniet dagelijks van jouw koffie momentje!\" \/>\n<meta name=\"robots\" content=\"index, follow, max-snippet:-1, max-image-preview:large, max-video-preview:-1\" \/>\n<link rel=\"canonical\" href=\"https:\/\/unrostore.com\/fr-fr\/boutique\/terrafina\/creme-damazonie-2\/coquetiers-creme-tasses-a-espresso-amazonia-creme-6-pieces\/\" \/>\n<meta property=\"og:locale\" content=\"fr_FR\" \/>\n<meta property=\"og:type\" content=\"article\" \/>\n<meta property=\"og:title\" content=\"Eierdopjes Creme Espressobekers 50 ml Amazonia Cream - 6-delig &#8226; UNRO\" \/>\n<meta property=\"og:description\" content=\"De eierdopjes creme espressobekers Amazonia Cream - 6-delig worden met liefde handgemaakt in Portugal. Geniet dagelijks van jouw koffie momentje!\" \/>\n<meta property=\"og:url\" content=\"https:\/\/unrostore.com\/fr-fr\/boutique\/terrafina\/creme-damazonie-2\/coquetiers-creme-tasses-a-espresso-amazonia-creme-6-pieces\/\" \/>\n<meta property=\"og:site_name\" content=\"UNRO\" \/>\n<meta property=\"article:modified_time\" content=\"2026-01-19T20:37:50+00:00\" \/>\n<meta property=\"og:image\" content=\"https:\/\/unrostore.com\/wp-content\/uploads\/2023\/05\/unro-creme-espresso-kopjes-zonder-oor-kopjes.webp\" \/>\n\t<meta property=\"og:image:width\" content=\"1000\" \/>\n\t<meta property=\"og:image:height\" content=\"1000\" \/>\n\t<meta property=\"og:image:type\" content=\"image\/webp\" \/>\n<meta name=\"twitter:card\" content=\"summary_large_image\" \/>\n<script type=\"application\/ld+json\" class=\"yoast-schema-graph\">{\"@context\":\"https:\\\/\\\/schema.org\",\"@graph\":[{\"@type\":\"WebPage\",\"@id\":\"https:\\\/\\\/unrostore.com\\\/shop\\\/terrafina\\\/amazonia-cream\\\/eierdopjes-creme-espressobekers-amazonia-cream-6-delig\\\/\",\"url\":\"https:\\\/\\\/unrostore.com\\\/shop\\\/terrafina\\\/amazonia-cream\\\/eierdopjes-creme-espressobekers-amazonia-cream-6-delig\\\/\",\"name\":\"Eierdopjes Creme Espressobekers 50 ml Amazonia Cream - 6-delig &#8226; UNRO\",\"isPartOf\":{\"@id\":\"https:\\\/\\\/unrostore.com\\\/#website\"},\"primaryImageOfPage\":{\"@id\":\"https:\\\/\\\/unrostore.com\\\/shop\\\/terrafina\\\/amazonia-cream\\\/eierdopjes-creme-espressobekers-amazonia-cream-6-delig\\\/#primaryimage\"},\"image\":{\"@id\":\"https:\\\/\\\/unrostore.com\\\/shop\\\/terrafina\\\/amazonia-cream\\\/eierdopjes-creme-espressobekers-amazonia-cream-6-delig\\\/#primaryimage\"},\"thumbnailUrl\":\"https:\\\/\\\/unrostore.com\\\/wp-content\\\/uploads\\\/2023\\\/05\\\/unro-creme-espresso-kopjes-zonder-oor-kopjes.webp\",\"datePublished\":\"2023-05-17T20:20:14+00:00\",\"dateModified\":\"2026-01-19T20:37:50+00:00\",\"description\":\"De eierdopjes creme espressobekers Amazonia Cream - 6-delig worden met liefde handgemaakt in Portugal. Geniet dagelijks van jouw koffie momentje!\",\"breadcrumb\":{\"@id\":\"https:\\\/\\\/unrostore.com\\\/shop\\\/terrafina\\\/amazonia-cream\\\/eierdopjes-creme-espressobekers-amazonia-cream-6-delig\\\/#breadcrumb\"},\"inLanguage\":\"fr-FR\",\"potentialAction\":[{\"@type\":\"ReadAction\",\"target\":[\"https:\\\/\\\/unrostore.com\\\/shop\\\/terrafina\\\/amazonia-cream\\\/eierdopjes-creme-espressobekers-amazonia-cream-6-delig\\\/\"]}]},{\"@type\":\"ImageObject\",\"inLanguage\":\"fr-FR\",\"@id\":\"https:\\\/\\\/unrostore.com\\\/shop\\\/terrafina\\\/amazonia-cream\\\/eierdopjes-creme-espressobekers-amazonia-cream-6-delig\\\/#primaryimage\",\"url\":\"https:\\\/\\\/unrostore.com\\\/wp-content\\\/uploads\\\/2023\\\/05\\\/unro-creme-espresso-kopjes-zonder-oor-kopjes.webp\",\"contentUrl\":\"https:\\\/\\\/unrostore.com\\\/wp-content\\\/uploads\\\/2023\\\/05\\\/unro-creme-espresso-kopjes-zonder-oor-kopjes.webp\",\"width\":1000,\"height\":1000,\"caption\":\"eierdopjes creme espressobekers set van 6\"},{\"@type\":\"BreadcrumbList\",\"@id\":\"https:\\\/\\\/unrostore.com\\\/shop\\\/terrafina\\\/amazonia-cream\\\/eierdopjes-creme-espressobekers-amazonia-cream-6-delig\\\/#breadcrumb\",\"itemListElement\":[{\"@type\":\"ListItem\",\"position\":1,\"name\":\"Home\",\"item\":\"https:\\\/\\\/unrostore.com\\\/\"},{\"@type\":\"ListItem\",\"position\":2,\"name\":\"Shop\",\"item\":\"https:\\\/\\\/unrostore.com\\\/shop\\\/\"},{\"@type\":\"ListItem\",\"position\":3,\"name\":\"Eierdopjes Creme Espressobekers 50 ml Amazonia Cream &#8211; 6-delig\"}]},{\"@type\":\"WebSite\",\"@id\":\"https:\\\/\\\/unrostore.com\\\/#website\",\"url\":\"https:\\\/\\\/unrostore.com\\\/\",\"name\":\"UNRO\",\"description\":\"Portugees servies waar je blij van wordt!\",\"publisher\":{\"@id\":\"https:\\\/\\\/unrostore.com\\\/#organization\"},\"potentialAction\":[{\"@type\":\"SearchAction\",\"target\":{\"@type\":\"EntryPoint\",\"urlTemplate\":\"https:\\\/\\\/unrostore.com\\\/?s={search_term_string}\"},\"query-input\":{\"@type\":\"PropertyValueSpecification\",\"valueRequired\":true,\"valueName\":\"search_term_string\"}}],\"inLanguage\":\"fr-FR\"},{\"@type\":\"Organization\",\"@id\":\"https:\\\/\\\/unrostore.com\\\/#organization\",\"name\":\"UNRO\",\"url\":\"https:\\\/\\\/unrostore.com\\\/\",\"logo\":{\"@type\":\"ImageObject\",\"inLanguage\":\"fr-FR\",\"@id\":\"https:\\\/\\\/unrostore.com\\\/#\\\/schema\\\/logo\\\/image\\\/\",\"url\":\"https:\\\/\\\/unrostore.com\\\/wp-content\\\/uploads\\\/2022\\\/05\\\/Logo-UNRO.png\",\"contentUrl\":\"https:\\\/\\\/unrostore.com\\\/wp-content\\\/uploads\\\/2022\\\/05\\\/Logo-UNRO.png\",\"width\":605,\"height\":179,\"caption\":\"UNRO\"},\"image\":{\"@id\":\"https:\\\/\\\/unrostore.com\\\/#\\\/schema\\\/logo\\\/image\\\/\"}}]}<\/script>\n<!-- \/ Yoast SEO plugin. -->","yoast_head_json":{"title":"Coquetiers Creme Tasses Espresso Amazonia Cream - 6 pi\u00e8ces - UNRO","description":"Les tasses \u00e0 espresso Amazonia Cream - 6 pi\u00e8ces sont amoureusement fabriqu\u00e9es \u00e0 la main au Portugal. Savourez chaque jour votre moment caf\u00e9 !","robots":{"index":"index","follow":"follow","max-snippet":"max-snippet:-1","max-image-preview":"max-image-preview:large","max-video-preview":"max-video-preview:-1"},"canonical":"https:\/\/unrostore.com\/fr-fr\/boutique\/terrafina\/creme-damazonie-2\/coquetiers-creme-tasses-a-espresso-amazonia-creme-6-pieces\/","og_locale":"fr_FR","og_type":"article","og_title":"Eierdopjes Creme Espressobekers 50 ml Amazonia Cream - 6-delig &#8226; UNRO","og_description":"De eierdopjes creme espressobekers Amazonia Cream - 6-delig worden met liefde handgemaakt in Portugal. Geniet dagelijks van jouw koffie momentje!","og_url":"https:\/\/unrostore.com\/fr-fr\/boutique\/terrafina\/creme-damazonie-2\/coquetiers-creme-tasses-a-espresso-amazonia-creme-6-pieces\/","og_site_name":"UNRO","article_modified_time":"2026-01-19T20:37:50+00:00","og_image":[{"width":1000,"height":1000,"url":"https:\/\/unrostore.com\/wp-content\/uploads\/2023\/05\/unro-creme-espresso-kopjes-zonder-oor-kopjes.webp","type":"image\/webp"}],"twitter_card":"summary_large_image","schema":{"@context":"https:\/\/schema.org","@graph":[{"@type":"WebPage","@id":"https:\/\/unrostore.com\/shop\/terrafina\/amazonia-cream\/eierdopjes-creme-espressobekers-amazonia-cream-6-delig\/","url":"https:\/\/unrostore.com\/shop\/terrafina\/amazonia-cream\/eierdopjes-creme-espressobekers-amazonia-cream-6-delig\/","name":"Coquetiers Creme Tasses Espresso Amazonia Cream - 6 pi\u00e8ces - UNRO","isPartOf":{"@id":"https:\/\/unrostore.com\/#website"},"primaryImageOfPage":{"@id":"https:\/\/unrostore.com\/shop\/terrafina\/amazonia-cream\/eierdopjes-creme-espressobekers-amazonia-cream-6-delig\/#primaryimage"},"image":{"@id":"https:\/\/unrostore.com\/shop\/terrafina\/amazonia-cream\/eierdopjes-creme-espressobekers-amazonia-cream-6-delig\/#primaryimage"},"thumbnailUrl":"https:\/\/unrostore.com\/wp-content\/uploads\/2023\/05\/unro-creme-espresso-kopjes-zonder-oor-kopjes.webp","datePublished":"2023-05-17T20:20:14+00:00","dateModified":"2026-01-19T20:37:50+00:00","description":"Les tasses \u00e0 espresso Amazonia Cream - 6 pi\u00e8ces sont amoureusement fabriqu\u00e9es \u00e0 la main au Portugal. Savourez chaque jour votre moment caf\u00e9 !","breadcrumb":{"@id":"https:\/\/unrostore.com\/shop\/terrafina\/amazonia-cream\/eierdopjes-creme-espressobekers-amazonia-cream-6-delig\/#breadcrumb"},"inLanguage":"fr-FR","potentialAction":[{"@type":"ReadAction","target":["https:\/\/unrostore.com\/shop\/terrafina\/amazonia-cream\/eierdopjes-creme-espressobekers-amazonia-cream-6-delig\/"]}]},{"@type":"ImageObject","inLanguage":"fr-FR","@id":"https:\/\/unrostore.com\/shop\/terrafina\/amazonia-cream\/eierdopjes-creme-espressobekers-amazonia-cream-6-delig\/#primaryimage","url":"https:\/\/unrostore.com\/wp-content\/uploads\/2023\/05\/unro-creme-espresso-kopjes-zonder-oor-kopjes.webp","contentUrl":"https:\/\/unrostore.com\/wp-content\/uploads\/2023\/05\/unro-creme-espresso-kopjes-zonder-oor-kopjes.webp","width":1000,"height":1000,"caption":"eierdopjes creme espressobekers set van 6"},{"@type":"BreadcrumbList","@id":"https:\/\/unrostore.com\/shop\/terrafina\/amazonia-cream\/eierdopjes-creme-espressobekers-amazonia-cream-6-delig\/#breadcrumb","itemListElement":[{"@type":"ListItem","position":1,"name":"Home","item":"https:\/\/unrostore.com\/"},{"@type":"ListItem","position":2,"name":"Shop","item":"https:\/\/unrostore.com\/shop\/"},{"@type":"ListItem","position":3,"name":"Eierdopjes Creme Espressobekers 50 ml Amazonia Cream &#8211; 6-delig"}]},{"@type":"WebSite","@id":"https:\/\/unrostore.com\/#website","url":"https:\/\/unrostore.com\/","name":"UNRO","description":"De la vaisselle portugaise qui vous rendra heureux !","publisher":{"@id":"https:\/\/unrostore.com\/#organization"},"potentialAction":[{"@type":"SearchAction","target":{"@type":"EntryPoint","urlTemplate":"https:\/\/unrostore.com\/?s={search_term_string}"},"query-input":{"@type":"PropertyValueSpecification","valueRequired":true,"valueName":"search_term_string"}}],"inLanguage":"fr-FR"},{"@type":"Organization","@id":"https:\/\/unrostore.com\/#organization","name":"UNRO","url":"https:\/\/unrostore.com\/","logo":{"@type":"ImageObject","inLanguage":"fr-FR","@id":"https:\/\/unrostore.com\/#\/schema\/logo\/image\/","url":"https:\/\/unrostore.com\/wp-content\/uploads\/2022\/05\/Logo-UNRO.png","contentUrl":"https:\/\/unrostore.com\/wp-content\/uploads\/2022\/05\/Logo-UNRO.png","width":605,"height":179,"caption":"UNRO"},"image":{"@id":"https:\/\/unrostore.com\/#\/schema\/logo\/image\/"}}]}},"_links":{"self":[{"href":"https:\/\/unrostore.com\/fr-fr\/wp-json\/wp\/v2\/product\/4179","targetHints":{"allow":["GET"]}}],"collection":[{"href":"https:\/\/unrostore.com\/fr-fr\/wp-json\/wp\/v2\/product"}],"about":[{"href":"https:\/\/unrostore.com\/fr-fr\/wp-json\/wp\/v2\/types\/product"}],"wp:featuredmedia":[{"embeddable":true,"href":"https:\/\/unrostore.com\/fr-fr\/wp-json\/wp\/v2\/media\/6736"}],"wp:attachment":[{"href":"https:\/\/unrostore.com\/fr-fr\/wp-json\/wp\/v2\/media?parent=4179"}],"wp:term":[{"taxonomy":"product_brand","embeddable":true,"href":"https:\/\/unrostore.com\/fr-fr\/wp-json\/wp\/v2\/product_brand?post=4179"},{"taxonomy":"product_cat","embeddable":true,"href":"https:\/\/unrostore.com\/fr-fr\/wp-json\/wp\/v2\/product_cat?post=4179"},{"taxonomy":"product_tag","embeddable":true,"href":"https:\/\/unrostore.com\/fr-fr\/wp-json\/wp\/v2\/product_tag?post=4179"}],"curies":[{"name":"wp","href":"https:\/\/api.w.org\/{rel}","templated":true}]}}