{"id":4177,"date":"2023-05-17T19:55:27","date_gmt":"2023-05-17T19:55:27","guid":{"rendered":"https:\/\/unrostore.com\/?post_type=product&#038;p=4177"},"modified":"2026-02-26T12:04:38","modified_gmt":"2026-02-26T12:04:38","slug":"coquetiers-verts-tasses-a-espresso-vertes-amazonia-6-pieces","status":"publish","type":"product","link":"https:\/\/unrostore.com\/fr-fr\/boutique\/terrafina\/vert-damazonie\/coquetiers-verts-tasses-a-espresso-vertes-amazonia-6-pieces\/","title":{"rendered":"Coquetiers Verts Tasses \u00e0 espresso Amazonia Green - 6 pi\u00e8ces"},"content":{"rendered":"<h3>Commencez votre journ\u00e9e en faisant le plein d'\u00e9nergie avec les tasses \u00e0 espresso Egg Cups Green Amazonia Green.<\/h3>\n<p>Ce lot de 6<strong> coquetiers tasses \u00e0 espresso vertes Amazonia Green<\/strong> proviennent de la marque portugaise <a href=\"https:\/\/www.terrafinastore.com\/en\/collections\/coffee\">Terrafina<\/a> et ont une belle couleur verte. Ces 6 coquetiers et tasses \u00e0 espresso sans oreille en c\u00e9ramique, fabriqu\u00e9s \u00e0 la main, sont un r\u00e9gal pour les yeux et sont \u00e9galement faciles \u00e0 utiliser. Savourez votre espresso \u00e0 tout moment de la journ\u00e9e, \u00e0 l'heure du caf\u00e9, du caf\u00e9 et du g\u00e2teau ou du th\u00e9 avec les tasses \u00e0 espresso Amazonia Green. En outre, les tasses \u00e0 espresso sont \u00e9galement tr\u00e8s pratiques comme coquetiers et sont du plus bel effet sur votre table de petit-d\u00e9jeuner et dans votre bar \u00e0 espresso. Les tasses \u00e0 espresso sont \u00e9galement d'excellents cadeaux pour les anniversaires, la f\u00eate des p\u00e8res, les d\u00e9m\u00e9nagements, les pendaisons de cr\u00e9maill\u00e8re ou les remises de dipl\u00f4mes.<\/p>\n<p>Vous pr\u00e9f\u00e9rez une tasse (\u00e0 expresso) avec une oreille ? Dans ce cas, jetez un coup d'\u0153il \u00e0 notre <a href=\"https:\/\/unrostore.com\/fr-fr\/boutique\/terrafina\/vert-damazonie\/amazonia-green-espresso-kopjes-2-delig\/\">Amazonia Green Espresso Kopjes \u2013 2-delig<\/a> ou le <a href=\"https:\/\/unrostore.com\/fr-fr\/boutique\/terrafina\/vert-damazonie\/amazonia-green-cappuccino-mokken-2-delig\/\">Tasses \u00e0 cappuccino Amazonia Green<\/a>. Nous avons la bonne tasse pour chaque moment de caf\u00e9 et de th\u00e9.<\/p>\n<h3>C'est le nombre de coquetiers\/tasses \u00e0 expresso que vous recevrez.<\/h3>\n<ul>\n<li>6x tasses \u00e0 espresso Amazonia Green (50 ml)<\/li>\n<li>1x Bo\u00eete cadeau Terrafina<\/li>\n<\/ul>\n<p>\u00a0<\/p>\n<p><em><strong>Duurzaam voor mens & milieu:<\/strong><br \/>\nChaque produit est unique car il est fabriqu\u00e9 \u00e0 la main.<br \/>\nL'impression et la texture peuvent donc diff\u00e9rer l\u00e9g\u00e8rement de la photo du produit.<\/em><\/p>","protected":false},"excerpt":{"rendered":"<div class=\"usps\"><i class=\"far fa-check-circle\"><\/i> R\u00e9sistant aux micro-ondes<br \/>\n<i class=\"far fa-check-circle\"><\/i> R\u00e9siste au four (jusqu'\u00e0 200 degr\u00e9s)<br \/>\n<i class=\"far fa-check-circle\"><\/i> Lavable au lave-vaisselle<br \/>\n<i class=\"far fa-thumbs-up\"><\/i> Fait \u00e0 la main<\/div>","protected":false},"featured_media":6739,"template":"","meta":[],"product_brand":[],"product_cat":[869,307,630,170,132,119],"product_tag":[173,619,717,301,371,193,716,171,665,689,372,690,718],"class_list":{"0":"post-4177","1":"product","2":"type-product","3":"status-publish","4":"has-post-thumbnail","6":"product_cat-unro-cadeautips","7":"product_cat-espresso-kopjes","8":"product_cat-espresso-kopjes-zonder-oor","9":"product_cat-amazonia-green","10":"product_cat-kopjes-en-mokken","11":"product_cat-terrafina","12":"product_tag-amazonia-green","13":"product_tag-eierdopjes","14":"product_tag-eierdopjes-groen","15":"product_tag-espresso","16":"product_tag-espresso-kopje","17":"product_tag-espresso-kopjes","18":"product_tag-espressokopjes-groen","19":"product_tag-groen","20":"product_tag-groene-espresso-kopjes","21":"product_tag-high-tea","22":"product_tag-kleine-kopjes","23":"product_tag-koffietijd","24":"product_tag-ontbijttafel","25":"product_shipping_class-pakket","27":"first","28":"instock","29":"sale","30":"taxable","31":"shipping-taxable","32":"purchasable","33":"product-type-simple"},"yoast_head":"<!-- This site is optimized with the Yoast SEO plugin v27.5 - https:\/\/yoast.com\/product\/yoast-seo-wordpress\/ -->\n<title>Eierdopjes Groen Espressobekers 50 ml Amazonia Green - 6-delig &#8226; UNRO<\/title>\n<meta name=\"description\" content=\"Geniet van jouw espresso op elk moment van de dag met deze handgemaakte Portugese Eierdopjes Groen Espressobekers Amazonia Green set van 6 van keramiek.\" \/>\n<meta name=\"robots\" content=\"index, follow, max-snippet:-1, max-image-preview:large, max-video-preview:-1\" \/>\n<link rel=\"canonical\" href=\"https:\/\/unrostore.com\/fr-fr\/boutique\/terrafina\/vert-damazonie\/coquetiers-verts-tasses-a-espresso-vertes-amazonia-6-pieces\/\" \/>\n<meta property=\"og:locale\" content=\"fr_FR\" \/>\n<meta property=\"og:type\" content=\"article\" \/>\n<meta property=\"og:title\" content=\"Eierdopjes Groen Espressobekers 50 ml Amazonia Green - 6-delig &#8226; UNRO\" \/>\n<meta property=\"og:description\" content=\"Geniet van jouw espresso op elk moment van de dag met deze handgemaakte Portugese Eierdopjes Groen Espressobekers Amazonia Green set van 6 van keramiek.\" \/>\n<meta property=\"og:url\" content=\"https:\/\/unrostore.com\/fr-fr\/boutique\/terrafina\/vert-damazonie\/coquetiers-verts-tasses-a-espresso-vertes-amazonia-6-pieces\/\" \/>\n<meta property=\"og:site_name\" content=\"UNRO\" \/>\n<meta property=\"article:modified_time\" content=\"2026-02-26T12:04:38+00:00\" \/>\n<meta property=\"og:image\" content=\"https:\/\/unrostore.com\/wp-content\/uploads\/2023\/05\/unro-groene-espresso-kopjes-set-van-6.webp\" \/>\n\t<meta property=\"og:image:width\" content=\"1000\" \/>\n\t<meta property=\"og:image:height\" content=\"1000\" \/>\n\t<meta property=\"og:image:type\" content=\"image\/webp\" \/>\n<meta name=\"twitter:card\" content=\"summary_large_image\" \/>\n<script type=\"application\/ld+json\" class=\"yoast-schema-graph\">{\"@context\":\"https:\\\/\\\/schema.org\",\"@graph\":[{\"@type\":\"WebPage\",\"@id\":\"https:\\\/\\\/unrostore.com\\\/shop\\\/terrafina\\\/amazonia-green\\\/eierdopjes-groen-espressobekers-amazonia-green-6-delig\\\/\",\"url\":\"https:\\\/\\\/unrostore.com\\\/shop\\\/terrafina\\\/amazonia-green\\\/eierdopjes-groen-espressobekers-amazonia-green-6-delig\\\/\",\"name\":\"Eierdopjes Groen Espressobekers 50 ml Amazonia Green - 6-delig &#8226; UNRO\",\"isPartOf\":{\"@id\":\"https:\\\/\\\/unrostore.com\\\/#website\"},\"primaryImageOfPage\":{\"@id\":\"https:\\\/\\\/unrostore.com\\\/shop\\\/terrafina\\\/amazonia-green\\\/eierdopjes-groen-espressobekers-amazonia-green-6-delig\\\/#primaryimage\"},\"image\":{\"@id\":\"https:\\\/\\\/unrostore.com\\\/shop\\\/terrafina\\\/amazonia-green\\\/eierdopjes-groen-espressobekers-amazonia-green-6-delig\\\/#primaryimage\"},\"thumbnailUrl\":\"https:\\\/\\\/unrostore.com\\\/wp-content\\\/uploads\\\/2023\\\/05\\\/unro-groene-espresso-kopjes-set-van-6.webp\",\"datePublished\":\"2023-05-17T19:55:27+00:00\",\"dateModified\":\"2026-02-26T12:04:38+00:00\",\"description\":\"Geniet van jouw espresso op elk moment van de dag met deze handgemaakte Portugese Eierdopjes Groen Espressobekers Amazonia Green set van 6 van keramiek.\",\"breadcrumb\":{\"@id\":\"https:\\\/\\\/unrostore.com\\\/shop\\\/terrafina\\\/amazonia-green\\\/eierdopjes-groen-espressobekers-amazonia-green-6-delig\\\/#breadcrumb\"},\"inLanguage\":\"fr-FR\",\"potentialAction\":[{\"@type\":\"ReadAction\",\"target\":[\"https:\\\/\\\/unrostore.com\\\/shop\\\/terrafina\\\/amazonia-green\\\/eierdopjes-groen-espressobekers-amazonia-green-6-delig\\\/\"]}]},{\"@type\":\"ImageObject\",\"inLanguage\":\"fr-FR\",\"@id\":\"https:\\\/\\\/unrostore.com\\\/shop\\\/terrafina\\\/amazonia-green\\\/eierdopjes-groen-espressobekers-amazonia-green-6-delig\\\/#primaryimage\",\"url\":\"https:\\\/\\\/unrostore.com\\\/wp-content\\\/uploads\\\/2023\\\/05\\\/unro-groene-espresso-kopjes-set-van-6.webp\",\"contentUrl\":\"https:\\\/\\\/unrostore.com\\\/wp-content\\\/uploads\\\/2023\\\/05\\\/unro-groene-espresso-kopjes-set-van-6.webp\",\"width\":1000,\"height\":1000,\"caption\":\"eierdopjes groen espressokopjes\"},{\"@type\":\"BreadcrumbList\",\"@id\":\"https:\\\/\\\/unrostore.com\\\/shop\\\/terrafina\\\/amazonia-green\\\/eierdopjes-groen-espressobekers-amazonia-green-6-delig\\\/#breadcrumb\",\"itemListElement\":[{\"@type\":\"ListItem\",\"position\":1,\"name\":\"Home\",\"item\":\"https:\\\/\\\/unrostore.com\\\/\"},{\"@type\":\"ListItem\",\"position\":2,\"name\":\"Shop\",\"item\":\"https:\\\/\\\/unrostore.com\\\/shop\\\/\"},{\"@type\":\"ListItem\",\"position\":3,\"name\":\"Eierdopjes Groen Espressobekers 50 ml Amazonia Green &#8211; 6-delig\"}]},{\"@type\":\"WebSite\",\"@id\":\"https:\\\/\\\/unrostore.com\\\/#website\",\"url\":\"https:\\\/\\\/unrostore.com\\\/\",\"name\":\"UNRO\",\"description\":\"Portugees servies waar je blij van wordt!\",\"publisher\":{\"@id\":\"https:\\\/\\\/unrostore.com\\\/#organization\"},\"potentialAction\":[{\"@type\":\"SearchAction\",\"target\":{\"@type\":\"EntryPoint\",\"urlTemplate\":\"https:\\\/\\\/unrostore.com\\\/?s={search_term_string}\"},\"query-input\":{\"@type\":\"PropertyValueSpecification\",\"valueRequired\":true,\"valueName\":\"search_term_string\"}}],\"inLanguage\":\"fr-FR\"},{\"@type\":\"Organization\",\"@id\":\"https:\\\/\\\/unrostore.com\\\/#organization\",\"name\":\"UNRO\",\"url\":\"https:\\\/\\\/unrostore.com\\\/\",\"logo\":{\"@type\":\"ImageObject\",\"inLanguage\":\"fr-FR\",\"@id\":\"https:\\\/\\\/unrostore.com\\\/#\\\/schema\\\/logo\\\/image\\\/\",\"url\":\"https:\\\/\\\/unrostore.com\\\/wp-content\\\/uploads\\\/2022\\\/05\\\/Logo-UNRO.png\",\"contentUrl\":\"https:\\\/\\\/unrostore.com\\\/wp-content\\\/uploads\\\/2022\\\/05\\\/Logo-UNRO.png\",\"width\":605,\"height\":179,\"caption\":\"UNRO\"},\"image\":{\"@id\":\"https:\\\/\\\/unrostore.com\\\/#\\\/schema\\\/logo\\\/image\\\/\"}}]}<\/script>\n<!-- \/ Yoast SEO plugin. -->","yoast_head_json":{"title":"Tasses \u00e0 \u0153ufs Vertes Tasses \u00e0 espresso Vertes Amazonia - 6 pi\u00e8ces - UNRO","description":"Savourez votre espresso \u00e0 tout moment de la journ\u00e9e gr\u00e2ce \u00e0 ces tasses \u00e0 \u0153uf portugaises faites \u00e0 la main Tasses \u00e0 espresso vertes Amazonia Green set de 6 en c\u00e9ramique.","robots":{"index":"index","follow":"follow","max-snippet":"max-snippet:-1","max-image-preview":"max-image-preview:large","max-video-preview":"max-video-preview:-1"},"canonical":"https:\/\/unrostore.com\/fr-fr\/boutique\/terrafina\/vert-damazonie\/coquetiers-verts-tasses-a-espresso-vertes-amazonia-6-pieces\/","og_locale":"fr_FR","og_type":"article","og_title":"Eierdopjes Groen Espressobekers 50 ml Amazonia Green - 6-delig &#8226; UNRO","og_description":"Geniet van jouw espresso op elk moment van de dag met deze handgemaakte Portugese Eierdopjes Groen Espressobekers Amazonia Green set van 6 van keramiek.","og_url":"https:\/\/unrostore.com\/fr-fr\/boutique\/terrafina\/vert-damazonie\/coquetiers-verts-tasses-a-espresso-vertes-amazonia-6-pieces\/","og_site_name":"UNRO","article_modified_time":"2026-02-26T12:04:38+00:00","og_image":[{"width":1000,"height":1000,"url":"https:\/\/unrostore.com\/wp-content\/uploads\/2023\/05\/unro-groene-espresso-kopjes-set-van-6.webp","type":"image\/webp"}],"twitter_card":"summary_large_image","schema":{"@context":"https:\/\/schema.org","@graph":[{"@type":"WebPage","@id":"https:\/\/unrostore.com\/shop\/terrafina\/amazonia-green\/eierdopjes-groen-espressobekers-amazonia-green-6-delig\/","url":"https:\/\/unrostore.com\/shop\/terrafina\/amazonia-green\/eierdopjes-groen-espressobekers-amazonia-green-6-delig\/","name":"Tasses \u00e0 \u0153ufs Vertes Tasses \u00e0 espresso Vertes Amazonia - 6 pi\u00e8ces - UNRO","isPartOf":{"@id":"https:\/\/unrostore.com\/#website"},"primaryImageOfPage":{"@id":"https:\/\/unrostore.com\/shop\/terrafina\/amazonia-green\/eierdopjes-groen-espressobekers-amazonia-green-6-delig\/#primaryimage"},"image":{"@id":"https:\/\/unrostore.com\/shop\/terrafina\/amazonia-green\/eierdopjes-groen-espressobekers-amazonia-green-6-delig\/#primaryimage"},"thumbnailUrl":"https:\/\/unrostore.com\/wp-content\/uploads\/2023\/05\/unro-groene-espresso-kopjes-set-van-6.webp","datePublished":"2023-05-17T19:55:27+00:00","dateModified":"2026-02-26T12:04:38+00:00","description":"Savourez votre espresso \u00e0 tout moment de la journ\u00e9e gr\u00e2ce \u00e0 ces tasses \u00e0 \u0153uf portugaises faites \u00e0 la main Tasses \u00e0 espresso vertes Amazonia Green set de 6 en c\u00e9ramique.","breadcrumb":{"@id":"https:\/\/unrostore.com\/shop\/terrafina\/amazonia-green\/eierdopjes-groen-espressobekers-amazonia-green-6-delig\/#breadcrumb"},"inLanguage":"fr-FR","potentialAction":[{"@type":"ReadAction","target":["https:\/\/unrostore.com\/shop\/terrafina\/amazonia-green\/eierdopjes-groen-espressobekers-amazonia-green-6-delig\/"]}]},{"@type":"ImageObject","inLanguage":"fr-FR","@id":"https:\/\/unrostore.com\/shop\/terrafina\/amazonia-green\/eierdopjes-groen-espressobekers-amazonia-green-6-delig\/#primaryimage","url":"https:\/\/unrostore.com\/wp-content\/uploads\/2023\/05\/unro-groene-espresso-kopjes-set-van-6.webp","contentUrl":"https:\/\/unrostore.com\/wp-content\/uploads\/2023\/05\/unro-groene-espresso-kopjes-set-van-6.webp","width":1000,"height":1000,"caption":"eierdopjes groen espressokopjes"},{"@type":"BreadcrumbList","@id":"https:\/\/unrostore.com\/shop\/terrafina\/amazonia-green\/eierdopjes-groen-espressobekers-amazonia-green-6-delig\/#breadcrumb","itemListElement":[{"@type":"ListItem","position":1,"name":"Home","item":"https:\/\/unrostore.com\/"},{"@type":"ListItem","position":2,"name":"Shop","item":"https:\/\/unrostore.com\/shop\/"},{"@type":"ListItem","position":3,"name":"Eierdopjes Groen Espressobekers 50 ml Amazonia Green &#8211; 6-delig"}]},{"@type":"WebSite","@id":"https:\/\/unrostore.com\/#website","url":"https:\/\/unrostore.com\/","name":"UNRO","description":"De la vaisselle portugaise qui vous rendra heureux !","publisher":{"@id":"https:\/\/unrostore.com\/#organization"},"potentialAction":[{"@type":"SearchAction","target":{"@type":"EntryPoint","urlTemplate":"https:\/\/unrostore.com\/?s={search_term_string}"},"query-input":{"@type":"PropertyValueSpecification","valueRequired":true,"valueName":"search_term_string"}}],"inLanguage":"fr-FR"},{"@type":"Organization","@id":"https:\/\/unrostore.com\/#organization","name":"UNRO","url":"https:\/\/unrostore.com\/","logo":{"@type":"ImageObject","inLanguage":"fr-FR","@id":"https:\/\/unrostore.com\/#\/schema\/logo\/image\/","url":"https:\/\/unrostore.com\/wp-content\/uploads\/2022\/05\/Logo-UNRO.png","contentUrl":"https:\/\/unrostore.com\/wp-content\/uploads\/2022\/05\/Logo-UNRO.png","width":605,"height":179,"caption":"UNRO"},"image":{"@id":"https:\/\/unrostore.com\/#\/schema\/logo\/image\/"}}]}},"_links":{"self":[{"href":"https:\/\/unrostore.com\/fr-fr\/wp-json\/wp\/v2\/product\/4177","targetHints":{"allow":["GET"]}}],"collection":[{"href":"https:\/\/unrostore.com\/fr-fr\/wp-json\/wp\/v2\/product"}],"about":[{"href":"https:\/\/unrostore.com\/fr-fr\/wp-json\/wp\/v2\/types\/product"}],"wp:featuredmedia":[{"embeddable":true,"href":"https:\/\/unrostore.com\/fr-fr\/wp-json\/wp\/v2\/media\/6739"}],"wp:attachment":[{"href":"https:\/\/unrostore.com\/fr-fr\/wp-json\/wp\/v2\/media?parent=4177"}],"wp:term":[{"taxonomy":"product_brand","embeddable":true,"href":"https:\/\/unrostore.com\/fr-fr\/wp-json\/wp\/v2\/product_brand?post=4177"},{"taxonomy":"product_cat","embeddable":true,"href":"https:\/\/unrostore.com\/fr-fr\/wp-json\/wp\/v2\/product_cat?post=4177"},{"taxonomy":"product_tag","embeddable":true,"href":"https:\/\/unrostore.com\/fr-fr\/wp-json\/wp\/v2\/product_tag?post=4177"}],"curies":[{"name":"wp","href":"https:\/\/api.w.org\/{rel}","templated":true}]}}