{"id":3841,"date":"2023-03-31T20:34:21","date_gmt":"2023-03-31T20:34:21","guid":{"rendered":"https:\/\/unrostore.com\/?post_type=product&#038;p=3841"},"modified":"2026-01-19T20:37:50","modified_gmt":"2026-01-19T20:37:50","slug":"set-de-vaisselle-breezy-latte-2-personnes","status":"publish","type":"product","link":"https:\/\/unrostore.com\/fr-fr\/boutique\/ca-atlantica\/cafe-au-lait\/set-de-vaisselle-breezy-latte-2-personnes\/","title":{"rendered":"Service de vaisselle Breezy Latte - 2 personnes"},"content":{"rendered":"<h3>Rust en harmonie met de Serviesset Breezy Latte \u2013 2-personen van C\u00aa Atlantica<\/h3>\n<p><span style=\"font-weight: 400;\">Le<strong>\u00a0Service de table Breezy Latte<\/strong> pour 2 personnes de marque portugaise <a href=\"https:\/\/www.companhiaatlantica.pt\/en\/about-us\">C\u00aa Atlantica<\/a> s'int\u00e8gre parfaitement \u00e0 votre int\u00e9rieur de boutique luxueuse. Id\u00e9al pour un d\u00eener confortable ou un d\u00eener romantique \u00e0 la maison ! La couleur beige sable et les formes organiques de ce service de table donnent du caract\u00e8re \u00e0 votre int\u00e9rieur et \u00e0 votre table \u00e0 manger. Le service de table offre une vari\u00e9t\u00e9 parfaite d'options pour chaque plat. Vous pouvez compl\u00e9ter l'ensemble avec le <a href=\"https:\/\/unrostore.com\/fr-fr\/boutique\/ca-atlantica\/cafe-au-lait\/breezy-latte-plat-de-service-grand\/\">Bol de service Breezy Latte Large<\/a>, <a href=\"https:\/\/unrostore.com\/fr-fr\/boutique\/decoration\/bougeoirs-et-chandeliers-2\/chandelier-primo-h10-latte\/\">Chandeliers Primo<\/a> ou <a href=\"https:\/\/unrostore.com\/fr-fr\/boutique\/ca-atlantica\/cafe-au-lait\/bol-a-salade-breezy-latte\/\">Bol de service Breezy Latte<\/a> ou bien s\u00fbr pour plusieurs personnes \ud83d\ude09<\/span><span style=\"font-weight: 400;\">.<\/span><\/p>\n<h3>C'est le num\u00e9ro que vous recevez<\/h3>\n<ul>\n<li><strong>2x<\/strong> Breezy Latte Assiette plate \u00f8 29 cm<\/li>\n<li><strong>2x<\/strong> Breezy Latte Assiette \u00e0 d\u00e9jeuner \u00f8 21 cm<\/li>\n<li><strong>2x<\/strong> Breezy Latte Bowl \u00f8 16 cm<\/li>\n<\/ul>\n<p>\u00a0<\/p>\n<p><em><strong>Duurzaam voor mens & milieu:<\/strong><br \/>\nChaque produit est unique car il est fabriqu\u00e9 \u00e0 la main.<br \/>\nL'impression et la texture peuvent donc diff\u00e9rer l\u00e9g\u00e8rement de la photo du produit.<\/em><\/p>","protected":false},"excerpt":{"rendered":"<div style=\"font-family: nunito sans; font-size: 14px; border: 1px solid #dedede; border-radius: 4px; padding: 15px 0 0 14px; margin-top: 20px; margin-bottom: 20px; width: 160px; box-shadow: 1px 1px 7px 0px rgb(0 0 0 \/ 15%), 0px 0px 2px 0px rgb(0 0 0 \/ 5%); color: #00b900;\">\n<p>Avec le prix fixe, vous \u00e9conomisez jusqu'\u00e0 <strong>\u20ac13,-<\/strong><\/p>\n<\/div>\n<div class=\"usps\"><i class=\"far fa-check-circle\"><\/i> R\u00e9sistant aux micro-ondes<br \/>\n<i class=\"far fa-check-circle\"><\/i> R\u00e9siste au four (jusqu'\u00e0 200 degr\u00e9s)<br \/>\n<i class=\"far fa-check-circle\"><\/i> Lavable au lave-vaisselle<br \/>\n<i class=\"far fa-thumbs-up\"><\/i> Fait \u00e0 la main<\/div>","protected":false},"featured_media":3842,"template":"","meta":[],"product_brand":[],"product_cat":[197,120,122],"product_tag":[344,346,343,234,129,216,284,131,289,126,125,345,299],"class_list":{"0":"post-3841","1":"product","2":"type-product","3":"status-publish","4":"has-post-thumbnail","6":"product_cat-breezy-latte","7":"product_cat-ca-atlantica","8":"product_cat-serviesset","9":"product_tag-2-personen","10":"product_tag-6-delig","11":"product_tag-atlantica","12":"product_tag-beige","13":"product_tag-borden","14":"product_tag-ca-atlantica","15":"product_tag-dinerborden","16":"product_tag-kommen","17":"product_tag-ontbijtborden","18":"product_tag-servies","19":"product_tag-serviesset","20":"product_tag-tweepersoons","21":"product_tag-zand","22":"product_shipping_class-pakket","24":"first","25":"outofstock","26":"sale","27":"taxable","28":"shipping-taxable","29":"purchasable","30":"product-type-simple"},"yoast_head":"<!-- This site is optimized with the Yoast SEO plugin v27.6 - https:\/\/yoast.com\/product\/yoast-seo-wordpress\/ -->\n<title>Serviesset Breezy Latte - 2-personen &#8226; UNRO<\/title>\n<meta name=\"description\" content=\"De Serviesset Breezy Latte voor 2-personen is tijdloos, modern en klassiek tegelijkertijd. Ideaal voor een gezellige etentje of chique diner thuis!\" \/>\n<meta name=\"robots\" content=\"index, follow, max-snippet:-1, max-image-preview:large, max-video-preview:-1\" \/>\n<link rel=\"canonical\" href=\"https:\/\/unrostore.com\/fr-fr\/boutique\/ca-atlantica\/cafe-au-lait\/set-de-vaisselle-breezy-latte-2-personnes\/\" \/>\n<meta property=\"og:locale\" content=\"fr_FR\" \/>\n<meta property=\"og:type\" content=\"article\" \/>\n<meta property=\"og:title\" content=\"Serviesset Breezy Latte - 2-personen &#8226; UNRO\" \/>\n<meta property=\"og:description\" content=\"De Serviesset Breezy Latte voor 2-personen is tijdloos, modern en klassiek tegelijkertijd. Ideaal voor een gezellige etentje of chique diner thuis!\" \/>\n<meta property=\"og:url\" content=\"https:\/\/unrostore.com\/fr-fr\/boutique\/ca-atlantica\/cafe-au-lait\/set-de-vaisselle-breezy-latte-2-personnes\/\" \/>\n<meta property=\"og:site_name\" content=\"UNRO\" \/>\n<meta property=\"article:modified_time\" content=\"2026-01-19T20:37:50+00:00\" \/>\n<meta property=\"og:image\" content=\"https:\/\/unrostore.com\/wp-content\/uploads\/2023\/03\/unro-portugees-servies-breezy-latte-2-personen.jpg\" \/>\n\t<meta property=\"og:image:width\" content=\"1440\" \/>\n\t<meta property=\"og:image:height\" content=\"1440\" \/>\n\t<meta property=\"og:image:type\" content=\"image\/jpeg\" \/>\n<meta name=\"twitter:card\" content=\"summary_large_image\" \/>\n<script type=\"application\/ld+json\" class=\"yoast-schema-graph\">{\"@context\":\"https:\\\/\\\/schema.org\",\"@graph\":[{\"@type\":\"WebPage\",\"@id\":\"https:\\\/\\\/unrostore.com\\\/shop\\\/ca-atlantica\\\/breezy-latte\\\/serviesset-breezy-latte-2-personen\\\/\",\"url\":\"https:\\\/\\\/unrostore.com\\\/shop\\\/ca-atlantica\\\/breezy-latte\\\/serviesset-breezy-latte-2-personen\\\/\",\"name\":\"Serviesset Breezy Latte - 2-personen &#8226; UNRO\",\"isPartOf\":{\"@id\":\"https:\\\/\\\/unrostore.com\\\/#website\"},\"primaryImageOfPage\":{\"@id\":\"https:\\\/\\\/unrostore.com\\\/shop\\\/ca-atlantica\\\/breezy-latte\\\/serviesset-breezy-latte-2-personen\\\/#primaryimage\"},\"image\":{\"@id\":\"https:\\\/\\\/unrostore.com\\\/shop\\\/ca-atlantica\\\/breezy-latte\\\/serviesset-breezy-latte-2-personen\\\/#primaryimage\"},\"thumbnailUrl\":\"https:\\\/\\\/unrostore.com\\\/wp-content\\\/uploads\\\/2023\\\/03\\\/unro-portugees-servies-breezy-latte-2-personen.jpg\",\"datePublished\":\"2023-03-31T20:34:21+00:00\",\"dateModified\":\"2026-01-19T20:37:50+00:00\",\"description\":\"De Serviesset Breezy Latte voor 2-personen is tijdloos, modern en klassiek tegelijkertijd. Ideaal voor een gezellige etentje of chique diner thuis!\",\"breadcrumb\":{\"@id\":\"https:\\\/\\\/unrostore.com\\\/shop\\\/ca-atlantica\\\/breezy-latte\\\/serviesset-breezy-latte-2-personen\\\/#breadcrumb\"},\"inLanguage\":\"fr-FR\",\"potentialAction\":[{\"@type\":\"ReadAction\",\"target\":[\"https:\\\/\\\/unrostore.com\\\/shop\\\/ca-atlantica\\\/breezy-latte\\\/serviesset-breezy-latte-2-personen\\\/\"]}]},{\"@type\":\"ImageObject\",\"inLanguage\":\"fr-FR\",\"@id\":\"https:\\\/\\\/unrostore.com\\\/shop\\\/ca-atlantica\\\/breezy-latte\\\/serviesset-breezy-latte-2-personen\\\/#primaryimage\",\"url\":\"https:\\\/\\\/unrostore.com\\\/wp-content\\\/uploads\\\/2023\\\/03\\\/unro-portugees-servies-breezy-latte-2-personen.jpg\",\"contentUrl\":\"https:\\\/\\\/unrostore.com\\\/wp-content\\\/uploads\\\/2023\\\/03\\\/unro-portugees-servies-breezy-latte-2-personen.jpg\",\"width\":1440,\"height\":1440,\"caption\":\"Breezy Latte Serviesset - 2-personen van C\u00aa Atlantica Portugees Keramiek Servies bij UNRO exclusief verkrijgbaar\"},{\"@type\":\"BreadcrumbList\",\"@id\":\"https:\\\/\\\/unrostore.com\\\/shop\\\/ca-atlantica\\\/breezy-latte\\\/serviesset-breezy-latte-2-personen\\\/#breadcrumb\",\"itemListElement\":[{\"@type\":\"ListItem\",\"position\":1,\"name\":\"Home\",\"item\":\"https:\\\/\\\/unrostore.com\\\/\"},{\"@type\":\"ListItem\",\"position\":2,\"name\":\"Shop\",\"item\":\"https:\\\/\\\/unrostore.com\\\/shop\\\/\"},{\"@type\":\"ListItem\",\"position\":3,\"name\":\"Serviesset Breezy Latte &#8211; 2-personen\"}]},{\"@type\":\"WebSite\",\"@id\":\"https:\\\/\\\/unrostore.com\\\/#website\",\"url\":\"https:\\\/\\\/unrostore.com\\\/\",\"name\":\"UNRO\",\"description\":\"Portugees servies waar je blij van wordt!\",\"publisher\":{\"@id\":\"https:\\\/\\\/unrostore.com\\\/#organization\"},\"potentialAction\":[{\"@type\":\"SearchAction\",\"target\":{\"@type\":\"EntryPoint\",\"urlTemplate\":\"https:\\\/\\\/unrostore.com\\\/?s={search_term_string}\"},\"query-input\":{\"@type\":\"PropertyValueSpecification\",\"valueRequired\":true,\"valueName\":\"search_term_string\"}}],\"inLanguage\":\"fr-FR\"},{\"@type\":\"Organization\",\"@id\":\"https:\\\/\\\/unrostore.com\\\/#organization\",\"name\":\"UNRO\",\"url\":\"https:\\\/\\\/unrostore.com\\\/\",\"logo\":{\"@type\":\"ImageObject\",\"inLanguage\":\"fr-FR\",\"@id\":\"https:\\\/\\\/unrostore.com\\\/#\\\/schema\\\/logo\\\/image\\\/\",\"url\":\"https:\\\/\\\/unrostore.com\\\/wp-content\\\/uploads\\\/2022\\\/05\\\/Logo-UNRO.png\",\"contentUrl\":\"https:\\\/\\\/unrostore.com\\\/wp-content\\\/uploads\\\/2022\\\/05\\\/Logo-UNRO.png\",\"width\":605,\"height\":179,\"caption\":\"UNRO\"},\"image\":{\"@id\":\"https:\\\/\\\/unrostore.com\\\/#\\\/schema\\\/logo\\\/image\\\/\"}}]}<\/script>\n<!-- \/ Yoast SEO plugin. -->","yoast_head_json":{"title":"Service de vaisselle Breezy Latte - 2 personnes - UNRO","description":"Le service de table Breezy Latte pour 2 personnes est \u00e0 la fois intemporel, moderne et classique. Id\u00e9al pour un d\u00eener cosy ou un d\u00eener chic \u00e0 la maison !","robots":{"index":"index","follow":"follow","max-snippet":"max-snippet:-1","max-image-preview":"max-image-preview:large","max-video-preview":"max-video-preview:-1"},"canonical":"https:\/\/unrostore.com\/fr-fr\/boutique\/ca-atlantica\/cafe-au-lait\/set-de-vaisselle-breezy-latte-2-personnes\/","og_locale":"fr_FR","og_type":"article","og_title":"Serviesset Breezy Latte - 2-personen &#8226; UNRO","og_description":"De Serviesset Breezy Latte voor 2-personen is tijdloos, modern en klassiek tegelijkertijd. Ideaal voor een gezellige etentje of chique diner thuis!","og_url":"https:\/\/unrostore.com\/fr-fr\/boutique\/ca-atlantica\/cafe-au-lait\/set-de-vaisselle-breezy-latte-2-personnes\/","og_site_name":"UNRO","article_modified_time":"2026-01-19T20:37:50+00:00","og_image":[{"width":1440,"height":1440,"url":"https:\/\/unrostore.com\/wp-content\/uploads\/2023\/03\/unro-portugees-servies-breezy-latte-2-personen.jpg","type":"image\/jpeg"}],"twitter_card":"summary_large_image","schema":{"@context":"https:\/\/schema.org","@graph":[{"@type":"WebPage","@id":"https:\/\/unrostore.com\/shop\/ca-atlantica\/breezy-latte\/serviesset-breezy-latte-2-personen\/","url":"https:\/\/unrostore.com\/shop\/ca-atlantica\/breezy-latte\/serviesset-breezy-latte-2-personen\/","name":"Service de vaisselle Breezy Latte - 2 personnes - UNRO","isPartOf":{"@id":"https:\/\/unrostore.com\/#website"},"primaryImageOfPage":{"@id":"https:\/\/unrostore.com\/shop\/ca-atlantica\/breezy-latte\/serviesset-breezy-latte-2-personen\/#primaryimage"},"image":{"@id":"https:\/\/unrostore.com\/shop\/ca-atlantica\/breezy-latte\/serviesset-breezy-latte-2-personen\/#primaryimage"},"thumbnailUrl":"https:\/\/unrostore.com\/wp-content\/uploads\/2023\/03\/unro-portugees-servies-breezy-latte-2-personen.jpg","datePublished":"2023-03-31T20:34:21+00:00","dateModified":"2026-01-19T20:37:50+00:00","description":"Le service de table Breezy Latte pour 2 personnes est \u00e0 la fois intemporel, moderne et classique. Id\u00e9al pour un d\u00eener cosy ou un d\u00eener chic \u00e0 la maison !","breadcrumb":{"@id":"https:\/\/unrostore.com\/shop\/ca-atlantica\/breezy-latte\/serviesset-breezy-latte-2-personen\/#breadcrumb"},"inLanguage":"fr-FR","potentialAction":[{"@type":"ReadAction","target":["https:\/\/unrostore.com\/shop\/ca-atlantica\/breezy-latte\/serviesset-breezy-latte-2-personen\/"]}]},{"@type":"ImageObject","inLanguage":"fr-FR","@id":"https:\/\/unrostore.com\/shop\/ca-atlantica\/breezy-latte\/serviesset-breezy-latte-2-personen\/#primaryimage","url":"https:\/\/unrostore.com\/wp-content\/uploads\/2023\/03\/unro-portugees-servies-breezy-latte-2-personen.jpg","contentUrl":"https:\/\/unrostore.com\/wp-content\/uploads\/2023\/03\/unro-portugees-servies-breezy-latte-2-personen.jpg","width":1440,"height":1440,"caption":"Breezy Latte Serviesset - 2-personen van C\u00aa Atlantica Portugees Keramiek Servies bij UNRO exclusief verkrijgbaar"},{"@type":"BreadcrumbList","@id":"https:\/\/unrostore.com\/shop\/ca-atlantica\/breezy-latte\/serviesset-breezy-latte-2-personen\/#breadcrumb","itemListElement":[{"@type":"ListItem","position":1,"name":"Home","item":"https:\/\/unrostore.com\/"},{"@type":"ListItem","position":2,"name":"Shop","item":"https:\/\/unrostore.com\/shop\/"},{"@type":"ListItem","position":3,"name":"Serviesset Breezy Latte &#8211; 2-personen"}]},{"@type":"WebSite","@id":"https:\/\/unrostore.com\/#website","url":"https:\/\/unrostore.com\/","name":"UNRO","description":"De la vaisselle portugaise qui vous rendra heureux !","publisher":{"@id":"https:\/\/unrostore.com\/#organization"},"potentialAction":[{"@type":"SearchAction","target":{"@type":"EntryPoint","urlTemplate":"https:\/\/unrostore.com\/?s={search_term_string}"},"query-input":{"@type":"PropertyValueSpecification","valueRequired":true,"valueName":"search_term_string"}}],"inLanguage":"fr-FR"},{"@type":"Organization","@id":"https:\/\/unrostore.com\/#organization","name":"UNRO","url":"https:\/\/unrostore.com\/","logo":{"@type":"ImageObject","inLanguage":"fr-FR","@id":"https:\/\/unrostore.com\/#\/schema\/logo\/image\/","url":"https:\/\/unrostore.com\/wp-content\/uploads\/2022\/05\/Logo-UNRO.png","contentUrl":"https:\/\/unrostore.com\/wp-content\/uploads\/2022\/05\/Logo-UNRO.png","width":605,"height":179,"caption":"UNRO"},"image":{"@id":"https:\/\/unrostore.com\/#\/schema\/logo\/image\/"}}]}},"_links":{"self":[{"href":"https:\/\/unrostore.com\/fr-fr\/wp-json\/wp\/v2\/product\/3841","targetHints":{"allow":["GET"]}}],"collection":[{"href":"https:\/\/unrostore.com\/fr-fr\/wp-json\/wp\/v2\/product"}],"about":[{"href":"https:\/\/unrostore.com\/fr-fr\/wp-json\/wp\/v2\/types\/product"}],"wp:featuredmedia":[{"embeddable":true,"href":"https:\/\/unrostore.com\/fr-fr\/wp-json\/wp\/v2\/media\/3842"}],"wp:attachment":[{"href":"https:\/\/unrostore.com\/fr-fr\/wp-json\/wp\/v2\/media?parent=3841"}],"wp:term":[{"taxonomy":"product_brand","embeddable":true,"href":"https:\/\/unrostore.com\/fr-fr\/wp-json\/wp\/v2\/product_brand?post=3841"},{"taxonomy":"product_cat","embeddable":true,"href":"https:\/\/unrostore.com\/fr-fr\/wp-json\/wp\/v2\/product_cat?post=3841"},{"taxonomy":"product_tag","embeddable":true,"href":"https:\/\/unrostore.com\/fr-fr\/wp-json\/wp\/v2\/product_tag?post=3841"}],"curies":[{"name":"wp","href":"https:\/\/api.w.org\/{rel}","templated":true}]}}