{"id":3812,"date":"2023-03-30T19:59:52","date_gmt":"2023-03-30T19:59:52","guid":{"rendered":"https:\/\/unrostore.com\/?post_type=product&#038;p=3812"},"modified":"2026-03-04T07:40:33","modified_gmt":"2026-03-04T07:40:33","slug":"assiettes-a-diner-vertes-amazonia-green-4-pieces","status":"publish","type":"product","link":"https:\/\/unrostore.com\/fr-fr\/boutique\/terrafina\/vert-damazonie\/assiettes-a-diner-vertes-amazonia-green-4-pieces\/","title":{"rendered":"Assiettes plates vertes Amazonia Green - 4 pi\u00e8ces"},"content":{"rendered":"<h3>Shop de prachtige Dinerborden Groen Amazonia Green \u2013 4-delig van Terrafina<\/h3>\n<p>Le<strong> Assiettes plates Vertes Amazonia Green <\/strong>ensemble de 4 assiettes vertes de <a href=\"https:\/\/www.terrafinastore.com\/en\/collections\/sail\">Terrafina<\/a> ont une couleur unique qui impressionne. C'est notre best-seller ! Vous pouvez utiliser ces assiettes tous les jours au d\u00eener ou pour des occasions sp\u00e9ciales. Vous avez fini de manger ? Vous pouvez alors les mettre imm\u00e9diatement au lave-vaisselle et les r\u00e9utiliser le lendemain pour votre d\u00e9jeuner ou votre d\u00eener. Au moins, vous ne devez pas les garder dans l'armoire. ;-). Combinez les assiettes \u00e0 d\u00eener avec les <a href=\"https:\/\/unrostore.com\/fr-fr\/boutique\/terrafina\/vert-damazonie\/amazonia-green-ontbijtborden-4-delig\/\">Assiettes de petit-d\u00e9jeuner Amazonia Green<\/a> et <a href=\"https:\/\/unrostore.com\/fr-fr\/boutique\/terrafina\/vert-damazonie\/amazonia-green-kommen-2-delig\/\">Bols verts Amazonia<\/a>\u00a0pour une table joliment dress\u00e9e. Achetez ces assiettes maintenant et recevez une belle bo\u00eete cadeau de Terrafina.<\/p>\n<p>\u00a0<\/p>\n<h3>C'est le nombre d'assiettes \u00e0 d\u00eener qui vous sont livr\u00e9es<\/h3>\n<ul>\n<li><strong>4x<\/strong> Assiettes plates Amazonia Green \u00f8 29 cm<\/li>\n<li><strong>1x\u00a0<\/strong>Bo\u00eete cadeau de Terrafina<\/li>\n<\/ul>\n<p>\u00a0<\/p>\n<p><em><strong>Duurzaam voor mens & milieu:<\/strong><br \/>\nchaque produit est unique car il est fabriqu\u00e9 \u00e0 la main.<br \/>\nL'impression et la texture peuvent donc diff\u00e9rer l\u00e9g\u00e8rement de la photo du produit.<\/em><\/p>","protected":false},"excerpt":{"rendered":"<div class=\"usps\"><i class=\"far fa-check-circle\"><\/i> R\u00e9sistant aux micro-ondes<br \/>\n<i class=\"far fa-check-circle\"><\/i> R\u00e9siste au four (jusqu'\u00e0 200 degr\u00e9s)<br \/>\n<i class=\"far fa-check-circle\"><\/i> Lavable au lave-vaisselle<br \/>\n<i class=\"far fa-thumbs-up\"><\/i> Fait \u00e0 la main<\/div>","protected":false},"featured_media":3570,"template":"","meta":[],"product_brand":[],"product_cat":[235,318,170,119],"product_tag":[173,129,283,284,171,238,123],"class_list":{"0":"post-3812","1":"product","2":"type-product","3":"status-publish","4":"has-post-thumbnail","6":"product_cat-borden","7":"product_cat-dinerborden","8":"product_cat-amazonia-green","9":"product_cat-terrafina","10":"product_tag-amazonia-green","11":"product_tag-borden","12":"product_tag-dinerbord","13":"product_tag-dinerborden","14":"product_tag-groen","15":"product_tag-grote-borden","16":"product_tag-terrafina","17":"product_shipping_class-pakket","19":"first","20":"outofstock","21":"sale","22":"taxable","23":"shipping-taxable","24":"purchasable","25":"product-type-simple"},"yoast_head":"<!-- This site is optimized with the Yoast SEO plugin v27.5 - https:\/\/yoast.com\/product\/yoast-seo-wordpress\/ -->\n<title>Dinerborden Groen Amazonia Green - 4-delig &#8226; UNRO<\/title>\n<meta name=\"description\" content=\"De prachtige Portugese Dinerborden Groen Amazonia Green set van 4 dinerborden zijn exclusief bij UNRO in Nederland online verkrijgbaar.\" \/>\n<meta name=\"robots\" content=\"index, follow, max-snippet:-1, max-image-preview:large, max-video-preview:-1\" \/>\n<link rel=\"canonical\" href=\"https:\/\/unrostore.com\/fr-fr\/boutique\/terrafina\/vert-damazonie\/assiettes-a-diner-vertes-amazonia-green-4-pieces\/\" \/>\n<meta property=\"og:locale\" content=\"fr_FR\" \/>\n<meta property=\"og:type\" content=\"article\" \/>\n<meta property=\"og:title\" content=\"Dinerborden Groen Amazonia Green - 4-delig &#8226; UNRO\" \/>\n<meta property=\"og:description\" content=\"De prachtige Portugese Dinerborden Groen Amazonia Green set van 4 dinerborden zijn exclusief bij UNRO in Nederland online verkrijgbaar.\" \/>\n<meta property=\"og:url\" content=\"https:\/\/unrostore.com\/fr-fr\/boutique\/terrafina\/vert-damazonie\/assiettes-a-diner-vertes-amazonia-green-4-pieces\/\" \/>\n<meta property=\"og:site_name\" content=\"UNRO\" \/>\n<meta property=\"article:modified_time\" content=\"2026-03-04T07:40:33+00:00\" \/>\n<meta property=\"og:image\" content=\"https:\/\/unrostore.com\/wp-content\/uploads\/2022\/10\/unro-portugees-servies-terrafina-amazonia-green-dinerborden-2.jpg\" \/>\n\t<meta property=\"og:image:width\" content=\"1440\" \/>\n\t<meta property=\"og:image:height\" content=\"1440\" \/>\n\t<meta property=\"og:image:type\" content=\"image\/jpeg\" \/>\n<meta name=\"twitter:card\" content=\"summary_large_image\" \/>\n<script type=\"application\/ld+json\" class=\"yoast-schema-graph\">{\"@context\":\"https:\\\/\\\/schema.org\",\"@graph\":[{\"@type\":\"WebPage\",\"@id\":\"https:\\\/\\\/unrostore.com\\\/shop\\\/terrafina\\\/amazonia-green\\\/dinerborden-groen-amazonia-green-4-delig\\\/\",\"url\":\"https:\\\/\\\/unrostore.com\\\/shop\\\/terrafina\\\/amazonia-green\\\/dinerborden-groen-amazonia-green-4-delig\\\/\",\"name\":\"Dinerborden Groen Amazonia Green - 4-delig &#8226; UNRO\",\"isPartOf\":{\"@id\":\"https:\\\/\\\/unrostore.com\\\/#website\"},\"primaryImageOfPage\":{\"@id\":\"https:\\\/\\\/unrostore.com\\\/shop\\\/terrafina\\\/amazonia-green\\\/dinerborden-groen-amazonia-green-4-delig\\\/#primaryimage\"},\"image\":{\"@id\":\"https:\\\/\\\/unrostore.com\\\/shop\\\/terrafina\\\/amazonia-green\\\/dinerborden-groen-amazonia-green-4-delig\\\/#primaryimage\"},\"thumbnailUrl\":\"https:\\\/\\\/unrostore.com\\\/wp-content\\\/uploads\\\/2022\\\/10\\\/unro-portugees-servies-terrafina-amazonia-green-dinerborden-2.jpg\",\"datePublished\":\"2023-03-30T19:59:52+00:00\",\"dateModified\":\"2026-03-04T07:40:33+00:00\",\"description\":\"De prachtige Portugese Dinerborden Groen Amazonia Green set van 4 dinerborden zijn exclusief bij UNRO in Nederland online verkrijgbaar.\",\"breadcrumb\":{\"@id\":\"https:\\\/\\\/unrostore.com\\\/shop\\\/terrafina\\\/amazonia-green\\\/dinerborden-groen-amazonia-green-4-delig\\\/#breadcrumb\"},\"inLanguage\":\"fr-FR\",\"potentialAction\":[{\"@type\":\"ReadAction\",\"target\":[\"https:\\\/\\\/unrostore.com\\\/shop\\\/terrafina\\\/amazonia-green\\\/dinerborden-groen-amazonia-green-4-delig\\\/\"]}]},{\"@type\":\"ImageObject\",\"inLanguage\":\"fr-FR\",\"@id\":\"https:\\\/\\\/unrostore.com\\\/shop\\\/terrafina\\\/amazonia-green\\\/dinerborden-groen-amazonia-green-4-delig\\\/#primaryimage\",\"url\":\"https:\\\/\\\/unrostore.com\\\/wp-content\\\/uploads\\\/2022\\\/10\\\/unro-portugees-servies-terrafina-amazonia-green-dinerborden-2.jpg\",\"contentUrl\":\"https:\\\/\\\/unrostore.com\\\/wp-content\\\/uploads\\\/2022\\\/10\\\/unro-portugees-servies-terrafina-amazonia-green-dinerborden-2.jpg\",\"width\":1440,\"height\":1440,\"caption\":\"Dinerborden handgemaakt Portugees keramiek\"},{\"@type\":\"BreadcrumbList\",\"@id\":\"https:\\\/\\\/unrostore.com\\\/shop\\\/terrafina\\\/amazonia-green\\\/dinerborden-groen-amazonia-green-4-delig\\\/#breadcrumb\",\"itemListElement\":[{\"@type\":\"ListItem\",\"position\":1,\"name\":\"Home\",\"item\":\"https:\\\/\\\/unrostore.com\\\/\"},{\"@type\":\"ListItem\",\"position\":2,\"name\":\"Shop\",\"item\":\"https:\\\/\\\/unrostore.com\\\/shop\\\/\"},{\"@type\":\"ListItem\",\"position\":3,\"name\":\"Dinerborden Groen Amazonia Green &#8211; 4-delig\"}]},{\"@type\":\"WebSite\",\"@id\":\"https:\\\/\\\/unrostore.com\\\/#website\",\"url\":\"https:\\\/\\\/unrostore.com\\\/\",\"name\":\"UNRO\",\"description\":\"Portugees servies waar je blij van wordt!\",\"publisher\":{\"@id\":\"https:\\\/\\\/unrostore.com\\\/#organization\"},\"potentialAction\":[{\"@type\":\"SearchAction\",\"target\":{\"@type\":\"EntryPoint\",\"urlTemplate\":\"https:\\\/\\\/unrostore.com\\\/?s={search_term_string}\"},\"query-input\":{\"@type\":\"PropertyValueSpecification\",\"valueRequired\":true,\"valueName\":\"search_term_string\"}}],\"inLanguage\":\"fr-FR\"},{\"@type\":\"Organization\",\"@id\":\"https:\\\/\\\/unrostore.com\\\/#organization\",\"name\":\"UNRO\",\"url\":\"https:\\\/\\\/unrostore.com\\\/\",\"logo\":{\"@type\":\"ImageObject\",\"inLanguage\":\"fr-FR\",\"@id\":\"https:\\\/\\\/unrostore.com\\\/#\\\/schema\\\/logo\\\/image\\\/\",\"url\":\"https:\\\/\\\/unrostore.com\\\/wp-content\\\/uploads\\\/2022\\\/05\\\/Logo-UNRO.png\",\"contentUrl\":\"https:\\\/\\\/unrostore.com\\\/wp-content\\\/uploads\\\/2022\\\/05\\\/Logo-UNRO.png\",\"width\":605,\"height\":179,\"caption\":\"UNRO\"},\"image\":{\"@id\":\"https:\\\/\\\/unrostore.com\\\/#\\\/schema\\\/logo\\\/image\\\/\"}}]}<\/script>\n<!-- \/ Yoast SEO plugin. -->","yoast_head_json":{"title":"Assiettes plates Vert Amazonie - 4 pi\u00e8ces - UNRO","description":"Les magnifiques assiettes \u00e0 d\u00eener portugaises vertes Amazonia Green, ensemble de 4 assiettes \u00e0 d\u00eener, sont disponibles en ligne exclusivement aupr\u00e8s d'UNRO aux Pays-Bas.","robots":{"index":"index","follow":"follow","max-snippet":"max-snippet:-1","max-image-preview":"max-image-preview:large","max-video-preview":"max-video-preview:-1"},"canonical":"https:\/\/unrostore.com\/fr-fr\/boutique\/terrafina\/vert-damazonie\/assiettes-a-diner-vertes-amazonia-green-4-pieces\/","og_locale":"fr_FR","og_type":"article","og_title":"Dinerborden Groen Amazonia Green - 4-delig &#8226; UNRO","og_description":"De prachtige Portugese Dinerborden Groen Amazonia Green set van 4 dinerborden zijn exclusief bij UNRO in Nederland online verkrijgbaar.","og_url":"https:\/\/unrostore.com\/fr-fr\/boutique\/terrafina\/vert-damazonie\/assiettes-a-diner-vertes-amazonia-green-4-pieces\/","og_site_name":"UNRO","article_modified_time":"2026-03-04T07:40:33+00:00","og_image":[{"width":1440,"height":1440,"url":"https:\/\/unrostore.com\/wp-content\/uploads\/2022\/10\/unro-portugees-servies-terrafina-amazonia-green-dinerborden-2.jpg","type":"image\/jpeg"}],"twitter_card":"summary_large_image","schema":{"@context":"https:\/\/schema.org","@graph":[{"@type":"WebPage","@id":"https:\/\/unrostore.com\/shop\/terrafina\/amazonia-green\/dinerborden-groen-amazonia-green-4-delig\/","url":"https:\/\/unrostore.com\/shop\/terrafina\/amazonia-green\/dinerborden-groen-amazonia-green-4-delig\/","name":"Assiettes plates Vert Amazonie - 4 pi\u00e8ces - UNRO","isPartOf":{"@id":"https:\/\/unrostore.com\/#website"},"primaryImageOfPage":{"@id":"https:\/\/unrostore.com\/shop\/terrafina\/amazonia-green\/dinerborden-groen-amazonia-green-4-delig\/#primaryimage"},"image":{"@id":"https:\/\/unrostore.com\/shop\/terrafina\/amazonia-green\/dinerborden-groen-amazonia-green-4-delig\/#primaryimage"},"thumbnailUrl":"https:\/\/unrostore.com\/wp-content\/uploads\/2022\/10\/unro-portugees-servies-terrafina-amazonia-green-dinerborden-2.jpg","datePublished":"2023-03-30T19:59:52+00:00","dateModified":"2026-03-04T07:40:33+00:00","description":"Les magnifiques assiettes \u00e0 d\u00eener portugaises vertes Amazonia Green, ensemble de 4 assiettes \u00e0 d\u00eener, sont disponibles en ligne exclusivement aupr\u00e8s d'UNRO aux Pays-Bas.","breadcrumb":{"@id":"https:\/\/unrostore.com\/shop\/terrafina\/amazonia-green\/dinerborden-groen-amazonia-green-4-delig\/#breadcrumb"},"inLanguage":"fr-FR","potentialAction":[{"@type":"ReadAction","target":["https:\/\/unrostore.com\/shop\/terrafina\/amazonia-green\/dinerborden-groen-amazonia-green-4-delig\/"]}]},{"@type":"ImageObject","inLanguage":"fr-FR","@id":"https:\/\/unrostore.com\/shop\/terrafina\/amazonia-green\/dinerborden-groen-amazonia-green-4-delig\/#primaryimage","url":"https:\/\/unrostore.com\/wp-content\/uploads\/2022\/10\/unro-portugees-servies-terrafina-amazonia-green-dinerborden-2.jpg","contentUrl":"https:\/\/unrostore.com\/wp-content\/uploads\/2022\/10\/unro-portugees-servies-terrafina-amazonia-green-dinerborden-2.jpg","width":1440,"height":1440,"caption":"Dinerborden handgemaakt Portugees keramiek"},{"@type":"BreadcrumbList","@id":"https:\/\/unrostore.com\/shop\/terrafina\/amazonia-green\/dinerborden-groen-amazonia-green-4-delig\/#breadcrumb","itemListElement":[{"@type":"ListItem","position":1,"name":"Home","item":"https:\/\/unrostore.com\/"},{"@type":"ListItem","position":2,"name":"Shop","item":"https:\/\/unrostore.com\/shop\/"},{"@type":"ListItem","position":3,"name":"Dinerborden Groen Amazonia Green &#8211; 4-delig"}]},{"@type":"WebSite","@id":"https:\/\/unrostore.com\/#website","url":"https:\/\/unrostore.com\/","name":"UNRO","description":"De la vaisselle portugaise qui vous rendra heureux !","publisher":{"@id":"https:\/\/unrostore.com\/#organization"},"potentialAction":[{"@type":"SearchAction","target":{"@type":"EntryPoint","urlTemplate":"https:\/\/unrostore.com\/?s={search_term_string}"},"query-input":{"@type":"PropertyValueSpecification","valueRequired":true,"valueName":"search_term_string"}}],"inLanguage":"fr-FR"},{"@type":"Organization","@id":"https:\/\/unrostore.com\/#organization","name":"UNRO","url":"https:\/\/unrostore.com\/","logo":{"@type":"ImageObject","inLanguage":"fr-FR","@id":"https:\/\/unrostore.com\/#\/schema\/logo\/image\/","url":"https:\/\/unrostore.com\/wp-content\/uploads\/2022\/05\/Logo-UNRO.png","contentUrl":"https:\/\/unrostore.com\/wp-content\/uploads\/2022\/05\/Logo-UNRO.png","width":605,"height":179,"caption":"UNRO"},"image":{"@id":"https:\/\/unrostore.com\/#\/schema\/logo\/image\/"}}]}},"_links":{"self":[{"href":"https:\/\/unrostore.com\/fr-fr\/wp-json\/wp\/v2\/product\/3812","targetHints":{"allow":["GET"]}}],"collection":[{"href":"https:\/\/unrostore.com\/fr-fr\/wp-json\/wp\/v2\/product"}],"about":[{"href":"https:\/\/unrostore.com\/fr-fr\/wp-json\/wp\/v2\/types\/product"}],"wp:featuredmedia":[{"embeddable":true,"href":"https:\/\/unrostore.com\/fr-fr\/wp-json\/wp\/v2\/media\/3570"}],"wp:attachment":[{"href":"https:\/\/unrostore.com\/fr-fr\/wp-json\/wp\/v2\/media?parent=3812"}],"wp:term":[{"taxonomy":"product_brand","embeddable":true,"href":"https:\/\/unrostore.com\/fr-fr\/wp-json\/wp\/v2\/product_brand?post=3812"},{"taxonomy":"product_cat","embeddable":true,"href":"https:\/\/unrostore.com\/fr-fr\/wp-json\/wp\/v2\/product_cat?post=3812"},{"taxonomy":"product_tag","embeddable":true,"href":"https:\/\/unrostore.com\/fr-fr\/wp-json\/wp\/v2\/product_tag?post=3812"}],"curies":[{"name":"wp","href":"https:\/\/api.w.org\/{rel}","templated":true}]}}