{"id":2865,"date":"2023-01-16T19:38:00","date_gmt":"2023-01-16T19:38:00","guid":{"rendered":"https:\/\/unrostore.com\/?post_type=product&#038;p=2865"},"modified":"2026-01-19T20:37:51","modified_gmt":"2026-01-19T20:37:51","slug":"assiettes-a-dejeuner-blanches-sail-4-piece","status":"publish","type":"product","link":"https:\/\/unrostore.com\/fr-fr\/boutique\/terrafina\/voile\/assiettes-a-dejeuner-blanches-sail-4-piece\/","title":{"rendered":"Assiettes \u00e0 d\u00e9jeuner blanches Sail - 4 pi\u00e8ces"},"content":{"rendered":"<h3>Les belles assiettes blanches de Terrafina pour le petit-d\u00e9jeuner Sail<\/h3>\n<p>Ces <strong>assiettes blanches pour le petit d\u00e9jeuner Sail <\/strong>(\u00e9galement utilisables comme assiettes \u00e0 d\u00e9jeuner) ensemble de 4 \u00e0 partir de <a href=\"https:\/\/www.terrafinastore.com\/en\/collections\/sail\">Terrafina<\/a> sont vraiment belles et faciles \u00e0 utiliser. Les assiettes peuvent aller au micro-ondes, au lave-vaisselle et au four (jusqu'\u00e0 200 degr\u00e9s) et sont fabriqu\u00e9es \u00e0 la main en c\u00e9ramique de haute qualit\u00e9 au Portugal. Utilisez les assiettes pour le petit-d\u00e9jeuner, mettez-les au lave-vaisselle et utilisez-les \u00e0 nouveau pour le d\u00e9jeuner ou le d\u00eener ! M\u00eame lorsque vous souhaitez r\u00e9chauffer un repas, cela se fait sans probl\u00e8me gr\u00e2ce \u00e0 la haute qualit\u00e9. Les assiettes blanches pour le petit-d\u00e9jeuner sont id\u00e9ales pour le caf\u00e9 et le g\u00e2teau, le coffee time et le high tea. Combinez l'assiette \u00e0 d\u00e9jeuner blanche et bleue avec les assiettes \u00e0 d\u00e9jeuner assorties. <a href=\"https:\/\/unrostore.com\/fr-fr\/boutique\/terrafina\/voile\/witte-grote-mokken-sail-2-delig\/?_gl=1*18g7302*_up*MQ..*_ga*NTk3NjQzMjkzLjE3MTA3MDE3NjE.*_ga_QGLN1EFSS8*MTcxMDcwMTc2MC4xLjEuMTcxMDcwMTc2OC4wLjAuMTg3MTU5ODQ2MQ..\">Tasses \u00e0 th\u00e9 Sail<\/a> et <a href=\"https:\/\/unrostore.com\/fr-fr\/boutique\/terrafina\/voile\/sail-dinerborden-4-delig\/\">Assiettes plates Sail - 4 pi\u00e8ces<\/a> pour une table joliment dress\u00e9e !<\/p>\n<h3>Voici le nombre d'assiettes \u00e0 d\u00e9jeuner que vous recevrez<\/h3>\n<ul>\n<li><strong>4x<\/strong> Assiettes \u00e0 d\u00e9jeuner Sail \u00f8 22 cm<\/li>\n<li><strong>1x\u00a0<\/strong>Bo\u00eete cadeau de Terrafina<\/li>\n<\/ul>\n<p><em><strong><br \/>\nDurable pour les personnes et l'environnement :<\/strong><br \/>\nchaque produit est unique car il est fabriqu\u00e9 \u00e0 la main.<br \/>\nL'impression et la texture peuvent donc diff\u00e9rer l\u00e9g\u00e8rement de la photo du produit.<\/em><\/p>","protected":false},"excerpt":{"rendered":"<div class=\"usps\"><i class=\"far fa-check-circle\"><\/i> R\u00e9sistant aux micro-ondes<br \/>\n<i class=\"far fa-check-circle\"><\/i> R\u00e9siste au four (jusqu'\u00e0 200 degr\u00e9s)<br \/>\n<i class=\"far fa-check-circle\"><\/i> Lavable au lave-vaisselle<br \/>\n<i class=\"far fa-thumbs-up\"><\/i> Fait \u00e0 la main<\/div>","protected":false},"featured_media":7169,"template":"","meta":[],"product_brand":[],"product_cat":[235,317,119,139],"product_tag":[286,699,689,141,703,690,242,288,289,701,124,704,123,224,700,702],"class_list":{"0":"post-2865","1":"product","2":"type-product","3":"status-publish","4":"has-post-thumbnail","6":"product_cat-borden","7":"product_cat-ontbijtborden","8":"product_cat-terrafina","9":"product_cat-sail","10":"product_tag-bord","11":"product_tag-gebaksbordjes-wit","12":"product_tag-high-tea","13":"product_tag-kleine-borden","14":"product_tag-koffie-met-gebak","15":"product_tag-koffietijd","16":"product_tag-ontbijt","17":"product_tag-ontbijtbord","18":"product_tag-ontbijtborden","19":"product_tag-ontbijtborden-wit","20":"product_tag-sail","21":"product_tag-tapas-bordjes","22":"product_tag-terrafina","23":"product_tag-wit","24":"product_tag-witte-gebaksbordjes","25":"product_tag-witte-ontbijtborden","26":"product_shipping_class-pakket","28":"first","29":"outofstock","30":"sale","31":"taxable","32":"shipping-taxable","33":"purchasable","34":"product-type-simple"},"yoast_head":"<!-- This site is optimized with the Yoast SEO plugin v27.4 - https:\/\/yoast.com\/product\/yoast-seo-wordpress\/ -->\n<title>Witte Ontbijtborden Sail - 4-delig &#8226; UNRO<\/title>\n<meta name=\"description\" content=\"De witte ontbijtborden Sail zijn werkelijk prachtig en ook nog eens gemakkelijk in gebruik. Start jouw dag stijlvol met deze prachtige ontbijtborden!\" \/>\n<meta name=\"robots\" content=\"index, follow, max-snippet:-1, max-image-preview:large, max-video-preview:-1\" \/>\n<link rel=\"canonical\" href=\"https:\/\/unrostore.com\/fr-fr\/boutique\/terrafina\/voile\/assiettes-a-dejeuner-blanches-sail-4-piece\/\" \/>\n<meta property=\"og:locale\" content=\"fr_FR\" \/>\n<meta property=\"og:type\" content=\"article\" \/>\n<meta property=\"og:title\" content=\"Witte Ontbijtborden Sail - 4-delig &#8226; UNRO\" \/>\n<meta property=\"og:description\" content=\"De witte ontbijtborden Sail zijn werkelijk prachtig en ook nog eens gemakkelijk in gebruik. Start jouw dag stijlvol met deze prachtige ontbijtborden!\" \/>\n<meta property=\"og:url\" content=\"https:\/\/unrostore.com\/fr-fr\/boutique\/terrafina\/voile\/assiettes-a-dejeuner-blanches-sail-4-piece\/\" \/>\n<meta property=\"og:site_name\" content=\"UNRO\" \/>\n<meta property=\"article:modified_time\" content=\"2026-01-19T20:37:51+00:00\" \/>\n<meta property=\"og:image\" content=\"https:\/\/unrostore.com\/wp-content\/uploads\/2023\/01\/unro-wit-blauw-ontbijtbord-sail-terrafina.webp\" \/>\n\t<meta property=\"og:image:width\" content=\"1000\" \/>\n\t<meta property=\"og:image:height\" content=\"1000\" \/>\n\t<meta property=\"og:image:type\" content=\"image\/webp\" \/>\n<meta name=\"twitter:card\" content=\"summary_large_image\" \/>\n<script type=\"application\/ld+json\" class=\"yoast-schema-graph\">{\"@context\":\"https:\\\/\\\/schema.org\",\"@graph\":[{\"@type\":\"WebPage\",\"@id\":\"https:\\\/\\\/unrostore.com\\\/shop\\\/terrafina\\\/sail\\\/witte-ontbijtborden-sail-4-delig\\\/\",\"url\":\"https:\\\/\\\/unrostore.com\\\/shop\\\/terrafina\\\/sail\\\/witte-ontbijtborden-sail-4-delig\\\/\",\"name\":\"Witte Ontbijtborden Sail - 4-delig &#8226; UNRO\",\"isPartOf\":{\"@id\":\"https:\\\/\\\/unrostore.com\\\/#website\"},\"primaryImageOfPage\":{\"@id\":\"https:\\\/\\\/unrostore.com\\\/shop\\\/terrafina\\\/sail\\\/witte-ontbijtborden-sail-4-delig\\\/#primaryimage\"},\"image\":{\"@id\":\"https:\\\/\\\/unrostore.com\\\/shop\\\/terrafina\\\/sail\\\/witte-ontbijtborden-sail-4-delig\\\/#primaryimage\"},\"thumbnailUrl\":\"https:\\\/\\\/unrostore.com\\\/wp-content\\\/uploads\\\/2023\\\/01\\\/unro-wit-blauw-ontbijtbord-sail-terrafina.webp\",\"datePublished\":\"2023-01-16T19:38:00+00:00\",\"dateModified\":\"2026-01-19T20:37:51+00:00\",\"description\":\"De witte ontbijtborden Sail zijn werkelijk prachtig en ook nog eens gemakkelijk in gebruik. Start jouw dag stijlvol met deze prachtige ontbijtborden!\",\"breadcrumb\":{\"@id\":\"https:\\\/\\\/unrostore.com\\\/shop\\\/terrafina\\\/sail\\\/witte-ontbijtborden-sail-4-delig\\\/#breadcrumb\"},\"inLanguage\":\"fr-FR\",\"potentialAction\":[{\"@type\":\"ReadAction\",\"target\":[\"https:\\\/\\\/unrostore.com\\\/shop\\\/terrafina\\\/sail\\\/witte-ontbijtborden-sail-4-delig\\\/\"]}]},{\"@type\":\"ImageObject\",\"inLanguage\":\"fr-FR\",\"@id\":\"https:\\\/\\\/unrostore.com\\\/shop\\\/terrafina\\\/sail\\\/witte-ontbijtborden-sail-4-delig\\\/#primaryimage\",\"url\":\"https:\\\/\\\/unrostore.com\\\/wp-content\\\/uploads\\\/2023\\\/01\\\/unro-wit-blauw-ontbijtbord-sail-terrafina.webp\",\"contentUrl\":\"https:\\\/\\\/unrostore.com\\\/wp-content\\\/uploads\\\/2023\\\/01\\\/unro-wit-blauw-ontbijtbord-sail-terrafina.webp\",\"width\":1000,\"height\":1000,\"caption\":\"witte ontbijtborden\"},{\"@type\":\"BreadcrumbList\",\"@id\":\"https:\\\/\\\/unrostore.com\\\/shop\\\/terrafina\\\/sail\\\/witte-ontbijtborden-sail-4-delig\\\/#breadcrumb\",\"itemListElement\":[{\"@type\":\"ListItem\",\"position\":1,\"name\":\"Home\",\"item\":\"https:\\\/\\\/unrostore.com\\\/\"},{\"@type\":\"ListItem\",\"position\":2,\"name\":\"Shop\",\"item\":\"https:\\\/\\\/unrostore.com\\\/shop\\\/\"},{\"@type\":\"ListItem\",\"position\":3,\"name\":\"Witte Ontbijtborden Sail &#8211; 4-delig\"}]},{\"@type\":\"WebSite\",\"@id\":\"https:\\\/\\\/unrostore.com\\\/#website\",\"url\":\"https:\\\/\\\/unrostore.com\\\/\",\"name\":\"UNRO\",\"description\":\"Portugees servies waar je blij van wordt!\",\"publisher\":{\"@id\":\"https:\\\/\\\/unrostore.com\\\/#organization\"},\"potentialAction\":[{\"@type\":\"SearchAction\",\"target\":{\"@type\":\"EntryPoint\",\"urlTemplate\":\"https:\\\/\\\/unrostore.com\\\/?s={search_term_string}\"},\"query-input\":{\"@type\":\"PropertyValueSpecification\",\"valueRequired\":true,\"valueName\":\"search_term_string\"}}],\"inLanguage\":\"fr-FR\"},{\"@type\":\"Organization\",\"@id\":\"https:\\\/\\\/unrostore.com\\\/#organization\",\"name\":\"UNRO\",\"url\":\"https:\\\/\\\/unrostore.com\\\/\",\"logo\":{\"@type\":\"ImageObject\",\"inLanguage\":\"fr-FR\",\"@id\":\"https:\\\/\\\/unrostore.com\\\/#\\\/schema\\\/logo\\\/image\\\/\",\"url\":\"https:\\\/\\\/unrostore.com\\\/wp-content\\\/uploads\\\/2022\\\/05\\\/Logo-UNRO.png\",\"contentUrl\":\"https:\\\/\\\/unrostore.com\\\/wp-content\\\/uploads\\\/2022\\\/05\\\/Logo-UNRO.png\",\"width\":605,\"height\":179,\"caption\":\"UNRO\"},\"image\":{\"@id\":\"https:\\\/\\\/unrostore.com\\\/#\\\/schema\\\/logo\\\/image\\\/\"}}]}<\/script>\n<!-- \/ Yoast SEO plugin. -->","yoast_head_json":{"title":"Assiettes \u00e0 d\u00e9jeuner blanches Sail - 4 pi\u00e8ces - UNRO","description":"Les assiettes \u00e0 d\u00e9jeuner blanches Sail sont vraiment belles et faciles \u00e0 utiliser. Commencez votre journ\u00e9e en beaut\u00e9 avec ces belles assiettes \u00e0 d\u00e9jeuner !","robots":{"index":"index","follow":"follow","max-snippet":"max-snippet:-1","max-image-preview":"max-image-preview:large","max-video-preview":"max-video-preview:-1"},"canonical":"https:\/\/unrostore.com\/fr-fr\/boutique\/terrafina\/voile\/assiettes-a-dejeuner-blanches-sail-4-piece\/","og_locale":"fr_FR","og_type":"article","og_title":"Witte Ontbijtborden Sail - 4-delig &#8226; UNRO","og_description":"De witte ontbijtborden Sail zijn werkelijk prachtig en ook nog eens gemakkelijk in gebruik. Start jouw dag stijlvol met deze prachtige ontbijtborden!","og_url":"https:\/\/unrostore.com\/fr-fr\/boutique\/terrafina\/voile\/assiettes-a-dejeuner-blanches-sail-4-piece\/","og_site_name":"UNRO","article_modified_time":"2026-01-19T20:37:51+00:00","og_image":[{"width":1000,"height":1000,"url":"https:\/\/unrostore.com\/wp-content\/uploads\/2023\/01\/unro-wit-blauw-ontbijtbord-sail-terrafina.webp","type":"image\/webp"}],"twitter_card":"summary_large_image","schema":{"@context":"https:\/\/schema.org","@graph":[{"@type":"WebPage","@id":"https:\/\/unrostore.com\/shop\/terrafina\/sail\/witte-ontbijtborden-sail-4-delig\/","url":"https:\/\/unrostore.com\/shop\/terrafina\/sail\/witte-ontbijtborden-sail-4-delig\/","name":"Assiettes \u00e0 d\u00e9jeuner blanches Sail - 4 pi\u00e8ces - UNRO","isPartOf":{"@id":"https:\/\/unrostore.com\/#website"},"primaryImageOfPage":{"@id":"https:\/\/unrostore.com\/shop\/terrafina\/sail\/witte-ontbijtborden-sail-4-delig\/#primaryimage"},"image":{"@id":"https:\/\/unrostore.com\/shop\/terrafina\/sail\/witte-ontbijtborden-sail-4-delig\/#primaryimage"},"thumbnailUrl":"https:\/\/unrostore.com\/wp-content\/uploads\/2023\/01\/unro-wit-blauw-ontbijtbord-sail-terrafina.webp","datePublished":"2023-01-16T19:38:00+00:00","dateModified":"2026-01-19T20:37:51+00:00","description":"Les assiettes \u00e0 d\u00e9jeuner blanches Sail sont vraiment belles et faciles \u00e0 utiliser. Commencez votre journ\u00e9e en beaut\u00e9 avec ces belles assiettes \u00e0 d\u00e9jeuner !","breadcrumb":{"@id":"https:\/\/unrostore.com\/shop\/terrafina\/sail\/witte-ontbijtborden-sail-4-delig\/#breadcrumb"},"inLanguage":"fr-FR","potentialAction":[{"@type":"ReadAction","target":["https:\/\/unrostore.com\/shop\/terrafina\/sail\/witte-ontbijtborden-sail-4-delig\/"]}]},{"@type":"ImageObject","inLanguage":"fr-FR","@id":"https:\/\/unrostore.com\/shop\/terrafina\/sail\/witte-ontbijtborden-sail-4-delig\/#primaryimage","url":"https:\/\/unrostore.com\/wp-content\/uploads\/2023\/01\/unro-wit-blauw-ontbijtbord-sail-terrafina.webp","contentUrl":"https:\/\/unrostore.com\/wp-content\/uploads\/2023\/01\/unro-wit-blauw-ontbijtbord-sail-terrafina.webp","width":1000,"height":1000,"caption":"witte ontbijtborden"},{"@type":"BreadcrumbList","@id":"https:\/\/unrostore.com\/shop\/terrafina\/sail\/witte-ontbijtborden-sail-4-delig\/#breadcrumb","itemListElement":[{"@type":"ListItem","position":1,"name":"Home","item":"https:\/\/unrostore.com\/"},{"@type":"ListItem","position":2,"name":"Shop","item":"https:\/\/unrostore.com\/shop\/"},{"@type":"ListItem","position":3,"name":"Witte Ontbijtborden Sail &#8211; 4-delig"}]},{"@type":"WebSite","@id":"https:\/\/unrostore.com\/#website","url":"https:\/\/unrostore.com\/","name":"UNRO","description":"De la vaisselle portugaise qui vous rendra heureux !","publisher":{"@id":"https:\/\/unrostore.com\/#organization"},"potentialAction":[{"@type":"SearchAction","target":{"@type":"EntryPoint","urlTemplate":"https:\/\/unrostore.com\/?s={search_term_string}"},"query-input":{"@type":"PropertyValueSpecification","valueRequired":true,"valueName":"search_term_string"}}],"inLanguage":"fr-FR"},{"@type":"Organization","@id":"https:\/\/unrostore.com\/#organization","name":"UNRO","url":"https:\/\/unrostore.com\/","logo":{"@type":"ImageObject","inLanguage":"fr-FR","@id":"https:\/\/unrostore.com\/#\/schema\/logo\/image\/","url":"https:\/\/unrostore.com\/wp-content\/uploads\/2022\/05\/Logo-UNRO.png","contentUrl":"https:\/\/unrostore.com\/wp-content\/uploads\/2022\/05\/Logo-UNRO.png","width":605,"height":179,"caption":"UNRO"},"image":{"@id":"https:\/\/unrostore.com\/#\/schema\/logo\/image\/"}}]}},"_links":{"self":[{"href":"https:\/\/unrostore.com\/fr-fr\/wp-json\/wp\/v2\/product\/2865","targetHints":{"allow":["GET"]}}],"collection":[{"href":"https:\/\/unrostore.com\/fr-fr\/wp-json\/wp\/v2\/product"}],"about":[{"href":"https:\/\/unrostore.com\/fr-fr\/wp-json\/wp\/v2\/types\/product"}],"wp:featuredmedia":[{"embeddable":true,"href":"https:\/\/unrostore.com\/fr-fr\/wp-json\/wp\/v2\/media\/7169"}],"wp:attachment":[{"href":"https:\/\/unrostore.com\/fr-fr\/wp-json\/wp\/v2\/media?parent=2865"}],"wp:term":[{"taxonomy":"product_brand","embeddable":true,"href":"https:\/\/unrostore.com\/fr-fr\/wp-json\/wp\/v2\/product_brand?post=2865"},{"taxonomy":"product_cat","embeddable":true,"href":"https:\/\/unrostore.com\/fr-fr\/wp-json\/wp\/v2\/product_cat?post=2865"},{"taxonomy":"product_tag","embeddable":true,"href":"https:\/\/unrostore.com\/fr-fr\/wp-json\/wp\/v2\/product_tag?post=2865"}],"curies":[{"name":"wp","href":"https:\/\/api.w.org\/{rel}","templated":true}]}}