{"id":2864,"date":"2023-01-16T19:34:10","date_gmt":"2023-01-16T19:34:10","guid":{"rendered":"https:\/\/unrostore.com\/?post_type=product&#038;p=2864"},"modified":"2026-03-28T19:17:54","modified_gmt":"2026-03-28T19:17:54","slug":"assiettes-a-diner-blanc-voile-4-pieces","status":"publish","type":"product","link":"https:\/\/unrostore.com\/fr-fr\/boutique\/terrafina\/voile\/assiettes-a-diner-blanc-voile-4-pieces\/","title":{"rendered":"Assiettes plates blanches Sail - 4 pi\u00e8ces"},"content":{"rendered":"<h3>Les magnifiques assiettes \u00e0 d\u00eener Terrafina's blanches Sail<\/h3>\n<p>Le<strong> Assiettes plates blanches Sail <\/strong>ensemble de 4 assiettes de <a href=\"https:\/\/www.terrafinastore.com\/en\/collections\/sail\">Terrafina<\/a> Ils sont parfaits pour toutes les occasions. C'est l'une de nos pr\u00e9f\u00e9r\u00e9es ! Vous pouvez utiliser ces assiettes tous les jours au d\u00eener ou pour des occasions sp\u00e9ciales. Vous avez fini de manger ? Vous pouvez alors les mettre directement au lave-vaisselle et les r\u00e9utiliser le lendemain pour votre d\u00e9jeuner ou votre d\u00eener. Au moins, vous ne devez pas les garder dans le placard. ;-). Vous obtenez ainsi la sensation facile et luxueuse de manger \u00e0 l'ext\u00e9rieur, chez vous. Combinez avec <a href=\"https:\/\/unrostore.com\/fr-fr\/boutique\/terrafina\/voile\/gebaksbordjes-wit-sail-4-delig\/\">Assiettes de petit-d\u00e9jeuner Sail<\/a>, <a href=\"https:\/\/unrostore.com\/fr-fr\/boutique\/terrafina\/voile\/pasta-borden-wit-sail-set-van-4\/\">Assiettes \u00e0 p\u00e2tes Sail<\/a>, <a href=\"https:\/\/unrostore.com\/fr-fr\/boutique\/terrafina\/voile\/bols-blancs-voile-4-pieces\/\">Bols Sail<\/a> et les <a href=\"https:\/\/unrostore.com\/fr-fr\/boutique\/terrafina\/voile\/sail-serveerkom\/\">Sail Bol de service<\/a> ou <a href=\"https:\/\/unrostore.com\/fr-fr\/boutique\/terrafina\/voile\/sail-serveerschaal-2-groottes\/\">Plat de service Sail - 2 tailles<\/a> pour une table joliment dress\u00e9e. Achetez ces assiettes maintenant et recevez une belle bo\u00eete cadeau de Terrafina.<\/p>\n<p>&nbsp;<\/p>\n<h3>C'est le nombre d'assiettes \u00e0 d\u00eener qui vous sont livr\u00e9es:<\/h3>\n<ul>\n<li><strong>4x<\/strong> Assiettes plates Sail \u00f8 28.5 cm<\/li>\n<li><strong>1x\u00a0<\/strong>Bo\u00eete cadeau de Terrafina<\/li>\n<\/ul>\n<p>&nbsp;<\/p>\n<p><em><strong>Durable pour les personnes et l'environnement :<\/strong><br \/>\nchaque produit est unique car il est fabriqu\u00e9 \u00e0 la main.<br \/>\nL'impression et la texture peuvent donc diff\u00e9rer l\u00e9g\u00e8rement de la photo du produit.<\/em><\/p>","protected":false},"excerpt":{"rendered":"<div class=\"usps\"><i class=\"far fa-check-circle\"><\/i> R\u00e9sistant aux micro-ondes<br \/>\n<i class=\"far fa-check-circle\"><\/i> R\u00e9siste au four (jusqu'\u00e0 200 degr\u00e9s)<br \/>\n<i class=\"far fa-check-circle\"><\/i> Lavable au lave-vaisselle<br \/>\n<i class=\"far fa-thumbs-up\"><\/i> Fait \u00e0 la main<\/div>","protected":false},"featured_media":7170,"template":"","meta":[],"product_brand":[],"product_cat":[235,318,119,139],"product_tag":[177,129,283,284,171,237,238,124,123,224],"class_list":{"0":"post-2864","1":"product","2":"type-product","3":"status-publish","4":"has-post-thumbnail","6":"product_cat-borden","7":"product_cat-dinerborden","8":"product_cat-terrafina","9":"product_cat-sail","10":"product_tag-blauw","11":"product_tag-borden","12":"product_tag-dinerbord","13":"product_tag-dinerborden","14":"product_tag-groen","15":"product_tag-groot-bord","16":"product_tag-grote-borden","17":"product_tag-sail","18":"product_tag-terrafina","19":"product_tag-wit","20":"product_shipping_class-pakket","22":"first","23":"outofstock","24":"sale","25":"taxable","26":"shipping-taxable","27":"purchasable","28":"product-type-simple"},"yoast_head":"<!-- This site is optimized with the Yoast SEO plugin v27.4 - https:\/\/yoast.com\/product\/yoast-seo-wordpress\/ -->\n<title>Dinerborden Wit Sail - 4-delig &#8226; UNRO<\/title>\n<meta name=\"description\" content=\"Prachtige Portugese Dinerborden Wit Sail van Terrafina bij UNRO. Combineer jouw dinerborden met een bijpassende serveerschaal, gebaksbordjes en soepkommen.\" \/>\n<meta name=\"robots\" content=\"index, follow, max-snippet:-1, max-image-preview:large, max-video-preview:-1\" \/>\n<link rel=\"canonical\" href=\"https:\/\/unrostore.com\/fr-fr\/boutique\/terrafina\/voile\/assiettes-a-diner-blanc-voile-4-pieces\/\" \/>\n<meta property=\"og:locale\" content=\"fr_FR\" \/>\n<meta property=\"og:type\" content=\"article\" \/>\n<meta property=\"og:title\" content=\"Dinerborden Wit Sail - 4-delig &#8226; UNRO\" \/>\n<meta property=\"og:description\" content=\"Prachtige Portugese Dinerborden Wit Sail van Terrafina bij UNRO. Combineer jouw dinerborden met een bijpassende serveerschaal, gebaksbordjes en soepkommen.\" \/>\n<meta property=\"og:url\" content=\"https:\/\/unrostore.com\/fr-fr\/boutique\/terrafina\/voile\/assiettes-a-diner-blanc-voile-4-pieces\/\" \/>\n<meta property=\"og:site_name\" content=\"UNRO\" \/>\n<meta property=\"article:modified_time\" content=\"2026-03-28T19:17:54+00:00\" \/>\n<meta property=\"og:image\" content=\"https:\/\/unrostore.com\/wp-content\/uploads\/2023\/01\/unro-wit-blauwe-dinerborden-set.webp\" \/>\n\t<meta property=\"og:image:width\" content=\"1000\" \/>\n\t<meta property=\"og:image:height\" content=\"1000\" \/>\n\t<meta property=\"og:image:type\" content=\"image\/webp\" \/>\n<meta name=\"twitter:card\" content=\"summary_large_image\" \/>\n<script type=\"application\/ld+json\" class=\"yoast-schema-graph\">{\"@context\":\"https:\\\/\\\/schema.org\",\"@graph\":[{\"@type\":\"WebPage\",\"@id\":\"https:\\\/\\\/unrostore.com\\\/shop\\\/terrafina\\\/sail\\\/dinerborden-wit-sail-4-delig\\\/\",\"url\":\"https:\\\/\\\/unrostore.com\\\/shop\\\/terrafina\\\/sail\\\/dinerborden-wit-sail-4-delig\\\/\",\"name\":\"Dinerborden Wit Sail - 4-delig &#8226; UNRO\",\"isPartOf\":{\"@id\":\"https:\\\/\\\/unrostore.com\\\/#website\"},\"primaryImageOfPage\":{\"@id\":\"https:\\\/\\\/unrostore.com\\\/shop\\\/terrafina\\\/sail\\\/dinerborden-wit-sail-4-delig\\\/#primaryimage\"},\"image\":{\"@id\":\"https:\\\/\\\/unrostore.com\\\/shop\\\/terrafina\\\/sail\\\/dinerborden-wit-sail-4-delig\\\/#primaryimage\"},\"thumbnailUrl\":\"https:\\\/\\\/unrostore.com\\\/wp-content\\\/uploads\\\/2023\\\/01\\\/unro-wit-blauwe-dinerborden-set.webp\",\"datePublished\":\"2023-01-16T19:34:10+00:00\",\"dateModified\":\"2026-03-28T19:17:54+00:00\",\"description\":\"Prachtige Portugese Dinerborden Wit Sail van Terrafina bij UNRO. Combineer jouw dinerborden met een bijpassende serveerschaal, gebaksbordjes en soepkommen.\",\"breadcrumb\":{\"@id\":\"https:\\\/\\\/unrostore.com\\\/shop\\\/terrafina\\\/sail\\\/dinerborden-wit-sail-4-delig\\\/#breadcrumb\"},\"inLanguage\":\"fr-FR\",\"potentialAction\":[{\"@type\":\"ReadAction\",\"target\":[\"https:\\\/\\\/unrostore.com\\\/shop\\\/terrafina\\\/sail\\\/dinerborden-wit-sail-4-delig\\\/\"]}]},{\"@type\":\"ImageObject\",\"inLanguage\":\"fr-FR\",\"@id\":\"https:\\\/\\\/unrostore.com\\\/shop\\\/terrafina\\\/sail\\\/dinerborden-wit-sail-4-delig\\\/#primaryimage\",\"url\":\"https:\\\/\\\/unrostore.com\\\/wp-content\\\/uploads\\\/2023\\\/01\\\/unro-wit-blauwe-dinerborden-set.webp\",\"contentUrl\":\"https:\\\/\\\/unrostore.com\\\/wp-content\\\/uploads\\\/2023\\\/01\\\/unro-wit-blauwe-dinerborden-set.webp\",\"width\":1000,\"height\":1000,\"caption\":\"Wit Blauw Dinerbord\"},{\"@type\":\"BreadcrumbList\",\"@id\":\"https:\\\/\\\/unrostore.com\\\/shop\\\/terrafina\\\/sail\\\/dinerborden-wit-sail-4-delig\\\/#breadcrumb\",\"itemListElement\":[{\"@type\":\"ListItem\",\"position\":1,\"name\":\"Home\",\"item\":\"https:\\\/\\\/unrostore.com\\\/\"},{\"@type\":\"ListItem\",\"position\":2,\"name\":\"Shop\",\"item\":\"https:\\\/\\\/unrostore.com\\\/shop\\\/\"},{\"@type\":\"ListItem\",\"position\":3,\"name\":\"Dinerborden Wit Sail &#8211; 4-delig\"}]},{\"@type\":\"WebSite\",\"@id\":\"https:\\\/\\\/unrostore.com\\\/#website\",\"url\":\"https:\\\/\\\/unrostore.com\\\/\",\"name\":\"UNRO\",\"description\":\"Portugees servies waar je blij van wordt!\",\"publisher\":{\"@id\":\"https:\\\/\\\/unrostore.com\\\/#organization\"},\"potentialAction\":[{\"@type\":\"SearchAction\",\"target\":{\"@type\":\"EntryPoint\",\"urlTemplate\":\"https:\\\/\\\/unrostore.com\\\/?s={search_term_string}\"},\"query-input\":{\"@type\":\"PropertyValueSpecification\",\"valueRequired\":true,\"valueName\":\"search_term_string\"}}],\"inLanguage\":\"fr-FR\"},{\"@type\":\"Organization\",\"@id\":\"https:\\\/\\\/unrostore.com\\\/#organization\",\"name\":\"UNRO\",\"url\":\"https:\\\/\\\/unrostore.com\\\/\",\"logo\":{\"@type\":\"ImageObject\",\"inLanguage\":\"fr-FR\",\"@id\":\"https:\\\/\\\/unrostore.com\\\/#\\\/schema\\\/logo\\\/image\\\/\",\"url\":\"https:\\\/\\\/unrostore.com\\\/wp-content\\\/uploads\\\/2022\\\/05\\\/Logo-UNRO.png\",\"contentUrl\":\"https:\\\/\\\/unrostore.com\\\/wp-content\\\/uploads\\\/2022\\\/05\\\/Logo-UNRO.png\",\"width\":605,\"height\":179,\"caption\":\"UNRO\"},\"image\":{\"@id\":\"https:\\\/\\\/unrostore.com\\\/#\\\/schema\\\/logo\\\/image\\\/\"}}]}<\/script>\n<!-- \/ Yoast SEO plugin. -->","yoast_head_json":{"title":"Assiettes plates White Sail - 4 pi\u00e8ces - UNRO","description":"Magnifiques assiettes \u00e0 d\u00eener portugaises White Sail de Terrafina chez UNRO. Combinez vos assiettes \u00e0 d\u00eener avec un plat de service assorti, des assiettes \u00e0 g\u00e2teau et des bols \u00e0 soupe.","robots":{"index":"index","follow":"follow","max-snippet":"max-snippet:-1","max-image-preview":"max-image-preview:large","max-video-preview":"max-video-preview:-1"},"canonical":"https:\/\/unrostore.com\/fr-fr\/boutique\/terrafina\/voile\/assiettes-a-diner-blanc-voile-4-pieces\/","og_locale":"fr_FR","og_type":"article","og_title":"Dinerborden Wit Sail - 4-delig &#8226; UNRO","og_description":"Prachtige Portugese Dinerborden Wit Sail van Terrafina bij UNRO. Combineer jouw dinerborden met een bijpassende serveerschaal, gebaksbordjes en soepkommen.","og_url":"https:\/\/unrostore.com\/fr-fr\/boutique\/terrafina\/voile\/assiettes-a-diner-blanc-voile-4-pieces\/","og_site_name":"UNRO","article_modified_time":"2026-03-28T19:17:54+00:00","og_image":[{"width":1000,"height":1000,"url":"https:\/\/unrostore.com\/wp-content\/uploads\/2023\/01\/unro-wit-blauwe-dinerborden-set.webp","type":"image\/webp"}],"twitter_card":"summary_large_image","schema":{"@context":"https:\/\/schema.org","@graph":[{"@type":"WebPage","@id":"https:\/\/unrostore.com\/shop\/terrafina\/sail\/dinerborden-wit-sail-4-delig\/","url":"https:\/\/unrostore.com\/shop\/terrafina\/sail\/dinerborden-wit-sail-4-delig\/","name":"Assiettes plates White Sail - 4 pi\u00e8ces - UNRO","isPartOf":{"@id":"https:\/\/unrostore.com\/#website"},"primaryImageOfPage":{"@id":"https:\/\/unrostore.com\/shop\/terrafina\/sail\/dinerborden-wit-sail-4-delig\/#primaryimage"},"image":{"@id":"https:\/\/unrostore.com\/shop\/terrafina\/sail\/dinerborden-wit-sail-4-delig\/#primaryimage"},"thumbnailUrl":"https:\/\/unrostore.com\/wp-content\/uploads\/2023\/01\/unro-wit-blauwe-dinerborden-set.webp","datePublished":"2023-01-16T19:34:10+00:00","dateModified":"2026-03-28T19:17:54+00:00","description":"Magnifiques assiettes \u00e0 d\u00eener portugaises White Sail de Terrafina chez UNRO. Combinez vos assiettes \u00e0 d\u00eener avec un plat de service assorti, des assiettes \u00e0 g\u00e2teau et des bols \u00e0 soupe.","breadcrumb":{"@id":"https:\/\/unrostore.com\/shop\/terrafina\/sail\/dinerborden-wit-sail-4-delig\/#breadcrumb"},"inLanguage":"fr-FR","potentialAction":[{"@type":"ReadAction","target":["https:\/\/unrostore.com\/shop\/terrafina\/sail\/dinerborden-wit-sail-4-delig\/"]}]},{"@type":"ImageObject","inLanguage":"fr-FR","@id":"https:\/\/unrostore.com\/shop\/terrafina\/sail\/dinerborden-wit-sail-4-delig\/#primaryimage","url":"https:\/\/unrostore.com\/wp-content\/uploads\/2023\/01\/unro-wit-blauwe-dinerborden-set.webp","contentUrl":"https:\/\/unrostore.com\/wp-content\/uploads\/2023\/01\/unro-wit-blauwe-dinerborden-set.webp","width":1000,"height":1000,"caption":"Wit Blauw Dinerbord"},{"@type":"BreadcrumbList","@id":"https:\/\/unrostore.com\/shop\/terrafina\/sail\/dinerborden-wit-sail-4-delig\/#breadcrumb","itemListElement":[{"@type":"ListItem","position":1,"name":"Home","item":"https:\/\/unrostore.com\/"},{"@type":"ListItem","position":2,"name":"Shop","item":"https:\/\/unrostore.com\/shop\/"},{"@type":"ListItem","position":3,"name":"Dinerborden Wit Sail &#8211; 4-delig"}]},{"@type":"WebSite","@id":"https:\/\/unrostore.com\/#website","url":"https:\/\/unrostore.com\/","name":"UNRO","description":"De la vaisselle portugaise qui vous rendra heureux !","publisher":{"@id":"https:\/\/unrostore.com\/#organization"},"potentialAction":[{"@type":"SearchAction","target":{"@type":"EntryPoint","urlTemplate":"https:\/\/unrostore.com\/?s={search_term_string}"},"query-input":{"@type":"PropertyValueSpecification","valueRequired":true,"valueName":"search_term_string"}}],"inLanguage":"fr-FR"},{"@type":"Organization","@id":"https:\/\/unrostore.com\/#organization","name":"UNRO","url":"https:\/\/unrostore.com\/","logo":{"@type":"ImageObject","inLanguage":"fr-FR","@id":"https:\/\/unrostore.com\/#\/schema\/logo\/image\/","url":"https:\/\/unrostore.com\/wp-content\/uploads\/2022\/05\/Logo-UNRO.png","contentUrl":"https:\/\/unrostore.com\/wp-content\/uploads\/2022\/05\/Logo-UNRO.png","width":605,"height":179,"caption":"UNRO"},"image":{"@id":"https:\/\/unrostore.com\/#\/schema\/logo\/image\/"}}]}},"_links":{"self":[{"href":"https:\/\/unrostore.com\/fr-fr\/wp-json\/wp\/v2\/product\/2864","targetHints":{"allow":["GET"]}}],"collection":[{"href":"https:\/\/unrostore.com\/fr-fr\/wp-json\/wp\/v2\/product"}],"about":[{"href":"https:\/\/unrostore.com\/fr-fr\/wp-json\/wp\/v2\/types\/product"}],"wp:featuredmedia":[{"embeddable":true,"href":"https:\/\/unrostore.com\/fr-fr\/wp-json\/wp\/v2\/media\/7170"}],"wp:attachment":[{"href":"https:\/\/unrostore.com\/fr-fr\/wp-json\/wp\/v2\/media?parent=2864"}],"wp:term":[{"taxonomy":"product_brand","embeddable":true,"href":"https:\/\/unrostore.com\/fr-fr\/wp-json\/wp\/v2\/product_brand?post=2864"},{"taxonomy":"product_cat","embeddable":true,"href":"https:\/\/unrostore.com\/fr-fr\/wp-json\/wp\/v2\/product_cat?post=2864"},{"taxonomy":"product_tag","embeddable":true,"href":"https:\/\/unrostore.com\/fr-fr\/wp-json\/wp\/v2\/product_tag?post=2864"}],"curies":[{"name":"wp","href":"https:\/\/api.w.org\/{rel}","templated":true}]}}