{"id":2855,"date":"2023-01-16T19:06:24","date_gmt":"2023-01-16T19:06:24","guid":{"rendered":"https:\/\/unrostore.com\/?post_type=product&#038;p=2855"},"modified":"2026-01-19T20:37:52","modified_gmt":"2026-01-19T20:37:52","slug":"vaisselle-bleue-amazonia-blue-2-pieces","status":"publish","type":"product","link":"https:\/\/unrostore.com\/fr-fr\/boutique\/terrafina\/bleu-damazonie\/vaisselle-bleue-amazonia-blue-2-pieces\/","title":{"rendered":"Bols bleus Amazonia Blue - 2 pi\u00e8ces"},"content":{"rendered":"<h3>D\u00e9couvrez la polyvalence des bols bleus Amazonia Blue - 2 pi\u00e8ces<\/h3>\n<p>Le<strong> bols bleus Amazonia Blue<\/strong> ensemble de 2 \u00e0 partir de <a href=\"https:\/\/www.terrafinastore.com\/en\/collections\/amazonia\">Terrafina<\/a> vous donnera un grand sourire tous les lundis bleus et les autres jours de la semaine. Le bol est fabriqu\u00e9 en c\u00e9ramique de haute qualit\u00e9, ce qui le rend non seulement durable et \u00e9l\u00e9gant, mais aussi facile \u00e0 entretenir. En outre, ces bols sont \u00e9galement parfaits comme bols \u00e0 four, bols \u00e0 sauce et bols \u00e0 sachets de th\u00e9. Les bols pr\u00e9sentent un motif unique qui donne \u00e0 chaque bol un aspect unique. Id\u00e9al pour accompagner votre d\u00eener, vos collations (saines) du soir, votre petit-d\u00e9jeuner ou comme bol \u00e0 collation ou \u00e0 tapas. Commencez votre journ\u00e9e en beaut\u00e9 avec les bols portugais Amazonia Blue en c\u00e9ramique de haute qualit\u00e9 ! D\u00e9couvrez \u00e9galement les <a href=\"https:\/\/unrostore.com\/fr-fr\/boutique\/terrafina\/bleu-damazonie\/amazonia-blue-dinerborden-4-delig-kopie\/\">assiettes plates Amazonia Blue - 4 pi\u00e8ces<\/a> et les assortir \u00e0 vos bols.<\/p>\n<p>&nbsp;<\/p>\n<h3>C'est le nombre des bols qui vous sont livr\u00e9s<\/h3>\n<ul>\n<li><strong>2x <\/strong>Bols Amazonia Blue \u00f8 15 cm<\/li>\n<li><strong>1x<\/strong> Bo\u00eete cadeau Terrafina<\/li>\n<\/ul>\n<p><em><strong><br \/>\nDurable pour les personnes et l'environnement :<\/strong><br \/>\n<\/em><em>Chaque produit est unique car il est fabriqu\u00e9 \u00e0 la main.<br \/>\nL'impression et la texture peuvent donc diff\u00e9rer l\u00e9g\u00e8rement de la photo du produit.<\/em><\/p>","protected":false},"excerpt":{"rendered":"<div class=\"usps\"><i class=\"far fa-check-circle\"><\/i> R\u00e9sistant aux micro-ondes<br \/>\n<i class=\"far fa-check-circle\"><\/i> R\u00e9siste au four (jusqu'\u00e0 200 degr\u00e9s)<br \/>\n<i class=\"far fa-check-circle\"><\/i> Lavable au lave-vaisselle<br \/>\n<i class=\"far fa-thumbs-up\"><\/i> Fait \u00e0 la main<\/div>","protected":false},"featured_media":3348,"template":"","meta":[],"product_brand":[],"product_cat":[174,135,119],"product_tag":[147,692,176,601,137,291,241,242,602,693,292,677,678,691,603],"class_list":{"0":"post-2855","1":"product","2":"type-product","3":"status-publish","4":"has-post-thumbnail","6":"product_cat-amazonia-blue","7":"product_cat-kommen","8":"product_cat-terrafina","9":"product_tag-amazonia","10":"product_tag-blauwe-schaaltjes","11":"product_tag-blue","12":"product_tag-hapjesschaal","13":"product_tag-kom","14":"product_tag-kommetjes","15":"product_tag-muesli","16":"product_tag-ontbijt","17":"product_tag-ontbijtkom","18":"product_tag-oven-schaaltjes","19":"product_tag-schaaltje","20":"product_tag-schaaltjes","21":"product_tag-tapas-schaaltjes","22":"product_tag-tapasschaaltjes","23":"product_tag-yoghurt","25":"first","26":"instock","27":"sale","28":"taxable","29":"shipping-taxable","30":"purchasable","31":"product-type-simple"},"yoast_head":"<!-- This site is optimized with the Yoast SEO plugin v27.4 - https:\/\/yoast.com\/product\/yoast-seo-wordpress\/ -->\n<title>Blauwe Schaaltjes Amazonia Blue - 2-delig &#8226; UNRO<\/title>\n<meta name=\"description\" content=\"De Blauwe Schaaltjes Amazonia Blue - 2-delig geven jou elke dag in de week een grote glimlach. Ontdek de veelzijdigheid van deze kommen en bestel ze nu!\" \/>\n<meta name=\"robots\" content=\"index, follow, max-snippet:-1, max-image-preview:large, max-video-preview:-1\" \/>\n<link rel=\"canonical\" href=\"https:\/\/unrostore.com\/fr-fr\/boutique\/terrafina\/bleu-damazonie\/vaisselle-bleue-amazonia-blue-2-pieces\/\" \/>\n<meta property=\"og:locale\" content=\"fr_FR\" \/>\n<meta property=\"og:type\" content=\"article\" \/>\n<meta property=\"og:title\" content=\"Blauwe Schaaltjes Amazonia Blue - 2-delig &#8226; UNRO\" \/>\n<meta property=\"og:description\" content=\"De Blauwe Schaaltjes Amazonia Blue - 2-delig geven jou elke dag in de week een grote glimlach. Ontdek de veelzijdigheid van deze kommen en bestel ze nu!\" \/>\n<meta property=\"og:url\" content=\"https:\/\/unrostore.com\/fr-fr\/boutique\/terrafina\/bleu-damazonie\/vaisselle-bleue-amazonia-blue-2-pieces\/\" \/>\n<meta property=\"og:site_name\" content=\"UNRO\" \/>\n<meta property=\"article:modified_time\" content=\"2026-01-19T20:37:52+00:00\" \/>\n<meta property=\"og:image\" content=\"https:\/\/unrostore.com\/wp-content\/uploads\/2023\/01\/unro-portugees-servies-terrafina-amazonia-blue-kommen-2-delig.jpg\" \/>\n\t<meta property=\"og:image:width\" content=\"1440\" \/>\n\t<meta property=\"og:image:height\" content=\"1440\" \/>\n\t<meta property=\"og:image:type\" content=\"image\/jpeg\" \/>\n<meta name=\"twitter:card\" content=\"summary_large_image\" \/>\n<script type=\"application\/ld+json\" class=\"yoast-schema-graph\">{\"@context\":\"https:\\\/\\\/schema.org\",\"@graph\":[{\"@type\":\"WebPage\",\"@id\":\"https:\\\/\\\/unrostore.com\\\/shop\\\/terrafina\\\/amazonia-blue\\\/blauwe-schaaltjes-amazonia-blue-2-delig\\\/\",\"url\":\"https:\\\/\\\/unrostore.com\\\/shop\\\/terrafina\\\/amazonia-blue\\\/blauwe-schaaltjes-amazonia-blue-2-delig\\\/\",\"name\":\"Blauwe Schaaltjes Amazonia Blue - 2-delig &#8226; UNRO\",\"isPartOf\":{\"@id\":\"https:\\\/\\\/unrostore.com\\\/#website\"},\"primaryImageOfPage\":{\"@id\":\"https:\\\/\\\/unrostore.com\\\/shop\\\/terrafina\\\/amazonia-blue\\\/blauwe-schaaltjes-amazonia-blue-2-delig\\\/#primaryimage\"},\"image\":{\"@id\":\"https:\\\/\\\/unrostore.com\\\/shop\\\/terrafina\\\/amazonia-blue\\\/blauwe-schaaltjes-amazonia-blue-2-delig\\\/#primaryimage\"},\"thumbnailUrl\":\"https:\\\/\\\/unrostore.com\\\/wp-content\\\/uploads\\\/2023\\\/01\\\/unro-portugees-servies-terrafina-amazonia-blue-kommen-2-delig.jpg\",\"datePublished\":\"2023-01-16T19:06:24+00:00\",\"dateModified\":\"2026-01-19T20:37:52+00:00\",\"description\":\"De Blauwe Schaaltjes Amazonia Blue - 2-delig geven jou elke dag in de week een grote glimlach. Ontdek de veelzijdigheid van deze kommen en bestel ze nu!\",\"breadcrumb\":{\"@id\":\"https:\\\/\\\/unrostore.com\\\/shop\\\/terrafina\\\/amazonia-blue\\\/blauwe-schaaltjes-amazonia-blue-2-delig\\\/#breadcrumb\"},\"inLanguage\":\"fr-FR\",\"potentialAction\":[{\"@type\":\"ReadAction\",\"target\":[\"https:\\\/\\\/unrostore.com\\\/shop\\\/terrafina\\\/amazonia-blue\\\/blauwe-schaaltjes-amazonia-blue-2-delig\\\/\"]}]},{\"@type\":\"ImageObject\",\"inLanguage\":\"fr-FR\",\"@id\":\"https:\\\/\\\/unrostore.com\\\/shop\\\/terrafina\\\/amazonia-blue\\\/blauwe-schaaltjes-amazonia-blue-2-delig\\\/#primaryimage\",\"url\":\"https:\\\/\\\/unrostore.com\\\/wp-content\\\/uploads\\\/2023\\\/01\\\/unro-portugees-servies-terrafina-amazonia-blue-kommen-2-delig.jpg\",\"contentUrl\":\"https:\\\/\\\/unrostore.com\\\/wp-content\\\/uploads\\\/2023\\\/01\\\/unro-portugees-servies-terrafina-amazonia-blue-kommen-2-delig.jpg\",\"width\":1440,\"height\":1440,\"caption\":\"Blauwe schaaltjes Amazonia Blue -2 -delig Portugees Keramiek Servies\"},{\"@type\":\"BreadcrumbList\",\"@id\":\"https:\\\/\\\/unrostore.com\\\/shop\\\/terrafina\\\/amazonia-blue\\\/blauwe-schaaltjes-amazonia-blue-2-delig\\\/#breadcrumb\",\"itemListElement\":[{\"@type\":\"ListItem\",\"position\":1,\"name\":\"Home\",\"item\":\"https:\\\/\\\/unrostore.com\\\/\"},{\"@type\":\"ListItem\",\"position\":2,\"name\":\"Shop\",\"item\":\"https:\\\/\\\/unrostore.com\\\/shop\\\/\"},{\"@type\":\"ListItem\",\"position\":3,\"name\":\"Blauwe Schaaltjes Amazonia Blue &#8211; 2-delig\"}]},{\"@type\":\"WebSite\",\"@id\":\"https:\\\/\\\/unrostore.com\\\/#website\",\"url\":\"https:\\\/\\\/unrostore.com\\\/\",\"name\":\"UNRO\",\"description\":\"Portugees servies waar je blij van wordt!\",\"publisher\":{\"@id\":\"https:\\\/\\\/unrostore.com\\\/#organization\"},\"potentialAction\":[{\"@type\":\"SearchAction\",\"target\":{\"@type\":\"EntryPoint\",\"urlTemplate\":\"https:\\\/\\\/unrostore.com\\\/?s={search_term_string}\"},\"query-input\":{\"@type\":\"PropertyValueSpecification\",\"valueRequired\":true,\"valueName\":\"search_term_string\"}}],\"inLanguage\":\"fr-FR\"},{\"@type\":\"Organization\",\"@id\":\"https:\\\/\\\/unrostore.com\\\/#organization\",\"name\":\"UNRO\",\"url\":\"https:\\\/\\\/unrostore.com\\\/\",\"logo\":{\"@type\":\"ImageObject\",\"inLanguage\":\"fr-FR\",\"@id\":\"https:\\\/\\\/unrostore.com\\\/#\\\/schema\\\/logo\\\/image\\\/\",\"url\":\"https:\\\/\\\/unrostore.com\\\/wp-content\\\/uploads\\\/2022\\\/05\\\/Logo-UNRO.png\",\"contentUrl\":\"https:\\\/\\\/unrostore.com\\\/wp-content\\\/uploads\\\/2022\\\/05\\\/Logo-UNRO.png\",\"width\":605,\"height\":179,\"caption\":\"UNRO\"},\"image\":{\"@id\":\"https:\\\/\\\/unrostore.com\\\/#\\\/schema\\\/logo\\\/image\\\/\"}}]}<\/script>\n<!-- \/ Yoast SEO plugin. -->","yoast_head_json":{"title":"Bols bleus Amazonia Blue - 2 pi\u00e8ces - UNRO","description":"Les bols bleus Amazonia Blue - 2 pi\u00e8ces vous donneront un grand sourire tous les jours de la semaine. D\u00e9couvrez la polyvalence de ces bols et commandez-les d\u00e8s maintenant !","robots":{"index":"index","follow":"follow","max-snippet":"max-snippet:-1","max-image-preview":"max-image-preview:large","max-video-preview":"max-video-preview:-1"},"canonical":"https:\/\/unrostore.com\/fr-fr\/boutique\/terrafina\/bleu-damazonie\/vaisselle-bleue-amazonia-blue-2-pieces\/","og_locale":"fr_FR","og_type":"article","og_title":"Blauwe Schaaltjes Amazonia Blue - 2-delig &#8226; UNRO","og_description":"De Blauwe Schaaltjes Amazonia Blue - 2-delig geven jou elke dag in de week een grote glimlach. Ontdek de veelzijdigheid van deze kommen en bestel ze nu!","og_url":"https:\/\/unrostore.com\/fr-fr\/boutique\/terrafina\/bleu-damazonie\/vaisselle-bleue-amazonia-blue-2-pieces\/","og_site_name":"UNRO","article_modified_time":"2026-01-19T20:37:52+00:00","og_image":[{"width":1440,"height":1440,"url":"https:\/\/unrostore.com\/wp-content\/uploads\/2023\/01\/unro-portugees-servies-terrafina-amazonia-blue-kommen-2-delig.jpg","type":"image\/jpeg"}],"twitter_card":"summary_large_image","schema":{"@context":"https:\/\/schema.org","@graph":[{"@type":"WebPage","@id":"https:\/\/unrostore.com\/shop\/terrafina\/amazonia-blue\/blauwe-schaaltjes-amazonia-blue-2-delig\/","url":"https:\/\/unrostore.com\/shop\/terrafina\/amazonia-blue\/blauwe-schaaltjes-amazonia-blue-2-delig\/","name":"Bols bleus Amazonia Blue - 2 pi\u00e8ces - UNRO","isPartOf":{"@id":"https:\/\/unrostore.com\/#website"},"primaryImageOfPage":{"@id":"https:\/\/unrostore.com\/shop\/terrafina\/amazonia-blue\/blauwe-schaaltjes-amazonia-blue-2-delig\/#primaryimage"},"image":{"@id":"https:\/\/unrostore.com\/shop\/terrafina\/amazonia-blue\/blauwe-schaaltjes-amazonia-blue-2-delig\/#primaryimage"},"thumbnailUrl":"https:\/\/unrostore.com\/wp-content\/uploads\/2023\/01\/unro-portugees-servies-terrafina-amazonia-blue-kommen-2-delig.jpg","datePublished":"2023-01-16T19:06:24+00:00","dateModified":"2026-01-19T20:37:52+00:00","description":"Les bols bleus Amazonia Blue - 2 pi\u00e8ces vous donneront un grand sourire tous les jours de la semaine. D\u00e9couvrez la polyvalence de ces bols et commandez-les d\u00e8s maintenant !","breadcrumb":{"@id":"https:\/\/unrostore.com\/shop\/terrafina\/amazonia-blue\/blauwe-schaaltjes-amazonia-blue-2-delig\/#breadcrumb"},"inLanguage":"fr-FR","potentialAction":[{"@type":"ReadAction","target":["https:\/\/unrostore.com\/shop\/terrafina\/amazonia-blue\/blauwe-schaaltjes-amazonia-blue-2-delig\/"]}]},{"@type":"ImageObject","inLanguage":"fr-FR","@id":"https:\/\/unrostore.com\/shop\/terrafina\/amazonia-blue\/blauwe-schaaltjes-amazonia-blue-2-delig\/#primaryimage","url":"https:\/\/unrostore.com\/wp-content\/uploads\/2023\/01\/unro-portugees-servies-terrafina-amazonia-blue-kommen-2-delig.jpg","contentUrl":"https:\/\/unrostore.com\/wp-content\/uploads\/2023\/01\/unro-portugees-servies-terrafina-amazonia-blue-kommen-2-delig.jpg","width":1440,"height":1440,"caption":"Blauwe schaaltjes Amazonia Blue -2 -delig Portugees Keramiek Servies"},{"@type":"BreadcrumbList","@id":"https:\/\/unrostore.com\/shop\/terrafina\/amazonia-blue\/blauwe-schaaltjes-amazonia-blue-2-delig\/#breadcrumb","itemListElement":[{"@type":"ListItem","position":1,"name":"Home","item":"https:\/\/unrostore.com\/"},{"@type":"ListItem","position":2,"name":"Shop","item":"https:\/\/unrostore.com\/shop\/"},{"@type":"ListItem","position":3,"name":"Blauwe Schaaltjes Amazonia Blue &#8211; 2-delig"}]},{"@type":"WebSite","@id":"https:\/\/unrostore.com\/#website","url":"https:\/\/unrostore.com\/","name":"UNRO","description":"De la vaisselle portugaise qui vous rendra heureux !","publisher":{"@id":"https:\/\/unrostore.com\/#organization"},"potentialAction":[{"@type":"SearchAction","target":{"@type":"EntryPoint","urlTemplate":"https:\/\/unrostore.com\/?s={search_term_string}"},"query-input":{"@type":"PropertyValueSpecification","valueRequired":true,"valueName":"search_term_string"}}],"inLanguage":"fr-FR"},{"@type":"Organization","@id":"https:\/\/unrostore.com\/#organization","name":"UNRO","url":"https:\/\/unrostore.com\/","logo":{"@type":"ImageObject","inLanguage":"fr-FR","@id":"https:\/\/unrostore.com\/#\/schema\/logo\/image\/","url":"https:\/\/unrostore.com\/wp-content\/uploads\/2022\/05\/Logo-UNRO.png","contentUrl":"https:\/\/unrostore.com\/wp-content\/uploads\/2022\/05\/Logo-UNRO.png","width":605,"height":179,"caption":"UNRO"},"image":{"@id":"https:\/\/unrostore.com\/#\/schema\/logo\/image\/"}}]}},"_links":{"self":[{"href":"https:\/\/unrostore.com\/fr-fr\/wp-json\/wp\/v2\/product\/2855","targetHints":{"allow":["GET"]}}],"collection":[{"href":"https:\/\/unrostore.com\/fr-fr\/wp-json\/wp\/v2\/product"}],"about":[{"href":"https:\/\/unrostore.com\/fr-fr\/wp-json\/wp\/v2\/types\/product"}],"wp:featuredmedia":[{"embeddable":true,"href":"https:\/\/unrostore.com\/fr-fr\/wp-json\/wp\/v2\/media\/3348"}],"wp:attachment":[{"href":"https:\/\/unrostore.com\/fr-fr\/wp-json\/wp\/v2\/media?parent=2855"}],"wp:term":[{"taxonomy":"product_brand","embeddable":true,"href":"https:\/\/unrostore.com\/fr-fr\/wp-json\/wp\/v2\/product_brand?post=2855"},{"taxonomy":"product_cat","embeddable":true,"href":"https:\/\/unrostore.com\/fr-fr\/wp-json\/wp\/v2\/product_cat?post=2855"},{"taxonomy":"product_tag","embeddable":true,"href":"https:\/\/unrostore.com\/fr-fr\/wp-json\/wp\/v2\/product_tag?post=2855"}],"curies":[{"name":"wp","href":"https:\/\/api.w.org\/{rel}","templated":true}]}}